{"id":1647,"date":"2019-03-20T07:40:06","date_gmt":"2019-03-20T05:40:06","guid":{"rendered":"https:\/\/rotary.fi\/nykarleby\/?page_id=1647"},"modified":"2025-12-09T23:16:24","modified_gmt":"2025-12-09T21:16:24","slug":"kontaktuppgifter","status":"publish","type":"page","link":"https:\/\/rotary.fi\/nykarleby\/kontaktuppgifter\/","title":{"rendered":"Kontaktuppgifter"},"content":{"rendered":"<p>[et_pb_section fb_built=&#8221;1&#8243; module_class=&#8221;jumbotron-page&#8221; _builder_version=&#8221;4.21.0&#8243; background_color=&#8221;#0C71C3&#8243; background_enable_image=&#8221;off&#8221; global_colors_info=&#8221;{}&#8221;][et_pb_row _builder_version=&#8221;4.16&#8243; background_size=&#8221;initial&#8221; background_position=&#8221;top_left&#8221; background_repeat=&#8221;repeat&#8221; global_colors_info=&#8221;{}&#8221;][et_pb_column type=&#8221;4_4&#8243; _builder_version=&#8221;4.16&#8243; custom_padding=&#8221;|||&#8221; global_colors_info=&#8221;{}&#8221; custom_padding__hover=&#8221;|||&#8221;][et_pb_text admin_label=&#8221;Main \/\/ Kontaktuppgifter&#8221; _builder_version=&#8221;4.16&#8243; text_orientation=&#8221;center&#8221; background_layout=&#8221;dark&#8221; global_colors_info=&#8221;{}&#8221;]<\/p>\n<h1>Kontaktuppgifter<\/h1>\n<p>[\/et_pb_text][\/et_pb_column][\/et_pb_row][\/et_pb_section][et_pb_section fb_built=&#8221;1&#8243; specialty=&#8221;on&#8221; module_class_2=&#8221;sivupalkki&#8221; _builder_version=&#8221;4.16&#8243; inner_max_width=&#8221;none&#8221; global_colors_info=&#8221;{}&#8221;][et_pb_column type=&#8221;2_3&#8243; specialty_columns=&#8221;2&#8243; _builder_version=&#8221;4.16&#8243; custom_padding=&#8221;|||&#8221; global_colors_info=&#8221;{}&#8221; custom_padding__hover=&#8221;|||&#8221;][et_pb_row_inner admin_label=&#8221;Rivi&#8221; _builder_version=&#8221;4.16&#8243; global_colors_info=&#8221;{}&#8221;][et_pb_column_inner saved_specialty_column_type=&#8221;2_3&#8243; _builder_version=&#8221;4.16&#8243; custom_padding=&#8221;|||&#8221; global_colors_info=&#8221;{}&#8221; custom_padding__hover=&#8221;|||&#8221;][et_pb_text admin_label=&#8221;Text: Kontaktuppgifter&#8221; _builder_version=&#8221;4.16&#8243; global_colors_info=&#8221;{}&#8221;]<\/p>\n<p><span style=\"color: #8300e9\"><strong>OBS! Fyll i den egna klubbens kontaktuppgifter i det h\u00e4r avsnittet. <\/strong><\/span><\/p>\n<p>[\/et_pb_text][\/et_pb_column_inner][\/et_pb_row_inner][et_pb_row_inner column_structure=&#8221;1_2,1_2&#8243; admin_label=&#8221;Rivi&#8221; _builder_version=&#8221;4.16&#8243; custom_margin=&#8221;||20px|&#8221; custom_padding=&#8221;||20px|&#8221; border_width_bottom=&#8221;1px&#8221; border_color_bottom=&#8221;#d8d8d8&#8243; global_colors_info=&#8221;{}&#8221;][et_pb_column_inner type=&#8221;1_2&#8243; saved_specialty_column_type=&#8221;2_3&#8243; _builder_version=&#8221;4.16&#8243; custom_padding=&#8221;||20px|&#8221; global_colors_info=&#8221;{}&#8221; custom_padding__hover=&#8221;|||&#8221;][et_pb_text admin_label=&#8221;M\u00f6tesplats&#8221; _builder_version=&#8221;4.16&#8243; z_index_tablet=&#8221;500&#8243; box_shadow_horizontal_tablet=&#8221;0px&#8221; box_shadow_vertical_tablet=&#8221;0px&#8221; box_shadow_blur_tablet=&#8221;40px&#8221; box_shadow_spread_tablet=&#8221;0px&#8221; global_colors_info=&#8221;{}&#8221;]<\/p>\n<p><strong>M\u00f6tesplats:<\/strong><br \/>Kristliga Folkh\u00f6gskolan i Nykarleby<br \/>Seminariegatan 19<br \/>66900 Nykarleby<\/p>\n<p>Sommartid: Tullmagasinet vi Andra Sj\u00f6n<\/p>\n<p><strong>M\u00f6testidpunkt:<\/strong><br \/>Onsdagar kl. 18.00-19.00 (f\u00f6rsta och tredje onsdagen i m\u00e5naden)<\/p>\n<p>[\/et_pb_text][\/et_pb_column_inner][et_pb_column_inner type=&#8221;1_2&#8243; saved_specialty_column_type=&#8221;2_3&#8243; _builder_version=&#8221;4.16&#8243; custom_padding=&#8221;||20px|&#8221; global_colors_info=&#8221;{}&#8221; custom_padding__hover=&#8221;|||&#8221;][et_pb_map address=&#8221;Seminariegatan 19, 66900 Nykarleby, Finland&#8221; zoom_level=&#8221;17&#8243; address_lat=&#8221;63.527833996623&#8243; address_lng=&#8221;22.526317628311&#8243; admin_label=&#8221;Identifieringar &#8211; Google Maps&#8221; _builder_version=&#8221;4.27.4&#8243; min_height=&#8221;260px&#8221; height=&#8221;260px&#8221; custom_padding=&#8221;||0px|||&#8221; z_index_tablet=&#8221;500&#8243; box_shadow_horizontal_tablet=&#8221;0px&#8221; box_shadow_vertical_tablet=&#8221;0px&#8221; box_shadow_blur_tablet=&#8221;40px&#8221; box_shadow_spread_tablet=&#8221;0px&#8221; global_colors_info=&#8221;{}&#8221;][et_pb_map_pin title=&#8221;Kristliga Folkh\u00f6gskolan i Nykarleby&#8221; pin_address=&#8221;Seminariegatan 19, 66900 Nykarleby, Finland&#8221; pin_address_lat=&#8221;63.5267608&#8243; pin_address_lng=&#8221;22.5254969&#8243; _builder_version=&#8221;4.4.8&#8243; global_colors_info=&#8221;{}&#8221;][\/et_pb_map_pin][\/et_pb_map][\/et_pb_column_inner][\/et_pb_row_inner][et_pb_row_inner column_structure=&#8221;1_2,1_2&#8243; admin_label=&#8221;Rivi&#8221; _builder_version=&#8221;4.16&#8243; custom_margin=&#8221;20px||20px|&#8221; custom_padding=&#8221;20px||20px|&#8221; global_colors_info=&#8221;{}&#8221;][et_pb_column_inner type=&#8221;1_2&#8243; saved_specialty_column_type=&#8221;2_3&#8243; _builder_version=&#8221;4.16&#8243; custom_padding=&#8221;||20px|&#8221; global_colors_info=&#8221;{}&#8221; custom_padding__hover=&#8221;|||&#8221;][et_pb_text admin_label=&#8221;President&#8221; _builder_version=&#8221;4.27.4&#8243; hover_enabled=&#8221;0&#8243; z_index_tablet=&#8221;500&#8243; box_shadow_horizontal_tablet=&#8221;0px&#8221; box_shadow_vertical_tablet=&#8221;0px&#8221; box_shadow_blur_tablet=&#8221;40px&#8221; box_shadow_spread_tablet=&#8221;0px&#8221; global_colors_info=&#8221;{}&#8221; sticky_enabled=&#8221;0&#8243;]<\/p>\n<h3>President<\/h3>\n<p>Ulf Bonns<br \/>050 5408843<br \/>uffe.bonns(at)icloud.com<\/p>\n<p>[\/et_pb_text][\/et_pb_column_inner][et_pb_column_inner type=&#8221;1_2&#8243; saved_specialty_column_type=&#8221;2_3&#8243; _builder_version=&#8221;4.16&#8243; custom_padding=&#8221;||20px|&#8221; global_colors_info=&#8221;{}&#8221; custom_padding__hover=&#8221;|||&#8221;][et_pb_text admin_label=&#8221;Sekreterare&#8221; _builder_version=&#8221;4.27.4&#8243; z_index_tablet=&#8221;500&#8243; box_shadow_horizontal_tablet=&#8221;0px&#8221; box_shadow_vertical_tablet=&#8221;0px&#8221; box_shadow_blur_tablet=&#8221;40px&#8221; box_shadow_spread_tablet=&#8221;0px&#8221; global_colors_info=&#8221;{}&#8221;]<\/p>\n<h3>Sekreterare<\/h3>\n<p>Pia-Maria Sj\u00f6str\u00f6m<\/p>\n<p>[\/et_pb_text][\/et_pb_column_inner][\/et_pb_row_inner][et_pb_row_inner admin_label=&#8221;Rivi&#8221; _builder_version=&#8221;4.16&#8243; global_colors_info=&#8221;{}&#8221;][et_pb_column_inner saved_specialty_column_type=&#8221;2_3&#8243; _builder_version=&#8221;4.16&#8243; custom_padding=&#8221;|||&#8221; global_colors_info=&#8221;{}&#8221; custom_padding__hover=&#8221;|||&#8221;][et_pb_text admin_label=&#8221;\u00d6vriga viktiga kontaktpersoner&#8221; _builder_version=&#8221;4.27.4&#8243; custom_margin=&#8221;20px|||&#8221; z_index_tablet=&#8221;500&#8243; box_shadow_horizontal_tablet=&#8221;0px&#8221; box_shadow_vertical_tablet=&#8221;0px&#8221; box_shadow_blur_tablet=&#8221;40px&#8221; box_shadow_spread_tablet=&#8221;0px&#8221; inline_fonts=&#8221;Adamina,Aladin,Actor&#8221; global_colors_info=&#8221;{}&#8221;]<\/p>\n<h3><span style=\"font-size: medium\">Ungdomsutbytesansvarig<\/span><\/h3>\n<p>Tina Nylund<br \/>tel. 044 2314089<br \/>tina.nylund(at)thepeoplecompany.fi<\/p>\n<p>&nbsp;<\/p>\n<p>[\/et_pb_text][\/et_pb_column_inner][\/et_pb_row_inner][\/et_pb_column][et_pb_column type=&#8221;1_3&#8243; _builder_version=&#8221;4.16&#8243; custom_padding=&#8221;|||&#8221; global_colors_info=&#8221;{}&#8221; custom_padding__hover=&#8221;|||&#8221;][et_pb_sidebar area=&#8221;sidebar-1&#8243; admin_label=&#8221;Sidebar&#8221; module_class=&#8221;sivupalkki_sisalto&#8221; _builder_version=&#8221;4.16&#8243; locked=&#8221;on&#8221; global_colors_info=&#8221;{}&#8221;]<\/p>\n<p>&nbsp;<\/p>\n<p>[\/et_pb_sidebar][\/et_pb_column][\/et_pb_section]<\/p>\n","protected":false},"excerpt":{"rendered":"<p>Kontaktuppgifter OBS! Fyll i den egna klubbens kontaktuppgifter i det h\u00e4r avsnittet. M\u00f6tesplats:Kristliga Folkh\u00f6gskolan i NykarlebySeminariegatan 1966900 Nykarleby Sommartid: Tullmagasinet vi Andra Sj\u00f6n M\u00f6testidpunkt:Onsdagar kl. 18.00-19.00 (f\u00f6rsta och tredje onsdagen i m\u00e5naden)President Ulf Bonns050 5408843uffe.bonns(at)icloud.comSekreterare Pia-Maria Sj\u00f6str\u00f6mUngdomsutbytesansvarig Tina Nylundtel. 044 2314089tina.nylund(at)thepeoplecompany.fi &nbsp;&nbsp;<\/p>\n","protected":false},"author":1,"featured_media":0,"parent":0,"menu_order":6,"comment_status":"closed","ping_status":"closed","template":"","meta":{"_acf_changed":false,"_et_pb_use_builder":"on","_et_pb_old_content":"","_et_gb_content_width":"","footnotes":""},"class_list":["post-1647","page","type-page","status-publish","hentry"],"acf":[],"yoast_head":"<!-- This site is optimized with the Yoast SEO plugin v27.0 - https:\/\/yoast.com\/product\/yoast-seo-wordpress\/ -->\n<title>Kontaktuppgifter - Nykarleby Rotaryklubb<\/title>\n<meta name=\"robots\" content=\"index, follow, max-snippet:-1, max-image-preview:large, max-video-preview:-1\" \/>\n<link rel=\"canonical\" href=\"https:\/\/rotary.fi\/nykarleby\/kontaktuppgifter\/\" \/>\n<meta property=\"og:locale\" content=\"fi_FI\" \/>\n<meta property=\"og:type\" content=\"article\" \/>\n<meta property=\"og:title\" content=\"Kontaktuppgifter - Nykarleby Rotaryklubb\" \/>\n<meta property=\"og:description\" content=\"Kontaktuppgifter OBS! Fyll i den egna klubbens kontaktuppgifter i det h\u00e4r avsnittet. M\u00f6tesplats:Kristliga Folkh\u00f6gskolan i NykarlebySeminariegatan 1966900 Nykarleby Sommartid: Tullmagasinet vi Andra Sj\u00f6n M\u00f6testidpunkt:Onsdagar kl. 18.00-19.00 (f\u00f6rsta och tredje onsdagen i m\u00e5naden)President Ulf Bonns050 5408843uffe.bonns(at)icloud.comSekreterare Pia-Maria Sj\u00f6str\u00f6mUngdomsutbytesansvarig Tina Nylundtel. 044 2314089tina.nylund(at)thepeoplecompany.fi &nbsp;&nbsp;\" \/>\n<meta property=\"og:url\" content=\"https:\/\/rotary.fi\/nykarleby\/kontaktuppgifter\/\" \/>\n<meta property=\"og:site_name\" content=\"Nykarleby Rotaryklubb\" \/>\n<meta property=\"article:modified_time\" content=\"2025-12-09T21:16:24+00:00\" \/>\n<meta name=\"twitter:card\" content=\"summary_large_image\" \/>\n<meta name=\"twitter:label1\" content=\"Arvioitu lukuaika\" \/>\n\t<meta name=\"twitter:data1\" content=\"1 minuutti\" \/>\n<script type=\"application\/ld+json\" class=\"yoast-schema-graph\">{\"@context\":\"https:\/\/schema.org\",\"@graph\":[{\"@type\":\"WebPage\",\"@id\":\"https:\/\/rotary.fi\/nykarleby\/kontaktuppgifter\/\",\"url\":\"https:\/\/rotary.fi\/nykarleby\/kontaktuppgifter\/\",\"name\":\"Kontaktuppgifter - Nykarleby Rotaryklubb\",\"isPartOf\":{\"@id\":\"https:\/\/rotary.fi\/nykarleby\/#website\"},\"datePublished\":\"2019-03-20T05:40:06+00:00\",\"dateModified\":\"2025-12-09T21:16:24+00:00\",\"breadcrumb\":{\"@id\":\"https:\/\/rotary.fi\/nykarleby\/kontaktuppgifter\/#breadcrumb\"},\"inLanguage\":\"fi\",\"potentialAction\":[{\"@type\":\"ReadAction\",\"target\":[\"https:\/\/rotary.fi\/nykarleby\/kontaktuppgifter\/\"]}]},{\"@type\":\"BreadcrumbList\",\"@id\":\"https:\/\/rotary.fi\/nykarleby\/kontaktuppgifter\/#breadcrumb\",\"itemListElement\":[{\"@type\":\"ListItem\",\"position\":1,\"name\":\"Home\",\"item\":\"https:\/\/rotary.fi\/nykarleby\/\"},{\"@type\":\"ListItem\",\"position\":2,\"name\":\"Kontaktuppgifter\"}]},{\"@type\":\"WebSite\",\"@id\":\"https:\/\/rotary.fi\/nykarleby\/#website\",\"url\":\"https:\/\/rotary.fi\/nykarleby\/\",\"name\":\"Nykarleby Rotaryklubb\",\"description\":\"Uusi Rotary klubisivusto\",\"potentialAction\":[{\"@type\":\"SearchAction\",\"target\":{\"@type\":\"EntryPoint\",\"urlTemplate\":\"https:\/\/rotary.fi\/nykarleby\/?s={search_term_string}\"},\"query-input\":{\"@type\":\"PropertyValueSpecification\",\"valueRequired\":true,\"valueName\":\"search_term_string\"}}],\"inLanguage\":\"fi\"}]}<\/script>\n<!-- \/ Yoast SEO plugin. -->","yoast_head_json":{"title":"Kontaktuppgifter - Nykarleby Rotaryklubb","robots":{"index":"index","follow":"follow","max-snippet":"max-snippet:-1","max-image-preview":"max-image-preview:large","max-video-preview":"max-video-preview:-1"},"canonical":"https:\/\/rotary.fi\/nykarleby\/kontaktuppgifter\/","og_locale":"fi_FI","og_type":"article","og_title":"Kontaktuppgifter - Nykarleby Rotaryklubb","og_description":"Kontaktuppgifter OBS! Fyll i den egna klubbens kontaktuppgifter i det h\u00e4r avsnittet. M\u00f6tesplats:Kristliga Folkh\u00f6gskolan i NykarlebySeminariegatan 1966900 Nykarleby Sommartid: Tullmagasinet vi Andra Sj\u00f6n M\u00f6testidpunkt:Onsdagar kl. 18.00-19.00 (f\u00f6rsta och tredje onsdagen i m\u00e5naden)President Ulf Bonns050 5408843uffe.bonns(at)icloud.comSekreterare Pia-Maria Sj\u00f6str\u00f6mUngdomsutbytesansvarig Tina Nylundtel. 044 2314089tina.nylund(at)thepeoplecompany.fi &nbsp;&nbsp;","og_url":"https:\/\/rotary.fi\/nykarleby\/kontaktuppgifter\/","og_site_name":"Nykarleby Rotaryklubb","article_modified_time":"2025-12-09T21:16:24+00:00","twitter_card":"summary_large_image","twitter_misc":{"Arvioitu lukuaika":"1 minuutti"},"schema":{"@context":"https:\/\/schema.org","@graph":[{"@type":"WebPage","@id":"https:\/\/rotary.fi\/nykarleby\/kontaktuppgifter\/","url":"https:\/\/rotary.fi\/nykarleby\/kontaktuppgifter\/","name":"Kontaktuppgifter - Nykarleby Rotaryklubb","isPartOf":{"@id":"https:\/\/rotary.fi\/nykarleby\/#website"},"datePublished":"2019-03-20T05:40:06+00:00","dateModified":"2025-12-09T21:16:24+00:00","breadcrumb":{"@id":"https:\/\/rotary.fi\/nykarleby\/kontaktuppgifter\/#breadcrumb"},"inLanguage":"fi","potentialAction":[{"@type":"ReadAction","target":["https:\/\/rotary.fi\/nykarleby\/kontaktuppgifter\/"]}]},{"@type":"BreadcrumbList","@id":"https:\/\/rotary.fi\/nykarleby\/kontaktuppgifter\/#breadcrumb","itemListElement":[{"@type":"ListItem","position":1,"name":"Home","item":"https:\/\/rotary.fi\/nykarleby\/"},{"@type":"ListItem","position":2,"name":"Kontaktuppgifter"}]},{"@type":"WebSite","@id":"https:\/\/rotary.fi\/nykarleby\/#website","url":"https:\/\/rotary.fi\/nykarleby\/","name":"Nykarleby Rotaryklubb","description":"Uusi Rotary klubisivusto","potentialAction":[{"@type":"SearchAction","target":{"@type":"EntryPoint","urlTemplate":"https:\/\/rotary.fi\/nykarleby\/?s={search_term_string}"},"query-input":{"@type":"PropertyValueSpecification","valueRequired":true,"valueName":"search_term_string"}}],"inLanguage":"fi"}]}},"lang":"sv","translations":{"sv":1647},"pll_sync_post":[],"_links":{"self":[{"href":"https:\/\/rotary.fi\/nykarleby\/wp-json\/wp\/v2\/pages\/1647","targetHints":{"allow":["GET"]}}],"collection":[{"href":"https:\/\/rotary.fi\/nykarleby\/wp-json\/wp\/v2\/pages"}],"about":[{"href":"https:\/\/rotary.fi\/nykarleby\/wp-json\/wp\/v2\/types\/page"}],"author":[{"embeddable":true,"href":"https:\/\/rotary.fi\/nykarleby\/wp-json\/wp\/v2\/users\/1"}],"replies":[{"embeddable":true,"href":"https:\/\/rotary.fi\/nykarleby\/wp-json\/wp\/v2\/comments?post=1647"}],"version-history":[{"count":10,"href":"https:\/\/rotary.fi\/nykarleby\/wp-json\/wp\/v2\/pages\/1647\/revisions"}],"predecessor-version":[{"id":2019,"href":"https:\/\/rotary.fi\/nykarleby\/wp-json\/wp\/v2\/pages\/1647\/revisions\/2019"}],"wp:attachment":[{"href":"https:\/\/rotary.fi\/nykarleby\/wp-json\/wp\/v2\/media?parent=1647"}],"curies":[{"name":"wp","href":"https:\/\/api.w.org\/{rel}","templated":true}]}}