{"id":1623,"date":"2019-03-20T06:37:30","date_gmt":"2019-03-20T04:37:30","guid":{"rendered":"https:\/\/rotary.fi\/nykarleby\/?page_id=1623"},"modified":"2019-08-05T16:35:31","modified_gmt":"2019-08-05T13:35:31","slug":"lakarbanken","status":"publish","type":"page","link":"https:\/\/rotary.fi\/nykarleby\/vad-gor-vi\/lakarbanken\/","title":{"rendered":"L\u00e4karbanken"},"content":{"rendered":"<p>[et_pb_section bb_built=&#8221;1&#8243; module_class=&#8221;jumbotron-page&#8221; _builder_version=&#8221;3.17.2&#8243; background_image=&#8221;https:\/\/rotary.fi\/nykarleby\/wp-content\/uploads\/sites\/154\/2018\/10\/rotary_klubit_alasivu_paakuva_14.jpg&#8221; next_background_color=&#8221;#ffffff&#8221; inner_width=&#8221;auto&#8221; inner_max_width=&#8221;1080px&#8221;][et_pb_row _builder_version=&#8221;3.0.48&#8243; background_size=&#8221;initial&#8221; background_position=&#8221;top_left&#8221; background_repeat=&#8221;repeat&#8221; width=&#8221;80%&#8221; max_width=&#8221;1080px&#8221;][et_pb_column type=&#8221;4_4&#8243; custom_padding__hover=&#8221;|||&#8221; custom_padding=&#8221;|||&#8221;][et_pb_text admin_label=&#8221;Main \/\/ L\u00e4karbanken&#8221; _builder_version=&#8221;3.21&#8243; text_orientation=&#8221;center&#8221; background_layout=&#8221;dark&#8221;]<\/p>\n<h1>L\u00e4karbanken<\/h1>\n<p>[\/et_pb_text][\/et_pb_column][\/et_pb_row][\/et_pb_section][et_pb_section bb_built=&#8221;1&#8243; specialty=&#8221;on&#8221; module_class_2=&#8221;sivupalkki&#8221; _builder_version=&#8221;3.4.1&#8243; prev_background_color=&#8221;#000000&#8243; inner_width=&#8221;auto&#8221; inner_max_width=&#8221;1080px&#8221;][et_pb_column type=&#8221;2_3&#8243; specialty_columns=&#8221;2&#8243;][et_pb_row_inner admin_label=&#8221;Rivi&#8221; _builder_version=&#8221;3.0.47&#8243;][et_pb_column_inner type=&#8221;4_4&#8243; saved_specialty_column_type=&#8221;2_3&#8243; custom_padding__hover=&#8221;|||&#8221; custom_padding=&#8221;|||&#8221; saved_specialty_column_type=&#8221;2_3&#8243;][et_pb_text admin_label=&#8221;L\u00e4karbanken &#8211; rubrik&#8221; _builder_version=&#8221;3.21&#8243; text_orientation=&#8221;center&#8221;]<\/p>\n<h1>L\u00e4karbanken<\/h1>\n<p>[\/et_pb_text][et_pb_text admin_label=&#8221;Text: L\u00e4karbanken&#8221; _builder_version=&#8221;3.25.3&#8243; text_text_shadow_horizontal_length=&#8221;text_text_shadow_style,%91object Object%93&#8243; text_text_shadow_horizontal_length_tablet=&#8221;0px&#8221; text_text_shadow_vertical_length=&#8221;text_text_shadow_style,%91object Object%93&#8243; text_text_shadow_vertical_length_tablet=&#8221;0px&#8221; text_text_shadow_blur_strength=&#8221;text_text_shadow_style,%91object Object%93&#8243; text_text_shadow_blur_strength_tablet=&#8221;1px&#8221; link_text_shadow_horizontal_length=&#8221;link_text_shadow_style,%91object Object%93&#8243; link_text_shadow_horizontal_length_tablet=&#8221;0px&#8221; link_text_shadow_vertical_length=&#8221;link_text_shadow_style,%91object Object%93&#8243; link_text_shadow_vertical_length_tablet=&#8221;0px&#8221; link_text_shadow_blur_strength=&#8221;link_text_shadow_style,%91object Object%93&#8243; link_text_shadow_blur_strength_tablet=&#8221;1px&#8221; ul_text_shadow_horizontal_length=&#8221;ul_text_shadow_style,%91object Object%93&#8243; ul_text_shadow_horizontal_length_tablet=&#8221;0px&#8221; ul_text_shadow_vertical_length=&#8221;ul_text_shadow_style,%91object Object%93&#8243; ul_text_shadow_vertical_length_tablet=&#8221;0px&#8221; ul_text_shadow_blur_strength=&#8221;ul_text_shadow_style,%91object Object%93&#8243; ul_text_shadow_blur_strength_tablet=&#8221;1px&#8221; ol_text_shadow_horizontal_length=&#8221;ol_text_shadow_style,%91object Object%93&#8243; ol_text_shadow_horizontal_length_tablet=&#8221;0px&#8221; ol_text_shadow_vertical_length=&#8221;ol_text_shadow_style,%91object Object%93&#8243; ol_text_shadow_vertical_length_tablet=&#8221;0px&#8221; ol_text_shadow_blur_strength=&#8221;ol_text_shadow_style,%91object Object%93&#8243; ol_text_shadow_blur_strength_tablet=&#8221;1px&#8221; quote_text_shadow_horizontal_length=&#8221;quote_text_shadow_style,%91object Object%93&#8243; quote_text_shadow_horizontal_length_tablet=&#8221;0px&#8221; quote_text_shadow_vertical_length=&#8221;quote_text_shadow_style,%91object Object%93&#8243; quote_text_shadow_vertical_length_tablet=&#8221;0px&#8221; quote_text_shadow_blur_strength=&#8221;quote_text_shadow_style,%91object Object%93&#8243; quote_text_shadow_blur_strength_tablet=&#8221;1px&#8221; header_text_shadow_horizontal_length=&#8221;header_text_shadow_style,%91object Object%93&#8243; header_text_shadow_horizontal_length_tablet=&#8221;0px&#8221; header_text_shadow_vertical_length=&#8221;header_text_shadow_style,%91object Object%93&#8243; header_text_shadow_vertical_length_tablet=&#8221;0px&#8221; header_text_shadow_blur_strength=&#8221;header_text_shadow_style,%91object Object%93&#8243; header_text_shadow_blur_strength_tablet=&#8221;1px&#8221; header_2_text_shadow_horizontal_length=&#8221;header_2_text_shadow_style,%91object Object%93&#8243; header_2_text_shadow_horizontal_length_tablet=&#8221;0px&#8221; header_2_text_shadow_vertical_length=&#8221;header_2_text_shadow_style,%91object Object%93&#8243; header_2_text_shadow_vertical_length_tablet=&#8221;0px&#8221; header_2_text_shadow_blur_strength=&#8221;header_2_text_shadow_style,%91object Object%93&#8243; header_2_text_shadow_blur_strength_tablet=&#8221;1px&#8221; header_3_text_shadow_horizontal_length=&#8221;header_3_text_shadow_style,%91object Object%93&#8243; header_3_text_shadow_horizontal_length_tablet=&#8221;0px&#8221; header_3_text_shadow_vertical_length=&#8221;header_3_text_shadow_style,%91object Object%93&#8243; header_3_text_shadow_vertical_length_tablet=&#8221;0px&#8221; header_3_text_shadow_blur_strength=&#8221;header_3_text_shadow_style,%91object Object%93&#8243; header_3_text_shadow_blur_strength_tablet=&#8221;1px&#8221; header_4_text_shadow_horizontal_length=&#8221;header_4_text_shadow_style,%91object Object%93&#8243; header_4_text_shadow_horizontal_length_tablet=&#8221;0px&#8221; header_4_text_shadow_vertical_length=&#8221;header_4_text_shadow_style,%91object Object%93&#8243; header_4_text_shadow_vertical_length_tablet=&#8221;0px&#8221; header_4_text_shadow_blur_strength=&#8221;header_4_text_shadow_style,%91object Object%93&#8243; header_4_text_shadow_blur_strength_tablet=&#8221;1px&#8221; header_5_text_shadow_horizontal_length=&#8221;header_5_text_shadow_style,%91object Object%93&#8243; header_5_text_shadow_horizontal_length_tablet=&#8221;0px&#8221; header_5_text_shadow_vertical_length=&#8221;header_5_text_shadow_style,%91object Object%93&#8243; header_5_text_shadow_vertical_length_tablet=&#8221;0px&#8221; header_5_text_shadow_blur_strength=&#8221;header_5_text_shadow_style,%91object Object%93&#8243; header_5_text_shadow_blur_strength_tablet=&#8221;1px&#8221; header_6_text_shadow_horizontal_length=&#8221;header_6_text_shadow_style,%91object Object%93&#8243; header_6_text_shadow_horizontal_length_tablet=&#8221;0px&#8221; header_6_text_shadow_vertical_length=&#8221;header_6_text_shadow_style,%91object Object%93&#8243; header_6_text_shadow_vertical_length_tablet=&#8221;0px&#8221; header_6_text_shadow_blur_strength=&#8221;header_6_text_shadow_style,%91object Object%93&#8243; header_6_text_shadow_blur_strength_tablet=&#8221;1px&#8221; box_shadow_horizontal_tablet=&#8221;0px&#8221; box_shadow_vertical_tablet=&#8221;0px&#8221; box_shadow_blur_tablet=&#8221;40px&#8221; box_shadow_spread_tablet=&#8221;0px&#8221; z_index_tablet=&#8221;500&#8243;]<\/p>\n<p><strong>Vi g\u00f6r det m\u00f6jligt att s\u00e4nda l\u00e4kare till utvecklingsl\u00e4nder<\/strong><\/p>\n<p><em>L\u00e4karbanken vid Finlands Rotaryservice rf (Rotary Doctor Bank of Finland) finansieras av alla finl\u00e4ndska rotarianer.<\/em><\/p>\n<p>L\u00e4karbanken har verkat i Tanzania sedan \u00e5r 2002 i sjukhusen vid den evangelisk-lutherska kyrkan i Tanzania. Volont\u00e4rl\u00e4kare och -tandl\u00e4kare har via L\u00e4karbanken s\u00e4nts till Tanzania tack vare Finlands Rotaryservice rf:s insamlade sj\u00e4lvfinansieringar samt med hj\u00e4lp av beviljade projektbidrag fr\u00e5n utrikesministeriets utvecklingssamarbete.<\/p>\n<p>Det har \u00e5rligen varit m\u00f6jligt att s\u00e4nda volont\u00e4rl\u00e4kare till Tanzania f\u00f6r sex eller flera veckor. Arbetet \u00e4r obetalt, men l\u00e4karna f\u00e5r ers\u00e4ttning f\u00f6r resor, dagpenning och f\u00f6rs\u00e4kring. L\u00e4karna deltar i sjukhusets arbete med tillbudsst\u00e5ende verktyg och deltar ocks\u00e5 undervisningsarbetet. F\u00f6rutom tillfredsst\u00e4llelsen av humanit\u00e4rt arbete har deltagarna upplevt att de f\u00e5r s\u00e5dan erfarenhet som inte skulle vara m\u00f6jligt i Finland.<\/p>\n<p><a href=\"https:\/\/rotary.fi\/mita-teemme\/laakaripankki\/\" target=\"_blank\" rel=\"noopener noreferrer\">L\u00e4s mer om L\u00e4karbanken vid Finlands Rotaryservice rf.<\/a><\/p>\n<p>[\/et_pb_text][\/et_pb_column_inner][\/et_pb_row_inner][\/et_pb_column][et_pb_column type=&#8221;1_3&#8243;][et_pb_sidebar admin_label=&#8221;Sidebar&#8221; area=&#8221;sidebar-1&#8243; module_class=&#8221;sivupalkki_sisalto&#8221; _builder_version=&#8221;3.21&#8243; locked=&#8221;on&#8221; \/][\/et_pb_column][\/et_pb_section]<\/p>\n","protected":false},"excerpt":{"rendered":"<p>L\u00e4karbanken L\u00e4karbanken Vi g\u00f6r det m\u00f6jligt att s\u00e4nda l\u00e4kare till utvecklingsl\u00e4nderL\u00e4karbanken vid Finlands Rotaryservice rf (Rotary Doctor Bank of Finland) finansieras av alla finl\u00e4ndska rotarianer.L\u00e4karbanken har verkat i Tanzania sedan \u00e5r 2002 i sjukhusen vid den evangelisk-lutherska kyrkan i Tanzania. Volont\u00e4rl\u00e4kare och -tandl\u00e4kare har via L\u00e4karbanken s\u00e4nts till Tanzania tack vare Finlands Rotaryservice rf:s insamlade [&hellip;]<\/p>\n","protected":false},"author":1,"featured_media":0,"parent":1602,"menu_order":6,"comment_status":"closed","ping_status":"closed","template":"","meta":{"_acf_changed":false,"_et_pb_use_builder":"on","_et_pb_old_content":"","_et_gb_content_width":"","footnotes":""},"class_list":["post-1623","page","type-page","status-publish","hentry"],"acf":[],"yoast_head":"<!-- This site is optimized with the Yoast SEO plugin v27.0 - https:\/\/yoast.com\/product\/yoast-seo-wordpress\/ -->\n<title>L\u00e4karbanken - Nykarleby Rotaryklubb<\/title>\n<meta name=\"robots\" content=\"index, follow, max-snippet:-1, max-image-preview:large, max-video-preview:-1\" \/>\n<link rel=\"canonical\" href=\"https:\/\/rotary.fi\/nykarleby\/vad-gor-vi\/lakarbanken\/\" \/>\n<meta property=\"og:locale\" content=\"fi_FI\" \/>\n<meta property=\"og:type\" content=\"article\" \/>\n<meta property=\"og:title\" content=\"L\u00e4karbanken - Nykarleby Rotaryklubb\" \/>\n<meta property=\"og:description\" content=\"L\u00e4karbanken L\u00e4karbanken Vi g\u00f6r det m\u00f6jligt att s\u00e4nda l\u00e4kare till utvecklingsl\u00e4nderL\u00e4karbanken vid Finlands Rotaryservice rf (Rotary Doctor Bank of Finland) finansieras av alla finl\u00e4ndska rotarianer.L\u00e4karbanken har verkat i Tanzania sedan \u00e5r 2002 i sjukhusen vid den evangelisk-lutherska kyrkan i Tanzania. Volont\u00e4rl\u00e4kare och -tandl\u00e4kare har via L\u00e4karbanken s\u00e4nts till Tanzania tack vare Finlands Rotaryservice rf:s insamlade [&hellip;]\" \/>\n<meta property=\"og:url\" content=\"https:\/\/rotary.fi\/nykarleby\/vad-gor-vi\/lakarbanken\/\" \/>\n<meta property=\"og:site_name\" content=\"Nykarleby Rotaryklubb\" \/>\n<meta property=\"article:modified_time\" content=\"2019-08-05T13:35:31+00:00\" \/>\n<meta name=\"twitter:card\" content=\"summary_large_image\" \/>\n<meta name=\"twitter:label1\" content=\"Arvioitu lukuaika\" \/>\n\t<meta name=\"twitter:data1\" content=\"5 minuuttia\" \/>\n<script type=\"application\/ld+json\" class=\"yoast-schema-graph\">{\"@context\":\"https:\/\/schema.org\",\"@graph\":[{\"@type\":\"WebPage\",\"@id\":\"https:\/\/rotary.fi\/nykarleby\/vad-gor-vi\/lakarbanken\/\",\"url\":\"https:\/\/rotary.fi\/nykarleby\/vad-gor-vi\/lakarbanken\/\",\"name\":\"L\u00e4karbanken - Nykarleby Rotaryklubb\",\"isPartOf\":{\"@id\":\"https:\/\/rotary.fi\/nykarleby\/#website\"},\"datePublished\":\"2019-03-20T04:37:30+00:00\",\"dateModified\":\"2019-08-05T13:35:31+00:00\",\"breadcrumb\":{\"@id\":\"https:\/\/rotary.fi\/nykarleby\/vad-gor-vi\/lakarbanken\/#breadcrumb\"},\"inLanguage\":\"fi\",\"potentialAction\":[{\"@type\":\"ReadAction\",\"target\":[\"https:\/\/rotary.fi\/nykarleby\/vad-gor-vi\/lakarbanken\/\"]}]},{\"@type\":\"BreadcrumbList\",\"@id\":\"https:\/\/rotary.fi\/nykarleby\/vad-gor-vi\/lakarbanken\/#breadcrumb\",\"itemListElement\":[{\"@type\":\"ListItem\",\"position\":1,\"name\":\"Home\",\"item\":\"https:\/\/rotary.fi\/nykarleby\/\"},{\"@type\":\"ListItem\",\"position\":2,\"name\":\"Vad g\u00f6r vi\",\"item\":\"https:\/\/rotary.fi\/nykarleby\/vad-gor-vi\/\"},{\"@type\":\"ListItem\",\"position\":3,\"name\":\"L\u00e4karbanken\"}]},{\"@type\":\"WebSite\",\"@id\":\"https:\/\/rotary.fi\/nykarleby\/#website\",\"url\":\"https:\/\/rotary.fi\/nykarleby\/\",\"name\":\"Nykarleby Rotaryklubb\",\"description\":\"Uusi Rotary klubisivusto\",\"potentialAction\":[{\"@type\":\"SearchAction\",\"target\":{\"@type\":\"EntryPoint\",\"urlTemplate\":\"https:\/\/rotary.fi\/nykarleby\/?s={search_term_string}\"},\"query-input\":{\"@type\":\"PropertyValueSpecification\",\"valueRequired\":true,\"valueName\":\"search_term_string\"}}],\"inLanguage\":\"fi\"}]}<\/script>\n<!-- \/ Yoast SEO plugin. -->","yoast_head_json":{"title":"L\u00e4karbanken - Nykarleby Rotaryklubb","robots":{"index":"index","follow":"follow","max-snippet":"max-snippet:-1","max-image-preview":"max-image-preview:large","max-video-preview":"max-video-preview:-1"},"canonical":"https:\/\/rotary.fi\/nykarleby\/vad-gor-vi\/lakarbanken\/","og_locale":"fi_FI","og_type":"article","og_title":"L\u00e4karbanken - Nykarleby Rotaryklubb","og_description":"L\u00e4karbanken L\u00e4karbanken Vi g\u00f6r det m\u00f6jligt att s\u00e4nda l\u00e4kare till utvecklingsl\u00e4nderL\u00e4karbanken vid Finlands Rotaryservice rf (Rotary Doctor Bank of Finland) finansieras av alla finl\u00e4ndska rotarianer.L\u00e4karbanken har verkat i Tanzania sedan \u00e5r 2002 i sjukhusen vid den evangelisk-lutherska kyrkan i Tanzania. Volont\u00e4rl\u00e4kare och -tandl\u00e4kare har via L\u00e4karbanken s\u00e4nts till Tanzania tack vare Finlands Rotaryservice rf:s insamlade [&hellip;]","og_url":"https:\/\/rotary.fi\/nykarleby\/vad-gor-vi\/lakarbanken\/","og_site_name":"Nykarleby Rotaryklubb","article_modified_time":"2019-08-05T13:35:31+00:00","twitter_card":"summary_large_image","twitter_misc":{"Arvioitu lukuaika":"5 minuuttia"},"schema":{"@context":"https:\/\/schema.org","@graph":[{"@type":"WebPage","@id":"https:\/\/rotary.fi\/nykarleby\/vad-gor-vi\/lakarbanken\/","url":"https:\/\/rotary.fi\/nykarleby\/vad-gor-vi\/lakarbanken\/","name":"L\u00e4karbanken - Nykarleby Rotaryklubb","isPartOf":{"@id":"https:\/\/rotary.fi\/nykarleby\/#website"},"datePublished":"2019-03-20T04:37:30+00:00","dateModified":"2019-08-05T13:35:31+00:00","breadcrumb":{"@id":"https:\/\/rotary.fi\/nykarleby\/vad-gor-vi\/lakarbanken\/#breadcrumb"},"inLanguage":"fi","potentialAction":[{"@type":"ReadAction","target":["https:\/\/rotary.fi\/nykarleby\/vad-gor-vi\/lakarbanken\/"]}]},{"@type":"BreadcrumbList","@id":"https:\/\/rotary.fi\/nykarleby\/vad-gor-vi\/lakarbanken\/#breadcrumb","itemListElement":[{"@type":"ListItem","position":1,"name":"Home","item":"https:\/\/rotary.fi\/nykarleby\/"},{"@type":"ListItem","position":2,"name":"Vad g\u00f6r vi","item":"https:\/\/rotary.fi\/nykarleby\/vad-gor-vi\/"},{"@type":"ListItem","position":3,"name":"L\u00e4karbanken"}]},{"@type":"WebSite","@id":"https:\/\/rotary.fi\/nykarleby\/#website","url":"https:\/\/rotary.fi\/nykarleby\/","name":"Nykarleby Rotaryklubb","description":"Uusi Rotary klubisivusto","potentialAction":[{"@type":"SearchAction","target":{"@type":"EntryPoint","urlTemplate":"https:\/\/rotary.fi\/nykarleby\/?s={search_term_string}"},"query-input":{"@type":"PropertyValueSpecification","valueRequired":true,"valueName":"search_term_string"}}],"inLanguage":"fi"}]}},"lang":"sv","translations":{"sv":1623},"pll_sync_post":[],"_links":{"self":[{"href":"https:\/\/rotary.fi\/nykarleby\/wp-json\/wp\/v2\/pages\/1623","targetHints":{"allow":["GET"]}}],"collection":[{"href":"https:\/\/rotary.fi\/nykarleby\/wp-json\/wp\/v2\/pages"}],"about":[{"href":"https:\/\/rotary.fi\/nykarleby\/wp-json\/wp\/v2\/types\/page"}],"author":[{"embeddable":true,"href":"https:\/\/rotary.fi\/nykarleby\/wp-json\/wp\/v2\/users\/1"}],"replies":[{"embeddable":true,"href":"https:\/\/rotary.fi\/nykarleby\/wp-json\/wp\/v2\/comments?post=1623"}],"version-history":[{"count":3,"href":"https:\/\/rotary.fi\/nykarleby\/wp-json\/wp\/v2\/pages\/1623\/revisions"}],"predecessor-version":[{"id":1862,"href":"https:\/\/rotary.fi\/nykarleby\/wp-json\/wp\/v2\/pages\/1623\/revisions\/1862"}],"up":[{"embeddable":true,"href":"https:\/\/rotary.fi\/nykarleby\/wp-json\/wp\/v2\/pages\/1602"}],"wp:attachment":[{"href":"https:\/\/rotary.fi\/nykarleby\/wp-json\/wp\/v2\/media?parent=1623"}],"curies":[{"name":"wp","href":"https:\/\/api.w.org\/{rel}","templated":true}]}}