{"id":1611,"date":"2019-03-19T15:42:00","date_gmt":"2019-03-19T13:42:00","guid":{"rendered":"https:\/\/rotary.fi\/nykarleby\/?page_id=1611"},"modified":"2019-08-05T16:29:13","modified_gmt":"2019-08-05T13:29:13","slug":"medelanskaffning-och-donationer","status":"publish","type":"page","link":"https:\/\/rotary.fi\/nykarleby\/vad-gor-vi\/medelanskaffning-och-donationer\/","title":{"rendered":"Medelanskaffning och donationer"},"content":{"rendered":"<p>[et_pb_section bb_built=&#8221;1&#8243; module_class=&#8221;jumbotron-page&#8221; _builder_version=&#8221;3.17.2&#8243; background_image=&#8221;https:\/\/rotary.fi\/nykarleby\/wp-content\/uploads\/sites\/154\/2018\/10\/rotary_klubit_alasivu_paakuva_11.jpg&#8221; next_background_color=&#8221;#ffffff&#8221; inner_width=&#8221;auto&#8221; inner_max_width=&#8221;1080px&#8221;][et_pb_row _builder_version=&#8221;3.0.48&#8243; background_size=&#8221;initial&#8221; background_position=&#8221;top_left&#8221; background_repeat=&#8221;repeat&#8221; width=&#8221;80%&#8221; max_width=&#8221;1080px&#8221;][et_pb_column type=&#8221;4_4&#8243; custom_padding__hover=&#8221;|||&#8221; custom_padding=&#8221;|||&#8221;][et_pb_text admin_label=&#8221;Main \/\/ Medelanskaffning och donationer&#8221; _builder_version=&#8221;3.21&#8243; text_orientation=&#8221;center&#8221; background_layout=&#8221;dark&#8221;]<\/p>\n<h1>Medelanskaffning och donationer<\/h1>\n<p>[\/et_pb_text][\/et_pb_column][\/et_pb_row][\/et_pb_section][et_pb_section bb_built=&#8221;1&#8243; specialty=&#8221;on&#8221; module_class_2=&#8221;sivupalkki&#8221; _builder_version=&#8221;3.4.1&#8243; prev_background_color=&#8221;#000000&#8243; inner_width=&#8221;auto&#8221; inner_max_width=&#8221;1080px&#8221;][et_pb_column type=&#8221;2_3&#8243; specialty_columns=&#8221;2&#8243;][et_pb_row_inner admin_label=&#8221;Rivi&#8221; _builder_version=&#8221;3.0.47&#8243;][et_pb_column_inner type=&#8221;4_4&#8243; saved_specialty_column_type=&#8221;2_3&#8243; custom_padding__hover=&#8221;|||&#8221; custom_padding=&#8221;|||&#8221; saved_specialty_column_type=&#8221;2_3&#8243;][et_pb_text admin_label=&#8221;Medelanskaffning och donationer &#8211; rubrik&#8221; _builder_version=&#8221;3.21&#8243; text_orientation=&#8221;center&#8221;]<\/p>\n<h1>Medelanskaffning och donationer<\/h1>\n<p>[\/et_pb_text][et_pb_text admin_label=&#8221;Text: Medelanskaffning och donationer&#8221; _builder_version=&#8221;3.25.3&#8243; text_text_shadow_horizontal_length=&#8221;text_text_shadow_style,%91object Object%93&#8243; text_text_shadow_horizontal_length_tablet=&#8221;0px&#8221; text_text_shadow_vertical_length=&#8221;text_text_shadow_style,%91object Object%93&#8243; text_text_shadow_vertical_length_tablet=&#8221;0px&#8221; text_text_shadow_blur_strength=&#8221;text_text_shadow_style,%91object Object%93&#8243; text_text_shadow_blur_strength_tablet=&#8221;1px&#8221; link_text_shadow_horizontal_length=&#8221;link_text_shadow_style,%91object Object%93&#8243; link_text_shadow_horizontal_length_tablet=&#8221;0px&#8221; link_text_shadow_vertical_length=&#8221;link_text_shadow_style,%91object Object%93&#8243; link_text_shadow_vertical_length_tablet=&#8221;0px&#8221; link_text_shadow_blur_strength=&#8221;link_text_shadow_style,%91object Object%93&#8243; link_text_shadow_blur_strength_tablet=&#8221;1px&#8221; ul_text_shadow_horizontal_length=&#8221;ul_text_shadow_style,%91object Object%93&#8243; ul_text_shadow_horizontal_length_tablet=&#8221;0px&#8221; ul_text_shadow_vertical_length=&#8221;ul_text_shadow_style,%91object Object%93&#8243; ul_text_shadow_vertical_length_tablet=&#8221;0px&#8221; ul_text_shadow_blur_strength=&#8221;ul_text_shadow_style,%91object Object%93&#8243; ul_text_shadow_blur_strength_tablet=&#8221;1px&#8221; ol_text_shadow_horizontal_length=&#8221;ol_text_shadow_style,%91object Object%93&#8243; ol_text_shadow_horizontal_length_tablet=&#8221;0px&#8221; ol_text_shadow_vertical_length=&#8221;ol_text_shadow_style,%91object Object%93&#8243; ol_text_shadow_vertical_length_tablet=&#8221;0px&#8221; ol_text_shadow_blur_strength=&#8221;ol_text_shadow_style,%91object Object%93&#8243; ol_text_shadow_blur_strength_tablet=&#8221;1px&#8221; quote_text_shadow_horizontal_length=&#8221;quote_text_shadow_style,%91object Object%93&#8243; quote_text_shadow_horizontal_length_tablet=&#8221;0px&#8221; quote_text_shadow_vertical_length=&#8221;quote_text_shadow_style,%91object Object%93&#8243; quote_text_shadow_vertical_length_tablet=&#8221;0px&#8221; quote_text_shadow_blur_strength=&#8221;quote_text_shadow_style,%91object Object%93&#8243; quote_text_shadow_blur_strength_tablet=&#8221;1px&#8221; header_text_shadow_horizontal_length=&#8221;header_text_shadow_style,%91object Object%93&#8243; header_text_shadow_horizontal_length_tablet=&#8221;0px&#8221; header_text_shadow_vertical_length=&#8221;header_text_shadow_style,%91object Object%93&#8243; header_text_shadow_vertical_length_tablet=&#8221;0px&#8221; header_text_shadow_blur_strength=&#8221;header_text_shadow_style,%91object Object%93&#8243; header_text_shadow_blur_strength_tablet=&#8221;1px&#8221; header_2_text_shadow_horizontal_length=&#8221;header_2_text_shadow_style,%91object Object%93&#8243; header_2_text_shadow_horizontal_length_tablet=&#8221;0px&#8221; header_2_text_shadow_vertical_length=&#8221;header_2_text_shadow_style,%91object Object%93&#8243; header_2_text_shadow_vertical_length_tablet=&#8221;0px&#8221; header_2_text_shadow_blur_strength=&#8221;header_2_text_shadow_style,%91object Object%93&#8243; header_2_text_shadow_blur_strength_tablet=&#8221;1px&#8221; header_3_text_shadow_horizontal_length=&#8221;header_3_text_shadow_style,%91object Object%93&#8243; header_3_text_shadow_horizontal_length_tablet=&#8221;0px&#8221; header_3_text_shadow_vertical_length=&#8221;header_3_text_shadow_style,%91object Object%93&#8243; header_3_text_shadow_vertical_length_tablet=&#8221;0px&#8221; header_3_text_shadow_blur_strength=&#8221;header_3_text_shadow_style,%91object Object%93&#8243; header_3_text_shadow_blur_strength_tablet=&#8221;1px&#8221; header_4_text_shadow_horizontal_length=&#8221;header_4_text_shadow_style,%91object Object%93&#8243; header_4_text_shadow_horizontal_length_tablet=&#8221;0px&#8221; header_4_text_shadow_vertical_length=&#8221;header_4_text_shadow_style,%91object Object%93&#8243; header_4_text_shadow_vertical_length_tablet=&#8221;0px&#8221; header_4_text_shadow_blur_strength=&#8221;header_4_text_shadow_style,%91object Object%93&#8243; header_4_text_shadow_blur_strength_tablet=&#8221;1px&#8221; header_5_text_shadow_horizontal_length=&#8221;header_5_text_shadow_style,%91object Object%93&#8243; header_5_text_shadow_horizontal_length_tablet=&#8221;0px&#8221; header_5_text_shadow_vertical_length=&#8221;header_5_text_shadow_style,%91object Object%93&#8243; header_5_text_shadow_vertical_length_tablet=&#8221;0px&#8221; header_5_text_shadow_blur_strength=&#8221;header_5_text_shadow_style,%91object Object%93&#8243; header_5_text_shadow_blur_strength_tablet=&#8221;1px&#8221; header_6_text_shadow_horizontal_length=&#8221;header_6_text_shadow_style,%91object Object%93&#8243; header_6_text_shadow_horizontal_length_tablet=&#8221;0px&#8221; header_6_text_shadow_vertical_length=&#8221;header_6_text_shadow_style,%91object Object%93&#8243; header_6_text_shadow_vertical_length_tablet=&#8221;0px&#8221; header_6_text_shadow_blur_strength=&#8221;header_6_text_shadow_style,%91object Object%93&#8243; header_6_text_shadow_blur_strength_tablet=&#8221;1px&#8221; box_shadow_horizontal_tablet=&#8221;0px&#8221; box_shadow_vertical_tablet=&#8221;0px&#8221; box_shadow_blur_tablet=&#8221;40px&#8221; box_shadow_spread_tablet=&#8221;0px&#8221; z_index_tablet=&#8221;500&#8243;]<\/p>\n<p>V\u00e5r rotaryklubb \u00e4r involverad i b\u00e5de lokala och globala servicearbeten p\u00e5 m\u00e5nga olika s\u00e4tt. Vi deltar i rotarianernas ungdomsutbytesarbete och f\u00f6r att finansiera detta samlar vi in medel.\u00a0<\/p>\n<p>Vi donerar medel f\u00f6r humanit\u00e4ra projekt via The Rotary Foundation. Fonden st\u00f6der, med hj\u00e4lp av talrika projekt, m\u00f6drars och barns h\u00e4lsof\u00f6rkovran och f\u00f6rebyggande av sjukdomar och v\u00e5rd. The Rotary Foundation fr\u00e4mjar utbildning och l\u00e4skunnighet, st\u00e4rker fredsarbetet samt fostrar lokala ekonomier och samfund. The Rotary Foundation fr\u00e4mjar tillg\u00e5ngen till rent vatten och hygienkunskap d\u00e4r det beh\u00f6vs.<\/p>\n<p>V\u00e5r klubb deltar ocks\u00e5 i det arbete som rotarianerna initierat f\u00f6r att eliminera polion i v\u00e4rlden, genom personliga donationer och projekt. Rotarianer har redan under trettio \u00e5rs tid arbetat f\u00f6r att avl\u00e4gsna det vilda polioviruset. Idag insjuknar enbart ett par dussin barn \u00e5rligen p\u00e5 grund av det vilda polioviruset. Vid projektets b\u00f6rjan uppgick antalet till ca. 350 000 barn. De barn som numera insjuknar i den inhemska polion lever i sv\u00e5rtillg\u00e4ngliga omr\u00e5den som t.ex. i Afghanistan. Rotarianerna har lovat att slutf\u00f6ra projektet, varf\u00f6r \u00e4ven v\u00e5r klubb kommer att bidra till detta arbete tills det givna l\u00f6ftet \u00e4r uppfyllt.<\/p>\n<p>[\/et_pb_text][\/et_pb_column_inner][\/et_pb_row_inner][\/et_pb_column][et_pb_column type=&#8221;1_3&#8243;][et_pb_sidebar admin_label=&#8221;Sidebar&#8221; area=&#8221;sidebar-1&#8243; module_class=&#8221;sivupalkki_sisalto&#8221; _builder_version=&#8221;3.21&#8243; locked=&#8221;on&#8221;]<\/p>\n<p>[\/et_pb_sidebar][\/et_pb_column][\/et_pb_section]<\/p>\n","protected":false},"excerpt":{"rendered":"<p>Medelanskaffning och donationer Medelanskaffning och donationer V\u00e5r rotaryklubb \u00e4r involverad i b\u00e5de lokala och globala servicearbeten p\u00e5 m\u00e5nga olika s\u00e4tt. Vi deltar i rotarianernas ungdomsutbytesarbete och f\u00f6r att finansiera detta samlar vi in medel.\u00a0Vi donerar medel f\u00f6r humanit\u00e4ra projekt via The Rotary Foundation. Fonden st\u00f6der, med hj\u00e4lp av talrika projekt, m\u00f6drars och barns h\u00e4lsof\u00f6rkovran och [&hellip;]<\/p>\n","protected":false},"author":1,"featured_media":0,"parent":1602,"menu_order":3,"comment_status":"closed","ping_status":"closed","template":"","meta":{"_acf_changed":false,"_et_pb_use_builder":"on","_et_pb_old_content":"","_et_gb_content_width":"","footnotes":""},"class_list":["post-1611","page","type-page","status-publish","hentry"],"acf":[],"yoast_head":"<!-- This site is optimized with the Yoast SEO plugin v27.0 - https:\/\/yoast.com\/product\/yoast-seo-wordpress\/ -->\n<title>Medelanskaffning och donationer - Nykarleby Rotaryklubb<\/title>\n<meta name=\"robots\" content=\"index, follow, max-snippet:-1, max-image-preview:large, max-video-preview:-1\" \/>\n<link rel=\"canonical\" href=\"https:\/\/rotary.fi\/nykarleby\/vad-gor-vi\/medelanskaffning-och-donationer\/\" \/>\n<meta property=\"og:locale\" content=\"fi_FI\" \/>\n<meta property=\"og:type\" content=\"article\" \/>\n<meta property=\"og:title\" content=\"Medelanskaffning och donationer - Nykarleby Rotaryklubb\" \/>\n<meta property=\"og:description\" content=\"Medelanskaffning och donationer Medelanskaffning och donationer V\u00e5r rotaryklubb \u00e4r involverad i b\u00e5de lokala och globala servicearbeten p\u00e5 m\u00e5nga olika s\u00e4tt. Vi deltar i rotarianernas ungdomsutbytesarbete och f\u00f6r att finansiera detta samlar vi in medel.\u00a0Vi donerar medel f\u00f6r humanit\u00e4ra projekt via The Rotary Foundation. Fonden st\u00f6der, med hj\u00e4lp av talrika projekt, m\u00f6drars och barns h\u00e4lsof\u00f6rkovran och [&hellip;]\" \/>\n<meta property=\"og:url\" content=\"https:\/\/rotary.fi\/nykarleby\/vad-gor-vi\/medelanskaffning-och-donationer\/\" \/>\n<meta property=\"og:site_name\" content=\"Nykarleby Rotaryklubb\" \/>\n<meta property=\"article:modified_time\" content=\"2019-08-05T13:29:13+00:00\" \/>\n<meta name=\"twitter:card\" content=\"summary_large_image\" \/>\n<meta name=\"twitter:label1\" content=\"Arvioitu lukuaika\" \/>\n\t<meta name=\"twitter:data1\" content=\"5 minuuttia\" \/>\n<script type=\"application\/ld+json\" class=\"yoast-schema-graph\">{\"@context\":\"https:\/\/schema.org\",\"@graph\":[{\"@type\":\"WebPage\",\"@id\":\"https:\/\/rotary.fi\/nykarleby\/vad-gor-vi\/medelanskaffning-och-donationer\/\",\"url\":\"https:\/\/rotary.fi\/nykarleby\/vad-gor-vi\/medelanskaffning-och-donationer\/\",\"name\":\"Medelanskaffning och donationer - Nykarleby Rotaryklubb\",\"isPartOf\":{\"@id\":\"https:\/\/rotary.fi\/nykarleby\/#website\"},\"datePublished\":\"2019-03-19T13:42:00+00:00\",\"dateModified\":\"2019-08-05T13:29:13+00:00\",\"breadcrumb\":{\"@id\":\"https:\/\/rotary.fi\/nykarleby\/vad-gor-vi\/medelanskaffning-och-donationer\/#breadcrumb\"},\"inLanguage\":\"fi\",\"potentialAction\":[{\"@type\":\"ReadAction\",\"target\":[\"https:\/\/rotary.fi\/nykarleby\/vad-gor-vi\/medelanskaffning-och-donationer\/\"]}]},{\"@type\":\"BreadcrumbList\",\"@id\":\"https:\/\/rotary.fi\/nykarleby\/vad-gor-vi\/medelanskaffning-och-donationer\/#breadcrumb\",\"itemListElement\":[{\"@type\":\"ListItem\",\"position\":1,\"name\":\"Home\",\"item\":\"https:\/\/rotary.fi\/nykarleby\/\"},{\"@type\":\"ListItem\",\"position\":2,\"name\":\"Vad g\u00f6r vi\",\"item\":\"https:\/\/rotary.fi\/nykarleby\/vad-gor-vi\/\"},{\"@type\":\"ListItem\",\"position\":3,\"name\":\"Medelanskaffning och donationer\"}]},{\"@type\":\"WebSite\",\"@id\":\"https:\/\/rotary.fi\/nykarleby\/#website\",\"url\":\"https:\/\/rotary.fi\/nykarleby\/\",\"name\":\"Nykarleby Rotaryklubb\",\"description\":\"Uusi Rotary klubisivusto\",\"potentialAction\":[{\"@type\":\"SearchAction\",\"target\":{\"@type\":\"EntryPoint\",\"urlTemplate\":\"https:\/\/rotary.fi\/nykarleby\/?s={search_term_string}\"},\"query-input\":{\"@type\":\"PropertyValueSpecification\",\"valueRequired\":true,\"valueName\":\"search_term_string\"}}],\"inLanguage\":\"fi\"}]}<\/script>\n<!-- \/ Yoast SEO plugin. -->","yoast_head_json":{"title":"Medelanskaffning och donationer - Nykarleby Rotaryklubb","robots":{"index":"index","follow":"follow","max-snippet":"max-snippet:-1","max-image-preview":"max-image-preview:large","max-video-preview":"max-video-preview:-1"},"canonical":"https:\/\/rotary.fi\/nykarleby\/vad-gor-vi\/medelanskaffning-och-donationer\/","og_locale":"fi_FI","og_type":"article","og_title":"Medelanskaffning och donationer - Nykarleby Rotaryklubb","og_description":"Medelanskaffning och donationer Medelanskaffning och donationer V\u00e5r rotaryklubb \u00e4r involverad i b\u00e5de lokala och globala servicearbeten p\u00e5 m\u00e5nga olika s\u00e4tt. Vi deltar i rotarianernas ungdomsutbytesarbete och f\u00f6r att finansiera detta samlar vi in medel.\u00a0Vi donerar medel f\u00f6r humanit\u00e4ra projekt via The Rotary Foundation. Fonden st\u00f6der, med hj\u00e4lp av talrika projekt, m\u00f6drars och barns h\u00e4lsof\u00f6rkovran och [&hellip;]","og_url":"https:\/\/rotary.fi\/nykarleby\/vad-gor-vi\/medelanskaffning-och-donationer\/","og_site_name":"Nykarleby Rotaryklubb","article_modified_time":"2019-08-05T13:29:13+00:00","twitter_card":"summary_large_image","twitter_misc":{"Arvioitu lukuaika":"5 minuuttia"},"schema":{"@context":"https:\/\/schema.org","@graph":[{"@type":"WebPage","@id":"https:\/\/rotary.fi\/nykarleby\/vad-gor-vi\/medelanskaffning-och-donationer\/","url":"https:\/\/rotary.fi\/nykarleby\/vad-gor-vi\/medelanskaffning-och-donationer\/","name":"Medelanskaffning och donationer - Nykarleby Rotaryklubb","isPartOf":{"@id":"https:\/\/rotary.fi\/nykarleby\/#website"},"datePublished":"2019-03-19T13:42:00+00:00","dateModified":"2019-08-05T13:29:13+00:00","breadcrumb":{"@id":"https:\/\/rotary.fi\/nykarleby\/vad-gor-vi\/medelanskaffning-och-donationer\/#breadcrumb"},"inLanguage":"fi","potentialAction":[{"@type":"ReadAction","target":["https:\/\/rotary.fi\/nykarleby\/vad-gor-vi\/medelanskaffning-och-donationer\/"]}]},{"@type":"BreadcrumbList","@id":"https:\/\/rotary.fi\/nykarleby\/vad-gor-vi\/medelanskaffning-och-donationer\/#breadcrumb","itemListElement":[{"@type":"ListItem","position":1,"name":"Home","item":"https:\/\/rotary.fi\/nykarleby\/"},{"@type":"ListItem","position":2,"name":"Vad g\u00f6r vi","item":"https:\/\/rotary.fi\/nykarleby\/vad-gor-vi\/"},{"@type":"ListItem","position":3,"name":"Medelanskaffning och donationer"}]},{"@type":"WebSite","@id":"https:\/\/rotary.fi\/nykarleby\/#website","url":"https:\/\/rotary.fi\/nykarleby\/","name":"Nykarleby Rotaryklubb","description":"Uusi Rotary klubisivusto","potentialAction":[{"@type":"SearchAction","target":{"@type":"EntryPoint","urlTemplate":"https:\/\/rotary.fi\/nykarleby\/?s={search_term_string}"},"query-input":{"@type":"PropertyValueSpecification","valueRequired":true,"valueName":"search_term_string"}}],"inLanguage":"fi"}]}},"lang":"sv","translations":{"sv":1611},"pll_sync_post":[],"_links":{"self":[{"href":"https:\/\/rotary.fi\/nykarleby\/wp-json\/wp\/v2\/pages\/1611","targetHints":{"allow":["GET"]}}],"collection":[{"href":"https:\/\/rotary.fi\/nykarleby\/wp-json\/wp\/v2\/pages"}],"about":[{"href":"https:\/\/rotary.fi\/nykarleby\/wp-json\/wp\/v2\/types\/page"}],"author":[{"embeddable":true,"href":"https:\/\/rotary.fi\/nykarleby\/wp-json\/wp\/v2\/users\/1"}],"replies":[{"embeddable":true,"href":"https:\/\/rotary.fi\/nykarleby\/wp-json\/wp\/v2\/comments?post=1611"}],"version-history":[{"count":4,"href":"https:\/\/rotary.fi\/nykarleby\/wp-json\/wp\/v2\/pages\/1611\/revisions"}],"predecessor-version":[{"id":1856,"href":"https:\/\/rotary.fi\/nykarleby\/wp-json\/wp\/v2\/pages\/1611\/revisions\/1856"}],"up":[{"embeddable":true,"href":"https:\/\/rotary.fi\/nykarleby\/wp-json\/wp\/v2\/pages\/1602"}],"wp:attachment":[{"href":"https:\/\/rotary.fi\/nykarleby\/wp-json\/wp\/v2\/media?parent=1611"}],"curies":[{"name":"wp","href":"https:\/\/api.w.org\/{rel}","templated":true}]}}