{"id":1569,"date":"2019-03-19T14:22:06","date_gmt":"2019-03-19T12:22:06","guid":{"rendered":"https:\/\/rotary.fi\/nykarleby\/?page_id=1569"},"modified":"2025-12-09T23:18:21","modified_gmt":"2025-12-09T21:18:21","slug":"styrelse-och-funktionarer","status":"publish","type":"page","link":"https:\/\/rotary.fi\/nykarleby\/vem-ar-vi\/styrelse-och-funktionarer\/","title":{"rendered":"Styrelse och funktion\u00e4rer"},"content":{"rendered":"<p>[et_pb_section fb_built=&#8221;1&#8243; module_class=&#8221;jumbotron-page&#8221; _builder_version=&#8221;4.16&#8243; background_image=&#8221;https:\/\/rotary.fi\/nykarleby\/wp-content\/uploads\/sites\/154\/2018\/10\/rotary_klubit_alasivu_paakuva_12.jpg&#8221; global_colors_info=&#8221;{}&#8221;][et_pb_row _builder_version=&#8221;4.16&#8243; background_size=&#8221;initial&#8221; background_position=&#8221;top_left&#8221; background_repeat=&#8221;repeat&#8221; global_colors_info=&#8221;{}&#8221;][et_pb_column type=&#8221;4_4&#8243; _builder_version=&#8221;4.16&#8243; custom_padding=&#8221;|||&#8221; global_colors_info=&#8221;{}&#8221; custom_padding__hover=&#8221;|||&#8221;][et_pb_text admin_label=&#8221;Main \/\/ Styrelse och funktion\u00e4rer&#8221; _builder_version=&#8221;4.27.0&#8243; text_orientation=&#8221;center&#8221; background_layout=&#8221;dark&#8221; global_colors_info=&#8221;{}&#8221;]<\/p>\n<h1>Styrelse och funktion\u00e4rer<\/h1>\n<p>[\/et_pb_text][\/et_pb_column][\/et_pb_row][\/et_pb_section][et_pb_section fb_built=&#8221;1&#8243; specialty=&#8221;on&#8221; module_class_2=&#8221;sivupalkki&#8221; _builder_version=&#8221;4.16&#8243; global_colors_info=&#8221;{}&#8221;][et_pb_column type=&#8221;2_3&#8243; specialty_columns=&#8221;2&#8243; _builder_version=&#8221;4.16&#8243; custom_padding=&#8221;|||&#8221; global_colors_info=&#8221;{}&#8221; custom_padding__hover=&#8221;|||&#8221;][et_pb_row_inner admin_label=&#8221;Rivi&#8221; _builder_version=&#8221;4.16&#8243; global_colors_info=&#8221;{}&#8221;][et_pb_column_inner saved_specialty_column_type=&#8221;2_3&#8243; _builder_version=&#8221;4.16&#8243; custom_padding=&#8221;|||&#8221; global_colors_info=&#8221;{}&#8221; custom_padding__hover=&#8221;|||&#8221;][et_pb_text admin_label=&#8221;Styrelse och funktion\u00e4rer &#8211; rubrik&#8221; _builder_version=&#8221;4.27.0&#8243; text_orientation=&#8221;center&#8221; hover_enabled=&#8221;0&#8243; global_colors_info=&#8221;{}&#8221; sticky_enabled=&#8221;0&#8243;]<\/p>\n<h1>Styrelse och funktion\u00e4rer<\/h1>\n<p>[\/et_pb_text][\/et_pb_column_inner][\/et_pb_row_inner][et_pb_row_inner column_structure=&#8221;1_2,1_2&#8243; admin_label=&#8221;Rivi&#8221; _builder_version=&#8221;4.16&#8243; global_colors_info=&#8221;{}&#8221;][et_pb_column_inner type=&#8221;1_2&#8243; saved_specialty_column_type=&#8221;2_3&#8243; _builder_version=&#8221;4.16&#8243; custom_padding=&#8221;|||&#8221; global_colors_info=&#8221;{}&#8221; custom_padding__hover=&#8221;|||&#8221;][et_pb_team_member name=&#8221;Ulf Bonns&#8221; position=&#8221;President&#8221; admin_label=&#8221;President&#8221; _builder_version=&#8221;4.27.4&#8243; hover_enabled=&#8221;0&#8243; z_index_tablet=&#8221;500&#8243; header_text_shadow_horizontal_length_tablet=&#8221;0px&#8221; header_text_shadow_vertical_length_tablet=&#8221;0px&#8221; header_text_shadow_blur_strength_tablet=&#8221;1px&#8221; body_text_shadow_horizontal_length_tablet=&#8221;0px&#8221; body_text_shadow_vertical_length_tablet=&#8221;0px&#8221; body_text_shadow_blur_strength_tablet=&#8221;1px&#8221; position_text_shadow_horizontal_length_tablet=&#8221;0px&#8221; position_text_shadow_vertical_length_tablet=&#8221;0px&#8221; position_text_shadow_blur_strength_tablet=&#8221;1px&#8221; body_link_text_shadow_horizontal_length_tablet=&#8221;0px&#8221; body_link_text_shadow_vertical_length_tablet=&#8221;0px&#8221; body_link_text_shadow_blur_strength_tablet=&#8221;1px&#8221; body_ul_text_shadow_horizontal_length_tablet=&#8221;0px&#8221; body_ul_text_shadow_vertical_length_tablet=&#8221;0px&#8221; body_ul_text_shadow_blur_strength_tablet=&#8221;1px&#8221; body_ol_text_shadow_horizontal_length_tablet=&#8221;0px&#8221; body_ol_text_shadow_vertical_length_tablet=&#8221;0px&#8221; body_ol_text_shadow_blur_strength_tablet=&#8221;1px&#8221; body_quote_text_shadow_horizontal_length_tablet=&#8221;0px&#8221; body_quote_text_shadow_vertical_length_tablet=&#8221;0px&#8221; body_quote_text_shadow_blur_strength_tablet=&#8221;1px&#8221; box_shadow_horizontal_tablet=&#8221;0px&#8221; box_shadow_vertical_tablet=&#8221;0px&#8221; box_shadow_blur_tablet=&#8221;40px&#8221; box_shadow_spread_tablet=&#8221;0px&#8221; box_shadow_horizontal_image_tablet=&#8221;0px&#8221; box_shadow_vertical_image_tablet=&#8221;0px&#8221; box_shadow_blur_image_tablet=&#8221;40px&#8221; box_shadow_spread_image_tablet=&#8221;0px&#8221; text_shadow_horizontal_length_tablet=&#8221;0px&#8221; text_shadow_vertical_length_tablet=&#8221;0px&#8221; text_shadow_blur_strength_tablet=&#8221;1px&#8221; global_colors_info=&#8221;{}&#8221; sticky_enabled=&#8221;0&#8243;]<\/p>\n<p>President f\u00f6r Nykarleby Rotaryklubb r.f.<\/p>\n<p>tel. 050 5408843<br \/>E-post: <a href=\"mailto:johanna.overgaard@hotmail.com\" target=\"_blank\" rel=\"noopener noreferrer\">uffe.bonns(at)<\/a><a href=\"mailto:johanna.overgaard@hotmail.com\" target=\"_blank\" rel=\"noopener noreferrer\">icloud.com<\/a><\/p>\n<p>[\/et_pb_team_member][\/et_pb_column_inner][et_pb_column_inner type=&#8221;1_2&#8243; saved_specialty_column_type=&#8221;2_3&#8243; _builder_version=&#8221;4.16&#8243; custom_padding=&#8221;|||&#8221; global_colors_info=&#8221;{}&#8221; custom_padding__hover=&#8221;|||&#8221;][et_pb_text admin_label=&#8221;Styrelse&#8221; _builder_version=&#8221;4.27.4&#8243; z_index_tablet=&#8221;500&#8243; text_text_shadow_horizontal_length_tablet=&#8221;0px&#8221; text_text_shadow_vertical_length_tablet=&#8221;0px&#8221; text_text_shadow_blur_strength_tablet=&#8221;1px&#8221; link_text_shadow_horizontal_length_tablet=&#8221;0px&#8221; link_text_shadow_vertical_length_tablet=&#8221;0px&#8221; link_text_shadow_blur_strength_tablet=&#8221;1px&#8221; ul_text_shadow_horizontal_length_tablet=&#8221;0px&#8221; ul_text_shadow_vertical_length_tablet=&#8221;0px&#8221; ul_text_shadow_blur_strength_tablet=&#8221;1px&#8221; ol_text_shadow_horizontal_length_tablet=&#8221;0px&#8221; ol_text_shadow_vertical_length_tablet=&#8221;0px&#8221; ol_text_shadow_blur_strength_tablet=&#8221;1px&#8221; quote_text_shadow_horizontal_length_tablet=&#8221;0px&#8221; quote_text_shadow_vertical_length_tablet=&#8221;0px&#8221; quote_text_shadow_blur_strength_tablet=&#8221;1px&#8221; header_text_shadow_horizontal_length_tablet=&#8221;0px&#8221; header_text_shadow_vertical_length_tablet=&#8221;0px&#8221; header_text_shadow_blur_strength_tablet=&#8221;1px&#8221; header_2_text_shadow_horizontal_length_tablet=&#8221;0px&#8221; header_2_text_shadow_vertical_length_tablet=&#8221;0px&#8221; header_2_text_shadow_blur_strength_tablet=&#8221;1px&#8221; header_3_text_shadow_horizontal_length_tablet=&#8221;0px&#8221; header_3_text_shadow_vertical_length_tablet=&#8221;0px&#8221; header_3_text_shadow_blur_strength_tablet=&#8221;1px&#8221; header_4_text_shadow_horizontal_length_tablet=&#8221;0px&#8221; header_4_text_shadow_vertical_length_tablet=&#8221;0px&#8221; header_4_text_shadow_blur_strength_tablet=&#8221;1px&#8221; header_5_text_shadow_horizontal_length_tablet=&#8221;0px&#8221; header_5_text_shadow_vertical_length_tablet=&#8221;0px&#8221; header_5_text_shadow_blur_strength_tablet=&#8221;1px&#8221; header_6_text_shadow_horizontal_length_tablet=&#8221;0px&#8221; header_6_text_shadow_vertical_length_tablet=&#8221;0px&#8221; header_6_text_shadow_blur_strength_tablet=&#8221;1px&#8221; box_shadow_horizontal_tablet=&#8221;0px&#8221; box_shadow_vertical_tablet=&#8221;0px&#8221; box_shadow_blur_tablet=&#8221;40px&#8221; box_shadow_spread_tablet=&#8221;0px&#8221; global_colors_info=&#8221;{}&#8221;]<\/p>\n<h2>Styrelse<\/h2>\n<p><strong>President f\u00f6r 2025-2026 <\/strong>Ulf Bonns<strong><br \/><\/strong><strong>Vicepresident\/Klubbm\u00e4stare <\/strong>H\u00e5kan Brask\u00e9n<br \/><strong>Past president<\/strong> Johanna \u00d6vergaard<\/p>\n<p><strong>1. sekreterare <\/strong>Pia-Maria Sj\u00f6str\u00f6m<br \/><strong>2. sekreterare <\/strong>Tina Nylund<br \/><strong>Skattm\u00e4stare <\/strong>Guy Envik<br \/><strong>IT-samordnare <\/strong>Kenneth Nylund<\/p>\n<p><strong>Kontaktperson ungdomsutbyte<br \/><\/strong>Tina Nylund<\/p>\n<p>[\/et_pb_text][\/et_pb_column_inner][\/et_pb_row_inner][\/et_pb_column][et_pb_column type=&#8221;1_3&#8243; _builder_version=&#8221;4.16&#8243; custom_padding=&#8221;|||&#8221; global_colors_info=&#8221;{}&#8221; custom_padding__hover=&#8221;|||&#8221;][et_pb_sidebar area=&#8221;sidebar-1&#8243; admin_label=&#8221;Sidebar&#8221; module_class=&#8221;sivupalkki_sisalto&#8221; _builder_version=&#8221;4.16&#8243; locked=&#8221;on&#8221; global_colors_info=&#8221;{}&#8221;]<br \/>\n[\/et_pb_sidebar][\/et_pb_column][\/et_pb_section]<\/p>\n","protected":false},"excerpt":{"rendered":"<p>Styrelse och funktion\u00e4rer Styrelse och funktion\u00e4rer President f\u00f6r Nykarleby Rotaryklubb r.f. tel. 050 5408843E-post: uffe.bonns(at)icloud.comStyrelse President f\u00f6r 2025-2026 Ulf BonnsVicepresident\/Klubbm\u00e4stare H\u00e5kan Brask\u00e9nPast president Johanna \u00d6vergaard 1. sekreterare Pia-Maria Sj\u00f6str\u00f6m2. sekreterare Tina NylundSkattm\u00e4stare Guy EnvikIT-samordnare Kenneth Nylund Kontaktperson ungdomsutbyteTina Nylund<\/p>\n","protected":false},"author":1,"featured_media":0,"parent":1565,"menu_order":1,"comment_status":"closed","ping_status":"closed","template":"","meta":{"_acf_changed":false,"_et_pb_use_builder":"on","_et_pb_old_content":"","_et_gb_content_width":"","footnotes":""},"class_list":["post-1569","page","type-page","status-publish","hentry"],"acf":[],"yoast_head":"<!-- This site is optimized with the Yoast SEO plugin v27.0 - https:\/\/yoast.com\/product\/yoast-seo-wordpress\/ -->\n<title>Styrelse och funktion\u00e4rer - Nykarleby Rotaryklubb<\/title>\n<meta name=\"robots\" content=\"index, follow, max-snippet:-1, max-image-preview:large, max-video-preview:-1\" \/>\n<link rel=\"canonical\" href=\"https:\/\/rotary.fi\/nykarleby\/vem-ar-vi\/styrelse-och-funktionarer\/\" \/>\n<meta property=\"og:locale\" content=\"fi_FI\" \/>\n<meta property=\"og:type\" content=\"article\" \/>\n<meta property=\"og:title\" content=\"Styrelse och funktion\u00e4rer - Nykarleby Rotaryklubb\" \/>\n<meta property=\"og:description\" content=\"Styrelse och funktion\u00e4rer Styrelse och funktion\u00e4rer President f\u00f6r Nykarleby Rotaryklubb r.f. tel. 050 5408843E-post: uffe.bonns(at)icloud.comStyrelse President f\u00f6r 2025-2026 Ulf BonnsVicepresident\/Klubbm\u00e4stare H\u00e5kan Brask\u00e9nPast president Johanna \u00d6vergaard 1. sekreterare Pia-Maria Sj\u00f6str\u00f6m2. sekreterare Tina NylundSkattm\u00e4stare Guy EnvikIT-samordnare Kenneth Nylund Kontaktperson ungdomsutbyteTina Nylund\" \/>\n<meta property=\"og:url\" content=\"https:\/\/rotary.fi\/nykarleby\/vem-ar-vi\/styrelse-och-funktionarer\/\" \/>\n<meta property=\"og:site_name\" content=\"Nykarleby Rotaryklubb\" \/>\n<meta property=\"article:modified_time\" content=\"2025-12-09T21:18:21+00:00\" \/>\n<meta name=\"twitter:card\" content=\"summary_large_image\" \/>\n<meta name=\"twitter:label1\" content=\"Arvioitu lukuaika\" \/>\n\t<meta name=\"twitter:data1\" content=\"1 minuutti\" \/>\n<script type=\"application\/ld+json\" class=\"yoast-schema-graph\">{\"@context\":\"https:\/\/schema.org\",\"@graph\":[{\"@type\":\"WebPage\",\"@id\":\"https:\/\/rotary.fi\/nykarleby\/vem-ar-vi\/styrelse-och-funktionarer\/\",\"url\":\"https:\/\/rotary.fi\/nykarleby\/vem-ar-vi\/styrelse-och-funktionarer\/\",\"name\":\"Styrelse och funktion\u00e4rer - Nykarleby Rotaryklubb\",\"isPartOf\":{\"@id\":\"https:\/\/rotary.fi\/nykarleby\/#website\"},\"datePublished\":\"2019-03-19T12:22:06+00:00\",\"dateModified\":\"2025-12-09T21:18:21+00:00\",\"breadcrumb\":{\"@id\":\"https:\/\/rotary.fi\/nykarleby\/vem-ar-vi\/styrelse-och-funktionarer\/#breadcrumb\"},\"inLanguage\":\"fi\",\"potentialAction\":[{\"@type\":\"ReadAction\",\"target\":[\"https:\/\/rotary.fi\/nykarleby\/vem-ar-vi\/styrelse-och-funktionarer\/\"]}]},{\"@type\":\"BreadcrumbList\",\"@id\":\"https:\/\/rotary.fi\/nykarleby\/vem-ar-vi\/styrelse-och-funktionarer\/#breadcrumb\",\"itemListElement\":[{\"@type\":\"ListItem\",\"position\":1,\"name\":\"Home\",\"item\":\"https:\/\/rotary.fi\/nykarleby\/\"},{\"@type\":\"ListItem\",\"position\":2,\"name\":\"Vem \u00e4r vi\",\"item\":\"https:\/\/rotary.fi\/nykarleby\/vem-ar-vi\/\"},{\"@type\":\"ListItem\",\"position\":3,\"name\":\"Styrelse och funktion\u00e4rer\"}]},{\"@type\":\"WebSite\",\"@id\":\"https:\/\/rotary.fi\/nykarleby\/#website\",\"url\":\"https:\/\/rotary.fi\/nykarleby\/\",\"name\":\"Nykarleby Rotaryklubb\",\"description\":\"Uusi Rotary klubisivusto\",\"potentialAction\":[{\"@type\":\"SearchAction\",\"target\":{\"@type\":\"EntryPoint\",\"urlTemplate\":\"https:\/\/rotary.fi\/nykarleby\/?s={search_term_string}\"},\"query-input\":{\"@type\":\"PropertyValueSpecification\",\"valueRequired\":true,\"valueName\":\"search_term_string\"}}],\"inLanguage\":\"fi\"}]}<\/script>\n<!-- \/ Yoast SEO plugin. -->","yoast_head_json":{"title":"Styrelse och funktion\u00e4rer - Nykarleby Rotaryklubb","robots":{"index":"index","follow":"follow","max-snippet":"max-snippet:-1","max-image-preview":"max-image-preview:large","max-video-preview":"max-video-preview:-1"},"canonical":"https:\/\/rotary.fi\/nykarleby\/vem-ar-vi\/styrelse-och-funktionarer\/","og_locale":"fi_FI","og_type":"article","og_title":"Styrelse och funktion\u00e4rer - Nykarleby Rotaryklubb","og_description":"Styrelse och funktion\u00e4rer Styrelse och funktion\u00e4rer President f\u00f6r Nykarleby Rotaryklubb r.f. tel. 050 5408843E-post: uffe.bonns(at)icloud.comStyrelse President f\u00f6r 2025-2026 Ulf BonnsVicepresident\/Klubbm\u00e4stare H\u00e5kan Brask\u00e9nPast president Johanna \u00d6vergaard 1. sekreterare Pia-Maria Sj\u00f6str\u00f6m2. sekreterare Tina NylundSkattm\u00e4stare Guy EnvikIT-samordnare Kenneth Nylund Kontaktperson ungdomsutbyteTina Nylund","og_url":"https:\/\/rotary.fi\/nykarleby\/vem-ar-vi\/styrelse-och-funktionarer\/","og_site_name":"Nykarleby Rotaryklubb","article_modified_time":"2025-12-09T21:18:21+00:00","twitter_card":"summary_large_image","twitter_misc":{"Arvioitu lukuaika":"1 minuutti"},"schema":{"@context":"https:\/\/schema.org","@graph":[{"@type":"WebPage","@id":"https:\/\/rotary.fi\/nykarleby\/vem-ar-vi\/styrelse-och-funktionarer\/","url":"https:\/\/rotary.fi\/nykarleby\/vem-ar-vi\/styrelse-och-funktionarer\/","name":"Styrelse och funktion\u00e4rer - Nykarleby Rotaryklubb","isPartOf":{"@id":"https:\/\/rotary.fi\/nykarleby\/#website"},"datePublished":"2019-03-19T12:22:06+00:00","dateModified":"2025-12-09T21:18:21+00:00","breadcrumb":{"@id":"https:\/\/rotary.fi\/nykarleby\/vem-ar-vi\/styrelse-och-funktionarer\/#breadcrumb"},"inLanguage":"fi","potentialAction":[{"@type":"ReadAction","target":["https:\/\/rotary.fi\/nykarleby\/vem-ar-vi\/styrelse-och-funktionarer\/"]}]},{"@type":"BreadcrumbList","@id":"https:\/\/rotary.fi\/nykarleby\/vem-ar-vi\/styrelse-och-funktionarer\/#breadcrumb","itemListElement":[{"@type":"ListItem","position":1,"name":"Home","item":"https:\/\/rotary.fi\/nykarleby\/"},{"@type":"ListItem","position":2,"name":"Vem \u00e4r vi","item":"https:\/\/rotary.fi\/nykarleby\/vem-ar-vi\/"},{"@type":"ListItem","position":3,"name":"Styrelse och funktion\u00e4rer"}]},{"@type":"WebSite","@id":"https:\/\/rotary.fi\/nykarleby\/#website","url":"https:\/\/rotary.fi\/nykarleby\/","name":"Nykarleby Rotaryklubb","description":"Uusi Rotary klubisivusto","potentialAction":[{"@type":"SearchAction","target":{"@type":"EntryPoint","urlTemplate":"https:\/\/rotary.fi\/nykarleby\/?s={search_term_string}"},"query-input":{"@type":"PropertyValueSpecification","valueRequired":true,"valueName":"search_term_string"}}],"inLanguage":"fi"}]}},"lang":"sv","translations":{"sv":1569},"pll_sync_post":[],"_links":{"self":[{"href":"https:\/\/rotary.fi\/nykarleby\/wp-json\/wp\/v2\/pages\/1569","targetHints":{"allow":["GET"]}}],"collection":[{"href":"https:\/\/rotary.fi\/nykarleby\/wp-json\/wp\/v2\/pages"}],"about":[{"href":"https:\/\/rotary.fi\/nykarleby\/wp-json\/wp\/v2\/types\/page"}],"author":[{"embeddable":true,"href":"https:\/\/rotary.fi\/nykarleby\/wp-json\/wp\/v2\/users\/1"}],"replies":[{"embeddable":true,"href":"https:\/\/rotary.fi\/nykarleby\/wp-json\/wp\/v2\/comments?post=1569"}],"version-history":[{"count":9,"href":"https:\/\/rotary.fi\/nykarleby\/wp-json\/wp\/v2\/pages\/1569\/revisions"}],"predecessor-version":[{"id":2021,"href":"https:\/\/rotary.fi\/nykarleby\/wp-json\/wp\/v2\/pages\/1569\/revisions\/2021"}],"up":[{"embeddable":true,"href":"https:\/\/rotary.fi\/nykarleby\/wp-json\/wp\/v2\/pages\/1565"}],"wp:attachment":[{"href":"https:\/\/rotary.fi\/nykarleby\/wp-json\/wp\/v2\/media?parent=1569"}],"curies":[{"name":"wp","href":"https:\/\/api.w.org\/{rel}","templated":true}]}}