{"id":3323,"date":"2021-07-07T12:25:12","date_gmt":"2021-07-07T09:25:12","guid":{"rendered":"https:\/\/rotary.fi\/nurmijarviklaukkala\/?page_id=3323"},"modified":"2025-12-10T14:09:05","modified_gmt":"2025-12-10T12:09:05","slug":"arvopohjamme","status":"publish","type":"page","link":"https:\/\/rotary.fi\/nurmijarviklaukkala\/arvopohjamme\/","title":{"rendered":"Arvopohjamme"},"content":{"rendered":"<p>[et_pb_section fb_built=&#8221;1&#8243; module_class=&#8221;jumbotron-page&#8221; _builder_version=&#8221;4.16&#8243; background_image=&#8221;https:\/\/rotary.fi\/nurmijarviklaukkala\/wp-content\/uploads\/sites\/109\/2021\/07\/rotary-kuva-6.jpg&#8221; inner_width_tablet=&#8221;50px&#8221; inner_max_width_tablet=&#8221;50px&#8221; min_height=&#8221;1000px&#8221; max_height=&#8221;444px&#8221; z_index_tablet=&#8221;500&#8243; global_colors_info=&#8221;{}&#8221;][et_pb_row _builder_version=&#8221;4.16&#8243; background_size=&#8221;initial&#8221; background_position=&#8221;top_left&#8221; background_repeat=&#8221;repeat&#8221; global_colors_info=&#8221;{}&#8221;][et_pb_column type=&#8221;4_4&#8243; _builder_version=&#8221;4.16&#8243; custom_padding=&#8221;|||&#8221; global_colors_info=&#8221;{}&#8221; custom_padding__hover=&#8221;|||&#8221;][et_pb_text admin_label=&#8221;P\u00e4\u00e4otsikko&#8221; _builder_version=&#8221;4.16&#8243; background_enable_image=&#8221;off&#8221; text_orientation=&#8221;center&#8221; background_layout=&#8221;dark&#8221; global_colors_info=&#8221;{}&#8221;]<\/p>\n<h1><\/h1>\n<h1>ARVOPOHJAMME<\/h1>\n<p>[\/et_pb_text][\/et_pb_column][\/et_pb_row][\/et_pb_section][et_pb_section fb_built=&#8221;1&#8243; specialty=&#8221;on&#8221; module_class_2=&#8221;sivupalkki&#8221; _builder_version=&#8221;4.16&#8243; inner_max_width=&#8221;none&#8221; global_colors_info=&#8221;{}&#8221;][et_pb_column type=&#8221;2_3&#8243; specialty_columns=&#8221;2&#8243; _builder_version=&#8221;4.16&#8243; custom_padding=&#8221;|||&#8221; global_colors_info=&#8221;{}&#8221; custom_padding__hover=&#8221;|||&#8221;][et_pb_row_inner admin_label=&#8221;Rivi&#8221; _builder_version=&#8221;4.16&#8243; global_colors_info=&#8221;{}&#8221;][et_pb_column_inner saved_specialty_column_type=&#8221;2_3&#8243; _builder_version=&#8221;4.16&#8243; custom_padding=&#8221;|||&#8221; global_colors_info=&#8221;{}&#8221; custom_padding__hover=&#8221;|||&#8221;][et_pb_text admin_label=&#8221;Otsikko&#8221; _builder_version=&#8221;4.16&#8243; text_orientation=&#8221;center&#8221; hover_enabled=&#8221;0&#8243; global_colors_info=&#8221;{}&#8221; sticky_enabled=&#8221;0&#8243;][\/et_pb_text][et_pb_text _builder_version=&#8221;4.27.4&#8243; background_enable_image=&#8221;off&#8221; hover_enabled=&#8221;0&#8243; z_index_tablet=&#8221;500&#8243; text_text_shadow_horizontal_length_tablet=&#8221;0px&#8221; text_text_shadow_vertical_length_tablet=&#8221;0px&#8221; text_text_shadow_blur_strength_tablet=&#8221;1px&#8221; link_text_shadow_horizontal_length_tablet=&#8221;0px&#8221; link_text_shadow_vertical_length_tablet=&#8221;0px&#8221; link_text_shadow_blur_strength_tablet=&#8221;1px&#8221; ul_text_shadow_horizontal_length_tablet=&#8221;0px&#8221; ul_text_shadow_vertical_length_tablet=&#8221;0px&#8221; ul_text_shadow_blur_strength_tablet=&#8221;1px&#8221; ol_text_shadow_horizontal_length_tablet=&#8221;0px&#8221; ol_text_shadow_vertical_length_tablet=&#8221;0px&#8221; ol_text_shadow_blur_strength_tablet=&#8221;1px&#8221; quote_text_shadow_horizontal_length_tablet=&#8221;0px&#8221; quote_text_shadow_vertical_length_tablet=&#8221;0px&#8221; quote_text_shadow_blur_strength_tablet=&#8221;1px&#8221; header_text_shadow_horizontal_length_tablet=&#8221;0px&#8221; header_text_shadow_vertical_length_tablet=&#8221;0px&#8221; header_text_shadow_blur_strength_tablet=&#8221;1px&#8221; header_2_text_shadow_horizontal_length_tablet=&#8221;0px&#8221; header_2_text_shadow_vertical_length_tablet=&#8221;0px&#8221; header_2_text_shadow_blur_strength_tablet=&#8221;1px&#8221; header_3_text_shadow_horizontal_length_tablet=&#8221;0px&#8221; header_3_text_shadow_vertical_length_tablet=&#8221;0px&#8221; header_3_text_shadow_blur_strength_tablet=&#8221;1px&#8221; header_4_text_shadow_horizontal_length_tablet=&#8221;0px&#8221; header_4_text_shadow_vertical_length_tablet=&#8221;0px&#8221; header_4_text_shadow_blur_strength_tablet=&#8221;1px&#8221; header_5_text_shadow_horizontal_length_tablet=&#8221;0px&#8221; header_5_text_shadow_vertical_length_tablet=&#8221;0px&#8221; header_5_text_shadow_blur_strength_tablet=&#8221;1px&#8221; header_6_text_shadow_horizontal_length_tablet=&#8221;0px&#8221; header_6_text_shadow_vertical_length_tablet=&#8221;0px&#8221; header_6_text_shadow_blur_strength_tablet=&#8221;1px&#8221; box_shadow_horizontal_tablet=&#8221;0px&#8221; box_shadow_vertical_tablet=&#8221;0px&#8221; box_shadow_blur_tablet=&#8221;40px&#8221; box_shadow_spread_tablet=&#8221;0px&#8221; global_colors_info=&#8221;{}&#8221; admin_label=&#8221;Rotary international &#8211; Ydinarvot &#8211; 4 kysymyksen koe . tavoite . Singapore&#8221; sticky_enabled=&#8221;0&#8243;]<\/p>\n<h1><strong>Rotary international<\/strong><\/h1>\n<h2>\u00a0<\/h2>\n<p>&nbsp;<\/p>\n<h2>Ydinarvot<\/h2>\n<p>Rotary hyv\u00e4ksyi ydinarvot osana Rotaryn strategiasuunnitelmaa tarkoittaen, ett\u00e4 n\u00e4m\u00e4 viisi arvoa ovat rotarina olemisen perusominaisuuksia. Rotary Internationalin ydinarvot ovat:<\/p>\n<ul>\n<li>Toveruus<\/li>\n<li>Rehellisyys<\/li>\n<li>Moninaisuus<\/li>\n<li>Palvelu<\/li>\n<li>Johtajuus<\/li>\n<\/ul>\n<p>&nbsp;<\/p>\n<h2>Nelj\u00e4n kysymyksen koe<\/h2>\n<p>Tutki ajatuksiasi, sanojasi ja tekojasi kysym\u00e4ll\u00e4 itselt\u00e4si:<\/p>\n<ol>\n<li>Onko t\u00e4m\u00e4 TOTTA?<\/li>\n<li>Onko t\u00e4m\u00e4 OIKEUDENMUKAISTA kaikkia asianosaisia kohtaan?<\/li>\n<li>Luoko t\u00e4m\u00e4 HYV\u00c4\u00c4 TAHTOA ja PARANTAAKO t\u00e4m\u00e4 YST\u00c4VYYSSUHTEITA?<\/li>\n<li>Onko t\u00e4m\u00e4 kaikkien osapuolten EDUN MUKAISTA?<\/li>\n<\/ol>\n<h2>\u00a0<\/h2>\n<h2>Rotaryn tavoite<\/h2>\n<p>Rotaryn tavoitteena on vaalia palvelemi\u00adsen ihannetta kaiken arvossapidetyn yrit\u00adteli\u00e4isyyden perustana<\/p>\n<ol>\n<li>edist\u00e4m\u00e4ll\u00e4 tuttavuussuhteiden synty\u00admist\u00e4 ja siten luomalla tilaisuuksia pal\u00advelemiseen<\/li>\n<li>vaalimalla liike- ja ammattimoraalia ja arvostamalla kaikkea hy\u00f6dyllist\u00e4 ty\u00f6t\u00e4 sek\u00e4 opastamalla jokaista rotaria n\u00e4kem\u00e4\u00e4n oma ammattinsa tilaisuutena pal\u00advella yhteiskuntaa<\/li>\n<li>innostamalla jokaista rotaria toteutta\u00admaan palvelemisen ihannetta yksityis\u00adel\u00e4m\u00e4ss\u00e4\u00e4n, ammatissaan ja yhteis\u00adkunnan j\u00e4senen\u00e4<\/li>\n<li>edist\u00e4m\u00e4ll\u00e4 kansojen v\u00e4list\u00e4 yhteisym\u00adm\u00e4rryst\u00e4, hyv\u00e4\u00e4 tahtoa ja rauhaa pal\u00advelemisen ihanteen yhdist\u00e4mien ty\u00f6n ja toiminnan ihmisten v\u00e4lisen yst\u00e4vyyden avulla.<\/li>\n<\/ol>\n<p>&nbsp;<\/p>\n<h2><strong>Singaporen julistus <\/strong><\/h2>\n<p>Liike- ja ammattialoilla toimiville rotareille m\u00e4\u00e4riteltiin kahdeksan kohdan eettinen julistus vuonna 1989 Singaporessa pidetyss\u00e4 s\u00e4\u00e4nt\u00f6valtuuskunnan kokouksessa. Chicagossa 30-luvulla syntyneen Nelj\u00e4n kysymyksen kokeen ja ns. Singaporen julistuksen v\u00e4liin mahtuu l\u00e4hes 60 vuoden kehityskaari. <strong>Liike- ja ammattialalla toimivana rotarina minun velvollisuuteni on<\/strong><\/p>\n<ul>\n<li>suhtautua omaan ammattiini tilaisuute\u00adna palvella<\/li>\n<li>noudattaa uskollisesti oman ammattini eettisten ohjeiden kirjainta ja henke\u00e4, oman maani lakeja ja oman yhteis\u00f6ni moraalis\u00e4\u00e4nt\u00f6j\u00e4<\/li>\n<li>tehd\u00e4 kaikkeni kohottaakseni ammatti\u00adni arvostusta ja edist\u00e4\u00e4kseni korkeim\u00adpia eettisi\u00e4 arvoja omassa ammatis\u00adsani olla rehellinen ja tasapuolinen ty\u00f6n\u00adantajaani, ty\u00f6ntekij\u00f6it\u00e4ni, yhti\u00f6kumppa\u00adneitani, kilpailijoitani, asiakkaitani ja yleis\u00f6\u00e4 kohtaan sek\u00e4 kaikkia niit\u00e4 koh\u00adtaan, joihin olen liike- tai ammattisuh\u00adteessa<\/li>\n<li>olla rehellinen ja tasapuolinen ty\u00f6nantajaani, ty\u00f6ntekij\u00f6it\u00e4ni, yhteisty\u00f6kumppaneitani, kilpailijoitani, asiakkaitani ja yleis\u00f6\u00e4 kohtaan sek\u00e4 kaikkia niit\u00e4 kohtaan, joihin olen liike- tai ammattisuhteessa<\/li>\n<li>kunnioittaa ja arvostaa kaikkia yhteis\u00adkunnalle hy\u00f6dyllisi\u00e4 ammatteja<\/li>\n<li>tarjota ammattitaitoni avuksi yritett\u00e4es\u00ads\u00e4 l\u00f6yt\u00e4\u00e4 ty\u00f6mahdollisuuksia nuorille, pyritt\u00e4ess\u00e4 auttamaan erityisongelmis\u00adta k\u00e4rsivi\u00e4 ihmisi\u00e4 ja kehitett\u00e4ess\u00e4 paikkakuntani asukkaiden el\u00e4m\u00e4nlaa\u00adtua<\/li>\n<li>olla rehellinen markkinoinnissani ja edustaessani liike- tai ammattialaani yleis\u00f6n edess\u00e4<\/li>\n<li>olla pyyt\u00e4m\u00e4tt\u00e4 muilta rotareilta ja olla suomatta heille sellaista etuoikeutta tai etua, jota en tavallisesti soisi muille lii\u00adke- tai ammattikumppaneilleni.<\/li>\n<\/ul>\n<p>&nbsp;<\/p>\n<h2>Moninaisuus, Oikeudenmukaisuus ja Osallistavuus<\/h2>\n<p>Kuten kansainv\u00e4linen yhteis\u00f6, joka haluaa rakentaa maailman, jossa ihmiset ovat yhdess\u00e4 ja toteuttavat kest\u00e4vi\u00e4 muutoksia, my\u00f6s Rotary arvostaa moninaisuutta ja juhlii eritaustaisten ihmisten sitoutumisesta, riippumatta heid\u00e4n i\u00e4st\u00e4\u00e4n, etnisest\u00e4 taustastaan, rodustaan, v\u00e4rist\u00e4\u00e4n, kyvyist\u00e4\u00e4n, uskonnostaan, sosioekonomisesta tasostaan, kulttuuristaan, sukupuolestaan, sukupuolisesta suuntautuneisuudestaan tai sukupuoli-ideniteetist\u00e4\u00e4n.<\/p>\n<p>&nbsp;<\/p>\n<p><strong>PERIAATTEET<\/strong><\/p>\n<p>Ohjeeksi rotareille ja muodostaakseen Rotarylle yhteiskuntapalvelua ajatellen menettelytavat, on hyv\u00e4ksytty seuraavat terveet ja toimintaa ohjaavat periaatteet:<\/p>\n<p>Rotaryn yhteiskuntapalvelu kannustaa jokaista rotaria toteuttamaan palvelemisen ihannetta yksityisel\u00e4m\u00e4ss\u00e4\u00e4n, ammatissaan ja yhteiskunnan j\u00e4senen\u00e4. Pyrkiess\u00e4\u00e4n toteuttamaan palvelemisen ihannetta rotaryklubit ovat kehitt\u00e4neet hyvin erilaisia palveluprojekteja, jotka ovat tarjonneet j\u00e4senille merkitt\u00e4vi\u00e4 palvelumahdollisuuksia. Ohjeeksi rotareille ja muodostaakseen Rotarylle yhteiskuntapalvelua ajatellen menettelytavat, on hyv\u00e4ksytty seuraavat periaatteet: Yhteiskuntapalvelussa jokaisella rotarilla on tilaisuus toteuttaa pyyteett\u00f6m\u00e4n palvelemisen ihannetta, \u201dService Above Self.\u201d Jokaisen rotarin ja rotaryklubin yhteiskunnallisena velvollisuutena ja sitoumuksena on parantaa niiden ihmisten el\u00e4m\u00e4nlaatua, jotka asuvat paikkakunnalla, ja toimia yhteis\u00f6n hyv\u00e4ksi.<\/p>\n<p>Aktiviteetit, jotka vaativat kaikkien rotareiden henkil\u00f6kohtaista osallistumista, ovat yleens\u00e4 l\u00e4hemp\u00e4n\u00e4 Rotaryn luonnetta kuin ne, jotka vaativat vain klubin toimintaa<\/p>\n<p>Rotary on ep\u00e4poliittinen ja uskontoihin sitoutumaton j\u00e4rjest\u00f6.<\/p>\n<p>Rotaryn toiminta perustuu klubikokouksiin, muihin klubitapahtumiin ja klubin palveluprojekteihin.<\/p>\n<p>[\/et_pb_text][\/et_pb_column_inner][\/et_pb_row_inner][\/et_pb_column][et_pb_column type=&#8221;1_3&#8243; _builder_version=&#8221;4.16&#8243; custom_padding=&#8221;|||&#8221; global_colors_info=&#8221;{}&#8221; custom_padding__hover=&#8221;|||&#8221;][et_pb_sidebar area=&#8221;sidebar-1&#8243; module_class=&#8221;sivupalkki_sisalto&#8221; _builder_version=&#8221;4.16&#8243; locked=&#8221;on&#8221; global_colors_info=&#8221;{}&#8221;][\/et_pb_sidebar][\/et_pb_column][\/et_pb_section]<\/p>\n","protected":false},"excerpt":{"rendered":"<p>ARVOPOHJAMME Rotary international \u00a0 &nbsp; Ydinarvot Rotary hyv\u00e4ksyi ydinarvot osana Rotaryn strategiasuunnitelmaa tarkoittaen, ett\u00e4 n\u00e4m\u00e4 viisi arvoa ovat rotarina olemisen perusominaisuuksia. Rotary Internationalin ydinarvot ovat: Toveruus Rehellisyys Moninaisuus Palvelu Johtajuus &nbsp; Nelj\u00e4n kysymyksen koe Tutki ajatuksiasi, sanojasi ja tekojasi kysym\u00e4ll\u00e4 itselt\u00e4si: Onko t\u00e4m\u00e4 TOTTA? Onko t\u00e4m\u00e4 OIKEUDENMUKAISTA kaikkia asianosaisia kohtaan? Luoko t\u00e4m\u00e4 HYV\u00c4\u00c4 TAHTOA ja [&hellip;]<\/p>\n","protected":false},"author":1,"featured_media":0,"parent":0,"menu_order":0,"comment_status":"closed","ping_status":"closed","template":"","meta":{"_acf_changed":false,"_et_pb_use_builder":"on","_et_pb_old_content":"","_et_gb_content_width":"","footnotes":""},"class_list":["post-3323","page","type-page","status-publish","hentry"],"acf":[],"yoast_head":"<!-- This site is optimized with the Yoast SEO plugin v27.0 - https:\/\/yoast.com\/product\/yoast-seo-wordpress\/ -->\n<title>Arvopohjamme - Nurmij\u00e4rvi-Klaukkalan Rotaryklubi ry<\/title>\n<meta name=\"robots\" content=\"index, follow, max-snippet:-1, max-image-preview:large, max-video-preview:-1\" \/>\n<link rel=\"canonical\" href=\"https:\/\/rotary.fi\/nurmijarviklaukkala\/arvopohjamme\/\" \/>\n<meta property=\"og:locale\" content=\"fi_FI\" \/>\n<meta property=\"og:type\" content=\"article\" \/>\n<meta property=\"og:title\" content=\"Arvopohjamme - Nurmij\u00e4rvi-Klaukkalan Rotaryklubi ry\" \/>\n<meta property=\"og:description\" content=\"ARVOPOHJAMME Rotary international \u00a0 &nbsp; Ydinarvot Rotary hyv\u00e4ksyi ydinarvot osana Rotaryn strategiasuunnitelmaa tarkoittaen, ett\u00e4 n\u00e4m\u00e4 viisi arvoa ovat rotarina olemisen perusominaisuuksia. Rotary Internationalin ydinarvot ovat: Toveruus Rehellisyys Moninaisuus Palvelu Johtajuus &nbsp; Nelj\u00e4n kysymyksen koe Tutki ajatuksiasi, sanojasi ja tekojasi kysym\u00e4ll\u00e4 itselt\u00e4si: Onko t\u00e4m\u00e4 TOTTA? Onko t\u00e4m\u00e4 OIKEUDENMUKAISTA kaikkia asianosaisia kohtaan? Luoko t\u00e4m\u00e4 HYV\u00c4\u00c4 TAHTOA ja [&hellip;]\" \/>\n<meta property=\"og:url\" content=\"https:\/\/rotary.fi\/nurmijarviklaukkala\/arvopohjamme\/\" \/>\n<meta property=\"og:site_name\" content=\"Nurmij\u00e4rvi-Klaukkalan Rotaryklubi ry\" \/>\n<meta property=\"article:modified_time\" content=\"2025-12-10T12:09:05+00:00\" \/>\n<meta name=\"twitter:card\" content=\"summary_large_image\" \/>\n<meta name=\"twitter:label1\" content=\"Arvioitu lukuaika\" \/>\n\t<meta name=\"twitter:data1\" content=\"4 minuuttia\" \/>\n<script type=\"application\/ld+json\" class=\"yoast-schema-graph\">{\"@context\":\"https:\/\/schema.org\",\"@graph\":[{\"@type\":\"WebPage\",\"@id\":\"https:\/\/rotary.fi\/nurmijarviklaukkala\/arvopohjamme\/\",\"url\":\"https:\/\/rotary.fi\/nurmijarviklaukkala\/arvopohjamme\/\",\"name\":\"Arvopohjamme - Nurmij\u00e4rvi-Klaukkalan Rotaryklubi ry\",\"isPartOf\":{\"@id\":\"https:\/\/rotary.fi\/nurmijarviklaukkala\/#website\"},\"datePublished\":\"2021-07-07T09:25:12+00:00\",\"dateModified\":\"2025-12-10T12:09:05+00:00\",\"breadcrumb\":{\"@id\":\"https:\/\/rotary.fi\/nurmijarviklaukkala\/arvopohjamme\/#breadcrumb\"},\"inLanguage\":\"fi\",\"potentialAction\":[{\"@type\":\"ReadAction\",\"target\":[\"https:\/\/rotary.fi\/nurmijarviklaukkala\/arvopohjamme\/\"]}]},{\"@type\":\"BreadcrumbList\",\"@id\":\"https:\/\/rotary.fi\/nurmijarviklaukkala\/arvopohjamme\/#breadcrumb\",\"itemListElement\":[{\"@type\":\"ListItem\",\"position\":1,\"name\":\"Home\",\"item\":\"https:\/\/rotary.fi\/nurmijarviklaukkala\/\"},{\"@type\":\"ListItem\",\"position\":2,\"name\":\"Arvopohjamme\"}]},{\"@type\":\"WebSite\",\"@id\":\"https:\/\/rotary.fi\/nurmijarviklaukkala\/#website\",\"url\":\"https:\/\/rotary.fi\/nurmijarviklaukkala\/\",\"name\":\"Nurmij\u00e4rvi-Klaukkalan Rotaryklubi ry\",\"description\":\"Uusi Rotary klubisivusto\",\"potentialAction\":[{\"@type\":\"SearchAction\",\"target\":{\"@type\":\"EntryPoint\",\"urlTemplate\":\"https:\/\/rotary.fi\/nurmijarviklaukkala\/?s={search_term_string}\"},\"query-input\":{\"@type\":\"PropertyValueSpecification\",\"valueRequired\":true,\"valueName\":\"search_term_string\"}}],\"inLanguage\":\"fi\"}]}<\/script>\n<!-- \/ Yoast SEO plugin. -->","yoast_head_json":{"title":"Arvopohjamme - Nurmij\u00e4rvi-Klaukkalan Rotaryklubi ry","robots":{"index":"index","follow":"follow","max-snippet":"max-snippet:-1","max-image-preview":"max-image-preview:large","max-video-preview":"max-video-preview:-1"},"canonical":"https:\/\/rotary.fi\/nurmijarviklaukkala\/arvopohjamme\/","og_locale":"fi_FI","og_type":"article","og_title":"Arvopohjamme - Nurmij\u00e4rvi-Klaukkalan Rotaryklubi ry","og_description":"ARVOPOHJAMME Rotary international \u00a0 &nbsp; Ydinarvot Rotary hyv\u00e4ksyi ydinarvot osana Rotaryn strategiasuunnitelmaa tarkoittaen, ett\u00e4 n\u00e4m\u00e4 viisi arvoa ovat rotarina olemisen perusominaisuuksia. Rotary Internationalin ydinarvot ovat: Toveruus Rehellisyys Moninaisuus Palvelu Johtajuus &nbsp; Nelj\u00e4n kysymyksen koe Tutki ajatuksiasi, sanojasi ja tekojasi kysym\u00e4ll\u00e4 itselt\u00e4si: Onko t\u00e4m\u00e4 TOTTA? Onko t\u00e4m\u00e4 OIKEUDENMUKAISTA kaikkia asianosaisia kohtaan? Luoko t\u00e4m\u00e4 HYV\u00c4\u00c4 TAHTOA ja [&hellip;]","og_url":"https:\/\/rotary.fi\/nurmijarviklaukkala\/arvopohjamme\/","og_site_name":"Nurmij\u00e4rvi-Klaukkalan Rotaryklubi ry","article_modified_time":"2025-12-10T12:09:05+00:00","twitter_card":"summary_large_image","twitter_misc":{"Arvioitu lukuaika":"4 minuuttia"},"schema":{"@context":"https:\/\/schema.org","@graph":[{"@type":"WebPage","@id":"https:\/\/rotary.fi\/nurmijarviklaukkala\/arvopohjamme\/","url":"https:\/\/rotary.fi\/nurmijarviklaukkala\/arvopohjamme\/","name":"Arvopohjamme - Nurmij\u00e4rvi-Klaukkalan Rotaryklubi ry","isPartOf":{"@id":"https:\/\/rotary.fi\/nurmijarviklaukkala\/#website"},"datePublished":"2021-07-07T09:25:12+00:00","dateModified":"2025-12-10T12:09:05+00:00","breadcrumb":{"@id":"https:\/\/rotary.fi\/nurmijarviklaukkala\/arvopohjamme\/#breadcrumb"},"inLanguage":"fi","potentialAction":[{"@type":"ReadAction","target":["https:\/\/rotary.fi\/nurmijarviklaukkala\/arvopohjamme\/"]}]},{"@type":"BreadcrumbList","@id":"https:\/\/rotary.fi\/nurmijarviklaukkala\/arvopohjamme\/#breadcrumb","itemListElement":[{"@type":"ListItem","position":1,"name":"Home","item":"https:\/\/rotary.fi\/nurmijarviklaukkala\/"},{"@type":"ListItem","position":2,"name":"Arvopohjamme"}]},{"@type":"WebSite","@id":"https:\/\/rotary.fi\/nurmijarviklaukkala\/#website","url":"https:\/\/rotary.fi\/nurmijarviklaukkala\/","name":"Nurmij\u00e4rvi-Klaukkalan Rotaryklubi ry","description":"Uusi Rotary klubisivusto","potentialAction":[{"@type":"SearchAction","target":{"@type":"EntryPoint","urlTemplate":"https:\/\/rotary.fi\/nurmijarviklaukkala\/?s={search_term_string}"},"query-input":{"@type":"PropertyValueSpecification","valueRequired":true,"valueName":"search_term_string"}}],"inLanguage":"fi"}]}},"lang":"fi","translations":{"fi":3323},"pll_sync_post":[],"_links":{"self":[{"href":"https:\/\/rotary.fi\/nurmijarviklaukkala\/wp-json\/wp\/v2\/pages\/3323","targetHints":{"allow":["GET"]}}],"collection":[{"href":"https:\/\/rotary.fi\/nurmijarviklaukkala\/wp-json\/wp\/v2\/pages"}],"about":[{"href":"https:\/\/rotary.fi\/nurmijarviklaukkala\/wp-json\/wp\/v2\/types\/page"}],"author":[{"embeddable":true,"href":"https:\/\/rotary.fi\/nurmijarviklaukkala\/wp-json\/wp\/v2\/users\/1"}],"replies":[{"embeddable":true,"href":"https:\/\/rotary.fi\/nurmijarviklaukkala\/wp-json\/wp\/v2\/comments?post=3323"}],"version-history":[{"count":9,"href":"https:\/\/rotary.fi\/nurmijarviklaukkala\/wp-json\/wp\/v2\/pages\/3323\/revisions"}],"predecessor-version":[{"id":5302,"href":"https:\/\/rotary.fi\/nurmijarviklaukkala\/wp-json\/wp\/v2\/pages\/3323\/revisions\/5302"}],"wp:attachment":[{"href":"https:\/\/rotary.fi\/nurmijarviklaukkala\/wp-json\/wp\/v2\/media?parent=3323"}],"curies":[{"name":"wp","href":"https:\/\/api.w.org\/{rel}","templated":true}]}}