{"id":2452,"date":"2020-05-11T18:38:56","date_gmt":"2020-05-11T15:38:56","guid":{"rendered":"https:\/\/rotary.fi\/nurmijarviklaukkala\/?page_id=2452"},"modified":"2022-09-24T19:02:42","modified_gmt":"2022-09-24T16:02:42","slug":"klubistandaari-kuvasto","status":"publish","type":"page","link":"https:\/\/rotary.fi\/nurmijarviklaukkala\/keita-olemme\/olemme-osa-kansainvalista-rotarya\/klubistandaari-kuvasto\/","title":{"rendered":"Klubistandaari kuvasto"},"content":{"rendered":"<p>[et_pb_section fb_built=&#8221;1&#8243; _builder_version=&#8221;4.16&#8243; inner_width_tablet=&#8221;50px&#8221; inner_max_width_tablet=&#8221;50px&#8221; z_index_tablet=&#8221;500&#8243; global_colors_info=&#8221;{}&#8221;][et_pb_row _builder_version=&#8221;4.16&#8243; background_size=&#8221;initial&#8221; background_position=&#8221;top_left&#8221; background_repeat=&#8221;repeat&#8221; global_colors_info=&#8221;{}&#8221;][et_pb_column type=&#8221;4_4&#8243; _builder_version=&#8221;4.16&#8243; custom_padding=&#8221;|||&#8221; global_colors_info=&#8221;{}&#8221; custom_padding__hover=&#8221;|||&#8221;][et_pb_text admin_label=&#8221;P\u00e4\u00e4otsikko&#8221; _builder_version=&#8221;4.16&#8243; background_image=&#8221;https:\/\/rotary.fi\/nurmijarviklaukkala\/wp-content\/uploads\/sites\/109\/2018\/10\/rotary_klubit_alasivu_paakuva_13.jpg&#8221; text_orientation=&#8221;center&#8221; background_layout=&#8221;dark&#8221; z_index_tablet=&#8221;500&#8243; global_colors_info=&#8221;{}&#8221;]<\/p>\n<h1>Klubistandaarikuvasto<\/h1>\n<p>&nbsp;<\/p>\n<p>[\/et_pb_text][\/et_pb_column][\/et_pb_row][\/et_pb_section][et_pb_section fb_built=&#8221;1&#8243; specialty=&#8221;on&#8221; module_class_2=&#8221;sivupalkki&#8221; _builder_version=&#8221;4.16&#8243; inner_max_width=&#8221;none&#8221; global_colors_info=&#8221;{}&#8221;][et_pb_column type=&#8221;2_3&#8243; specialty_columns=&#8221;2&#8243; _builder_version=&#8221;4.16&#8243; custom_padding=&#8221;|||&#8221; global_colors_info=&#8221;{}&#8221; custom_padding__hover=&#8221;|||&#8221;][et_pb_row_inner admin_label=&#8221;Rivi&#8221; _builder_version=&#8221;4.16&#8243; global_colors_info=&#8221;{}&#8221;][et_pb_column_inner saved_specialty_column_type=&#8221;2_3&#8243; _builder_version=&#8221;4.16&#8243; custom_padding=&#8221;|||&#8221; global_colors_info=&#8221;{}&#8221; custom_padding__hover=&#8221;|||&#8221;][et_pb_text admin_label=&#8221;Standaarikuvasto &#8211; Otsikko&#8221; _builder_version=&#8221;4.16&#8243; text_orientation=&#8221;center&#8221; z_index_tablet=&#8221;500&#8243; global_colors_info=&#8221;{}&#8221;][\/et_pb_text][et_pb_text _builder_version=&#8221;4.18.0&#8243; hover_enabled=&#8221;0&#8243; z_index_tablet=&#8221;500&#8243; global_colors_info=&#8221;{}&#8221; sticky_enabled=&#8221;0&#8243;]<\/p>\n<p>Klaukkalan klubilaiset ja klubin vaihto-oppilaat ovat vierailleet ahkerasti maailmalla toisissa rotaryklubeissa.<\/p>\n<p>N\u00e4ill\u00e4 vierailuilla on tapana antaa oman klubin standaari ja vastaanottaa vieraillun klubin standaari.<\/p>\n<p>Standaareja ei vaihdeta vierailuilla kotimaisissa klubeissa, mutta klubi voi saada muiden kotimaisten klubien standaarin esim. perustamisjuhlassa.<\/p>\n<p>Lista saaduista standaareista: <a href=\"https:\/\/rotary.fi\/nurmijarviklaukkala\/wp-content\/uploads\/sites\/109\/2022\/09\/Rotarystandaariluettelo-saadut-20220924.pdf\" rel=\"attachment wp-att-4221\">Rotarystandaariluettelo saadut 20220924<\/a><\/p>\n<p>Standaaritilastoja saaduista standaareista: <a href=\"https:\/\/rotary.fi\/nurmijarviklaukkala\/wp-content\/uploads\/sites\/109\/2022\/09\/Rotarystandaaritilastoja-20220924.pdf\" rel=\"attachment wp-att-4222\">Rotarystandaaritilastoja 20220924<\/a><\/p>\n<p>Standaarikuvasto 1-98: <a href=\"https:\/\/rotary.fi\/nurmijarviklaukkala\/wp-content\/uploads\/sites\/109\/2021\/09\/Nurmijarvi-Klaukkalan-Rotaryklubi-saadut-standaarit-kuvasto-1.pdf\" rel=\"attachment wp-att-3577\">Nurmij\u00e4rvi Klaukkalan Rotaryklubi saadut standaarit kuvasto 1<\/a><\/p>\n<p>Standaarikuvasto 99-509: <a href=\"https:\/\/rotary.fi\/nurmijarviklaukkala\/wp-content\/uploads\/sites\/109\/2022\/09\/Nurmijarvi-Klaukkalan-Rotaryklubi-saadut-standaarit-kuvasto-2.pdf\" rel=\"attachment wp-att-4220\">Nurmij\u00e4rvi Klaukkalan Rotaryklubi saadut standaarit kuvasto 2<\/a><\/p>\n<p>Standaariksi sanotaan vaakasuorassa puomissa riippuvaa kuvioitua kangasta, joka useimmiten on alaosastaan leikattu haaraoiseksi. Standaari on klubikokouksessa normaalisti presidentin edess\u00e4 p\u00f6yd\u00e4ll\u00e4.<\/p>\n<p>[\/et_pb_text][\/et_pb_column_inner][\/et_pb_row_inner][\/et_pb_column][et_pb_column type=&#8221;1_3&#8243; _builder_version=&#8221;4.16&#8243; custom_padding=&#8221;|||&#8221; global_colors_info=&#8221;{}&#8221; custom_padding__hover=&#8221;|||&#8221;][et_pb_sidebar area=&#8221;sidebar-1&#8243; module_class=&#8221;sivupalkki_sisalto&#8221; _builder_version=&#8221;4.16&#8243; locked=&#8221;on&#8221; global_colors_info=&#8221;{}&#8221;][\/et_pb_sidebar][\/et_pb_column][\/et_pb_section]<\/p>\n","protected":false},"excerpt":{"rendered":"<p>Klubistandaarikuvasto &nbsp;Klaukkalan klubilaiset ja klubin vaihto-oppilaat ovat vierailleet ahkerasti maailmalla toisissa rotaryklubeissa. N\u00e4ill\u00e4 vierailuilla on tapana antaa oman klubin standaari ja vastaanottaa vieraillun klubin standaari. Standaareja ei vaihdeta vierailuilla kotimaisissa klubeissa, mutta klubi voi saada muiden kotimaisten klubien standaarin esim. perustamisjuhlassa. Lista saaduista standaareista: Rotarystandaariluettelo saadut 20220924 Standaaritilastoja saaduista standaareista: Rotarystandaaritilastoja 20220924 Standaarikuvasto 1-98: Nurmij\u00e4rvi [&hellip;]<\/p>\n","protected":false},"author":136,"featured_media":0,"parent":276,"menu_order":0,"comment_status":"closed","ping_status":"closed","template":"","meta":{"_acf_changed":false,"_et_pb_use_builder":"on","_et_pb_old_content":"","_et_gb_content_width":"","footnotes":""},"class_list":["post-2452","page","type-page","status-publish","hentry"],"acf":[],"yoast_head":"<!-- This site is optimized with the Yoast SEO plugin v27.0 - https:\/\/yoast.com\/product\/yoast-seo-wordpress\/ -->\n<title>Klubistandaari kuvasto - Nurmij\u00e4rvi-Klaukkalan Rotaryklubi ry<\/title>\n<meta name=\"robots\" content=\"index, follow, max-snippet:-1, max-image-preview:large, max-video-preview:-1\" \/>\n<link rel=\"canonical\" href=\"https:\/\/rotary.fi\/nurmijarviklaukkala\/keita-olemme\/olemme-osa-kansainvalista-rotarya\/klubistandaari-kuvasto\/\" \/>\n<meta property=\"og:locale\" content=\"fi_FI\" \/>\n<meta property=\"og:type\" content=\"article\" \/>\n<meta property=\"og:title\" content=\"Klubistandaari kuvasto - Nurmij\u00e4rvi-Klaukkalan Rotaryklubi ry\" \/>\n<meta property=\"og:description\" content=\"Klubistandaarikuvasto &nbsp;Klaukkalan klubilaiset ja klubin vaihto-oppilaat ovat vierailleet ahkerasti maailmalla toisissa rotaryklubeissa. N\u00e4ill\u00e4 vierailuilla on tapana antaa oman klubin standaari ja vastaanottaa vieraillun klubin standaari. Standaareja ei vaihdeta vierailuilla kotimaisissa klubeissa, mutta klubi voi saada muiden kotimaisten klubien standaarin esim. perustamisjuhlassa. Lista saaduista standaareista: Rotarystandaariluettelo saadut 20220924 Standaaritilastoja saaduista standaareista: Rotarystandaaritilastoja 20220924 Standaarikuvasto 1-98: Nurmij\u00e4rvi [&hellip;]\" \/>\n<meta property=\"og:url\" content=\"https:\/\/rotary.fi\/nurmijarviklaukkala\/keita-olemme\/olemme-osa-kansainvalista-rotarya\/klubistandaari-kuvasto\/\" \/>\n<meta property=\"og:site_name\" content=\"Nurmij\u00e4rvi-Klaukkalan Rotaryklubi ry\" \/>\n<meta property=\"article:modified_time\" content=\"2022-09-24T16:02:42+00:00\" \/>\n<meta name=\"twitter:card\" content=\"summary_large_image\" \/>\n<meta name=\"twitter:label1\" content=\"Arvioitu lukuaika\" \/>\n\t<meta name=\"twitter:data1\" content=\"1 minuutti\" \/>\n<script type=\"application\/ld+json\" class=\"yoast-schema-graph\">{\"@context\":\"https:\/\/schema.org\",\"@graph\":[{\"@type\":\"WebPage\",\"@id\":\"https:\/\/rotary.fi\/nurmijarviklaukkala\/keita-olemme\/olemme-osa-kansainvalista-rotarya\/klubistandaari-kuvasto\/\",\"url\":\"https:\/\/rotary.fi\/nurmijarviklaukkala\/keita-olemme\/olemme-osa-kansainvalista-rotarya\/klubistandaari-kuvasto\/\",\"name\":\"Klubistandaari kuvasto - Nurmij\u00e4rvi-Klaukkalan Rotaryklubi ry\",\"isPartOf\":{\"@id\":\"https:\/\/rotary.fi\/nurmijarviklaukkala\/#website\"},\"datePublished\":\"2020-05-11T15:38:56+00:00\",\"dateModified\":\"2022-09-24T16:02:42+00:00\",\"breadcrumb\":{\"@id\":\"https:\/\/rotary.fi\/nurmijarviklaukkala\/keita-olemme\/olemme-osa-kansainvalista-rotarya\/klubistandaari-kuvasto\/#breadcrumb\"},\"inLanguage\":\"fi\",\"potentialAction\":[{\"@type\":\"ReadAction\",\"target\":[\"https:\/\/rotary.fi\/nurmijarviklaukkala\/keita-olemme\/olemme-osa-kansainvalista-rotarya\/klubistandaari-kuvasto\/\"]}]},{\"@type\":\"BreadcrumbList\",\"@id\":\"https:\/\/rotary.fi\/nurmijarviklaukkala\/keita-olemme\/olemme-osa-kansainvalista-rotarya\/klubistandaari-kuvasto\/#breadcrumb\",\"itemListElement\":[{\"@type\":\"ListItem\",\"position\":1,\"name\":\"Home\",\"item\":\"https:\/\/rotary.fi\/nurmijarviklaukkala\/\"},{\"@type\":\"ListItem\",\"position\":2,\"name\":\"Keit\u00e4 olemme\",\"item\":\"https:\/\/rotary.fi\/nurmijarviklaukkala\/keita-olemme\/\"},{\"@type\":\"ListItem\",\"position\":3,\"name\":\"Olemme osa kansainv\u00e4list\u00e4 Rotarya\",\"item\":\"https:\/\/rotary.fi\/nurmijarviklaukkala\/keita-olemme\/olemme-osa-kansainvalista-rotarya\/\"},{\"@type\":\"ListItem\",\"position\":4,\"name\":\"Klubistandaari kuvasto\"}]},{\"@type\":\"WebSite\",\"@id\":\"https:\/\/rotary.fi\/nurmijarviklaukkala\/#website\",\"url\":\"https:\/\/rotary.fi\/nurmijarviklaukkala\/\",\"name\":\"Nurmij\u00e4rvi-Klaukkalan Rotaryklubi ry\",\"description\":\"Uusi Rotary klubisivusto\",\"potentialAction\":[{\"@type\":\"SearchAction\",\"target\":{\"@type\":\"EntryPoint\",\"urlTemplate\":\"https:\/\/rotary.fi\/nurmijarviklaukkala\/?s={search_term_string}\"},\"query-input\":{\"@type\":\"PropertyValueSpecification\",\"valueRequired\":true,\"valueName\":\"search_term_string\"}}],\"inLanguage\":\"fi\"}]}<\/script>\n<!-- \/ Yoast SEO plugin. -->","yoast_head_json":{"title":"Klubistandaari kuvasto - Nurmij\u00e4rvi-Klaukkalan Rotaryklubi ry","robots":{"index":"index","follow":"follow","max-snippet":"max-snippet:-1","max-image-preview":"max-image-preview:large","max-video-preview":"max-video-preview:-1"},"canonical":"https:\/\/rotary.fi\/nurmijarviklaukkala\/keita-olemme\/olemme-osa-kansainvalista-rotarya\/klubistandaari-kuvasto\/","og_locale":"fi_FI","og_type":"article","og_title":"Klubistandaari kuvasto - Nurmij\u00e4rvi-Klaukkalan Rotaryklubi ry","og_description":"Klubistandaarikuvasto &nbsp;Klaukkalan klubilaiset ja klubin vaihto-oppilaat ovat vierailleet ahkerasti maailmalla toisissa rotaryklubeissa. N\u00e4ill\u00e4 vierailuilla on tapana antaa oman klubin standaari ja vastaanottaa vieraillun klubin standaari. Standaareja ei vaihdeta vierailuilla kotimaisissa klubeissa, mutta klubi voi saada muiden kotimaisten klubien standaarin esim. perustamisjuhlassa. Lista saaduista standaareista: Rotarystandaariluettelo saadut 20220924 Standaaritilastoja saaduista standaareista: Rotarystandaaritilastoja 20220924 Standaarikuvasto 1-98: Nurmij\u00e4rvi [&hellip;]","og_url":"https:\/\/rotary.fi\/nurmijarviklaukkala\/keita-olemme\/olemme-osa-kansainvalista-rotarya\/klubistandaari-kuvasto\/","og_site_name":"Nurmij\u00e4rvi-Klaukkalan Rotaryklubi ry","article_modified_time":"2022-09-24T16:02:42+00:00","twitter_card":"summary_large_image","twitter_misc":{"Arvioitu lukuaika":"1 minuutti"},"schema":{"@context":"https:\/\/schema.org","@graph":[{"@type":"WebPage","@id":"https:\/\/rotary.fi\/nurmijarviklaukkala\/keita-olemme\/olemme-osa-kansainvalista-rotarya\/klubistandaari-kuvasto\/","url":"https:\/\/rotary.fi\/nurmijarviklaukkala\/keita-olemme\/olemme-osa-kansainvalista-rotarya\/klubistandaari-kuvasto\/","name":"Klubistandaari kuvasto - Nurmij\u00e4rvi-Klaukkalan Rotaryklubi ry","isPartOf":{"@id":"https:\/\/rotary.fi\/nurmijarviklaukkala\/#website"},"datePublished":"2020-05-11T15:38:56+00:00","dateModified":"2022-09-24T16:02:42+00:00","breadcrumb":{"@id":"https:\/\/rotary.fi\/nurmijarviklaukkala\/keita-olemme\/olemme-osa-kansainvalista-rotarya\/klubistandaari-kuvasto\/#breadcrumb"},"inLanguage":"fi","potentialAction":[{"@type":"ReadAction","target":["https:\/\/rotary.fi\/nurmijarviklaukkala\/keita-olemme\/olemme-osa-kansainvalista-rotarya\/klubistandaari-kuvasto\/"]}]},{"@type":"BreadcrumbList","@id":"https:\/\/rotary.fi\/nurmijarviklaukkala\/keita-olemme\/olemme-osa-kansainvalista-rotarya\/klubistandaari-kuvasto\/#breadcrumb","itemListElement":[{"@type":"ListItem","position":1,"name":"Home","item":"https:\/\/rotary.fi\/nurmijarviklaukkala\/"},{"@type":"ListItem","position":2,"name":"Keit\u00e4 olemme","item":"https:\/\/rotary.fi\/nurmijarviklaukkala\/keita-olemme\/"},{"@type":"ListItem","position":3,"name":"Olemme osa kansainv\u00e4list\u00e4 Rotarya","item":"https:\/\/rotary.fi\/nurmijarviklaukkala\/keita-olemme\/olemme-osa-kansainvalista-rotarya\/"},{"@type":"ListItem","position":4,"name":"Klubistandaari kuvasto"}]},{"@type":"WebSite","@id":"https:\/\/rotary.fi\/nurmijarviklaukkala\/#website","url":"https:\/\/rotary.fi\/nurmijarviklaukkala\/","name":"Nurmij\u00e4rvi-Klaukkalan Rotaryklubi ry","description":"Uusi Rotary klubisivusto","potentialAction":[{"@type":"SearchAction","target":{"@type":"EntryPoint","urlTemplate":"https:\/\/rotary.fi\/nurmijarviklaukkala\/?s={search_term_string}"},"query-input":{"@type":"PropertyValueSpecification","valueRequired":true,"valueName":"search_term_string"}}],"inLanguage":"fi"}]}},"lang":"fi","translations":{"fi":2452},"pll_sync_post":[],"_links":{"self":[{"href":"https:\/\/rotary.fi\/nurmijarviklaukkala\/wp-json\/wp\/v2\/pages\/2452","targetHints":{"allow":["GET"]}}],"collection":[{"href":"https:\/\/rotary.fi\/nurmijarviklaukkala\/wp-json\/wp\/v2\/pages"}],"about":[{"href":"https:\/\/rotary.fi\/nurmijarviklaukkala\/wp-json\/wp\/v2\/types\/page"}],"author":[{"embeddable":true,"href":"https:\/\/rotary.fi\/nurmijarviklaukkala\/wp-json\/wp\/v2\/users\/136"}],"replies":[{"embeddable":true,"href":"https:\/\/rotary.fi\/nurmijarviklaukkala\/wp-json\/wp\/v2\/comments?post=2452"}],"version-history":[{"count":7,"href":"https:\/\/rotary.fi\/nurmijarviklaukkala\/wp-json\/wp\/v2\/pages\/2452\/revisions"}],"predecessor-version":[{"id":4223,"href":"https:\/\/rotary.fi\/nurmijarviklaukkala\/wp-json\/wp\/v2\/pages\/2452\/revisions\/4223"}],"up":[{"embeddable":true,"href":"https:\/\/rotary.fi\/nurmijarviklaukkala\/wp-json\/wp\/v2\/pages\/276"}],"wp:attachment":[{"href":"https:\/\/rotary.fi\/nurmijarviklaukkala\/wp-json\/wp\/v2\/media?parent=2452"}],"curies":[{"name":"wp","href":"https:\/\/api.w.org\/{rel}","templated":true}]}}