{"id":2437,"date":"2020-05-11T12:47:15","date_gmt":"2020-05-11T09:47:15","guid":{"rendered":"https:\/\/rotary.fi\/nurmijarviklaukkala\/?page_id=2437"},"modified":"2021-07-07T18:48:06","modified_gmt":"2021-07-07T15:48:06","slug":"vierailut-muissa-klubeissa","status":"publish","type":"page","link":"https:\/\/rotary.fi\/nurmijarviklaukkala\/keita-olemme\/olemme-osa-kansainvalista-rotarya\/vierailut-muissa-klubeissa\/","title":{"rendered":"Vierailut muissa klubeissa"},"content":{"rendered":"<p>[et_pb_section fb_built=&#8221;1&#8243; _builder_version=&#8221;3.22.7&#8243; inner_width_tablet=&#8221;50px&#8221; inner_max_width_tablet=&#8221;50px&#8221; z_index_tablet=&#8221;500&#8243;][et_pb_row _builder_version=&#8221;3.25&#8243; background_size=&#8221;initial&#8221; background_position=&#8221;top_left&#8221; background_repeat=&#8221;repeat&#8221;][et_pb_column type=&#8221;4_4&#8243; _builder_version=&#8221;3.25&#8243; custom_padding=&#8221;|||&#8221; custom_padding__hover=&#8221;|||&#8221;][et_pb_text admin_label=&#8221;P\u00e4\u00e4otsikko&#8221; _builder_version=&#8221;4.4.1&#8243; background_image=&#8221;https:\/\/rotary.fi\/nurmijarviklaukkala\/wp-content\/uploads\/sites\/109\/2018\/10\/rotary_klubit_alasivu_paakuva_13.jpg&#8221; text_orientation=&#8221;center&#8221; background_layout=&#8221;dark&#8221; z_index_tablet=&#8221;500&#8243;]<\/p>\n<h1>Vierailut muissa kotimaisissa ja ulkomaisissa klubeissa<\/h1>\n<p>&nbsp;<\/p>\n<p>[\/et_pb_text][\/et_pb_column][\/et_pb_row][\/et_pb_section][et_pb_section fb_built=&#8221;1&#8243; specialty=&#8221;on&#8221; module_class_2=&#8221;sivupalkki&#8221; _builder_version=&#8221;3.22&#8243; inner_max_width=&#8221;none&#8221;][et_pb_column type=&#8221;2_3&#8243; specialty_columns=&#8221;2&#8243; _builder_version=&#8221;3.25&#8243; custom_padding=&#8221;|||&#8221; custom_padding__hover=&#8221;|||&#8221;][et_pb_row_inner admin_label=&#8221;Rivi&#8221; _builder_version=&#8221;3.25&#8243;][et_pb_column_inner saved_specialty_column_type=&#8221;2_3&#8243; _builder_version=&#8221;3.25&#8243; custom_padding=&#8221;|||&#8221; custom_padding__hover=&#8221;|||&#8221;][et_pb_text admin_label=&#8221;Vierailut &#8211; Otsikko&#8221; _builder_version=&#8221;4.4.1&#8243; text_orientation=&#8221;center&#8221; z_index_tablet=&#8221;500&#8243;][\/et_pb_text][et_pb_text _builder_version=&#8221;4.9.4&#8243; hover_enabled=&#8221;0&#8243; z_index_tablet=&#8221;500&#8243; sticky_enabled=&#8221;0&#8243;]<\/p>\n<p><strong>MISS\u00c4 VOI VIERAILLA \/ PAIKATA?<\/strong><\/p>\n<ul>\n<li>kaikissa muiden rotariklubien kokouksissa<\/li>\n<li>piirikokouksissa, piirineuvotteluissa yms. rotaritilaisuuksissa<\/li>\n<\/ul>\n<p>&nbsp;<\/p>\n<p><strong>MITEN TOIMIT VIERAILUTILANTEESSA<\/strong><\/p>\n<ul>\n<li>ota selv\u00e4\u00e4 milloin ja miss\u00e4 kokous pidet\u00e4\u00e4n<\/li>\n<li>ole paikalla mieluummin hieman aiemmin kuin my\u00f6h\u00e4ss\u00e4<\/li>\n<li>ilmoittaudu jollekin klubin edustajalle, joka kertoo miten toimia ruokailun, maksun ja vieraskirjaan nimen kirjoittamisen hoitamiseksi<\/li>\n<li>hyv\u00e4 tapa on esitt\u00e4yty\u00e4 klubin presidentille ja sihteerille sek\u00e4 v\u00e4hint\u00e4\u00e4n samassa p\u00f6yd\u00e4ss\u00e4 istuville l\u00e4himmille rotareille<\/li>\n<li>muista vastaanottaa (tai pyyt\u00e4\u00e4) vierailukortti, joka \u201dtodistaa\u201d vierailun ja jonka voit toimittaa oman klubin sihteerille<\/li>\n<\/ul>\n<p>&nbsp;<\/p>\n<p><strong>VIERAILUT ULKOMAILLA<\/strong><\/p>\n<ul>\n<li>tiedot klubeista l\u00f6ytyv\u00e4t appsilla \u201d Rotary Club Locator\u201d tai RI sivuilta, piirien sivuilta ko. piirin klubit tai Official Directory kirjasta klubimme kaapista<\/li>\n<li>ulkomailla paikkauksen yhteydess\u00e4 voi luovuttaa viirin kokouksen j\u00e4rjest\u00e4v\u00e4lle klubille, viirin luovutuksesta on hyv\u00e4 sopia jo kokoukseen ilmoittautuessa<\/li>\n<li>kokouksen presidentti toivottaa sinut tervetulleeksi ja yleens\u00e4 t\u00e4m\u00e4 on hetki jolloin viiri luovutetaan, valmistaudu lyhyesti kertomaan klubistasi ja viirist\u00e4 sek\u00e4 mahdollisesti oleskelustasi ko. maassa (jos presidentti pyyt\u00e4\u00e4 ja siihen on varattu aikaa)<\/li>\n<li>muista, ett\u00e4 klubien kokouskieli voi vaihdella, mutta p\u00e4\u00e4s\u00e4\u00e4nt\u00f6isesti rotarit osaavat useampia kieli\u00e4 (esim. englanti)<\/li>\n<\/ul>\n<p>&nbsp;<\/p>\n<p><a href=\"https:\/\/my.rotary.org\/en\/club-search\">Etsi klubi<\/a><\/p>\n<p><strong>KUMMIN OSUUS PAIKKAUKSEN OPISKELUSSA<\/strong><\/p>\n<ul>\n<li>hyv\u00e4 on jos kummi muutaman oman kokouksen j\u00e4lkeen yhdess\u00e4 uuden j\u00e4senen kanssa k\u00e4visi jossain muussa klubissa harjoittelemassa vierailua<\/li>\n<\/ul>\n<p>[\/et_pb_text][\/et_pb_column_inner][\/et_pb_row_inner][\/et_pb_column][et_pb_column type=&#8221;1_3&#8243; _builder_version=&#8221;3.25&#8243; custom_padding=&#8221;|||&#8221; custom_padding__hover=&#8221;|||&#8221;][et_pb_sidebar area=&#8221;sidebar-1&#8243; module_class=&#8221;sivupalkki_sisalto&#8221; _builder_version=&#8221;3.4.1&#8243; locked=&#8221;on&#8221;][\/et_pb_sidebar][\/et_pb_column][\/et_pb_section]<\/p>\n","protected":false},"excerpt":{"rendered":"<p>Vierailut muissa kotimaisissa ja ulkomaisissa klubeissa &nbsp;MISS\u00c4 VOI VIERAILLA \/ PAIKATA? kaikissa muiden rotariklubien kokouksissa piirikokouksissa, piirineuvotteluissa yms. rotaritilaisuuksissa &nbsp; MITEN TOIMIT VIERAILUTILANTEESSA ota selv\u00e4\u00e4 milloin ja miss\u00e4 kokous pidet\u00e4\u00e4n ole paikalla mieluummin hieman aiemmin kuin my\u00f6h\u00e4ss\u00e4 ilmoittaudu jollekin klubin edustajalle, joka kertoo miten toimia ruokailun, maksun ja vieraskirjaan nimen kirjoittamisen hoitamiseksi hyv\u00e4 tapa on [&hellip;]<\/p>\n","protected":false},"author":136,"featured_media":0,"parent":276,"menu_order":0,"comment_status":"closed","ping_status":"closed","template":"","meta":{"_acf_changed":false,"_et_pb_use_builder":"on","_et_pb_old_content":"","_et_gb_content_width":"","footnotes":""},"class_list":["post-2437","page","type-page","status-publish","hentry"],"acf":[],"yoast_head":"<!-- This site is optimized with the Yoast SEO plugin v27.0 - https:\/\/yoast.com\/product\/yoast-seo-wordpress\/ -->\n<title>Vierailut muissa klubeissa - Nurmij\u00e4rvi-Klaukkalan Rotaryklubi ry<\/title>\n<meta name=\"robots\" content=\"index, follow, max-snippet:-1, max-image-preview:large, max-video-preview:-1\" \/>\n<link rel=\"canonical\" href=\"https:\/\/rotary.fi\/nurmijarviklaukkala\/keita-olemme\/olemme-osa-kansainvalista-rotarya\/vierailut-muissa-klubeissa\/\" \/>\n<meta property=\"og:locale\" content=\"fi_FI\" \/>\n<meta property=\"og:type\" content=\"article\" \/>\n<meta property=\"og:title\" content=\"Vierailut muissa klubeissa - Nurmij\u00e4rvi-Klaukkalan Rotaryklubi ry\" \/>\n<meta property=\"og:description\" content=\"Vierailut muissa kotimaisissa ja ulkomaisissa klubeissa &nbsp;MISS\u00c4 VOI VIERAILLA \/ PAIKATA? kaikissa muiden rotariklubien kokouksissa piirikokouksissa, piirineuvotteluissa yms. rotaritilaisuuksissa &nbsp; MITEN TOIMIT VIERAILUTILANTEESSA ota selv\u00e4\u00e4 milloin ja miss\u00e4 kokous pidet\u00e4\u00e4n ole paikalla mieluummin hieman aiemmin kuin my\u00f6h\u00e4ss\u00e4 ilmoittaudu jollekin klubin edustajalle, joka kertoo miten toimia ruokailun, maksun ja vieraskirjaan nimen kirjoittamisen hoitamiseksi hyv\u00e4 tapa on [&hellip;]\" \/>\n<meta property=\"og:url\" content=\"https:\/\/rotary.fi\/nurmijarviklaukkala\/keita-olemme\/olemme-osa-kansainvalista-rotarya\/vierailut-muissa-klubeissa\/\" \/>\n<meta property=\"og:site_name\" content=\"Nurmij\u00e4rvi-Klaukkalan Rotaryklubi ry\" \/>\n<meta property=\"article:modified_time\" content=\"2021-07-07T15:48:06+00:00\" \/>\n<meta name=\"twitter:card\" content=\"summary_large_image\" \/>\n<meta name=\"twitter:label1\" content=\"Arvioitu lukuaika\" \/>\n\t<meta name=\"twitter:data1\" content=\"2 minuuttia\" \/>\n<script type=\"application\/ld+json\" class=\"yoast-schema-graph\">{\"@context\":\"https:\/\/schema.org\",\"@graph\":[{\"@type\":\"WebPage\",\"@id\":\"https:\/\/rotary.fi\/nurmijarviklaukkala\/keita-olemme\/olemme-osa-kansainvalista-rotarya\/vierailut-muissa-klubeissa\/\",\"url\":\"https:\/\/rotary.fi\/nurmijarviklaukkala\/keita-olemme\/olemme-osa-kansainvalista-rotarya\/vierailut-muissa-klubeissa\/\",\"name\":\"Vierailut muissa klubeissa - Nurmij\u00e4rvi-Klaukkalan Rotaryklubi ry\",\"isPartOf\":{\"@id\":\"https:\/\/rotary.fi\/nurmijarviklaukkala\/#website\"},\"datePublished\":\"2020-05-11T09:47:15+00:00\",\"dateModified\":\"2021-07-07T15:48:06+00:00\",\"breadcrumb\":{\"@id\":\"https:\/\/rotary.fi\/nurmijarviklaukkala\/keita-olemme\/olemme-osa-kansainvalista-rotarya\/vierailut-muissa-klubeissa\/#breadcrumb\"},\"inLanguage\":\"fi\",\"potentialAction\":[{\"@type\":\"ReadAction\",\"target\":[\"https:\/\/rotary.fi\/nurmijarviklaukkala\/keita-olemme\/olemme-osa-kansainvalista-rotarya\/vierailut-muissa-klubeissa\/\"]}]},{\"@type\":\"BreadcrumbList\",\"@id\":\"https:\/\/rotary.fi\/nurmijarviklaukkala\/keita-olemme\/olemme-osa-kansainvalista-rotarya\/vierailut-muissa-klubeissa\/#breadcrumb\",\"itemListElement\":[{\"@type\":\"ListItem\",\"position\":1,\"name\":\"Home\",\"item\":\"https:\/\/rotary.fi\/nurmijarviklaukkala\/\"},{\"@type\":\"ListItem\",\"position\":2,\"name\":\"Keit\u00e4 olemme\",\"item\":\"https:\/\/rotary.fi\/nurmijarviklaukkala\/keita-olemme\/\"},{\"@type\":\"ListItem\",\"position\":3,\"name\":\"Olemme osa kansainv\u00e4list\u00e4 Rotarya\",\"item\":\"https:\/\/rotary.fi\/nurmijarviklaukkala\/keita-olemme\/olemme-osa-kansainvalista-rotarya\/\"},{\"@type\":\"ListItem\",\"position\":4,\"name\":\"Vierailut muissa klubeissa\"}]},{\"@type\":\"WebSite\",\"@id\":\"https:\/\/rotary.fi\/nurmijarviklaukkala\/#website\",\"url\":\"https:\/\/rotary.fi\/nurmijarviklaukkala\/\",\"name\":\"Nurmij\u00e4rvi-Klaukkalan Rotaryklubi ry\",\"description\":\"Uusi Rotary klubisivusto\",\"potentialAction\":[{\"@type\":\"SearchAction\",\"target\":{\"@type\":\"EntryPoint\",\"urlTemplate\":\"https:\/\/rotary.fi\/nurmijarviklaukkala\/?s={search_term_string}\"},\"query-input\":{\"@type\":\"PropertyValueSpecification\",\"valueRequired\":true,\"valueName\":\"search_term_string\"}}],\"inLanguage\":\"fi\"}]}<\/script>\n<!-- \/ Yoast SEO plugin. -->","yoast_head_json":{"title":"Vierailut muissa klubeissa - Nurmij\u00e4rvi-Klaukkalan Rotaryklubi ry","robots":{"index":"index","follow":"follow","max-snippet":"max-snippet:-1","max-image-preview":"max-image-preview:large","max-video-preview":"max-video-preview:-1"},"canonical":"https:\/\/rotary.fi\/nurmijarviklaukkala\/keita-olemme\/olemme-osa-kansainvalista-rotarya\/vierailut-muissa-klubeissa\/","og_locale":"fi_FI","og_type":"article","og_title":"Vierailut muissa klubeissa - Nurmij\u00e4rvi-Klaukkalan Rotaryklubi ry","og_description":"Vierailut muissa kotimaisissa ja ulkomaisissa klubeissa &nbsp;MISS\u00c4 VOI VIERAILLA \/ PAIKATA? kaikissa muiden rotariklubien kokouksissa piirikokouksissa, piirineuvotteluissa yms. rotaritilaisuuksissa &nbsp; MITEN TOIMIT VIERAILUTILANTEESSA ota selv\u00e4\u00e4 milloin ja miss\u00e4 kokous pidet\u00e4\u00e4n ole paikalla mieluummin hieman aiemmin kuin my\u00f6h\u00e4ss\u00e4 ilmoittaudu jollekin klubin edustajalle, joka kertoo miten toimia ruokailun, maksun ja vieraskirjaan nimen kirjoittamisen hoitamiseksi hyv\u00e4 tapa on [&hellip;]","og_url":"https:\/\/rotary.fi\/nurmijarviklaukkala\/keita-olemme\/olemme-osa-kansainvalista-rotarya\/vierailut-muissa-klubeissa\/","og_site_name":"Nurmij\u00e4rvi-Klaukkalan Rotaryklubi ry","article_modified_time":"2021-07-07T15:48:06+00:00","twitter_card":"summary_large_image","twitter_misc":{"Arvioitu lukuaika":"2 minuuttia"},"schema":{"@context":"https:\/\/schema.org","@graph":[{"@type":"WebPage","@id":"https:\/\/rotary.fi\/nurmijarviklaukkala\/keita-olemme\/olemme-osa-kansainvalista-rotarya\/vierailut-muissa-klubeissa\/","url":"https:\/\/rotary.fi\/nurmijarviklaukkala\/keita-olemme\/olemme-osa-kansainvalista-rotarya\/vierailut-muissa-klubeissa\/","name":"Vierailut muissa klubeissa - Nurmij\u00e4rvi-Klaukkalan Rotaryklubi ry","isPartOf":{"@id":"https:\/\/rotary.fi\/nurmijarviklaukkala\/#website"},"datePublished":"2020-05-11T09:47:15+00:00","dateModified":"2021-07-07T15:48:06+00:00","breadcrumb":{"@id":"https:\/\/rotary.fi\/nurmijarviklaukkala\/keita-olemme\/olemme-osa-kansainvalista-rotarya\/vierailut-muissa-klubeissa\/#breadcrumb"},"inLanguage":"fi","potentialAction":[{"@type":"ReadAction","target":["https:\/\/rotary.fi\/nurmijarviklaukkala\/keita-olemme\/olemme-osa-kansainvalista-rotarya\/vierailut-muissa-klubeissa\/"]}]},{"@type":"BreadcrumbList","@id":"https:\/\/rotary.fi\/nurmijarviklaukkala\/keita-olemme\/olemme-osa-kansainvalista-rotarya\/vierailut-muissa-klubeissa\/#breadcrumb","itemListElement":[{"@type":"ListItem","position":1,"name":"Home","item":"https:\/\/rotary.fi\/nurmijarviklaukkala\/"},{"@type":"ListItem","position":2,"name":"Keit\u00e4 olemme","item":"https:\/\/rotary.fi\/nurmijarviklaukkala\/keita-olemme\/"},{"@type":"ListItem","position":3,"name":"Olemme osa kansainv\u00e4list\u00e4 Rotarya","item":"https:\/\/rotary.fi\/nurmijarviklaukkala\/keita-olemme\/olemme-osa-kansainvalista-rotarya\/"},{"@type":"ListItem","position":4,"name":"Vierailut muissa klubeissa"}]},{"@type":"WebSite","@id":"https:\/\/rotary.fi\/nurmijarviklaukkala\/#website","url":"https:\/\/rotary.fi\/nurmijarviklaukkala\/","name":"Nurmij\u00e4rvi-Klaukkalan Rotaryklubi ry","description":"Uusi Rotary klubisivusto","potentialAction":[{"@type":"SearchAction","target":{"@type":"EntryPoint","urlTemplate":"https:\/\/rotary.fi\/nurmijarviklaukkala\/?s={search_term_string}"},"query-input":{"@type":"PropertyValueSpecification","valueRequired":true,"valueName":"search_term_string"}}],"inLanguage":"fi"}]}},"lang":"fi","translations":{"fi":2437},"pll_sync_post":[],"_links":{"self":[{"href":"https:\/\/rotary.fi\/nurmijarviklaukkala\/wp-json\/wp\/v2\/pages\/2437","targetHints":{"allow":["GET"]}}],"collection":[{"href":"https:\/\/rotary.fi\/nurmijarviklaukkala\/wp-json\/wp\/v2\/pages"}],"about":[{"href":"https:\/\/rotary.fi\/nurmijarviklaukkala\/wp-json\/wp\/v2\/types\/page"}],"author":[{"embeddable":true,"href":"https:\/\/rotary.fi\/nurmijarviklaukkala\/wp-json\/wp\/v2\/users\/136"}],"replies":[{"embeddable":true,"href":"https:\/\/rotary.fi\/nurmijarviklaukkala\/wp-json\/wp\/v2\/comments?post=2437"}],"version-history":[{"count":6,"href":"https:\/\/rotary.fi\/nurmijarviklaukkala\/wp-json\/wp\/v2\/pages\/2437\/revisions"}],"predecessor-version":[{"id":3375,"href":"https:\/\/rotary.fi\/nurmijarviklaukkala\/wp-json\/wp\/v2\/pages\/2437\/revisions\/3375"}],"up":[{"embeddable":true,"href":"https:\/\/rotary.fi\/nurmijarviklaukkala\/wp-json\/wp\/v2\/pages\/276"}],"wp:attachment":[{"href":"https:\/\/rotary.fi\/nurmijarviklaukkala\/wp-json\/wp\/v2\/media?parent=2437"}],"curies":[{"name":"wp","href":"https:\/\/api.w.org\/{rel}","templated":true}]}}