{"id":1949,"date":"2019-06-20T19:00:01","date_gmt":"2019-06-20T16:00:01","guid":{"rendered":"https:\/\/rotary.fi\/nurmijarviklaukkala\/?page_id=1949"},"modified":"2023-09-05T17:48:36","modified_gmt":"2023-09-05T14:48:36","slug":"vaihtooppilaan-isantaperheeksi","status":"publish","type":"page","link":"https:\/\/rotary.fi\/nurmijarviklaukkala\/mita-teemme\/nuorisovaihto\/vaihtooppilaan-isantaperheeksi\/","title":{"rendered":"Vaihto-oppilaan is\u00e4nt\u00e4perheeksi?"},"content":{"rendered":"<p>[et_pb_section fb_built=&#8221;1&#8243; module_class=&#8221;jumbotron-page&#8221; _builder_version=&#8221;4.16&#8243; background_image=&#8221;https:\/\/rotary.fi\/nurmijarviklaukkala\/wp-content\/uploads\/sites\/109\/2018\/10\/rotary_klubit_alasivu_paakuva_9.jpg&#8221; global_colors_info=&#8221;{}&#8221;][et_pb_row _builder_version=&#8221;4.16&#8243; background_size=&#8221;initial&#8221; background_position=&#8221;top_left&#8221; background_repeat=&#8221;repeat&#8221; global_colors_info=&#8221;{}&#8221;][et_pb_column type=&#8221;4_4&#8243; _builder_version=&#8221;4.16&#8243; custom_padding=&#8221;|||&#8221; global_colors_info=&#8221;{}&#8221; custom_padding__hover=&#8221;|||&#8221;][et_pb_text admin_label=&#8221;P\u00e4\u00e4otsikko&#8221; _builder_version=&#8221;4.16&#8243; text_orientation=&#8221;center&#8221; background_layout=&#8221;dark&#8221; global_colors_info=&#8221;{}&#8221;]<\/p>\n<h1>Nuorisovaihto<\/h1>\n<p>[\/et_pb_text][\/et_pb_column][\/et_pb_row][\/et_pb_section][et_pb_section fb_built=&#8221;1&#8243; specialty=&#8221;on&#8221; module_class_2=&#8221;sivupalkki&#8221; _builder_version=&#8221;4.16&#8243; inner_max_width=&#8221;none&#8221; global_colors_info=&#8221;{}&#8221;][et_pb_column type=&#8221;2_3&#8243; specialty_columns=&#8221;2&#8243; _builder_version=&#8221;4.16&#8243; custom_padding=&#8221;|||&#8221; global_colors_info=&#8221;{}&#8221; custom_padding__hover=&#8221;|||&#8221;][et_pb_row_inner admin_label=&#8221;Rivi&#8221; _builder_version=&#8221;4.16&#8243; global_colors_info=&#8221;{}&#8221;][et_pb_column_inner saved_specialty_column_type=&#8221;2_3&#8243; _builder_version=&#8221;4.16&#8243; custom_padding=&#8221;|||&#8221; global_colors_info=&#8221;{}&#8221; custom_padding__hover=&#8221;|||&#8221;][et_pb_text admin_label=&#8221;Nuorisovaihto &#8211; Otsikko&#8221; _builder_version=&#8221;4.16&#8243; text_orientation=&#8221;center&#8221; z_index_tablet=&#8221;500&#8243; global_colors_info=&#8221;{}&#8221;]<\/p>\n<h2 class=\"entry-title\">Vaihto-oppilaan is\u00e4nt\u00e4perheeksi?<\/h2>\n<p>[\/et_pb_text][et_pb_text _builder_version=&#8221;4.17.4&#8243; z_index_tablet=&#8221;500&#8243; global_colors_info=&#8221;{}&#8221;]<\/p>\n<p><strong>Olisiko sinusta vaihto-oppilaan is\u00e4nt\u00e4perheeksi?<\/strong><\/p>\n<p><strong>Olisiko meid\u00e4n perheell\u00e4mme mahdollisuutta ottaa vaihto-oppilasta?<\/strong><\/p>\n<p>Klaukkalalaiselle<strong class=\"lihava\"> Sanni Siltaselle<\/strong> kysymys on tuttu, sill\u00e4 Siltasen perheess\u00e4 vaihto-oppilaita on ollut useampia. Viimeksi viime talvena Siltaset saivat Nurmij\u00e4rvi-Klaukkala Rotaryklubin kautta perheeseens\u00e4 ranskalaisen <strong class=\"lihava\">Etiennen<\/strong>.<\/p>\n<div id=\"attachment_1968\" style=\"width: 710px\" class=\"wp-caption alignnone\"><img loading=\"lazy\" decoding=\"async\" aria-describedby=\"caption-attachment-1968\" class=\"size-full wp-image-1968\" src=\"https:\/\/rotary.fi\/nurmijarviklaukkala\/wp-content\/uploads\/sites\/109\/2019\/06\/2015-etienne-ja-joulupukki.jpg\" alt=\"\" width=\"700\" height=\"528\" srcset=\"https:\/\/rotary.fi\/nurmijarviklaukkala\/wp-content\/uploads\/sites\/109\/2019\/06\/2015-etienne-ja-joulupukki.jpg 700w, https:\/\/rotary.fi\/nurmijarviklaukkala\/wp-content\/uploads\/sites\/109\/2019\/06\/2015-etienne-ja-joulupukki-300x226.jpg 300w\" sizes=\"(max-width: 700px) 100vw, 700px\" \/><p id=\"caption-attachment-1968\" class=\"wp-caption-text\">Etienne ja joulupukki<\/p><\/div>\n<p>Vaihto-oppilaan ottaminen vaatii avoimen mielen. Ja mielell\u00e4\u00e4n oman huoneen vaihto-oppilaalle. Lis\u00e4ksi se vaatii halua tutustua uuteen ihmiseen ja uuteen kulttuuriin, Siltanen listaa. H\u00e4nen mukaansa on hyv\u00e4 muistaa, ett\u00e4 vaihto-oppilaat ovat yksil\u00f6it\u00e4, joten my\u00f6s kotiutuminen voi sujua eri tavoin.<\/p>\n<p>Alkuun on hyv\u00e4 varata yhteist\u00e4 aikaa ja jotain pient\u00e4 yhteist\u00e4 tekemist\u00e4, mik\u00e4 auttaa tutustumaan ja rikkoo alkuj\u00e4nnityksen. Mit\u00e4\u00e4n ihmeellist\u00e4 ei ensimm\u00e4isiin p\u00e4iviin kannata j\u00e4rjest\u00e4\u00e4. Kodin l\u00e4hist\u00f6ll\u00e4 k\u00e4veleminen ja paikkoihin tutustuminen ja vaikkapa l\u00e4hikaupassa ja kirjastossa tai muualla k\u00e4yminen ovat sopivia alkup\u00e4ivien ohjelmaksi, Siltanen sanoo.<\/p>\n<p>Siltanen on huomannut, ett\u00e4 ruokakulttuuri on kaikkien kanssa her\u00e4tt\u00e4nyt keskustelua.<\/p>\n<p>Amerikkalalaisella vaihto-oppilaallamme oli totuttelemista suomalaisen ruuan terveellisyyteen. Ranskalainen taas olisi halunnut useamman ruokalajin illallisia ja kyseli olemattomien j\u00e4lkiruokien per\u00e4\u00e4n.<\/p>\n<p>Osa on my\u00f6s halunnut kokata sek\u00e4 kotimaansa ruokaa is\u00e4nt\u00e4perheelle ett\u00e4 opetella suomalaisia ruokia.<\/p>\n<p>Siltasen mukaan my\u00f6s vaihto-oppilaiden oma-aloitteisuus vaihtelee. Osaa Siltanen on joutunut opastamaan ihan perusasioissa kuten pyykkihuollossa.<\/p>\n<p>Yleisesti ottaen koko perhe on tyk\u00e4nnyt uudesta tilanteesta ja mahdollisuudesta tutustua uusiin asioihin ja tapoihin uuden perheenj\u00e4senen kanssa. Samalla on ollut helppoa harjoitella ja opetella vierasta kielt\u00e4 normaaleissa tilanteissa.<\/p>\n<p>Suosittelemme t\u00e4t\u00e4 kaikille perheille, joilla on halua tutustua uuteen ihmiseen ja halua olla is\u00e4n\u00e4, \u00e4itin\u00e4, siskona tai veljen\u00e4 uudelle ihmiselle. Jos itsell\u00e4 ei ole mahdollisuutta l\u00e4hte\u00e4 vaihtoon, niin vaihto-oppilaan ottamalla saa kokea my\u00f6s paljon uutta.<\/p>\n<p>&nbsp;<\/p>\n<p>Klaukkalaan haussa is\u00e4nt\u00e4perheit\u00e4<\/p>\n<p>Rotarij\u00e4rjest\u00f6n er\u00e4s n\u00e4kyvimmist\u00e4 toimintamuodoista on nuorisovaihto, jossa on monia muotoja.<\/p>\n<p>Nurmij\u00e4rvi-Klaukkalan Rotaryklubin tavoitteena on l\u00e4hett\u00e4\u00e4 vuosittain yksi vaihto-oppilas vuodeksi ulkomaille ja lis\u00e4ksi kes\u00e4ll\u00e4 tapahtuvaan vaihtoon tai leireille muutama hakija. Vastavuoroisesti rotarit saavat Suomeen vaihto-oppilaan joka vuosi. J\u00e4rjest\u00f6 tarvitsee t\u00e4h\u00e4n vapaaehtoisia is\u00e4nt\u00e4perheit\u00e4 (3 perhett\u00e4\/10 kk:n aikana).<\/p>\n<p>Lis\u00e4tietoja hakemisesta eri vaihtomuotoihin ja hakulomakkeita saa Nurmij\u00e4rvi-Klaukkalan Rotaryklubin nuorisovaihtoasiamiehelt\u00e4 Timo Lotilalta nuorisovaihto(at)Klaukkalanrotarit.onmicrosoft.com p. 0400-578 400.<\/p>\n<p>[\/et_pb_text][\/et_pb_column_inner][\/et_pb_row_inner][et_pb_row_inner admin_label=&#8221;Rivi&#8221; _builder_version=&#8221;4.16&#8243; global_colors_info=&#8221;{}&#8221;][et_pb_column_inner saved_specialty_column_type=&#8221;2_3&#8243; _builder_version=&#8221;4.16&#8243; custom_padding=&#8221;|||&#8221; global_colors_info=&#8221;{}&#8221; custom_padding__hover=&#8221;|||&#8221;][\/et_pb_column_inner][\/et_pb_row_inner][\/et_pb_column][et_pb_column type=&#8221;1_3&#8243; _builder_version=&#8221;4.16&#8243; custom_padding=&#8221;|||&#8221; global_colors_info=&#8221;{}&#8221; custom_padding__hover=&#8221;|||&#8221;][et_pb_sidebar area=&#8221;sidebar-1&#8243; module_class=&#8221;sivupalkki_sisalto&#8221; _builder_version=&#8221;4.16&#8243; locked=&#8221;on&#8221; global_colors_info=&#8221;{}&#8221;]<br \/>\n[\/et_pb_sidebar][\/et_pb_column][\/et_pb_section]<\/p>\n","protected":false},"excerpt":{"rendered":"<p>Nuorisovaihto Vaihto-oppilaan is\u00e4nt\u00e4perheeksi? Olisiko sinusta vaihto-oppilaan is\u00e4nt\u00e4perheeksi? Olisiko meid\u00e4n perheell\u00e4mme mahdollisuutta ottaa vaihto-oppilasta? Klaukkalalaiselle Sanni Siltaselle kysymys on tuttu, sill\u00e4 Siltasen perheess\u00e4 vaihto-oppilaita on ollut useampia. Viimeksi viime talvena Siltaset saivat Nurmij\u00e4rvi-Klaukkala Rotaryklubin kautta perheeseens\u00e4 ranskalaisen Etiennen. Vaihto-oppilaan ottaminen vaatii avoimen mielen. Ja mielell\u00e4\u00e4n oman huoneen vaihto-oppilaalle. Lis\u00e4ksi se vaatii halua tutustua uuteen ihmiseen ja [&hellip;]<\/p>\n","protected":false},"author":136,"featured_media":0,"parent":154,"menu_order":0,"comment_status":"closed","ping_status":"closed","template":"","meta":{"_acf_changed":false,"_et_pb_use_builder":"on","_et_pb_old_content":"","_et_gb_content_width":"","footnotes":""},"class_list":["post-1949","page","type-page","status-publish","hentry"],"acf":[],"yoast_head":"<!-- This site is optimized with the Yoast SEO plugin v27.0 - https:\/\/yoast.com\/product\/yoast-seo-wordpress\/ -->\n<title>Vaihto-oppilaan is\u00e4nt\u00e4perheeksi? - Nurmij\u00e4rvi-Klaukkalan Rotaryklubi ry<\/title>\n<meta name=\"robots\" content=\"index, follow, max-snippet:-1, max-image-preview:large, max-video-preview:-1\" \/>\n<link rel=\"canonical\" href=\"https:\/\/rotary.fi\/nurmijarviklaukkala\/mita-teemme\/nuorisovaihto\/vaihtooppilaan-isantaperheeksi\/\" \/>\n<meta property=\"og:locale\" content=\"fi_FI\" \/>\n<meta property=\"og:type\" content=\"article\" \/>\n<meta property=\"og:title\" content=\"Vaihto-oppilaan is\u00e4nt\u00e4perheeksi? - Nurmij\u00e4rvi-Klaukkalan Rotaryklubi ry\" \/>\n<meta property=\"og:description\" content=\"Nuorisovaihto Vaihto-oppilaan is\u00e4nt\u00e4perheeksi? Olisiko sinusta vaihto-oppilaan is\u00e4nt\u00e4perheeksi? Olisiko meid\u00e4n perheell\u00e4mme mahdollisuutta ottaa vaihto-oppilasta? Klaukkalalaiselle Sanni Siltaselle kysymys on tuttu, sill\u00e4 Siltasen perheess\u00e4 vaihto-oppilaita on ollut useampia. Viimeksi viime talvena Siltaset saivat Nurmij\u00e4rvi-Klaukkala Rotaryklubin kautta perheeseens\u00e4 ranskalaisen Etiennen. Vaihto-oppilaan ottaminen vaatii avoimen mielen. Ja mielell\u00e4\u00e4n oman huoneen vaihto-oppilaalle. Lis\u00e4ksi se vaatii halua tutustua uuteen ihmiseen ja [&hellip;]\" \/>\n<meta property=\"og:url\" content=\"https:\/\/rotary.fi\/nurmijarviklaukkala\/mita-teemme\/nuorisovaihto\/vaihtooppilaan-isantaperheeksi\/\" \/>\n<meta property=\"og:site_name\" content=\"Nurmij\u00e4rvi-Klaukkalan Rotaryklubi ry\" \/>\n<meta property=\"article:modified_time\" content=\"2023-09-05T14:48:36+00:00\" \/>\n<meta property=\"og:image\" content=\"https:\/\/rotary.fi\/nurmijarviklaukkala\/wp-content\/uploads\/sites\/109\/2019\/06\/2015-etienne-ja-joulupukki.jpg\" \/>\n<meta name=\"twitter:card\" content=\"summary_large_image\" \/>\n<meta name=\"twitter:label1\" content=\"Arvioitu lukuaika\" \/>\n\t<meta name=\"twitter:data1\" content=\"3 minuuttia\" \/>\n<script type=\"application\/ld+json\" class=\"yoast-schema-graph\">{\"@context\":\"https:\/\/schema.org\",\"@graph\":[{\"@type\":\"WebPage\",\"@id\":\"https:\/\/rotary.fi\/nurmijarviklaukkala\/mita-teemme\/nuorisovaihto\/vaihtooppilaan-isantaperheeksi\/\",\"url\":\"https:\/\/rotary.fi\/nurmijarviklaukkala\/mita-teemme\/nuorisovaihto\/vaihtooppilaan-isantaperheeksi\/\",\"name\":\"Vaihto-oppilaan is\u00e4nt\u00e4perheeksi? - Nurmij\u00e4rvi-Klaukkalan Rotaryklubi ry\",\"isPartOf\":{\"@id\":\"https:\/\/rotary.fi\/nurmijarviklaukkala\/#website\"},\"primaryImageOfPage\":{\"@id\":\"https:\/\/rotary.fi\/nurmijarviklaukkala\/mita-teemme\/nuorisovaihto\/vaihtooppilaan-isantaperheeksi\/#primaryimage\"},\"image\":{\"@id\":\"https:\/\/rotary.fi\/nurmijarviklaukkala\/mita-teemme\/nuorisovaihto\/vaihtooppilaan-isantaperheeksi\/#primaryimage\"},\"thumbnailUrl\":\"https:\/\/rotary.fi\/nurmijarviklaukkala\/wp-content\/uploads\/sites\/109\/2019\/06\/2015-etienne-ja-joulupukki.jpg\",\"datePublished\":\"2019-06-20T16:00:01+00:00\",\"dateModified\":\"2023-09-05T14:48:36+00:00\",\"breadcrumb\":{\"@id\":\"https:\/\/rotary.fi\/nurmijarviklaukkala\/mita-teemme\/nuorisovaihto\/vaihtooppilaan-isantaperheeksi\/#breadcrumb\"},\"inLanguage\":\"fi\",\"potentialAction\":[{\"@type\":\"ReadAction\",\"target\":[\"https:\/\/rotary.fi\/nurmijarviklaukkala\/mita-teemme\/nuorisovaihto\/vaihtooppilaan-isantaperheeksi\/\"]}]},{\"@type\":\"ImageObject\",\"inLanguage\":\"fi\",\"@id\":\"https:\/\/rotary.fi\/nurmijarviklaukkala\/mita-teemme\/nuorisovaihto\/vaihtooppilaan-isantaperheeksi\/#primaryimage\",\"url\":\"https:\/\/rotary.fi\/nurmijarviklaukkala\/wp-content\/uploads\/sites\/109\/2019\/06\/2015-etienne-ja-joulupukki.jpg\",\"contentUrl\":\"https:\/\/rotary.fi\/nurmijarviklaukkala\/wp-content\/uploads\/sites\/109\/2019\/06\/2015-etienne-ja-joulupukki.jpg\",\"width\":700,\"height\":528,\"caption\":\"Etienne ja joulupukki\"},{\"@type\":\"BreadcrumbList\",\"@id\":\"https:\/\/rotary.fi\/nurmijarviklaukkala\/mita-teemme\/nuorisovaihto\/vaihtooppilaan-isantaperheeksi\/#breadcrumb\",\"itemListElement\":[{\"@type\":\"ListItem\",\"position\":1,\"name\":\"Home\",\"item\":\"https:\/\/rotary.fi\/nurmijarviklaukkala\/\"},{\"@type\":\"ListItem\",\"position\":2,\"name\":\"Mit\u00e4 teemme\",\"item\":\"https:\/\/rotary.fi\/nurmijarviklaukkala\/mita-teemme\/\"},{\"@type\":\"ListItem\",\"position\":3,\"name\":\"Nuorisovaihto\",\"item\":\"https:\/\/rotary.fi\/nurmijarviklaukkala\/mita-teemme\/nuorisovaihto\/\"},{\"@type\":\"ListItem\",\"position\":4,\"name\":\"Vaihto-oppilaan is\u00e4nt\u00e4perheeksi?\"}]},{\"@type\":\"WebSite\",\"@id\":\"https:\/\/rotary.fi\/nurmijarviklaukkala\/#website\",\"url\":\"https:\/\/rotary.fi\/nurmijarviklaukkala\/\",\"name\":\"Nurmij\u00e4rvi-Klaukkalan Rotaryklubi ry\",\"description\":\"Uusi Rotary klubisivusto\",\"potentialAction\":[{\"@type\":\"SearchAction\",\"target\":{\"@type\":\"EntryPoint\",\"urlTemplate\":\"https:\/\/rotary.fi\/nurmijarviklaukkala\/?s={search_term_string}\"},\"query-input\":{\"@type\":\"PropertyValueSpecification\",\"valueRequired\":true,\"valueName\":\"search_term_string\"}}],\"inLanguage\":\"fi\"}]}<\/script>\n<!-- \/ Yoast SEO plugin. -->","yoast_head_json":{"title":"Vaihto-oppilaan is\u00e4nt\u00e4perheeksi? - Nurmij\u00e4rvi-Klaukkalan Rotaryklubi ry","robots":{"index":"index","follow":"follow","max-snippet":"max-snippet:-1","max-image-preview":"max-image-preview:large","max-video-preview":"max-video-preview:-1"},"canonical":"https:\/\/rotary.fi\/nurmijarviklaukkala\/mita-teemme\/nuorisovaihto\/vaihtooppilaan-isantaperheeksi\/","og_locale":"fi_FI","og_type":"article","og_title":"Vaihto-oppilaan is\u00e4nt\u00e4perheeksi? - Nurmij\u00e4rvi-Klaukkalan Rotaryklubi ry","og_description":"Nuorisovaihto Vaihto-oppilaan is\u00e4nt\u00e4perheeksi? Olisiko sinusta vaihto-oppilaan is\u00e4nt\u00e4perheeksi? Olisiko meid\u00e4n perheell\u00e4mme mahdollisuutta ottaa vaihto-oppilasta? Klaukkalalaiselle Sanni Siltaselle kysymys on tuttu, sill\u00e4 Siltasen perheess\u00e4 vaihto-oppilaita on ollut useampia. Viimeksi viime talvena Siltaset saivat Nurmij\u00e4rvi-Klaukkala Rotaryklubin kautta perheeseens\u00e4 ranskalaisen Etiennen. Vaihto-oppilaan ottaminen vaatii avoimen mielen. Ja mielell\u00e4\u00e4n oman huoneen vaihto-oppilaalle. Lis\u00e4ksi se vaatii halua tutustua uuteen ihmiseen ja [&hellip;]","og_url":"https:\/\/rotary.fi\/nurmijarviklaukkala\/mita-teemme\/nuorisovaihto\/vaihtooppilaan-isantaperheeksi\/","og_site_name":"Nurmij\u00e4rvi-Klaukkalan Rotaryklubi ry","article_modified_time":"2023-09-05T14:48:36+00:00","og_image":[{"url":"https:\/\/rotary.fi\/nurmijarviklaukkala\/wp-content\/uploads\/sites\/109\/2019\/06\/2015-etienne-ja-joulupukki.jpg","type":"","width":"","height":""}],"twitter_card":"summary_large_image","twitter_misc":{"Arvioitu lukuaika":"3 minuuttia"},"schema":{"@context":"https:\/\/schema.org","@graph":[{"@type":"WebPage","@id":"https:\/\/rotary.fi\/nurmijarviklaukkala\/mita-teemme\/nuorisovaihto\/vaihtooppilaan-isantaperheeksi\/","url":"https:\/\/rotary.fi\/nurmijarviklaukkala\/mita-teemme\/nuorisovaihto\/vaihtooppilaan-isantaperheeksi\/","name":"Vaihto-oppilaan is\u00e4nt\u00e4perheeksi? - Nurmij\u00e4rvi-Klaukkalan Rotaryklubi ry","isPartOf":{"@id":"https:\/\/rotary.fi\/nurmijarviklaukkala\/#website"},"primaryImageOfPage":{"@id":"https:\/\/rotary.fi\/nurmijarviklaukkala\/mita-teemme\/nuorisovaihto\/vaihtooppilaan-isantaperheeksi\/#primaryimage"},"image":{"@id":"https:\/\/rotary.fi\/nurmijarviklaukkala\/mita-teemme\/nuorisovaihto\/vaihtooppilaan-isantaperheeksi\/#primaryimage"},"thumbnailUrl":"https:\/\/rotary.fi\/nurmijarviklaukkala\/wp-content\/uploads\/sites\/109\/2019\/06\/2015-etienne-ja-joulupukki.jpg","datePublished":"2019-06-20T16:00:01+00:00","dateModified":"2023-09-05T14:48:36+00:00","breadcrumb":{"@id":"https:\/\/rotary.fi\/nurmijarviklaukkala\/mita-teemme\/nuorisovaihto\/vaihtooppilaan-isantaperheeksi\/#breadcrumb"},"inLanguage":"fi","potentialAction":[{"@type":"ReadAction","target":["https:\/\/rotary.fi\/nurmijarviklaukkala\/mita-teemme\/nuorisovaihto\/vaihtooppilaan-isantaperheeksi\/"]}]},{"@type":"ImageObject","inLanguage":"fi","@id":"https:\/\/rotary.fi\/nurmijarviklaukkala\/mita-teemme\/nuorisovaihto\/vaihtooppilaan-isantaperheeksi\/#primaryimage","url":"https:\/\/rotary.fi\/nurmijarviklaukkala\/wp-content\/uploads\/sites\/109\/2019\/06\/2015-etienne-ja-joulupukki.jpg","contentUrl":"https:\/\/rotary.fi\/nurmijarviklaukkala\/wp-content\/uploads\/sites\/109\/2019\/06\/2015-etienne-ja-joulupukki.jpg","width":700,"height":528,"caption":"Etienne ja joulupukki"},{"@type":"BreadcrumbList","@id":"https:\/\/rotary.fi\/nurmijarviklaukkala\/mita-teemme\/nuorisovaihto\/vaihtooppilaan-isantaperheeksi\/#breadcrumb","itemListElement":[{"@type":"ListItem","position":1,"name":"Home","item":"https:\/\/rotary.fi\/nurmijarviklaukkala\/"},{"@type":"ListItem","position":2,"name":"Mit\u00e4 teemme","item":"https:\/\/rotary.fi\/nurmijarviklaukkala\/mita-teemme\/"},{"@type":"ListItem","position":3,"name":"Nuorisovaihto","item":"https:\/\/rotary.fi\/nurmijarviklaukkala\/mita-teemme\/nuorisovaihto\/"},{"@type":"ListItem","position":4,"name":"Vaihto-oppilaan is\u00e4nt\u00e4perheeksi?"}]},{"@type":"WebSite","@id":"https:\/\/rotary.fi\/nurmijarviklaukkala\/#website","url":"https:\/\/rotary.fi\/nurmijarviklaukkala\/","name":"Nurmij\u00e4rvi-Klaukkalan Rotaryklubi ry","description":"Uusi Rotary klubisivusto","potentialAction":[{"@type":"SearchAction","target":{"@type":"EntryPoint","urlTemplate":"https:\/\/rotary.fi\/nurmijarviklaukkala\/?s={search_term_string}"},"query-input":{"@type":"PropertyValueSpecification","valueRequired":true,"valueName":"search_term_string"}}],"inLanguage":"fi"}]}},"lang":"fi","translations":{"fi":1949},"pll_sync_post":[],"_links":{"self":[{"href":"https:\/\/rotary.fi\/nurmijarviklaukkala\/wp-json\/wp\/v2\/pages\/1949","targetHints":{"allow":["GET"]}}],"collection":[{"href":"https:\/\/rotary.fi\/nurmijarviklaukkala\/wp-json\/wp\/v2\/pages"}],"about":[{"href":"https:\/\/rotary.fi\/nurmijarviklaukkala\/wp-json\/wp\/v2\/types\/page"}],"author":[{"embeddable":true,"href":"https:\/\/rotary.fi\/nurmijarviklaukkala\/wp-json\/wp\/v2\/users\/136"}],"replies":[{"embeddable":true,"href":"https:\/\/rotary.fi\/nurmijarviklaukkala\/wp-json\/wp\/v2\/comments?post=1949"}],"version-history":[{"count":5,"href":"https:\/\/rotary.fi\/nurmijarviklaukkala\/wp-json\/wp\/v2\/pages\/1949\/revisions"}],"predecessor-version":[{"id":4705,"href":"https:\/\/rotary.fi\/nurmijarviklaukkala\/wp-json\/wp\/v2\/pages\/1949\/revisions\/4705"}],"up":[{"embeddable":true,"href":"https:\/\/rotary.fi\/nurmijarviklaukkala\/wp-json\/wp\/v2\/pages\/154"}],"wp:attachment":[{"href":"https:\/\/rotary.fi\/nurmijarviklaukkala\/wp-json\/wp\/v2\/media?parent=1949"}],"curies":[{"name":"wp","href":"https:\/\/api.w.org\/{rel}","templated":true}]}}