{"id":1945,"date":"2019-06-20T18:50:27","date_gmt":"2019-06-20T15:50:27","guid":{"rendered":"https:\/\/rotary.fi\/nurmijarviklaukkala\/?page_id=1945"},"modified":"2023-12-17T18:29:11","modified_gmt":"2023-12-17T16:29:11","slug":"nuorisovaihto-kokemuksia","status":"publish","type":"page","link":"https:\/\/rotary.fi\/nurmijarviklaukkala\/mita-teemme\/nuorisovaihto\/nuorisovaihto-kokemuksia\/","title":{"rendered":"Nuorisovaihdossa olleiden kokemuksia"},"content":{"rendered":"<p>[et_pb_section fb_built=&#8221;1&#8243; module_class=&#8221;jumbotron-page&#8221; _builder_version=&#8221;4.16&#8243; background_image=&#8221;https:\/\/rotary.fi\/nurmijarviklaukkala\/wp-content\/uploads\/sites\/109\/2018\/10\/rotary_klubit_alasivu_paakuva_9.jpg&#8221; global_colors_info=&#8221;{}&#8221;][et_pb_row _builder_version=&#8221;4.16&#8243; background_size=&#8221;initial&#8221; background_position=&#8221;top_left&#8221; background_repeat=&#8221;repeat&#8221; global_colors_info=&#8221;{}&#8221;][et_pb_column type=&#8221;4_4&#8243; _builder_version=&#8221;4.16&#8243; custom_padding=&#8221;|||&#8221; global_colors_info=&#8221;{}&#8221; custom_padding__hover=&#8221;|||&#8221;][et_pb_text admin_label=&#8221;P\u00e4\u00e4otsikko&#8221; _builder_version=&#8221;4.16&#8243; text_orientation=&#8221;center&#8221; background_layout=&#8221;dark&#8221; global_colors_info=&#8221;{}&#8221;]<\/p>\n<h1>Nuorisovaihto<\/h1>\n<p>[\/et_pb_text][\/et_pb_column][\/et_pb_row][\/et_pb_section][et_pb_section fb_built=&#8221;1&#8243; specialty=&#8221;on&#8221; module_class_2=&#8221;sivupalkki&#8221; _builder_version=&#8221;4.16&#8243; inner_max_width=&#8221;none&#8221; global_colors_info=&#8221;{}&#8221;][et_pb_column type=&#8221;2_3&#8243; specialty_columns=&#8221;2&#8243; _builder_version=&#8221;4.16&#8243; custom_padding=&#8221;|||&#8221; global_colors_info=&#8221;{}&#8221; custom_padding__hover=&#8221;|||&#8221;][et_pb_row_inner admin_label=&#8221;Rivi&#8221; _builder_version=&#8221;4.16&#8243; global_colors_info=&#8221;{}&#8221;][et_pb_column_inner saved_specialty_column_type=&#8221;2_3&#8243; _builder_version=&#8221;4.16&#8243; custom_padding=&#8221;|||&#8221; global_colors_info=&#8221;{}&#8221; custom_padding__hover=&#8221;|||&#8221;][et_pb_text admin_label=&#8221;Nuorisovaihto &#8211; Otsikko&#8221; _builder_version=&#8221;4.16&#8243; text_orientation=&#8221;center&#8221; z_index_tablet=&#8221;500&#8243; global_colors_info=&#8221;{}&#8221;]<\/p>\n<h3>Nuorisovaihdossa olleiden kokemuksia<\/h3>\n<p>[\/et_pb_text][et_pb_text _builder_version=&#8221;4.16&#8243; z_index_tablet=&#8221;500&#8243; box_shadow_horizontal_tablet=&#8221;0px&#8221; box_shadow_vertical_tablet=&#8221;0px&#8221; box_shadow_blur_tablet=&#8221;40px&#8221; box_shadow_spread_tablet=&#8221;0px&#8221; global_colors_info=&#8221;{}&#8221;]<\/p>\n<h2>\u00a0<\/h2>\n<h4><\/h4>\n<h4>2022<\/h4>\n<p>Ohessa on Senning matkakertomus: <a href=\"https:\/\/rotary.fi\/nurmijarviklaukkala\/ajankohtaiset\/sennin-terveiset-argentiinasta-osa-1\/\">Sennin terveiset Argentiinasta, osa 1<\/a>\u00a0<\/p>\n<h4>2019<\/h4>\n<p>Ohessa on Julian matkakertomus: <a href=\"https:\/\/rotary.fi\/nurmijarviklaukkala\/wp-content\/uploads\/sites\/109\/2019\/09\/Australia-2019-2020-Julia-Olenius.pdf\">Australia 2019-2020 Julia Olenius<\/a> \u00a0\u00a0 <a href=\"https:\/\/rotary.fi\/nurmijarviklaukkala\/wp-content\/uploads\/sites\/109\/2020\/10\/Julian-terveiset-Australiasta-2.pdf\" rel=\"attachment wp-att-2843\">Julian terveiset Australiasta 2<\/a> \u00a0\u00a0\u00a0 <a href=\"https:\/\/rotary.fi\/nurmijarviklaukkala\/wp-content\/uploads\/sites\/109\/2020\/10\/Julian-terveiset-Australiasta-3.pdf\" rel=\"attachment wp-att-2844\">Julian terveiset Australiasta 3<\/a><\/p>\n<h4>2018<\/h4>\n<p>Brasilia lumosi 17-vuotiaan Lotan, kirjoittanut toimittaja Riitta Ketola, julkaistu Nurmij\u00e4rven Uutiset 10.10.2018 <a href=\"https:\/\/rotary.fi\/nurmijarviklaukkala\/mita-teemme\/nuorisovaihto-kokemuksia\/2018-lotta\/\">Lue lis\u00e4\u00e4<\/a><\/p>\n<p>Voit seurata Brasiliassa vaihto-oppilaana olleen Lotta Lehden tunnelmia sek\u00e4 ennen l\u00e4ht\u00f6\u00e4 ett\u00e4 miten Brasiliassa meni, h\u00e4nen blogistaan osoitteessa <a href=\"http:\/\/lottalehti.blogspot.fi\/\">lottalehti.blogspot.fi<\/a><\/p>\n<p>Voit seurata Ranskaan vaihto-oppilaaksi l\u00e4hteneen Senni Kaavisen tunnelmia h\u00e4nen blogistaan osoitteessa <a href=\"https:\/\/vuosiranskassa.blogi.net\/blog\/\">https:\/\/vuosiranskassa.blogi.net\/blog\/<\/a><\/p>\n<h4 class=\"entry-title\">2017<\/h4>\n<p>My name is Filipe Dias and I come from Brazil and I was an exchange student in Finland from August 2017 until July 2018. <a href=\"https:\/\/rotary.fi\/nurmijarviklaukkala\/mita-teemme\/nuorisovaihto\/nuorisovaihto-kokemuksia\/2017-filipe\/\">Lue lis\u00e4\u00e4<\/a><\/p>\n<h4 class=\"entry-title\">2016<\/h4>\n<p class=\"entry-title\">Brittany Mohammad: My 2016-2017 year in Finland is a year I can never forget. <a href=\"https:\/\/rotary.fi\/nurmijarviklaukkala\/mita-teemme\/nuorisovaihto\/nuorisovaihto-kokemuksia\/2016-brittany\/\">Lue lis\u00e4\u00e4<\/a><\/p>\n<h4>2011<\/h4>\n<p>Rosa Kurjenm\u00e4ki: <a href=\"https:\/\/rotary.fi\/nurmijarviklaukkala\/wp-content\/uploads\/sites\/109\/2020\/10\/Rosa-vaihto-oppilaana-USAssa.pdf\" rel=\"attachment wp-att-2912\">Rosa vaihto-oppilaana USAssa<\/a><\/p>\n<h4>2009<\/h4>\n<p><a href=\"https:\/\/rotary.fi\/nurmijarviklaukkala\/wp-content\/uploads\/sites\/109\/2020\/11\/2009-Hayden-Ellen-Australiasta.pdf\" rel=\"attachment wp-att-2958\">2009 Hayden Ellen Australiasta<\/a><\/p>\n<h4>2006<\/h4>\n<p><a href=\"https:\/\/rotary.fi\/nurmijarviklaukkala\/wp-content\/uploads\/sites\/109\/2020\/11\/2006-Broderick-Claire-vapun-j\u00e4lkeen.pdf\" rel=\"attachment wp-att-2957\">2006 Broderick Claire vapun j\u00e4lkeen<\/a><\/p>\n<h4>2004<\/h4>\n<p><a href=\"https:\/\/rotary.fi\/nurmijarviklaukkala\/wp-content\/uploads\/sites\/109\/2020\/11\/2004-Diaz-Jonathan-p\u00e4iv\u00e4ntasaajalta-Klaukkalassa.pdf\" rel=\"attachment wp-att-2956\">2004 Diaz Jonathan p\u00e4iv\u00e4ntasaajalta Klaukkalassa<\/a><\/p>\n<h4>2001<\/h4>\n<p><a href=\"https:\/\/rotary.fi\/nurmijarviklaukkala\/wp-content\/uploads\/sites\/109\/2020\/10\/2001-2002-Scott-Davies-vuosi-Suomessa.pdf\" rel=\"attachment wp-att-2914\">2001 2002 Scott Davies vuosi Suomessa<\/a><\/p>\n<p><a href=\"https:\/\/rotary.fi\/nurmijarviklaukkala\/wp-content\/uploads\/sites\/109\/2020\/11\/2001-Davis-Scott-vieraassa-maassa.pdf\" rel=\"attachment wp-att-2955\">2001 Davis Scott vieraassa maassa<\/a><\/p>\n<p><a href=\"https:\/\/rotary.fi\/nurmijarviklaukkala\/wp-content\/uploads\/sites\/109\/2020\/10\/2001-2002-Scott-Davies-perheenj\u00e4senen\u00e4.pdf\" rel=\"attachment wp-att-2913\">2001 2002 Scott Davies perheenj\u00e4senen\u00e4<\/a><\/p>\n<h4>1997<\/h4>\n<p><a href=\"https:\/\/rotary.fi\/nurmijarviklaukkala\/wp-content\/uploads\/sites\/109\/2020\/11\/1997-Rusi-Tiina-Etel\u00e4-Afrikassa.pdf\" rel=\"attachment wp-att-2954\">1997 Rusi Tiina Etel\u00e4-Afrikassa<\/a><\/p>\n<p><a href=\"https:\/\/rotary.fi\/nurmijarviklaukkala\/wp-content\/uploads\/sites\/109\/2020\/11\/1997-kymmenen-kysymyst\u00e4-vaihto-oppilaille.pdf\" rel=\"attachment wp-att-2953\">1997 kymmenen kysymyst\u00e4 vaihto-oppilaille<\/a><\/p>\n<h4>1996<\/h4>\n<p><a href=\"https:\/\/rotary.fi\/nurmijarviklaukkala\/wp-content\/uploads\/sites\/109\/2020\/11\/1996-Hosek-Nicholas-Kanadasta.pdf\" rel=\"attachment wp-att-2952\">1996 Hosek Nicholas Kanadasta<\/a><\/p>\n<h4>Karen Mabarak<\/h4>\n<p><img loading=\"lazy\" decoding=\"async\" class=\"alignnone size-medium wp-image-1976\" src=\"https:\/\/rotary.fi\/nurmijarviklaukkala\/wp-content\/uploads\/sites\/109\/2019\/06\/1996-karen-mabarak-1-1-300x279.jpg\" alt=\"\" width=\"300\" height=\"279\" srcset=\"https:\/\/rotary.fi\/nurmijarviklaukkala\/wp-content\/uploads\/sites\/109\/2019\/06\/1996-karen-mabarak-1-1-300x279.jpg 300w, https:\/\/rotary.fi\/nurmijarviklaukkala\/wp-content\/uploads\/sites\/109\/2019\/06\/1996-karen-mabarak-1-1-768x714.jpg 768w, https:\/\/rotary.fi\/nurmijarviklaukkala\/wp-content\/uploads\/sites\/109\/2019\/06\/1996-karen-mabarak-1-1-1024x953.jpg 1024w, https:\/\/rotary.fi\/nurmijarviklaukkala\/wp-content\/uploads\/sites\/109\/2019\/06\/1996-karen-mabarak-1-1-1080x1005.jpg 1080w, https:\/\/rotary.fi\/nurmijarviklaukkala\/wp-content\/uploads\/sites\/109\/2019\/06\/1996-karen-mabarak-1-1.jpg 2048w\" sizes=\"(max-width: 300px) 100vw, 300px\" \/><\/p>\n<p><img loading=\"lazy\" decoding=\"async\" class=\"alignnone size-large wp-image-1975\" src=\"https:\/\/rotary.fi\/nurmijarviklaukkala\/wp-content\/uploads\/sites\/109\/2019\/06\/1996-karen-mabarak-2-992x1024.jpg\" alt=\"\" width=\"992\" height=\"1024\" srcset=\"https:\/\/rotary.fi\/nurmijarviklaukkala\/wp-content\/uploads\/sites\/109\/2019\/06\/1996-karen-mabarak-2-992x1024.jpg 992w, https:\/\/rotary.fi\/nurmijarviklaukkala\/wp-content\/uploads\/sites\/109\/2019\/06\/1996-karen-mabarak-2-290x300.jpg 290w, https:\/\/rotary.fi\/nurmijarviklaukkala\/wp-content\/uploads\/sites\/109\/2019\/06\/1996-karen-mabarak-2-768x793.jpg 768w, https:\/\/rotary.fi\/nurmijarviklaukkala\/wp-content\/uploads\/sites\/109\/2019\/06\/1996-karen-mabarak-2-1080x1115.jpg 1080w, https:\/\/rotary.fi\/nurmijarviklaukkala\/wp-content\/uploads\/sites\/109\/2019\/06\/1996-karen-mabarak-2.jpg 1983w\" sizes=\"(max-width: 992px) 100vw, 992px\" \/><\/p>\n<h4>1996<\/h4>\n<h4>Tiina V\u00e4nsk\u00e4<\/h4>\n<p><img loading=\"lazy\" decoding=\"async\" class=\"alignnone size-large wp-image-1972\" src=\"https:\/\/rotary.fi\/nurmijarviklaukkala\/wp-content\/uploads\/sites\/109\/2019\/06\/1996-tiina-vanska-1-793x1024.jpg\" alt=\"\" width=\"793\" height=\"1024\" srcset=\"https:\/\/rotary.fi\/nurmijarviklaukkala\/wp-content\/uploads\/sites\/109\/2019\/06\/1996-tiina-vanska-1-793x1024.jpg 793w, https:\/\/rotary.fi\/nurmijarviklaukkala\/wp-content\/uploads\/sites\/109\/2019\/06\/1996-tiina-vanska-1-232x300.jpg 232w, https:\/\/rotary.fi\/nurmijarviklaukkala\/wp-content\/uploads\/sites\/109\/2019\/06\/1996-tiina-vanska-1-768x992.jpg 768w, https:\/\/rotary.fi\/nurmijarviklaukkala\/wp-content\/uploads\/sites\/109\/2019\/06\/1996-tiina-vanska-1-1080x1395.jpg 1080w, https:\/\/rotary.fi\/nurmijarviklaukkala\/wp-content\/uploads\/sites\/109\/2019\/06\/1996-tiina-vanska-1-400x516.jpg 400w, https:\/\/rotary.fi\/nurmijarviklaukkala\/wp-content\/uploads\/sites\/109\/2019\/06\/1996-tiina-vanska-1.jpg 1586w\" sizes=\"(max-width: 793px) 100vw, 793px\" \/><\/p>\n<p><img loading=\"lazy\" decoding=\"async\" class=\"size-large wp-image-1973\" src=\"https:\/\/rotary.fi\/nurmijarviklaukkala\/wp-content\/uploads\/sites\/109\/2019\/06\/1996-tiina-vanska-2-557x1024.jpg\" alt=\"\" width=\"557\" height=\"1024\" srcset=\"https:\/\/rotary.fi\/nurmijarviklaukkala\/wp-content\/uploads\/sites\/109\/2019\/06\/1996-tiina-vanska-2-557x1024.jpg 557w, https:\/\/rotary.fi\/nurmijarviklaukkala\/wp-content\/uploads\/sites\/109\/2019\/06\/1996-tiina-vanska-2-163x300.jpg 163w, https:\/\/rotary.fi\/nurmijarviklaukkala\/wp-content\/uploads\/sites\/109\/2019\/06\/1996-tiina-vanska-2-768x1413.jpg 768w, https:\/\/rotary.fi\/nurmijarviklaukkala\/wp-content\/uploads\/sites\/109\/2019\/06\/1996-tiina-vanska-2-1080x1987.jpg 1080w, https:\/\/rotary.fi\/nurmijarviklaukkala\/wp-content\/uploads\/sites\/109\/2019\/06\/1996-tiina-vanska-2.jpg 1113w\" sizes=\"(max-width: 557px) 100vw, 557px\" \/><\/p>\n<p>Tiinan kokemukset Meksikosta<\/p>\n<h4>1993<\/h4>\n<h4>Eric Howard ja Sanna Autio ensimm\u00e4iset vaihto-oppilaamme<\/h4>\n<p><img loading=\"lazy\" decoding=\"async\" class=\"alignnone size-medium wp-image-1971\" src=\"https:\/\/rotary.fi\/nurmijarviklaukkala\/wp-content\/uploads\/sites\/109\/2019\/06\/1993-eric-howard-ensimmainen-vaihtari-231x300.jpg\" alt=\"\" width=\"231\" height=\"300\" srcset=\"https:\/\/rotary.fi\/nurmijarviklaukkala\/wp-content\/uploads\/sites\/109\/2019\/06\/1993-eric-howard-ensimmainen-vaihtari-231x300.jpg 231w, https:\/\/rotary.fi\/nurmijarviklaukkala\/wp-content\/uploads\/sites\/109\/2019\/06\/1993-eric-howard-ensimmainen-vaihtari-768x999.jpg 768w, https:\/\/rotary.fi\/nurmijarviklaukkala\/wp-content\/uploads\/sites\/109\/2019\/06\/1993-eric-howard-ensimmainen-vaihtari-788x1024.jpg 788w, https:\/\/rotary.fi\/nurmijarviklaukkala\/wp-content\/uploads\/sites\/109\/2019\/06\/1993-eric-howard-ensimmainen-vaihtari-1080x1404.jpg 1080w, https:\/\/rotary.fi\/nurmijarviklaukkala\/wp-content\/uploads\/sites\/109\/2019\/06\/1993-eric-howard-ensimmainen-vaihtari.jpg 1575w\" sizes=\"(max-width: 231px) 100vw, 231px\" \/><\/p>\n<p><img loading=\"lazy\" decoding=\"async\" class=\"size-full wp-image-1970\" src=\"https:\/\/rotary.fi\/nurmijarviklaukkala\/wp-content\/uploads\/sites\/109\/2019\/06\/1993-eric-howard-ensimmainen-vaihtari-lehtijuttu.jpg\" alt=\"\" width=\"2048\" height=\"1081\" srcset=\"https:\/\/rotary.fi\/nurmijarviklaukkala\/wp-content\/uploads\/sites\/109\/2019\/06\/1993-eric-howard-ensimmainen-vaihtari-lehtijuttu.jpg 2048w, https:\/\/rotary.fi\/nurmijarviklaukkala\/wp-content\/uploads\/sites\/109\/2019\/06\/1993-eric-howard-ensimmainen-vaihtari-lehtijuttu-300x158.jpg 300w, https:\/\/rotary.fi\/nurmijarviklaukkala\/wp-content\/uploads\/sites\/109\/2019\/06\/1993-eric-howard-ensimmainen-vaihtari-lehtijuttu-768x405.jpg 768w, https:\/\/rotary.fi\/nurmijarviklaukkala\/wp-content\/uploads\/sites\/109\/2019\/06\/1993-eric-howard-ensimmainen-vaihtari-lehtijuttu-1024x541.jpg 1024w, https:\/\/rotary.fi\/nurmijarviklaukkala\/wp-content\/uploads\/sites\/109\/2019\/06\/1993-eric-howard-ensimmainen-vaihtari-lehtijuttu-1080x570.jpg 1080w\" sizes=\"(max-width: 2048px) 100vw, 2048px\" \/><\/p>\n<p>&nbsp;<\/p>\n<p>[\/et_pb_text][\/et_pb_column_inner][\/et_pb_row_inner][et_pb_row_inner admin_label=&#8221;Rivi&#8221; _builder_version=&#8221;4.16&#8243; global_colors_info=&#8221;{}&#8221;][et_pb_column_inner saved_specialty_column_type=&#8221;2_3&#8243; _builder_version=&#8221;4.16&#8243; custom_padding=&#8221;|||&#8221; global_colors_info=&#8221;{}&#8221; custom_padding__hover=&#8221;|||&#8221;][\/et_pb_column_inner][\/et_pb_row_inner][\/et_pb_column][et_pb_column type=&#8221;1_3&#8243; _builder_version=&#8221;4.16&#8243; custom_padding=&#8221;|||&#8221; global_colors_info=&#8221;{}&#8221; custom_padding__hover=&#8221;|||&#8221;][et_pb_sidebar area=&#8221;sidebar-1&#8243; module_class=&#8221;sivupalkki_sisalto&#8221; _builder_version=&#8221;4.16&#8243; locked=&#8221;on&#8221; global_colors_info=&#8221;{}&#8221;]<br \/>\n[\/et_pb_sidebar][\/et_pb_column][\/et_pb_section]<\/p>\n","protected":false},"excerpt":{"rendered":"<p>Nuorisovaihto Nuorisovaihdossa olleiden kokemuksia \u00a0 2022 Ohessa on Senning matkakertomus: Sennin terveiset Argentiinasta, osa 1\u00a0 2019 Ohessa on Julian matkakertomus: Australia 2019-2020 Julia Olenius \u00a0\u00a0 Julian terveiset Australiasta 2 \u00a0\u00a0\u00a0 Julian terveiset Australiasta 3 2018 Brasilia lumosi 17-vuotiaan Lotan, kirjoittanut toimittaja Riitta Ketola, julkaistu Nurmij\u00e4rven Uutiset 10.10.2018 Lue lis\u00e4\u00e4 Voit seurata Brasiliassa vaihto-oppilaana olleen Lotta [&hellip;]<\/p>\n","protected":false},"author":1,"featured_media":0,"parent":154,"menu_order":0,"comment_status":"closed","ping_status":"closed","template":"","meta":{"_acf_changed":false,"_et_pb_use_builder":"on","_et_pb_old_content":"","_et_gb_content_width":"","footnotes":""},"class_list":["post-1945","page","type-page","status-publish","hentry"],"acf":[],"yoast_head":"<!-- This site is optimized with the Yoast SEO plugin v27.0 - https:\/\/yoast.com\/product\/yoast-seo-wordpress\/ -->\n<title>Nuorisovaihdossa olleiden kokemuksia - Nurmij\u00e4rvi-Klaukkalan Rotaryklubi ry<\/title>\n<meta name=\"robots\" content=\"index, follow, max-snippet:-1, max-image-preview:large, max-video-preview:-1\" \/>\n<link rel=\"canonical\" href=\"https:\/\/rotary.fi\/nurmijarviklaukkala\/mita-teemme\/nuorisovaihto\/nuorisovaihto-kokemuksia\/\" \/>\n<meta property=\"og:locale\" content=\"fi_FI\" \/>\n<meta property=\"og:type\" content=\"article\" \/>\n<meta property=\"og:title\" content=\"Nuorisovaihdossa olleiden kokemuksia - Nurmij\u00e4rvi-Klaukkalan Rotaryklubi ry\" \/>\n<meta property=\"og:description\" content=\"Nuorisovaihto Nuorisovaihdossa olleiden kokemuksia \u00a0 2022 Ohessa on Senning matkakertomus: Sennin terveiset Argentiinasta, osa 1\u00a0 2019 Ohessa on Julian matkakertomus: Australia 2019-2020 Julia Olenius \u00a0\u00a0 Julian terveiset Australiasta 2 \u00a0\u00a0\u00a0 Julian terveiset Australiasta 3 2018 Brasilia lumosi 17-vuotiaan Lotan, kirjoittanut toimittaja Riitta Ketola, julkaistu Nurmij\u00e4rven Uutiset 10.10.2018 Lue lis\u00e4\u00e4 Voit seurata Brasiliassa vaihto-oppilaana olleen Lotta [&hellip;]\" \/>\n<meta property=\"og:url\" content=\"https:\/\/rotary.fi\/nurmijarviklaukkala\/mita-teemme\/nuorisovaihto\/nuorisovaihto-kokemuksia\/\" \/>\n<meta property=\"og:site_name\" content=\"Nurmij\u00e4rvi-Klaukkalan Rotaryklubi ry\" \/>\n<meta property=\"article:modified_time\" content=\"2023-12-17T16:29:11+00:00\" \/>\n<meta property=\"og:image\" content=\"https:\/\/rotary.fi\/nurmijarviklaukkala\/wp-content\/uploads\/sites\/109\/2019\/06\/1996-karen-mabarak-1-1-300x279.jpg\" \/>\n<meta name=\"twitter:card\" content=\"summary_large_image\" \/>\n<meta name=\"twitter:label1\" content=\"Arvioitu lukuaika\" \/>\n\t<meta name=\"twitter:data1\" content=\"3 minuuttia\" \/>\n<script type=\"application\/ld+json\" class=\"yoast-schema-graph\">{\"@context\":\"https:\/\/schema.org\",\"@graph\":[{\"@type\":\"WebPage\",\"@id\":\"https:\/\/rotary.fi\/nurmijarviklaukkala\/mita-teemme\/nuorisovaihto\/nuorisovaihto-kokemuksia\/\",\"url\":\"https:\/\/rotary.fi\/nurmijarviklaukkala\/mita-teemme\/nuorisovaihto\/nuorisovaihto-kokemuksia\/\",\"name\":\"Nuorisovaihdossa olleiden kokemuksia - Nurmij\u00e4rvi-Klaukkalan Rotaryklubi ry\",\"isPartOf\":{\"@id\":\"https:\/\/rotary.fi\/nurmijarviklaukkala\/#website\"},\"primaryImageOfPage\":{\"@id\":\"https:\/\/rotary.fi\/nurmijarviklaukkala\/mita-teemme\/nuorisovaihto\/nuorisovaihto-kokemuksia\/#primaryimage\"},\"image\":{\"@id\":\"https:\/\/rotary.fi\/nurmijarviklaukkala\/mita-teemme\/nuorisovaihto\/nuorisovaihto-kokemuksia\/#primaryimage\"},\"thumbnailUrl\":\"https:\/\/rotary.fi\/nurmijarviklaukkala\/wp-content\/uploads\/sites\/109\/2019\/06\/1996-karen-mabarak-1-1-300x279.jpg\",\"datePublished\":\"2019-06-20T15:50:27+00:00\",\"dateModified\":\"2023-12-17T16:29:11+00:00\",\"breadcrumb\":{\"@id\":\"https:\/\/rotary.fi\/nurmijarviklaukkala\/mita-teemme\/nuorisovaihto\/nuorisovaihto-kokemuksia\/#breadcrumb\"},\"inLanguage\":\"fi\",\"potentialAction\":[{\"@type\":\"ReadAction\",\"target\":[\"https:\/\/rotary.fi\/nurmijarviklaukkala\/mita-teemme\/nuorisovaihto\/nuorisovaihto-kokemuksia\/\"]}]},{\"@type\":\"ImageObject\",\"inLanguage\":\"fi\",\"@id\":\"https:\/\/rotary.fi\/nurmijarviklaukkala\/mita-teemme\/nuorisovaihto\/nuorisovaihto-kokemuksia\/#primaryimage\",\"url\":\"https:\/\/rotary.fi\/nurmijarviklaukkala\/wp-content\/uploads\/sites\/109\/2019\/06\/1996-karen-mabarak-1-1.jpg\",\"contentUrl\":\"https:\/\/rotary.fi\/nurmijarviklaukkala\/wp-content\/uploads\/sites\/109\/2019\/06\/1996-karen-mabarak-1-1.jpg\",\"width\":2048,\"height\":1905},{\"@type\":\"BreadcrumbList\",\"@id\":\"https:\/\/rotary.fi\/nurmijarviklaukkala\/mita-teemme\/nuorisovaihto\/nuorisovaihto-kokemuksia\/#breadcrumb\",\"itemListElement\":[{\"@type\":\"ListItem\",\"position\":1,\"name\":\"Home\",\"item\":\"https:\/\/rotary.fi\/nurmijarviklaukkala\/\"},{\"@type\":\"ListItem\",\"position\":2,\"name\":\"Mit\u00e4 teemme\",\"item\":\"https:\/\/rotary.fi\/nurmijarviklaukkala\/mita-teemme\/\"},{\"@type\":\"ListItem\",\"position\":3,\"name\":\"Nuorisovaihto\",\"item\":\"https:\/\/rotary.fi\/nurmijarviklaukkala\/mita-teemme\/nuorisovaihto\/\"},{\"@type\":\"ListItem\",\"position\":4,\"name\":\"Nuorisovaihdossa olleiden kokemuksia\"}]},{\"@type\":\"WebSite\",\"@id\":\"https:\/\/rotary.fi\/nurmijarviklaukkala\/#website\",\"url\":\"https:\/\/rotary.fi\/nurmijarviklaukkala\/\",\"name\":\"Nurmij\u00e4rvi-Klaukkalan Rotaryklubi ry\",\"description\":\"Uusi Rotary klubisivusto\",\"potentialAction\":[{\"@type\":\"SearchAction\",\"target\":{\"@type\":\"EntryPoint\",\"urlTemplate\":\"https:\/\/rotary.fi\/nurmijarviklaukkala\/?s={search_term_string}\"},\"query-input\":{\"@type\":\"PropertyValueSpecification\",\"valueRequired\":true,\"valueName\":\"search_term_string\"}}],\"inLanguage\":\"fi\"}]}<\/script>\n<!-- \/ Yoast SEO plugin. -->","yoast_head_json":{"title":"Nuorisovaihdossa olleiden kokemuksia - Nurmij\u00e4rvi-Klaukkalan Rotaryklubi ry","robots":{"index":"index","follow":"follow","max-snippet":"max-snippet:-1","max-image-preview":"max-image-preview:large","max-video-preview":"max-video-preview:-1"},"canonical":"https:\/\/rotary.fi\/nurmijarviklaukkala\/mita-teemme\/nuorisovaihto\/nuorisovaihto-kokemuksia\/","og_locale":"fi_FI","og_type":"article","og_title":"Nuorisovaihdossa olleiden kokemuksia - Nurmij\u00e4rvi-Klaukkalan Rotaryklubi ry","og_description":"Nuorisovaihto Nuorisovaihdossa olleiden kokemuksia \u00a0 2022 Ohessa on Senning matkakertomus: Sennin terveiset Argentiinasta, osa 1\u00a0 2019 Ohessa on Julian matkakertomus: Australia 2019-2020 Julia Olenius \u00a0\u00a0 Julian terveiset Australiasta 2 \u00a0\u00a0\u00a0 Julian terveiset Australiasta 3 2018 Brasilia lumosi 17-vuotiaan Lotan, kirjoittanut toimittaja Riitta Ketola, julkaistu Nurmij\u00e4rven Uutiset 10.10.2018 Lue lis\u00e4\u00e4 Voit seurata Brasiliassa vaihto-oppilaana olleen Lotta [&hellip;]","og_url":"https:\/\/rotary.fi\/nurmijarviklaukkala\/mita-teemme\/nuorisovaihto\/nuorisovaihto-kokemuksia\/","og_site_name":"Nurmij\u00e4rvi-Klaukkalan Rotaryklubi ry","article_modified_time":"2023-12-17T16:29:11+00:00","og_image":[{"url":"https:\/\/rotary.fi\/nurmijarviklaukkala\/wp-content\/uploads\/sites\/109\/2019\/06\/1996-karen-mabarak-1-1-300x279.jpg","type":"","width":"","height":""}],"twitter_card":"summary_large_image","twitter_misc":{"Arvioitu lukuaika":"3 minuuttia"},"schema":{"@context":"https:\/\/schema.org","@graph":[{"@type":"WebPage","@id":"https:\/\/rotary.fi\/nurmijarviklaukkala\/mita-teemme\/nuorisovaihto\/nuorisovaihto-kokemuksia\/","url":"https:\/\/rotary.fi\/nurmijarviklaukkala\/mita-teemme\/nuorisovaihto\/nuorisovaihto-kokemuksia\/","name":"Nuorisovaihdossa olleiden kokemuksia - Nurmij\u00e4rvi-Klaukkalan Rotaryklubi ry","isPartOf":{"@id":"https:\/\/rotary.fi\/nurmijarviklaukkala\/#website"},"primaryImageOfPage":{"@id":"https:\/\/rotary.fi\/nurmijarviklaukkala\/mita-teemme\/nuorisovaihto\/nuorisovaihto-kokemuksia\/#primaryimage"},"image":{"@id":"https:\/\/rotary.fi\/nurmijarviklaukkala\/mita-teemme\/nuorisovaihto\/nuorisovaihto-kokemuksia\/#primaryimage"},"thumbnailUrl":"https:\/\/rotary.fi\/nurmijarviklaukkala\/wp-content\/uploads\/sites\/109\/2019\/06\/1996-karen-mabarak-1-1-300x279.jpg","datePublished":"2019-06-20T15:50:27+00:00","dateModified":"2023-12-17T16:29:11+00:00","breadcrumb":{"@id":"https:\/\/rotary.fi\/nurmijarviklaukkala\/mita-teemme\/nuorisovaihto\/nuorisovaihto-kokemuksia\/#breadcrumb"},"inLanguage":"fi","potentialAction":[{"@type":"ReadAction","target":["https:\/\/rotary.fi\/nurmijarviklaukkala\/mita-teemme\/nuorisovaihto\/nuorisovaihto-kokemuksia\/"]}]},{"@type":"ImageObject","inLanguage":"fi","@id":"https:\/\/rotary.fi\/nurmijarviklaukkala\/mita-teemme\/nuorisovaihto\/nuorisovaihto-kokemuksia\/#primaryimage","url":"https:\/\/rotary.fi\/nurmijarviklaukkala\/wp-content\/uploads\/sites\/109\/2019\/06\/1996-karen-mabarak-1-1.jpg","contentUrl":"https:\/\/rotary.fi\/nurmijarviklaukkala\/wp-content\/uploads\/sites\/109\/2019\/06\/1996-karen-mabarak-1-1.jpg","width":2048,"height":1905},{"@type":"BreadcrumbList","@id":"https:\/\/rotary.fi\/nurmijarviklaukkala\/mita-teemme\/nuorisovaihto\/nuorisovaihto-kokemuksia\/#breadcrumb","itemListElement":[{"@type":"ListItem","position":1,"name":"Home","item":"https:\/\/rotary.fi\/nurmijarviklaukkala\/"},{"@type":"ListItem","position":2,"name":"Mit\u00e4 teemme","item":"https:\/\/rotary.fi\/nurmijarviklaukkala\/mita-teemme\/"},{"@type":"ListItem","position":3,"name":"Nuorisovaihto","item":"https:\/\/rotary.fi\/nurmijarviklaukkala\/mita-teemme\/nuorisovaihto\/"},{"@type":"ListItem","position":4,"name":"Nuorisovaihdossa olleiden kokemuksia"}]},{"@type":"WebSite","@id":"https:\/\/rotary.fi\/nurmijarviklaukkala\/#website","url":"https:\/\/rotary.fi\/nurmijarviklaukkala\/","name":"Nurmij\u00e4rvi-Klaukkalan Rotaryklubi ry","description":"Uusi Rotary klubisivusto","potentialAction":[{"@type":"SearchAction","target":{"@type":"EntryPoint","urlTemplate":"https:\/\/rotary.fi\/nurmijarviklaukkala\/?s={search_term_string}"},"query-input":{"@type":"PropertyValueSpecification","valueRequired":true,"valueName":"search_term_string"}}],"inLanguage":"fi"}]}},"lang":"fi","translations":{"fi":1945},"pll_sync_post":[],"_links":{"self":[{"href":"https:\/\/rotary.fi\/nurmijarviklaukkala\/wp-json\/wp\/v2\/pages\/1945","targetHints":{"allow":["GET"]}}],"collection":[{"href":"https:\/\/rotary.fi\/nurmijarviklaukkala\/wp-json\/wp\/v2\/pages"}],"about":[{"href":"https:\/\/rotary.fi\/nurmijarviklaukkala\/wp-json\/wp\/v2\/types\/page"}],"author":[{"embeddable":true,"href":"https:\/\/rotary.fi\/nurmijarviklaukkala\/wp-json\/wp\/v2\/users\/1"}],"replies":[{"embeddable":true,"href":"https:\/\/rotary.fi\/nurmijarviklaukkala\/wp-json\/wp\/v2\/comments?post=1945"}],"version-history":[{"count":9,"href":"https:\/\/rotary.fi\/nurmijarviklaukkala\/wp-json\/wp\/v2\/pages\/1945\/revisions"}],"predecessor-version":[{"id":4785,"href":"https:\/\/rotary.fi\/nurmijarviklaukkala\/wp-json\/wp\/v2\/pages\/1945\/revisions\/4785"}],"up":[{"embeddable":true,"href":"https:\/\/rotary.fi\/nurmijarviklaukkala\/wp-json\/wp\/v2\/pages\/154"}],"wp:attachment":[{"href":"https:\/\/rotary.fi\/nurmijarviklaukkala\/wp-json\/wp\/v2\/media?parent=1945"}],"curies":[{"name":"wp","href":"https:\/\/api.w.org\/{rel}","templated":true}]}}