{"id":1750,"date":"2019-05-06T17:25:11","date_gmt":"2019-05-06T14:25:11","guid":{"rendered":"https:\/\/rotary.fi\/nurmijarviklaukkala\/?page_id=1750"},"modified":"2021-10-10T12:42:53","modified_gmt":"2021-10-10T09:42:53","slug":"juhani_laakaripankissa","status":"publish","type":"page","link":"https:\/\/rotary.fi\/nurmijarviklaukkala\/mita-teemme\/laakaripankki\/juhani_laakaripankissa\/","title":{"rendered":"Juhani L\u00e4\u00e4k\u00e4ripankissa"},"content":{"rendered":"<p>[et_pb_section fb_built=&#8221;1&#8243; module_class=&#8221;jumbotron-page&#8221; _builder_version=&#8221;3.22&#8243; background_image=&#8221;https:\/\/rotary.fi\/nurmijarviklaukkala\/wp-content\/uploads\/sites\/109\/2018\/10\/rotary_klubit_alasivu_paakuva_14.jpg&#8221;][et_pb_row _builder_version=&#8221;3.25&#8243; background_size=&#8221;initial&#8221; background_position=&#8221;top_left&#8221; background_repeat=&#8221;repeat&#8221;][et_pb_column type=&#8221;4_4&#8243; _builder_version=&#8221;3.25&#8243; custom_padding=&#8221;|||&#8221; custom_padding__hover=&#8221;|||&#8221;][et_pb_text admin_label=&#8221;P\u00e4\u00e4otsikko&#8221; _builder_version=&#8221;3.27.4&#8243; text_orientation=&#8221;center&#8221; background_layout=&#8221;dark&#8221;]<\/p>\n<h1>L\u00e4\u00e4k\u00e4ripankki<\/h1>\n<p>[\/et_pb_text][\/et_pb_column][\/et_pb_row][\/et_pb_section][et_pb_section fb_built=&#8221;1&#8243; specialty=&#8221;on&#8221; module_class_2=&#8221;sivupalkki&#8221; _builder_version=&#8221;3.22&#8243; inner_max_width=&#8221;none&#8221;][et_pb_column type=&#8221;2_3&#8243; specialty_columns=&#8221;2&#8243; _builder_version=&#8221;3.25&#8243; custom_padding=&#8221;|||&#8221; custom_padding__hover=&#8221;|||&#8221;][et_pb_row_inner admin_label=&#8221;Rivi&#8221; _builder_version=&#8221;3.25&#8243;][et_pb_column_inner saved_specialty_column_type=&#8221;2_3&#8243; _builder_version=&#8221;3.25&#8243; custom_padding=&#8221;|||&#8221; custom_padding__hover=&#8221;|||&#8221;][et_pb_text admin_label=&#8221;L\u00e4\u00e4k\u00e4ripankki &#8211; Otsikko&#8221; _builder_version=&#8221;3.27.4&#8243; text_orientation=&#8221;center&#8221; z_index_tablet=&#8221;500&#8243;]<\/p>\n<h1>Juhani L\u00e4\u00e4k\u00e4ripankissa<\/h1>\n<p>[\/et_pb_text][et_pb_text _builder_version=&#8221;4.9.10&#8243; hover_enabled=&#8221;0&#8243; z_index_tablet=&#8221;500&#8243; sticky_enabled=&#8221;0&#8243;]<\/p>\n<p>Yhden Klaukkalan klubin j\u00e4senen eli Juhani Brodkinin tarinaa matkasta Rotaryss\u00e4 Suomi-Ven\u00e4j\u00e4-Armenia-Tansania<\/p>\n<p><a href=\"https:\/\/rotary.fi\/mika-on-rotary\/organisaatio\/suomen-rotarypalvelu\/\">Suomen Rotarypalvelun<\/a> (SRP) ja <a href=\"https:\/\/rotary.fi\/mita-teemme\/laakaripankki\/\">L\u00e4\u00e4k\u00e4ripankin<\/a> (RDBF= Rotary Doctor Bank Finland) toiminnassa terveydenhuollon saralla yli rajojen on yhten\u00e4 pitk\u00e4\u00e4n jatkuneena hankkeena ollut toiminta Afrikassa. 1990-luvun lopulla terveydenhuollon osaajia SRP kautta meni Keniaan ja Tansaniaan <a href=\"https:\/\/skandinaviskalakarbanken.se\/\">Skandinaviska L\u00e4karbanken<\/a> kautta. Silloin l\u00e4\u00e4k\u00e4reit\u00e4, my\u00f6hemmin Ulkoministeri\u00f6n tukemassa \u201dHealth Tanzania\u201d hankkeessa vapaaehtoisia on ollut monia terveydenhuollon osaajia; k\u00e4til\u00f6it\u00e4, terveydenhoitajia, fysioterapeutteja, l\u00e4\u00e4k\u00e4reit\u00e4, hammasl\u00e4\u00e4k\u00e4reit\u00e4, erikoisl\u00e4\u00e4k\u00e4reit\u00e4 ja my\u00f6s IT-osaajia ja teknikoita. Toimimaan konsultteina, opettaen ja oppien paikallisten kollegoiden kanssa, toimien et\u00e4n\u00e4 t\u00e4\u00e4lt\u00e4 kaukaa tai sinne paikan p\u00e4\u00e4lle matkustaen.<\/p>\n<p>Tansanian Evankelisluterilaisen Kirkon sairaalat (<a href=\"http:\/\/health.elct.org\/\">ELCT Health<\/a>) on ollut p\u00e4\u00e4asiallinen kumppanimme, <a href=\"https:\/\/www.facebook.com\/Ilembula-Lutheran-Hospital-187767071323496\/\">Ilembula Lutheran Hospital<\/a>, ja `daktari\u00b4 <a href=\"https:\/\/fi.wikipedia.org\/wiki\/Leena_Pasanen\">Leena Pasanen<\/a> siell\u00e4 on ollut aina yst\u00e4v\u00e4llinen apu. Hauska sattumus, Leenan \u00e4iti on kotoisin samasta Kitel\u00e4n kyl\u00e4st\u00e4 Laatokan pohjoisrannalta kuin oma is\u00e4ni \u2013 maailma on pieni.<\/p>\n<p>Oma matkani Rotaryyn l\u00e4hti bussipys\u00e4kilt\u00e4 t\u00e4\u00e4lt\u00e4 Klaukkalan M\u00e4ntysalon perilt\u00e4 vuonna 2003, yhteisill\u00e4 ty\u00f6matkoilla keskusteluista Klaukkalan klubin kummini Raimo Sepp\u00e4l\u00e4n kanssa. Raimo oli nuorisoasiamies ja innosti minut mukaan j\u00e4seneksi. Oli minulla tiistai-iltaisin toinenkin harrastus, mutta kiinnostuin Rotaryst\u00e4 ja mahdollisuudesta tutustua Klaukkalan porukoihin.<\/p>\n<p>Seuraavana kev\u00e4\u00e4n\u00e4 2004 olinkin jo mukana Pietarissa hankkeessa \u201dHammashoitoa Pietarin katulapsille&#8221;. Vet\u00e4j\u00e4n\u00e4 siin\u00e4 oli Dr. Dorothy Steinert\u00b4in <a href=\"https:\/\/medarminarm.org\/\">Medicine Arm-In-Arm<\/a> USAsta. Merkitt\u00e4vin\u00e4 kumppaneina mukana olivat my\u00f6s <a href=\"http:\/\/rotarywhitenights.ru\/\">Rotary Club White Nights St. Petersburg<\/a> sek\u00e4 Suomen Rotarypiirit. Suomesta meit\u00e4 oli kahdeksan hammasl\u00e4\u00e4k\u00e4ri\u00e4. Aivan hienoa ty\u00f6t\u00e4, kyll\u00e4 el\u00e4m\u00e4\u00e4 muuttavaakin kohdallani.<\/p>\n<p><div id=\"attachment_1755\" style=\"width: 730px\" class=\"wp-caption alignnone\"><img loading=\"lazy\" decoding=\"async\" aria-describedby=\"caption-attachment-1755\" class=\"size-full wp-image-1755\" src=\"https:\/\/rotary.fi\/nurmijarviklaukkala\/wp-content\/uploads\/sites\/109\/2019\/05\/juhani-5-our-team-in-front-of-clinic.jpg\" alt=\"\" width=\"720\" height=\"540\" srcset=\"https:\/\/rotary.fi\/nurmijarviklaukkala\/wp-content\/uploads\/sites\/109\/2019\/05\/juhani-5-our-team-in-front-of-clinic.jpg 720w, https:\/\/rotary.fi\/nurmijarviklaukkala\/wp-content\/uploads\/sites\/109\/2019\/05\/juhani-5-our-team-in-front-of-clinic-300x225.jpg 300w, https:\/\/rotary.fi\/nurmijarviklaukkala\/wp-content\/uploads\/sites\/109\/2019\/05\/juhani-5-our-team-in-front-of-clinic-510x382.jpg 510w\" sizes=\"(max-width: 720px) 100vw, 720px\" \/><p id=\"caption-attachment-1755\" class=\"wp-caption-text\">Tiimimme paikallisen klinikan edess\u00e4.<\/p><\/div><div id=\"attachment_1751\" style=\"width: 650px\" class=\"wp-caption alignnone\"><img loading=\"lazy\" decoding=\"async\" aria-describedby=\"caption-attachment-1751\" class=\"size-full wp-image-1751\" src=\"https:\/\/rotary.fi\/nurmijarviklaukkala\/wp-content\/uploads\/sites\/109\/2019\/05\/juhani-1-barn-15-v2005.jpg\" alt=\"\" width=\"640\" height=\"480\" srcset=\"https:\/\/rotary.fi\/nurmijarviklaukkala\/wp-content\/uploads\/sites\/109\/2019\/05\/juhani-1-barn-15-v2005.jpg 640w, https:\/\/rotary.fi\/nurmijarviklaukkala\/wp-content\/uploads\/sites\/109\/2019\/05\/juhani-1-barn-15-v2005-300x225.jpg 300w, https:\/\/rotary.fi\/nurmijarviklaukkala\/wp-content\/uploads\/sites\/109\/2019\/05\/juhani-1-barn-15-v2005-510x382.jpg 510w\" sizes=\"(max-width: 640px) 100vw, 640px\" \/><p id=\"caption-attachment-1751\" class=\"wp-caption-text\">15v lapsi hoidossa.<\/p><\/div><div id=\"attachment_1752\" style=\"width: 2298px\" class=\"wp-caption alignnone\"><img loading=\"lazy\" decoding=\"async\" aria-describedby=\"caption-attachment-1752\" class=\"size-full wp-image-1752\" src=\"https:\/\/rotary.fi\/nurmijarviklaukkala\/wp-content\/uploads\/sites\/109\/2019\/05\/juhani-2-siella-volgan-varrella-tsaarinaikainen-naisvankila-tytot-nuoria-paljon-b-hepat-ja-hiv-v2006.jpg\" alt=\"\" width=\"2288\" height=\"1712\" srcset=\"https:\/\/rotary.fi\/nurmijarviklaukkala\/wp-content\/uploads\/sites\/109\/2019\/05\/juhani-2-siella-volgan-varrella-tsaarinaikainen-naisvankila-tytot-nuoria-paljon-b-hepat-ja-hiv-v2006.jpg 2288w, https:\/\/rotary.fi\/nurmijarviklaukkala\/wp-content\/uploads\/sites\/109\/2019\/05\/juhani-2-siella-volgan-varrella-tsaarinaikainen-naisvankila-tytot-nuoria-paljon-b-hepat-ja-hiv-v2006-300x224.jpg 300w, https:\/\/rotary.fi\/nurmijarviklaukkala\/wp-content\/uploads\/sites\/109\/2019\/05\/juhani-2-siella-volgan-varrella-tsaarinaikainen-naisvankila-tytot-nuoria-paljon-b-hepat-ja-hiv-v2006-768x575.jpg 768w, https:\/\/rotary.fi\/nurmijarviklaukkala\/wp-content\/uploads\/sites\/109\/2019\/05\/juhani-2-siella-volgan-varrella-tsaarinaikainen-naisvankila-tytot-nuoria-paljon-b-hepat-ja-hiv-v2006-1024x766.jpg 1024w, https:\/\/rotary.fi\/nurmijarviklaukkala\/wp-content\/uploads\/sites\/109\/2019\/05\/juhani-2-siella-volgan-varrella-tsaarinaikainen-naisvankila-tytot-nuoria-paljon-b-hepat-ja-hiv-v2006-510x382.jpg 510w, https:\/\/rotary.fi\/nurmijarviklaukkala\/wp-content\/uploads\/sites\/109\/2019\/05\/juhani-2-siella-volgan-varrella-tsaarinaikainen-naisvankila-tytot-nuoria-paljon-b-hepat-ja-hiv-v2006-1080x808.jpg 1080w\" sizes=\"(max-width: 2288px) 100vw, 2288px\" \/><p id=\"caption-attachment-1752\" class=\"wp-caption-text\">Volgan varrella, tsaarinaikainen naisvankila, tyt\u00f6t nuoria<\/p><\/div><div id=\"attachment_1754\" style=\"width: 730px\" class=\"wp-caption alignnone\"><img loading=\"lazy\" decoding=\"async\" aria-describedby=\"caption-attachment-1754\" class=\"size-full wp-image-1754\" src=\"https:\/\/rotary.fi\/nurmijarviklaukkala\/wp-content\/uploads\/sites\/109\/2019\/05\/juhani-4-children-our-next-days-patients.jpg\" alt=\"\" width=\"720\" height=\"540\" srcset=\"https:\/\/rotary.fi\/nurmijarviklaukkala\/wp-content\/uploads\/sites\/109\/2019\/05\/juhani-4-children-our-next-days-patients.jpg 720w, https:\/\/rotary.fi\/nurmijarviklaukkala\/wp-content\/uploads\/sites\/109\/2019\/05\/juhani-4-children-our-next-days-patients-300x225.jpg 300w, https:\/\/rotary.fi\/nurmijarviklaukkala\/wp-content\/uploads\/sites\/109\/2019\/05\/juhani-4-children-our-next-days-patients-510x382.jpg 510w\" sizes=\"(max-width: 720px) 100vw, 720px\" \/><p id=\"caption-attachment-1754\" class=\"wp-caption-text\">Seuraavan p\u00e4iv\u00e4n potilaitamme.<\/p><\/div><\/p>\n<p>Pietarin hankkeen kulut maksoi Suomen Rotarypalvelu, oma Klaukkalan klubimme on ollut my\u00f6s mukana, omaa innostusta ja rahallista panostakin piti olla. Majoitus Ven\u00e4j\u00e4n ja Armenian projekteissa oli paikallisten rotareiden kodeissa, vieraanvaraista ja ainutlaatuisen hienoa tutustua paikallisiin. (My\u00f6s tavallisilla turistimatkoilla on mahdollisuus vierailla paikallisten klubien kokouksissa.)<\/p>\n<p>2008 minua kysyttiin Suomen Rotaryn L\u00e4\u00e4k\u00e4ripankin johtoryhm\u00e4\u00e4n suun terveydenhuollosta vastaamaan Tansanian hankkeessa. Silloin hammasl\u00e4\u00e4k\u00e4reit\u00e4mme meni Pohjois-Tansaniaan; Maranguun, Ndolageen ja etel\u00e4ss\u00e4 Ilembulaan, my\u00f6hemmin Bulongwaan. Siell\u00e4 toiminta oli opetuspainotteista paikallisen Dental Therapist School:in yhteydess\u00e4. Tansanian hanke on ollut Suomen Ulkoministeri\u00f6n kehitysyhteisty\u00f6varoista kustannettua. Siin\u00e4kin asiantuntijoidemme tekem\u00e4 ty\u00f6 on ollut palkatta, matkakulut on kustannettu.<\/p>\n<div id=\"attachment_1753\" style=\"width: 1034px\" class=\"wp-caption alignnone\"><img loading=\"lazy\" decoding=\"async\" aria-describedby=\"caption-attachment-1753\" class=\"size-full wp-image-1753\" src=\"https:\/\/rotary.fi\/nurmijarviklaukkala\/wp-content\/uploads\/sites\/109\/2019\/05\/juhani-3-visiting-honourable-bishop-levis-sanga-of-elct-scd-makete.jpg\" alt=\"\" width=\"1024\" height=\"768\" srcset=\"https:\/\/rotary.fi\/nurmijarviklaukkala\/wp-content\/uploads\/sites\/109\/2019\/05\/juhani-3-visiting-honourable-bishop-levis-sanga-of-elct-scd-makete.jpg 1024w, https:\/\/rotary.fi\/nurmijarviklaukkala\/wp-content\/uploads\/sites\/109\/2019\/05\/juhani-3-visiting-honourable-bishop-levis-sanga-of-elct-scd-makete-300x225.jpg 300w, https:\/\/rotary.fi\/nurmijarviklaukkala\/wp-content\/uploads\/sites\/109\/2019\/05\/juhani-3-visiting-honourable-bishop-levis-sanga-of-elct-scd-makete-768x576.jpg 768w, https:\/\/rotary.fi\/nurmijarviklaukkala\/wp-content\/uploads\/sites\/109\/2019\/05\/juhani-3-visiting-honourable-bishop-levis-sanga-of-elct-scd-makete-510x382.jpg 510w\" sizes=\"(max-width: 1024px) 100vw, 1024px\" \/><p id=\"caption-attachment-1753\" class=\"wp-caption-text\">Vierailulla Honourable Bishop Levis Sanga of ELCT SCD, Makete<\/p><\/div>\n<p>Tansanian hankkeessa jouduimme isojen haasteiden eteen 2016, kun Rotaryn L\u00e4\u00e4k\u00e4ripankin hanketta oli rakennettava aivan uusiksi vastaamaan Ulkoministeri\u00f6n tarkentuneita kehityspoliittisia linjauksia. Merkitt\u00e4v\u00e4 apu hankesuunnittelussa oli uusilla kumppanuuksilla Diakonia-ammattikorkeakoulun, Vammaiskumppanuus ry:n ja Suomen Kristillisen L\u00e4\u00e4k\u00e4riseuran kanssa. Diak on opetuksen ammattilainen, heill\u00e4 on pitk\u00e4 kokemus my\u00f6s Tansaniasta, kuten kaikilla kumppaneilla t\u00e4ss\u00e4 Ulkoministeri\u00f6n tukemassa hankkeessa. Heid\u00e4n avullaan saimme hanketukea 2017 &#8211; 2019.<\/p>\n<p>Vammaisuuden huomioiminen on mukana <a href=\"https:\/\/www.inukacbr.org\/\">Inuka Rehabilitation Centre<\/a> kautta my\u00f6s Ilembulan sairaalassa ja hoitajakoululla (<a href=\"http:\/\/www.ilembulaihas.ac.tz\/\">IIHAS<\/a>), Kristillisen L\u00e4\u00e4k\u00e4riseuran palliatiivisen hoidon hanke my\u00f6s Inukassa sek\u00e4 IIHAS, kuten my\u00f6s IT-projektit.<\/p>\n<p>P\u00e4\u00e4m\u00e4\u00e4r\u00e4n\u00e4 koko Health Tanzania hankkeessa on osaamisen kasvattaminen koulutuksen kautta, Suomen kumppaneiden mukanaolon v\u00e4hent\u00e4minen \u2013 emme ole paikanp\u00e4\u00e4ll\u00e4 kovinkaan paljon, mutta olemme mukana tukemassa ja ohjaamassa koulutusta.<\/p>\n<p>Kev\u00e4\u00e4ll\u00e4 2020 aloitimme monikansallisen MIOH-Tanzania (<a href=\"https:\/\/rotary.fi\/nurmijarviklaukkala\/ajankohtaiset\/midwifery-initiated-oral-health-hanke-juhani-brodkin\/\">Midwifery Initiated Oral Health<\/a>) hankkeen, jossa k\u00e4til\u00f6t opetetaan tunnistamaan suutulehdukset sek\u00e4 hoitoon ohjaus. My\u00f6s ravintoneuvonta on t\u00e4rke\u00e4 osa hanketta. Raskauden aikaiset tulehdukset ovat riski sek\u00e4 \u00e4idille ett\u00e4 lapselle, kuten my\u00f6s aliravitsemus. Malawissa tehdyss\u00e4 suomalaisessa v\u00e4it\u00f6skirjatutkimuksessa raskaana olevilla oli hammastulehduksia 24%:lla ja kariesta 63%:lla.<\/p>\n<p>MIOH-Tanzania projektissa on kumppaneita Suomesta, Tansaniasta ja Australiasta. Pitkien et\u00e4isyyksien Australiassa MIOH mallia on toteutettu 2010 l\u00e4htien. Tansaniassa suunterveyden palveluita on harvassa, \u00e4itiysneuvoloissa odottavat \u00e4idit k\u00e4yv\u00e4t. Australian malli r\u00e4\u00e4t\u00e4l\u00f6id\u00e4\u00e4n sopimaan Tansaniaan my\u00f6s kulttuurisesti, pilotissa arvioidaan sen toimivuus ja tehd\u00e4\u00e4n tarvittavia muutoksia. Suunnittelu ja kaikki hankety\u00f6 tapahtuu et\u00e4n\u00e4 Zoom-palaverein, aikaero on pieni haaste (Sydney-Dar es Salaam-Klaukkala), uudenlaisen koulutuksen k\u00e4ynnist\u00e4minen sitten viel\u00e4 isompi juttu.<\/p>\n<p>Kansainv\u00e4lisyys n\u00e4iss\u00e4 hankkeissa antaa oman erityisen mausteensa. Rotary on vapaaehtoista, ty\u00f6 palkatta mutta palkitsevaa.<\/p>\n<p>Juhani Brodkin<br \/>DDS<br \/>Rotary Doctor Bank Finland (<u><a href=\"https:\/\/rotary.fi\/mita-teemme\/laakaripankki\/\">RDBF<\/a><\/u>), Chairman 2015-2018<br \/>MIOH-Tanzania International Coordinator<\/p>\n<p>&nbsp;<\/p>\n<p>[\/et_pb_text][\/et_pb_column_inner][\/et_pb_row_inner][\/et_pb_column][et_pb_column type=&#8221;1_3&#8243; _builder_version=&#8221;3.25&#8243; custom_padding=&#8221;|||&#8221; custom_padding__hover=&#8221;|||&#8221;][et_pb_sidebar area=&#8221;sidebar-1&#8243; module_class=&#8221;sivupalkki_sisalto&#8221; _builder_version=&#8221;3.4.1&#8243; locked=&#8221;on&#8221;]<\/p>\n<p>[\/et_pb_sidebar][\/et_pb_column][\/et_pb_section]<\/p>\n","protected":false},"excerpt":{"rendered":"<p>L\u00e4\u00e4k\u00e4ripankki Juhani L\u00e4\u00e4k\u00e4ripankissa Yhden Klaukkalan klubin j\u00e4senen eli Juhani Brodkinin tarinaa matkasta Rotaryss\u00e4 Suomi-Ven\u00e4j\u00e4-Armenia-Tansania Suomen Rotarypalvelun (SRP) ja L\u00e4\u00e4k\u00e4ripankin (RDBF= Rotary Doctor Bank Finland) toiminnassa terveydenhuollon saralla yli rajojen on yhten\u00e4 pitk\u00e4\u00e4n jatkuneena hankkeena ollut toiminta Afrikassa. 1990-luvun lopulla terveydenhuollon osaajia SRP kautta meni Keniaan ja Tansaniaan Skandinaviska L\u00e4karbanken kautta. Silloin l\u00e4\u00e4k\u00e4reit\u00e4, my\u00f6hemmin Ulkoministeri\u00f6n tukemassa [&hellip;]<\/p>\n","protected":false},"author":136,"featured_media":0,"parent":295,"menu_order":0,"comment_status":"closed","ping_status":"closed","template":"","meta":{"_acf_changed":false,"_et_pb_use_builder":"on","_et_pb_old_content":"","_et_gb_content_width":"","footnotes":""},"class_list":["post-1750","page","type-page","status-publish","hentry"],"acf":[],"yoast_head":"<!-- This site is optimized with the Yoast SEO plugin v27.0 - https:\/\/yoast.com\/product\/yoast-seo-wordpress\/ -->\n<title>Juhani L\u00e4\u00e4k\u00e4ripankissa - Nurmij\u00e4rvi-Klaukkalan Rotaryklubi ry<\/title>\n<meta name=\"robots\" content=\"index, follow, max-snippet:-1, max-image-preview:large, max-video-preview:-1\" \/>\n<link rel=\"canonical\" href=\"https:\/\/rotary.fi\/nurmijarviklaukkala\/mita-teemme\/laakaripankki\/juhani_laakaripankissa\/\" \/>\n<meta property=\"og:locale\" content=\"fi_FI\" \/>\n<meta property=\"og:type\" content=\"article\" \/>\n<meta property=\"og:title\" content=\"Juhani L\u00e4\u00e4k\u00e4ripankissa - Nurmij\u00e4rvi-Klaukkalan Rotaryklubi ry\" \/>\n<meta property=\"og:description\" content=\"L\u00e4\u00e4k\u00e4ripankki Juhani L\u00e4\u00e4k\u00e4ripankissa Yhden Klaukkalan klubin j\u00e4senen eli Juhani Brodkinin tarinaa matkasta Rotaryss\u00e4 Suomi-Ven\u00e4j\u00e4-Armenia-Tansania Suomen Rotarypalvelun (SRP) ja L\u00e4\u00e4k\u00e4ripankin (RDBF= Rotary Doctor Bank Finland) toiminnassa terveydenhuollon saralla yli rajojen on yhten\u00e4 pitk\u00e4\u00e4n jatkuneena hankkeena ollut toiminta Afrikassa. 1990-luvun lopulla terveydenhuollon osaajia SRP kautta meni Keniaan ja Tansaniaan Skandinaviska L\u00e4karbanken kautta. Silloin l\u00e4\u00e4k\u00e4reit\u00e4, my\u00f6hemmin Ulkoministeri\u00f6n tukemassa [&hellip;]\" \/>\n<meta property=\"og:url\" content=\"https:\/\/rotary.fi\/nurmijarviklaukkala\/mita-teemme\/laakaripankki\/juhani_laakaripankissa\/\" \/>\n<meta property=\"og:site_name\" content=\"Nurmij\u00e4rvi-Klaukkalan Rotaryklubi ry\" \/>\n<meta property=\"article:modified_time\" content=\"2021-10-10T09:42:53+00:00\" \/>\n<meta property=\"og:image\" content=\"https:\/\/rotary.fi\/nurmijarviklaukkala\/wp-content\/uploads\/sites\/109\/2019\/05\/juhani-5-our-team-in-front-of-clinic.jpg\" \/>\n<meta name=\"twitter:card\" content=\"summary_large_image\" \/>\n<script type=\"application\/ld+json\" class=\"yoast-schema-graph\">{\"@context\":\"https:\/\/schema.org\",\"@graph\":[{\"@type\":\"WebPage\",\"@id\":\"https:\/\/rotary.fi\/nurmijarviklaukkala\/mita-teemme\/laakaripankki\/juhani_laakaripankissa\/\",\"url\":\"https:\/\/rotary.fi\/nurmijarviklaukkala\/mita-teemme\/laakaripankki\/juhani_laakaripankissa\/\",\"name\":\"Juhani L\u00e4\u00e4k\u00e4ripankissa - Nurmij\u00e4rvi-Klaukkalan Rotaryklubi ry\",\"isPartOf\":{\"@id\":\"https:\/\/rotary.fi\/nurmijarviklaukkala\/#website\"},\"primaryImageOfPage\":{\"@id\":\"https:\/\/rotary.fi\/nurmijarviklaukkala\/mita-teemme\/laakaripankki\/juhani_laakaripankissa\/#primaryimage\"},\"image\":{\"@id\":\"https:\/\/rotary.fi\/nurmijarviklaukkala\/mita-teemme\/laakaripankki\/juhani_laakaripankissa\/#primaryimage\"},\"thumbnailUrl\":\"https:\/\/rotary.fi\/nurmijarviklaukkala\/wp-content\/uploads\/sites\/109\/2019\/05\/juhani-5-our-team-in-front-of-clinic.jpg\",\"datePublished\":\"2019-05-06T14:25:11+00:00\",\"dateModified\":\"2021-10-10T09:42:53+00:00\",\"breadcrumb\":{\"@id\":\"https:\/\/rotary.fi\/nurmijarviklaukkala\/mita-teemme\/laakaripankki\/juhani_laakaripankissa\/#breadcrumb\"},\"inLanguage\":\"fi\",\"potentialAction\":[{\"@type\":\"ReadAction\",\"target\":[\"https:\/\/rotary.fi\/nurmijarviklaukkala\/mita-teemme\/laakaripankki\/juhani_laakaripankissa\/\"]}]},{\"@type\":\"ImageObject\",\"inLanguage\":\"fi\",\"@id\":\"https:\/\/rotary.fi\/nurmijarviklaukkala\/mita-teemme\/laakaripankki\/juhani_laakaripankissa\/#primaryimage\",\"url\":\"https:\/\/rotary.fi\/nurmijarviklaukkala\/wp-content\/uploads\/sites\/109\/2019\/05\/juhani-5-our-team-in-front-of-clinic.jpg\",\"contentUrl\":\"https:\/\/rotary.fi\/nurmijarviklaukkala\/wp-content\/uploads\/sites\/109\/2019\/05\/juhani-5-our-team-in-front-of-clinic.jpg\",\"width\":720,\"height\":540,\"caption\":\"Tiimimme paikallisen klinikan edess\u00e4.\"},{\"@type\":\"BreadcrumbList\",\"@id\":\"https:\/\/rotary.fi\/nurmijarviklaukkala\/mita-teemme\/laakaripankki\/juhani_laakaripankissa\/#breadcrumb\",\"itemListElement\":[{\"@type\":\"ListItem\",\"position\":1,\"name\":\"Home\",\"item\":\"https:\/\/rotary.fi\/nurmijarviklaukkala\/\"},{\"@type\":\"ListItem\",\"position\":2,\"name\":\"Mit\u00e4 teemme\",\"item\":\"https:\/\/rotary.fi\/nurmijarviklaukkala\/mita-teemme\/\"},{\"@type\":\"ListItem\",\"position\":3,\"name\":\"L\u00e4\u00e4k\u00e4ripankki\",\"item\":\"https:\/\/rotary.fi\/nurmijarviklaukkala\/mita-teemme\/laakaripankki\/\"},{\"@type\":\"ListItem\",\"position\":4,\"name\":\"Juhani L\u00e4\u00e4k\u00e4ripankissa\"}]},{\"@type\":\"WebSite\",\"@id\":\"https:\/\/rotary.fi\/nurmijarviklaukkala\/#website\",\"url\":\"https:\/\/rotary.fi\/nurmijarviklaukkala\/\",\"name\":\"Nurmij\u00e4rvi-Klaukkalan Rotaryklubi ry\",\"description\":\"Uusi Rotary klubisivusto\",\"potentialAction\":[{\"@type\":\"SearchAction\",\"target\":{\"@type\":\"EntryPoint\",\"urlTemplate\":\"https:\/\/rotary.fi\/nurmijarviklaukkala\/?s={search_term_string}\"},\"query-input\":{\"@type\":\"PropertyValueSpecification\",\"valueRequired\":true,\"valueName\":\"search_term_string\"}}],\"inLanguage\":\"fi\"}]}<\/script>\n<!-- \/ Yoast SEO plugin. -->","yoast_head_json":{"title":"Juhani L\u00e4\u00e4k\u00e4ripankissa - Nurmij\u00e4rvi-Klaukkalan Rotaryklubi ry","robots":{"index":"index","follow":"follow","max-snippet":"max-snippet:-1","max-image-preview":"max-image-preview:large","max-video-preview":"max-video-preview:-1"},"canonical":"https:\/\/rotary.fi\/nurmijarviklaukkala\/mita-teemme\/laakaripankki\/juhani_laakaripankissa\/","og_locale":"fi_FI","og_type":"article","og_title":"Juhani L\u00e4\u00e4k\u00e4ripankissa - Nurmij\u00e4rvi-Klaukkalan Rotaryklubi ry","og_description":"L\u00e4\u00e4k\u00e4ripankki Juhani L\u00e4\u00e4k\u00e4ripankissa Yhden Klaukkalan klubin j\u00e4senen eli Juhani Brodkinin tarinaa matkasta Rotaryss\u00e4 Suomi-Ven\u00e4j\u00e4-Armenia-Tansania Suomen Rotarypalvelun (SRP) ja L\u00e4\u00e4k\u00e4ripankin (RDBF= Rotary Doctor Bank Finland) toiminnassa terveydenhuollon saralla yli rajojen on yhten\u00e4 pitk\u00e4\u00e4n jatkuneena hankkeena ollut toiminta Afrikassa. 1990-luvun lopulla terveydenhuollon osaajia SRP kautta meni Keniaan ja Tansaniaan Skandinaviska L\u00e4karbanken kautta. Silloin l\u00e4\u00e4k\u00e4reit\u00e4, my\u00f6hemmin Ulkoministeri\u00f6n tukemassa [&hellip;]","og_url":"https:\/\/rotary.fi\/nurmijarviklaukkala\/mita-teemme\/laakaripankki\/juhani_laakaripankissa\/","og_site_name":"Nurmij\u00e4rvi-Klaukkalan Rotaryklubi ry","article_modified_time":"2021-10-10T09:42:53+00:00","og_image":[{"url":"https:\/\/rotary.fi\/nurmijarviklaukkala\/wp-content\/uploads\/sites\/109\/2019\/05\/juhani-5-our-team-in-front-of-clinic.jpg","type":"","width":"","height":""}],"twitter_card":"summary_large_image","schema":{"@context":"https:\/\/schema.org","@graph":[{"@type":"WebPage","@id":"https:\/\/rotary.fi\/nurmijarviklaukkala\/mita-teemme\/laakaripankki\/juhani_laakaripankissa\/","url":"https:\/\/rotary.fi\/nurmijarviklaukkala\/mita-teemme\/laakaripankki\/juhani_laakaripankissa\/","name":"Juhani L\u00e4\u00e4k\u00e4ripankissa - Nurmij\u00e4rvi-Klaukkalan Rotaryklubi ry","isPartOf":{"@id":"https:\/\/rotary.fi\/nurmijarviklaukkala\/#website"},"primaryImageOfPage":{"@id":"https:\/\/rotary.fi\/nurmijarviklaukkala\/mita-teemme\/laakaripankki\/juhani_laakaripankissa\/#primaryimage"},"image":{"@id":"https:\/\/rotary.fi\/nurmijarviklaukkala\/mita-teemme\/laakaripankki\/juhani_laakaripankissa\/#primaryimage"},"thumbnailUrl":"https:\/\/rotary.fi\/nurmijarviklaukkala\/wp-content\/uploads\/sites\/109\/2019\/05\/juhani-5-our-team-in-front-of-clinic.jpg","datePublished":"2019-05-06T14:25:11+00:00","dateModified":"2021-10-10T09:42:53+00:00","breadcrumb":{"@id":"https:\/\/rotary.fi\/nurmijarviklaukkala\/mita-teemme\/laakaripankki\/juhani_laakaripankissa\/#breadcrumb"},"inLanguage":"fi","potentialAction":[{"@type":"ReadAction","target":["https:\/\/rotary.fi\/nurmijarviklaukkala\/mita-teemme\/laakaripankki\/juhani_laakaripankissa\/"]}]},{"@type":"ImageObject","inLanguage":"fi","@id":"https:\/\/rotary.fi\/nurmijarviklaukkala\/mita-teemme\/laakaripankki\/juhani_laakaripankissa\/#primaryimage","url":"https:\/\/rotary.fi\/nurmijarviklaukkala\/wp-content\/uploads\/sites\/109\/2019\/05\/juhani-5-our-team-in-front-of-clinic.jpg","contentUrl":"https:\/\/rotary.fi\/nurmijarviklaukkala\/wp-content\/uploads\/sites\/109\/2019\/05\/juhani-5-our-team-in-front-of-clinic.jpg","width":720,"height":540,"caption":"Tiimimme paikallisen klinikan edess\u00e4."},{"@type":"BreadcrumbList","@id":"https:\/\/rotary.fi\/nurmijarviklaukkala\/mita-teemme\/laakaripankki\/juhani_laakaripankissa\/#breadcrumb","itemListElement":[{"@type":"ListItem","position":1,"name":"Home","item":"https:\/\/rotary.fi\/nurmijarviklaukkala\/"},{"@type":"ListItem","position":2,"name":"Mit\u00e4 teemme","item":"https:\/\/rotary.fi\/nurmijarviklaukkala\/mita-teemme\/"},{"@type":"ListItem","position":3,"name":"L\u00e4\u00e4k\u00e4ripankki","item":"https:\/\/rotary.fi\/nurmijarviklaukkala\/mita-teemme\/laakaripankki\/"},{"@type":"ListItem","position":4,"name":"Juhani L\u00e4\u00e4k\u00e4ripankissa"}]},{"@type":"WebSite","@id":"https:\/\/rotary.fi\/nurmijarviklaukkala\/#website","url":"https:\/\/rotary.fi\/nurmijarviklaukkala\/","name":"Nurmij\u00e4rvi-Klaukkalan Rotaryklubi ry","description":"Uusi Rotary klubisivusto","potentialAction":[{"@type":"SearchAction","target":{"@type":"EntryPoint","urlTemplate":"https:\/\/rotary.fi\/nurmijarviklaukkala\/?s={search_term_string}"},"query-input":{"@type":"PropertyValueSpecification","valueRequired":true,"valueName":"search_term_string"}}],"inLanguage":"fi"}]}},"lang":"fi","translations":{"fi":1750},"pll_sync_post":[],"_links":{"self":[{"href":"https:\/\/rotary.fi\/nurmijarviklaukkala\/wp-json\/wp\/v2\/pages\/1750","targetHints":{"allow":["GET"]}}],"collection":[{"href":"https:\/\/rotary.fi\/nurmijarviklaukkala\/wp-json\/wp\/v2\/pages"}],"about":[{"href":"https:\/\/rotary.fi\/nurmijarviklaukkala\/wp-json\/wp\/v2\/types\/page"}],"author":[{"embeddable":true,"href":"https:\/\/rotary.fi\/nurmijarviklaukkala\/wp-json\/wp\/v2\/users\/136"}],"replies":[{"embeddable":true,"href":"https:\/\/rotary.fi\/nurmijarviklaukkala\/wp-json\/wp\/v2\/comments?post=1750"}],"version-history":[{"count":11,"href":"https:\/\/rotary.fi\/nurmijarviklaukkala\/wp-json\/wp\/v2\/pages\/1750\/revisions"}],"predecessor-version":[{"id":3684,"href":"https:\/\/rotary.fi\/nurmijarviklaukkala\/wp-json\/wp\/v2\/pages\/1750\/revisions\/3684"}],"up":[{"embeddable":true,"href":"https:\/\/rotary.fi\/nurmijarviklaukkala\/wp-json\/wp\/v2\/pages\/295"}],"wp:attachment":[{"href":"https:\/\/rotary.fi\/nurmijarviklaukkala\/wp-json\/wp\/v2\/media?parent=1750"}],"curies":[{"name":"wp","href":"https:\/\/api.w.org\/{rel}","templated":true}]}}