{"id":1732,"date":"2019-05-06T13:46:19","date_gmt":"2019-05-06T10:46:19","guid":{"rendered":"https:\/\/rotary.fi\/nurmijarviklaukkala\/?page_id=1732"},"modified":"2019-05-06T13:49:33","modified_gmt":"2019-05-06T10:49:33","slug":"kinkkuarpajaiset","status":"publish","type":"page","link":"https:\/\/rotary.fi\/nurmijarviklaukkala\/mita-teemme\/varainhankinta-ja-lahjoitukset\/kinkkuarpajaiset\/","title":{"rendered":"Kinkkuarpajaiset"},"content":{"rendered":"<p>[et_pb_section bb_built=&#8221;1&#8243; module_class=&#8221;jumbotron-page&#8221; _builder_version=&#8221;3.17.2&#8243; background_image=&#8221;https:\/\/rotary.fi\/nurmijarviklaukkala\/wp-content\/uploads\/sites\/109\/2018\/10\/rotary_klubit_alasivu_paakuva_11.jpg&#8221; inner_width=&#8221;auto&#8221; inner_max_width=&#8221;none&#8221; next_background_color=&#8221;#ffffff&#8221;][et_pb_row _builder_version=&#8221;3.0.48&#8243; background_size=&#8221;initial&#8221; background_position=&#8221;top_left&#8221; background_repeat=&#8221;repeat&#8221; width=&#8221;80%&#8221; max_width=&#8221;1080px&#8221;][et_pb_column type=&#8221;4_4&#8243;][et_pb_text admin_label=&#8221;P\u00e4\u00e4otsikko&#8221; _builder_version=&#8221;3.17.6&#8243; text_orientation=&#8221;center&#8221; background_layout=&#8221;dark&#8221;]<\/p>\n<h1>Varainhankinta ja lahjoitukset<\/h1>\n<p>[\/et_pb_text][\/et_pb_column][\/et_pb_row][\/et_pb_section][et_pb_section bb_built=&#8221;1&#8243; specialty=&#8221;on&#8221; module_class_2=&#8221;sivupalkki&#8221; _builder_version=&#8221;3.4.1&#8243; inner_width=&#8221;auto&#8221; inner_max_width=&#8221;none&#8221; prev_background_color=&#8221;#000000&#8243;][et_pb_column type=&#8221;2_3&#8243; specialty_columns=&#8221;2&#8243;][et_pb_row_inner admin_label=&#8221;Rivi&#8221; _builder_version=&#8221;3.0.47&#8243;][et_pb_column_inner type=&#8221;4_4&#8243; saved_specialty_column_type=&#8221;2_3&#8243;][et_pb_text admin_label=&#8221;Varainhankinta ja lahjoitukset &#8211; Otsikko&#8221; _builder_version=&#8221;3.22.3&#8243; text_orientation=&#8221;center&#8221; text_text_shadow_horizontal_length=&#8221;text_text_shadow_style,%91object Object%93&#8243; text_text_shadow_vertical_length=&#8221;text_text_shadow_style,%91object Object%93&#8243; text_text_shadow_blur_strength=&#8221;text_text_shadow_style,%91object Object%93&#8243; link_text_shadow_horizontal_length=&#8221;link_text_shadow_style,%91object Object%93&#8243; link_text_shadow_vertical_length=&#8221;link_text_shadow_style,%91object Object%93&#8243; link_text_shadow_blur_strength=&#8221;link_text_shadow_style,%91object Object%93&#8243; ul_text_shadow_horizontal_length=&#8221;ul_text_shadow_style,%91object Object%93&#8243; ul_text_shadow_vertical_length=&#8221;ul_text_shadow_style,%91object Object%93&#8243; ul_text_shadow_blur_strength=&#8221;ul_text_shadow_style,%91object Object%93&#8243; ol_text_shadow_horizontal_length=&#8221;ol_text_shadow_style,%91object Object%93&#8243; ol_text_shadow_vertical_length=&#8221;ol_text_shadow_style,%91object Object%93&#8243; ol_text_shadow_blur_strength=&#8221;ol_text_shadow_style,%91object Object%93&#8243; quote_text_shadow_horizontal_length=&#8221;quote_text_shadow_style,%91object Object%93&#8243; quote_text_shadow_vertical_length=&#8221;quote_text_shadow_style,%91object Object%93&#8243; quote_text_shadow_blur_strength=&#8221;quote_text_shadow_style,%91object Object%93&#8243; header_text_shadow_horizontal_length=&#8221;header_text_shadow_style,%91object Object%93&#8243; header_text_shadow_vertical_length=&#8221;header_text_shadow_style,%91object Object%93&#8243; header_text_shadow_blur_strength=&#8221;header_text_shadow_style,%91object Object%93&#8243; header_2_text_shadow_horizontal_length=&#8221;header_2_text_shadow_style,%91object Object%93&#8243; header_2_text_shadow_vertical_length=&#8221;header_2_text_shadow_style,%91object Object%93&#8243; header_2_text_shadow_blur_strength=&#8221;header_2_text_shadow_style,%91object Object%93&#8243; header_3_text_shadow_horizontal_length=&#8221;header_3_text_shadow_style,%91object Object%93&#8243; header_3_text_shadow_vertical_length=&#8221;header_3_text_shadow_style,%91object Object%93&#8243; header_3_text_shadow_blur_strength=&#8221;header_3_text_shadow_style,%91object Object%93&#8243; header_4_text_shadow_horizontal_length=&#8221;header_4_text_shadow_style,%91object Object%93&#8243; header_4_text_shadow_vertical_length=&#8221;header_4_text_shadow_style,%91object Object%93&#8243; header_4_text_shadow_blur_strength=&#8221;header_4_text_shadow_style,%91object Object%93&#8243; header_5_text_shadow_horizontal_length=&#8221;header_5_text_shadow_style,%91object Object%93&#8243; header_5_text_shadow_vertical_length=&#8221;header_5_text_shadow_style,%91object Object%93&#8243; header_5_text_shadow_blur_strength=&#8221;header_5_text_shadow_style,%91object Object%93&#8243; header_6_text_shadow_horizontal_length=&#8221;header_6_text_shadow_style,%91object Object%93&#8243; header_6_text_shadow_vertical_length=&#8221;header_6_text_shadow_style,%91object Object%93&#8243; header_6_text_shadow_blur_strength=&#8221;header_6_text_shadow_style,%91object Object%93&#8243; z_index_tablet=&#8221;500&#8243;]<\/p>\n<h1>Kinkkuarpajaiset<\/h1>\n<p>[\/et_pb_text][et_pb_text _builder_version=&#8221;3.22.3&#8243; text_text_shadow_horizontal_length=&#8221;text_text_shadow_style,%91object Object%93&#8243; text_text_shadow_vertical_length=&#8221;text_text_shadow_style,%91object Object%93&#8243; text_text_shadow_blur_strength=&#8221;text_text_shadow_style,%91object Object%93&#8243; link_text_shadow_horizontal_length=&#8221;link_text_shadow_style,%91object Object%93&#8243; link_text_shadow_vertical_length=&#8221;link_text_shadow_style,%91object Object%93&#8243; link_text_shadow_blur_strength=&#8221;link_text_shadow_style,%91object Object%93&#8243; ul_text_shadow_horizontal_length=&#8221;ul_text_shadow_style,%91object Object%93&#8243; ul_text_shadow_vertical_length=&#8221;ul_text_shadow_style,%91object Object%93&#8243; ul_text_shadow_blur_strength=&#8221;ul_text_shadow_style,%91object Object%93&#8243; ol_text_shadow_horizontal_length=&#8221;ol_text_shadow_style,%91object Object%93&#8243; ol_text_shadow_vertical_length=&#8221;ol_text_shadow_style,%91object Object%93&#8243; ol_text_shadow_blur_strength=&#8221;ol_text_shadow_style,%91object Object%93&#8243; quote_text_shadow_horizontal_length=&#8221;quote_text_shadow_style,%91object Object%93&#8243; quote_text_shadow_vertical_length=&#8221;quote_text_shadow_style,%91object Object%93&#8243; quote_text_shadow_blur_strength=&#8221;quote_text_shadow_style,%91object Object%93&#8243; header_text_shadow_horizontal_length=&#8221;header_text_shadow_style,%91object Object%93&#8243; header_text_shadow_vertical_length=&#8221;header_text_shadow_style,%91object Object%93&#8243; header_text_shadow_blur_strength=&#8221;header_text_shadow_style,%91object Object%93&#8243; header_2_text_shadow_horizontal_length=&#8221;header_2_text_shadow_style,%91object Object%93&#8243; header_2_text_shadow_vertical_length=&#8221;header_2_text_shadow_style,%91object Object%93&#8243; header_2_text_shadow_blur_strength=&#8221;header_2_text_shadow_style,%91object Object%93&#8243; header_3_text_shadow_horizontal_length=&#8221;header_3_text_shadow_style,%91object Object%93&#8243; header_3_text_shadow_vertical_length=&#8221;header_3_text_shadow_style,%91object Object%93&#8243; header_3_text_shadow_blur_strength=&#8221;header_3_text_shadow_style,%91object Object%93&#8243; header_4_text_shadow_horizontal_length=&#8221;header_4_text_shadow_style,%91object Object%93&#8243; header_4_text_shadow_vertical_length=&#8221;header_4_text_shadow_style,%91object Object%93&#8243; header_4_text_shadow_blur_strength=&#8221;header_4_text_shadow_style,%91object Object%93&#8243; header_5_text_shadow_horizontal_length=&#8221;header_5_text_shadow_style,%91object Object%93&#8243; header_5_text_shadow_vertical_length=&#8221;header_5_text_shadow_style,%91object Object%93&#8243; header_5_text_shadow_blur_strength=&#8221;header_5_text_shadow_style,%91object Object%93&#8243; header_6_text_shadow_horizontal_length=&#8221;header_6_text_shadow_style,%91object Object%93&#8243; header_6_text_shadow_vertical_length=&#8221;header_6_text_shadow_style,%91object Object%93&#8243; header_6_text_shadow_blur_strength=&#8221;header_6_text_shadow_style,%91object Object%93&#8243; z_index_tablet=&#8221;500&#8243;]<\/p>\n<p>Kinkkuarpajaisia on Nurmij\u00e4rvi-Klaukkalan klubi j\u00e4rjest\u00e4nyt jo kohta 10 vuotta. Arpajaiset on perinteisesti pidetty Klaukkalan Citymarketin aulassa muutamana viikonloppuna ennen joulua.<\/p>\n<p>Kuten nimest\u00e4 voi p\u00e4\u00e4tell\u00e4 myymme tilaisuudessa arpoja, joilla voi voittaa joulukinkun tai -kalkkunan.<\/p>\n<p>Tapahtuma on saanut hyv\u00e4n suosion kaupassak\u00e4vij\u00f6iden keskuudessa sill\u00e4 yleens\u00e4 saamme myyty\u00e4 600-800 arpaa, joiden tuotolla pystymme l\u00e4hett\u00e4m\u00e4\u00e4n Klaukkalasta nuoren nuorisovaihtoon maailmalle.<\/p>\n<div id=\"attachment_1733\" style=\"width: 1034px\" class=\"wp-caption alignnone\"><img loading=\"lazy\" decoding=\"async\" aria-describedby=\"caption-attachment-1733\" class=\"size-large wp-image-1733\" src=\"https:\/\/rotary.fi\/nurmijarviklaukkala\/wp-content\/uploads\/sites\/109\/2019\/05\/2014-sirkka-ja-hilkka-kinkkuarpoja-myymassa-1024x768.jpg\" alt=\"\" width=\"1024\" height=\"768\" srcset=\"https:\/\/rotary.fi\/nurmijarviklaukkala\/wp-content\/uploads\/sites\/109\/2019\/05\/2014-sirkka-ja-hilkka-kinkkuarpoja-myymassa-1024x768.jpg 1024w, https:\/\/rotary.fi\/nurmijarviklaukkala\/wp-content\/uploads\/sites\/109\/2019\/05\/2014-sirkka-ja-hilkka-kinkkuarpoja-myymassa-300x225.jpg 300w, https:\/\/rotary.fi\/nurmijarviklaukkala\/wp-content\/uploads\/sites\/109\/2019\/05\/2014-sirkka-ja-hilkka-kinkkuarpoja-myymassa-768x576.jpg 768w, https:\/\/rotary.fi\/nurmijarviklaukkala\/wp-content\/uploads\/sites\/109\/2019\/05\/2014-sirkka-ja-hilkka-kinkkuarpoja-myymassa-510x382.jpg 510w, https:\/\/rotary.fi\/nurmijarviklaukkala\/wp-content\/uploads\/sites\/109\/2019\/05\/2014-sirkka-ja-hilkka-kinkkuarpoja-myymassa-1080x810.jpg 1080w, https:\/\/rotary.fi\/nurmijarviklaukkala\/wp-content\/uploads\/sites\/109\/2019\/05\/2014-sirkka-ja-hilkka-kinkkuarpoja-myymassa.jpg 1632w\" sizes=\"(max-width: 1024px) 100vw, 1024px\" \/><p id=\"caption-attachment-1733\" class=\"wp-caption-text\">Sirkka ja Hilkka arpoja myym\u00e4ss\u00e4<\/p><\/div>\n<p>Kuten kuvasta n\u00e4kyy olemme koristelleet myyntipaikan nuorisovaihtoon liittyvill\u00e4 mainoksilla sek\u00e4 klubimme vastaanottamilla ulkomaisten klubien viireill\u00e4.<\/p>\n<p>[\/et_pb_text][\/et_pb_column_inner][\/et_pb_row_inner][\/et_pb_column][et_pb_column type=&#8221;1_3&#8243;][et_pb_sidebar area=&#8221;sidebar-1&#8243; module_class=&#8221;sivupalkki_sisalto&#8221; _builder_version=&#8221;3.4.1&#8243; locked=&#8221;on&#8221;]<\/p>\n<p>[\/et_pb_sidebar][\/et_pb_column][\/et_pb_section]<\/p>\n","protected":false},"excerpt":{"rendered":"<p>Varainhankinta ja lahjoitukset Kinkkuarpajaiset Kinkkuarpajaisia on Nurmij\u00e4rvi-Klaukkalan klubi j\u00e4rjest\u00e4nyt jo kohta 10 vuotta. Arpajaiset on perinteisesti pidetty Klaukkalan Citymarketin aulassa muutamana viikonloppuna ennen joulua. Kuten nimest\u00e4 voi p\u00e4\u00e4tell\u00e4 myymme tilaisuudessa arpoja, joilla voi voittaa joulukinkun tai -kalkkunan. Tapahtuma on saanut hyv\u00e4n suosion kaupassak\u00e4vij\u00f6iden keskuudessa sill\u00e4 yleens\u00e4 saamme myyty\u00e4 600-800 arpaa, joiden tuotolla pystymme l\u00e4hett\u00e4m\u00e4\u00e4n Klaukkalasta [&hellip;]<\/p>\n","protected":false},"author":136,"featured_media":0,"parent":158,"menu_order":0,"comment_status":"closed","ping_status":"closed","template":"","meta":{"_acf_changed":false,"_et_pb_use_builder":"on","_et_pb_old_content":"","_et_gb_content_width":"","footnotes":""},"class_list":["post-1732","page","type-page","status-publish","hentry"],"acf":[],"yoast_head":"<!-- This site is optimized with the Yoast SEO plugin v27.0 - https:\/\/yoast.com\/product\/yoast-seo-wordpress\/ -->\n<title>Kinkkuarpajaiset - Nurmij\u00e4rvi-Klaukkalan Rotaryklubi ry<\/title>\n<meta name=\"robots\" content=\"index, follow, max-snippet:-1, max-image-preview:large, max-video-preview:-1\" \/>\n<link rel=\"canonical\" href=\"https:\/\/rotary.fi\/nurmijarviklaukkala\/mita-teemme\/varainhankinta-ja-lahjoitukset\/kinkkuarpajaiset\/\" \/>\n<meta property=\"og:locale\" content=\"fi_FI\" \/>\n<meta property=\"og:type\" content=\"article\" \/>\n<meta property=\"og:title\" content=\"Kinkkuarpajaiset - Nurmij\u00e4rvi-Klaukkalan Rotaryklubi ry\" \/>\n<meta property=\"og:description\" content=\"Varainhankinta ja lahjoitukset Kinkkuarpajaiset Kinkkuarpajaisia on Nurmij\u00e4rvi-Klaukkalan klubi j\u00e4rjest\u00e4nyt jo kohta 10 vuotta. Arpajaiset on perinteisesti pidetty Klaukkalan Citymarketin aulassa muutamana viikonloppuna ennen joulua. Kuten nimest\u00e4 voi p\u00e4\u00e4tell\u00e4 myymme tilaisuudessa arpoja, joilla voi voittaa joulukinkun tai -kalkkunan. Tapahtuma on saanut hyv\u00e4n suosion kaupassak\u00e4vij\u00f6iden keskuudessa sill\u00e4 yleens\u00e4 saamme myyty\u00e4 600-800 arpaa, joiden tuotolla pystymme l\u00e4hett\u00e4m\u00e4\u00e4n Klaukkalasta [&hellip;]\" \/>\n<meta property=\"og:url\" content=\"https:\/\/rotary.fi\/nurmijarviklaukkala\/mita-teemme\/varainhankinta-ja-lahjoitukset\/kinkkuarpajaiset\/\" \/>\n<meta property=\"og:site_name\" content=\"Nurmij\u00e4rvi-Klaukkalan Rotaryklubi ry\" \/>\n<meta property=\"article:modified_time\" content=\"2019-05-06T10:49:33+00:00\" \/>\n<meta property=\"og:image\" content=\"https:\/\/rotary.fi\/nurmijarviklaukkala\/wp-content\/uploads\/sites\/109\/2019\/05\/2014-sirkka-ja-hilkka-kinkkuarpoja-myymassa-1024x768.jpg\" \/>\n<meta name=\"twitter:card\" content=\"summary_large_image\" \/>\n<meta name=\"twitter:label1\" content=\"Arvioitu lukuaika\" \/>\n\t<meta name=\"twitter:data1\" content=\"5 minuuttia\" \/>\n<script type=\"application\/ld+json\" class=\"yoast-schema-graph\">{\"@context\":\"https:\/\/schema.org\",\"@graph\":[{\"@type\":\"WebPage\",\"@id\":\"https:\/\/rotary.fi\/nurmijarviklaukkala\/mita-teemme\/varainhankinta-ja-lahjoitukset\/kinkkuarpajaiset\/\",\"url\":\"https:\/\/rotary.fi\/nurmijarviklaukkala\/mita-teemme\/varainhankinta-ja-lahjoitukset\/kinkkuarpajaiset\/\",\"name\":\"Kinkkuarpajaiset - Nurmij\u00e4rvi-Klaukkalan Rotaryklubi ry\",\"isPartOf\":{\"@id\":\"https:\/\/rotary.fi\/nurmijarviklaukkala\/#website\"},\"primaryImageOfPage\":{\"@id\":\"https:\/\/rotary.fi\/nurmijarviklaukkala\/mita-teemme\/varainhankinta-ja-lahjoitukset\/kinkkuarpajaiset\/#primaryimage\"},\"image\":{\"@id\":\"https:\/\/rotary.fi\/nurmijarviklaukkala\/mita-teemme\/varainhankinta-ja-lahjoitukset\/kinkkuarpajaiset\/#primaryimage\"},\"thumbnailUrl\":\"https:\/\/rotary.fi\/nurmijarviklaukkala\/wp-content\/uploads\/sites\/109\/2019\/05\/2014-sirkka-ja-hilkka-kinkkuarpoja-myymassa-1024x768.jpg\",\"datePublished\":\"2019-05-06T10:46:19+00:00\",\"dateModified\":\"2019-05-06T10:49:33+00:00\",\"breadcrumb\":{\"@id\":\"https:\/\/rotary.fi\/nurmijarviklaukkala\/mita-teemme\/varainhankinta-ja-lahjoitukset\/kinkkuarpajaiset\/#breadcrumb\"},\"inLanguage\":\"fi\",\"potentialAction\":[{\"@type\":\"ReadAction\",\"target\":[\"https:\/\/rotary.fi\/nurmijarviklaukkala\/mita-teemme\/varainhankinta-ja-lahjoitukset\/kinkkuarpajaiset\/\"]}]},{\"@type\":\"ImageObject\",\"inLanguage\":\"fi\",\"@id\":\"https:\/\/rotary.fi\/nurmijarviklaukkala\/mita-teemme\/varainhankinta-ja-lahjoitukset\/kinkkuarpajaiset\/#primaryimage\",\"url\":\"https:\/\/rotary.fi\/nurmijarviklaukkala\/wp-content\/uploads\/sites\/109\/2019\/05\/2014-sirkka-ja-hilkka-kinkkuarpoja-myymassa.jpg\",\"contentUrl\":\"https:\/\/rotary.fi\/nurmijarviklaukkala\/wp-content\/uploads\/sites\/109\/2019\/05\/2014-sirkka-ja-hilkka-kinkkuarpoja-myymassa.jpg\",\"width\":1632,\"height\":1224,\"caption\":\"Sirkka ja Hilkka arpoja myym\u00e4ss\u00e4\"},{\"@type\":\"BreadcrumbList\",\"@id\":\"https:\/\/rotary.fi\/nurmijarviklaukkala\/mita-teemme\/varainhankinta-ja-lahjoitukset\/kinkkuarpajaiset\/#breadcrumb\",\"itemListElement\":[{\"@type\":\"ListItem\",\"position\":1,\"name\":\"Home\",\"item\":\"https:\/\/rotary.fi\/nurmijarviklaukkala\/\"},{\"@type\":\"ListItem\",\"position\":2,\"name\":\"Mit\u00e4 teemme\",\"item\":\"https:\/\/rotary.fi\/nurmijarviklaukkala\/mita-teemme\/\"},{\"@type\":\"ListItem\",\"position\":3,\"name\":\"Varainhankinta ja lahjoitukset\",\"item\":\"https:\/\/rotary.fi\/nurmijarviklaukkala\/mita-teemme\/varainhankinta-ja-lahjoitukset\/\"},{\"@type\":\"ListItem\",\"position\":4,\"name\":\"Kinkkuarpajaiset\"}]},{\"@type\":\"WebSite\",\"@id\":\"https:\/\/rotary.fi\/nurmijarviklaukkala\/#website\",\"url\":\"https:\/\/rotary.fi\/nurmijarviklaukkala\/\",\"name\":\"Nurmij\u00e4rvi-Klaukkalan Rotaryklubi ry\",\"description\":\"Uusi Rotary klubisivusto\",\"potentialAction\":[{\"@type\":\"SearchAction\",\"target\":{\"@type\":\"EntryPoint\",\"urlTemplate\":\"https:\/\/rotary.fi\/nurmijarviklaukkala\/?s={search_term_string}\"},\"query-input\":{\"@type\":\"PropertyValueSpecification\",\"valueRequired\":true,\"valueName\":\"search_term_string\"}}],\"inLanguage\":\"fi\"}]}<\/script>\n<!-- \/ Yoast SEO plugin. -->","yoast_head_json":{"title":"Kinkkuarpajaiset - Nurmij\u00e4rvi-Klaukkalan Rotaryklubi ry","robots":{"index":"index","follow":"follow","max-snippet":"max-snippet:-1","max-image-preview":"max-image-preview:large","max-video-preview":"max-video-preview:-1"},"canonical":"https:\/\/rotary.fi\/nurmijarviklaukkala\/mita-teemme\/varainhankinta-ja-lahjoitukset\/kinkkuarpajaiset\/","og_locale":"fi_FI","og_type":"article","og_title":"Kinkkuarpajaiset - Nurmij\u00e4rvi-Klaukkalan Rotaryklubi ry","og_description":"Varainhankinta ja lahjoitukset Kinkkuarpajaiset Kinkkuarpajaisia on Nurmij\u00e4rvi-Klaukkalan klubi j\u00e4rjest\u00e4nyt jo kohta 10 vuotta. Arpajaiset on perinteisesti pidetty Klaukkalan Citymarketin aulassa muutamana viikonloppuna ennen joulua. Kuten nimest\u00e4 voi p\u00e4\u00e4tell\u00e4 myymme tilaisuudessa arpoja, joilla voi voittaa joulukinkun tai -kalkkunan. Tapahtuma on saanut hyv\u00e4n suosion kaupassak\u00e4vij\u00f6iden keskuudessa sill\u00e4 yleens\u00e4 saamme myyty\u00e4 600-800 arpaa, joiden tuotolla pystymme l\u00e4hett\u00e4m\u00e4\u00e4n Klaukkalasta [&hellip;]","og_url":"https:\/\/rotary.fi\/nurmijarviklaukkala\/mita-teemme\/varainhankinta-ja-lahjoitukset\/kinkkuarpajaiset\/","og_site_name":"Nurmij\u00e4rvi-Klaukkalan Rotaryklubi ry","article_modified_time":"2019-05-06T10:49:33+00:00","og_image":[{"url":"https:\/\/rotary.fi\/nurmijarviklaukkala\/wp-content\/uploads\/sites\/109\/2019\/05\/2014-sirkka-ja-hilkka-kinkkuarpoja-myymassa-1024x768.jpg","type":"","width":"","height":""}],"twitter_card":"summary_large_image","twitter_misc":{"Arvioitu lukuaika":"5 minuuttia"},"schema":{"@context":"https:\/\/schema.org","@graph":[{"@type":"WebPage","@id":"https:\/\/rotary.fi\/nurmijarviklaukkala\/mita-teemme\/varainhankinta-ja-lahjoitukset\/kinkkuarpajaiset\/","url":"https:\/\/rotary.fi\/nurmijarviklaukkala\/mita-teemme\/varainhankinta-ja-lahjoitukset\/kinkkuarpajaiset\/","name":"Kinkkuarpajaiset - Nurmij\u00e4rvi-Klaukkalan Rotaryklubi ry","isPartOf":{"@id":"https:\/\/rotary.fi\/nurmijarviklaukkala\/#website"},"primaryImageOfPage":{"@id":"https:\/\/rotary.fi\/nurmijarviklaukkala\/mita-teemme\/varainhankinta-ja-lahjoitukset\/kinkkuarpajaiset\/#primaryimage"},"image":{"@id":"https:\/\/rotary.fi\/nurmijarviklaukkala\/mita-teemme\/varainhankinta-ja-lahjoitukset\/kinkkuarpajaiset\/#primaryimage"},"thumbnailUrl":"https:\/\/rotary.fi\/nurmijarviklaukkala\/wp-content\/uploads\/sites\/109\/2019\/05\/2014-sirkka-ja-hilkka-kinkkuarpoja-myymassa-1024x768.jpg","datePublished":"2019-05-06T10:46:19+00:00","dateModified":"2019-05-06T10:49:33+00:00","breadcrumb":{"@id":"https:\/\/rotary.fi\/nurmijarviklaukkala\/mita-teemme\/varainhankinta-ja-lahjoitukset\/kinkkuarpajaiset\/#breadcrumb"},"inLanguage":"fi","potentialAction":[{"@type":"ReadAction","target":["https:\/\/rotary.fi\/nurmijarviklaukkala\/mita-teemme\/varainhankinta-ja-lahjoitukset\/kinkkuarpajaiset\/"]}]},{"@type":"ImageObject","inLanguage":"fi","@id":"https:\/\/rotary.fi\/nurmijarviklaukkala\/mita-teemme\/varainhankinta-ja-lahjoitukset\/kinkkuarpajaiset\/#primaryimage","url":"https:\/\/rotary.fi\/nurmijarviklaukkala\/wp-content\/uploads\/sites\/109\/2019\/05\/2014-sirkka-ja-hilkka-kinkkuarpoja-myymassa.jpg","contentUrl":"https:\/\/rotary.fi\/nurmijarviklaukkala\/wp-content\/uploads\/sites\/109\/2019\/05\/2014-sirkka-ja-hilkka-kinkkuarpoja-myymassa.jpg","width":1632,"height":1224,"caption":"Sirkka ja Hilkka arpoja myym\u00e4ss\u00e4"},{"@type":"BreadcrumbList","@id":"https:\/\/rotary.fi\/nurmijarviklaukkala\/mita-teemme\/varainhankinta-ja-lahjoitukset\/kinkkuarpajaiset\/#breadcrumb","itemListElement":[{"@type":"ListItem","position":1,"name":"Home","item":"https:\/\/rotary.fi\/nurmijarviklaukkala\/"},{"@type":"ListItem","position":2,"name":"Mit\u00e4 teemme","item":"https:\/\/rotary.fi\/nurmijarviklaukkala\/mita-teemme\/"},{"@type":"ListItem","position":3,"name":"Varainhankinta ja lahjoitukset","item":"https:\/\/rotary.fi\/nurmijarviklaukkala\/mita-teemme\/varainhankinta-ja-lahjoitukset\/"},{"@type":"ListItem","position":4,"name":"Kinkkuarpajaiset"}]},{"@type":"WebSite","@id":"https:\/\/rotary.fi\/nurmijarviklaukkala\/#website","url":"https:\/\/rotary.fi\/nurmijarviklaukkala\/","name":"Nurmij\u00e4rvi-Klaukkalan Rotaryklubi ry","description":"Uusi Rotary klubisivusto","potentialAction":[{"@type":"SearchAction","target":{"@type":"EntryPoint","urlTemplate":"https:\/\/rotary.fi\/nurmijarviklaukkala\/?s={search_term_string}"},"query-input":{"@type":"PropertyValueSpecification","valueRequired":true,"valueName":"search_term_string"}}],"inLanguage":"fi"}]}},"lang":"fi","translations":{"fi":1732},"pll_sync_post":[],"_links":{"self":[{"href":"https:\/\/rotary.fi\/nurmijarviklaukkala\/wp-json\/wp\/v2\/pages\/1732","targetHints":{"allow":["GET"]}}],"collection":[{"href":"https:\/\/rotary.fi\/nurmijarviklaukkala\/wp-json\/wp\/v2\/pages"}],"about":[{"href":"https:\/\/rotary.fi\/nurmijarviklaukkala\/wp-json\/wp\/v2\/types\/page"}],"author":[{"embeddable":true,"href":"https:\/\/rotary.fi\/nurmijarviklaukkala\/wp-json\/wp\/v2\/users\/136"}],"replies":[{"embeddable":true,"href":"https:\/\/rotary.fi\/nurmijarviklaukkala\/wp-json\/wp\/v2\/comments?post=1732"}],"version-history":[{"count":3,"href":"https:\/\/rotary.fi\/nurmijarviklaukkala\/wp-json\/wp\/v2\/pages\/1732\/revisions"}],"predecessor-version":[{"id":1736,"href":"https:\/\/rotary.fi\/nurmijarviklaukkala\/wp-json\/wp\/v2\/pages\/1732\/revisions\/1736"}],"up":[{"embeddable":true,"href":"https:\/\/rotary.fi\/nurmijarviklaukkala\/wp-json\/wp\/v2\/pages\/158"}],"wp:attachment":[{"href":"https:\/\/rotary.fi\/nurmijarviklaukkala\/wp-json\/wp\/v2\/media?parent=1732"}],"curies":[{"name":"wp","href":"https:\/\/api.w.org\/{rel}","templated":true}]}}