{"id":156,"date":"2018-08-13T09:46:59","date_gmt":"2018-08-13T06:46:59","guid":{"rendered":"https:\/\/rotary.fi\/nurmijarviklaukkala\/?page_id=156"},"modified":"2025-04-15T15:34:40","modified_gmt":"2025-04-15T12:34:40","slug":"projektit","status":"publish","type":"page","link":"https:\/\/rotary.fi\/nurmijarviklaukkala\/mita-teemme\/projektit\/","title":{"rendered":"Projektit"},"content":{"rendered":"<p>[et_pb_section fb_built=&#8221;1&#8243; module_class=&#8221;jumbotron-page&#8221; _builder_version=&#8221;4.16&#8243; background_image=&#8221;https:\/\/rotary.fi\/nurmijarviklaukkala\/wp-content\/uploads\/sites\/109\/2018\/08\/rotary_klubit_alasivu_paakuva_5.jpg&#8221; global_colors_info=&#8221;{}&#8221;][et_pb_row _builder_version=&#8221;4.16&#8243; background_size=&#8221;initial&#8221; background_position=&#8221;top_left&#8221; background_repeat=&#8221;repeat&#8221; global_colors_info=&#8221;{}&#8221;][et_pb_column type=&#8221;4_4&#8243; _builder_version=&#8221;4.16&#8243; custom_padding=&#8221;|||&#8221; global_colors_info=&#8221;{}&#8221; custom_padding__hover=&#8221;|||&#8221;][et_pb_text admin_label=&#8221;P\u00e4\u00e4otsikko&#8221; _builder_version=&#8221;4.16&#8243; text_orientation=&#8221;center&#8221; background_layout=&#8221;dark&#8221; global_colors_info=&#8221;{}&#8221;]<\/p>\n<h1>Projektit<\/h1>\n<p>[\/et_pb_text][\/et_pb_column][\/et_pb_row][\/et_pb_section][et_pb_section fb_built=&#8221;1&#8243; specialty=&#8221;on&#8221; module_class_2=&#8221;sivupalkki&#8221; _builder_version=&#8221;4.16&#8243; inner_max_width=&#8221;none&#8221; global_colors_info=&#8221;{}&#8221;][et_pb_column type=&#8221;2_3&#8243; specialty_columns=&#8221;2&#8243; _builder_version=&#8221;4.16&#8243; custom_padding=&#8221;|||&#8221; global_colors_info=&#8221;{}&#8221; custom_padding__hover=&#8221;|||&#8221;][et_pb_row_inner admin_label=&#8221;Rivi&#8221; _builder_version=&#8221;4.16&#8243; global_colors_info=&#8221;{}&#8221;][et_pb_column_inner saved_specialty_column_type=&#8221;2_3&#8243; _builder_version=&#8221;4.16&#8243; custom_padding=&#8221;|||&#8221; global_colors_info=&#8221;{}&#8221; custom_padding__hover=&#8221;|||&#8221;][et_pb_text admin_label=&#8221;Projektit &#8211; Otsikko&#8221; _builder_version=&#8221;4.16&#8243; text_orientation=&#8221;center&#8221; global_colors_info=&#8221;{}&#8221;]<\/p>\n<h1>Projektit<\/h1>\n<p>[\/et_pb_text][et_pb_text _builder_version=&#8221;4.27.4&#8243; hover_enabled=&#8221;0&#8243; z_index_tablet=&#8221;500&#8243; global_colors_info=&#8221;{}&#8221; sticky_enabled=&#8221;0&#8243;]<\/p>\n<p>Rotary on palveluj\u00e4rjest\u00f6. Toimimme tunnuslauseemme on<em> Palvelu itsekkyyden edelle (Service above self). <\/em>Toimimme sen mukaisesti paikallisesti ja maailmanlaajuisesti. Kansainv\u00e4linen humanit\u00e4\u00e4rinen palvelumme toteutuu Rotarys\u00e4\u00e4ti\u00f6n koordinoimana ja hyv\u00e4ksyttyjen kumppaneiden kanssa.<\/p>\n<h3>Nurmij\u00e4rvi harrastaa 9.8.2025<\/h3>\n<p>Vuosina 2022-2025 olemme j\u00e4rjest\u00e4neet Nurmij\u00e4rvi harrastaa -tapahtuman. Vuonna 2025 se on 9.8 j\u00e4lleen Klaukkalassa Monikon pihalla. Lue lis\u00e4\u00e4: <a href=\"http:\/\/www.nurmijarviharrastaa.fi\" target=\"_blank\" rel=\"noopener\">Nurmij\u00e4rvi harrastaa web-sivut<\/a> Tapahtuman tuotolla tuetaan Klaukkalalisten nuorten kansainv\u00e4list\u00e4 vaihtoa.<\/p>\n<h3>Vantaanjoen valuma-alue<\/h3>\n<p>J\u00e4rjest\u00e4mme 22.4.25\u00a0 kaikkien Vantaanjoen valuma-alueen Rotaryklubien yhteiskokouksen siemenrahoituksen ker\u00e4\u00e4miseksi Vantaanjoen ja Helsinginseudun Vesiensuojeluyhdistys ry:n vesienviivytystaskuprojektiin ja klubit\u00a0 tarjoavat projektiin my\u00f6s talkooapuaan.<\/p>\n<h3>Rotarypiirin projektit<\/h3>\n<p>Tutustu piirin projekteihin <a href=\"https:\/\/rotary.fi\/d1420\/mita-teemme\/paikalliset-projektit\/paikalliset-projektit\/\">https:\/\/rotary.fi\/d1420\/mita-teemme\/paikalliset-projektit\/paikalliset-projektit\/<\/a><\/p>\n<h3>Aiempien vuosien projekteja<\/h3>\n<p>Rotaryvuonna 2022 &#8211; 2023 yhteiskunnallinen projektimme oli Valkj\u00e4rven telkkien pesim\u00e4olosuhteiden kehitt\u00e4minen, <a href=\"https:\/\/rotary.fi\/nurmijarviklaukkala\/ajankohtaiset\/rotarit-tekivat-valkjarven-lintuprojektin-talkoiden-esivalmistelut\/\">lue lis\u00e4\u00e4<\/a><\/p>\n<p>Syksyll\u00e4 2021 osallistuimme <a href=\"https:\/\/rotary.fi\/nurmijarviklaukkala\/ajankohtaiset\/olemme-vie-vanhus-ulos-projektissa-mukana\/\">Vie vanhus ulos -projektiin<\/a>.<\/p>\n<p>Yksi tukimuodoistamme sai alkunsa vuonna 1994, kun luovutimme CD-levyj\u00e4 Rinnekodin asukkaille. Yksi herkimmist\u00e4 rotarihetkist\u00e4 oli, kun kuuntelimme Rinnekodin b\u00e4ndin soittoesityksen, ja kun kuulimme kuinka iloisia asukit olivat lahjoituksestamme.<\/p>\n<div id=\"attachment_2636\" class=\"wp-caption alignnone\">\n<p><a href=\"https:\/\/rotary.fi\/nurmijarviklaukkala\/wp-content\/uploads\/sites\/109\/2020\/07\/2004-ruohonleikkuri-rinnekodille-2.jpg\"><img loading=\"lazy\" decoding=\"async\" class=\"wp-image-2636 size-large\" src=\"https:\/\/rotary.fi\/nurmijarviklaukkala\/wp-content\/uploads\/sites\/109\/2020\/07\/2004-ruohonleikkuri-rinnekodille-2-1024x768.jpg\" alt=\"\" width=\"1024\" height=\"768\" aria-describedby=\"caption-attachment-2636\" srcset=\"https:\/\/rotary.fi\/nurmijarviklaukkala\/wp-content\/uploads\/sites\/109\/2020\/07\/2004-ruohonleikkuri-rinnekodille-2-980x735.jpg 980w, https:\/\/rotary.fi\/nurmijarviklaukkala\/wp-content\/uploads\/sites\/109\/2020\/07\/2004-ruohonleikkuri-rinnekodille-2-480x360.jpg 480w\" sizes=\"(min-width: 0px) and (max-width: 480px) 480px, (min-width: 481px) and (max-width: 980px) 980px, (min-width: 981px) 1024px, 100vw\" \/><\/a><\/p>\n<p id=\"caption-attachment-2636\" class=\"wp-caption-text\">Vuonna 2004 luovutimme ruohonleikkurin Rinnekodille.<\/p>\n<\/div>\n<p>Asukkaiden hoidon kehitt\u00e4miseksi olemme lahjoittaneet silm\u00e4laseja, riippukeinun, tandem-py\u00f6r\u00e4n sek\u00e4 tukeneet heid\u00e4n nettipajaansa, jossa osa asukkaista toimittaa omaa lehte\u00e4. Olemme hankkineet heille ty\u00f6asemia, ty\u00f6p\u00f6yti\u00e4 ja niiden valaistusta.<\/p>\n<div id=\"attachment_2638\" class=\"wp-caption alignnone\">\n<p><a href=\"https:\/\/rotary.fi\/nurmijarviklaukkala\/wp-content\/uploads\/sites\/109\/2020\/07\/nettipaja-035-kalevi-talvio-pitaa-luovutuspuhetta-1.jpg\"><img loading=\"lazy\" decoding=\"async\" class=\"wp-image-2638 size-full\" src=\"https:\/\/rotary.fi\/nurmijarviklaukkala\/wp-content\/uploads\/sites\/109\/2020\/07\/nettipaja-035-kalevi-talvio-pitaa-luovutuspuhetta-1.jpg\" alt=\"\" width=\"1024\" height=\"678\" aria-describedby=\"caption-attachment-2638\" srcset=\"https:\/\/rotary.fi\/nurmijarviklaukkala\/wp-content\/uploads\/sites\/109\/2020\/07\/nettipaja-035-kalevi-talvio-pitaa-luovutuspuhetta-1.jpg 1024w, https:\/\/rotary.fi\/nurmijarviklaukkala\/wp-content\/uploads\/sites\/109\/2020\/07\/nettipaja-035-kalevi-talvio-pitaa-luovutuspuhetta-1-980x649.jpg 980w, https:\/\/rotary.fi\/nurmijarviklaukkala\/wp-content\/uploads\/sites\/109\/2020\/07\/nettipaja-035-kalevi-talvio-pitaa-luovutuspuhetta-1-480x318.jpg 480w\" sizes=\"(min-width: 0px) and (max-width: 480px) 480px, (min-width: 481px) and (max-width: 980px) 980px, (min-width: 981px) 1024px, 100vw\" \/><\/a><\/p>\n<p id=\"caption-attachment-2638\" class=\"wp-caption-text\">Kalevi Talvio pit\u00e4m\u00e4ss\u00e4 20 tietokoneen luovutuspuhetta 2013.<\/p>\n<\/div>\n<p><a href=\"http:\/\/www.lehtiluukku.fi\/lehti\/nurmijarven-uutiset\/_read\/20.01.2013\/25898.html\">Nurmij\u00e4rven Uutisten Nettipaja juttu sivulla 7.<\/a><\/p>\n<h3>Hammashuolto<\/h3>\n<p>Juhani Brodkin on toiminut kansainv\u00e4lisess\u00e4 avustustoiminnassa <a href=\"https:\/\/www.rotary.fi\/index.php?option=com_content&amp;view=article&amp;id=68&amp;Itemid=142&amp;lang=fi\">Rotary L\u00e4\u00e4k\u00e4ripankin<\/a> kautta. Se toi klubimme toimintaan uusia tuulia esim. Ven\u00e4j\u00e4ll\u00e4 Pietarissa ja Siperiassa toteutetut lasten hammashuoltoprojektit. Olemme hankkineet sinne hammasl\u00e4\u00e4k\u00e4reiden k\u00e4ytt\u00f6\u00f6n kaksi autoklaavia, joilla puhdistetaan hampaiden hoitamiseen k\u00e4ytett\u00e4v\u00e4\u00e4 v\u00e4lineist\u00f6\u00e4.<\/p>\n<div id=\"attachment_1615\" class=\"wp-caption alignnone\">\n<p><a href=\"https:\/\/rotary.fi\/nurmijarviklaukkala\/wp-content\/uploads\/sites\/109\/2019\/03\/juhani-1-barn-15-v2005.jpg\"><img loading=\"lazy\" decoding=\"async\" class=\"wp-image-1615 size-full\" src=\"https:\/\/rotary.fi\/nurmijarviklaukkala\/wp-content\/uploads\/sites\/109\/2019\/03\/juhani-1-barn-15-v2005.jpg\" alt=\"\" width=\"640\" height=\"480\" aria-describedby=\"caption-attachment-1615\" srcset=\"https:\/\/rotary.fi\/nurmijarviklaukkala\/wp-content\/uploads\/sites\/109\/2019\/03\/juhani-1-barn-15-v2005.jpg 640w, https:\/\/rotary.fi\/nurmijarviklaukkala\/wp-content\/uploads\/sites\/109\/2019\/03\/juhani-1-barn-15-v2005-300x225.jpg 300w, https:\/\/rotary.fi\/nurmijarviklaukkala\/wp-content\/uploads\/sites\/109\/2019\/03\/juhani-1-barn-15-v2005-510x382.jpg 510w\" sizes=\"(max-width: 640px) 100vw, 640px\" \/><\/a><\/p>\n<p id=\"caption-attachment-1615\" class=\"wp-caption-text\">Juhani opastaa hoitajia hammashoidossa<\/p>\n<\/div>\n<p>Juhanin toiminta kuvaa rohkeutta toteuttaa rotarij\u00e4rjest\u00f6n palvelemisen ihannetta. Juhani on jo useita kertoja osallistunut hammashoitoklinikoiden toimintaan ulkomailla.<\/p>\n<p>Lue lis\u00e4\u00e4 <a href=\"https:\/\/rotary.fi\/nurmijarviklaukkala\/mita-teemme\/laakaripankki\/juhani_laakaripankissa\/\">Juhanin toiminnasta l\u00e4\u00e4k\u00e4ripankissa<\/a><\/p>\n<p>[\/et_pb_text][\/et_pb_column_inner][\/et_pb_row_inner][\/et_pb_column][et_pb_column type=&#8221;1_3&#8243; _builder_version=&#8221;4.16&#8243; custom_padding=&#8221;|||&#8221; global_colors_info=&#8221;{}&#8221; custom_padding__hover=&#8221;|||&#8221;][et_pb_sidebar area=&#8221;sidebar-1&#8243; module_class=&#8221;sivupalkki_sisalto&#8221; _builder_version=&#8221;4.16&#8243; locked=&#8221;on&#8221; global_colors_info=&#8221;{}&#8221;]<br \/>\n[\/et_pb_sidebar][\/et_pb_column][\/et_pb_section]<\/p>\n","protected":false},"excerpt":{"rendered":"<p>Projektit Projektit Rotary on palveluj\u00e4rjest\u00f6. Toimimme tunnuslauseemme on Palvelu itsekkyyden edelle (Service above self). Toimimme sen mukaisesti paikallisesti ja maailmanlaajuisesti. Kansainv\u00e4linen humanit\u00e4\u00e4rinen palvelumme toteutuu Rotarys\u00e4\u00e4ti\u00f6n koordinoimana ja hyv\u00e4ksyttyjen kumppaneiden kanssa. Nurmij\u00e4rvi harrastaa 9.8.2025 Vuosina 2022-2025 olemme j\u00e4rjest\u00e4neet Nurmij\u00e4rvi harrastaa -tapahtuman. Vuonna 2025 se on 9.8 j\u00e4lleen Klaukkalassa Monikon pihalla. Lue lis\u00e4\u00e4: Nurmij\u00e4rvi harrastaa web-sivut Tapahtuman [&hellip;]<\/p>\n","protected":false},"author":1,"featured_media":0,"parent":77,"menu_order":0,"comment_status":"closed","ping_status":"closed","template":"","meta":{"_acf_changed":false,"_et_pb_use_builder":"on","_et_pb_old_content":"","_et_gb_content_width":"","footnotes":""},"class_list":["post-156","page","type-page","status-publish","hentry"],"acf":[],"yoast_head":"<!-- This site is optimized with the Yoast SEO plugin v27.0 - https:\/\/yoast.com\/product\/yoast-seo-wordpress\/ -->\n<title>Projektit - Nurmij\u00e4rvi-Klaukkalan Rotaryklubi ry<\/title>\n<meta name=\"robots\" content=\"index, follow, max-snippet:-1, max-image-preview:large, max-video-preview:-1\" \/>\n<link rel=\"canonical\" href=\"https:\/\/rotary.fi\/nurmijarviklaukkala\/mita-teemme\/projektit\/\" \/>\n<meta property=\"og:locale\" content=\"fi_FI\" \/>\n<meta property=\"og:type\" content=\"article\" \/>\n<meta property=\"og:title\" content=\"Projektit - Nurmij\u00e4rvi-Klaukkalan Rotaryklubi ry\" \/>\n<meta property=\"og:description\" content=\"Projektit Projektit Rotary on palveluj\u00e4rjest\u00f6. Toimimme tunnuslauseemme on Palvelu itsekkyyden edelle (Service above self). Toimimme sen mukaisesti paikallisesti ja maailmanlaajuisesti. Kansainv\u00e4linen humanit\u00e4\u00e4rinen palvelumme toteutuu Rotarys\u00e4\u00e4ti\u00f6n koordinoimana ja hyv\u00e4ksyttyjen kumppaneiden kanssa. Nurmij\u00e4rvi harrastaa 9.8.2025 Vuosina 2022-2025 olemme j\u00e4rjest\u00e4neet Nurmij\u00e4rvi harrastaa -tapahtuman. Vuonna 2025 se on 9.8 j\u00e4lleen Klaukkalassa Monikon pihalla. Lue lis\u00e4\u00e4: Nurmij\u00e4rvi harrastaa web-sivut Tapahtuman [&hellip;]\" \/>\n<meta property=\"og:url\" content=\"https:\/\/rotary.fi\/nurmijarviklaukkala\/mita-teemme\/projektit\/\" \/>\n<meta property=\"og:site_name\" content=\"Nurmij\u00e4rvi-Klaukkalan Rotaryklubi ry\" \/>\n<meta property=\"article:modified_time\" content=\"2025-04-15T12:34:40+00:00\" \/>\n<meta property=\"og:image\" content=\"https:\/\/rotary.fi\/nurmijarviklaukkala\/wp-content\/uploads\/sites\/109\/2020\/07\/2004-ruohonleikkuri-rinnekodille-2.jpg\" \/>\n\t<meta property=\"og:image:width\" content=\"1800\" \/>\n\t<meta property=\"og:image:height\" content=\"1350\" \/>\n\t<meta property=\"og:image:type\" content=\"image\/jpeg\" \/>\n<meta name=\"twitter:card\" content=\"summary_large_image\" \/>\n<meta name=\"twitter:label1\" content=\"Arvioitu lukuaika\" \/>\n\t<meta name=\"twitter:data1\" content=\"3 minuuttia\" \/>\n<script type=\"application\/ld+json\" class=\"yoast-schema-graph\">{\"@context\":\"https:\/\/schema.org\",\"@graph\":[{\"@type\":\"WebPage\",\"@id\":\"https:\/\/rotary.fi\/nurmijarviklaukkala\/mita-teemme\/projektit\/\",\"url\":\"https:\/\/rotary.fi\/nurmijarviklaukkala\/mita-teemme\/projektit\/\",\"name\":\"Projektit - Nurmij\u00e4rvi-Klaukkalan Rotaryklubi ry\",\"isPartOf\":{\"@id\":\"https:\/\/rotary.fi\/nurmijarviklaukkala\/#website\"},\"primaryImageOfPage\":{\"@id\":\"https:\/\/rotary.fi\/nurmijarviklaukkala\/mita-teemme\/projektit\/#primaryimage\"},\"image\":{\"@id\":\"https:\/\/rotary.fi\/nurmijarviklaukkala\/mita-teemme\/projektit\/#primaryimage\"},\"thumbnailUrl\":\"https:\/\/rotary.fi\/nurmijarviklaukkala\/wp-content\/uploads\/sites\/109\/2020\/07\/2004-ruohonleikkuri-rinnekodille-2-1024x768.jpg\",\"datePublished\":\"2018-08-13T06:46:59+00:00\",\"dateModified\":\"2025-04-15T12:34:40+00:00\",\"breadcrumb\":{\"@id\":\"https:\/\/rotary.fi\/nurmijarviklaukkala\/mita-teemme\/projektit\/#breadcrumb\"},\"inLanguage\":\"fi\",\"potentialAction\":[{\"@type\":\"ReadAction\",\"target\":[\"https:\/\/rotary.fi\/nurmijarviklaukkala\/mita-teemme\/projektit\/\"]}]},{\"@type\":\"ImageObject\",\"inLanguage\":\"fi\",\"@id\":\"https:\/\/rotary.fi\/nurmijarviklaukkala\/mita-teemme\/projektit\/#primaryimage\",\"url\":\"https:\/\/rotary.fi\/nurmijarviklaukkala\/wp-content\/uploads\/sites\/109\/2020\/07\/2004-ruohonleikkuri-rinnekodille-2.jpg\",\"contentUrl\":\"https:\/\/rotary.fi\/nurmijarviklaukkala\/wp-content\/uploads\/sites\/109\/2020\/07\/2004-ruohonleikkuri-rinnekodille-2.jpg\",\"width\":1800,\"height\":1350,\"caption\":\"Ruohonleikkurin luovutus\"},{\"@type\":\"BreadcrumbList\",\"@id\":\"https:\/\/rotary.fi\/nurmijarviklaukkala\/mita-teemme\/projektit\/#breadcrumb\",\"itemListElement\":[{\"@type\":\"ListItem\",\"position\":1,\"name\":\"Home\",\"item\":\"https:\/\/rotary.fi\/nurmijarviklaukkala\/\"},{\"@type\":\"ListItem\",\"position\":2,\"name\":\"Mit\u00e4 teemme\",\"item\":\"https:\/\/rotary.fi\/nurmijarviklaukkala\/mita-teemme\/\"},{\"@type\":\"ListItem\",\"position\":3,\"name\":\"Projektit\"}]},{\"@type\":\"WebSite\",\"@id\":\"https:\/\/rotary.fi\/nurmijarviklaukkala\/#website\",\"url\":\"https:\/\/rotary.fi\/nurmijarviklaukkala\/\",\"name\":\"Nurmij\u00e4rvi-Klaukkalan Rotaryklubi ry\",\"description\":\"Uusi Rotary klubisivusto\",\"potentialAction\":[{\"@type\":\"SearchAction\",\"target\":{\"@type\":\"EntryPoint\",\"urlTemplate\":\"https:\/\/rotary.fi\/nurmijarviklaukkala\/?s={search_term_string}\"},\"query-input\":{\"@type\":\"PropertyValueSpecification\",\"valueRequired\":true,\"valueName\":\"search_term_string\"}}],\"inLanguage\":\"fi\"}]}<\/script>\n<!-- \/ Yoast SEO plugin. -->","yoast_head_json":{"title":"Projektit - Nurmij\u00e4rvi-Klaukkalan Rotaryklubi ry","robots":{"index":"index","follow":"follow","max-snippet":"max-snippet:-1","max-image-preview":"max-image-preview:large","max-video-preview":"max-video-preview:-1"},"canonical":"https:\/\/rotary.fi\/nurmijarviklaukkala\/mita-teemme\/projektit\/","og_locale":"fi_FI","og_type":"article","og_title":"Projektit - Nurmij\u00e4rvi-Klaukkalan Rotaryklubi ry","og_description":"Projektit Projektit Rotary on palveluj\u00e4rjest\u00f6. Toimimme tunnuslauseemme on Palvelu itsekkyyden edelle (Service above self). Toimimme sen mukaisesti paikallisesti ja maailmanlaajuisesti. Kansainv\u00e4linen humanit\u00e4\u00e4rinen palvelumme toteutuu Rotarys\u00e4\u00e4ti\u00f6n koordinoimana ja hyv\u00e4ksyttyjen kumppaneiden kanssa. Nurmij\u00e4rvi harrastaa 9.8.2025 Vuosina 2022-2025 olemme j\u00e4rjest\u00e4neet Nurmij\u00e4rvi harrastaa -tapahtuman. Vuonna 2025 se on 9.8 j\u00e4lleen Klaukkalassa Monikon pihalla. Lue lis\u00e4\u00e4: Nurmij\u00e4rvi harrastaa web-sivut Tapahtuman [&hellip;]","og_url":"https:\/\/rotary.fi\/nurmijarviklaukkala\/mita-teemme\/projektit\/","og_site_name":"Nurmij\u00e4rvi-Klaukkalan Rotaryklubi ry","article_modified_time":"2025-04-15T12:34:40+00:00","og_image":[{"width":1800,"height":1350,"url":"https:\/\/rotary.fi\/nurmijarviklaukkala\/wp-content\/uploads\/sites\/109\/2020\/07\/2004-ruohonleikkuri-rinnekodille-2.jpg","type":"image\/jpeg"}],"twitter_card":"summary_large_image","twitter_misc":{"Arvioitu lukuaika":"3 minuuttia"},"schema":{"@context":"https:\/\/schema.org","@graph":[{"@type":"WebPage","@id":"https:\/\/rotary.fi\/nurmijarviklaukkala\/mita-teemme\/projektit\/","url":"https:\/\/rotary.fi\/nurmijarviklaukkala\/mita-teemme\/projektit\/","name":"Projektit - Nurmij\u00e4rvi-Klaukkalan Rotaryklubi ry","isPartOf":{"@id":"https:\/\/rotary.fi\/nurmijarviklaukkala\/#website"},"primaryImageOfPage":{"@id":"https:\/\/rotary.fi\/nurmijarviklaukkala\/mita-teemme\/projektit\/#primaryimage"},"image":{"@id":"https:\/\/rotary.fi\/nurmijarviklaukkala\/mita-teemme\/projektit\/#primaryimage"},"thumbnailUrl":"https:\/\/rotary.fi\/nurmijarviklaukkala\/wp-content\/uploads\/sites\/109\/2020\/07\/2004-ruohonleikkuri-rinnekodille-2-1024x768.jpg","datePublished":"2018-08-13T06:46:59+00:00","dateModified":"2025-04-15T12:34:40+00:00","breadcrumb":{"@id":"https:\/\/rotary.fi\/nurmijarviklaukkala\/mita-teemme\/projektit\/#breadcrumb"},"inLanguage":"fi","potentialAction":[{"@type":"ReadAction","target":["https:\/\/rotary.fi\/nurmijarviklaukkala\/mita-teemme\/projektit\/"]}]},{"@type":"ImageObject","inLanguage":"fi","@id":"https:\/\/rotary.fi\/nurmijarviklaukkala\/mita-teemme\/projektit\/#primaryimage","url":"https:\/\/rotary.fi\/nurmijarviklaukkala\/wp-content\/uploads\/sites\/109\/2020\/07\/2004-ruohonleikkuri-rinnekodille-2.jpg","contentUrl":"https:\/\/rotary.fi\/nurmijarviklaukkala\/wp-content\/uploads\/sites\/109\/2020\/07\/2004-ruohonleikkuri-rinnekodille-2.jpg","width":1800,"height":1350,"caption":"Ruohonleikkurin luovutus"},{"@type":"BreadcrumbList","@id":"https:\/\/rotary.fi\/nurmijarviklaukkala\/mita-teemme\/projektit\/#breadcrumb","itemListElement":[{"@type":"ListItem","position":1,"name":"Home","item":"https:\/\/rotary.fi\/nurmijarviklaukkala\/"},{"@type":"ListItem","position":2,"name":"Mit\u00e4 teemme","item":"https:\/\/rotary.fi\/nurmijarviklaukkala\/mita-teemme\/"},{"@type":"ListItem","position":3,"name":"Projektit"}]},{"@type":"WebSite","@id":"https:\/\/rotary.fi\/nurmijarviklaukkala\/#website","url":"https:\/\/rotary.fi\/nurmijarviklaukkala\/","name":"Nurmij\u00e4rvi-Klaukkalan Rotaryklubi ry","description":"Uusi Rotary klubisivusto","potentialAction":[{"@type":"SearchAction","target":{"@type":"EntryPoint","urlTemplate":"https:\/\/rotary.fi\/nurmijarviklaukkala\/?s={search_term_string}"},"query-input":{"@type":"PropertyValueSpecification","valueRequired":true,"valueName":"search_term_string"}}],"inLanguage":"fi"}]}},"lang":"fi","translations":{"fi":156},"pll_sync_post":[],"_links":{"self":[{"href":"https:\/\/rotary.fi\/nurmijarviklaukkala\/wp-json\/wp\/v2\/pages\/156","targetHints":{"allow":["GET"]}}],"collection":[{"href":"https:\/\/rotary.fi\/nurmijarviklaukkala\/wp-json\/wp\/v2\/pages"}],"about":[{"href":"https:\/\/rotary.fi\/nurmijarviklaukkala\/wp-json\/wp\/v2\/types\/page"}],"author":[{"embeddable":true,"href":"https:\/\/rotary.fi\/nurmijarviklaukkala\/wp-json\/wp\/v2\/users\/1"}],"replies":[{"embeddable":true,"href":"https:\/\/rotary.fi\/nurmijarviklaukkala\/wp-json\/wp\/v2\/comments?post=156"}],"version-history":[{"count":10,"href":"https:\/\/rotary.fi\/nurmijarviklaukkala\/wp-json\/wp\/v2\/pages\/156\/revisions"}],"predecessor-version":[{"id":5069,"href":"https:\/\/rotary.fi\/nurmijarviklaukkala\/wp-json\/wp\/v2\/pages\/156\/revisions\/5069"}],"up":[{"embeddable":true,"href":"https:\/\/rotary.fi\/nurmijarviklaukkala\/wp-json\/wp\/v2\/pages\/77"}],"wp:attachment":[{"href":"https:\/\/rotary.fi\/nurmijarviklaukkala\/wp-json\/wp\/v2\/media?parent=156"}],"curies":[{"name":"wp","href":"https:\/\/api.w.org\/{rel}","templated":true}]}}