{"id":154,"date":"2018-08-13T09:35:27","date_gmt":"2018-08-13T06:35:27","guid":{"rendered":"https:\/\/rotary.fi\/nurmijarviklaukkala\/?page_id=154"},"modified":"2024-01-28T12:33:55","modified_gmt":"2024-01-28T10:33:55","slug":"nuorisovaihto","status":"publish","type":"page","link":"https:\/\/rotary.fi\/nurmijarviklaukkala\/mita-teemme\/nuorisovaihto\/","title":{"rendered":"Nuorisovaihto"},"content":{"rendered":"<p>[et_pb_section fb_built=&#8221;1&#8243; module_class=&#8221;jumbotron-page&#8221; _builder_version=&#8221;4.16&#8243; background_image=&#8221;https:\/\/rotary.fi\/nurmijarviklaukkala\/wp-content\/uploads\/sites\/109\/2018\/10\/rotary_klubit_alasivu_paakuva_9.jpg&#8221; global_colors_info=&#8221;{}&#8221;][et_pb_row _builder_version=&#8221;4.16&#8243; background_size=&#8221;initial&#8221; background_position=&#8221;top_left&#8221; background_repeat=&#8221;repeat&#8221; global_colors_info=&#8221;{}&#8221;][et_pb_column type=&#8221;4_4&#8243; _builder_version=&#8221;4.16&#8243; custom_padding=&#8221;|||&#8221; global_colors_info=&#8221;{}&#8221; custom_padding__hover=&#8221;|||&#8221;][et_pb_text admin_label=&#8221;P\u00e4\u00e4otsikko&#8221; _builder_version=&#8221;4.16&#8243; text_orientation=&#8221;center&#8221; background_layout=&#8221;dark&#8221; global_colors_info=&#8221;{}&#8221;]<\/p>\n<h1>Nuorisovaihto<\/h1>\n<p>[\/et_pb_text][\/et_pb_column][\/et_pb_row][\/et_pb_section][et_pb_section fb_built=&#8221;1&#8243; specialty=&#8221;on&#8221; module_class_2=&#8221;sivupalkki&#8221; _builder_version=&#8221;4.16&#8243; inner_max_width=&#8221;none&#8221; global_colors_info=&#8221;{}&#8221;][et_pb_column type=&#8221;2_3&#8243; specialty_columns=&#8221;2&#8243; _builder_version=&#8221;4.16&#8243; custom_padding=&#8221;|||&#8221; global_colors_info=&#8221;{}&#8221; custom_padding__hover=&#8221;|||&#8221;][et_pb_row_inner admin_label=&#8221;Rivi&#8221; _builder_version=&#8221;4.16&#8243; global_colors_info=&#8221;{}&#8221;][et_pb_column_inner saved_specialty_column_type=&#8221;2_3&#8243; _builder_version=&#8221;4.16&#8243; custom_padding=&#8221;|||&#8221; global_colors_info=&#8221;{}&#8221; custom_padding__hover=&#8221;|||&#8221;][et_pb_text admin_label=&#8221;Nuorisovaihto &#8211; Otsikko&#8221; _builder_version=&#8221;4.16&#8243; text_orientation=&#8221;center&#8221; global_colors_info=&#8221;{}&#8221;]<\/p>\n<h1>Nuorisovaihto<\/h1>\n<p>[\/et_pb_text][et_pb_text _builder_version=&#8221;4.17.4&#8243; hover_enabled=&#8221;0&#8243; z_index_tablet=&#8221;500&#8243; global_colors_info=&#8221;{}&#8221; sticky_enabled=&#8221;0&#8243;]<\/p>\n<p class=\"p1\"><span class=\"s1\">Rotaryn nuorisovaihto on turvallinen ja usein varsin edullinen tapa l\u00e4hte\u00e4 ulkomaille vaihto-oppilaaksi.<span class=\"Apple-converted-space\">\u00a0 <\/span>Rotaryn nuorisovaihto on sertifioitua ja valvottua. Nuorta sitovat rotareiden ohjeet ja s\u00e4\u00e4nn\u00f6t, se on osa turvallisuutta. Nuori ja h\u00e4nen perheens\u00e4 koulutetaan vaihtovuoden vaatimuksiin ennen nuoren l\u00e4ht\u00f6\u00e4. <\/span><\/p>\n<p class=\"p1\"><span class=\"s1\">Vastaanottava perhe ottaa nuoren perheenj\u00e4senekseen. Vastaanottava rotaryklubi huolehtii mm. saapuvan vaihto-oppilaan koulukustannuksista. Nuori saa my\u00f6s pient\u00e4 kuukausirahaa rotaryklubiltaan. Perhe ei saa rahallista korvausta nuoren yll\u00e4pidosta.<\/span><\/p>\n<p class=\"p1\"><span class=\"s1\">Suomeen saapuville vaihto-oppilaille tarvitaan is\u00e4nt\u00e4perheit\u00e4. Nuori on vaihtovuoden aikana yleens\u00e4 kolmessa perheess\u00e4, noin nelj\u00e4 kuukautta jokaisessa. Kun haluat tarjota turvallisen kodin Suomeen saapuvalle nuorelle, ota yhteytt\u00e4 klubimme nuorisovaihtoasiamieheen.\u00a0<\/span><\/p>\n<p class=\"p1\"><span class=\"s1\">Kun rotaryklubi ottaa vastaan ulkomaisen vaihto-oppilaan, se tarkoittaa samalla, ett\u00e4 meilt\u00e4 vastavuoroisesti p\u00e4\u00e4see nuori ulkomaille. Ulkomailla koulunk\u00e4ynti ei suinkaan aina ole oppilaalle ilmaista, mutta nuoren vastaanottava rotaryklubi vastaa n\u00e4ist\u00e4kin kustannuksista. Nuori saa my\u00f6s samat edut ja huolenpidon kuin maahamme saapuva nuori. <\/span><\/p>\n<p>[\/et_pb_text][\/et_pb_column_inner][\/et_pb_row_inner][et_pb_row_inner admin_label=&#8221;Rivi&#8221; _builder_version=&#8221;4.16&#8243; global_colors_info=&#8221;{}&#8221;][et_pb_column_inner saved_specialty_column_type=&#8221;2_3&#8243; _builder_version=&#8221;4.16&#8243; custom_padding=&#8221;|||&#8221; global_colors_info=&#8221;{}&#8221; custom_padding__hover=&#8221;|||&#8221;][et_pb_text admin_label=&#8221;Kiinnostuitko nuorisovaihdosta? &#8211; Otsikko&#8221; _builder_version=&#8221;4.16&#8243; text_orientation=&#8221;center&#8221; global_colors_info=&#8221;{}&#8221;]<\/p>\n<h4>Kiinnostuitko nuorisovaihdosta?<\/h4>\n<p>[\/et_pb_text][et_pb_text _builder_version=&#8221;4.22.1&#8243; hover_enabled=&#8221;0&#8243; z_index_tablet=&#8221;500&#8243; box_shadow_horizontal_tablet=&#8221;0px&#8221; box_shadow_vertical_tablet=&#8221;0px&#8221; box_shadow_blur_tablet=&#8221;40px&#8221; box_shadow_spread_tablet=&#8221;0px&#8221; global_colors_info=&#8221;{}&#8221; sticky_enabled=&#8221;0&#8243;]<\/p>\n<p class=\"p1\"><span class=\"s1\">Rotaryn kautta voit p\u00e4\u00e4st\u00e4 vuosivaihtoon, kes\u00e4vaihtoon tai leirivaihtoon. N\u00e4ist\u00e4 eri vaihtomuodoista voit<span class=\"Apple-converted-space\">\u00a0 <\/span>lukea lis\u00e4\u00e4 Suomen Rotaryn <\/span><a href=\"https:\/\/rotary.fi\/mita-teemme\/nuorisopalvelut\/nuorisovaihto\/\" target=\"_blank\" rel=\"noopener noreferrer\"><span class=\"s2\">nuorisovaihdon<\/span><\/a><span class=\"s1\"> tai <a href=\"http:\/\/rye.fi\">rye.fi<\/a> sivuilta.<\/span><span class=\"s3\">\u00a0<\/span><span class=\"s1\">Hakuaika seuraavan vuoden vaihtoihin on hakuvuotta edelt\u00e4v\u00e4n\u00e4 syksyn\u00e4. Jos kiinnostuit, ota yhteytt\u00e4 klubimme nuorisoasiamieheen ja kysy l\u00e4het\u00e4mmek\u00f6 vaihto-oppilaan tulevana vuonna.<\/span><\/p>\n<p>Tutustu nuorisovaihdon ajankohtaisiin asioihin <a href=\"https:\/\/www.facebook.com\/Rotary-Nuorisovaihto-Suomi-Rotary-Youth-Exchange-Finland-101074515336378\/\">Facebook sivuiltamme<\/a><\/p>\n<p class=\"p2\"><strong><span class=\"s4\">Kysy rohkeasti lis\u00e4\u00e4 Rotaryn nuorisovaihdosta!<br \/><\/span><\/strong><span class=\"s1\">Klubimme nuorisovaihtoasiamies:<br \/><\/span><\/p>\n<p><strong>Timo Lotila<\/strong>\u00a0 nuorisovaihto(at)klaukkalanrotarit.onmicrosoft.com 0400-578 400<\/p>\n<p>Lue my\u00f6s <a href=\"https:\/\/rotary.fi\/nurmijarviklaukkala\/mita-teemme\/nuorisovaihto\/nuorisovaihto-kokemuksia\/\">Vaihto-oppilaiden kokemuksia<\/a> ja <a href=\"https:\/\/rotary.fi\/nurmijarviklaukkala\/mita-teemme\/nuorisovaihto\/vaihtooppilaan-isantaperheeksi\/\">Vaihto-oppilaan is\u00e4nt\u00e4perheeksi?<\/a>.<\/p>\n<p class=\"p2\"><span class=\"s1\">\u00a0<\/span><strong>Nurmij\u00e4rvi-Klaukkalan klubin kautta nuorisovaihdossa olleet<\/strong><\/p>\n<h3 align=\"LEFT\"><strong><span style=\"font-family: Verdana,Tahoma,Arial,Helvetica,sans-serif\">Vuosivaihto<\/span><\/strong><\/h3>\n<table width=\"514\">\n<tbody>\n<tr>\n<td width=\"102\"><strong>Vuosi<\/strong><\/td>\n<td width=\"135\"><strong>L\u00e4htij\u00e4<\/strong><\/td>\n<td width=\"102\"><strong>Maa<\/strong><\/td>\n<td width=\"175\"><strong>Tulija<\/strong><\/td>\n<\/tr>\n<tr>\n<td width=\"102\">1993-1994<\/td>\n<td width=\"135\">Sanna Autio<\/td>\n<td width=\"102\">USA<\/td>\n<td width=\"175\">Eric Howard<\/td>\n<\/tr>\n<tr>\n<td width=\"102\">1994-1995<\/td>\n<td width=\"135\">Sanna Laitio<\/td>\n<td width=\"102\">USA<\/td>\n<td width=\"175\">Jennifer Niccum<\/td>\n<\/tr>\n<tr>\n<td width=\"102\">1996-1997<\/td>\n<td width=\"135\">Tiina V\u00e4nsk\u00e4<\/td>\n<td width=\"102\">Meksiko<\/td>\n<td width=\"175\">Karen Guera<\/td>\n<\/tr>\n<tr>\n<td width=\"102\">1997-1998<\/td>\n<td width=\"135\">Tiina Rusi<\/td>\n<td width=\"102\">Etel\u00e4-Afrikka<\/td>\n<td width=\"175\">Gillian Jankelow<\/td>\n<\/tr>\n<tr>\n<td width=\"102\">2000-2001<\/td>\n<td width=\"135\">Sanna Lukkarinen<\/td>\n<td width=\"102\">Australia<\/td>\n<td width=\"175\">Scott Davis<\/td>\n<\/tr>\n<tr>\n<td width=\"102\">2002-2003<\/td>\n<td width=\"135\">Rebecca Turkki<\/td>\n<td width=\"102\">Australia<\/td>\n<td width=\"175\">Aimee<\/td>\n<\/tr>\n<tr>\n<td width=\"102\">2003-2004<\/td>\n<td width=\"135\">Matleena V\u00e4is\u00e4nen<\/td>\n<td width=\"102\">Ecuador<\/td>\n<td width=\"175\">Jonathan Diaz<\/td>\n<\/tr>\n<tr>\n<td width=\"102\">2004-2005<\/td>\n<td width=\"135\">Mia Nousiainen<\/td>\n<td width=\"102\">Australia<\/td>\n<td width=\"175\">Claire Broderic<\/td>\n<\/tr>\n<tr>\n<td width=\"102\">2005-2006<\/td>\n<td width=\"135\">Joonatan Turkki<\/td>\n<td width=\"102\">USA<\/td>\n<td width=\"175\">Jason Bravermann<\/td>\n<\/tr>\n<tr>\n<td width=\"102\">2006-2007<\/td>\n<td width=\"135\">Vilhelmiina M\u00e4h\u00f6nen<\/td>\n<td width=\"102\">Kanada<\/td>\n<td width=\"175\">Nicholas Hosek<\/td>\n<\/tr>\n<tr>\n<td width=\"102\">2007-2008<\/td>\n<td width=\"135\">Anette Aittasalmi<\/td>\n<td width=\"102\">Australia<\/td>\n<td width=\"175\">Gabriel Quinn<\/td>\n<\/tr>\n<tr>\n<td width=\"102\">2008-2009<\/td>\n<td width=\"135\">Tia Hirvasniemi<\/td>\n<td width=\"102\">Australia<\/td>\n<td width=\"175\">Ellen Hyden<\/td>\n<\/tr>\n<tr>\n<td width=\"102\">2009-2010<\/td>\n<td width=\"135\">Sini Saarinen<\/td>\n<td width=\"102\">Australia<\/td>\n<td width=\"175\">Shelby Damonse<\/td>\n<\/tr>\n<tr>\n<td width=\"102\">2011-2012<\/td>\n<td width=\"135\">Rosa Kurjenm\u00e4ki<\/td>\n<td width=\"102\">USA<\/td>\n<td width=\"175\">Anastasiya Mykolyshin<\/td>\n<\/tr>\n<tr>\n<td width=\"102\">2013-2014<\/td>\n<td width=\"135\">Milja Kauppinen<\/td>\n<td width=\"102\">Kanada<\/td>\n<td width=\"175\">Michaela Schnore (USA)<\/td>\n<\/tr>\n<tr>\n<td width=\"102\">2014-2015<\/td>\n<td width=\"135\">Saskia Purtilo<\/td>\n<td width=\"102\">USA<\/td>\n<td width=\"175\">\u00a0<\/td>\n<\/tr>\n<tr>\n<td width=\"102\">2015-2016<\/td>\n<td width=\"135\">Venla Tiilikainen<\/td>\n<td width=\"102\">Ranska<\/td>\n<td width=\"175\">Etienne Gacel<\/td>\n<\/tr>\n<tr>\n<td width=\"102\">2016-2017<\/td>\n<td width=\"135\">Nea H\u00e4nnik\u00e4inen<\/td>\n<td width=\"102\">USA<\/td>\n<td width=\"175\">Brittany Mohammad<\/td>\n<\/tr>\n<tr>\n<td width=\"102\">2017-2018<\/td>\n<td width=\"135\">Lotta Lehti<\/td>\n<td width=\"102\">Brasilia<\/td>\n<td width=\"175\">Filipe Dias<\/td>\n<\/tr>\n<tr>\n<td width=\"102\">2018-2019<\/td>\n<td width=\"135\">Senni Kaavinen<\/td>\n<td width=\"102\">Ranska<\/td>\n<td width=\"175\">Valentin Garcia<\/td>\n<\/tr>\n<tr>\n<td width=\"102\">2019-2020<\/td>\n<td>Julia Olenius<\/td>\n<td>Australia<\/td>\n<td>Gemma Nicol<\/td>\n<\/tr>\n<tr>\n<td width=\"102\">2022-2023<\/td>\n<td>Senni Hulmi<\/td>\n<td>Argentiina<\/td>\n<td>Santino Tanino<\/td>\n<\/tr>\n<tr>\n<td>2023-2024<\/td>\n<td>\u00a0<\/td>\n<td>\u00a0<\/td>\n<td>Jessa Talens (Hollanti)<\/td>\n<\/tr>\n<tr>\n<td>2024-2025<\/td>\n<td>Luka Bj\u00f6rn<\/td>\n<td>\u00a0<\/td>\n<td>\u00a0<\/td>\n<\/tr>\n<\/tbody>\n<\/table>\n<h3 align=\"LEFT\">\u00a0<\/h3>\n<h3 align=\"LEFT\">\u00a0<\/h3>\n<h3 align=\"LEFT\"><strong><span style=\"font-family: Verdana,Tahoma,Arial,Helvetica,sans-serif\">Kes\u00e4vaihto<\/span><\/strong><\/h3>\n<p align=\"LEFT\">1995 Laura Kalliola, kes\u00e4vaihdossa Turkissa<\/p>\n<p align=\"LEFT\">1997 Marja Laine, kes\u00e4vaihdossa Portugalissa<\/p>\n<p align=\"LEFT\"><span style=\"font-family: Verdana, Tahoma, Arial, Helvetica, sans-serif\">2012 Teemu Nieminen, kes\u00e4vaihdossa Italiassa<\/span><\/p>\n<p align=\"LEFT\"><span style=\"font-family: Verdana, Tahoma, Arial, Helvetica, sans-serif\">2014 Emma M\u00e4h\u00f6nen, kes\u00e4ll\u00e4 leirivaihdossa Belgiassa<\/span><\/p>\n<p align=\"LEFT\">2022\u00a0 Erika Lind, kes\u00e4vaihdossa Yhdysvalloissa<\/p>\n<p>[\/et_pb_text][\/et_pb_column_inner][\/et_pb_row_inner][\/et_pb_column][et_pb_column type=&#8221;1_3&#8243; _builder_version=&#8221;4.16&#8243; custom_padding=&#8221;|||&#8221; global_colors_info=&#8221;{}&#8221; custom_padding__hover=&#8221;|||&#8221;][et_pb_sidebar area=&#8221;sidebar-1&#8243; module_class=&#8221;sivupalkki_sisalto&#8221; _builder_version=&#8221;4.16&#8243; locked=&#8221;on&#8221; global_colors_info=&#8221;{}&#8221;]<br \/>\n[\/et_pb_sidebar][\/et_pb_column][\/et_pb_section]<\/p>\n","protected":false},"excerpt":{"rendered":"<p>Nuorisovaihto Nuorisovaihto Rotaryn nuorisovaihto on turvallinen ja usein varsin edullinen tapa l\u00e4hte\u00e4 ulkomaille vaihto-oppilaaksi.\u00a0 Rotaryn nuorisovaihto on sertifioitua ja valvottua. Nuorta sitovat rotareiden ohjeet ja s\u00e4\u00e4nn\u00f6t, se on osa turvallisuutta. Nuori ja h\u00e4nen perheens\u00e4 koulutetaan vaihtovuoden vaatimuksiin ennen nuoren l\u00e4ht\u00f6\u00e4. Vastaanottava perhe ottaa nuoren perheenj\u00e4senekseen. Vastaanottava rotaryklubi huolehtii mm. saapuvan vaihto-oppilaan koulukustannuksista. Nuori saa my\u00f6s [&hellip;]<\/p>\n","protected":false},"author":1,"featured_media":0,"parent":77,"menu_order":0,"comment_status":"closed","ping_status":"closed","template":"","meta":{"_acf_changed":false,"_et_pb_use_builder":"on","_et_pb_old_content":"","_et_gb_content_width":"","footnotes":""},"class_list":["post-154","page","type-page","status-publish","hentry"],"acf":[],"yoast_head":"<!-- This site is optimized with the Yoast SEO plugin v27.0 - https:\/\/yoast.com\/product\/yoast-seo-wordpress\/ -->\n<title>Nuorisovaihto - Nurmij\u00e4rvi-Klaukkalan Rotaryklubi ry<\/title>\n<meta name=\"robots\" content=\"index, follow, max-snippet:-1, max-image-preview:large, max-video-preview:-1\" \/>\n<link rel=\"canonical\" href=\"https:\/\/rotary.fi\/nurmijarviklaukkala\/mita-teemme\/nuorisovaihto\/\" \/>\n<meta property=\"og:locale\" content=\"fi_FI\" \/>\n<meta property=\"og:type\" content=\"article\" \/>\n<meta property=\"og:title\" content=\"Nuorisovaihto - Nurmij\u00e4rvi-Klaukkalan Rotaryklubi ry\" \/>\n<meta property=\"og:description\" content=\"Nuorisovaihto Nuorisovaihto Rotaryn nuorisovaihto on turvallinen ja usein varsin edullinen tapa l\u00e4hte\u00e4 ulkomaille vaihto-oppilaaksi.\u00a0 Rotaryn nuorisovaihto on sertifioitua ja valvottua. Nuorta sitovat rotareiden ohjeet ja s\u00e4\u00e4nn\u00f6t, se on osa turvallisuutta. Nuori ja h\u00e4nen perheens\u00e4 koulutetaan vaihtovuoden vaatimuksiin ennen nuoren l\u00e4ht\u00f6\u00e4. Vastaanottava perhe ottaa nuoren perheenj\u00e4senekseen. Vastaanottava rotaryklubi huolehtii mm. saapuvan vaihto-oppilaan koulukustannuksista. Nuori saa my\u00f6s [&hellip;]\" \/>\n<meta property=\"og:url\" content=\"https:\/\/rotary.fi\/nurmijarviklaukkala\/mita-teemme\/nuorisovaihto\/\" \/>\n<meta property=\"og:site_name\" content=\"Nurmij\u00e4rvi-Klaukkalan Rotaryklubi ry\" \/>\n<meta property=\"article:modified_time\" content=\"2024-01-28T10:33:55+00:00\" \/>\n<meta name=\"twitter:card\" content=\"summary_large_image\" \/>\n<meta name=\"twitter:label1\" content=\"Arvioitu lukuaika\" \/>\n\t<meta name=\"twitter:data1\" content=\"3 minuuttia\" \/>\n<script type=\"application\/ld+json\" class=\"yoast-schema-graph\">{\"@context\":\"https:\/\/schema.org\",\"@graph\":[{\"@type\":\"WebPage\",\"@id\":\"https:\/\/rotary.fi\/nurmijarviklaukkala\/mita-teemme\/nuorisovaihto\/\",\"url\":\"https:\/\/rotary.fi\/nurmijarviklaukkala\/mita-teemme\/nuorisovaihto\/\",\"name\":\"Nuorisovaihto - Nurmij\u00e4rvi-Klaukkalan Rotaryklubi ry\",\"isPartOf\":{\"@id\":\"https:\/\/rotary.fi\/nurmijarviklaukkala\/#website\"},\"datePublished\":\"2018-08-13T06:35:27+00:00\",\"dateModified\":\"2024-01-28T10:33:55+00:00\",\"breadcrumb\":{\"@id\":\"https:\/\/rotary.fi\/nurmijarviklaukkala\/mita-teemme\/nuorisovaihto\/#breadcrumb\"},\"inLanguage\":\"fi\",\"potentialAction\":[{\"@type\":\"ReadAction\",\"target\":[\"https:\/\/rotary.fi\/nurmijarviklaukkala\/mita-teemme\/nuorisovaihto\/\"]}]},{\"@type\":\"BreadcrumbList\",\"@id\":\"https:\/\/rotary.fi\/nurmijarviklaukkala\/mita-teemme\/nuorisovaihto\/#breadcrumb\",\"itemListElement\":[{\"@type\":\"ListItem\",\"position\":1,\"name\":\"Home\",\"item\":\"https:\/\/rotary.fi\/nurmijarviklaukkala\/\"},{\"@type\":\"ListItem\",\"position\":2,\"name\":\"Mit\u00e4 teemme\",\"item\":\"https:\/\/rotary.fi\/nurmijarviklaukkala\/mita-teemme\/\"},{\"@type\":\"ListItem\",\"position\":3,\"name\":\"Nuorisovaihto\"}]},{\"@type\":\"WebSite\",\"@id\":\"https:\/\/rotary.fi\/nurmijarviklaukkala\/#website\",\"url\":\"https:\/\/rotary.fi\/nurmijarviklaukkala\/\",\"name\":\"Nurmij\u00e4rvi-Klaukkalan Rotaryklubi ry\",\"description\":\"Uusi Rotary klubisivusto\",\"potentialAction\":[{\"@type\":\"SearchAction\",\"target\":{\"@type\":\"EntryPoint\",\"urlTemplate\":\"https:\/\/rotary.fi\/nurmijarviklaukkala\/?s={search_term_string}\"},\"query-input\":{\"@type\":\"PropertyValueSpecification\",\"valueRequired\":true,\"valueName\":\"search_term_string\"}}],\"inLanguage\":\"fi\"}]}<\/script>\n<!-- \/ Yoast SEO plugin. -->","yoast_head_json":{"title":"Nuorisovaihto - Nurmij\u00e4rvi-Klaukkalan Rotaryklubi ry","robots":{"index":"index","follow":"follow","max-snippet":"max-snippet:-1","max-image-preview":"max-image-preview:large","max-video-preview":"max-video-preview:-1"},"canonical":"https:\/\/rotary.fi\/nurmijarviklaukkala\/mita-teemme\/nuorisovaihto\/","og_locale":"fi_FI","og_type":"article","og_title":"Nuorisovaihto - Nurmij\u00e4rvi-Klaukkalan Rotaryklubi ry","og_description":"Nuorisovaihto Nuorisovaihto Rotaryn nuorisovaihto on turvallinen ja usein varsin edullinen tapa l\u00e4hte\u00e4 ulkomaille vaihto-oppilaaksi.\u00a0 Rotaryn nuorisovaihto on sertifioitua ja valvottua. Nuorta sitovat rotareiden ohjeet ja s\u00e4\u00e4nn\u00f6t, se on osa turvallisuutta. Nuori ja h\u00e4nen perheens\u00e4 koulutetaan vaihtovuoden vaatimuksiin ennen nuoren l\u00e4ht\u00f6\u00e4. Vastaanottava perhe ottaa nuoren perheenj\u00e4senekseen. Vastaanottava rotaryklubi huolehtii mm. saapuvan vaihto-oppilaan koulukustannuksista. Nuori saa my\u00f6s [&hellip;]","og_url":"https:\/\/rotary.fi\/nurmijarviklaukkala\/mita-teemme\/nuorisovaihto\/","og_site_name":"Nurmij\u00e4rvi-Klaukkalan Rotaryklubi ry","article_modified_time":"2024-01-28T10:33:55+00:00","twitter_card":"summary_large_image","twitter_misc":{"Arvioitu lukuaika":"3 minuuttia"},"schema":{"@context":"https:\/\/schema.org","@graph":[{"@type":"WebPage","@id":"https:\/\/rotary.fi\/nurmijarviklaukkala\/mita-teemme\/nuorisovaihto\/","url":"https:\/\/rotary.fi\/nurmijarviklaukkala\/mita-teemme\/nuorisovaihto\/","name":"Nuorisovaihto - Nurmij\u00e4rvi-Klaukkalan Rotaryklubi ry","isPartOf":{"@id":"https:\/\/rotary.fi\/nurmijarviklaukkala\/#website"},"datePublished":"2018-08-13T06:35:27+00:00","dateModified":"2024-01-28T10:33:55+00:00","breadcrumb":{"@id":"https:\/\/rotary.fi\/nurmijarviklaukkala\/mita-teemme\/nuorisovaihto\/#breadcrumb"},"inLanguage":"fi","potentialAction":[{"@type":"ReadAction","target":["https:\/\/rotary.fi\/nurmijarviklaukkala\/mita-teemme\/nuorisovaihto\/"]}]},{"@type":"BreadcrumbList","@id":"https:\/\/rotary.fi\/nurmijarviklaukkala\/mita-teemme\/nuorisovaihto\/#breadcrumb","itemListElement":[{"@type":"ListItem","position":1,"name":"Home","item":"https:\/\/rotary.fi\/nurmijarviklaukkala\/"},{"@type":"ListItem","position":2,"name":"Mit\u00e4 teemme","item":"https:\/\/rotary.fi\/nurmijarviklaukkala\/mita-teemme\/"},{"@type":"ListItem","position":3,"name":"Nuorisovaihto"}]},{"@type":"WebSite","@id":"https:\/\/rotary.fi\/nurmijarviklaukkala\/#website","url":"https:\/\/rotary.fi\/nurmijarviklaukkala\/","name":"Nurmij\u00e4rvi-Klaukkalan Rotaryklubi ry","description":"Uusi Rotary klubisivusto","potentialAction":[{"@type":"SearchAction","target":{"@type":"EntryPoint","urlTemplate":"https:\/\/rotary.fi\/nurmijarviklaukkala\/?s={search_term_string}"},"query-input":{"@type":"PropertyValueSpecification","valueRequired":true,"valueName":"search_term_string"}}],"inLanguage":"fi"}]}},"lang":"fi","translations":{"fi":154},"pll_sync_post":[],"_links":{"self":[{"href":"https:\/\/rotary.fi\/nurmijarviklaukkala\/wp-json\/wp\/v2\/pages\/154","targetHints":{"allow":["GET"]}}],"collection":[{"href":"https:\/\/rotary.fi\/nurmijarviklaukkala\/wp-json\/wp\/v2\/pages"}],"about":[{"href":"https:\/\/rotary.fi\/nurmijarviklaukkala\/wp-json\/wp\/v2\/types\/page"}],"author":[{"embeddable":true,"href":"https:\/\/rotary.fi\/nurmijarviklaukkala\/wp-json\/wp\/v2\/users\/1"}],"replies":[{"embeddable":true,"href":"https:\/\/rotary.fi\/nurmijarviklaukkala\/wp-json\/wp\/v2\/comments?post=154"}],"version-history":[{"count":9,"href":"https:\/\/rotary.fi\/nurmijarviklaukkala\/wp-json\/wp\/v2\/pages\/154\/revisions"}],"predecessor-version":[{"id":4827,"href":"https:\/\/rotary.fi\/nurmijarviklaukkala\/wp-json\/wp\/v2\/pages\/154\/revisions\/4827"}],"up":[{"embeddable":true,"href":"https:\/\/rotary.fi\/nurmijarviklaukkala\/wp-json\/wp\/v2\/pages\/77"}],"wp:attachment":[{"href":"https:\/\/rotary.fi\/nurmijarviklaukkala\/wp-json\/wp\/v2\/media?parent=154"}],"curies":[{"name":"wp","href":"https:\/\/api.w.org\/{rel}","templated":true}]}}