{"id":142,"date":"2018-08-10T14:04:45","date_gmt":"2018-08-10T11:04:45","guid":{"rendered":"https:\/\/rotary.fi\/klubi2\/?page_id=142"},"modified":"2020-04-22T17:28:11","modified_gmt":"2020-04-22T14:28:11","slug":"ilo-esitella","status":"publish","type":"page","link":"https:\/\/rotary.fi\/nurmijarviklaukkala\/keita-olemme\/ilo-esitella\/","title":{"rendered":"Ilo esitell\u00e4"},"content":{"rendered":"<p>[et_pb_section fb_built=&#8221;1&#8243; module_class=&#8221;jumbotron-page&#8221; _builder_version=&#8221;3.22.7&#8243; background_image=&#8221;https:\/\/rotary.fi\/nurmijarviklaukkala\/wp-content\/uploads\/sites\/109\/2019\/03\/2019-talvitapahtuma-14.jpg&#8221; inner_width_tablet=&#8221;50px&#8221; inner_max_width_tablet=&#8221;50px&#8221; z_index_tablet=&#8221;500&#8243;][et_pb_row _builder_version=&#8221;3.25&#8243; background_size=&#8221;initial&#8221; background_position=&#8221;top_left&#8221; background_repeat=&#8221;repeat&#8221;][et_pb_column type=&#8221;4_4&#8243; _builder_version=&#8221;3.25&#8243; custom_padding=&#8221;|||&#8221; custom_padding__hover=&#8221;|||&#8221;][et_pb_text admin_label=&#8221;P\u00e4\u00e4otsikko&#8221; _builder_version=&#8221;3.27.4&#8243; text_orientation=&#8221;center&#8221; background_layout=&#8221;dark&#8221;]<\/p>\n<h1>Ilo esitell\u00e4<\/h1>\n<p>[\/et_pb_text][\/et_pb_column][\/et_pb_row][\/et_pb_section][et_pb_section fb_built=&#8221;1&#8243; specialty=&#8221;on&#8221; module_class_2=&#8221;sivupalkki&#8221; _builder_version=&#8221;3.22&#8243; inner_max_width=&#8221;none&#8221;][et_pb_column type=&#8221;2_3&#8243; specialty_columns=&#8221;2&#8243; _builder_version=&#8221;3.25&#8243; custom_padding=&#8221;|||&#8221; custom_padding__hover=&#8221;|||&#8221;][et_pb_row_inner admin_label=&#8221;Rivi&#8221; _builder_version=&#8221;3.25&#8243;][et_pb_column_inner saved_specialty_column_type=&#8221;2_3&#8243; _builder_version=&#8221;3.25&#8243; custom_padding=&#8221;|||&#8221; custom_padding__hover=&#8221;|||&#8221;][et_pb_text admin_label=&#8221;Ilo esitell\u00e4 &#8211; Otsikko&#8221; _builder_version=&#8221;3.27.4&#8243; text_orientation=&#8221;center&#8221;]<\/p>\n<h1>Ilo esitell\u00e4<\/h1>\n<p>[\/et_pb_text][et_pb_text _builder_version=&#8221;4.4.1&#8243; hover_enabled=&#8221;0&#8243; z_index_tablet=&#8221;500&#8243;]<\/p>\n<p>Haluamme kiitt\u00e4\u00e4 toimintaamme tukevia yhteisty\u00f6kumppaneitamme:<\/p>\n<p><strong>Toimintamme tukeminen<\/strong><\/p>\n<ul>\n<li>Nurmij\u00e4rven Seurakunta, kokoustilat ja ruokailu seurakuntatalolla<\/li>\n<li>Nurmij\u00e4rven Uutiset, p\u00e4\u00e4tiedotuslehtemme<\/li>\n<li>Nurmij\u00e4rven kunta, toimialueemme<\/li>\n<\/ul>\n<p><strong>Arkadian yhteislyseo<\/strong><\/p>\n<ul>\n<li>p\u00e4\u00e4toimintamuotomme Nuorisovaihdon merkitt\u00e4v\u00e4 kumppani luomalla saapuneille vaihto-oppilaille mahdollisuudet opiskella paikallisessa lukiossa<\/li>\n<li>p\u00e4\u00e4osa nuorisovaihtoon l\u00e4htevist\u00e4 tulee Arkadian opiskelijoiden joukosta<\/li>\n<li>saimme tilat klubimme j\u00e4rjest\u00e4m\u00e4\u00e4n koko rotarypiirin kattavaan piirikoulutustapahtumaan 1994<\/li>\n<li>klubin 20-v juhla j\u00e4rjestettiin Arkadian p\u00e4\u00e4aulassa<\/li>\n<\/ul>\n<p><strong>Valkj\u00e4rven talvitapahtuma 2019<\/strong><\/p>\n<p>Kiitos j\u00e4rjest\u00e4j\u00e4kumppaneille<\/p>\n<ul>\n<li>Klapaset ry, Klaukkalan partiolippukunta<\/li>\n<li>Pro Valkj\u00e4rvi<\/li>\n<li>Klaukkalan kalastuskerho<\/li>\n<li>Klaukkalan Kiri<\/li>\n<li>Valkj\u00e4rven kyl\u00e4yhdistys ry<\/li>\n<li>L\u00e4nsirannan talli Pia Kujanp\u00e4\u00e4<\/li>\n<li>Perttulan VPK<\/li>\n<li>Vauhtifarmi<\/li>\n<li>Agrocenter<\/li>\n<li>Keijo West<\/li>\n<\/ul>\n<p>Kiitos taloudellisille tukijoille<\/p>\n<ul>\n<li>K-Rauta Korpisaari<\/li>\n<li>S\u00e4hk\u00f6soppi<\/li>\n<li>OP-kiinteist\u00f6keskus<\/li>\n<li>Saviharju &amp; K\u00e4\u00e4ri\u00e4inen kiinteist\u00f6v\u00e4litys<\/li>\n<li>K Citymarket Klaukkala<\/li>\n<li>HOK Elanto<\/li>\n<li>Nisa-tuote Oy<\/li>\n<li>Euronics Klaukkala<\/li>\n<li>Toyota Kaivoksela<\/li>\n<li>DigiTom-video<\/li>\n<li>Klapitehdas tmi Tommi L\u00f6nnrot<\/li>\n<li>Kukka-M\u00f6kki Klaukkala<\/li>\n<li>Nurmij\u00e4rven kunta<\/li>\n<li>Lassila &amp; Tikanoja<\/li>\n<\/ul>\n<p><strong>Jouluarpajaiset<\/strong><\/p>\n<ul>\n<li>K Citymarket Klaukkala, palkintojen toimittaja<\/li>\n<\/ul>\n<p>[\/et_pb_text][\/et_pb_column_inner][\/et_pb_row_inner][\/et_pb_column][et_pb_column type=&#8221;1_3&#8243; _builder_version=&#8221;3.25&#8243; custom_padding=&#8221;|||&#8221; custom_padding__hover=&#8221;|||&#8221;][et_pb_sidebar area=&#8221;sidebar-1&#8243; module_class=&#8221;sivupalkki_sisalto&#8221; _builder_version=&#8221;3.4.1&#8243; locked=&#8221;on&#8221;][\/et_pb_sidebar][\/et_pb_column][\/et_pb_section]<\/p>\n","protected":false},"excerpt":{"rendered":"<p>Ilo esitell\u00e4 Ilo esitell\u00e4 Haluamme kiitt\u00e4\u00e4 toimintaamme tukevia yhteisty\u00f6kumppaneitamme: Toimintamme tukeminen Nurmij\u00e4rven Seurakunta, kokoustilat ja ruokailu seurakuntatalolla Nurmij\u00e4rven Uutiset, p\u00e4\u00e4tiedotuslehtemme Nurmij\u00e4rven kunta, toimialueemme Arkadian yhteislyseo p\u00e4\u00e4toimintamuotomme Nuorisovaihdon merkitt\u00e4v\u00e4 kumppani luomalla saapuneille vaihto-oppilaille mahdollisuudet opiskella paikallisessa lukiossa p\u00e4\u00e4osa nuorisovaihtoon l\u00e4htevist\u00e4 tulee Arkadian opiskelijoiden joukosta saimme tilat klubimme j\u00e4rjest\u00e4m\u00e4\u00e4n koko rotarypiirin kattavaan piirikoulutustapahtumaan 1994 klubin 20-v juhla [&hellip;]<\/p>\n","protected":false},"author":1,"featured_media":0,"parent":129,"menu_order":0,"comment_status":"closed","ping_status":"closed","template":"","meta":{"_acf_changed":false,"_et_pb_use_builder":"on","_et_pb_old_content":"","_et_gb_content_width":"","footnotes":""},"class_list":["post-142","page","type-page","status-publish","hentry"],"acf":[],"yoast_head":"<!-- This site is optimized with the Yoast SEO plugin v27.0 - https:\/\/yoast.com\/product\/yoast-seo-wordpress\/ -->\n<title>Ilo esitell\u00e4 - Nurmij\u00e4rvi-Klaukkalan Rotaryklubi ry<\/title>\n<meta name=\"robots\" content=\"index, follow, max-snippet:-1, max-image-preview:large, max-video-preview:-1\" \/>\n<link rel=\"canonical\" href=\"https:\/\/rotary.fi\/nurmijarviklaukkala\/keita-olemme\/ilo-esitella\/\" \/>\n<meta property=\"og:locale\" content=\"fi_FI\" \/>\n<meta property=\"og:type\" content=\"article\" \/>\n<meta property=\"og:title\" content=\"Ilo esitell\u00e4 - Nurmij\u00e4rvi-Klaukkalan Rotaryklubi ry\" \/>\n<meta property=\"og:description\" content=\"Ilo esitell\u00e4 Ilo esitell\u00e4 Haluamme kiitt\u00e4\u00e4 toimintaamme tukevia yhteisty\u00f6kumppaneitamme: Toimintamme tukeminen Nurmij\u00e4rven Seurakunta, kokoustilat ja ruokailu seurakuntatalolla Nurmij\u00e4rven Uutiset, p\u00e4\u00e4tiedotuslehtemme Nurmij\u00e4rven kunta, toimialueemme Arkadian yhteislyseo p\u00e4\u00e4toimintamuotomme Nuorisovaihdon merkitt\u00e4v\u00e4 kumppani luomalla saapuneille vaihto-oppilaille mahdollisuudet opiskella paikallisessa lukiossa p\u00e4\u00e4osa nuorisovaihtoon l\u00e4htevist\u00e4 tulee Arkadian opiskelijoiden joukosta saimme tilat klubimme j\u00e4rjest\u00e4m\u00e4\u00e4n koko rotarypiirin kattavaan piirikoulutustapahtumaan 1994 klubin 20-v juhla [&hellip;]\" \/>\n<meta property=\"og:url\" content=\"https:\/\/rotary.fi\/nurmijarviklaukkala\/keita-olemme\/ilo-esitella\/\" \/>\n<meta property=\"og:site_name\" content=\"Nurmij\u00e4rvi-Klaukkalan Rotaryklubi ry\" \/>\n<meta property=\"article:modified_time\" content=\"2020-04-22T14:28:11+00:00\" \/>\n<meta name=\"twitter:card\" content=\"summary_large_image\" \/>\n<meta name=\"twitter:label1\" content=\"Arvioitu lukuaika\" \/>\n\t<meta name=\"twitter:data1\" content=\"2 minuuttia\" \/>\n<script type=\"application\/ld+json\" class=\"yoast-schema-graph\">{\"@context\":\"https:\/\/schema.org\",\"@graph\":[{\"@type\":\"WebPage\",\"@id\":\"https:\/\/rotary.fi\/nurmijarviklaukkala\/keita-olemme\/ilo-esitella\/\",\"url\":\"https:\/\/rotary.fi\/nurmijarviklaukkala\/keita-olemme\/ilo-esitella\/\",\"name\":\"Ilo esitell\u00e4 - Nurmij\u00e4rvi-Klaukkalan Rotaryklubi ry\",\"isPartOf\":{\"@id\":\"https:\/\/rotary.fi\/nurmijarviklaukkala\/#website\"},\"datePublished\":\"2018-08-10T11:04:45+00:00\",\"dateModified\":\"2020-04-22T14:28:11+00:00\",\"breadcrumb\":{\"@id\":\"https:\/\/rotary.fi\/nurmijarviklaukkala\/keita-olemme\/ilo-esitella\/#breadcrumb\"},\"inLanguage\":\"fi\",\"potentialAction\":[{\"@type\":\"ReadAction\",\"target\":[\"https:\/\/rotary.fi\/nurmijarviklaukkala\/keita-olemme\/ilo-esitella\/\"]}]},{\"@type\":\"BreadcrumbList\",\"@id\":\"https:\/\/rotary.fi\/nurmijarviklaukkala\/keita-olemme\/ilo-esitella\/#breadcrumb\",\"itemListElement\":[{\"@type\":\"ListItem\",\"position\":1,\"name\":\"Home\",\"item\":\"https:\/\/rotary.fi\/nurmijarviklaukkala\/\"},{\"@type\":\"ListItem\",\"position\":2,\"name\":\"Keit\u00e4 olemme\",\"item\":\"https:\/\/rotary.fi\/nurmijarviklaukkala\/keita-olemme\/\"},{\"@type\":\"ListItem\",\"position\":3,\"name\":\"Ilo esitell\u00e4\"}]},{\"@type\":\"WebSite\",\"@id\":\"https:\/\/rotary.fi\/nurmijarviklaukkala\/#website\",\"url\":\"https:\/\/rotary.fi\/nurmijarviklaukkala\/\",\"name\":\"Nurmij\u00e4rvi-Klaukkalan Rotaryklubi ry\",\"description\":\"Uusi Rotary klubisivusto\",\"potentialAction\":[{\"@type\":\"SearchAction\",\"target\":{\"@type\":\"EntryPoint\",\"urlTemplate\":\"https:\/\/rotary.fi\/nurmijarviklaukkala\/?s={search_term_string}\"},\"query-input\":{\"@type\":\"PropertyValueSpecification\",\"valueRequired\":true,\"valueName\":\"search_term_string\"}}],\"inLanguage\":\"fi\"}]}<\/script>\n<!-- \/ Yoast SEO plugin. -->","yoast_head_json":{"title":"Ilo esitell\u00e4 - Nurmij\u00e4rvi-Klaukkalan Rotaryklubi ry","robots":{"index":"index","follow":"follow","max-snippet":"max-snippet:-1","max-image-preview":"max-image-preview:large","max-video-preview":"max-video-preview:-1"},"canonical":"https:\/\/rotary.fi\/nurmijarviklaukkala\/keita-olemme\/ilo-esitella\/","og_locale":"fi_FI","og_type":"article","og_title":"Ilo esitell\u00e4 - Nurmij\u00e4rvi-Klaukkalan Rotaryklubi ry","og_description":"Ilo esitell\u00e4 Ilo esitell\u00e4 Haluamme kiitt\u00e4\u00e4 toimintaamme tukevia yhteisty\u00f6kumppaneitamme: Toimintamme tukeminen Nurmij\u00e4rven Seurakunta, kokoustilat ja ruokailu seurakuntatalolla Nurmij\u00e4rven Uutiset, p\u00e4\u00e4tiedotuslehtemme Nurmij\u00e4rven kunta, toimialueemme Arkadian yhteislyseo p\u00e4\u00e4toimintamuotomme Nuorisovaihdon merkitt\u00e4v\u00e4 kumppani luomalla saapuneille vaihto-oppilaille mahdollisuudet opiskella paikallisessa lukiossa p\u00e4\u00e4osa nuorisovaihtoon l\u00e4htevist\u00e4 tulee Arkadian opiskelijoiden joukosta saimme tilat klubimme j\u00e4rjest\u00e4m\u00e4\u00e4n koko rotarypiirin kattavaan piirikoulutustapahtumaan 1994 klubin 20-v juhla [&hellip;]","og_url":"https:\/\/rotary.fi\/nurmijarviklaukkala\/keita-olemme\/ilo-esitella\/","og_site_name":"Nurmij\u00e4rvi-Klaukkalan Rotaryklubi ry","article_modified_time":"2020-04-22T14:28:11+00:00","twitter_card":"summary_large_image","twitter_misc":{"Arvioitu lukuaika":"2 minuuttia"},"schema":{"@context":"https:\/\/schema.org","@graph":[{"@type":"WebPage","@id":"https:\/\/rotary.fi\/nurmijarviklaukkala\/keita-olemme\/ilo-esitella\/","url":"https:\/\/rotary.fi\/nurmijarviklaukkala\/keita-olemme\/ilo-esitella\/","name":"Ilo esitell\u00e4 - Nurmij\u00e4rvi-Klaukkalan Rotaryklubi ry","isPartOf":{"@id":"https:\/\/rotary.fi\/nurmijarviklaukkala\/#website"},"datePublished":"2018-08-10T11:04:45+00:00","dateModified":"2020-04-22T14:28:11+00:00","breadcrumb":{"@id":"https:\/\/rotary.fi\/nurmijarviklaukkala\/keita-olemme\/ilo-esitella\/#breadcrumb"},"inLanguage":"fi","potentialAction":[{"@type":"ReadAction","target":["https:\/\/rotary.fi\/nurmijarviklaukkala\/keita-olemme\/ilo-esitella\/"]}]},{"@type":"BreadcrumbList","@id":"https:\/\/rotary.fi\/nurmijarviklaukkala\/keita-olemme\/ilo-esitella\/#breadcrumb","itemListElement":[{"@type":"ListItem","position":1,"name":"Home","item":"https:\/\/rotary.fi\/nurmijarviklaukkala\/"},{"@type":"ListItem","position":2,"name":"Keit\u00e4 olemme","item":"https:\/\/rotary.fi\/nurmijarviklaukkala\/keita-olemme\/"},{"@type":"ListItem","position":3,"name":"Ilo esitell\u00e4"}]},{"@type":"WebSite","@id":"https:\/\/rotary.fi\/nurmijarviklaukkala\/#website","url":"https:\/\/rotary.fi\/nurmijarviklaukkala\/","name":"Nurmij\u00e4rvi-Klaukkalan Rotaryklubi ry","description":"Uusi Rotary klubisivusto","potentialAction":[{"@type":"SearchAction","target":{"@type":"EntryPoint","urlTemplate":"https:\/\/rotary.fi\/nurmijarviklaukkala\/?s={search_term_string}"},"query-input":{"@type":"PropertyValueSpecification","valueRequired":true,"valueName":"search_term_string"}}],"inLanguage":"fi"}]}},"lang":"fi","translations":{"fi":142},"pll_sync_post":[],"_links":{"self":[{"href":"https:\/\/rotary.fi\/nurmijarviklaukkala\/wp-json\/wp\/v2\/pages\/142","targetHints":{"allow":["GET"]}}],"collection":[{"href":"https:\/\/rotary.fi\/nurmijarviklaukkala\/wp-json\/wp\/v2\/pages"}],"about":[{"href":"https:\/\/rotary.fi\/nurmijarviklaukkala\/wp-json\/wp\/v2\/types\/page"}],"author":[{"embeddable":true,"href":"https:\/\/rotary.fi\/nurmijarviklaukkala\/wp-json\/wp\/v2\/users\/1"}],"replies":[{"embeddable":true,"href":"https:\/\/rotary.fi\/nurmijarviklaukkala\/wp-json\/wp\/v2\/comments?post=142"}],"version-history":[{"count":9,"href":"https:\/\/rotary.fi\/nurmijarviklaukkala\/wp-json\/wp\/v2\/pages\/142\/revisions"}],"predecessor-version":[{"id":2430,"href":"https:\/\/rotary.fi\/nurmijarviklaukkala\/wp-json\/wp\/v2\/pages\/142\/revisions\/2430"}],"up":[{"embeddable":true,"href":"https:\/\/rotary.fi\/nurmijarviklaukkala\/wp-json\/wp\/v2\/pages\/129"}],"wp:attachment":[{"href":"https:\/\/rotary.fi\/nurmijarviklaukkala\/wp-json\/wp\/v2\/media?parent=142"}],"curies":[{"name":"wp","href":"https:\/\/api.w.org\/{rel}","templated":true}]}}