{"id":2059,"date":"2021-04-06T12:14:25","date_gmt":"2021-04-06T09:14:25","guid":{"rendered":"https:\/\/rotary.fi\/nurmijarvi\/?page_id=2059"},"modified":"2021-10-06T17:09:21","modified_gmt":"2021-10-06T14:09:21","slug":"klubin-historiaa","status":"publish","type":"page","link":"https:\/\/rotary.fi\/nurmijarvi\/klubin-historiaa\/","title":{"rendered":"Klubin historiaa"},"content":{"rendered":"<p>[et_pb_section fb_built=&#8221;1&#8243; admin_label=&#8221;section&#8221; _builder_version=&#8221;4.9.3&#8243; background_image=&#8221;https:\/\/rotary.fi\/nurmijarvi\/wp-content\/uploads\/sites\/120\/2021\/04\/nurmijarvenkirkkobanneri.jpg&#8221;][et_pb_row admin_label=&#8221;row&#8221; _builder_version=&#8221;4.9.3&#8243; background_enable_image=&#8221;off&#8221; background_size=&#8221;initial&#8221; background_position=&#8221;top_left&#8221; background_repeat=&#8221;repeat&#8221; collapsed=&#8221;off&#8221;][et_pb_column type=&#8221;4_4&#8243; _builder_version=&#8221;3.25&#8243; custom_padding=&#8221;|||&#8221; custom_padding__hover=&#8221;|||&#8221;][et_pb_text admin_label=&#8221;Text Nurmij\u00e4rven Rotaryklubin historiaa&#8221; _builder_version=&#8221;4.9.3&#8243; text_text_color=&#8221;#000000&#8243; header_text_color=&#8221;#000000&#8243; background_color=&#8221;RGBA(0,0,0,0)&#8221; background_size=&#8221;initial&#8221; background_position=&#8221;top_left&#8221; background_repeat=&#8221;repeat&#8221; text_text_shadow_style=&#8221;preset3&#8243; text_text_shadow_blur_strength=&#8221;0.17em&#8221; text_text_shadow_color=&#8221;#000000&#8243; text_text_shadow_blur_strength_tablet=&#8221;&#8221; text_text_shadow_blur_strength_phone=&#8221;&#8221; text_text_shadow_blur_strength_last_edited=&#8221;on|desktop&#8221; header_text_shadow_style=&#8221;preset3&#8243; header_text_shadow_horizontal_length=&#8221;0.21em&#8221; header_text_shadow_vertical_length=&#8221;0.25em&#8221; header_text_shadow_blur_strength=&#8221;0.73em&#8221; header_text_shadow_color=&#8221;#FFFFFF&#8221;]<\/p>\n<h1 style=\"text-align: center\">Nurmij\u00e4rven Rotaryklubin historiaa<\/h1>\n<p>[\/et_pb_text][\/et_pb_column][\/et_pb_row][\/et_pb_section][et_pb_section fb_built=&#8221;1&#8243; _builder_version=&#8221;4.9.3&#8243; _module_preset=&#8221;default&#8221;][et_pb_row _builder_version=&#8221;4.9.3&#8243; _module_preset=&#8221;default&#8221;][et_pb_column type=&#8221;4_4&#8243; _builder_version=&#8221;4.9.3&#8243; _module_preset=&#8221;default&#8221;][et_pb_text admin_label=&#8221;Teksti&#8221; _builder_version=&#8221;4.9.10&#8243; _module_preset=&#8221;default&#8221;]<\/p>\n<h6 style=\"text-align: center\">Nurmij\u00e4rven Rotaryklubi on perustettu 6.4.1971.<\/h6>\n<h6 style=\"text-align: center\"><img loading=\"lazy\" decoding=\"async\" class=\"wp-image-2064 aligncenter \" src=\"https:\/\/rotary.fi\/nurmijarvi\/wp-content\/uploads\/sites\/120\/2021\/04\/perustajjasenet-1024x794.jpg\" alt=\"\" width=\"741\" height=\"575\" \/><\/h6>\n<h6 style=\"text-align: center\">\u00a0<\/h6>\n<h5 style=\"text-align: center\">Puoli vuosisataa rotarya<\/h5>\n<h6 style=\"text-align: center\">Klubin vaiheista\u00a0 on kirjoitettu nelj\u00e4 eri historiikkia. Lataa ja lue:<\/h6>\n<p style=\"text-align: center\"><span style=\"color: #993300\">(Pdf-tiedosto aukeaa uuteen ikkunaan.)<\/span><\/p>\n<p>[\/et_pb_text][\/et_pb_column][\/et_pb_row][et_pb_row column_structure=&#8221;1_4,1_4,1_4,1_4&#8243; _builder_version=&#8221;4.9.10&#8243; _module_preset=&#8221;default&#8221; collapsed=&#8221;off&#8221;][et_pb_column type=&#8221;1_4&#8243; _builder_version=&#8221;4.9.3&#8243; _module_preset=&#8221;default&#8221;][et_pb_text _builder_version=&#8221;4.9.3&#8243; _module_preset=&#8221;default&#8221; link_option_url=&#8221;https:\/\/drive.google.com\/file\/d\/13tYf1f1CuJ3GTMj5rSBqWLn9qZ_J_bT1\/view?usp=sharing&#8221; link_option_url_new_window=&#8221;on&#8221;]<\/p>\n<h6 style=\"text-align: center\">Historiikki 1971 -1996<\/h6>\n<h6 style=\"text-align: center\"><img loading=\"lazy\" decoding=\"async\" class=\"aligncenter wp-image-2212\" src=\"https:\/\/rotary.fi\/nurmijarvi\/wp-content\/uploads\/sites\/120\/2021\/04\/historiikki-71-96-kansi-1-733x1024.jpg\" alt=\"\" width=\"358\" height=\"500\" \/><\/h6>\n<p style=\"text-align: center\">[\/et_pb_text][\/et_pb_column][et_pb_column type=&#8221;1_4&#8243; _builder_version=&#8221;4.9.3&#8243; _module_preset=&#8221;default&#8221;][et_pb_text admin_label=&#8221;Teksti&#8221; _builder_version=&#8221;4.9.4&#8243; _module_preset=&#8221;default&#8221; link_option_url=&#8221;https:\/\/drive.google.com\/file\/d\/1qnBcDdItTzG1z9Z5vuLMqCixALOlYqvi\/view?usp=sharing&#8221; link_option_url_new_window=&#8221;on&#8221;]<\/p>\n<h6 style=\"text-align: center\">Historiikki 1996 &#8211; 2001<\/h6>\n<h6 style=\"text-align: center\"><img loading=\"lazy\" decoding=\"async\" class=\"aligncenter wp-image-2199\" src=\"https:\/\/rotary.fi\/nurmijarvi\/wp-content\/uploads\/sites\/120\/2021\/04\/historiikki-96-01kansi-1-775x1024.jpg\" alt=\"\" width=\"378\" height=\"500\" \/><\/h6>\n<p>[\/et_pb_text][\/et_pb_column][et_pb_column type=&#8221;1_4&#8243; _builder_version=&#8221;4.9.3&#8243; _module_preset=&#8221;default&#8221;][et_pb_text _builder_version=&#8221;4.9.10&#8243; _module_preset=&#8221;default&#8221; link_option_url=&#8221;https:\/\/drive.google.com\/file\/d\/1f6mMwnH5dvbYjl9lsJYne52Ysq4UXBiG\/view?usp=sharing&#8221; link_option_url_new_window=&#8221;on&#8221;]<\/p>\n<h6 style=\"text-align: center\">Historiikki 2001 &#8211; 2006<\/h6>\n<p><img loading=\"lazy\" decoding=\"async\" class=\"aligncenter wp-image-2138\" src=\"https:\/\/rotary.fi\/nurmijarvi\/wp-content\/uploads\/sites\/120\/2021\/04\/historiikki-01-06-kansi-770x1024.jpg\" alt=\"\" width=\"376\" height=\"500\" \/><\/p>\n<p>[\/et_pb_text][\/et_pb_column][et_pb_column type=&#8221;1_4&#8243; _builder_version=&#8221;4.9.3&#8243; _module_preset=&#8221;default&#8221;][et_pb_text _builder_version=&#8221;4.9.10&#8243; _module_preset=&#8221;default&#8221; link_option_url=&#8221;https:\/\/drive.google.com\/file\/d\/1qZhG4KRti2xoDWj2vaCnIx31eMDn7AMx\/view?usp=sharing&#8221; link_option_url_new_window=&#8221;on&#8221; hover_enabled=&#8221;0&#8243; sticky_enabled=&#8221;0&#8243;]<\/p>\n<h6 style=\"text-align: center\">Historiikki 2006 &#8211; 2021<\/h6>\n<p><img loading=\"lazy\" decoding=\"async\" class=\"wp-image-2352 aligncenter \" src=\"https:\/\/rotary.fi\/nurmijarvi\/wp-content\/uploads\/sites\/120\/2021\/08\/historiikki2006-2021-kansi-722x1024.jpg\" alt=\"\" width=\"247\" height=\"350\" \/><\/p>\n<p>[\/et_pb_text][\/et_pb_column][\/et_pb_row][\/et_pb_section]<\/p>\n","protected":false},"excerpt":{"rendered":"<p>Nurmij\u00e4rven Rotaryklubin historiaaNurmij\u00e4rven Rotaryklubi on perustettu 6.4.1971. \u00a0 Puoli vuosisataa rotarya Klubin vaiheista\u00a0 on kirjoitettu nelj\u00e4 eri historiikkia. Lataa ja lue: (Pdf-tiedosto aukeaa uuteen ikkunaan.)Historiikki 1971 -1996 Historiikki 1996 &#8211; 2001 Historiikki 2001 &#8211; 2006 Historiikki 2006 &#8211; 2021<\/p>\n","protected":false},"author":166,"featured_media":0,"parent":0,"menu_order":0,"comment_status":"closed","ping_status":"closed","template":"","meta":{"_acf_changed":false,"_et_pb_use_builder":"on","_et_pb_old_content":"<img class=\"size-large wp-image-2061\" src=\"https:\/\/rotary.fi\/nurmijarvi\/wp-content\/uploads\/sites\/120\/2021\/04\/nurmijarvenkirkko2-1-1024x576.jpg\" alt=\"\" width=\"1024\" height=\"576\" \/>\r\n<h3 style=\"text-align: center\">Nurmij\u00e4rven Rotaryklubi on perustettu 6.4.1971.<\/h3>\r\n<h3 style=\"text-align: center\"><img class=\"aligncenter wp-image-2064\" src=\"https:\/\/rotary.fi\/nurmijarvi\/wp-content\/uploads\/sites\/120\/2021\/04\/perustajjasenet-1024x794.jpg\" alt=\"\" width=\"724\" height=\"561\" \/><\/h3>","_et_gb_content_width":"","footnotes":""},"class_list":["post-2059","page","type-page","status-publish","hentry"],"acf":[],"yoast_head":"<!-- This site is optimized with the Yoast SEO plugin v27.0 - https:\/\/yoast.com\/product\/yoast-seo-wordpress\/ -->\n<title>Klubin historiaa - Nurmij\u00e4rven Rotaryklubi<\/title>\n<meta name=\"robots\" content=\"index, follow, max-snippet:-1, max-image-preview:large, max-video-preview:-1\" \/>\n<link rel=\"canonical\" href=\"https:\/\/rotary.fi\/nurmijarvi\/klubin-historiaa\/\" \/>\n<meta property=\"og:locale\" content=\"fi_FI\" \/>\n<meta property=\"og:type\" content=\"article\" \/>\n<meta property=\"og:title\" content=\"Klubin historiaa - Nurmij\u00e4rven Rotaryklubi\" \/>\n<meta property=\"og:description\" content=\"Nurmij\u00e4rven Rotaryklubin historiaaNurmij\u00e4rven Rotaryklubi on perustettu 6.4.1971. \u00a0 Puoli vuosisataa rotarya Klubin vaiheista\u00a0 on kirjoitettu nelj\u00e4 eri historiikkia. Lataa ja lue: (Pdf-tiedosto aukeaa uuteen ikkunaan.)Historiikki 1971 -1996 Historiikki 1996 - 2001 Historiikki 2001 - 2006 Historiikki 2006 - 2021\" \/>\n<meta property=\"og:url\" content=\"https:\/\/rotary.fi\/nurmijarvi\/klubin-historiaa\/\" \/>\n<meta property=\"og:site_name\" content=\"Nurmij\u00e4rven Rotaryklubi\" \/>\n<meta property=\"article:modified_time\" content=\"2021-10-06T14:09:21+00:00\" \/>\n<meta property=\"og:image\" content=\"https:\/\/rotary.fi\/nurmijarvi\/wp-content\/uploads\/sites\/120\/2021\/04\/perustajjasenet-1024x794.jpg\" \/>\n<meta name=\"twitter:card\" content=\"summary_large_image\" \/>\n<script type=\"application\/ld+json\" class=\"yoast-schema-graph\">{\"@context\":\"https:\/\/schema.org\",\"@graph\":[{\"@type\":\"WebPage\",\"@id\":\"https:\/\/rotary.fi\/nurmijarvi\/klubin-historiaa\/\",\"url\":\"https:\/\/rotary.fi\/nurmijarvi\/klubin-historiaa\/\",\"name\":\"Klubin historiaa - Nurmij\u00e4rven Rotaryklubi\",\"isPartOf\":{\"@id\":\"https:\/\/rotary.fi\/nurmijarvi\/#website\"},\"primaryImageOfPage\":{\"@id\":\"https:\/\/rotary.fi\/nurmijarvi\/klubin-historiaa\/#primaryimage\"},\"image\":{\"@id\":\"https:\/\/rotary.fi\/nurmijarvi\/klubin-historiaa\/#primaryimage\"},\"thumbnailUrl\":\"https:\/\/rotary.fi\/nurmijarvi\/wp-content\/uploads\/sites\/120\/2021\/04\/perustajjasenet-1024x794.jpg\",\"datePublished\":\"2021-04-06T09:14:25+00:00\",\"dateModified\":\"2021-10-06T14:09:21+00:00\",\"breadcrumb\":{\"@id\":\"https:\/\/rotary.fi\/nurmijarvi\/klubin-historiaa\/#breadcrumb\"},\"inLanguage\":\"fi\",\"potentialAction\":[{\"@type\":\"ReadAction\",\"target\":[\"https:\/\/rotary.fi\/nurmijarvi\/klubin-historiaa\/\"]}]},{\"@type\":\"ImageObject\",\"inLanguage\":\"fi\",\"@id\":\"https:\/\/rotary.fi\/nurmijarvi\/klubin-historiaa\/#primaryimage\",\"url\":\"https:\/\/rotary.fi\/nurmijarvi\/wp-content\/uploads\/sites\/120\/2021\/04\/perustajjasenet.jpg\",\"contentUrl\":\"https:\/\/rotary.fi\/nurmijarvi\/wp-content\/uploads\/sites\/120\/2021\/04\/perustajjasenet.jpg\",\"width\":1065,\"height\":826},{\"@type\":\"BreadcrumbList\",\"@id\":\"https:\/\/rotary.fi\/nurmijarvi\/klubin-historiaa\/#breadcrumb\",\"itemListElement\":[{\"@type\":\"ListItem\",\"position\":1,\"name\":\"Home\",\"item\":\"https:\/\/rotary.fi\/nurmijarvi\/\"},{\"@type\":\"ListItem\",\"position\":2,\"name\":\"Klubin historiaa\"}]},{\"@type\":\"WebSite\",\"@id\":\"https:\/\/rotary.fi\/nurmijarvi\/#website\",\"url\":\"https:\/\/rotary.fi\/nurmijarvi\/\",\"name\":\"Nurmij\u00e4rven Rotaryklubi\",\"description\":\"Uusi Rotary klubisivusto\",\"potentialAction\":[{\"@type\":\"SearchAction\",\"target\":{\"@type\":\"EntryPoint\",\"urlTemplate\":\"https:\/\/rotary.fi\/nurmijarvi\/?s={search_term_string}\"},\"query-input\":{\"@type\":\"PropertyValueSpecification\",\"valueRequired\":true,\"valueName\":\"search_term_string\"}}],\"inLanguage\":\"fi\"}]}<\/script>\n<!-- \/ Yoast SEO plugin. -->","yoast_head_json":{"title":"Klubin historiaa - Nurmij\u00e4rven Rotaryklubi","robots":{"index":"index","follow":"follow","max-snippet":"max-snippet:-1","max-image-preview":"max-image-preview:large","max-video-preview":"max-video-preview:-1"},"canonical":"https:\/\/rotary.fi\/nurmijarvi\/klubin-historiaa\/","og_locale":"fi_FI","og_type":"article","og_title":"Klubin historiaa - Nurmij\u00e4rven Rotaryklubi","og_description":"Nurmij\u00e4rven Rotaryklubin historiaaNurmij\u00e4rven Rotaryklubi on perustettu 6.4.1971. \u00a0 Puoli vuosisataa rotarya Klubin vaiheista\u00a0 on kirjoitettu nelj\u00e4 eri historiikkia. Lataa ja lue: (Pdf-tiedosto aukeaa uuteen ikkunaan.)Historiikki 1971 -1996 Historiikki 1996 - 2001 Historiikki 2001 - 2006 Historiikki 2006 - 2021","og_url":"https:\/\/rotary.fi\/nurmijarvi\/klubin-historiaa\/","og_site_name":"Nurmij\u00e4rven Rotaryklubi","article_modified_time":"2021-10-06T14:09:21+00:00","og_image":[{"url":"https:\/\/rotary.fi\/nurmijarvi\/wp-content\/uploads\/sites\/120\/2021\/04\/perustajjasenet-1024x794.jpg","type":"","width":"","height":""}],"twitter_card":"summary_large_image","schema":{"@context":"https:\/\/schema.org","@graph":[{"@type":"WebPage","@id":"https:\/\/rotary.fi\/nurmijarvi\/klubin-historiaa\/","url":"https:\/\/rotary.fi\/nurmijarvi\/klubin-historiaa\/","name":"Klubin historiaa - Nurmij\u00e4rven Rotaryklubi","isPartOf":{"@id":"https:\/\/rotary.fi\/nurmijarvi\/#website"},"primaryImageOfPage":{"@id":"https:\/\/rotary.fi\/nurmijarvi\/klubin-historiaa\/#primaryimage"},"image":{"@id":"https:\/\/rotary.fi\/nurmijarvi\/klubin-historiaa\/#primaryimage"},"thumbnailUrl":"https:\/\/rotary.fi\/nurmijarvi\/wp-content\/uploads\/sites\/120\/2021\/04\/perustajjasenet-1024x794.jpg","datePublished":"2021-04-06T09:14:25+00:00","dateModified":"2021-10-06T14:09:21+00:00","breadcrumb":{"@id":"https:\/\/rotary.fi\/nurmijarvi\/klubin-historiaa\/#breadcrumb"},"inLanguage":"fi","potentialAction":[{"@type":"ReadAction","target":["https:\/\/rotary.fi\/nurmijarvi\/klubin-historiaa\/"]}]},{"@type":"ImageObject","inLanguage":"fi","@id":"https:\/\/rotary.fi\/nurmijarvi\/klubin-historiaa\/#primaryimage","url":"https:\/\/rotary.fi\/nurmijarvi\/wp-content\/uploads\/sites\/120\/2021\/04\/perustajjasenet.jpg","contentUrl":"https:\/\/rotary.fi\/nurmijarvi\/wp-content\/uploads\/sites\/120\/2021\/04\/perustajjasenet.jpg","width":1065,"height":826},{"@type":"BreadcrumbList","@id":"https:\/\/rotary.fi\/nurmijarvi\/klubin-historiaa\/#breadcrumb","itemListElement":[{"@type":"ListItem","position":1,"name":"Home","item":"https:\/\/rotary.fi\/nurmijarvi\/"},{"@type":"ListItem","position":2,"name":"Klubin historiaa"}]},{"@type":"WebSite","@id":"https:\/\/rotary.fi\/nurmijarvi\/#website","url":"https:\/\/rotary.fi\/nurmijarvi\/","name":"Nurmij\u00e4rven Rotaryklubi","description":"Uusi Rotary klubisivusto","potentialAction":[{"@type":"SearchAction","target":{"@type":"EntryPoint","urlTemplate":"https:\/\/rotary.fi\/nurmijarvi\/?s={search_term_string}"},"query-input":{"@type":"PropertyValueSpecification","valueRequired":true,"valueName":"search_term_string"}}],"inLanguage":"fi"}]}},"lang":"fi","translations":{"fi":2059},"pll_sync_post":[],"_links":{"self":[{"href":"https:\/\/rotary.fi\/nurmijarvi\/wp-json\/wp\/v2\/pages\/2059","targetHints":{"allow":["GET"]}}],"collection":[{"href":"https:\/\/rotary.fi\/nurmijarvi\/wp-json\/wp\/v2\/pages"}],"about":[{"href":"https:\/\/rotary.fi\/nurmijarvi\/wp-json\/wp\/v2\/types\/page"}],"author":[{"embeddable":true,"href":"https:\/\/rotary.fi\/nurmijarvi\/wp-json\/wp\/v2\/users\/166"}],"replies":[{"embeddable":true,"href":"https:\/\/rotary.fi\/nurmijarvi\/wp-json\/wp\/v2\/comments?post=2059"}],"version-history":[{"count":73,"href":"https:\/\/rotary.fi\/nurmijarvi\/wp-json\/wp\/v2\/pages\/2059\/revisions"}],"predecessor-version":[{"id":2390,"href":"https:\/\/rotary.fi\/nurmijarvi\/wp-json\/wp\/v2\/pages\/2059\/revisions\/2390"}],"wp:attachment":[{"href":"https:\/\/rotary.fi\/nurmijarvi\/wp-json\/wp\/v2\/media?parent=2059"}],"curies":[{"name":"wp","href":"https:\/\/api.w.org\/{rel}","templated":true}]}}