{"id":1940,"date":"2019-08-11T16:18:43","date_gmt":"2019-08-11T13:18:43","guid":{"rendered":"https:\/\/rotary.fi\/nurmijarvi\/?page_id=1940"},"modified":"2019-08-13T14:15:36","modified_gmt":"2019-08-13T11:15:36","slug":"toimintaamme-tukevat-yritykset","status":"publish","type":"page","link":"https:\/\/rotary.fi\/nurmijarvi\/toimintaamme-tukevat-yritykset\/","title":{"rendered":"Toimintaamme tukevat yritykset"},"content":{"rendered":"<p>[et_pb_section bb_built=&#8221;1&#8243; admin_label=&#8221;section&#8221; _builder_version=&#8221;3.22.3&#8243;][et_pb_row admin_label=&#8221;row&#8221; _builder_version=&#8221;3.25&#8243; background_size=&#8221;initial&#8221; background_position=&#8221;top_left&#8221; background_repeat=&#8221;repeat&#8221;][et_pb_column type=&#8221;4_4&#8243; _builder_version=&#8221;3.25&#8243; custom_padding=&#8221;|||&#8221; custom_padding__hover=&#8221;|||&#8221;][et_pb_text admin_label=&#8221;Text&#8221; _builder_version=&#8221;3.25.3&#8243; background_size=&#8221;initial&#8221; background_position=&#8221;top_left&#8221; background_repeat=&#8221;repeat&#8221; text_text_shadow_horizontal_length=&#8221;text_text_shadow_style,%91object Object%93&#8243; text_text_shadow_horizontal_length_tablet=&#8221;0px&#8221; text_text_shadow_vertical_length=&#8221;text_text_shadow_style,%91object Object%93&#8243; text_text_shadow_vertical_length_tablet=&#8221;0px&#8221; text_text_shadow_blur_strength=&#8221;text_text_shadow_style,%91object Object%93&#8243; text_text_shadow_blur_strength_tablet=&#8221;1px&#8221; link_text_shadow_horizontal_length=&#8221;link_text_shadow_style,%91object Object%93&#8243; link_text_shadow_horizontal_length_tablet=&#8221;0px&#8221; link_text_shadow_vertical_length=&#8221;link_text_shadow_style,%91object Object%93&#8243; link_text_shadow_vertical_length_tablet=&#8221;0px&#8221; link_text_shadow_blur_strength=&#8221;link_text_shadow_style,%91object Object%93&#8243; link_text_shadow_blur_strength_tablet=&#8221;1px&#8221; ul_text_shadow_horizontal_length=&#8221;ul_text_shadow_style,%91object Object%93&#8243; ul_text_shadow_horizontal_length_tablet=&#8221;0px&#8221; ul_text_shadow_vertical_length=&#8221;ul_text_shadow_style,%91object Object%93&#8243; ul_text_shadow_vertical_length_tablet=&#8221;0px&#8221; ul_text_shadow_blur_strength=&#8221;ul_text_shadow_style,%91object Object%93&#8243; ul_text_shadow_blur_strength_tablet=&#8221;1px&#8221; ol_text_shadow_horizontal_length=&#8221;ol_text_shadow_style,%91object Object%93&#8243; ol_text_shadow_horizontal_length_tablet=&#8221;0px&#8221; ol_text_shadow_vertical_length=&#8221;ol_text_shadow_style,%91object Object%93&#8243; ol_text_shadow_vertical_length_tablet=&#8221;0px&#8221; ol_text_shadow_blur_strength=&#8221;ol_text_shadow_style,%91object Object%93&#8243; ol_text_shadow_blur_strength_tablet=&#8221;1px&#8221; quote_text_shadow_horizontal_length=&#8221;quote_text_shadow_style,%91object Object%93&#8243; quote_text_shadow_horizontal_length_tablet=&#8221;0px&#8221; quote_text_shadow_vertical_length=&#8221;quote_text_shadow_style,%91object Object%93&#8243; quote_text_shadow_vertical_length_tablet=&#8221;0px&#8221; quote_text_shadow_blur_strength=&#8221;quote_text_shadow_style,%91object Object%93&#8243; quote_text_shadow_blur_strength_tablet=&#8221;1px&#8221; header_text_shadow_horizontal_length=&#8221;header_text_shadow_style,%91object Object%93&#8243; header_text_shadow_horizontal_length_tablet=&#8221;0px&#8221; header_text_shadow_vertical_length=&#8221;header_text_shadow_style,%91object Object%93&#8243; header_text_shadow_vertical_length_tablet=&#8221;0px&#8221; header_text_shadow_blur_strength=&#8221;header_text_shadow_style,%91object Object%93&#8243; header_text_shadow_blur_strength_tablet=&#8221;1px&#8221; header_2_text_shadow_horizontal_length=&#8221;header_2_text_shadow_style,%91object Object%93&#8243; header_2_text_shadow_horizontal_length_tablet=&#8221;0px&#8221; header_2_text_shadow_vertical_length=&#8221;header_2_text_shadow_style,%91object Object%93&#8243; header_2_text_shadow_vertical_length_tablet=&#8221;0px&#8221; header_2_text_shadow_blur_strength=&#8221;header_2_text_shadow_style,%91object Object%93&#8243; header_2_text_shadow_blur_strength_tablet=&#8221;1px&#8221; header_3_text_shadow_horizontal_length=&#8221;header_3_text_shadow_style,%91object Object%93&#8243; header_3_text_shadow_horizontal_length_tablet=&#8221;0px&#8221; header_3_text_shadow_vertical_length=&#8221;header_3_text_shadow_style,%91object Object%93&#8243; header_3_text_shadow_vertical_length_tablet=&#8221;0px&#8221; header_3_text_shadow_blur_strength=&#8221;header_3_text_shadow_style,%91object Object%93&#8243; header_3_text_shadow_blur_strength_tablet=&#8221;1px&#8221; header_4_text_shadow_horizontal_length=&#8221;header_4_text_shadow_style,%91object Object%93&#8243; header_4_text_shadow_horizontal_length_tablet=&#8221;0px&#8221; header_4_text_shadow_vertical_length=&#8221;header_4_text_shadow_style,%91object Object%93&#8243; header_4_text_shadow_vertical_length_tablet=&#8221;0px&#8221; header_4_text_shadow_blur_strength=&#8221;header_4_text_shadow_style,%91object Object%93&#8243; header_4_text_shadow_blur_strength_tablet=&#8221;1px&#8221; header_5_text_shadow_horizontal_length=&#8221;header_5_text_shadow_style,%91object Object%93&#8243; header_5_text_shadow_horizontal_length_tablet=&#8221;0px&#8221; header_5_text_shadow_vertical_length=&#8221;header_5_text_shadow_style,%91object Object%93&#8243; header_5_text_shadow_vertical_length_tablet=&#8221;0px&#8221; header_5_text_shadow_blur_strength=&#8221;header_5_text_shadow_style,%91object Object%93&#8243; header_5_text_shadow_blur_strength_tablet=&#8221;1px&#8221; header_6_text_shadow_horizontal_length=&#8221;header_6_text_shadow_style,%91object Object%93&#8243; header_6_text_shadow_horizontal_length_tablet=&#8221;0px&#8221; header_6_text_shadow_vertical_length=&#8221;header_6_text_shadow_style,%91object Object%93&#8243; header_6_text_shadow_vertical_length_tablet=&#8221;0px&#8221; header_6_text_shadow_blur_strength=&#8221;header_6_text_shadow_style,%91object Object%93&#8243; header_6_text_shadow_blur_strength_tablet=&#8221;1px&#8221; box_shadow_horizontal_tablet=&#8221;0px&#8221; box_shadow_vertical_tablet=&#8221;0px&#8221; box_shadow_blur_tablet=&#8221;40px&#8221; box_shadow_spread_tablet=&#8221;0px&#8221; z_index_tablet=&#8221;500&#8243;]<\/p>\n<p style=\"text-align: center\">Nurmij\u00e4rven rotaryklubin hankkeita ovat tukeneet monet yritykset.<br \/><strong>T\u00e4ss\u00e4 kiitos t\u00e4m\u00e4n hetken yhteisty\u00f6kumppaneille:<\/strong><\/p>\n<p style=\"text-align: center\"><strong><a href=\"http:\/\/www.fitnessclubnurmijarvi.fi\/\" target=\"_blank\" rel=\"noopener noreferrer\"><img loading=\"lazy\" decoding=\"async\" class=\"aligncenter  wp-image-1971\" src=\"https:\/\/rotary.fi\/nurmijarvi\/wp-content\/uploads\/sites\/120\/2019\/08\/fitness-club-nurmijarvi_logoharmaa-1024x326.png\" alt=\"\" width=\"428\" height=\"136\" \/><\/a><\/strong><a style=\"text-align: center\" href=\"https:\/\/www.fitnessclubnurmijarvi.fi\/\" target=\"_blank\" rel=\"noopener noreferrer\"><strong>Laadukasta ja monipuolista <br \/>kuntosaliharjoittelua ja ryhm\u00e4liikuntaa\u00a0<\/strong><\/a><br \/><strong style=\"color: #333333;text-align: center\"><a href=\"https:\/\/www.fitnessclubnurmijarvi.fi\/\" target=\"_blank\" rel=\"noopener noreferrer\">koululaisesta senioriin.\u00a0<\/a><br \/><\/strong><strong style=\"color: #333333;text-align: center\"><a href=\"https:\/\/www.fitnessclubnurmijarvi.fi\/\" target=\"_blank\" rel=\"noopener noreferrer\">Lue lis\u00e4\u00e4&#8230;<\/a><\/strong><!--more--><\/p>\n<p>[\/et_pb_text][\/et_pb_column][\/et_pb_row][\/et_pb_section]<\/p>\n","protected":false},"excerpt":{"rendered":"<p>Nurmij\u00e4rven rotaryklubin hankkeita ovat tukeneet monet yritykset.T\u00e4ss\u00e4 kiitos t\u00e4m\u00e4n hetken yhteisty\u00f6kumppaneille:Laadukasta ja monipuolista kuntosaliharjoittelua ja ryhm\u00e4liikuntaa\u00a0koululaisesta senioriin.\u00a0Lue lis\u00e4\u00e4&#8230;<\/p>\n","protected":false},"author":166,"featured_media":0,"parent":0,"menu_order":0,"comment_status":"closed","ping_status":"closed","template":"","meta":{"_acf_changed":false,"_et_pb_use_builder":"on","_et_pb_old_content":"<p style=\"text-align: center\">Nurmij\u00e4rven rotaryklubun hankkeita ovat tukenee monet yritykset.\r\n<strong>T\u00e4ss\u00e4 kiitos t\u00e4m\u00e4n hetken yhteisty\u00f6kumppaneille.<\/strong><img class=\"aligncenter size-full wp-image-1935\" src=\"https:\/\/rotary.fi\/nurmijarvi\/wp-content\/uploads\/sites\/120\/2019\/08\/fitnessclub.jpg\" alt=\"\" width=\"433\" height=\"210\" \/><a style=\"text-align: center\" href=\"https:\/\/www.fitnessclubnurmijarvi.fi\/\" target=\"_blank\" rel=\"noopener noreferrer\"><strong>Laadukasta kuntosaliharjoittelua ja ryhm\u00e4liikuntaa\u00a0<\/strong><\/a>\r\n<strong style=\"color: #333333;text-align: center\"><a href=\"https:\/\/www.fitnessclubnurmijarvi.fi\/\" target=\"_blank\" rel=\"noopener noreferrer\">koululaisesta senioriin.\u00a0<\/a>\r\n<\/strong><strong style=\"color: #333333;text-align: center\"><a href=\"https:\/\/www.fitnessclubnurmijarvi.fi\/\" target=\"_blank\" rel=\"noopener noreferrer\">Lue lis\u00e4\u00e4...<\/a><\/strong><!--more--><\/p>","_et_gb_content_width":"","footnotes":""},"class_list":["post-1940","page","type-page","status-publish","hentry"],"acf":[],"yoast_head":"<!-- This site is optimized with the Yoast SEO plugin v27.0 - https:\/\/yoast.com\/product\/yoast-seo-wordpress\/ -->\n<title>Toimintaamme tukevat yritykset - Nurmij\u00e4rven Rotaryklubi<\/title>\n<meta name=\"robots\" content=\"index, follow, max-snippet:-1, max-image-preview:large, max-video-preview:-1\" \/>\n<link rel=\"canonical\" href=\"https:\/\/rotary.fi\/nurmijarvi\/toimintaamme-tukevat-yritykset\/\" \/>\n<meta property=\"og:locale\" content=\"fi_FI\" \/>\n<meta property=\"og:type\" content=\"article\" \/>\n<meta property=\"og:title\" content=\"Toimintaamme tukevat yritykset - Nurmij\u00e4rven Rotaryklubi\" \/>\n<meta property=\"og:description\" content=\"Nurmij\u00e4rven rotaryklubin hankkeita ovat tukeneet monet yritykset.T\u00e4ss\u00e4 kiitos t\u00e4m\u00e4n hetken yhteisty\u00f6kumppaneille:Laadukasta ja monipuolista kuntosaliharjoittelua ja ryhm\u00e4liikuntaa\u00a0koululaisesta senioriin.\u00a0Lue lis\u00e4\u00e4...\" \/>\n<meta property=\"og:url\" content=\"https:\/\/rotary.fi\/nurmijarvi\/toimintaamme-tukevat-yritykset\/\" \/>\n<meta property=\"og:site_name\" content=\"Nurmij\u00e4rven Rotaryklubi\" \/>\n<meta property=\"article:modified_time\" content=\"2019-08-13T11:15:36+00:00\" \/>\n<meta property=\"og:image\" content=\"https:\/\/rotary.fi\/nurmijarvi\/wp-content\/uploads\/sites\/120\/2019\/08\/fitness-club-nurmijarvi_logoharmaa-1024x326.png\" \/>\n<meta name=\"twitter:card\" content=\"summary_large_image\" \/>\n<meta name=\"twitter:label1\" content=\"Arvioitu lukuaika\" \/>\n\t<meta name=\"twitter:data1\" content=\"4 minuuttia\" \/>\n<script type=\"application\/ld+json\" class=\"yoast-schema-graph\">{\"@context\":\"https:\/\/schema.org\",\"@graph\":[{\"@type\":\"WebPage\",\"@id\":\"https:\/\/rotary.fi\/nurmijarvi\/toimintaamme-tukevat-yritykset\/\",\"url\":\"https:\/\/rotary.fi\/nurmijarvi\/toimintaamme-tukevat-yritykset\/\",\"name\":\"Toimintaamme tukevat yritykset - Nurmij\u00e4rven Rotaryklubi\",\"isPartOf\":{\"@id\":\"https:\/\/rotary.fi\/nurmijarvi\/#website\"},\"primaryImageOfPage\":{\"@id\":\"https:\/\/rotary.fi\/nurmijarvi\/toimintaamme-tukevat-yritykset\/#primaryimage\"},\"image\":{\"@id\":\"https:\/\/rotary.fi\/nurmijarvi\/toimintaamme-tukevat-yritykset\/#primaryimage\"},\"thumbnailUrl\":\"https:\/\/rotary.fi\/nurmijarvi\/wp-content\/uploads\/sites\/120\/2019\/08\/fitness-club-nurmijarvi_logoharmaa-1024x326.png\",\"datePublished\":\"2019-08-11T13:18:43+00:00\",\"dateModified\":\"2019-08-13T11:15:36+00:00\",\"breadcrumb\":{\"@id\":\"https:\/\/rotary.fi\/nurmijarvi\/toimintaamme-tukevat-yritykset\/#breadcrumb\"},\"inLanguage\":\"fi\",\"potentialAction\":[{\"@type\":\"ReadAction\",\"target\":[\"https:\/\/rotary.fi\/nurmijarvi\/toimintaamme-tukevat-yritykset\/\"]}]},{\"@type\":\"ImageObject\",\"inLanguage\":\"fi\",\"@id\":\"https:\/\/rotary.fi\/nurmijarvi\/toimintaamme-tukevat-yritykset\/#primaryimage\",\"url\":\"https:\/\/rotary.fi\/nurmijarvi\/wp-content\/uploads\/sites\/120\/2019\/08\/fitness-club-nurmijarvi_logoharmaa-1024x326.png\",\"contentUrl\":\"https:\/\/rotary.fi\/nurmijarvi\/wp-content\/uploads\/sites\/120\/2019\/08\/fitness-club-nurmijarvi_logoharmaa-1024x326.png\"},{\"@type\":\"BreadcrumbList\",\"@id\":\"https:\/\/rotary.fi\/nurmijarvi\/toimintaamme-tukevat-yritykset\/#breadcrumb\",\"itemListElement\":[{\"@type\":\"ListItem\",\"position\":1,\"name\":\"Home\",\"item\":\"https:\/\/rotary.fi\/nurmijarvi\/\"},{\"@type\":\"ListItem\",\"position\":2,\"name\":\"Toimintaamme tukevat yritykset\"}]},{\"@type\":\"WebSite\",\"@id\":\"https:\/\/rotary.fi\/nurmijarvi\/#website\",\"url\":\"https:\/\/rotary.fi\/nurmijarvi\/\",\"name\":\"Nurmij\u00e4rven Rotaryklubi\",\"description\":\"Uusi Rotary klubisivusto\",\"potentialAction\":[{\"@type\":\"SearchAction\",\"target\":{\"@type\":\"EntryPoint\",\"urlTemplate\":\"https:\/\/rotary.fi\/nurmijarvi\/?s={search_term_string}\"},\"query-input\":{\"@type\":\"PropertyValueSpecification\",\"valueRequired\":true,\"valueName\":\"search_term_string\"}}],\"inLanguage\":\"fi\"}]}<\/script>\n<!-- \/ Yoast SEO plugin. -->","yoast_head_json":{"title":"Toimintaamme tukevat yritykset - Nurmij\u00e4rven Rotaryklubi","robots":{"index":"index","follow":"follow","max-snippet":"max-snippet:-1","max-image-preview":"max-image-preview:large","max-video-preview":"max-video-preview:-1"},"canonical":"https:\/\/rotary.fi\/nurmijarvi\/toimintaamme-tukevat-yritykset\/","og_locale":"fi_FI","og_type":"article","og_title":"Toimintaamme tukevat yritykset - Nurmij\u00e4rven Rotaryklubi","og_description":"Nurmij\u00e4rven rotaryklubin hankkeita ovat tukeneet monet yritykset.T\u00e4ss\u00e4 kiitos t\u00e4m\u00e4n hetken yhteisty\u00f6kumppaneille:Laadukasta ja monipuolista kuntosaliharjoittelua ja ryhm\u00e4liikuntaa\u00a0koululaisesta senioriin.\u00a0Lue lis\u00e4\u00e4...","og_url":"https:\/\/rotary.fi\/nurmijarvi\/toimintaamme-tukevat-yritykset\/","og_site_name":"Nurmij\u00e4rven Rotaryklubi","article_modified_time":"2019-08-13T11:15:36+00:00","og_image":[{"url":"https:\/\/rotary.fi\/nurmijarvi\/wp-content\/uploads\/sites\/120\/2019\/08\/fitness-club-nurmijarvi_logoharmaa-1024x326.png","type":"","width":"","height":""}],"twitter_card":"summary_large_image","twitter_misc":{"Arvioitu lukuaika":"4 minuuttia"},"schema":{"@context":"https:\/\/schema.org","@graph":[{"@type":"WebPage","@id":"https:\/\/rotary.fi\/nurmijarvi\/toimintaamme-tukevat-yritykset\/","url":"https:\/\/rotary.fi\/nurmijarvi\/toimintaamme-tukevat-yritykset\/","name":"Toimintaamme tukevat yritykset - Nurmij\u00e4rven Rotaryklubi","isPartOf":{"@id":"https:\/\/rotary.fi\/nurmijarvi\/#website"},"primaryImageOfPage":{"@id":"https:\/\/rotary.fi\/nurmijarvi\/toimintaamme-tukevat-yritykset\/#primaryimage"},"image":{"@id":"https:\/\/rotary.fi\/nurmijarvi\/toimintaamme-tukevat-yritykset\/#primaryimage"},"thumbnailUrl":"https:\/\/rotary.fi\/nurmijarvi\/wp-content\/uploads\/sites\/120\/2019\/08\/fitness-club-nurmijarvi_logoharmaa-1024x326.png","datePublished":"2019-08-11T13:18:43+00:00","dateModified":"2019-08-13T11:15:36+00:00","breadcrumb":{"@id":"https:\/\/rotary.fi\/nurmijarvi\/toimintaamme-tukevat-yritykset\/#breadcrumb"},"inLanguage":"fi","potentialAction":[{"@type":"ReadAction","target":["https:\/\/rotary.fi\/nurmijarvi\/toimintaamme-tukevat-yritykset\/"]}]},{"@type":"ImageObject","inLanguage":"fi","@id":"https:\/\/rotary.fi\/nurmijarvi\/toimintaamme-tukevat-yritykset\/#primaryimage","url":"https:\/\/rotary.fi\/nurmijarvi\/wp-content\/uploads\/sites\/120\/2019\/08\/fitness-club-nurmijarvi_logoharmaa-1024x326.png","contentUrl":"https:\/\/rotary.fi\/nurmijarvi\/wp-content\/uploads\/sites\/120\/2019\/08\/fitness-club-nurmijarvi_logoharmaa-1024x326.png"},{"@type":"BreadcrumbList","@id":"https:\/\/rotary.fi\/nurmijarvi\/toimintaamme-tukevat-yritykset\/#breadcrumb","itemListElement":[{"@type":"ListItem","position":1,"name":"Home","item":"https:\/\/rotary.fi\/nurmijarvi\/"},{"@type":"ListItem","position":2,"name":"Toimintaamme tukevat yritykset"}]},{"@type":"WebSite","@id":"https:\/\/rotary.fi\/nurmijarvi\/#website","url":"https:\/\/rotary.fi\/nurmijarvi\/","name":"Nurmij\u00e4rven Rotaryklubi","description":"Uusi Rotary klubisivusto","potentialAction":[{"@type":"SearchAction","target":{"@type":"EntryPoint","urlTemplate":"https:\/\/rotary.fi\/nurmijarvi\/?s={search_term_string}"},"query-input":{"@type":"PropertyValueSpecification","valueRequired":true,"valueName":"search_term_string"}}],"inLanguage":"fi"}]}},"lang":"fi","translations":{"fi":1940},"pll_sync_post":[],"_links":{"self":[{"href":"https:\/\/rotary.fi\/nurmijarvi\/wp-json\/wp\/v2\/pages\/1940","targetHints":{"allow":["GET"]}}],"collection":[{"href":"https:\/\/rotary.fi\/nurmijarvi\/wp-json\/wp\/v2\/pages"}],"about":[{"href":"https:\/\/rotary.fi\/nurmijarvi\/wp-json\/wp\/v2\/types\/page"}],"author":[{"embeddable":true,"href":"https:\/\/rotary.fi\/nurmijarvi\/wp-json\/wp\/v2\/users\/166"}],"replies":[{"embeddable":true,"href":"https:\/\/rotary.fi\/nurmijarvi\/wp-json\/wp\/v2\/comments?post=1940"}],"version-history":[{"count":15,"href":"https:\/\/rotary.fi\/nurmijarvi\/wp-json\/wp\/v2\/pages\/1940\/revisions"}],"predecessor-version":[{"id":1974,"href":"https:\/\/rotary.fi\/nurmijarvi\/wp-json\/wp\/v2\/pages\/1940\/revisions\/1974"}],"wp:attachment":[{"href":"https:\/\/rotary.fi\/nurmijarvi\/wp-json\/wp\/v2\/media?parent=1940"}],"curies":[{"name":"wp","href":"https:\/\/api.w.org\/{rel}","templated":true}]}}