{"id":15,"date":"2018-08-08T14:36:36","date_gmt":"2018-08-08T11:36:36","guid":{"rendered":"https:\/\/rotary.fi\/klubi2\/?page_id=15"},"modified":"2026-01-19T14:53:01","modified_gmt":"2026-01-19T12:53:01","slug":"etusivu","status":"publish","type":"page","link":"https:\/\/rotary.fi\/nurmijarvi\/","title":{"rendered":"Nurmij\u00e4rven Rotaryklubi ry."},"content":{"rendered":"<h6><img loading=\"lazy\" decoding=\"async\" class=\"wp-image-2713 alignleft\" src=\"https:\/\/rotary.fi\/nurmijarvi\/wp-content\/uploads\/sites\/120\/2026\/01\/vaakuna-948x1024.jpg\" alt=\"\" width=\"170\" height=\"183\" \/><\/h6>\n<h6>Nurmij\u00e4rven Rotaryklubi on vuonna 1971 perustettu Nurmij\u00e4rven ensimm\u00e4inen rotaryklubi.<\/h6>\n<h6>Kokoonnumme joka toinen keskiviikko tapaamaan toisiamme, kuulemaan kiinnostavia esitelmi\u00e4 ja edist\u00e4m\u00e4\u00e4n hyv\u00e4\u00e4 omalla paikkakunnallamme.<\/h6>\n<h6>Tuemme kansainv\u00e4lisen Rotaryn humanitaarisia projekteja, osallistumme kansainv\u00e4liseen nuorisovaihtoon ja edist\u00e4mme nurmij\u00e4rvel\u00e4ist\u00e4 hyvinvointia.<\/h6>\n<p>&nbsp;<\/p>\n<h6><strong>Ajankohtaista<\/strong><\/h6>\n<h4><img loading=\"lazy\" decoding=\"async\" class=\"wp-image-2703 alignleft\" src=\"https:\/\/rotary.fi\/nurmijarvi\/wp-content\/uploads\/sites\/120\/2026\/01\/teekutsut-717x1024.jpg\" alt=\"\" width=\"346\" height=\"494\" \/><img loading=\"lazy\" decoding=\"async\" class=\"wp-image-2732 alignnone\" src=\"https:\/\/rotary.fi\/nurmijarvi\/wp-content\/uploads\/sites\/120\/2026\/01\/web-myyntiesite-1.jpg\" alt=\"\" width=\"355\" height=\"504\" \/><\/h4>\n","protected":false},"excerpt":{"rendered":"<p>Nurmij\u00e4rven Rotaryklubi on vuonna 1971 perustettu Nurmij\u00e4rven ensimm\u00e4inen rotaryklubi. Kokoonnumme joka toinen keskiviikko tapaamaan toisiamme, kuulemaan kiinnostavia esitelmi\u00e4 ja edist\u00e4m\u00e4\u00e4n hyv\u00e4\u00e4 omalla paikkakunnallamme. Tuemme kansainv\u00e4lisen Rotaryn humanitaarisia projekteja, osallistumme kansainv\u00e4liseen nuorisovaihtoon ja edist\u00e4mme nurmij\u00e4rvel\u00e4ist\u00e4 hyvinvointia. &nbsp; Ajankohtaista<\/p>\n","protected":false},"author":1,"featured_media":0,"parent":0,"menu_order":0,"comment_status":"closed","ping_status":"closed","template":"","meta":{"_acf_changed":false,"_et_pb_use_builder":"off","_et_pb_old_content":"","_et_gb_content_width":"","footnotes":""},"class_list":["post-15","page","type-page","status-publish","hentry"],"acf":[],"yoast_head":"<!-- This site is optimized with the Yoast SEO plugin v27.4 - https:\/\/yoast.com\/product\/yoast-seo-wordpress\/ -->\n<title>Nurmij\u00e4rven Rotaryklubi ry. - Nurmij\u00e4rven Rotaryklubi<\/title>\n<meta name=\"robots\" content=\"index, follow, max-snippet:-1, max-image-preview:large, max-video-preview:-1\" \/>\n<link rel=\"canonical\" href=\"https:\/\/rotary.fi\/nurmijarvi\/\" \/>\n<meta property=\"og:locale\" content=\"fi_FI\" \/>\n<meta property=\"og:type\" content=\"article\" \/>\n<meta property=\"og:title\" content=\"Nurmij\u00e4rven Rotaryklubi ry. - Nurmij\u00e4rven Rotaryklubi\" \/>\n<meta property=\"og:description\" content=\"Nurmij\u00e4rven Rotaryklubi on vuonna 1971 perustettu Nurmij\u00e4rven ensimm\u00e4inen rotaryklubi. Kokoonnumme joka toinen keskiviikko tapaamaan toisiamme, kuulemaan kiinnostavia esitelmi\u00e4 ja edist\u00e4m\u00e4\u00e4n hyv\u00e4\u00e4 omalla paikkakunnallamme. Tuemme kansainv\u00e4lisen Rotaryn humanitaarisia projekteja, osallistumme kansainv\u00e4liseen nuorisovaihtoon ja edist\u00e4mme nurmij\u00e4rvel\u00e4ist\u00e4 hyvinvointia. &nbsp; Ajankohtaista\" \/>\n<meta property=\"og:url\" content=\"https:\/\/rotary.fi\/nurmijarvi\/\" \/>\n<meta property=\"og:site_name\" content=\"Nurmij\u00e4rven Rotaryklubi\" \/>\n<meta property=\"article:modified_time\" content=\"2026-01-19T12:53:01+00:00\" \/>\n<meta property=\"og:image\" content=\"https:\/\/rotary.fi\/nurmijarvi\/wp-content\/uploads\/sites\/120\/2026\/01\/vaakuna.jpg\" \/>\n\t<meta property=\"og:image:width\" content=\"1643\" \/>\n\t<meta property=\"og:image:height\" content=\"1774\" \/>\n\t<meta property=\"og:image:type\" content=\"image\/jpeg\" \/>\n<meta name=\"twitter:card\" content=\"summary_large_image\" \/>\n<meta name=\"twitter:label1\" content=\"Arvioitu lukuaika\" \/>\n\t<meta name=\"twitter:data1\" content=\"1 minuutti\" \/>\n<script type=\"application\/ld+json\" class=\"yoast-schema-graph\">{\"@context\":\"https:\\\/\\\/schema.org\",\"@graph\":[{\"@type\":\"WebPage\",\"@id\":\"https:\\\/\\\/rotary.fi\\\/nurmijarvi\\\/\",\"url\":\"https:\\\/\\\/rotary.fi\\\/nurmijarvi\\\/\",\"name\":\"Nurmij\u00e4rven Rotaryklubi ry. - Nurmij\u00e4rven Rotaryklubi\",\"isPartOf\":{\"@id\":\"https:\\\/\\\/rotary.fi\\\/nurmijarvi\\\/#website\"},\"primaryImageOfPage\":{\"@id\":\"https:\\\/\\\/rotary.fi\\\/nurmijarvi\\\/#primaryimage\"},\"image\":{\"@id\":\"https:\\\/\\\/rotary.fi\\\/nurmijarvi\\\/#primaryimage\"},\"thumbnailUrl\":\"https:\\\/\\\/rotary.fi\\\/nurmijarvi\\\/wp-content\\\/uploads\\\/sites\\\/120\\\/2026\\\/01\\\/vaakuna-948x1024.jpg\",\"datePublished\":\"2018-08-08T11:36:36+00:00\",\"dateModified\":\"2026-01-19T12:53:01+00:00\",\"breadcrumb\":{\"@id\":\"https:\\\/\\\/rotary.fi\\\/nurmijarvi\\\/#breadcrumb\"},\"inLanguage\":\"fi\",\"potentialAction\":[{\"@type\":\"ReadAction\",\"target\":[\"https:\\\/\\\/rotary.fi\\\/nurmijarvi\\\/\"]}]},{\"@type\":\"ImageObject\",\"inLanguage\":\"fi\",\"@id\":\"https:\\\/\\\/rotary.fi\\\/nurmijarvi\\\/#primaryimage\",\"url\":\"https:\\\/\\\/rotary.fi\\\/nurmijarvi\\\/wp-content\\\/uploads\\\/sites\\\/120\\\/2026\\\/01\\\/vaakuna.jpg\",\"contentUrl\":\"https:\\\/\\\/rotary.fi\\\/nurmijarvi\\\/wp-content\\\/uploads\\\/sites\\\/120\\\/2026\\\/01\\\/vaakuna.jpg\",\"width\":1643,\"height\":1774},{\"@type\":\"BreadcrumbList\",\"@id\":\"https:\\\/\\\/rotary.fi\\\/nurmijarvi\\\/#breadcrumb\",\"itemListElement\":[{\"@type\":\"ListItem\",\"position\":1,\"name\":\"Home\",\"item\":\"https:\\\/\\\/rotary.fi\\\/nurmijarvi\\\/\"},{\"@type\":\"ListItem\",\"position\":2,\"name\":\"Nurmij\u00e4rven Rotaryklubi ry.\"}]},{\"@type\":\"WebSite\",\"@id\":\"https:\\\/\\\/rotary.fi\\\/nurmijarvi\\\/#website\",\"url\":\"https:\\\/\\\/rotary.fi\\\/nurmijarvi\\\/\",\"name\":\"Nurmij\u00e4rven Rotaryklubi\",\"description\":\"Uusi Rotary klubisivusto\",\"potentialAction\":[{\"@type\":\"SearchAction\",\"target\":{\"@type\":\"EntryPoint\",\"urlTemplate\":\"https:\\\/\\\/rotary.fi\\\/nurmijarvi\\\/?s={search_term_string}\"},\"query-input\":{\"@type\":\"PropertyValueSpecification\",\"valueRequired\":true,\"valueName\":\"search_term_string\"}}],\"inLanguage\":\"fi\"}]}<\/script>\n<!-- \/ Yoast SEO plugin. -->","yoast_head_json":{"title":"Nurmij\u00e4rven Rotaryklubi ry. - Nurmij\u00e4rven Rotaryklubi","robots":{"index":"index","follow":"follow","max-snippet":"max-snippet:-1","max-image-preview":"max-image-preview:large","max-video-preview":"max-video-preview:-1"},"canonical":"https:\/\/rotary.fi\/nurmijarvi\/","og_locale":"fi_FI","og_type":"article","og_title":"Nurmij\u00e4rven Rotaryklubi ry. - Nurmij\u00e4rven Rotaryklubi","og_description":"Nurmij\u00e4rven Rotaryklubi on vuonna 1971 perustettu Nurmij\u00e4rven ensimm\u00e4inen rotaryklubi. Kokoonnumme joka toinen keskiviikko tapaamaan toisiamme, kuulemaan kiinnostavia esitelmi\u00e4 ja edist\u00e4m\u00e4\u00e4n hyv\u00e4\u00e4 omalla paikkakunnallamme. Tuemme kansainv\u00e4lisen Rotaryn humanitaarisia projekteja, osallistumme kansainv\u00e4liseen nuorisovaihtoon ja edist\u00e4mme nurmij\u00e4rvel\u00e4ist\u00e4 hyvinvointia. &nbsp; Ajankohtaista","og_url":"https:\/\/rotary.fi\/nurmijarvi\/","og_site_name":"Nurmij\u00e4rven Rotaryklubi","article_modified_time":"2026-01-19T12:53:01+00:00","og_image":[{"width":1643,"height":1774,"url":"https:\/\/rotary.fi\/nurmijarvi\/wp-content\/uploads\/sites\/120\/2026\/01\/vaakuna.jpg","type":"image\/jpeg"}],"twitter_card":"summary_large_image","twitter_misc":{"Arvioitu lukuaika":"1 minuutti"},"schema":{"@context":"https:\/\/schema.org","@graph":[{"@type":"WebPage","@id":"https:\/\/rotary.fi\/nurmijarvi\/","url":"https:\/\/rotary.fi\/nurmijarvi\/","name":"Nurmij\u00e4rven Rotaryklubi ry. - Nurmij\u00e4rven Rotaryklubi","isPartOf":{"@id":"https:\/\/rotary.fi\/nurmijarvi\/#website"},"primaryImageOfPage":{"@id":"https:\/\/rotary.fi\/nurmijarvi\/#primaryimage"},"image":{"@id":"https:\/\/rotary.fi\/nurmijarvi\/#primaryimage"},"thumbnailUrl":"https:\/\/rotary.fi\/nurmijarvi\/wp-content\/uploads\/sites\/120\/2026\/01\/vaakuna-948x1024.jpg","datePublished":"2018-08-08T11:36:36+00:00","dateModified":"2026-01-19T12:53:01+00:00","breadcrumb":{"@id":"https:\/\/rotary.fi\/nurmijarvi\/#breadcrumb"},"inLanguage":"fi","potentialAction":[{"@type":"ReadAction","target":["https:\/\/rotary.fi\/nurmijarvi\/"]}]},{"@type":"ImageObject","inLanguage":"fi","@id":"https:\/\/rotary.fi\/nurmijarvi\/#primaryimage","url":"https:\/\/rotary.fi\/nurmijarvi\/wp-content\/uploads\/sites\/120\/2026\/01\/vaakuna.jpg","contentUrl":"https:\/\/rotary.fi\/nurmijarvi\/wp-content\/uploads\/sites\/120\/2026\/01\/vaakuna.jpg","width":1643,"height":1774},{"@type":"BreadcrumbList","@id":"https:\/\/rotary.fi\/nurmijarvi\/#breadcrumb","itemListElement":[{"@type":"ListItem","position":1,"name":"Home","item":"https:\/\/rotary.fi\/nurmijarvi\/"},{"@type":"ListItem","position":2,"name":"Nurmij\u00e4rven Rotaryklubi ry."}]},{"@type":"WebSite","@id":"https:\/\/rotary.fi\/nurmijarvi\/#website","url":"https:\/\/rotary.fi\/nurmijarvi\/","name":"Nurmij\u00e4rven Rotaryklubi","description":"Uusi Rotary klubisivusto","potentialAction":[{"@type":"SearchAction","target":{"@type":"EntryPoint","urlTemplate":"https:\/\/rotary.fi\/nurmijarvi\/?s={search_term_string}"},"query-input":{"@type":"PropertyValueSpecification","valueRequired":true,"valueName":"search_term_string"}}],"inLanguage":"fi"}]}},"lang":"fi","translations":{"fi":15},"pll_sync_post":[],"_links":{"self":[{"href":"https:\/\/rotary.fi\/nurmijarvi\/wp-json\/wp\/v2\/pages\/15","targetHints":{"allow":["GET"]}}],"collection":[{"href":"https:\/\/rotary.fi\/nurmijarvi\/wp-json\/wp\/v2\/pages"}],"about":[{"href":"https:\/\/rotary.fi\/nurmijarvi\/wp-json\/wp\/v2\/types\/page"}],"author":[{"embeddable":true,"href":"https:\/\/rotary.fi\/nurmijarvi\/wp-json\/wp\/v2\/users\/1"}],"replies":[{"embeddable":true,"href":"https:\/\/rotary.fi\/nurmijarvi\/wp-json\/wp\/v2\/comments?post=15"}],"version-history":[{"count":11,"href":"https:\/\/rotary.fi\/nurmijarvi\/wp-json\/wp\/v2\/pages\/15\/revisions"}],"predecessor-version":[{"id":2735,"href":"https:\/\/rotary.fi\/nurmijarvi\/wp-json\/wp\/v2\/pages\/15\/revisions\/2735"}],"wp:attachment":[{"href":"https:\/\/rotary.fi\/nurmijarvi\/wp-json\/wp\/v2\/media?parent=15"}],"curies":[{"name":"wp","href":"https:\/\/api.w.org\/{rel}","templated":true}]}}