{"id":132,"date":"2021-08-11T10:59:56","date_gmt":"2021-08-11T07:59:56","guid":{"rendered":"https:\/\/rotary.fi\/klubi2\/?page_id=132"},"modified":"2025-08-27T18:18:21","modified_gmt":"2025-08-27T15:18:21","slug":"hallitus-ja-toimihenkilot","status":"publish","type":"page","link":"https:\/\/rotary.fi\/nurmijarvi\/keita-olemme\/hallitus-ja-toimihenkilot\/","title":{"rendered":"Hallitus ja toimihenkil\u00f6t"},"content":{"rendered":"<p>[et_pb_section fb_built=&#8221;1&#8243; _builder_version=&#8221;4.22.1&#8243; _module_preset=&#8221;default&#8221; background_image=&#8221;https:\/\/rotary.fi\/nurmijarvi\/wp-content\/uploads\/sites\/120\/2019\/04\/vaakuna2.jpg&#8221; global_colors_info=&#8221;{}&#8221;][et_pb_row _builder_version=&#8221;4.22.1&#8243; _module_preset=&#8221;default&#8221; global_colors_info=&#8221;{}&#8221;][et_pb_column type=&#8221;4_4&#8243; _builder_version=&#8221;4.22.1&#8243; _module_preset=&#8221;default&#8221; global_colors_info=&#8221;{}&#8221;][et_pb_heading title=&#8221;Hallitus ja toimihenkil\u00f6t&#8221; _builder_version=&#8221;4.27.0&#8243; _module_preset=&#8221;default&#8221; title_text_color=&#8221;#F8F9FA&#8221; background_enable_image=&#8221;off&#8221; title_text_shadow_style=&#8221;preset3&#8243; title_text_shadow_blur_strength=&#8221;0.77em&#8221; text_shadow_style=&#8221;preset3&#8243; text_shadow_horizontal_length=&#8221;-0.03em&#8221; text_shadow_blur_strength=&#8221;0.79em&#8221; text_shadow_color=&#8221;#F8F9FA&#8221; global_colors_info=&#8221;{}&#8221;][\/et_pb_heading][\/et_pb_column][\/et_pb_row][\/et_pb_section][et_pb_section fb_built=&#8221;1&#8243; _builder_version=&#8221;4.22.1&#8243; background_enable_image=&#8221;off&#8221; global_colors_info=&#8221;{}&#8221;][et_pb_row column_structure=&#8221;1_2,1_2&#8243; _builder_version=&#8221;4.27.0&#8243; background_size=&#8221;initial&#8221; background_position=&#8221;top_left&#8221; background_repeat=&#8221;repeat&#8221; global_colors_info=&#8221;{}&#8221;][et_pb_column type=&#8221;1_2&#8243; _builder_version=&#8221;4.16&#8243; custom_padding=&#8221;|||&#8221; global_colors_info=&#8221;{}&#8221; custom_padding__hover=&#8221;|||&#8221;][et_pb_text _builder_version=&#8221;4.27.4&#8243; background_size=&#8221;initial&#8221; background_position=&#8221;top_left&#8221; background_repeat=&#8221;repeat&#8221; global_colors_info=&#8221;{}&#8221;]<\/p>\n<h4 style=\"text-align: left\">Klubipresidentti<\/h4>\n<p><img loading=\"lazy\" decoding=\"async\" class=\"wp-image-2670  alignleft\" src=\"https:\/\/rotary.fi\/nurmijarvi\/wp-content\/uploads\/sites\/120\/2025\/08\/jari-valkama-576x1024.jpg\" alt=\"\" width=\"281\" height=\"499\" \/><\/p>\n<h4 style=\"text-align: left\">\u00a0<\/h4>\n<p>&nbsp;<\/p>\n<p>&nbsp;<\/p>\n<p>&nbsp;<\/p>\n<p>&nbsp;<\/p>\n<p>&nbsp;<\/p>\n<p>&nbsp;<\/p>\n<p>&nbsp;<\/p>\n<p>&nbsp;<\/p>\n<p>&nbsp;<\/p>\n<p>Jari Valkama<br \/>040 869 7736<br \/>java65(at)live.fi<\/p>\n<p>&nbsp;<\/p>\n<p>[\/et_pb_text][\/et_pb_column][et_pb_column type=&#8221;1_2&#8243; _builder_version=&#8221;4.22.1&#8243; _module_preset=&#8221;default&#8221; global_colors_info=&#8221;{}&#8221;][et_pb_text _builder_version=&#8221;4.27.4&#8243; _module_preset=&#8221;default&#8221; hover_enabled=&#8221;0&#8243; global_colors_info=&#8221;{}&#8221; sticky_enabled=&#8221;0&#8243;]<\/p>\n<h4>Hallitus<\/h4>\n<table style=\"border-collapse: collapse;width: 84.7979%;height: 240px\" border=\"1\">\n<tbody>\n<tr style=\"height: 24px\">\n<td style=\"width: 42.2456%;height: 24px\"><strong>Presidentti 2025-26<\/strong><\/td>\n<td style=\"width: 95.1078%;height: 24px\">Jari Valkama<\/td>\n<\/tr>\n<tr style=\"height: 24px\">\n<td style=\"width: 42.2456%;height: 24px\"><strong>Tuleva presidentti\u00a0<\/strong><\/td>\n<td style=\"width: 95.1078%;height: 24px\">\u00a0<\/td>\n<\/tr>\n<tr style=\"height: 24px\">\n<td style=\"width: 42.2456%;height: 24px\"><strong>Past presidentti<\/strong><\/td>\n<td style=\"width: 95.1078%;height: 24px\">Jaakko Julkunen<\/td>\n<\/tr>\n<tr style=\"height: 24px\">\n<td style=\"width: 42.2456%;height: 24px\"><strong>Sihteeri<\/strong><\/td>\n<td style=\"width: 95.1078%;height: 24px\">Ville Alanen<\/td>\n<\/tr>\n<tr style=\"height: 24px\">\n<td style=\"width: 42.2456%;height: 24px\"><strong>K<\/strong><strong>lubimestari<\/strong><\/td>\n<td style=\"width: 95.1078%;height: 24px\">Sirpa Granholm<\/td>\n<\/tr>\n<tr style=\"height: 24px\">\n<td style=\"width: 42.2456%;height: 24px\">\u00a0<\/td>\n<td style=\"width: 95.1078%;height: 24px\">\u00a0<\/td>\n<\/tr>\n<tr style=\"height: 24px\">\n<td style=\"width: 42.2456%;height: 24px\"><strong>Rahastonhoitaja\u00a0 \u00a0 \u00a0 \u00a0 \u00a0<\/strong><\/td>\n<td style=\"width: 95.1078%;height: 24px\">Arto Salminen<\/td>\n<\/tr>\n<tr style=\"height: 24px\">\n<td style=\"width: 42.2456%;height: 24px\"><strong>IT-vastaava<\/strong><\/td>\n<td style=\"width: 95.1078%;height: 24px\">Reijo Orava<\/td>\n<\/tr>\n<tr style=\"height: 24px\">\n<td style=\"width: 42.2456%;height: 24px\"><strong>Rotarys\u00e4\u00e4ti\u00f6asiamies<\/strong><\/td>\n<td style=\"width: 95.1078%;height: 24px\">Klaus Siven<\/td>\n<\/tr>\n<tr style=\"height: 24px\">\n<td style=\"width: 42.2456%;height: 24px\"><strong>Nuorisovaihtoasiamies<\/strong><\/td>\n<td style=\"width: 95.1078%;height: 24px\">Virpi Korhonen<\/td>\n<\/tr>\n<tr style=\"height: 24px\">\n<td style=\"width: 42.2456%;height: 24px\"><strong>Nuorisovaihtokummi<\/strong><\/td>\n<td style=\"width: 95.1078%;height: 24px\">Eeva-Riitta Tuominen<\/td>\n<\/tr>\n<\/tbody>\n<\/table>\n<p>Toimihenkil\u00f6iden<a href=\"https:\/\/rotary.fi\/nurmijarvi\/yhteystiedot\/\"> yhteystiedot<\/a><\/p>\n<p>[\/et_pb_text][\/et_pb_column][\/et_pb_row][\/et_pb_section]<\/p>\n","protected":false},"excerpt":{"rendered":"<p>Klubipresidentti \u00a0 &nbsp; &nbsp; &nbsp; &nbsp; &nbsp; &nbsp; &nbsp; &nbsp; &nbsp; Jari Valkama040 869 7736java65(at)live.fi &nbsp;Hallitus Presidentti 2025-26 Jari Valkama Tuleva presidentti\u00a0 \u00a0 Past presidentti Jaakko Julkunen Sihteeri Ville Alanen Klubimestari Sirpa Granholm \u00a0 \u00a0 Rahastonhoitaja\u00a0 \u00a0 \u00a0 \u00a0 \u00a0 Arto Salminen IT-vastaava Reijo Orava Rotarys\u00e4\u00e4ti\u00f6asiamies Klaus Siven Nuorisovaihtoasiamies Virpi Korhonen Nuorisovaihtokummi Eeva-Riitta Tuominen Toimihenkil\u00f6iden [&hellip;]<\/p>\n","protected":false},"author":166,"featured_media":0,"parent":129,"menu_order":0,"comment_status":"closed","ping_status":"closed","template":"","meta":{"_acf_changed":false,"_et_pb_use_builder":"on","_et_pb_old_content":"<p style=\"padding-left: 40px;\"><strong>Presidentti 2023-24<\/strong>\u00a0 \u00a0 \u00a0 \u00a0 \u00a0 \u00a0Risto Kontturi<br \/><strong>Tuleva presidentti\u00a0 \u00a0 \u00a0 \u00a0 \u00a0 \u00a0 \u00a0<\/strong>Jaakko Julkunen<br \/><strong>Past presidentti<\/strong>\u00a0 \u00a0 \u00a0 \u00a0 \u00a0 \u00a0 \u00a0 \u00a0 \u00a0Eero K. Niemi<br \/><strong>1. sihteeri<\/strong>\u00a0 \u00a0 \u00a0 \u00a0 \u00a0 \u00a0 \u00a0 \u00a0 \u00a0 \u00a0 \u00a0 \u00a0 \u00a0 \u00a0 Klaus Siven<br \/><strong>2. sihteeri\u00a0 \u00a0 \u00a0 \u00a0 \u00a0 \u00a0 \u00a0 \u00a0 \u00a0 \u00a0 \u00a0 \u00a0 \u00a0 \u00a0 <\/strong>Olli Vallinkoski<br \/><strong>K<\/strong><strong>lubimestari<\/strong>\u00a0 \u00a0 \u00a0 \u00a0 \u00a0 \u00a0 \u00a0 \u00a0 \u00a0 \u00a0 \u00a0 Sirpa Granholm<br \/><strong>Rahastonhoitaja\u00a0 \u00a0 \u00a0 \u00a0 \u00a0 \u00a0 \u00a0 \u00a0<\/strong>Arto Salminen<br \/><strong>IT-vastaava<\/strong>\u00a0 \u00a0 \u00a0 \u00a0 \u00a0 \u00a0 \u00a0 \u00a0 \u00a0 \u00a0 \u00a0 \u00a0 \u00a0Reijo Orava<br \/><strong>S\u00e4\u00e4ti\u00f6asiamies<\/strong>\u00a0 \u00a0 \u00a0 \u00a0 \u00a0 \u00a0 \u00a0 \u00a0 \u00a0 Klaus Siven<br \/><strong>Nuorisovaihtoasiamies<\/strong>\u00a0 \u00a0Virpi Korhonen<\/p><p style=\"padding-left: 40px;\">Toimihenkil\u00f6iden<a href=\"https:\/\/rotary.fi\/nurmijarvi\/yhteystiedot\/\"> yhteystiedot<\/a><\/p>","_et_gb_content_width":"","footnotes":""},"class_list":["post-132","page","type-page","status-publish","hentry"],"acf":[],"yoast_head":"<!-- This site is optimized with the Yoast SEO plugin v27.4 - https:\/\/yoast.com\/product\/yoast-seo-wordpress\/ -->\n<title>Hallitus ja toimihenkil\u00f6t - Nurmij\u00e4rven Rotaryklubi<\/title>\n<meta name=\"robots\" content=\"index, follow, max-snippet:-1, max-image-preview:large, max-video-preview:-1\" \/>\n<link rel=\"canonical\" href=\"https:\/\/rotary.fi\/nurmijarvi\/keita-olemme\/hallitus-ja-toimihenkilot\/\" \/>\n<meta property=\"og:locale\" content=\"fi_FI\" \/>\n<meta property=\"og:type\" content=\"article\" \/>\n<meta property=\"og:title\" content=\"Hallitus ja toimihenkil\u00f6t - Nurmij\u00e4rven Rotaryklubi\" \/>\n<meta property=\"og:description\" content=\"Klubipresidentti \u00a0 &nbsp; &nbsp; &nbsp; &nbsp; &nbsp; &nbsp; &nbsp; &nbsp; &nbsp; Jari Valkama040 869 7736java65(at)live.fi &nbsp;Hallitus Presidentti 2025-26 Jari Valkama Tuleva presidentti\u00a0 \u00a0 Past presidentti Jaakko Julkunen Sihteeri Ville Alanen Klubimestari Sirpa Granholm \u00a0 \u00a0 Rahastonhoitaja\u00a0 \u00a0 \u00a0 \u00a0 \u00a0 Arto Salminen IT-vastaava Reijo Orava Rotarys\u00e4\u00e4ti\u00f6asiamies Klaus Siven Nuorisovaihtoasiamies Virpi Korhonen Nuorisovaihtokummi Eeva-Riitta Tuominen Toimihenkil\u00f6iden [&hellip;]\" \/>\n<meta property=\"og:url\" content=\"https:\/\/rotary.fi\/nurmijarvi\/keita-olemme\/hallitus-ja-toimihenkilot\/\" \/>\n<meta property=\"og:site_name\" content=\"Nurmij\u00e4rven Rotaryklubi\" \/>\n<meta property=\"article:modified_time\" content=\"2025-08-27T15:18:21+00:00\" \/>\n<meta property=\"og:image\" content=\"https:\/\/rotary.fi\/nurmijarvi\/wp-content\/uploads\/sites\/120\/2025\/08\/jari-valkama.jpg\" \/>\n\t<meta property=\"og:image:width\" content=\"1152\" \/>\n\t<meta property=\"og:image:height\" content=\"2048\" \/>\n\t<meta property=\"og:image:type\" content=\"image\/jpeg\" \/>\n<meta name=\"twitter:card\" content=\"summary_large_image\" \/>\n<meta name=\"twitter:label1\" content=\"Arvioitu lukuaika\" \/>\n\t<meta name=\"twitter:data1\" content=\"1 minuutti\" \/>\n<script type=\"application\/ld+json\" class=\"yoast-schema-graph\">{\"@context\":\"https:\\\/\\\/schema.org\",\"@graph\":[{\"@type\":\"WebPage\",\"@id\":\"https:\\\/\\\/rotary.fi\\\/nurmijarvi\\\/keita-olemme\\\/hallitus-ja-toimihenkilot\\\/\",\"url\":\"https:\\\/\\\/rotary.fi\\\/nurmijarvi\\\/keita-olemme\\\/hallitus-ja-toimihenkilot\\\/\",\"name\":\"Hallitus ja toimihenkil\u00f6t - Nurmij\u00e4rven Rotaryklubi\",\"isPartOf\":{\"@id\":\"https:\\\/\\\/rotary.fi\\\/nurmijarvi\\\/#website\"},\"primaryImageOfPage\":{\"@id\":\"https:\\\/\\\/rotary.fi\\\/nurmijarvi\\\/keita-olemme\\\/hallitus-ja-toimihenkilot\\\/#primaryimage\"},\"image\":{\"@id\":\"https:\\\/\\\/rotary.fi\\\/nurmijarvi\\\/keita-olemme\\\/hallitus-ja-toimihenkilot\\\/#primaryimage\"},\"thumbnailUrl\":\"https:\\\/\\\/rotary.fi\\\/nurmijarvi\\\/wp-content\\\/uploads\\\/sites\\\/120\\\/2025\\\/08\\\/jari-valkama-576x1024.jpg\",\"datePublished\":\"2021-08-11T07:59:56+00:00\",\"dateModified\":\"2025-08-27T15:18:21+00:00\",\"breadcrumb\":{\"@id\":\"https:\\\/\\\/rotary.fi\\\/nurmijarvi\\\/keita-olemme\\\/hallitus-ja-toimihenkilot\\\/#breadcrumb\"},\"inLanguage\":\"fi\",\"potentialAction\":[{\"@type\":\"ReadAction\",\"target\":[\"https:\\\/\\\/rotary.fi\\\/nurmijarvi\\\/keita-olemme\\\/hallitus-ja-toimihenkilot\\\/\"]}]},{\"@type\":\"ImageObject\",\"inLanguage\":\"fi\",\"@id\":\"https:\\\/\\\/rotary.fi\\\/nurmijarvi\\\/keita-olemme\\\/hallitus-ja-toimihenkilot\\\/#primaryimage\",\"url\":\"https:\\\/\\\/rotary.fi\\\/nurmijarvi\\\/wp-content\\\/uploads\\\/sites\\\/120\\\/2025\\\/08\\\/jari-valkama.jpg\",\"contentUrl\":\"https:\\\/\\\/rotary.fi\\\/nurmijarvi\\\/wp-content\\\/uploads\\\/sites\\\/120\\\/2025\\\/08\\\/jari-valkama.jpg\",\"width\":1152,\"height\":2048},{\"@type\":\"BreadcrumbList\",\"@id\":\"https:\\\/\\\/rotary.fi\\\/nurmijarvi\\\/keita-olemme\\\/hallitus-ja-toimihenkilot\\\/#breadcrumb\",\"itemListElement\":[{\"@type\":\"ListItem\",\"position\":1,\"name\":\"Home\",\"item\":\"https:\\\/\\\/rotary.fi\\\/nurmijarvi\\\/\"},{\"@type\":\"ListItem\",\"position\":2,\"name\":\"Keit\u00e4 olemme\",\"item\":\"https:\\\/\\\/rotary.fi\\\/nurmijarvi\\\/keita-olemme\\\/\"},{\"@type\":\"ListItem\",\"position\":3,\"name\":\"Hallitus ja toimihenkil\u00f6t\"}]},{\"@type\":\"WebSite\",\"@id\":\"https:\\\/\\\/rotary.fi\\\/nurmijarvi\\\/#website\",\"url\":\"https:\\\/\\\/rotary.fi\\\/nurmijarvi\\\/\",\"name\":\"Nurmij\u00e4rven Rotaryklubi\",\"description\":\"Uusi Rotary klubisivusto\",\"potentialAction\":[{\"@type\":\"SearchAction\",\"target\":{\"@type\":\"EntryPoint\",\"urlTemplate\":\"https:\\\/\\\/rotary.fi\\\/nurmijarvi\\\/?s={search_term_string}\"},\"query-input\":{\"@type\":\"PropertyValueSpecification\",\"valueRequired\":true,\"valueName\":\"search_term_string\"}}],\"inLanguage\":\"fi\"}]}<\/script>\n<!-- \/ Yoast SEO plugin. -->","yoast_head_json":{"title":"Hallitus ja toimihenkil\u00f6t - Nurmij\u00e4rven Rotaryklubi","robots":{"index":"index","follow":"follow","max-snippet":"max-snippet:-1","max-image-preview":"max-image-preview:large","max-video-preview":"max-video-preview:-1"},"canonical":"https:\/\/rotary.fi\/nurmijarvi\/keita-olemme\/hallitus-ja-toimihenkilot\/","og_locale":"fi_FI","og_type":"article","og_title":"Hallitus ja toimihenkil\u00f6t - Nurmij\u00e4rven Rotaryklubi","og_description":"Klubipresidentti \u00a0 &nbsp; &nbsp; &nbsp; &nbsp; &nbsp; &nbsp; &nbsp; &nbsp; &nbsp; Jari Valkama040 869 7736java65(at)live.fi &nbsp;Hallitus Presidentti 2025-26 Jari Valkama Tuleva presidentti\u00a0 \u00a0 Past presidentti Jaakko Julkunen Sihteeri Ville Alanen Klubimestari Sirpa Granholm \u00a0 \u00a0 Rahastonhoitaja\u00a0 \u00a0 \u00a0 \u00a0 \u00a0 Arto Salminen IT-vastaava Reijo Orava Rotarys\u00e4\u00e4ti\u00f6asiamies Klaus Siven Nuorisovaihtoasiamies Virpi Korhonen Nuorisovaihtokummi Eeva-Riitta Tuominen Toimihenkil\u00f6iden [&hellip;]","og_url":"https:\/\/rotary.fi\/nurmijarvi\/keita-olemme\/hallitus-ja-toimihenkilot\/","og_site_name":"Nurmij\u00e4rven Rotaryklubi","article_modified_time":"2025-08-27T15:18:21+00:00","og_image":[{"width":1152,"height":2048,"url":"https:\/\/rotary.fi\/nurmijarvi\/wp-content\/uploads\/sites\/120\/2025\/08\/jari-valkama.jpg","type":"image\/jpeg"}],"twitter_card":"summary_large_image","twitter_misc":{"Arvioitu lukuaika":"1 minuutti"},"schema":{"@context":"https:\/\/schema.org","@graph":[{"@type":"WebPage","@id":"https:\/\/rotary.fi\/nurmijarvi\/keita-olemme\/hallitus-ja-toimihenkilot\/","url":"https:\/\/rotary.fi\/nurmijarvi\/keita-olemme\/hallitus-ja-toimihenkilot\/","name":"Hallitus ja toimihenkil\u00f6t - Nurmij\u00e4rven Rotaryklubi","isPartOf":{"@id":"https:\/\/rotary.fi\/nurmijarvi\/#website"},"primaryImageOfPage":{"@id":"https:\/\/rotary.fi\/nurmijarvi\/keita-olemme\/hallitus-ja-toimihenkilot\/#primaryimage"},"image":{"@id":"https:\/\/rotary.fi\/nurmijarvi\/keita-olemme\/hallitus-ja-toimihenkilot\/#primaryimage"},"thumbnailUrl":"https:\/\/rotary.fi\/nurmijarvi\/wp-content\/uploads\/sites\/120\/2025\/08\/jari-valkama-576x1024.jpg","datePublished":"2021-08-11T07:59:56+00:00","dateModified":"2025-08-27T15:18:21+00:00","breadcrumb":{"@id":"https:\/\/rotary.fi\/nurmijarvi\/keita-olemme\/hallitus-ja-toimihenkilot\/#breadcrumb"},"inLanguage":"fi","potentialAction":[{"@type":"ReadAction","target":["https:\/\/rotary.fi\/nurmijarvi\/keita-olemme\/hallitus-ja-toimihenkilot\/"]}]},{"@type":"ImageObject","inLanguage":"fi","@id":"https:\/\/rotary.fi\/nurmijarvi\/keita-olemme\/hallitus-ja-toimihenkilot\/#primaryimage","url":"https:\/\/rotary.fi\/nurmijarvi\/wp-content\/uploads\/sites\/120\/2025\/08\/jari-valkama.jpg","contentUrl":"https:\/\/rotary.fi\/nurmijarvi\/wp-content\/uploads\/sites\/120\/2025\/08\/jari-valkama.jpg","width":1152,"height":2048},{"@type":"BreadcrumbList","@id":"https:\/\/rotary.fi\/nurmijarvi\/keita-olemme\/hallitus-ja-toimihenkilot\/#breadcrumb","itemListElement":[{"@type":"ListItem","position":1,"name":"Home","item":"https:\/\/rotary.fi\/nurmijarvi\/"},{"@type":"ListItem","position":2,"name":"Keit\u00e4 olemme","item":"https:\/\/rotary.fi\/nurmijarvi\/keita-olemme\/"},{"@type":"ListItem","position":3,"name":"Hallitus ja toimihenkil\u00f6t"}]},{"@type":"WebSite","@id":"https:\/\/rotary.fi\/nurmijarvi\/#website","url":"https:\/\/rotary.fi\/nurmijarvi\/","name":"Nurmij\u00e4rven Rotaryklubi","description":"Uusi Rotary klubisivusto","potentialAction":[{"@type":"SearchAction","target":{"@type":"EntryPoint","urlTemplate":"https:\/\/rotary.fi\/nurmijarvi\/?s={search_term_string}"},"query-input":{"@type":"PropertyValueSpecification","valueRequired":true,"valueName":"search_term_string"}}],"inLanguage":"fi"}]}},"lang":"fi","translations":{"fi":132},"pll_sync_post":[],"_links":{"self":[{"href":"https:\/\/rotary.fi\/nurmijarvi\/wp-json\/wp\/v2\/pages\/132","targetHints":{"allow":["GET"]}}],"collection":[{"href":"https:\/\/rotary.fi\/nurmijarvi\/wp-json\/wp\/v2\/pages"}],"about":[{"href":"https:\/\/rotary.fi\/nurmijarvi\/wp-json\/wp\/v2\/types\/page"}],"author":[{"embeddable":true,"href":"https:\/\/rotary.fi\/nurmijarvi\/wp-json\/wp\/v2\/users\/166"}],"replies":[{"embeddable":true,"href":"https:\/\/rotary.fi\/nurmijarvi\/wp-json\/wp\/v2\/comments?post=132"}],"version-history":[{"count":11,"href":"https:\/\/rotary.fi\/nurmijarvi\/wp-json\/wp\/v2\/pages\/132\/revisions"}],"predecessor-version":[{"id":2676,"href":"https:\/\/rotary.fi\/nurmijarvi\/wp-json\/wp\/v2\/pages\/132\/revisions\/2676"}],"up":[{"embeddable":true,"href":"https:\/\/rotary.fi\/nurmijarvi\/wp-json\/wp\/v2\/pages\/129"}],"wp:attachment":[{"href":"https:\/\/rotary.fi\/nurmijarvi\/wp-json\/wp\/v2\/media?parent=132"}],"curies":[{"name":"wp","href":"https:\/\/api.w.org\/{rel}","templated":true}]}}