{"id":273,"date":"2025-09-03T20:32:22","date_gmt":"2025-09-03T17:32:22","guid":{"rendered":"https:\/\/rotary.fi\/nousiaistenrotaryklubi\/?page_id=273"},"modified":"2025-09-03T20:34:56","modified_gmt":"2025-09-03T17:34:56","slug":"olemme-osa-piiria-1410","status":"publish","type":"page","link":"https:\/\/rotary.fi\/nousiaistenrotaryklubi\/olemme-osa-piiria-1410\/","title":{"rendered":"Olemme osa piiri\u00e4 1410"},"content":{"rendered":"<p>[et_pb_section fb_built=&#8221;1&#8243; module_class=&#8221;jumbotron-page&#8221; _builder_version=&#8221;4.16&#8243; background_image=&#8221;https:\/\/rotary.fi\/nousiaistenrotaryklubi\/wp-content\/uploads\/sites\/88\/2018\/08\/rotary_klubit_alasivu_paakuva_4.jpg&#8221; global_colors_info=&#8221;{}&#8221;][et_pb_row _builder_version=&#8221;4.16&#8243; background_size=&#8221;initial&#8221; background_position=&#8221;top_left&#8221; background_repeat=&#8221;repeat&#8221; global_colors_info=&#8221;{}&#8221;][et_pb_column type=&#8221;4_4&#8243; _builder_version=&#8221;4.16&#8243; custom_padding=&#8221;|||&#8221; global_colors_info=&#8221;{}&#8221; custom_padding__hover=&#8221;|||&#8221;][et_pb_text admin_label=&#8221;P\u00e4\u00e4otsikko: Olemme osa piiri\u00e4 1410&#8243; _builder_version=&#8221;4.16&#8243; text_orientation=&#8221;center&#8221; background_layout=&#8221;dark&#8221; global_colors_info=&#8221;{}&#8221;]<\/p>\n<h1>Olemme osa piiri\u00e4 1410<\/h1>\n<p>[\/et_pb_text][\/et_pb_column][\/et_pb_row][\/et_pb_section][et_pb_section fb_built=&#8221;1&#8243; specialty=&#8221;on&#8221; module_class_2=&#8221;sivupalkki&#8221; _builder_version=&#8221;4.16&#8243; global_colors_info=&#8221;{}&#8221;][et_pb_column type=&#8221;2_3&#8243; specialty_columns=&#8221;2&#8243; _builder_version=&#8221;4.16&#8243; custom_padding=&#8221;|||&#8221; global_colors_info=&#8221;{}&#8221; custom_padding__hover=&#8221;|||&#8221;][et_pb_row_inner admin_label=&#8221;Rivi&#8221; _builder_version=&#8221;4.16&#8243; global_colors_info=&#8221;{}&#8221;][et_pb_column_inner saved_specialty_column_type=&#8221;2_3&#8243; _builder_version=&#8221;4.16&#8243; custom_padding=&#8221;|||&#8221; global_colors_info=&#8221;{}&#8221; custom_padding__hover=&#8221;|||&#8221;][et_pb_text admin_label=&#8221;Rotarypiirit &#8211; Otsikko&#8221; _builder_version=&#8221;4.16&#8243; text_orientation=&#8221;center&#8221; global_colors_info=&#8221;{}&#8221;]<\/p>\n<h1>Rotarypiirit<\/h1>\n<p>[\/et_pb_text][et_pb_text _builder_version=&#8221;4.27.4&#8243; hover_enabled=&#8221;0&#8243; global_colors_info=&#8221;{}&#8221; sticky_enabled=&#8221;0&#8243;]<\/p>\n<p>Suomessa on viisi rotarypiiri\u00e4, joihin kuuluu Suomen lis\u00e4ksi Viro. Jokaista piiri\u00e4 johtaa piirikuvern\u00f6\u00f6ri.<\/p>\n<p>Kuvern\u00f6\u00f6rin tukena toimivat piirineuvosto, komiteat ja toimikunnat sek\u00e4 piirin eri alueiden apulaiskuvern\u00f6\u00f6rit. Klubit tekev\u00e4t ehdotukset kuvern\u00f6\u00f6reist\u00e4, ja piirin nime\u00e4miskomitea valitsee ehdokkaista sopivimmaksi katsomansa kuvern\u00f6\u00f6rin. Tuleva kuvern\u00f6\u00f6ri nimitet\u00e4\u00e4n Rotary Internationalin maailmankonferenssissa.<\/p>\n<p>Piiri j\u00e4rjest\u00e4\u00e4 klubeille useita tapahtumia vuoden aikana. Niist\u00e4 t\u00e4rkein on tulevien klubipresidenttien ja klubivirkailijoiden koulutusseminaari (PETS).<\/p>\n<p>Piirikokous j\u00e4rjestet\u00e4\u00e4n yleens\u00e4 syksyisin ja juhlava piirikonferenssi kev\u00e4isin.<\/p>\n<p>Piirikuvern\u00f6\u00f6ri vierailee kaikissa piirins\u00e4 klubeissa toimivuotensa aikana. Apulaiskuvern\u00f6\u00f6rit vierailevat oman alueensa klubeissa.<\/p>\n<p>Tutustu piirin sivuihin t\u00e4st\u00e4 linkist\u00e4 :<\/p>\n<p><a href=\"https:\/\/rotary.fi\/d1410\/\">rotary.fi\/d1410\/<\/a><\/p>\n<p>[\/et_pb_text][\/et_pb_column_inner][\/et_pb_row_inner][\/et_pb_column][et_pb_column type=&#8221;1_3&#8243; _builder_version=&#8221;4.16&#8243; custom_padding=&#8221;|||&#8221; global_colors_info=&#8221;{}&#8221; custom_padding__hover=&#8221;|||&#8221;][et_pb_sidebar area=&#8221;sidebar-1&#8243; module_class=&#8221;sivupalkki_sisalto&#8221; _builder_version=&#8221;4.16&#8243; locked=&#8221;on&#8221; global_colors_info=&#8221;{}&#8221;]<br \/>\n[\/et_pb_sidebar][\/et_pb_column][\/et_pb_section]<\/p>\n","protected":false},"excerpt":{"rendered":"<p>Olemme osa piiri\u00e4 1410 Rotarypiirit Suomessa on viisi rotarypiiri\u00e4, joihin kuuluu Suomen lis\u00e4ksi Viro. Jokaista piiri\u00e4 johtaa piirikuvern\u00f6\u00f6ri. Kuvern\u00f6\u00f6rin tukena toimivat piirineuvosto, komiteat ja toimikunnat sek\u00e4 piirin eri alueiden apulaiskuvern\u00f6\u00f6rit. Klubit tekev\u00e4t ehdotukset kuvern\u00f6\u00f6reist\u00e4, ja piirin nime\u00e4miskomitea valitsee ehdokkaista sopivimmaksi katsomansa kuvern\u00f6\u00f6rin. Tuleva kuvern\u00f6\u00f6ri nimitet\u00e4\u00e4n Rotary Internationalin maailmankonferenssissa. Piiri j\u00e4rjest\u00e4\u00e4 klubeille useita tapahtumia vuoden aikana. [&hellip;]<\/p>\n","protected":false},"author":1,"featured_media":0,"parent":0,"menu_order":0,"comment_status":"closed","ping_status":"closed","template":"","meta":{"_acf_changed":false,"_et_pb_use_builder":"on","_et_pb_old_content":"","_et_gb_content_width":"","footnotes":""},"class_list":["post-273","page","type-page","status-publish","hentry"],"acf":[],"yoast_head":"<!-- This site is optimized with the Yoast SEO plugin v27.0 - https:\/\/yoast.com\/product\/yoast-seo-wordpress\/ -->\n<title>Olemme osa piiri\u00e4 1410 - Nousiaisten Rotaryklubi<\/title>\n<meta name=\"robots\" content=\"index, follow, max-snippet:-1, max-image-preview:large, max-video-preview:-1\" \/>\n<link rel=\"canonical\" href=\"https:\/\/rotary.fi\/nousiaistenrotaryklubi\/olemme-osa-piiria-1410\/\" \/>\n<meta property=\"og:locale\" content=\"fi_FI\" \/>\n<meta property=\"og:type\" content=\"article\" \/>\n<meta property=\"og:title\" content=\"Olemme osa piiri\u00e4 1410 - Nousiaisten Rotaryklubi\" \/>\n<meta property=\"og:description\" content=\"Olemme osa piiri\u00e4 1410 Rotarypiirit Suomessa on viisi rotarypiiri\u00e4, joihin kuuluu Suomen lis\u00e4ksi Viro. Jokaista piiri\u00e4 johtaa piirikuvern\u00f6\u00f6ri. Kuvern\u00f6\u00f6rin tukena toimivat piirineuvosto, komiteat ja toimikunnat sek\u00e4 piirin eri alueiden apulaiskuvern\u00f6\u00f6rit. Klubit tekev\u00e4t ehdotukset kuvern\u00f6\u00f6reist\u00e4, ja piirin nime\u00e4miskomitea valitsee ehdokkaista sopivimmaksi katsomansa kuvern\u00f6\u00f6rin. Tuleva kuvern\u00f6\u00f6ri nimitet\u00e4\u00e4n Rotary Internationalin maailmankonferenssissa. Piiri j\u00e4rjest\u00e4\u00e4 klubeille useita tapahtumia vuoden aikana. [&hellip;]\" \/>\n<meta property=\"og:url\" content=\"https:\/\/rotary.fi\/nousiaistenrotaryklubi\/olemme-osa-piiria-1410\/\" \/>\n<meta property=\"og:site_name\" content=\"Nousiaisten Rotaryklubi\" \/>\n<meta property=\"article:modified_time\" content=\"2025-09-03T17:34:56+00:00\" \/>\n<meta name=\"twitter:card\" content=\"summary_large_image\" \/>\n<meta name=\"twitter:label1\" content=\"Arvioitu lukuaika\" \/>\n\t<meta name=\"twitter:data1\" content=\"2 minuuttia\" \/>\n<script type=\"application\/ld+json\" class=\"yoast-schema-graph\">{\"@context\":\"https:\/\/schema.org\",\"@graph\":[{\"@type\":\"WebPage\",\"@id\":\"https:\/\/rotary.fi\/nousiaistenrotaryklubi\/olemme-osa-piiria-1410\/\",\"url\":\"https:\/\/rotary.fi\/nousiaistenrotaryklubi\/olemme-osa-piiria-1410\/\",\"name\":\"Olemme osa piiri\u00e4 1410 - Nousiaisten Rotaryklubi\",\"isPartOf\":{\"@id\":\"https:\/\/rotary.fi\/nousiaistenrotaryklubi\/#website\"},\"datePublished\":\"2025-09-03T17:32:22+00:00\",\"dateModified\":\"2025-09-03T17:34:56+00:00\",\"breadcrumb\":{\"@id\":\"https:\/\/rotary.fi\/nousiaistenrotaryklubi\/olemme-osa-piiria-1410\/#breadcrumb\"},\"inLanguage\":\"fi\",\"potentialAction\":[{\"@type\":\"ReadAction\",\"target\":[\"https:\/\/rotary.fi\/nousiaistenrotaryklubi\/olemme-osa-piiria-1410\/\"]}]},{\"@type\":\"BreadcrumbList\",\"@id\":\"https:\/\/rotary.fi\/nousiaistenrotaryklubi\/olemme-osa-piiria-1410\/#breadcrumb\",\"itemListElement\":[{\"@type\":\"ListItem\",\"position\":1,\"name\":\"Home\",\"item\":\"https:\/\/rotary.fi\/nousiaistenrotaryklubi\/\"},{\"@type\":\"ListItem\",\"position\":2,\"name\":\"Olemme osa piiri\u00e4 1410\"}]},{\"@type\":\"WebSite\",\"@id\":\"https:\/\/rotary.fi\/nousiaistenrotaryklubi\/#website\",\"url\":\"https:\/\/rotary.fi\/nousiaistenrotaryklubi\/\",\"name\":\"Nousiaisten Rotaryklubi\",\"description\":\"Uusi Rotary klubisivusto\",\"potentialAction\":[{\"@type\":\"SearchAction\",\"target\":{\"@type\":\"EntryPoint\",\"urlTemplate\":\"https:\/\/rotary.fi\/nousiaistenrotaryklubi\/?s={search_term_string}\"},\"query-input\":{\"@type\":\"PropertyValueSpecification\",\"valueRequired\":true,\"valueName\":\"search_term_string\"}}],\"inLanguage\":\"fi\"}]}<\/script>\n<!-- \/ Yoast SEO plugin. -->","yoast_head_json":{"title":"Olemme osa piiri\u00e4 1410 - Nousiaisten Rotaryklubi","robots":{"index":"index","follow":"follow","max-snippet":"max-snippet:-1","max-image-preview":"max-image-preview:large","max-video-preview":"max-video-preview:-1"},"canonical":"https:\/\/rotary.fi\/nousiaistenrotaryklubi\/olemme-osa-piiria-1410\/","og_locale":"fi_FI","og_type":"article","og_title":"Olemme osa piiri\u00e4 1410 - Nousiaisten Rotaryklubi","og_description":"Olemme osa piiri\u00e4 1410 Rotarypiirit Suomessa on viisi rotarypiiri\u00e4, joihin kuuluu Suomen lis\u00e4ksi Viro. Jokaista piiri\u00e4 johtaa piirikuvern\u00f6\u00f6ri. Kuvern\u00f6\u00f6rin tukena toimivat piirineuvosto, komiteat ja toimikunnat sek\u00e4 piirin eri alueiden apulaiskuvern\u00f6\u00f6rit. Klubit tekev\u00e4t ehdotukset kuvern\u00f6\u00f6reist\u00e4, ja piirin nime\u00e4miskomitea valitsee ehdokkaista sopivimmaksi katsomansa kuvern\u00f6\u00f6rin. Tuleva kuvern\u00f6\u00f6ri nimitet\u00e4\u00e4n Rotary Internationalin maailmankonferenssissa. Piiri j\u00e4rjest\u00e4\u00e4 klubeille useita tapahtumia vuoden aikana. [&hellip;]","og_url":"https:\/\/rotary.fi\/nousiaistenrotaryklubi\/olemme-osa-piiria-1410\/","og_site_name":"Nousiaisten Rotaryklubi","article_modified_time":"2025-09-03T17:34:56+00:00","twitter_card":"summary_large_image","twitter_misc":{"Arvioitu lukuaika":"2 minuuttia"},"schema":{"@context":"https:\/\/schema.org","@graph":[{"@type":"WebPage","@id":"https:\/\/rotary.fi\/nousiaistenrotaryklubi\/olemme-osa-piiria-1410\/","url":"https:\/\/rotary.fi\/nousiaistenrotaryklubi\/olemme-osa-piiria-1410\/","name":"Olemme osa piiri\u00e4 1410 - Nousiaisten Rotaryklubi","isPartOf":{"@id":"https:\/\/rotary.fi\/nousiaistenrotaryklubi\/#website"},"datePublished":"2025-09-03T17:32:22+00:00","dateModified":"2025-09-03T17:34:56+00:00","breadcrumb":{"@id":"https:\/\/rotary.fi\/nousiaistenrotaryklubi\/olemme-osa-piiria-1410\/#breadcrumb"},"inLanguage":"fi","potentialAction":[{"@type":"ReadAction","target":["https:\/\/rotary.fi\/nousiaistenrotaryklubi\/olemme-osa-piiria-1410\/"]}]},{"@type":"BreadcrumbList","@id":"https:\/\/rotary.fi\/nousiaistenrotaryklubi\/olemme-osa-piiria-1410\/#breadcrumb","itemListElement":[{"@type":"ListItem","position":1,"name":"Home","item":"https:\/\/rotary.fi\/nousiaistenrotaryklubi\/"},{"@type":"ListItem","position":2,"name":"Olemme osa piiri\u00e4 1410"}]},{"@type":"WebSite","@id":"https:\/\/rotary.fi\/nousiaistenrotaryklubi\/#website","url":"https:\/\/rotary.fi\/nousiaistenrotaryklubi\/","name":"Nousiaisten Rotaryklubi","description":"Uusi Rotary klubisivusto","potentialAction":[{"@type":"SearchAction","target":{"@type":"EntryPoint","urlTemplate":"https:\/\/rotary.fi\/nousiaistenrotaryklubi\/?s={search_term_string}"},"query-input":{"@type":"PropertyValueSpecification","valueRequired":true,"valueName":"search_term_string"}}],"inLanguage":"fi"}]}},"lang":"fi","translations":{"fi":273},"pll_sync_post":[],"_links":{"self":[{"href":"https:\/\/rotary.fi\/nousiaistenrotaryklubi\/wp-json\/wp\/v2\/pages\/273","targetHints":{"allow":["GET"]}}],"collection":[{"href":"https:\/\/rotary.fi\/nousiaistenrotaryklubi\/wp-json\/wp\/v2\/pages"}],"about":[{"href":"https:\/\/rotary.fi\/nousiaistenrotaryklubi\/wp-json\/wp\/v2\/types\/page"}],"author":[{"embeddable":true,"href":"https:\/\/rotary.fi\/nousiaistenrotaryklubi\/wp-json\/wp\/v2\/users\/1"}],"replies":[{"embeddable":true,"href":"https:\/\/rotary.fi\/nousiaistenrotaryklubi\/wp-json\/wp\/v2\/comments?post=273"}],"version-history":[{"count":10,"href":"https:\/\/rotary.fi\/nousiaistenrotaryklubi\/wp-json\/wp\/v2\/pages\/273\/revisions"}],"predecessor-version":[{"id":2831,"href":"https:\/\/rotary.fi\/nousiaistenrotaryklubi\/wp-json\/wp\/v2\/pages\/273\/revisions\/2831"}],"wp:attachment":[{"href":"https:\/\/rotary.fi\/nousiaistenrotaryklubi\/wp-json\/wp\/v2\/media?parent=273"}],"curies":[{"name":"wp","href":"https:\/\/api.w.org\/{rel}","templated":true}]}}