{"id":2504,"date":"2025-06-23T11:00:39","date_gmt":"2025-06-23T08:00:39","guid":{"rendered":"https:\/\/rotary.fi\/nousiaistenrotaryklubi\/?page_id=2504"},"modified":"2025-06-24T11:17:35","modified_gmt":"2025-06-24T08:17:35","slug":"poytakirjat-2","status":"publish","type":"page","link":"https:\/\/rotary.fi\/nousiaistenrotaryklubi\/poytakirjat-2\/","title":{"rendered":"P\u00f6yt\u00e4kirjat"},"content":{"rendered":"","protected":true},"excerpt":{"rendered":"","protected":true},"author":120,"featured_media":0,"parent":0,"menu_order":0,"comment_status":"closed","ping_status":"closed","template":"","meta":{"_acf_changed":false,"_et_pb_use_builder":"on","_et_pb_old_content":"","_et_gb_content_width":"","footnotes":""},"class_list":["post-2504","page","type-page","status-publish","post-password-required","hentry"],"acf":[],"yoast_head":"<!-- This site is optimized with the Yoast SEO plugin v27.0 - https:\/\/yoast.com\/product\/yoast-seo-wordpress\/ -->\n<title>P\u00f6yt\u00e4kirjat - Nousiaisten Rotaryklubi<\/title>\n<meta name=\"robots\" content=\"index, follow, max-snippet:-1, max-image-preview:large, max-video-preview:-1\" \/>\n<link rel=\"canonical\" href=\"https:\/\/rotary.fi\/nousiaistenrotaryklubi\/poytakirjat-2\/\" \/>\n<meta property=\"og:locale\" content=\"fi_FI\" \/>\n<meta property=\"og:type\" content=\"article\" \/>\n<meta property=\"og:title\" content=\"P\u00f6yt\u00e4kirjat - Nousiaisten Rotaryklubi\" \/>\n<meta property=\"og:description\" content=\"Otetta ei n\u00e4ytet\u00e4, koska artikkeli on suojattu.\" \/>\n<meta property=\"og:url\" content=\"https:\/\/rotary.fi\/nousiaistenrotaryklubi\/poytakirjat-2\/\" \/>\n<meta property=\"og:site_name\" content=\"Nousiaisten Rotaryklubi\" \/>\n<meta property=\"article:modified_time\" content=\"2025-06-24T08:17:35+00:00\" \/>\n<meta name=\"twitter:card\" content=\"summary_large_image\" \/>\n<meta name=\"twitter:label1\" content=\"Arvioitu lukuaika\" \/>\n\t<meta name=\"twitter:data1\" content=\"1 minuutti\" \/>\n<script type=\"application\/ld+json\" class=\"yoast-schema-graph\">{\"@context\":\"https:\/\/schema.org\",\"@graph\":[{\"@type\":\"WebPage\",\"@id\":\"https:\/\/rotary.fi\/nousiaistenrotaryklubi\/poytakirjat-2\/\",\"url\":\"https:\/\/rotary.fi\/nousiaistenrotaryklubi\/poytakirjat-2\/\",\"name\":\"P\u00f6yt\u00e4kirjat - Nousiaisten Rotaryklubi\",\"isPartOf\":{\"@id\":\"https:\/\/rotary.fi\/nousiaistenrotaryklubi\/#website\"},\"datePublished\":\"2025-06-23T08:00:39+00:00\",\"dateModified\":\"2025-06-24T08:17:35+00:00\",\"breadcrumb\":{\"@id\":\"https:\/\/rotary.fi\/nousiaistenrotaryklubi\/poytakirjat-2\/#breadcrumb\"},\"inLanguage\":\"fi\"},{\"@type\":\"WebSite\",\"@id\":\"https:\/\/rotary.fi\/nousiaistenrotaryklubi\/#website\",\"url\":\"https:\/\/rotary.fi\/nousiaistenrotaryklubi\/\",\"name\":\"Nousiaisten Rotaryklubi\",\"description\":\"Uusi Rotary klubisivusto\",\"potentialAction\":[{\"@type\":\"SearchAction\",\"target\":{\"@type\":\"EntryPoint\",\"urlTemplate\":\"https:\/\/rotary.fi\/nousiaistenrotaryklubi\/?s={search_term_string}\"},\"query-input\":{\"@type\":\"PropertyValueSpecification\",\"valueRequired\":true,\"valueName\":\"search_term_string\"}}],\"inLanguage\":\"fi\"}]}<\/script>\n<!-- \/ Yoast SEO plugin. -->","yoast_head_json":{"title":"P\u00f6yt\u00e4kirjat - Nousiaisten Rotaryklubi","robots":{"index":"index","follow":"follow","max-snippet":"max-snippet:-1","max-image-preview":"max-image-preview:large","max-video-preview":"max-video-preview:-1"},"canonical":"https:\/\/rotary.fi\/nousiaistenrotaryklubi\/poytakirjat-2\/","og_locale":"fi_FI","og_type":"article","og_title":"P\u00f6yt\u00e4kirjat - Nousiaisten Rotaryklubi","og_description":"Otetta ei n\u00e4ytet\u00e4, koska artikkeli on suojattu.","og_url":"https:\/\/rotary.fi\/nousiaistenrotaryklubi\/poytakirjat-2\/","og_site_name":"Nousiaisten Rotaryklubi","article_modified_time":"2025-06-24T08:17:35+00:00","twitter_card":"summary_large_image","twitter_misc":{"Arvioitu lukuaika":"1 minuutti"},"schema":{"@context":"https:\/\/schema.org","@graph":[{"@type":"WebPage","@id":"https:\/\/rotary.fi\/nousiaistenrotaryklubi\/poytakirjat-2\/","url":"https:\/\/rotary.fi\/nousiaistenrotaryklubi\/poytakirjat-2\/","name":"P\u00f6yt\u00e4kirjat - Nousiaisten Rotaryklubi","isPartOf":{"@id":"https:\/\/rotary.fi\/nousiaistenrotaryklubi\/#website"},"datePublished":"2025-06-23T08:00:39+00:00","dateModified":"2025-06-24T08:17:35+00:00","breadcrumb":{"@id":"https:\/\/rotary.fi\/nousiaistenrotaryklubi\/poytakirjat-2\/#breadcrumb"},"inLanguage":"fi"},{"@type":"WebSite","@id":"https:\/\/rotary.fi\/nousiaistenrotaryklubi\/#website","url":"https:\/\/rotary.fi\/nousiaistenrotaryklubi\/","name":"Nousiaisten Rotaryklubi","description":"Uusi Rotary klubisivusto","potentialAction":[{"@type":"SearchAction","target":{"@type":"EntryPoint","urlTemplate":"https:\/\/rotary.fi\/nousiaistenrotaryklubi\/?s={search_term_string}"},"query-input":{"@type":"PropertyValueSpecification","valueRequired":true,"valueName":"search_term_string"}}],"inLanguage":"fi"}]}},"lang":"fi","translations":{"fi":2504},"pll_sync_post":[],"_links":{"self":[{"href":"https:\/\/rotary.fi\/nousiaistenrotaryklubi\/wp-json\/wp\/v2\/pages\/2504","targetHints":{"allow":["GET"]}}],"collection":[{"href":"https:\/\/rotary.fi\/nousiaistenrotaryklubi\/wp-json\/wp\/v2\/pages"}],"about":[{"href":"https:\/\/rotary.fi\/nousiaistenrotaryklubi\/wp-json\/wp\/v2\/types\/page"}],"author":[{"embeddable":true,"href":"https:\/\/rotary.fi\/nousiaistenrotaryklubi\/wp-json\/wp\/v2\/users\/120"}],"replies":[{"embeddable":true,"href":"https:\/\/rotary.fi\/nousiaistenrotaryklubi\/wp-json\/wp\/v2\/comments?post=2504"}],"version-history":[{"count":9,"href":"https:\/\/rotary.fi\/nousiaistenrotaryklubi\/wp-json\/wp\/v2\/pages\/2504\/revisions"}],"predecessor-version":[{"id":2718,"href":"https:\/\/rotary.fi\/nousiaistenrotaryklubi\/wp-json\/wp\/v2\/pages\/2504\/revisions\/2718"}],"wp:attachment":[{"href":"https:\/\/rotary.fi\/nousiaistenrotaryklubi\/wp-json\/wp\/v2\/media?parent=2504"}],"curies":[{"name":"wp","href":"https:\/\/api.w.org\/{rel}","templated":true}]}}