{"id":165,"date":"2018-08-13T09:52:52","date_gmt":"2018-08-13T06:52:52","guid":{"rendered":"https:\/\/rotary.fi\/nastola\/?page_id=165"},"modified":"2025-07-22T15:32:33","modified_gmt":"2025-07-22T12:32:33","slug":"yhteistyo","status":"publish","type":"page","link":"https:\/\/rotary.fi\/nastola\/mita-teemme\/yhteistyo\/","title":{"rendered":"Yhteisty\u00f6"},"content":{"rendered":"<p>[et_pb_section fb_built=&#8221;1&#8243; module_class=&#8221;jumbotron-page&#8221; _builder_version=&#8221;4.25.2&#8243; use_background_color_gradient=&#8221;on&#8221; background_color_gradient_stops=&#8221;#3239ff 0%|#32baff 100%&#8221; background_enable_image=&#8221;off&#8221; global_colors_info=&#8221;{}&#8221;][et_pb_row _builder_version=&#8221;4.16&#8243; background_size=&#8221;initial&#8221; background_position=&#8221;top_left&#8221; background_repeat=&#8221;repeat&#8221; global_colors_info=&#8221;{}&#8221;][et_pb_column type=&#8221;4_4&#8243; _builder_version=&#8221;4.16&#8243; custom_padding=&#8221;|||&#8221; global_colors_info=&#8221;{}&#8221; custom_padding__hover=&#8221;|||&#8221;][et_pb_text admin_label=&#8221;P\u00e4\u00e4otsikko&#8221; _builder_version=&#8221;4.16&#8243; text_orientation=&#8221;center&#8221; background_layout=&#8221;dark&#8221; global_colors_info=&#8221;{}&#8221;]<\/p>\n<h1>Yhteisty\u00f6<\/h1>\n<p>[\/et_pb_text][\/et_pb_column][\/et_pb_row][\/et_pb_section][et_pb_section fb_built=&#8221;1&#8243; specialty=&#8221;on&#8221; module_class_2=&#8221;sivupalkki&#8221; _builder_version=&#8221;4.16&#8243; global_colors_info=&#8221;{}&#8221;][et_pb_column type=&#8221;2_3&#8243; specialty_columns=&#8221;2&#8243; _builder_version=&#8221;4.16&#8243; custom_padding=&#8221;|||&#8221; global_colors_info=&#8221;{}&#8221; parallax__hover=&#8221;off&#8221; parallax_method__hover=&#8221;on&#8221; custom_padding__hover=&#8221;|||&#8221;][et_pb_row_inner admin_label=&#8221;Rivi&#8221; _builder_version=&#8221;4.16&#8243; global_colors_info=&#8221;{}&#8221;][et_pb_column_inner saved_specialty_column_type=&#8221;2_3&#8243; _builder_version=&#8221;4.16&#8243; custom_padding=&#8221;|||&#8221; global_colors_info=&#8221;{}&#8221; parallax__hover=&#8221;off&#8221; parallax_method__hover=&#8221;on&#8221; custom_padding__hover=&#8221;|||&#8221;][et_pb_text admin_label=&#8221;Otsikko&#8221; _builder_version=&#8221;4.16&#8243; text_orientation=&#8221;center&#8221; global_colors_info=&#8221;{}&#8221;]<\/p>\n<h1 style=\"text-align: left\">Yhteisty\u00f6<\/h1>\n<p>[\/et_pb_text][et_pb_text _builder_version=&#8221;4.16&#8243; custom_padding=&#8221;7px|||||&#8221; global_colors_info=&#8221;{}&#8221;]<\/p>\n<p>Klubimme toimii aktiivisesti nuorisovaihdossa sek\u00e4 palvelu- ja hyv\u00e4ntekev\u00e4isyysprojekteissa. Ty\u00f6t\u00e4mme tukevat yhteisty\u00f6kumppanit.<\/p>\n<p><strong>Nuorisovaihtotoimintaa ovat tukeneet\/tukevat<\/strong><\/p>\n<p>Host-perheet Lahden alueella<br \/>Fazer Mylly \u2013 Fazer Mills Lahti<\/p>\n<p><strong>Kiit\u00e4mme l\u00e4mpim\u00e4sti toimintamme tukijoita!<\/strong><\/p>\n<p>Kiit\u00e4mme l\u00e4mpim\u00e4sti toimintamme tukijoita!<\/p>\n<p>Kun haluat osallistua rotareiden ty\u00f6h\u00f6n lahjoittamalla aikaasi tai varoja, ota yst\u00e4v\u00e4llisesti yhteytt\u00e4 klubimme presidenttiin Antti Ali-L\u00f6yttyyn: <a href=\"mailto:petter.kulhua@nkn-yhtiot.fi\">antti.ali.loytty@gmail.com<\/a><\/p>\n<p>&nbsp;<\/p>\n<p>[\/et_pb_text][\/et_pb_column_inner][\/et_pb_row_inner][\/et_pb_column][et_pb_column type=&#8221;1_3&#8243; module_class=&#8221;sivupalkki&#8221; _builder_version=&#8221;4.16&#8243; custom_padding=&#8221;|||&#8221; global_colors_info=&#8221;{}&#8221; parallax__hover=&#8221;off&#8221; parallax_method__hover=&#8221;on&#8221; module_class__hover=&#8221;sivupalkki&#8221; custom_padding__hover=&#8221;|||&#8221;][et_pb_sidebar area=&#8221;sidebar-1&#8243; module_class=&#8221;sivupalkki_sisalto&#8221; _builder_version=&#8221;4.16&#8243; locked=&#8221;off&#8221; global_colors_info=&#8221;{}&#8221;][\/et_pb_sidebar][\/et_pb_column][\/et_pb_section]<\/p>\n","protected":false},"excerpt":{"rendered":"<p>Yhteisty\u00f6 Yhteisty\u00f6Klubimme toimii aktiivisesti nuorisovaihdossa sek\u00e4 palvelu- ja hyv\u00e4ntekev\u00e4isyysprojekteissa. Ty\u00f6t\u00e4mme tukevat yhteisty\u00f6kumppanit. Nuorisovaihtotoimintaa ovat tukeneet\/tukevat Host-perheet Lahden alueellaFazer Mylly \u2013 Fazer Mills Lahti Kiit\u00e4mme l\u00e4mpim\u00e4sti toimintamme tukijoita! Kiit\u00e4mme l\u00e4mpim\u00e4sti toimintamme tukijoita! Kun haluat osallistua rotareiden ty\u00f6h\u00f6n lahjoittamalla aikaasi tai varoja, ota yst\u00e4v\u00e4llisesti yhteytt\u00e4 klubimme presidenttiin Antti Ali-L\u00f6yttyyn: antti.ali.loytty@gmail.com &nbsp;<\/p>\n","protected":false},"author":1,"featured_media":0,"parent":77,"menu_order":0,"comment_status":"closed","ping_status":"closed","template":"","meta":{"_acf_changed":false,"_et_pb_use_builder":"on","_et_pb_old_content":"","_et_gb_content_width":"","footnotes":""},"class_list":["post-165","page","type-page","status-publish","hentry"],"acf":[],"yoast_head":"<!-- This site is optimized with the Yoast SEO plugin v27.4 - https:\/\/yoast.com\/product\/yoast-seo-wordpress\/ -->\n<title>Yhteisty\u00f6 - Nastolan Rotaryklubi<\/title>\n<meta name=\"robots\" content=\"index, follow, max-snippet:-1, max-image-preview:large, max-video-preview:-1\" \/>\n<link rel=\"canonical\" href=\"https:\/\/rotary.fi\/nastola\/mita-teemme\/yhteistyo\/\" \/>\n<meta property=\"og:locale\" content=\"fi_FI\" \/>\n<meta property=\"og:type\" content=\"article\" \/>\n<meta property=\"og:title\" content=\"Yhteisty\u00f6 - Nastolan Rotaryklubi\" \/>\n<meta property=\"og:description\" content=\"Yhteisty\u00f6 Yhteisty\u00f6Klubimme toimii aktiivisesti nuorisovaihdossa sek\u00e4 palvelu- ja hyv\u00e4ntekev\u00e4isyysprojekteissa. Ty\u00f6t\u00e4mme tukevat yhteisty\u00f6kumppanit. Nuorisovaihtotoimintaa ovat tukeneet\/tukevat Host-perheet Lahden alueellaFazer Mylly \u2013 Fazer Mills Lahti Kiit\u00e4mme l\u00e4mpim\u00e4sti toimintamme tukijoita! Kiit\u00e4mme l\u00e4mpim\u00e4sti toimintamme tukijoita! Kun haluat osallistua rotareiden ty\u00f6h\u00f6n lahjoittamalla aikaasi tai varoja, ota yst\u00e4v\u00e4llisesti yhteytt\u00e4 klubimme presidenttiin Antti Ali-L\u00f6yttyyn: antti.ali.loytty@gmail.com &nbsp;\" \/>\n<meta property=\"og:url\" content=\"https:\/\/rotary.fi\/nastola\/mita-teemme\/yhteistyo\/\" \/>\n<meta property=\"og:site_name\" content=\"Nastolan Rotaryklubi\" \/>\n<meta property=\"article:modified_time\" content=\"2025-07-22T12:32:33+00:00\" \/>\n<meta name=\"twitter:card\" content=\"summary_large_image\" \/>\n<meta name=\"twitter:label1\" content=\"Arvioitu lukuaika\" \/>\n\t<meta name=\"twitter:data1\" content=\"2 minuuttia\" \/>\n<script type=\"application\/ld+json\" class=\"yoast-schema-graph\">{\"@context\":\"https:\\\/\\\/schema.org\",\"@graph\":[{\"@type\":\"WebPage\",\"@id\":\"https:\\\/\\\/rotary.fi\\\/nastola\\\/mita-teemme\\\/yhteistyo\\\/\",\"url\":\"https:\\\/\\\/rotary.fi\\\/nastola\\\/mita-teemme\\\/yhteistyo\\\/\",\"name\":\"Yhteisty\u00f6 - Nastolan Rotaryklubi\",\"isPartOf\":{\"@id\":\"https:\\\/\\\/rotary.fi\\\/nastola\\\/#website\"},\"datePublished\":\"2018-08-13T06:52:52+00:00\",\"dateModified\":\"2025-07-22T12:32:33+00:00\",\"breadcrumb\":{\"@id\":\"https:\\\/\\\/rotary.fi\\\/nastola\\\/mita-teemme\\\/yhteistyo\\\/#breadcrumb\"},\"inLanguage\":\"fi\",\"potentialAction\":[{\"@type\":\"ReadAction\",\"target\":[\"https:\\\/\\\/rotary.fi\\\/nastola\\\/mita-teemme\\\/yhteistyo\\\/\"]}]},{\"@type\":\"BreadcrumbList\",\"@id\":\"https:\\\/\\\/rotary.fi\\\/nastola\\\/mita-teemme\\\/yhteistyo\\\/#breadcrumb\",\"itemListElement\":[{\"@type\":\"ListItem\",\"position\":1,\"name\":\"Home\",\"item\":\"https:\\\/\\\/rotary.fi\\\/nastola\\\/\"},{\"@type\":\"ListItem\",\"position\":2,\"name\":\"Mit\u00e4 teemme\",\"item\":\"https:\\\/\\\/rotary.fi\\\/nastola\\\/mita-teemme\\\/\"},{\"@type\":\"ListItem\",\"position\":3,\"name\":\"Yhteisty\u00f6\"}]},{\"@type\":\"WebSite\",\"@id\":\"https:\\\/\\\/rotary.fi\\\/nastola\\\/#website\",\"url\":\"https:\\\/\\\/rotary.fi\\\/nastola\\\/\",\"name\":\"Nastolan Rotaryklubi\",\"description\":\"Uusi Rotary klubisivusto\",\"publisher\":{\"@id\":\"https:\\\/\\\/rotary.fi\\\/nastola\\\/#organization\"},\"potentialAction\":[{\"@type\":\"SearchAction\",\"target\":{\"@type\":\"EntryPoint\",\"urlTemplate\":\"https:\\\/\\\/rotary.fi\\\/nastola\\\/?s={search_term_string}\"},\"query-input\":{\"@type\":\"PropertyValueSpecification\",\"valueRequired\":true,\"valueName\":\"search_term_string\"}}],\"inLanguage\":\"fi\"},{\"@type\":\"Organization\",\"@id\":\"https:\\\/\\\/rotary.fi\\\/nastola\\\/#organization\",\"name\":\"Nastolan Rotaryklubi\",\"url\":\"https:\\\/\\\/rotary.fi\\\/nastola\\\/\",\"logo\":{\"@type\":\"ImageObject\",\"inLanguage\":\"fi\",\"@id\":\"https:\\\/\\\/rotary.fi\\\/nastola\\\/#\\\/schema\\\/logo\\\/image\\\/\",\"url\":\"https:\\\/\\\/rotary.fi\\\/nastola\\\/wp-content\\\/uploads\\\/sites\\\/256\\\/2018\\\/08\\\/rotary-logo-main-2.png\",\"contentUrl\":\"https:\\\/\\\/rotary.fi\\\/nastola\\\/wp-content\\\/uploads\\\/sites\\\/256\\\/2018\\\/08\\\/rotary-logo-main-2.png\",\"width\":135,\"height\":52,\"caption\":\"Nastolan Rotaryklubi\"},\"image\":{\"@id\":\"https:\\\/\\\/rotary.fi\\\/nastola\\\/#\\\/schema\\\/logo\\\/image\\\/\"}}]}<\/script>\n<!-- \/ Yoast SEO plugin. -->","yoast_head_json":{"title":"Yhteisty\u00f6 - Nastolan Rotaryklubi","robots":{"index":"index","follow":"follow","max-snippet":"max-snippet:-1","max-image-preview":"max-image-preview:large","max-video-preview":"max-video-preview:-1"},"canonical":"https:\/\/rotary.fi\/nastola\/mita-teemme\/yhteistyo\/","og_locale":"fi_FI","og_type":"article","og_title":"Yhteisty\u00f6 - Nastolan Rotaryklubi","og_description":"Yhteisty\u00f6 Yhteisty\u00f6Klubimme toimii aktiivisesti nuorisovaihdossa sek\u00e4 palvelu- ja hyv\u00e4ntekev\u00e4isyysprojekteissa. Ty\u00f6t\u00e4mme tukevat yhteisty\u00f6kumppanit. Nuorisovaihtotoimintaa ovat tukeneet\/tukevat Host-perheet Lahden alueellaFazer Mylly \u2013 Fazer Mills Lahti Kiit\u00e4mme l\u00e4mpim\u00e4sti toimintamme tukijoita! Kiit\u00e4mme l\u00e4mpim\u00e4sti toimintamme tukijoita! Kun haluat osallistua rotareiden ty\u00f6h\u00f6n lahjoittamalla aikaasi tai varoja, ota yst\u00e4v\u00e4llisesti yhteytt\u00e4 klubimme presidenttiin Antti Ali-L\u00f6yttyyn: antti.ali.loytty@gmail.com &nbsp;","og_url":"https:\/\/rotary.fi\/nastola\/mita-teemme\/yhteistyo\/","og_site_name":"Nastolan Rotaryklubi","article_modified_time":"2025-07-22T12:32:33+00:00","twitter_card":"summary_large_image","twitter_misc":{"Arvioitu lukuaika":"2 minuuttia"},"schema":{"@context":"https:\/\/schema.org","@graph":[{"@type":"WebPage","@id":"https:\/\/rotary.fi\/nastola\/mita-teemme\/yhteistyo\/","url":"https:\/\/rotary.fi\/nastola\/mita-teemme\/yhteistyo\/","name":"Yhteisty\u00f6 - Nastolan Rotaryklubi","isPartOf":{"@id":"https:\/\/rotary.fi\/nastola\/#website"},"datePublished":"2018-08-13T06:52:52+00:00","dateModified":"2025-07-22T12:32:33+00:00","breadcrumb":{"@id":"https:\/\/rotary.fi\/nastola\/mita-teemme\/yhteistyo\/#breadcrumb"},"inLanguage":"fi","potentialAction":[{"@type":"ReadAction","target":["https:\/\/rotary.fi\/nastola\/mita-teemme\/yhteistyo\/"]}]},{"@type":"BreadcrumbList","@id":"https:\/\/rotary.fi\/nastola\/mita-teemme\/yhteistyo\/#breadcrumb","itemListElement":[{"@type":"ListItem","position":1,"name":"Home","item":"https:\/\/rotary.fi\/nastola\/"},{"@type":"ListItem","position":2,"name":"Mit\u00e4 teemme","item":"https:\/\/rotary.fi\/nastola\/mita-teemme\/"},{"@type":"ListItem","position":3,"name":"Yhteisty\u00f6"}]},{"@type":"WebSite","@id":"https:\/\/rotary.fi\/nastola\/#website","url":"https:\/\/rotary.fi\/nastola\/","name":"Nastolan Rotaryklubi","description":"Uusi Rotary klubisivusto","publisher":{"@id":"https:\/\/rotary.fi\/nastola\/#organization"},"potentialAction":[{"@type":"SearchAction","target":{"@type":"EntryPoint","urlTemplate":"https:\/\/rotary.fi\/nastola\/?s={search_term_string}"},"query-input":{"@type":"PropertyValueSpecification","valueRequired":true,"valueName":"search_term_string"}}],"inLanguage":"fi"},{"@type":"Organization","@id":"https:\/\/rotary.fi\/nastola\/#organization","name":"Nastolan Rotaryklubi","url":"https:\/\/rotary.fi\/nastola\/","logo":{"@type":"ImageObject","inLanguage":"fi","@id":"https:\/\/rotary.fi\/nastola\/#\/schema\/logo\/image\/","url":"https:\/\/rotary.fi\/nastola\/wp-content\/uploads\/sites\/256\/2018\/08\/rotary-logo-main-2.png","contentUrl":"https:\/\/rotary.fi\/nastola\/wp-content\/uploads\/sites\/256\/2018\/08\/rotary-logo-main-2.png","width":135,"height":52,"caption":"Nastolan Rotaryklubi"},"image":{"@id":"https:\/\/rotary.fi\/nastola\/#\/schema\/logo\/image\/"}}]}},"lang":"fi","translations":{"fi":165},"pll_sync_post":[],"_links":{"self":[{"href":"https:\/\/rotary.fi\/nastola\/wp-json\/wp\/v2\/pages\/165","targetHints":{"allow":["GET"]}}],"collection":[{"href":"https:\/\/rotary.fi\/nastola\/wp-json\/wp\/v2\/pages"}],"about":[{"href":"https:\/\/rotary.fi\/nastola\/wp-json\/wp\/v2\/types\/page"}],"author":[{"embeddable":true,"href":"https:\/\/rotary.fi\/nastola\/wp-json\/wp\/v2\/users\/1"}],"replies":[{"embeddable":true,"href":"https:\/\/rotary.fi\/nastola\/wp-json\/wp\/v2\/comments?post=165"}],"version-history":[{"count":9,"href":"https:\/\/rotary.fi\/nastola\/wp-json\/wp\/v2\/pages\/165\/revisions"}],"predecessor-version":[{"id":1708,"href":"https:\/\/rotary.fi\/nastola\/wp-json\/wp\/v2\/pages\/165\/revisions\/1708"}],"up":[{"embeddable":true,"href":"https:\/\/rotary.fi\/nastola\/wp-json\/wp\/v2\/pages\/77"}],"wp:attachment":[{"href":"https:\/\/rotary.fi\/nastola\/wp-json\/wp\/v2\/media?parent=165"}],"curies":[{"name":"wp","href":"https:\/\/api.w.org\/{rel}","templated":true}]}}