{"id":154,"date":"2018-08-13T09:35:27","date_gmt":"2018-08-13T06:35:27","guid":{"rendered":"https:\/\/rotary.fi\/nastola\/?page_id=154"},"modified":"2025-07-22T15:31:01","modified_gmt":"2025-07-22T12:31:01","slug":"nuorisovaihto","status":"publish","type":"page","link":"https:\/\/rotary.fi\/nastola\/mita-teemme\/nuorisovaihto\/","title":{"rendered":"Nuorisovaihto"},"content":{"rendered":"<p>[et_pb_section fb_built=&#8221;1&#8243; module_class=&#8221;jumbotron-page&#8221; _builder_version=&#8221;4.25.2&#8243; use_background_color_gradient=&#8221;on&#8221; background_color_gradient_stops=&#8221;#3239ff 0%|#32baff 100%&#8221; background_enable_image=&#8221;off&#8221; global_colors_info=&#8221;{}&#8221;][et_pb_row _builder_version=&#8221;4.16&#8243; background_size=&#8221;initial&#8221; background_position=&#8221;top_left&#8221; background_repeat=&#8221;repeat&#8221; global_colors_info=&#8221;{}&#8221;][et_pb_column type=&#8221;4_4&#8243; _builder_version=&#8221;4.16&#8243; custom_padding=&#8221;|||&#8221; global_colors_info=&#8221;{}&#8221; custom_padding__hover=&#8221;|||&#8221;][et_pb_text admin_label=&#8221;P\u00e4\u00e4otsikko&#8221; _builder_version=&#8221;4.16&#8243; text_orientation=&#8221;center&#8221; background_layout=&#8221;dark&#8221; global_colors_info=&#8221;{}&#8221;]<\/p>\n<h1>Nuorisovaihto<\/h1>\n<p>[\/et_pb_text][\/et_pb_column][\/et_pb_row][\/et_pb_section][et_pb_section fb_built=&#8221;1&#8243; specialty=&#8221;on&#8221; module_class_2=&#8221;sivupalkki&#8221; _builder_version=&#8221;4.25.2&#8243; global_colors_info=&#8221;{}&#8221;][et_pb_column type=&#8221;2_3&#8243; specialty_columns=&#8221;2&#8243; _builder_version=&#8221;4.16&#8243; custom_padding=&#8221;|||&#8221; global_colors_info=&#8221;{}&#8221; parallax__hover=&#8221;off&#8221; parallax_method__hover=&#8221;on&#8221; custom_padding__hover=&#8221;|||&#8221;][et_pb_row_inner admin_label=&#8221;Rivi&#8221; _builder_version=&#8221;4.16&#8243; global_colors_info=&#8221;{}&#8221;][et_pb_column_inner saved_specialty_column_type=&#8221;2_3&#8243; _builder_version=&#8221;4.16&#8243; custom_padding=&#8221;|||&#8221; global_colors_info=&#8221;{}&#8221; parallax__hover=&#8221;off&#8221; parallax_method__hover=&#8221;on&#8221; custom_padding__hover=&#8221;|||&#8221;][et_pb_text admin_label=&#8221;Nuorisovaihto &#8211; Otsikko&#8221; _builder_version=&#8221;4.16&#8243; text_orientation=&#8221;center&#8221; global_colors_info=&#8221;{}&#8221;]<\/p>\n<h2 style=\"text-align: left\">Kiinnostuitko nuorisovaihdosta<\/h2>\n<p>[\/et_pb_text][et_pb_text _builder_version=&#8221;4.16&#8243; custom_padding=&#8221;0px|||||&#8221; global_colors_info=&#8221;{}&#8221;]<\/p>\n<p>Rotaryn kautta voit p\u00e4\u00e4st\u00e4 vuosivaihtoon, kes\u00e4vaihtoon tai leirivaihtoon. N\u00e4ist\u00e4 eri vaihtomuodoista voit lukea lis\u00e4\u00e4 Suomen Rotaryn nuorisovaihdon sivuilta. Hakuaika seuraavan vuoden vaihtoihin on edelt\u00e4v\u00e4n\u00e4 syksyn\u00e4, elo-syyskuussa.<\/p>\n<p>Useimmat vuosivaihtoon hakevat aloittavat haun aikaan lukion 1. vuoden ja vaihto-oppilasvuosi alkaa mukaan valituille vuoden kuluttua elokuussa. Jos kiinnostuit, katso rye.fi -sivuilta hakuprosessista ja ohjeista vapaamuotoisen hakemuksen tekemiseen.<\/p>\n<p>Lis\u00e4tietoja voit kysy\u00e4 l\u00e4hett\u00e4m\u00e4ll\u00e4 s\u00e4hk\u00f6postia Lahden seudun rotaryklubien yhteiseen s\u00e4hk\u00f6postiin: <a href=\"mailto:lahenseudun.rye@gmail.com\">lahenseudun.rye@gmail.com<\/a><\/p>\n<p>Lahden seudun rotaryklubit toimivat yhteisty\u00f6ss\u00e4, niin ett\u00e4 eri klubien nuorisovaihtoasiamiehet yhdess\u00e4 k\u00e4sittelev\u00e4t vastaanotetut vuosivaihdon hakemukset, haastattelevat kaikki hakeneet ja tekev\u00e4t valinnat.<\/p>\n<p>Kaudelle 2026 &#8211; 2027 vuosivaihtoon haluavien vapaamuotoiset hakemukset pit\u00e4\u00e4 j\u00e4tt\u00e4\u00e4 tuohon samaan yhteiseen s\u00e4hk\u00f6postiin (lahenseudun.rye@gmail.com) viimeist\u00e4\u00e4n syyskuun 2025 loppuun menness\u00e4, mieluiten elokuun lopussa tai syyskuun alussa.<\/p>\n<p>Vuosivaihtoon hakeneet haastatellaan lokakuun alussa ja pian sen j\u00e4lkeen hakijat saavat tiet\u00e4\u00e4, ovatko tulleet valituiksi mukaan. Kes\u00e4vaihtoon hakijat j\u00e4tt\u00e4v\u00e4t my\u00f6s vapaamuotoisen hakemuksen samoihin aikoihin, mink\u00e4 j\u00e4lkeen kes\u00e4vaihdon hakuprosessi on hieman erilainen. Kukin Rotaryklubi p\u00e4\u00e4tt\u00e4\u00e4 itsen\u00e4isesti vuosittain, onko se mukana nuorisovaihdossa l\u00e4hett\u00e4m\u00e4ss\u00e4 oppilasta \/ oppilaita vuosivaihtoon, kes\u00e4- ja leirivaihtoon.<\/p>\n<p>Vapaamuotoiset hakemukset pit\u00e4\u00e4 j\u00e4tt\u00e4\u00e4 tuohon samaan yhteiseen s\u00e4hk\u00f6postiin (lahenseudun.rye@gmail.com) viimeist\u00e4\u00e4n syyskuun 2024 loppuun menness\u00e4, mieluiten elokuun lopussa tai syyskuun alussa.\u00a0\u00a0<\/p>\n<p>&nbsp;<\/p>\n<h3 style=\"text-align: left\">Lahteen tuleville Rotary-vaihto-oppilaille is\u00e4nt\u00e4perheit\u00e4<\/h3>\n<p><span style=\"font-size: x-small\">\u00a0<\/span><\/p>\n<p>Koska nuorisovaihdossa on nimenomaan kyse vaihdosta, t\u00e4k\u00e4l\u00e4isen vuosivaihto-oppilaan p\u00e4\u00e4semiseen maailmalle liittyy ulkomaalaisen vaihto-oppilaan tuleminen Lahteen kouluvuoden ajaksi.<\/p>\n<p>Koska Rotary-vaihto-oppilaat asuvat useammassa is\u00e4nt\u00e4perheess\u00e4, tarvitaan joka vuosi perheit\u00e4, jotka ovat valmiita ottamaan uuden mielenkiintoisen perheenj\u00e4senen hoiviinsa muutamaksi kuukaudeksi. Eli is\u00e4nt\u00e4perheen\u00e4 olemisesta kiinnostuneet: ottakaa my\u00f6s yhteytt\u00e4 nuorisovaihtoasiamieheen.<\/p>\n<p>Kysy lis\u00e4\u00e4 klubimme nuorisovaihtoasiamies Juha Virtalalta <a href=\"mailto:juhavirtala@live.com\">juhavirtala@live.com<\/a><\/p>\n<p>Rotary-nuorisovaihdosta l\u00f6ytyy lis\u00e4tietoja osoitteesta www.rye.fi<\/p>\n<p>&nbsp;<\/p>\n<p>&nbsp;<\/p>\n<p>[\/et_pb_text][\/et_pb_column_inner][\/et_pb_row_inner][et_pb_row_inner admin_label=&#8221;Rivi&#8221; _builder_version=&#8221;4.16&#8243; global_colors_info=&#8221;{}&#8221;][et_pb_column_inner saved_specialty_column_type=&#8221;2_3&#8243; _builder_version=&#8221;4.16&#8243; custom_padding=&#8221;|||&#8221; global_colors_info=&#8221;{}&#8221; parallax__hover=&#8221;off&#8221; parallax_method__hover=&#8221;on&#8221; custom_padding__hover=&#8221;|||&#8221;][et_pb_text admin_label=&#8221;Kiinnostuitko nuorisovaihdosta? &#8211; Otsikko&#8221; _builder_version=&#8221;4.16&#8243; text_orientation=&#8221;center&#8221; custom_padding=&#8221;7px|||||&#8221; global_colors_info=&#8221;{}&#8221;][\/et_pb_text][et_pb_text _builder_version=&#8221;4.16&#8243; global_colors_info=&#8221;{}&#8221;][\/et_pb_text][\/et_pb_column_inner][\/et_pb_row_inner][\/et_pb_column][et_pb_column type=&#8221;1_3&#8243; module_class=&#8221;sivupalkki&#8221; _builder_version=&#8221;4.16&#8243; custom_padding=&#8221;|||&#8221; global_colors_info=&#8221;{}&#8221; parallax__hover=&#8221;off&#8221; parallax_method__hover=&#8221;on&#8221; module_class__hover=&#8221;sivupalkki&#8221; custom_padding__hover=&#8221;|||&#8221;][et_pb_sidebar area=&#8221;sidebar-1&#8243; module_class=&#8221;sivupalkki_sisalto&#8221; _builder_version=&#8221;4.16&#8243; locked=&#8221;on&#8221; global_colors_info=&#8221;{}&#8221;][\/et_pb_sidebar][\/et_pb_column][\/et_pb_section]<\/p>\n","protected":false},"excerpt":{"rendered":"<p>Nuorisovaihto Kiinnostuitko nuorisovaihdostaRotaryn kautta voit p\u00e4\u00e4st\u00e4 vuosivaihtoon, kes\u00e4vaihtoon tai leirivaihtoon. N\u00e4ist\u00e4 eri vaihtomuodoista voit lukea lis\u00e4\u00e4 Suomen Rotaryn nuorisovaihdon sivuilta. Hakuaika seuraavan vuoden vaihtoihin on edelt\u00e4v\u00e4n\u00e4 syksyn\u00e4, elo-syyskuussa. Useimmat vuosivaihtoon hakevat aloittavat haun aikaan lukion 1. vuoden ja vaihto-oppilasvuosi alkaa mukaan valituille vuoden kuluttua elokuussa. Jos kiinnostuit, katso rye.fi -sivuilta hakuprosessista ja ohjeista vapaamuotoisen hakemuksen [&hellip;]<\/p>\n","protected":false},"author":1,"featured_media":0,"parent":77,"menu_order":0,"comment_status":"closed","ping_status":"closed","template":"","meta":{"_acf_changed":false,"_et_pb_use_builder":"on","_et_pb_old_content":"","_et_gb_content_width":"","footnotes":""},"class_list":["post-154","page","type-page","status-publish","hentry"],"acf":[],"yoast_head":"<!-- This site is optimized with the Yoast SEO plugin v27.4 - https:\/\/yoast.com\/product\/yoast-seo-wordpress\/ -->\n<title>Nuorisovaihto - Nastolan Rotaryklubi<\/title>\n<meta name=\"robots\" content=\"index, follow, max-snippet:-1, max-image-preview:large, max-video-preview:-1\" \/>\n<link rel=\"canonical\" href=\"https:\/\/rotary.fi\/nastola\/mita-teemme\/nuorisovaihto\/\" \/>\n<meta property=\"og:locale\" content=\"fi_FI\" \/>\n<meta property=\"og:type\" content=\"article\" \/>\n<meta property=\"og:title\" content=\"Nuorisovaihto - Nastolan Rotaryklubi\" \/>\n<meta property=\"og:description\" content=\"Nuorisovaihto Kiinnostuitko nuorisovaihdostaRotaryn kautta voit p\u00e4\u00e4st\u00e4 vuosivaihtoon, kes\u00e4vaihtoon tai leirivaihtoon. N\u00e4ist\u00e4 eri vaihtomuodoista voit lukea lis\u00e4\u00e4 Suomen Rotaryn nuorisovaihdon sivuilta. Hakuaika seuraavan vuoden vaihtoihin on edelt\u00e4v\u00e4n\u00e4 syksyn\u00e4, elo-syyskuussa. Useimmat vuosivaihtoon hakevat aloittavat haun aikaan lukion 1. vuoden ja vaihto-oppilasvuosi alkaa mukaan valituille vuoden kuluttua elokuussa. Jos kiinnostuit, katso rye.fi -sivuilta hakuprosessista ja ohjeista vapaamuotoisen hakemuksen [&hellip;]\" \/>\n<meta property=\"og:url\" content=\"https:\/\/rotary.fi\/nastola\/mita-teemme\/nuorisovaihto\/\" \/>\n<meta property=\"og:site_name\" content=\"Nastolan Rotaryklubi\" \/>\n<meta property=\"article:modified_time\" content=\"2025-07-22T12:31:01+00:00\" \/>\n<meta name=\"twitter:card\" content=\"summary_large_image\" \/>\n<meta name=\"twitter:label1\" content=\"Arvioitu lukuaika\" \/>\n\t<meta name=\"twitter:data1\" content=\"3 minuuttia\" \/>\n<script type=\"application\/ld+json\" class=\"yoast-schema-graph\">{\"@context\":\"https:\\\/\\\/schema.org\",\"@graph\":[{\"@type\":\"WebPage\",\"@id\":\"https:\\\/\\\/rotary.fi\\\/nastola\\\/mita-teemme\\\/nuorisovaihto\\\/\",\"url\":\"https:\\\/\\\/rotary.fi\\\/nastola\\\/mita-teemme\\\/nuorisovaihto\\\/\",\"name\":\"Nuorisovaihto - Nastolan Rotaryklubi\",\"isPartOf\":{\"@id\":\"https:\\\/\\\/rotary.fi\\\/nastola\\\/#website\"},\"datePublished\":\"2018-08-13T06:35:27+00:00\",\"dateModified\":\"2025-07-22T12:31:01+00:00\",\"breadcrumb\":{\"@id\":\"https:\\\/\\\/rotary.fi\\\/nastola\\\/mita-teemme\\\/nuorisovaihto\\\/#breadcrumb\"},\"inLanguage\":\"fi\",\"potentialAction\":[{\"@type\":\"ReadAction\",\"target\":[\"https:\\\/\\\/rotary.fi\\\/nastola\\\/mita-teemme\\\/nuorisovaihto\\\/\"]}]},{\"@type\":\"BreadcrumbList\",\"@id\":\"https:\\\/\\\/rotary.fi\\\/nastola\\\/mita-teemme\\\/nuorisovaihto\\\/#breadcrumb\",\"itemListElement\":[{\"@type\":\"ListItem\",\"position\":1,\"name\":\"Home\",\"item\":\"https:\\\/\\\/rotary.fi\\\/nastola\\\/\"},{\"@type\":\"ListItem\",\"position\":2,\"name\":\"Mit\u00e4 teemme\",\"item\":\"https:\\\/\\\/rotary.fi\\\/nastola\\\/mita-teemme\\\/\"},{\"@type\":\"ListItem\",\"position\":3,\"name\":\"Nuorisovaihto\"}]},{\"@type\":\"WebSite\",\"@id\":\"https:\\\/\\\/rotary.fi\\\/nastola\\\/#website\",\"url\":\"https:\\\/\\\/rotary.fi\\\/nastola\\\/\",\"name\":\"Nastolan Rotaryklubi\",\"description\":\"Uusi Rotary klubisivusto\",\"publisher\":{\"@id\":\"https:\\\/\\\/rotary.fi\\\/nastola\\\/#organization\"},\"potentialAction\":[{\"@type\":\"SearchAction\",\"target\":{\"@type\":\"EntryPoint\",\"urlTemplate\":\"https:\\\/\\\/rotary.fi\\\/nastola\\\/?s={search_term_string}\"},\"query-input\":{\"@type\":\"PropertyValueSpecification\",\"valueRequired\":true,\"valueName\":\"search_term_string\"}}],\"inLanguage\":\"fi\"},{\"@type\":\"Organization\",\"@id\":\"https:\\\/\\\/rotary.fi\\\/nastola\\\/#organization\",\"name\":\"Nastolan Rotaryklubi\",\"url\":\"https:\\\/\\\/rotary.fi\\\/nastola\\\/\",\"logo\":{\"@type\":\"ImageObject\",\"inLanguage\":\"fi\",\"@id\":\"https:\\\/\\\/rotary.fi\\\/nastola\\\/#\\\/schema\\\/logo\\\/image\\\/\",\"url\":\"https:\\\/\\\/rotary.fi\\\/nastola\\\/wp-content\\\/uploads\\\/sites\\\/256\\\/2018\\\/08\\\/rotary-logo-main-2.png\",\"contentUrl\":\"https:\\\/\\\/rotary.fi\\\/nastola\\\/wp-content\\\/uploads\\\/sites\\\/256\\\/2018\\\/08\\\/rotary-logo-main-2.png\",\"width\":135,\"height\":52,\"caption\":\"Nastolan Rotaryklubi\"},\"image\":{\"@id\":\"https:\\\/\\\/rotary.fi\\\/nastola\\\/#\\\/schema\\\/logo\\\/image\\\/\"}}]}<\/script>\n<!-- \/ Yoast SEO plugin. -->","yoast_head_json":{"title":"Nuorisovaihto - Nastolan Rotaryklubi","robots":{"index":"index","follow":"follow","max-snippet":"max-snippet:-1","max-image-preview":"max-image-preview:large","max-video-preview":"max-video-preview:-1"},"canonical":"https:\/\/rotary.fi\/nastola\/mita-teemme\/nuorisovaihto\/","og_locale":"fi_FI","og_type":"article","og_title":"Nuorisovaihto - Nastolan Rotaryklubi","og_description":"Nuorisovaihto Kiinnostuitko nuorisovaihdostaRotaryn kautta voit p\u00e4\u00e4st\u00e4 vuosivaihtoon, kes\u00e4vaihtoon tai leirivaihtoon. N\u00e4ist\u00e4 eri vaihtomuodoista voit lukea lis\u00e4\u00e4 Suomen Rotaryn nuorisovaihdon sivuilta. Hakuaika seuraavan vuoden vaihtoihin on edelt\u00e4v\u00e4n\u00e4 syksyn\u00e4, elo-syyskuussa. Useimmat vuosivaihtoon hakevat aloittavat haun aikaan lukion 1. vuoden ja vaihto-oppilasvuosi alkaa mukaan valituille vuoden kuluttua elokuussa. Jos kiinnostuit, katso rye.fi -sivuilta hakuprosessista ja ohjeista vapaamuotoisen hakemuksen [&hellip;]","og_url":"https:\/\/rotary.fi\/nastola\/mita-teemme\/nuorisovaihto\/","og_site_name":"Nastolan Rotaryklubi","article_modified_time":"2025-07-22T12:31:01+00:00","twitter_card":"summary_large_image","twitter_misc":{"Arvioitu lukuaika":"3 minuuttia"},"schema":{"@context":"https:\/\/schema.org","@graph":[{"@type":"WebPage","@id":"https:\/\/rotary.fi\/nastola\/mita-teemme\/nuorisovaihto\/","url":"https:\/\/rotary.fi\/nastola\/mita-teemme\/nuorisovaihto\/","name":"Nuorisovaihto - Nastolan Rotaryklubi","isPartOf":{"@id":"https:\/\/rotary.fi\/nastola\/#website"},"datePublished":"2018-08-13T06:35:27+00:00","dateModified":"2025-07-22T12:31:01+00:00","breadcrumb":{"@id":"https:\/\/rotary.fi\/nastola\/mita-teemme\/nuorisovaihto\/#breadcrumb"},"inLanguage":"fi","potentialAction":[{"@type":"ReadAction","target":["https:\/\/rotary.fi\/nastola\/mita-teemme\/nuorisovaihto\/"]}]},{"@type":"BreadcrumbList","@id":"https:\/\/rotary.fi\/nastola\/mita-teemme\/nuorisovaihto\/#breadcrumb","itemListElement":[{"@type":"ListItem","position":1,"name":"Home","item":"https:\/\/rotary.fi\/nastola\/"},{"@type":"ListItem","position":2,"name":"Mit\u00e4 teemme","item":"https:\/\/rotary.fi\/nastola\/mita-teemme\/"},{"@type":"ListItem","position":3,"name":"Nuorisovaihto"}]},{"@type":"WebSite","@id":"https:\/\/rotary.fi\/nastola\/#website","url":"https:\/\/rotary.fi\/nastola\/","name":"Nastolan Rotaryklubi","description":"Uusi Rotary klubisivusto","publisher":{"@id":"https:\/\/rotary.fi\/nastola\/#organization"},"potentialAction":[{"@type":"SearchAction","target":{"@type":"EntryPoint","urlTemplate":"https:\/\/rotary.fi\/nastola\/?s={search_term_string}"},"query-input":{"@type":"PropertyValueSpecification","valueRequired":true,"valueName":"search_term_string"}}],"inLanguage":"fi"},{"@type":"Organization","@id":"https:\/\/rotary.fi\/nastola\/#organization","name":"Nastolan Rotaryklubi","url":"https:\/\/rotary.fi\/nastola\/","logo":{"@type":"ImageObject","inLanguage":"fi","@id":"https:\/\/rotary.fi\/nastola\/#\/schema\/logo\/image\/","url":"https:\/\/rotary.fi\/nastola\/wp-content\/uploads\/sites\/256\/2018\/08\/rotary-logo-main-2.png","contentUrl":"https:\/\/rotary.fi\/nastola\/wp-content\/uploads\/sites\/256\/2018\/08\/rotary-logo-main-2.png","width":135,"height":52,"caption":"Nastolan Rotaryklubi"},"image":{"@id":"https:\/\/rotary.fi\/nastola\/#\/schema\/logo\/image\/"}}]}},"lang":"fi","translations":{"fi":154},"pll_sync_post":[],"_links":{"self":[{"href":"https:\/\/rotary.fi\/nastola\/wp-json\/wp\/v2\/pages\/154","targetHints":{"allow":["GET"]}}],"collection":[{"href":"https:\/\/rotary.fi\/nastola\/wp-json\/wp\/v2\/pages"}],"about":[{"href":"https:\/\/rotary.fi\/nastola\/wp-json\/wp\/v2\/types\/page"}],"author":[{"embeddable":true,"href":"https:\/\/rotary.fi\/nastola\/wp-json\/wp\/v2\/users\/1"}],"replies":[{"embeddable":true,"href":"https:\/\/rotary.fi\/nastola\/wp-json\/wp\/v2\/comments?post=154"}],"version-history":[{"count":10,"href":"https:\/\/rotary.fi\/nastola\/wp-json\/wp\/v2\/pages\/154\/revisions"}],"predecessor-version":[{"id":1706,"href":"https:\/\/rotary.fi\/nastola\/wp-json\/wp\/v2\/pages\/154\/revisions\/1706"}],"up":[{"embeddable":true,"href":"https:\/\/rotary.fi\/nastola\/wp-json\/wp\/v2\/pages\/77"}],"wp:attachment":[{"href":"https:\/\/rotary.fi\/nastola\/wp-json\/wp\/v2\/media?parent=154"}],"curies":[{"name":"wp","href":"https:\/\/api.w.org\/{rel}","templated":true}]}}