{"id":129,"date":"2018-08-10T13:41:39","date_gmt":"2018-08-10T10:41:39","guid":{"rendered":"https:\/\/rotary.fi\/klubi2\/?page_id=129"},"modified":"2024-07-04T16:44:16","modified_gmt":"2024-07-04T13:44:16","slug":"keita-olemme","status":"publish","type":"page","link":"https:\/\/rotary.fi\/nastola\/keita-olemme\/","title":{"rendered":"Keit\u00e4 olemme"},"content":{"rendered":"<p>[et_pb_section fb_built=&#8221;1&#8243; module_class=&#8221;jumbotron-page&#8221; _builder_version=&#8221;4.25.2&#8243; background_color=&#8221;#019FCB&#8221; use_background_color_gradient=&#8221;on&#8221; background_color_gradient_stops=&#8221;#3239ff 0%|#32baff 100%&#8221; background_enable_image=&#8221;off&#8221; global_colors_info=&#8221;{}&#8221;][et_pb_row _builder_version=&#8221;4.16&#8243; background_size=&#8221;initial&#8221; background_position=&#8221;top_left&#8221; background_repeat=&#8221;repeat&#8221; global_colors_info=&#8221;{}&#8221;][et_pb_column type=&#8221;4_4&#8243; _builder_version=&#8221;4.16&#8243; custom_padding=&#8221;|||&#8221; global_colors_info=&#8221;{}&#8221; custom_padding__hover=&#8221;|||&#8221;][et_pb_text admin_label=&#8221;P\u00e4\u00e4otsikko&#8221; _builder_version=&#8221;4.16&#8243; text_orientation=&#8221;center&#8221; background_layout=&#8221;dark&#8221; global_colors_info=&#8221;{}&#8221;]<\/p>\n<h1>Keit\u00e4 olemme<\/h1>\n<p>[\/et_pb_text][\/et_pb_column][\/et_pb_row][\/et_pb_section][et_pb_section fb_built=&#8221;1&#8243; specialty=&#8221;on&#8221; module_class_2=&#8221;sivupalkki&#8221; _builder_version=&#8221;4.25.2&#8243; global_colors_info=&#8221;{}&#8221;][et_pb_column type=&#8221;2_3&#8243; specialty_columns=&#8221;2&#8243; _builder_version=&#8221;4.16&#8243; custom_padding=&#8221;|||&#8221; global_colors_info=&#8221;{}&#8221; custom_padding__hover=&#8221;|||&#8221;][et_pb_row_inner admin_label=&#8221;Rivi&#8221; _builder_version=&#8221;4.25.1&#8243; custom_margin=&#8221;|10px||||&#8221; global_colors_info=&#8221;{}&#8221;][et_pb_column_inner saved_specialty_column_type=&#8221;2_3&#8243; _builder_version=&#8221;4.16&#8243; custom_padding=&#8221;|||&#8221; global_colors_info=&#8221;{}&#8221; custom_padding__hover=&#8221;|||&#8221;][et_pb_text admin_label=&#8221;Otsikko&#8221; _builder_version=&#8221;4.25.1&#8243; text_orientation=&#8221;center&#8221; custom_margin=&#8221;1px|||||&#8221; global_colors_info=&#8221;{}&#8221;][\/et_pb_text][et_pb_text admin_label=&#8221;Teksti&#8221; _builder_version=&#8221;4.25.1&#8243; global_colors_info=&#8221;{}&#8221;]<\/p>\n<h4>Keit\u00e4 olemme<\/h4>\n<p>Nastolan Rotaryklubi on aktiivinen rotaryklubi Lahden Nastolassa.<\/p>\n<p>Kokoonnumme luonaskokoukseen s\u00e4\u00e4nn\u00f6llisesti tapaamaan toisiamme, kuulemaan kiinnostavia esitelmi\u00e4 ja edist\u00e4m\u00e4\u00e4n Rotary-arvojen mukaista toimintaa paikkakunnallamme.<\/p>\n<p>Tuemme kansainv\u00e4lisen Rotaryj\u00e4rjest\u00f6n humanitaarisia projekteja, osallistumme nuorisovaihtoon sek\u00e4 edist\u00e4mme projekteillamme hyvinvointia l\u00e4hiseudulla ja valituissa kohteissa.\u00a0Klubissamme on 33 j\u00e4sent\u00e4 ja olemme osa Keski-Suomen Rotarypiiri\u00e4.<\/p>\n<p>&nbsp;<\/p>\n<h4>Harrastus, jolla on tarkoitus<\/h4>\n<p>Olemme keskittyneet nuorisovaihdon tukemiseen. J\u00e4rjest\u00e4mme nuoria Rotaryn kansainv\u00e4liseen kokovuotiseen nuorisovaihtoon. Kes\u00e4vaihto ja leirivaihto ovat hyvi\u00e4 vaihtoehtoja lyhyempiin jaksoihin.<\/p>\n<p>Meid\u00e4n mielest\u00e4mme nuorisovaihto on mit\u00e4 parhainta ruohonjuuritason kansainv\u00e4listymis- ja rauhankasvatusta.\u00a0<\/p>\n<p>&nbsp;<\/p>\n<h4>Vaikuttava kansainv\u00e4linen verkosto<\/h4>\n<p>Rotary on Chicagossa 23.2.1905 perustettu kansainv\u00e4linen palvelu- ja hyv\u00e4ntekev\u00e4isyysorganisaatio. Rotary Internationalin kotipaikka on Evanston, USA:n osavaltiossa Illinoisissa. Rotaryssa on noin 1,4 miljoonaa rotaria ja rotaractoria yli 200 maassa.<\/p>\n<p>Suomi on jaettu viiteen Rotarypiiriin, joista yhteen kuuluvat my\u00f6s Viron klubit. Suomessa ja Virossa on yhteens\u00e4 260 klubia, on joissa runsaat 8 000 rotaria.<\/p>\n<p>Rota<span style=\"color: #263b4c\">ryn tavoitteena on vaalia palvelemisen ihannetta kaiken arvossa pidetyn yritteli\u00e4isyyden perustana:<\/span><\/p>\n<p><span style=\"color: #263b4c\"><em><\/em><\/span><\/p>\n<ul>\n<li><span style=\"color: #263b4c\">Edist\u00e4m\u00e4ll\u00e4 tuttavuussuhteiden syntymist\u00e4 ja siten luomalla tilaisuuksia palvelemiseen.<\/span><\/li>\n<li><span style=\"color: #263b4c\">Vaalimalla liike- ja ammattimoraalia ja arvostamalla kaikkea hy\u00f6dyllist\u00e4 ty\u00f6t\u00e4 sek\u00e4 opastamalla jokaista rotaria n\u00e4kem\u00e4\u00e4n oma ammattinsa tilaisuutena palvella yhteiskuntaa.<\/span><\/li>\n<li><span style=\"color: #263b4c\">Innostamalla jokaista rotaria toteuttamaan palvelemisen ihannetta yksityisel\u00e4m\u00e4ss\u00e4\u00e4n, ammatissaan ja yhteiskunnan j\u00e4senen\u00e4.<\/span><\/li>\n<li><span style=\"color: #263b4c\">Edist\u00e4m\u00e4ll\u00e4 kansojen v\u00e4list\u00e4 yhteisymm\u00e4rryst\u00e4, hyv\u00e4\u00e4 tahtoa ja rauhaa maailmanlaajuisen toveruusverkoston avulla, jonka muodostavat palvelun ihanteeseen sitoutuneet eri alojen ammattilaiset ja liike-el\u00e4m\u00e4n edustajat.<\/span><\/li>\n<\/ul>\n<p><span style=\"color: #0050a2\"><em><\/em><\/span><\/p>\n<p><em><\/em><\/p>\n<p>[\/et_pb_text][\/et_pb_column_inner][\/et_pb_row_inner][\/et_pb_column][et_pb_column type=&#8221;1_3&#8243; _builder_version=&#8221;4.16&#8243; custom_padding=&#8221;|||&#8221; global_colors_info=&#8221;{}&#8221; custom_padding__hover=&#8221;|||&#8221;][et_pb_sidebar area=&#8221;sidebar-1&#8243; module_class=&#8221;sivupalkki_sisalto&#8221; _builder_version=&#8221;4.16&#8243; locked=&#8221;on&#8221; global_colors_info=&#8221;{}&#8221;]<\/p>\n<p>[\/et_pb_sidebar][\/et_pb_column][\/et_pb_section][et_pb_section fb_built=&#8221;1&#8243; _builder_version=&#8221;4.25.1&#8243; _module_preset=&#8221;default&#8221; global_colors_info=&#8221;{}&#8221;][et_pb_row _builder_version=&#8221;4.25.1&#8243; _module_preset=&#8221;default&#8221; global_colors_info=&#8221;{}&#8221;][et_pb_column type=&#8221;4_4&#8243; _builder_version=&#8221;4.25.1&#8243; _module_preset=&#8221;default&#8221; global_colors_info=&#8221;{}&#8221;][\/et_pb_column][\/et_pb_row][\/et_pb_section]<\/p>\n","protected":false},"excerpt":{"rendered":"<p>Keit\u00e4 olemme Keit\u00e4 olemme Nastolan Rotaryklubi on aktiivinen rotaryklubi Lahden Nastolassa. Kokoonnumme luonaskokoukseen s\u00e4\u00e4nn\u00f6llisesti tapaamaan toisiamme, kuulemaan kiinnostavia esitelmi\u00e4 ja edist\u00e4m\u00e4\u00e4n Rotary-arvojen mukaista toimintaa paikkakunnallamme. Tuemme kansainv\u00e4lisen Rotaryj\u00e4rjest\u00f6n humanitaarisia projekteja, osallistumme nuorisovaihtoon sek\u00e4 edist\u00e4mme projekteillamme hyvinvointia l\u00e4hiseudulla ja valituissa kohteissa.\u00a0Klubissamme on 33 j\u00e4sent\u00e4 ja olemme osa Keski-Suomen Rotarypiiri\u00e4. &nbsp; Harrastus, jolla on tarkoitus Olemme keskittyneet [&hellip;]<\/p>\n","protected":false},"author":1,"featured_media":0,"parent":0,"menu_order":0,"comment_status":"closed","ping_status":"closed","template":"","meta":{"_acf_changed":false,"_et_pb_use_builder":"on","_et_pb_old_content":"","_et_gb_content_width":"","footnotes":""},"class_list":["post-129","page","type-page","status-publish","hentry"],"acf":[],"yoast_head":"<!-- This site is optimized with the Yoast SEO plugin v27.4 - https:\/\/yoast.com\/product\/yoast-seo-wordpress\/ -->\n<title>Keit\u00e4 olemme - Nastolan Rotaryklubi<\/title>\n<meta name=\"robots\" content=\"index, follow, max-snippet:-1, max-image-preview:large, max-video-preview:-1\" \/>\n<link rel=\"canonical\" href=\"https:\/\/rotary.fi\/nastola\/keita-olemme\/\" \/>\n<meta property=\"og:locale\" content=\"fi_FI\" \/>\n<meta property=\"og:type\" content=\"article\" \/>\n<meta property=\"og:title\" content=\"Keit\u00e4 olemme - Nastolan Rotaryklubi\" \/>\n<meta property=\"og:description\" content=\"Keit\u00e4 olemme Keit\u00e4 olemme Nastolan Rotaryklubi on aktiivinen rotaryklubi Lahden Nastolassa. Kokoonnumme luonaskokoukseen s\u00e4\u00e4nn\u00f6llisesti tapaamaan toisiamme, kuulemaan kiinnostavia esitelmi\u00e4 ja edist\u00e4m\u00e4\u00e4n Rotary-arvojen mukaista toimintaa paikkakunnallamme. Tuemme kansainv\u00e4lisen Rotaryj\u00e4rjest\u00f6n humanitaarisia projekteja, osallistumme nuorisovaihtoon sek\u00e4 edist\u00e4mme projekteillamme hyvinvointia l\u00e4hiseudulla ja valituissa kohteissa.\u00a0Klubissamme on 33 j\u00e4sent\u00e4 ja olemme osa Keski-Suomen Rotarypiiri\u00e4. &nbsp; Harrastus, jolla on tarkoitus Olemme keskittyneet [&hellip;]\" \/>\n<meta property=\"og:url\" content=\"https:\/\/rotary.fi\/nastola\/keita-olemme\/\" \/>\n<meta property=\"og:site_name\" content=\"Nastolan Rotaryklubi\" \/>\n<meta property=\"article:modified_time\" content=\"2024-07-04T13:44:16+00:00\" \/>\n<meta name=\"twitter:card\" content=\"summary_large_image\" \/>\n<meta name=\"twitter:label1\" content=\"Arvioitu lukuaika\" \/>\n\t<meta name=\"twitter:data1\" content=\"3 minuuttia\" \/>\n<script type=\"application\/ld+json\" class=\"yoast-schema-graph\">{\"@context\":\"https:\\\/\\\/schema.org\",\"@graph\":[{\"@type\":\"WebPage\",\"@id\":\"https:\\\/\\\/rotary.fi\\\/nastola\\\/keita-olemme\\\/\",\"url\":\"https:\\\/\\\/rotary.fi\\\/nastola\\\/keita-olemme\\\/\",\"name\":\"Keit\u00e4 olemme - Nastolan Rotaryklubi\",\"isPartOf\":{\"@id\":\"https:\\\/\\\/rotary.fi\\\/nastola\\\/#website\"},\"datePublished\":\"2018-08-10T10:41:39+00:00\",\"dateModified\":\"2024-07-04T13:44:16+00:00\",\"breadcrumb\":{\"@id\":\"https:\\\/\\\/rotary.fi\\\/nastola\\\/keita-olemme\\\/#breadcrumb\"},\"inLanguage\":\"fi\",\"potentialAction\":[{\"@type\":\"ReadAction\",\"target\":[\"https:\\\/\\\/rotary.fi\\\/nastola\\\/keita-olemme\\\/\"]}]},{\"@type\":\"BreadcrumbList\",\"@id\":\"https:\\\/\\\/rotary.fi\\\/nastola\\\/keita-olemme\\\/#breadcrumb\",\"itemListElement\":[{\"@type\":\"ListItem\",\"position\":1,\"name\":\"Home\",\"item\":\"https:\\\/\\\/rotary.fi\\\/nastola\\\/\"},{\"@type\":\"ListItem\",\"position\":2,\"name\":\"Keit\u00e4 olemme\"}]},{\"@type\":\"WebSite\",\"@id\":\"https:\\\/\\\/rotary.fi\\\/nastola\\\/#website\",\"url\":\"https:\\\/\\\/rotary.fi\\\/nastola\\\/\",\"name\":\"Nastolan Rotaryklubi\",\"description\":\"Uusi Rotary klubisivusto\",\"publisher\":{\"@id\":\"https:\\\/\\\/rotary.fi\\\/nastola\\\/#organization\"},\"potentialAction\":[{\"@type\":\"SearchAction\",\"target\":{\"@type\":\"EntryPoint\",\"urlTemplate\":\"https:\\\/\\\/rotary.fi\\\/nastola\\\/?s={search_term_string}\"},\"query-input\":{\"@type\":\"PropertyValueSpecification\",\"valueRequired\":true,\"valueName\":\"search_term_string\"}}],\"inLanguage\":\"fi\"},{\"@type\":\"Organization\",\"@id\":\"https:\\\/\\\/rotary.fi\\\/nastola\\\/#organization\",\"name\":\"Nastolan Rotaryklubi\",\"url\":\"https:\\\/\\\/rotary.fi\\\/nastola\\\/\",\"logo\":{\"@type\":\"ImageObject\",\"inLanguage\":\"fi\",\"@id\":\"https:\\\/\\\/rotary.fi\\\/nastola\\\/#\\\/schema\\\/logo\\\/image\\\/\",\"url\":\"https:\\\/\\\/rotary.fi\\\/nastola\\\/wp-content\\\/uploads\\\/sites\\\/256\\\/2018\\\/08\\\/rotary-logo-main-2.png\",\"contentUrl\":\"https:\\\/\\\/rotary.fi\\\/nastola\\\/wp-content\\\/uploads\\\/sites\\\/256\\\/2018\\\/08\\\/rotary-logo-main-2.png\",\"width\":135,\"height\":52,\"caption\":\"Nastolan Rotaryklubi\"},\"image\":{\"@id\":\"https:\\\/\\\/rotary.fi\\\/nastola\\\/#\\\/schema\\\/logo\\\/image\\\/\"}}]}<\/script>\n<!-- \/ Yoast SEO plugin. -->","yoast_head_json":{"title":"Keit\u00e4 olemme - Nastolan Rotaryklubi","robots":{"index":"index","follow":"follow","max-snippet":"max-snippet:-1","max-image-preview":"max-image-preview:large","max-video-preview":"max-video-preview:-1"},"canonical":"https:\/\/rotary.fi\/nastola\/keita-olemme\/","og_locale":"fi_FI","og_type":"article","og_title":"Keit\u00e4 olemme - Nastolan Rotaryklubi","og_description":"Keit\u00e4 olemme Keit\u00e4 olemme Nastolan Rotaryklubi on aktiivinen rotaryklubi Lahden Nastolassa. Kokoonnumme luonaskokoukseen s\u00e4\u00e4nn\u00f6llisesti tapaamaan toisiamme, kuulemaan kiinnostavia esitelmi\u00e4 ja edist\u00e4m\u00e4\u00e4n Rotary-arvojen mukaista toimintaa paikkakunnallamme. Tuemme kansainv\u00e4lisen Rotaryj\u00e4rjest\u00f6n humanitaarisia projekteja, osallistumme nuorisovaihtoon sek\u00e4 edist\u00e4mme projekteillamme hyvinvointia l\u00e4hiseudulla ja valituissa kohteissa.\u00a0Klubissamme on 33 j\u00e4sent\u00e4 ja olemme osa Keski-Suomen Rotarypiiri\u00e4. &nbsp; Harrastus, jolla on tarkoitus Olemme keskittyneet [&hellip;]","og_url":"https:\/\/rotary.fi\/nastola\/keita-olemme\/","og_site_name":"Nastolan Rotaryklubi","article_modified_time":"2024-07-04T13:44:16+00:00","twitter_card":"summary_large_image","twitter_misc":{"Arvioitu lukuaika":"3 minuuttia"},"schema":{"@context":"https:\/\/schema.org","@graph":[{"@type":"WebPage","@id":"https:\/\/rotary.fi\/nastola\/keita-olemme\/","url":"https:\/\/rotary.fi\/nastola\/keita-olemme\/","name":"Keit\u00e4 olemme - Nastolan Rotaryklubi","isPartOf":{"@id":"https:\/\/rotary.fi\/nastola\/#website"},"datePublished":"2018-08-10T10:41:39+00:00","dateModified":"2024-07-04T13:44:16+00:00","breadcrumb":{"@id":"https:\/\/rotary.fi\/nastola\/keita-olemme\/#breadcrumb"},"inLanguage":"fi","potentialAction":[{"@type":"ReadAction","target":["https:\/\/rotary.fi\/nastola\/keita-olemme\/"]}]},{"@type":"BreadcrumbList","@id":"https:\/\/rotary.fi\/nastola\/keita-olemme\/#breadcrumb","itemListElement":[{"@type":"ListItem","position":1,"name":"Home","item":"https:\/\/rotary.fi\/nastola\/"},{"@type":"ListItem","position":2,"name":"Keit\u00e4 olemme"}]},{"@type":"WebSite","@id":"https:\/\/rotary.fi\/nastola\/#website","url":"https:\/\/rotary.fi\/nastola\/","name":"Nastolan Rotaryklubi","description":"Uusi Rotary klubisivusto","publisher":{"@id":"https:\/\/rotary.fi\/nastola\/#organization"},"potentialAction":[{"@type":"SearchAction","target":{"@type":"EntryPoint","urlTemplate":"https:\/\/rotary.fi\/nastola\/?s={search_term_string}"},"query-input":{"@type":"PropertyValueSpecification","valueRequired":true,"valueName":"search_term_string"}}],"inLanguage":"fi"},{"@type":"Organization","@id":"https:\/\/rotary.fi\/nastola\/#organization","name":"Nastolan Rotaryklubi","url":"https:\/\/rotary.fi\/nastola\/","logo":{"@type":"ImageObject","inLanguage":"fi","@id":"https:\/\/rotary.fi\/nastola\/#\/schema\/logo\/image\/","url":"https:\/\/rotary.fi\/nastola\/wp-content\/uploads\/sites\/256\/2018\/08\/rotary-logo-main-2.png","contentUrl":"https:\/\/rotary.fi\/nastola\/wp-content\/uploads\/sites\/256\/2018\/08\/rotary-logo-main-2.png","width":135,"height":52,"caption":"Nastolan Rotaryklubi"},"image":{"@id":"https:\/\/rotary.fi\/nastola\/#\/schema\/logo\/image\/"}}]}},"lang":"fi","translations":{"fi":129},"pll_sync_post":[],"_links":{"self":[{"href":"https:\/\/rotary.fi\/nastola\/wp-json\/wp\/v2\/pages\/129","targetHints":{"allow":["GET"]}}],"collection":[{"href":"https:\/\/rotary.fi\/nastola\/wp-json\/wp\/v2\/pages"}],"about":[{"href":"https:\/\/rotary.fi\/nastola\/wp-json\/wp\/v2\/types\/page"}],"author":[{"embeddable":true,"href":"https:\/\/rotary.fi\/nastola\/wp-json\/wp\/v2\/users\/1"}],"replies":[{"embeddable":true,"href":"https:\/\/rotary.fi\/nastola\/wp-json\/wp\/v2\/comments?post=129"}],"version-history":[{"count":10,"href":"https:\/\/rotary.fi\/nastola\/wp-json\/wp\/v2\/pages\/129\/revisions"}],"predecessor-version":[{"id":1678,"href":"https:\/\/rotary.fi\/nastola\/wp-json\/wp\/v2\/pages\/129\/revisions\/1678"}],"wp:attachment":[{"href":"https:\/\/rotary.fi\/nastola\/wp-json\/wp\/v2\/media?parent=129"}],"curies":[{"name":"wp","href":"https:\/\/api.w.org\/{rel}","templated":true}]}}