{"id":94,"date":"2018-08-09T15:14:30","date_gmt":"2018-08-09T12:14:30","guid":{"rendered":"https:\/\/rotary.fi\/klubi2\/?page_id=94"},"modified":"2020-08-21T10:01:43","modified_gmt":"2020-08-21T07:01:43","slug":"ajankohtaista","status":"publish","type":"page","link":"https:\/\/rotary.fi\/nagu\/ajankohtaista\/","title":{"rendered":"Ajankohtaista"},"content":{"rendered":"<p>[et_pb_section bb_built=&#8221;1&#8243; _builder_version=&#8221;3.4.1&#8243; background_image=&#8221;https:\/\/rotary.fi\/wp-content\/uploads\/2018\/02\/paakuva-sisasivu1.jpg&#8221; next_background_color=&#8221;#ffffff&#8221; module_class=&#8221;jumbotron-page&#8221;][et_pb_row][et_pb_column type=&#8221;4_4&#8243;][et_pb_text admin_label=&#8221;P\u00e4\u00e4otsikko&#8221; _builder_version=&#8221;3.4.1&#8243; text_orientation=&#8221;center&#8221; background_layout=&#8221;dark&#8221;]<\/p>\n<h1>Ajankohtaista<\/h1>\n<p>[\/et_pb_text][\/et_pb_column][\/et_pb_row][\/et_pb_section][et_pb_section bb_built=&#8221;1&#8243; specialty=&#8221;on&#8221; prev_background_color=&#8221;#000000&#8243; _builder_version=&#8221;3.4.1&#8243; module_class_2=&#8221;sivupalkki&#8221; locked=&#8221;on&#8221;][et_pb_column type=&#8221;2_3&#8243; specialty_columns=&#8221;2&#8243;][et_pb_row_inner admin_label=&#8221;Rivi&#8221; locked=&#8221;on&#8221; parent_locked=&#8221;on&#8221;][et_pb_column_inner type=&#8221;4_4&#8243; saved_specialty_column_type=&#8221;2_3&#8243;][et_pb_text admin_label=&#8221;Otsikko&#8221; _builder_version=&#8221;3.4.1&#8243; text_orientation=&#8221;center&#8221; parent_locked=&#8221;on&#8221;]<\/p>\n<h1>Ajankohtaista<\/h1>\n<p>[\/et_pb_text][et_pb_code admin_label=&#8221;Ajankohtaisten listaus&#8221; _builder_version=&#8221;3.17.6&#8243; module_class=&#8221;kaikki_ajankohtaiset&#8221; parent_locked=&#8221;on&#8221;]<ul class=\"display-posts-listing\"><li class=\"listing-item\"><a class=\"title\" href=\"https:\/\/rotary.fi\/nagu\/ajankohtaiset\/kutsu-nauvon-rotaryklubi-jarjestaa-avoimen-tiedotustilaisuuden-maanpuolustukseen-liittyvista-kysymyksista-20-3-2026-kello-18-20-ravintola-lescale\/\">KUTSU  Nauvon Rotaryklubi j\u00e4rjest\u00e4\u00e4 avoimen tiedotustilaisuuden maanpuolustukseen liittyvist\u00e4 kysymyksist\u00e4  20. 3.2026 kello 18-20 ravintola l\u2019Escale Nauvo<\/a> <span class=\"date\">5.2. 2026<\/span><\/li><li class=\"listing-item\"><a class=\"title\" href=\"https:\/\/rotary.fi\/nagu\/sv\/ajankohtaiset\/nagu-rk-inbjudan-till-info-tillfalle-kring-forsvarsfragor-fredag-20-mars-2026-kl-18-00-20-00-vid-lescale\/\">Nagu RK inbjudan till info.tillf\u00e4lle kring f\u00f6rsvarsfr\u00e5gor fredag 20 mars 2026 kl 18.00 \u2013 20.00 vid L\u00b4Escale Nagu<\/a> <span class=\"date\">5.2. 2026<\/span><\/li><li class=\"listing-item\"><a class=\"title\" href=\"https:\/\/rotary.fi\/nagu\/ajankohtaiset\/adventsloppis-i-nagu-forsamlingshem-lordagen-den-29-11-2025\/\">Adventtikirppis Nauvon seurakuntakodilla lauantaina 29.11.2025<\/a> <span class=\"date\">20.11. 2025<\/span><\/li><li class=\"listing-item\"><a class=\"title\" href=\"https:\/\/rotary.fi\/nagu\/sv\/ajankohtaiset\/adventsloppis-i-nagu-forsamlingshem-lordagen-29-11-2025\/\">Adventsloppis i Nagu f\u00f6rsamlingshem l\u00f6rdagen 29.11.2025<\/a> <span class=\"date\">20.11. 2025<\/span><\/li><li class=\"listing-item\"><a class=\"title\" href=\"https:\/\/rotary.fi\/nagu\/ajankohtaiset\/nagu-rotary-program-hosten-2025\/\">Nagu Rotary PROGRAM h\u00f6sten 2025<\/a> <span class=\"date\">4.9. 2025<\/span><\/li><li class=\"listing-item\"><a class=\"title\" href=\"https:\/\/rotary.fi\/nagu\/sv\/ajankohtaiset\/nagu-rotary-program-hosten-2025\/\">Nagu Rotary PROGRAM h\u00f6sten 2025<\/a> <span class=\"date\">4.9. 2025<\/span><\/li><li class=\"listing-item\"><a class=\"title\" href=\"https:\/\/rotary.fi\/nagu\/sv\/ajankohtaiset\/presidentbyte-vid-nagu-rotaryklubb-26-6-2025\/\">Presidentbyte vid Nagu Rotaryklubb 26.6.2025<\/a> <span class=\"date\">1.7. 2025<\/span><\/li><li class=\"listing-item\"><a class=\"title\" href=\"https:\/\/rotary.fi\/nagu\/ajankohtaiset\/presidentbyte-vid-nagu-rotaryklubb-26-6-2025\/\">Presidentbyte vid Nagu Rotaryklubb 26.6.2025<\/a> <span class=\"date\">1.7. 2025<\/span><\/li><li class=\"listing-item\"><a class=\"title\" href=\"https:\/\/rotary.fi\/nagu\/ajankohtaiset\/nagu-rotaryklubb-stottar-ukraina\/\">Nagu Rotaryklubb st\u00f6ttar Ukraina<\/a> <span class=\"date\">21.2. 2025<\/span><\/li><li class=\"listing-item\"><a class=\"title\" href=\"https:\/\/rotary.fi\/nagu\/sv\/ajankohtaiset\/nagu-rotaryklubb-stottar-ukraina\/\">Nagu Rotaryklubb st\u00f6ttar Ukraina<\/a> <span class=\"date\">21.2. 2025<\/span><\/li><li class=\"listing-item\"><a class=\"title\" href=\"https:\/\/rotary.fi\/nagu\/sv\/ajankohtaiset\/naturstigen-jungfrudansen-start-vid-nagu-gasthamn-turistinfopunkt\/\">Naturstigen Jungfrudansen \u2013 Start vid Nagu g\u00e4sthamn\/Turistinfopunkt<\/a> <span class=\"date\">29.8. 2024<\/span><\/li><li class=\"listing-item\"><a class=\"title\" href=\"https:\/\/rotary.fi\/nagu\/ajankohtaiset\/naturstigen-jungfrudansen-start-vid-nagu-gasthamn-turistinfopunkten-2\/\">Naturstigen Jungfrudansen \u2013 Start vid Nagu g\u00e4sthamn\/Turistinfopunkt<\/a> <span class=\"date\">24.8. 2024<\/span><\/li><li class=\"listing-item\"><a class=\"title\" href=\"https:\/\/rotary.fi\/nagu\/sv\/ajankohtaiset\/anmalan-till-arets-sandslottstavling-forneldsfest-framnas-lordag-31-8-2024\/\">Anm\u00e4lan till \u00e5rets Sandslottst\u00e4vling &amp; Forneldsfest \u2013 Framn\u00e4s l\u00f6rdag 31.8.2024<\/a> <span class=\"date\">20.8. 2024<\/span><\/li><li class=\"listing-item\"><a class=\"title\" href=\"https:\/\/rotary.fi\/nagu\/ajankohtaiset\/anmalan-till-arets-sandslottstavling-forneldsfest-framnas-lordag-31-8-2024\/\">Anm\u00e4lan till \u00e5rets Sandslottst\u00e4vling &amp; Forneldsfest \u2013 Framn\u00e4s l\u00f6rdag 31.8.2024<\/a> <span class=\"date\">20.8. 2024<\/span><\/li><li class=\"listing-item\"><a class=\"title\" href=\"https:\/\/rotary.fi\/nagu\/ajankohtaiset\/nagu-rk-presidentbyte-27-juni-2024\/\">Nagu RK presidentbyte 27 juni 2024<\/a> <span class=\"date\">5.7. 2024<\/span><\/li><li class=\"listing-item\"><a class=\"title\" href=\"https:\/\/rotary.fi\/nagu\/sv\/ajankohtaiset\/2596\/\">Nagu RK presidentbyte 27 juni 2024<\/a> <span class=\"date\">5.7. 2024<\/span><\/li><li class=\"listing-item\"><a class=\"title\" href=\"https:\/\/rotary.fi\/nagu\/sv\/ajankohtaiset\/nagu-rotaryklubbs-resa-till-tartu-estland-9-12-maj-2024\/\">Nagu Rotaryklubbs resa till Tartu Estland 9-12 maj 2024<\/a> <span class=\"date\">10.6. 2024<\/span><\/li><li class=\"listing-item\"><a class=\"title\" href=\"https:\/\/rotary.fi\/nagu\/ajankohtaiset\/nagu-rotaryklubbs-resa-till-tartu-estland-9-12-maj-2024\/\">Nagu Rotaryklubbs resa till Tartu Estland 9-12 maj 2024<\/a> <span class=\"date\">10.6. 2024<\/span><\/li><li class=\"listing-item\"><a class=\"title\" href=\"https:\/\/rotary.fi\/nagu\/ajankohtaiset\/nagu-rk-program-varterminen-2024\/\">Nagu RK PROGRAM &#8211; V\u00e5rterminen 2024<\/a> <span class=\"date\">4.2. 2024<\/span><\/li><li class=\"listing-item\"><a class=\"title\" href=\"https:\/\/rotary.fi\/nagu\/sv\/ajankohtaiset\/nagu-rotary-program-varterminen-2024\/\">Nagu Rotary PROGRAM &#8211; V\u00e5rterminen 2024<\/a> <span class=\"date\">4.2. 2024<\/span><\/li><li class=\"listing-item\"><a class=\"title\" href=\"https:\/\/rotary.fi\/nagu\/ajankohtaiset\/2529\/\">Nagu Rotaryklubb ny\u00e5rscocktail 31.12.2023<\/a> <span class=\"date\">8.1. 2024<\/span><\/li><li class=\"listing-item\"><a class=\"title\" href=\"https:\/\/rotary.fi\/nagu\/sv\/ajankohtaiset\/nagu-rotaryklubb-nyarscocktail-31-12-2023\/\">Nagu Rotaryklubb ny\u00e5rscocktail 31.12.2023<\/a> <span class=\"date\">8.1. 2024<\/span><\/li><li class=\"listing-item\"><a class=\"title\" href=\"https:\/\/rotary.fi\/nagu\/sv\/ajankohtaiset\/nagus-eldsjal-mona-hemmer-bjod-pa-ett-foredrag-29-10-om-sitt-intressanta-och-aktiva-liv\/\">Nagus eldsj\u00e4l, Mona Hemmer bj\u00f6d p\u00e5 ett f\u00f6redrag 29.10 om sitt intressanta och aktiva liv.<\/a> <span class=\"date\">5.11. 2023<\/span><\/li><li class=\"listing-item\"><a class=\"title\" href=\"https:\/\/rotary.fi\/nagu\/sv\/ajankohtaiset\/nagu-rotaryklubb-program-2023\/\">Nagu Rotaryklubb program 2023<\/a> <span class=\"date\">15.10. 2023<\/span><\/li><li class=\"listing-item\"><a class=\"title\" href=\"https:\/\/rotary.fi\/nagu\/ajankohtaiset\/nagu-program-2023\/\">Nagu Rotaryklubb program 2023<\/a> <span class=\"date\">15.10. 2023<\/span><\/li><li class=\"listing-item\"><a class=\"title\" href=\"https:\/\/rotary.fi\/nagu\/sv\/ajankohtaiset\/rotary-distrikt-1410-konferens-i-nagu-14-10-2023\/\">Rotary distrikt 1410 konferens i Nagu 14.10.2023<\/a> <span class=\"date\">15.10. 2023<\/span><\/li><li class=\"listing-item\"><a class=\"title\" href=\"https:\/\/rotary.fi\/nagu\/ajankohtaiset\/rotary-distrikt-1410-konferens-i-nagu-14-10-2023\/\">Rotary-distrikt 1410 konferens i Nagu 14.10.2023<\/a> <span class=\"date\">15.10. 2023<\/span><\/li><li class=\"listing-item\"><a class=\"title\" href=\"https:\/\/rotary.fi\/nagu\/ajankohtaiset\/nagu-rk-program-varterminen-2023\/\">Nagu Rotary program v\u00e5rterminen 2023<\/a> <span class=\"date\">9.2. 2023<\/span><\/li><li class=\"listing-item\"><a class=\"title\" href=\"https:\/\/rotary.fi\/nagu\/sv\/ajankohtaiset\/nagu-rk-program-varterminen-2023\/\">Nagu Rotary program v\u00e5rterminen 2023<\/a> <span class=\"date\">9.2. 2023<\/span><\/li><li class=\"listing-item\"><a class=\"title\" href=\"https:\/\/rotary.fi\/nagu\/ajankohtaiset\/nagu-rotary-olemme-mukana-myyjina-saariston-korjuujuhlien-markkinoilla-17-9-2022\/\">Nagu Rotary &#8211; Olemme mukana myyjin\u00e4 Saariston korjuujuhlien markkinoilla 17.9.2022.<\/a> <span class=\"date\">8.9. 2022<\/span><\/li><li class=\"listing-item\"><a class=\"title\" href=\"https:\/\/rotary.fi\/nagu\/sv\/ajankohtaiset\/nagu-rotary-deltar-i-skordefesten-17-september\/\">Nagu Rotary deltar i Sk\u00f6rdefesten 17 september 2022<\/a> <span class=\"date\">8.9. 2022<\/span><\/li><li class=\"listing-item\"><a class=\"title\" href=\"https:\/\/rotary.fi\/nagu\/ajankohtaiset\/ilmoittautuminen-nauvon-hiekkalinnakilpailuun-lauantai-27-8-2022\/\">Ilmoittautuminen Nauvon hiekkalinnakilpailuun lauantai 27.8.2022<\/a> <span class=\"date\">21.6. 2022<\/span><\/li><li class=\"listing-item\"><a class=\"title\" href=\"https:\/\/rotary.fi\/nagu\/sv\/ajankohtaiset\/anmalan-till-arets-sandslottstavling-forneldsfest-framnas-lordag-27-8-2022\/\">Anm\u00e4lan till \u00e5rets Sandslottst\u00e4vling &amp; Forneldsfest \u2013 Framn\u00e4s l\u00f6rdag 27.8.2022<\/a> <span class=\"date\">21.6. 2022<\/span><\/li><li class=\"listing-item\"><a class=\"title\" href=\"https:\/\/rotary.fi\/nagu\/sv\/ajankohtaiset\/nagu-rotaryklubb-traffas-pa-torsdagar-kl-18-00-19-00\/\">Nagu Rotaryklubb tr\u00e4ffas p\u00e5 torsdagar kl.18.00-19.00<\/a> <span class=\"date\">27.5. 2021<\/span><\/li><li class=\"listing-item\"><a class=\"title\" href=\"https:\/\/rotary.fi\/nagu\/ajankohtaiset\/rotary-moten-igen-pa-torsdagar-kl-18-00-19-00\/\">Rotarit kokoontuvat taas torstaisin klo. 18.00-19.00<\/a> <span class=\"date\">27.5. 2021<\/span><\/li><li class=\"listing-item\"><a class=\"title\" href=\"https:\/\/rotary.fi\/nagu\/sv\/ajankohtaiset\/fotograf-giles-duley-forevigade-ogonblick-i-nagu\/\">Fotograf Giles Duley f\u00f6revigade \u00f6gonblick i Nagu.<\/a> <span class=\"date\">22.2. 2021<\/span><\/li><li class=\"listing-item\"><a class=\"title\" href=\"https:\/\/rotary.fi\/nagu\/ajankohtaiset\/valokuvaaja-giles-duley-ikuisti-nauvolaisten-ja-uusasukkaiden-kohtaamista\/\">Valokuvaaja Giles Duley ikuisti Nauvolaisten ja uusasukkaiden kohtaamista<\/a> <span class=\"date\">22.2. 2021<\/span><\/li><li class=\"listing-item\"><a class=\"title\" href=\"https:\/\/rotary.fi\/nagu\/sv\/ajankohtaiset\/lankar-till-klubbens-instagram-och-facebook\/\">L\u00e4nkar till klubbens Instagram och Facebook<\/a> <span class=\"date\">30.1. 2021<\/span><\/li><li class=\"listing-item\"><a class=\"title\" href=\"https:\/\/rotary.fi\/nagu\/sv\/ajankohtaiset\/nagu-rotaryklubbs-stadgar\/\">Nagu Rotaryklubbs Stadgar<\/a> <span class=\"date\">16.12. 2020<\/span><\/li><li class=\"listing-item\"><a class=\"title\" href=\"https:\/\/rotary.fi\/nagu\/ajankohtaiset\/nrk-stadgar\/\">Nagu rotaryklubbs Stadgar<\/a> <span class=\"date\">16.12. 2020<\/span><\/li><li class=\"listing-item\"><a class=\"title\" href=\"https:\/\/rotary.fi\/nagu\/sv\/ajankohtaiset\/nagu-universitet-redovisade-sina-forskningsresultat-20-11-2020-for-nrk\/\">Sk\u00e4rg\u00e5rdshavets Forskningsinstitut p\u00e5 Sj\u00e4l\u00f6 redovisade sina forskningsresultat 20.11.2020 vid Nagu Rotaryklubbs veckom\u00f6te<\/a> <span class=\"date\">24.11. 2020<\/span><\/li><li class=\"listing-item\"><a class=\"title\" href=\"https:\/\/rotary.fi\/nagu\/ajankohtaiset\/ska%cc%88rga%cc%8ardshavets-forskningsintitut-pa%cc%8a-sja%cc%88lo%cc%88-redovisade-sina-forskningsresultat-20-11-2020\/\">Ska\u0308rga\u030ardshavets Forskningsintitut pa\u030a Sja\u0308lo\u0308 redovisade sina forskningsresultat 20.11.2020 f\u00f6r NRK<\/a> <span class=\"date\">24.11. 2020<\/span><\/li><li class=\"listing-item\"><a class=\"title\" href=\"https:\/\/rotary.fi\/nagu\/sv\/ajankohtaiset\/nrk-underhall-av-naturstigen-jungfrudansen-i-nagu3\/\">NRK underh\u00e5ll av naturstigen Jungfrudansen i Nagu3<\/a> <span class=\"date\">26.10. 2020<\/span><\/li><li class=\"listing-item\"><a class=\"title\" href=\"https:\/\/rotary.fi\/nagu\/sv\/ajankohtaiset\/resultat-sandslottstavling-nagu-framnas-29-8-2020\/\">RESULTAT &#8211; Sandslottst\u00e4vling \u2013 Nagu Framn\u00e4s 29.8.2020<\/a> <span class=\"date\">1.9. 2020<\/span><\/li><li class=\"listing-item\"><a class=\"title\" href=\"https:\/\/rotary.fi\/nagu\/ajankohtaiset\/global-grant-save-the-baltic-sea-2020-project\/\">Global Grant: Save The Baltic Sea &#8211; 2020 project<\/a> <span class=\"date\">13.5. 2020<\/span><\/li><li class=\"listing-item\"><a class=\"title\" href=\"https:\/\/rotary.fi\/nagu\/ajankohtaiset\/nagu-rotary-finns-nu-pa-instagram\/\">L\u00e4nkar till Nagu Rotaryklubb p\u00e5 Instagram och Facebook<\/a> <span class=\"date\">22.7. 2019<\/span><\/li><li class=\"listing-item\"><a class=\"title\" href=\"https:\/\/rotary.fi\/nagu\/ajankohtaiset\/nagu-rotary-underhall-av-naturstigen-jungfrudansen-finby\/\">Nagu Rotary \u00e5rliga underh\u00e5ll av naturstigen Jungfrudansen Finby<\/a> <span class=\"date\">22.5. 2019<\/span><\/li><li class=\"listing-item\"><a class=\"title\" href=\"https:\/\/rotary.fi\/nagu\/sv\/ajankohtaiset\/nrk-underhall-av-nagu-finby-naturstig-jungfrudansen-jatulintarha\/\">NRK underh\u00e5ll av Nagu Finby naturstig Jungfrudansen &#8211; Jatulintarha<\/a> <span class=\"date\">22.5. 2019<\/span><\/li><li class=\"listing-item\"><a class=\"title\" href=\"https:\/\/rotary.fi\/nagu\/ajankohtaiset\/nagu-rotary-rojning-av-gronomrade-i-centrala-nagu\/\">Nagu Rotary \u00e5rliga r\u00f6jning av gr\u00f6nomr\u00e5de i centrala Nagu<\/a> <span class=\"date\">20.5. 2019<\/span><\/li><li class=\"listing-item\"><a class=\"title\" href=\"https:\/\/rotary.fi\/nagu\/ajankohtaiset\/ja-viela-yksi-ajankohtainen-juttu\/\">Ja viel\u00e4 yksi ajankohtainen juttu<\/a> <span class=\"date\">8.8. 2018<\/span><\/li><li class=\"listing-item\"><a class=\"title\" href=\"https:\/\/rotary.fi\/nagu\/ajankohtaiset\/ajankohtainen-uutinen-vahan-pidemmalla-otsikolla\/\">Ajankohtainen uutinen v\u00e4h\u00e4n pidemm\u00e4ll\u00e4 otsikolla<\/a> <span class=\"date\">8.8. 2018<\/span><\/li><\/ul>[\/et_pb_code][\/et_pb_column_inner][\/et_pb_row_inner][\/et_pb_column][et_pb_column type=&#8221;1_3&#8243;][et_pb_sidebar _builder_version=&#8221;3.4.1&#8243; area=&#8221;sidebar-1&#8243; module_class=&#8221;sivupalkki_sisalto&#8221; parent_locked=&#8221;on&#8221; \/][\/et_pb_column][\/et_pb_section]<\/p>\n","protected":false},"excerpt":{"rendered":"<p>[et_pb_section bb_built=&#8221;1&#8243; _builder_version=&#8221;3.4.1&#8243; background_image=&#8221;https:\/\/rotary.fi\/wp-content\/uploads\/2018\/02\/paakuva-sisasivu1.jpg&#8221; next_background_color=&#8221;#ffffff&#8221; module_class=&#8221;jumbotron-page&#8221;][et_pb_row][et_pb_column type=&#8221;4_4&#8243;][et_pb_text admin_label=&#8221;P\u00e4\u00e4otsikko&#8221; _builder_version=&#8221;3.4.1&#8243; text_orientation=&#8221;center&#8221; background_layout=&#8221;dark&#8221;] Ajankohtaista [\/et_pb_text][\/et_pb_column][\/et_pb_row][\/et_pb_section][et_pb_section bb_built=&#8221;1&#8243; specialty=&#8221;on&#8221; prev_background_color=&#8221;#000000&#8243; _builder_version=&#8221;3.4.1&#8243; module_class_2=&#8221;sivupalkki&#8221; locked=&#8221;on&#8221;][et_pb_column type=&#8221;2_3&#8243; specialty_columns=&#8221;2&#8243;][et_pb_row_inner admin_label=&#8221;Rivi&#8221; locked=&#8221;on&#8221; parent_locked=&#8221;on&#8221;][et_pb_column_inner type=&#8221;4_4&#8243; saved_specialty_column_type=&#8221;2_3&#8243;][et_pb_text admin_label=&#8221;Otsikko&#8221; _builder_version=&#8221;3.4.1&#8243; text_orientation=&#8221;center&#8221; parent_locked=&#8221;on&#8221;] Ajankohtaista [\/et_pb_text][et_pb_code admin_label=&#8221;Ajankohtaisten listaus&#8221; _builder_version=&#8221;3.17.6&#8243; module_class=&#8221;kaikki_ajankohtaiset&#8221; parent_locked=&#8221;on&#8221;][\/et_pb_code][\/et_pb_column_inner][\/et_pb_row_inner][\/et_pb_column][et_pb_column type=&#8221;1_3&#8243;][et_pb_sidebar _builder_version=&#8221;3.4.1&#8243; area=&#8221;sidebar-1&#8243; module_class=&#8221;sivupalkki_sisalto&#8221; parent_locked=&#8221;on&#8221; \/][\/et_pb_column][\/et_pb_section]<\/p>\n","protected":false},"author":1,"featured_media":0,"parent":0,"menu_order":4,"comment_status":"closed","ping_status":"closed","template":"","meta":{"_acf_changed":false,"_et_pb_use_builder":"on","_et_pb_old_content":"","_et_gb_content_width":"","footnotes":""},"class_list":["post-94","page","type-page","status-publish","hentry"],"acf":[],"yoast_head":"<!-- This site is optimized with the Yoast SEO plugin v27.4 - https:\/\/yoast.com\/product\/yoast-seo-wordpress\/ -->\n<title>Ajankohtaista - Nagu Rotaryklubb<\/title>\n<meta name=\"robots\" content=\"index, follow, max-snippet:-1, max-image-preview:large, max-video-preview:-1\" \/>\n<link rel=\"canonical\" href=\"https:\/\/rotary.fi\/nagu\/ajankohtaista\/\" \/>\n<meta property=\"og:locale\" content=\"sv_SE\" \/>\n<meta property=\"og:type\" content=\"article\" \/>\n<meta property=\"og:title\" content=\"Ajankohtaista - Nagu Rotaryklubb\" \/>\n<meta property=\"og:description\" content=\"[et_pb_section bb_built=&#8221;1&#8243; _builder_version=&#8221;3.4.1&#8243; background_image=&#8221;https:\/\/rotary.fi\/wp-content\/uploads\/2018\/02\/paakuva-sisasivu1.jpg&#8221; next_background_color=&#8221;#ffffff&#8221; module_class=&#8221;jumbotron-page&#8221;][et_pb_row][et_pb_column type=&#8221;4_4&#8243;][et_pb_text admin_label=&#8221;P\u00e4\u00e4otsikko&#8221; _builder_version=&#8221;3.4.1&#8243; text_orientation=&#8221;center&#8221; background_layout=&#8221;dark&#8221;] Ajankohtaista [\/et_pb_text][\/et_pb_column][\/et_pb_row][\/et_pb_section][et_pb_section bb_built=&#8221;1&#8243; specialty=&#8221;on&#8221; prev_background_color=&#8221;#000000&#8243; _builder_version=&#8221;3.4.1&#8243; module_class_2=&#8221;sivupalkki&#8221; locked=&#8221;on&#8221;][et_pb_column type=&#8221;2_3&#8243; specialty_columns=&#8221;2&#8243;][et_pb_row_inner admin_label=&#8221;Rivi&#8221; locked=&#8221;on&#8221; parent_locked=&#8221;on&#8221;][et_pb_column_inner type=&#8221;4_4&#8243; saved_specialty_column_type=&#8221;2_3&#8243;][et_pb_text admin_label=&#8221;Otsikko&#8221; _builder_version=&#8221;3.4.1&#8243; text_orientation=&#8221;center&#8221; parent_locked=&#8221;on&#8221;] Ajankohtaista [\/et_pb_text][et_pb_code admin_label=&#8221;Ajankohtaisten listaus&#8221; _builder_version=&#8221;3.17.6&#8243; module_class=&#8221;kaikki_ajankohtaiset&#8221; parent_locked=&#8221;on&#8221;][\/et_pb_code][\/et_pb_column_inner][\/et_pb_row_inner][\/et_pb_column][et_pb_column type=&#8221;1_3&#8243;][et_pb_sidebar _builder_version=&#8221;3.4.1&#8243; area=&#8221;sidebar-1&#8243; module_class=&#8221;sivupalkki_sisalto&#8221; parent_locked=&#8221;on&#8221; \/][\/et_pb_column][\/et_pb_section]\" \/>\n<meta property=\"og:url\" content=\"https:\/\/rotary.fi\/nagu\/ajankohtaista\/\" \/>\n<meta property=\"og:site_name\" content=\"Nagu Rotaryklubb\" \/>\n<meta property=\"article:modified_time\" content=\"2020-08-21T07:01:43+00:00\" \/>\n<meta name=\"twitter:card\" content=\"summary_large_image\" \/>\n<meta name=\"twitter:label1\" content=\"Ber\u00e4knad l\u00e4stid\" \/>\n\t<meta name=\"twitter:data1\" content=\"1 minut\" \/>\n<script type=\"application\/ld+json\" class=\"yoast-schema-graph\">{\"@context\":\"https:\\\/\\\/schema.org\",\"@graph\":[{\"@type\":\"WebPage\",\"@id\":\"https:\\\/\\\/rotary.fi\\\/nagu\\\/ajankohtaista\\\/\",\"url\":\"https:\\\/\\\/rotary.fi\\\/nagu\\\/ajankohtaista\\\/\",\"name\":\"Ajankohtaista - Nagu Rotaryklubb\",\"isPartOf\":{\"@id\":\"https:\\\/\\\/rotary.fi\\\/nagu\\\/#website\"},\"datePublished\":\"2018-08-09T12:14:30+00:00\",\"dateModified\":\"2020-08-21T07:01:43+00:00\",\"breadcrumb\":{\"@id\":\"https:\\\/\\\/rotary.fi\\\/nagu\\\/ajankohtaista\\\/#breadcrumb\"},\"inLanguage\":\"sv-SE\",\"potentialAction\":[{\"@type\":\"ReadAction\",\"target\":[\"https:\\\/\\\/rotary.fi\\\/nagu\\\/ajankohtaista\\\/\"]}]},{\"@type\":\"BreadcrumbList\",\"@id\":\"https:\\\/\\\/rotary.fi\\\/nagu\\\/ajankohtaista\\\/#breadcrumb\",\"itemListElement\":[{\"@type\":\"ListItem\",\"position\":1,\"name\":\"Home\",\"item\":\"https:\\\/\\\/rotary.fi\\\/nagu\\\/\"},{\"@type\":\"ListItem\",\"position\":2,\"name\":\"Ajankohtaista\"}]},{\"@type\":\"WebSite\",\"@id\":\"https:\\\/\\\/rotary.fi\\\/nagu\\\/#website\",\"url\":\"https:\\\/\\\/rotary.fi\\\/nagu\\\/\",\"name\":\"Nagu Rotaryklubb\",\"description\":\"Uusi Rotary klubisivusto\",\"potentialAction\":[{\"@type\":\"SearchAction\",\"target\":{\"@type\":\"EntryPoint\",\"urlTemplate\":\"https:\\\/\\\/rotary.fi\\\/nagu\\\/?s={search_term_string}\"},\"query-input\":{\"@type\":\"PropertyValueSpecification\",\"valueRequired\":true,\"valueName\":\"search_term_string\"}}],\"inLanguage\":\"sv-SE\"}]}<\/script>\n<!-- \/ Yoast SEO plugin. -->","yoast_head_json":{"title":"Ajankohtaista - Nagu Rotaryklubb","robots":{"index":"index","follow":"follow","max-snippet":"max-snippet:-1","max-image-preview":"max-image-preview:large","max-video-preview":"max-video-preview:-1"},"canonical":"https:\/\/rotary.fi\/nagu\/ajankohtaista\/","og_locale":"sv_SE","og_type":"article","og_title":"Ajankohtaista - Nagu Rotaryklubb","og_description":"[et_pb_section bb_built=&#8221;1&#8243; _builder_version=&#8221;3.4.1&#8243; background_image=&#8221;https:\/\/rotary.fi\/wp-content\/uploads\/2018\/02\/paakuva-sisasivu1.jpg&#8221; next_background_color=&#8221;#ffffff&#8221; module_class=&#8221;jumbotron-page&#8221;][et_pb_row][et_pb_column type=&#8221;4_4&#8243;][et_pb_text admin_label=&#8221;P\u00e4\u00e4otsikko&#8221; _builder_version=&#8221;3.4.1&#8243; text_orientation=&#8221;center&#8221; background_layout=&#8221;dark&#8221;] Ajankohtaista [\/et_pb_text][\/et_pb_column][\/et_pb_row][\/et_pb_section][et_pb_section bb_built=&#8221;1&#8243; specialty=&#8221;on&#8221; prev_background_color=&#8221;#000000&#8243; _builder_version=&#8221;3.4.1&#8243; module_class_2=&#8221;sivupalkki&#8221; locked=&#8221;on&#8221;][et_pb_column type=&#8221;2_3&#8243; specialty_columns=&#8221;2&#8243;][et_pb_row_inner admin_label=&#8221;Rivi&#8221; locked=&#8221;on&#8221; parent_locked=&#8221;on&#8221;][et_pb_column_inner type=&#8221;4_4&#8243; saved_specialty_column_type=&#8221;2_3&#8243;][et_pb_text admin_label=&#8221;Otsikko&#8221; _builder_version=&#8221;3.4.1&#8243; text_orientation=&#8221;center&#8221; parent_locked=&#8221;on&#8221;] Ajankohtaista [\/et_pb_text][et_pb_code admin_label=&#8221;Ajankohtaisten listaus&#8221; _builder_version=&#8221;3.17.6&#8243; module_class=&#8221;kaikki_ajankohtaiset&#8221; parent_locked=&#8221;on&#8221;][\/et_pb_code][\/et_pb_column_inner][\/et_pb_row_inner][\/et_pb_column][et_pb_column type=&#8221;1_3&#8243;][et_pb_sidebar _builder_version=&#8221;3.4.1&#8243; area=&#8221;sidebar-1&#8243; module_class=&#8221;sivupalkki_sisalto&#8221; parent_locked=&#8221;on&#8221; \/][\/et_pb_column][\/et_pb_section]","og_url":"https:\/\/rotary.fi\/nagu\/ajankohtaista\/","og_site_name":"Nagu Rotaryklubb","article_modified_time":"2020-08-21T07:01:43+00:00","twitter_card":"summary_large_image","twitter_misc":{"Ber\u00e4knad l\u00e4stid":"1 minut"},"schema":{"@context":"https:\/\/schema.org","@graph":[{"@type":"WebPage","@id":"https:\/\/rotary.fi\/nagu\/ajankohtaista\/","url":"https:\/\/rotary.fi\/nagu\/ajankohtaista\/","name":"Ajankohtaista - Nagu Rotaryklubb","isPartOf":{"@id":"https:\/\/rotary.fi\/nagu\/#website"},"datePublished":"2018-08-09T12:14:30+00:00","dateModified":"2020-08-21T07:01:43+00:00","breadcrumb":{"@id":"https:\/\/rotary.fi\/nagu\/ajankohtaista\/#breadcrumb"},"inLanguage":"sv-SE","potentialAction":[{"@type":"ReadAction","target":["https:\/\/rotary.fi\/nagu\/ajankohtaista\/"]}]},{"@type":"BreadcrumbList","@id":"https:\/\/rotary.fi\/nagu\/ajankohtaista\/#breadcrumb","itemListElement":[{"@type":"ListItem","position":1,"name":"Home","item":"https:\/\/rotary.fi\/nagu\/"},{"@type":"ListItem","position":2,"name":"Ajankohtaista"}]},{"@type":"WebSite","@id":"https:\/\/rotary.fi\/nagu\/#website","url":"https:\/\/rotary.fi\/nagu\/","name":"Nagu Rotaryklubb","description":"Uusi Rotary klubisivusto","potentialAction":[{"@type":"SearchAction","target":{"@type":"EntryPoint","urlTemplate":"https:\/\/rotary.fi\/nagu\/?s={search_term_string}"},"query-input":{"@type":"PropertyValueSpecification","valueRequired":true,"valueName":"search_term_string"}}],"inLanguage":"sv-SE"}]}},"lang":"fi","translations":{"fi":94,"sv":2019},"pll_sync_post":[],"_links":{"self":[{"href":"https:\/\/rotary.fi\/nagu\/wp-json\/wp\/v2\/pages\/94","targetHints":{"allow":["GET"]}}],"collection":[{"href":"https:\/\/rotary.fi\/nagu\/wp-json\/wp\/v2\/pages"}],"about":[{"href":"https:\/\/rotary.fi\/nagu\/wp-json\/wp\/v2\/types\/page"}],"author":[{"embeddable":true,"href":"https:\/\/rotary.fi\/nagu\/wp-json\/wp\/v2\/users\/1"}],"replies":[{"embeddable":true,"href":"https:\/\/rotary.fi\/nagu\/wp-json\/wp\/v2\/comments?post=94"}],"version-history":[{"count":6,"href":"https:\/\/rotary.fi\/nagu\/wp-json\/wp\/v2\/pages\/94\/revisions"}],"predecessor-version":[{"id":1750,"href":"https:\/\/rotary.fi\/nagu\/wp-json\/wp\/v2\/pages\/94\/revisions\/1750"}],"wp:attachment":[{"href":"https:\/\/rotary.fi\/nagu\/wp-json\/wp\/v2\/media?parent=94"}],"curies":[{"name":"wp","href":"https:\/\/api.w.org\/{rel}","templated":true}]}}