{"id":2884,"date":"2025-11-20T08:18:00","date_gmt":"2025-11-20T06:18:00","guid":{"rendered":"https:\/\/rotary.fi\/nagu\/?page_id=2884"},"modified":"2025-11-20T08:18:00","modified_gmt":"2025-11-20T06:18:00","slug":"adventsloppis-i-nagu-forsamlingshem-lordag-2-11-2025","status":"publish","type":"page","link":"https:\/\/rotary.fi\/nagu\/sv\/adventsloppis-i-nagu-forsamlingshem-lordag-2-11-2025\/","title":{"rendered":"Adventsloppis i Nagu f\u00f6rsamlingshem &#8211; L\u00f6rdag 2.11.2025"},"content":{"rendered":"<p><strong>Adventsloppis i Nagu f\u00f6rsamlingshemmet p\u00e5 l\u00f6rdagen 29.11.<\/strong> <\/p>\n<p>Vi s\u00e4ljer dekorationer och annat roligt och nyttigt, som man brukar beh\u00f6va juletider, i f\u00f6rsamlingshemmet p\u00e5 l\u00f6rdagen 29.11. mellan klockan 10 och fjorton. Inkomsterna g\u00e5r till f\u00f6rm\u00e5n av Sk\u00e4rg\u00e5rdshavets forskning.<\/p>\n<p>V\u00e4lkomna att fynda!<\/p>\n<p><strong>Adventtikirppis Nauvon seurakuntakodilla lauantaina 29.11.<\/strong><\/p>\n<p>Myymme joulukoristeita ja muuta joulunaikaan tarpeellista, hauskaa ja hy\u00f6dyllist\u00e4 tavaraa seurakuntakodilla lauantaina 29.11. kello 10-14. Tulot menev\u00e4t Saaristomeren tutkimuksen hyv\u00e4ksi.<\/p>\n<p>Tervetuloa tekem\u00e4\u00e4n l\u00f6yt\u00f6j\u00e4!<br \/>\n<img loading=\"lazy\" decoding=\"async\" src=\"https:\/\/rotary.fi\/nagu\/wp-content\/uploads\/sites\/117\/2025\/11\/forsamlingshem2-nagu-1.jpg\" alt=\"\" width=\"807\" height=\"686\" class=\"alignnone size-full wp-image-2885\" srcset=\"https:\/\/rotary.fi\/nagu\/wp-content\/uploads\/sites\/117\/2025\/11\/forsamlingshem2-nagu-1.jpg 807w, https:\/\/rotary.fi\/nagu\/wp-content\/uploads\/sites\/117\/2025\/11\/forsamlingshem2-nagu-1-480x408.jpg 480w\" sizes=\"(min-width: 0px) and (max-width: 480px) 480px, (min-width: 481px) 807px, 100vw\" \/><\/p>\n","protected":false},"excerpt":{"rendered":"<p>Adventsloppis i Nagu f\u00f6rsamlingshemmet p\u00e5 l\u00f6rdagen 29.11. Vi s\u00e4ljer dekorationer och annat roligt och nyttigt, som man brukar beh\u00f6va juletider, i f\u00f6rsamlingshemmet p\u00e5 l\u00f6rdagen 29.11. mellan klockan 10 och fjorton. Inkomsterna g\u00e5r till f\u00f6rm\u00e5n av Sk\u00e4rg\u00e5rdshavets forskning. V\u00e4lkomna att fynda! Adventtikirppis Nauvon seurakuntakodilla lauantaina 29.11. Myymme joulukoristeita ja muuta joulunaikaan tarpeellista, hauskaa ja hy\u00f6dyllist\u00e4 tavaraa [&hellip;]<\/p>\n","protected":false},"author":151,"featured_media":0,"parent":0,"menu_order":0,"comment_status":"closed","ping_status":"closed","template":"","meta":{"_acf_changed":false,"_et_pb_use_builder":"","_et_pb_old_content":"","_et_gb_content_width":"","footnotes":""},"class_list":["post-2884","page","type-page","status-publish","hentry"],"acf":[],"yoast_head":"<!-- This site is optimized with the Yoast SEO plugin v27.0 - https:\/\/yoast.com\/product\/yoast-seo-wordpress\/ -->\n<title>Adventsloppis i Nagu f\u00f6rsamlingshem - L\u00f6rdag 2.11.2025 - Nagu Rotaryklubb<\/title>\n<meta name=\"robots\" content=\"index, follow, max-snippet:-1, max-image-preview:large, max-video-preview:-1\" \/>\n<link rel=\"canonical\" href=\"https:\/\/rotary.fi\/nagu\/sv\/adventsloppis-i-nagu-forsamlingshem-lordag-2-11-2025\/\" \/>\n<meta property=\"og:locale\" content=\"sv_SE\" \/>\n<meta property=\"og:type\" content=\"article\" \/>\n<meta property=\"og:title\" content=\"Adventsloppis i Nagu f\u00f6rsamlingshem - L\u00f6rdag 2.11.2025 - Nagu Rotaryklubb\" \/>\n<meta property=\"og:description\" content=\"Adventsloppis i Nagu f\u00f6rsamlingshemmet p\u00e5 l\u00f6rdagen 29.11. Vi s\u00e4ljer dekorationer och annat roligt och nyttigt, som man brukar beh\u00f6va juletider, i f\u00f6rsamlingshemmet p\u00e5 l\u00f6rdagen 29.11. mellan klockan 10 och fjorton. Inkomsterna g\u00e5r till f\u00f6rm\u00e5n av Sk\u00e4rg\u00e5rdshavets forskning. V\u00e4lkomna att fynda! Adventtikirppis Nauvon seurakuntakodilla lauantaina 29.11. Myymme joulukoristeita ja muuta joulunaikaan tarpeellista, hauskaa ja hy\u00f6dyllist\u00e4 tavaraa [&hellip;]\" \/>\n<meta property=\"og:url\" content=\"https:\/\/rotary.fi\/nagu\/sv\/adventsloppis-i-nagu-forsamlingshem-lordag-2-11-2025\/\" \/>\n<meta property=\"og:site_name\" content=\"Nagu Rotaryklubb\" \/>\n<meta property=\"og:image\" content=\"https:\/\/rotary.fi\/nagu\/wp-content\/uploads\/sites\/117\/2025\/11\/forsamlingshem2-nagu-1.jpg\" \/>\n\t<meta property=\"og:image:width\" content=\"807\" \/>\n\t<meta property=\"og:image:height\" content=\"686\" \/>\n\t<meta property=\"og:image:type\" content=\"image\/jpeg\" \/>\n<meta name=\"twitter:card\" content=\"summary_large_image\" \/>\n<script type=\"application\/ld+json\" class=\"yoast-schema-graph\">{\"@context\":\"https:\/\/schema.org\",\"@graph\":[{\"@type\":\"WebPage\",\"@id\":\"https:\/\/rotary.fi\/nagu\/sv\/adventsloppis-i-nagu-forsamlingshem-lordag-2-11-2025\/\",\"url\":\"https:\/\/rotary.fi\/nagu\/sv\/adventsloppis-i-nagu-forsamlingshem-lordag-2-11-2025\/\",\"name\":\"Adventsloppis i Nagu f\u00f6rsamlingshem - L\u00f6rdag 2.11.2025 - Nagu Rotaryklubb\",\"isPartOf\":{\"@id\":\"https:\/\/rotary.fi\/nagu\/#website\"},\"primaryImageOfPage\":{\"@id\":\"https:\/\/rotary.fi\/nagu\/sv\/adventsloppis-i-nagu-forsamlingshem-lordag-2-11-2025\/#primaryimage\"},\"image\":{\"@id\":\"https:\/\/rotary.fi\/nagu\/sv\/adventsloppis-i-nagu-forsamlingshem-lordag-2-11-2025\/#primaryimage\"},\"thumbnailUrl\":\"https:\/\/rotary.fi\/nagu\/wp-content\/uploads\/sites\/117\/2025\/11\/forsamlingshem2-nagu-1.jpg\",\"datePublished\":\"2025-11-20T06:18:00+00:00\",\"breadcrumb\":{\"@id\":\"https:\/\/rotary.fi\/nagu\/sv\/adventsloppis-i-nagu-forsamlingshem-lordag-2-11-2025\/#breadcrumb\"},\"inLanguage\":\"sv-SE\",\"potentialAction\":[{\"@type\":\"ReadAction\",\"target\":[\"https:\/\/rotary.fi\/nagu\/sv\/adventsloppis-i-nagu-forsamlingshem-lordag-2-11-2025\/\"]}]},{\"@type\":\"ImageObject\",\"inLanguage\":\"sv-SE\",\"@id\":\"https:\/\/rotary.fi\/nagu\/sv\/adventsloppis-i-nagu-forsamlingshem-lordag-2-11-2025\/#primaryimage\",\"url\":\"https:\/\/rotary.fi\/nagu\/wp-content\/uploads\/sites\/117\/2025\/11\/forsamlingshem2-nagu-1.jpg\",\"contentUrl\":\"https:\/\/rotary.fi\/nagu\/wp-content\/uploads\/sites\/117\/2025\/11\/forsamlingshem2-nagu-1.jpg\",\"width\":807,\"height\":686},{\"@type\":\"BreadcrumbList\",\"@id\":\"https:\/\/rotary.fi\/nagu\/sv\/adventsloppis-i-nagu-forsamlingshem-lordag-2-11-2025\/#breadcrumb\",\"itemListElement\":[{\"@type\":\"ListItem\",\"position\":1,\"name\":\"Home\",\"item\":\"https:\/\/rotary.fi\/nagu\/\"},{\"@type\":\"ListItem\",\"position\":2,\"name\":\"Adventsloppis i Nagu f\u00f6rsamlingshem &#8211; L\u00f6rdag 2.11.2025\"}]},{\"@type\":\"WebSite\",\"@id\":\"https:\/\/rotary.fi\/nagu\/#website\",\"url\":\"https:\/\/rotary.fi\/nagu\/\",\"name\":\"Nagu Rotaryklubb\",\"description\":\"Uusi Rotary klubisivusto\",\"potentialAction\":[{\"@type\":\"SearchAction\",\"target\":{\"@type\":\"EntryPoint\",\"urlTemplate\":\"https:\/\/rotary.fi\/nagu\/?s={search_term_string}\"},\"query-input\":{\"@type\":\"PropertyValueSpecification\",\"valueRequired\":true,\"valueName\":\"search_term_string\"}}],\"inLanguage\":\"sv-SE\"}]}<\/script>\n<!-- \/ Yoast SEO plugin. -->","yoast_head_json":{"title":"Adventsloppis i Nagu f\u00f6rsamlingshem - L\u00f6rdag 2.11.2025 - Nagu Rotaryklubb","robots":{"index":"index","follow":"follow","max-snippet":"max-snippet:-1","max-image-preview":"max-image-preview:large","max-video-preview":"max-video-preview:-1"},"canonical":"https:\/\/rotary.fi\/nagu\/sv\/adventsloppis-i-nagu-forsamlingshem-lordag-2-11-2025\/","og_locale":"sv_SE","og_type":"article","og_title":"Adventsloppis i Nagu f\u00f6rsamlingshem - L\u00f6rdag 2.11.2025 - Nagu Rotaryklubb","og_description":"Adventsloppis i Nagu f\u00f6rsamlingshemmet p\u00e5 l\u00f6rdagen 29.11. Vi s\u00e4ljer dekorationer och annat roligt och nyttigt, som man brukar beh\u00f6va juletider, i f\u00f6rsamlingshemmet p\u00e5 l\u00f6rdagen 29.11. mellan klockan 10 och fjorton. Inkomsterna g\u00e5r till f\u00f6rm\u00e5n av Sk\u00e4rg\u00e5rdshavets forskning. V\u00e4lkomna att fynda! Adventtikirppis Nauvon seurakuntakodilla lauantaina 29.11. Myymme joulukoristeita ja muuta joulunaikaan tarpeellista, hauskaa ja hy\u00f6dyllist\u00e4 tavaraa [&hellip;]","og_url":"https:\/\/rotary.fi\/nagu\/sv\/adventsloppis-i-nagu-forsamlingshem-lordag-2-11-2025\/","og_site_name":"Nagu Rotaryklubb","og_image":[{"width":807,"height":686,"url":"https:\/\/rotary.fi\/nagu\/wp-content\/uploads\/sites\/117\/2025\/11\/forsamlingshem2-nagu-1.jpg","type":"image\/jpeg"}],"twitter_card":"summary_large_image","schema":{"@context":"https:\/\/schema.org","@graph":[{"@type":"WebPage","@id":"https:\/\/rotary.fi\/nagu\/sv\/adventsloppis-i-nagu-forsamlingshem-lordag-2-11-2025\/","url":"https:\/\/rotary.fi\/nagu\/sv\/adventsloppis-i-nagu-forsamlingshem-lordag-2-11-2025\/","name":"Adventsloppis i Nagu f\u00f6rsamlingshem - L\u00f6rdag 2.11.2025 - Nagu Rotaryklubb","isPartOf":{"@id":"https:\/\/rotary.fi\/nagu\/#website"},"primaryImageOfPage":{"@id":"https:\/\/rotary.fi\/nagu\/sv\/adventsloppis-i-nagu-forsamlingshem-lordag-2-11-2025\/#primaryimage"},"image":{"@id":"https:\/\/rotary.fi\/nagu\/sv\/adventsloppis-i-nagu-forsamlingshem-lordag-2-11-2025\/#primaryimage"},"thumbnailUrl":"https:\/\/rotary.fi\/nagu\/wp-content\/uploads\/sites\/117\/2025\/11\/forsamlingshem2-nagu-1.jpg","datePublished":"2025-11-20T06:18:00+00:00","breadcrumb":{"@id":"https:\/\/rotary.fi\/nagu\/sv\/adventsloppis-i-nagu-forsamlingshem-lordag-2-11-2025\/#breadcrumb"},"inLanguage":"sv-SE","potentialAction":[{"@type":"ReadAction","target":["https:\/\/rotary.fi\/nagu\/sv\/adventsloppis-i-nagu-forsamlingshem-lordag-2-11-2025\/"]}]},{"@type":"ImageObject","inLanguage":"sv-SE","@id":"https:\/\/rotary.fi\/nagu\/sv\/adventsloppis-i-nagu-forsamlingshem-lordag-2-11-2025\/#primaryimage","url":"https:\/\/rotary.fi\/nagu\/wp-content\/uploads\/sites\/117\/2025\/11\/forsamlingshem2-nagu-1.jpg","contentUrl":"https:\/\/rotary.fi\/nagu\/wp-content\/uploads\/sites\/117\/2025\/11\/forsamlingshem2-nagu-1.jpg","width":807,"height":686},{"@type":"BreadcrumbList","@id":"https:\/\/rotary.fi\/nagu\/sv\/adventsloppis-i-nagu-forsamlingshem-lordag-2-11-2025\/#breadcrumb","itemListElement":[{"@type":"ListItem","position":1,"name":"Home","item":"https:\/\/rotary.fi\/nagu\/"},{"@type":"ListItem","position":2,"name":"Adventsloppis i Nagu f\u00f6rsamlingshem &#8211; L\u00f6rdag 2.11.2025"}]},{"@type":"WebSite","@id":"https:\/\/rotary.fi\/nagu\/#website","url":"https:\/\/rotary.fi\/nagu\/","name":"Nagu Rotaryklubb","description":"Uusi Rotary klubisivusto","potentialAction":[{"@type":"SearchAction","target":{"@type":"EntryPoint","urlTemplate":"https:\/\/rotary.fi\/nagu\/?s={search_term_string}"},"query-input":{"@type":"PropertyValueSpecification","valueRequired":true,"valueName":"search_term_string"}}],"inLanguage":"sv-SE"}]}},"lang":"sv","translations":{"sv":2884},"pll_sync_post":[],"_links":{"self":[{"href":"https:\/\/rotary.fi\/nagu\/wp-json\/wp\/v2\/pages\/2884","targetHints":{"allow":["GET"]}}],"collection":[{"href":"https:\/\/rotary.fi\/nagu\/wp-json\/wp\/v2\/pages"}],"about":[{"href":"https:\/\/rotary.fi\/nagu\/wp-json\/wp\/v2\/types\/page"}],"author":[{"embeddable":true,"href":"https:\/\/rotary.fi\/nagu\/wp-json\/wp\/v2\/users\/151"}],"replies":[{"embeddable":true,"href":"https:\/\/rotary.fi\/nagu\/wp-json\/wp\/v2\/comments?post=2884"}],"version-history":[{"count":2,"href":"https:\/\/rotary.fi\/nagu\/wp-json\/wp\/v2\/pages\/2884\/revisions"}],"predecessor-version":[{"id":2887,"href":"https:\/\/rotary.fi\/nagu\/wp-json\/wp\/v2\/pages\/2884\/revisions\/2887"}],"wp:attachment":[{"href":"https:\/\/rotary.fi\/nagu\/wp-json\/wp\/v2\/media?parent=2884"}],"curies":[{"name":"wp","href":"https:\/\/api.w.org\/{rel}","templated":true}]}}