{"id":2012,"date":"2020-08-21T10:48:35","date_gmt":"2020-08-21T07:48:35","guid":{"rendered":"https:\/\/rotary.fi\/nagu\/?page_id=2012"},"modified":"2020-08-21T11:14:26","modified_gmt":"2020-08-21T08:14:26","slug":"ar-du-intresserad-av-ett-medlemskap","status":"publish","type":"page","link":"https:\/\/rotary.fi\/nagu\/sv\/kom-med\/ar-du-intresserad-av-ett-medlemskap\/","title":{"rendered":"\u00c4r Du intresserad av ett medlemskap?"},"content":{"rendered":"<p>[et_pb_section fb_built=&#8221;1&#8243; module_class=&#8221;jumbotron-page&#8221; _builder_version=&#8221;3.22&#8243; background_image=&#8221;https:\/\/rotary.fi\/wp-content\/uploads\/2018\/04\/paakuva_liity_mukaan.jpg&#8221;][et_pb_row _builder_version=&#8221;3.25&#8243; background_size=&#8221;initial&#8221; background_position=&#8221;top_left&#8221; background_repeat=&#8221;repeat&#8221;][et_pb_column type=&#8221;4_4&#8243; _builder_version=&#8221;3.25&#8243; custom_padding=&#8221;|||&#8221; custom_padding__hover=&#8221;|||&#8221;][et_pb_text admin_label=&#8221;P\u00e4\u00e4otsikko: \u00c4r Du intresserad av ett medlemskap?&#8221; _builder_version=&#8221;4.4.8&#8243; text_orientation=&#8221;center&#8221; background_layout=&#8221;dark&#8221;]<\/p>\n<h1>\u00c4r Du intresserad av ett medlemskap?<\/h1>\n<p>[\/et_pb_text][\/et_pb_column][\/et_pb_row][\/et_pb_section][et_pb_section fb_built=&#8221;1&#8243; specialty=&#8221;on&#8221; module_class_2=&#8221;sivupalkki&#8221; _builder_version=&#8221;3.22&#8243;][et_pb_column type=&#8221;2_3&#8243; specialty_columns=&#8221;2&#8243; _builder_version=&#8221;3.25&#8243; custom_padding=&#8221;|||&#8221; custom_padding__hover=&#8221;|||&#8221;][et_pb_row_inner admin_label=&#8221;Rivi&#8221; _builder_version=&#8221;3.25&#8243;][et_pb_column_inner saved_specialty_column_type=&#8221;2_3&#8243; _builder_version=&#8221;3.25&#8243; custom_padding=&#8221;|||&#8221; custom_padding__hover=&#8221;|||&#8221;][et_pb_text admin_label=&#8221;Kiinnostaako j\u00e4senyys? &#8211; Otsikko ennen teksti\u00e4&#8221; _builder_version=&#8221;3.27.4&#8243; text_orientation=&#8221;center&#8221;]<\/p>\n<h1>Kiinnostaako j\u00e4senyys?<\/h1>\n<p>[\/et_pb_text][et_pb_text _builder_version=&#8221;3.27.4&#8243;]<\/p>\n<p class=\"p1\"><span class=\"s1\">Haluatko tehd\u00e4 hyv\u00e4\u00e4 ja vaikuttaa asioihin niin kotipaikkakunnallasi kuin maailmanlaajuisesti? Liity Rotaryyn! Saat rotarina hyv\u00e4n mahdollisuuden oman paikkakuntasi kehitt\u00e4miseen yhdess\u00e4 samanhenkisten vaikuttajien kanssa. Voit tehd\u00e4 paljon oman yhteis\u00f6si j\u00e4senen\u00e4, ammattisi edustajana, osaajana ja vaikuttajana. Rotary on kansainv\u00e4linen toimija, jonka kautta avautuu mahdollisuuksia ja n\u00e4k\u00f6aloja my\u00f6s maailmanlaajuiseen toimintaan. Saat erinomaisen mahdollisuuden verkostoitumiseen niin paikallisesti, valtakunnallisesti kuin laajemminkin. <\/span><\/p>\n<p class=\"p1\"><span class=\"s1\">Tutustu my\u00f6s nuorille suunnattuun toimintaan, <a href=\"https:\/\/rotary.fi\/mita-teemme\/nuorisopalvelut\/interact\/\" target=\"_blank\" rel=\"noopener noreferrer\"><span class=\"s2\">Interactiin<\/span><\/a><\/span> <span class=\"s1\">ja <a href=\"https:\/\/rotary.fi\/mita-teemme\/nuorisopalvelut\/rotaract\/\" target=\"_blank\" rel=\"noopener noreferrer\"><span class=\"s2\">Rotaractiin<\/span><\/a><\/span><\/p>\n<p>[\/et_pb_text][\/et_pb_column_inner][\/et_pb_row_inner][et_pb_row_inner admin_label=&#8221;Rivi&#8221; _builder_version=&#8221;3.25&#8243;][et_pb_column_inner saved_specialty_column_type=&#8221;2_3&#8243; _builder_version=&#8221;3.25&#8243; custom_padding=&#8221;|||&#8221; custom_padding__hover=&#8221;|||&#8221;][et_pb_text admin_label=&#8221;Kymmenen hyv\u00e4\u00e4 syyt\u00e4 olla rotari &#8211; Otsikko&#8221; _builder_version=&#8221;3.27.4&#8243; text_orientation=&#8221;center&#8221;]<\/p>\n<h4>Kymmenen hyv\u00e4\u00e4 syyt\u00e4 olla rotari<\/h4>\n<p>[\/et_pb_text][et_pb_text _builder_version=&#8221;3.27.4&#8243;]<\/p>\n<p class=\"p1\"><span class=\"s1\"><strong>Rotarina voit<\/strong> <\/span><\/p>\n<p class=\"p1\"><em><strong><span class=\"s1\">1. palvella ja k\u00e4ytt\u00e4\u00e4 omaa osaamistasi<br \/>\n2. verkostoitua ammatillisesti<br \/>\n3. kasvaa ja kehitty\u00e4 ihmisen\u00e4<br \/>\n4. solmia uusia yst\u00e4vyyssuhteita<span class=\"Apple-converted-space\">\u00a0 <\/span><br \/>\n5. p\u00e4\u00e4st\u00e4 osalliseksi kulttuurien monimuotoisuudesta<br \/>\n6. toimia hyv\u00e4n\u00e4 yhteiskunnan j\u00e4senen\u00e4<br \/>\n7. edist\u00e4\u00e4 maailmanlaajuista yhteisymm\u00e4rryst\u00e4<br \/>\n8. viihty\u00e4 ja kokea uusia asioita<br \/>\n9. olla mukana nuorisovaihdossa ja ottaa halutessasi kotiisi vaihto-oppilaan<br \/>\n10. olla mukana eettisess\u00e4 toiminnassa. <\/span><\/strong><\/em><\/p>\n<p>[\/et_pb_text][\/et_pb_column_inner][\/et_pb_row_inner][et_pb_row_inner admin_label=&#8221;Rivi&#8221; _builder_version=&#8221;3.25&#8243;][et_pb_column_inner saved_specialty_column_type=&#8221;2_3&#8243; _builder_version=&#8221;3.25&#8243; custom_padding=&#8221;|||&#8221; custom_padding__hover=&#8221;|||&#8221;][et_pb_text admin_label=&#8221;Nelj\u00e4n kysymyksen koe &#8211; Otsikko&#8221; _builder_version=&#8221;3.27.4&#8243; text_orientation=&#8221;center&#8221;]<\/p>\n<h4>Nelj\u00e4n kysymyksen koe<\/h4>\n<p>[\/et_pb_text][et_pb_text _builder_version=&#8221;3.27.4&#8243;]<\/p>\n<p class=\"p1\"><span class=\"s1\">Rotaryn k\u00e4yt\u00e4nn\u00f6n toimintaa ohjaavat eettiset periaatteet. Nelj\u00e4n kysymyksen kokeella pyrimme<span class=\"Apple-converted-space\">\u00a0 <\/span>edist\u00e4m\u00e4\u00e4n hyvi\u00e4 toimintatapoja niin keskin\u00e4isess\u00e4 kanssak\u00e4ymisess\u00e4 kuin palveluhankkeissa. Tutki siis ajatuksesi, sanasi ja tekosi niiden avulla.<\/span><\/p>\n<p class=\"p1\"><strong><span class=\"s1\"><i>1. Onko t\u00e4m\u00e4 TOTTA? <\/i><br \/>\n<i>2. Onko t\u00e4m\u00e4 OIKEUDENMUKAISTA kaikkia asianosaisia kohtaan? <\/i><br \/>\n<i>3. Luoko t\u00e4m\u00e4 HYV\u00c4\u00c4 TAHTOA ja PARANTAAKO T\u00c4M\u00c4 YST\u00c4VYYSSUHTEITA? <\/i><br \/>\n<i>4. Onko t\u00e4m\u00e4 kaikkien osapuolten EDUN MUKAISTA?<\/i><\/span><\/strong><\/p>\n<p>[\/et_pb_text][\/et_pb_column_inner][\/et_pb_row_inner][et_pb_row_inner admin_label=&#8221;Rivi&#8221; _builder_version=&#8221;3.25&#8243;][et_pb_column_inner saved_specialty_column_type=&#8221;2_3&#8243; _builder_version=&#8221;3.25&#8243; custom_padding=&#8221;|||&#8221; custom_padding__hover=&#8221;|||&#8221;][et_pb_button button_url=&#8221;https:\/\/rotary.fi\/nagu\/tule-mukaan\/&#8221; button_text=&#8221;Tule mukaan&#8221; _builder_version=&#8221;3.17&#8243;][\/et_pb_button][\/et_pb_column_inner][\/et_pb_row_inner][\/et_pb_column][et_pb_column type=&#8221;1_3&#8243; _builder_version=&#8221;3.25&#8243; custom_padding=&#8221;|||&#8221; custom_padding__hover=&#8221;|||&#8221;][et_pb_sidebar area=&#8221;sidebar-1&#8243; module_class=&#8221;sivupalkki_sisalto&#8221; _builder_version=&#8221;3.4.1&#8243; locked=&#8221;on&#8221;][\/et_pb_sidebar][\/et_pb_column][\/et_pb_section]<\/p>\n","protected":false},"excerpt":{"rendered":"<p>\u00c4r Du intresserad av ett medlemskap?Kiinnostaako j\u00e4senyys? Haluatko tehd\u00e4 hyv\u00e4\u00e4 ja vaikuttaa asioihin niin kotipaikkakunnallasi kuin maailmanlaajuisesti? Liity Rotaryyn! Saat rotarina hyv\u00e4n mahdollisuuden oman paikkakuntasi kehitt\u00e4miseen yhdess\u00e4 samanhenkisten vaikuttajien kanssa. Voit tehd\u00e4 paljon oman yhteis\u00f6si j\u00e4senen\u00e4, ammattisi edustajana, osaajana ja vaikuttajana. Rotary on kansainv\u00e4linen toimija, jonka kautta avautuu mahdollisuuksia ja n\u00e4k\u00f6aloja my\u00f6s maailmanlaajuiseen toimintaan. Saat [&hellip;]<\/p>\n","protected":false},"author":1,"featured_media":0,"parent":2064,"menu_order":1,"comment_status":"closed","ping_status":"closed","template":"","meta":{"_acf_changed":false,"_et_pb_use_builder":"on","_et_pb_old_content":"","_et_gb_content_width":"","footnotes":""},"class_list":["post-2012","page","type-page","status-publish","hentry"],"acf":[],"yoast_head":"<!-- This site is optimized with the Yoast SEO plugin v27.4 - https:\/\/yoast.com\/product\/yoast-seo-wordpress\/ -->\n<title>\u00c4r Du intresserad av ett medlemskap? - Nagu Rotaryklubb<\/title>\n<meta name=\"robots\" content=\"index, follow, max-snippet:-1, max-image-preview:large, max-video-preview:-1\" \/>\n<link rel=\"canonical\" href=\"https:\/\/rotary.fi\/nagu\/sv\/kom-med\/ar-du-intresserad-av-ett-medlemskap\/\" \/>\n<meta property=\"og:locale\" content=\"sv_SE\" \/>\n<meta property=\"og:type\" content=\"article\" \/>\n<meta property=\"og:title\" content=\"\u00c4r Du intresserad av ett medlemskap? - Nagu Rotaryklubb\" \/>\n<meta property=\"og:description\" content=\"\u00c4r Du intresserad av ett medlemskap?Kiinnostaako j\u00e4senyys? Haluatko tehd\u00e4 hyv\u00e4\u00e4 ja vaikuttaa asioihin niin kotipaikkakunnallasi kuin maailmanlaajuisesti? Liity Rotaryyn! Saat rotarina hyv\u00e4n mahdollisuuden oman paikkakuntasi kehitt\u00e4miseen yhdess\u00e4 samanhenkisten vaikuttajien kanssa. Voit tehd\u00e4 paljon oman yhteis\u00f6si j\u00e4senen\u00e4, ammattisi edustajana, osaajana ja vaikuttajana. Rotary on kansainv\u00e4linen toimija, jonka kautta avautuu mahdollisuuksia ja n\u00e4k\u00f6aloja my\u00f6s maailmanlaajuiseen toimintaan. Saat [&hellip;]\" \/>\n<meta property=\"og:url\" content=\"https:\/\/rotary.fi\/nagu\/sv\/kom-med\/ar-du-intresserad-av-ett-medlemskap\/\" \/>\n<meta property=\"og:site_name\" content=\"Nagu Rotaryklubb\" \/>\n<meta property=\"article:modified_time\" content=\"2020-08-21T08:14:26+00:00\" \/>\n<meta name=\"twitter:card\" content=\"summary_large_image\" \/>\n<meta name=\"twitter:label1\" content=\"Ber\u00e4knad l\u00e4stid\" \/>\n\t<meta name=\"twitter:data1\" content=\"3 minuter\" \/>\n<script type=\"application\/ld+json\" class=\"yoast-schema-graph\">{\"@context\":\"https:\\\/\\\/schema.org\",\"@graph\":[{\"@type\":\"WebPage\",\"@id\":\"https:\\\/\\\/rotary.fi\\\/nagu\\\/sv\\\/kom-med\\\/ar-du-intresserad-av-ett-medlemskap\\\/\",\"url\":\"https:\\\/\\\/rotary.fi\\\/nagu\\\/sv\\\/kom-med\\\/ar-du-intresserad-av-ett-medlemskap\\\/\",\"name\":\"\u00c4r Du intresserad av ett medlemskap? - Nagu Rotaryklubb\",\"isPartOf\":{\"@id\":\"https:\\\/\\\/rotary.fi\\\/nagu\\\/#website\"},\"datePublished\":\"2020-08-21T07:48:35+00:00\",\"dateModified\":\"2020-08-21T08:14:26+00:00\",\"breadcrumb\":{\"@id\":\"https:\\\/\\\/rotary.fi\\\/nagu\\\/sv\\\/kom-med\\\/ar-du-intresserad-av-ett-medlemskap\\\/#breadcrumb\"},\"inLanguage\":\"sv-SE\",\"potentialAction\":[{\"@type\":\"ReadAction\",\"target\":[\"https:\\\/\\\/rotary.fi\\\/nagu\\\/sv\\\/kom-med\\\/ar-du-intresserad-av-ett-medlemskap\\\/\"]}]},{\"@type\":\"BreadcrumbList\",\"@id\":\"https:\\\/\\\/rotary.fi\\\/nagu\\\/sv\\\/kom-med\\\/ar-du-intresserad-av-ett-medlemskap\\\/#breadcrumb\",\"itemListElement\":[{\"@type\":\"ListItem\",\"position\":1,\"name\":\"Home\",\"item\":\"https:\\\/\\\/rotary.fi\\\/nagu\\\/\"},{\"@type\":\"ListItem\",\"position\":2,\"name\":\"Kom med\",\"item\":\"https:\\\/\\\/rotary.fi\\\/nagu\\\/sv\\\/kom-med\\\/\"},{\"@type\":\"ListItem\",\"position\":3,\"name\":\"\u00c4r Du intresserad av ett medlemskap?\"}]},{\"@type\":\"WebSite\",\"@id\":\"https:\\\/\\\/rotary.fi\\\/nagu\\\/#website\",\"url\":\"https:\\\/\\\/rotary.fi\\\/nagu\\\/\",\"name\":\"Nagu Rotaryklubb\",\"description\":\"Uusi Rotary klubisivusto\",\"potentialAction\":[{\"@type\":\"SearchAction\",\"target\":{\"@type\":\"EntryPoint\",\"urlTemplate\":\"https:\\\/\\\/rotary.fi\\\/nagu\\\/?s={search_term_string}\"},\"query-input\":{\"@type\":\"PropertyValueSpecification\",\"valueRequired\":true,\"valueName\":\"search_term_string\"}}],\"inLanguage\":\"sv-SE\"}]}<\/script>\n<!-- \/ Yoast SEO plugin. -->","yoast_head_json":{"title":"\u00c4r Du intresserad av ett medlemskap? - Nagu Rotaryklubb","robots":{"index":"index","follow":"follow","max-snippet":"max-snippet:-1","max-image-preview":"max-image-preview:large","max-video-preview":"max-video-preview:-1"},"canonical":"https:\/\/rotary.fi\/nagu\/sv\/kom-med\/ar-du-intresserad-av-ett-medlemskap\/","og_locale":"sv_SE","og_type":"article","og_title":"\u00c4r Du intresserad av ett medlemskap? - Nagu Rotaryklubb","og_description":"\u00c4r Du intresserad av ett medlemskap?Kiinnostaako j\u00e4senyys? Haluatko tehd\u00e4 hyv\u00e4\u00e4 ja vaikuttaa asioihin niin kotipaikkakunnallasi kuin maailmanlaajuisesti? Liity Rotaryyn! Saat rotarina hyv\u00e4n mahdollisuuden oman paikkakuntasi kehitt\u00e4miseen yhdess\u00e4 samanhenkisten vaikuttajien kanssa. Voit tehd\u00e4 paljon oman yhteis\u00f6si j\u00e4senen\u00e4, ammattisi edustajana, osaajana ja vaikuttajana. Rotary on kansainv\u00e4linen toimija, jonka kautta avautuu mahdollisuuksia ja n\u00e4k\u00f6aloja my\u00f6s maailmanlaajuiseen toimintaan. Saat [&hellip;]","og_url":"https:\/\/rotary.fi\/nagu\/sv\/kom-med\/ar-du-intresserad-av-ett-medlemskap\/","og_site_name":"Nagu Rotaryklubb","article_modified_time":"2020-08-21T08:14:26+00:00","twitter_card":"summary_large_image","twitter_misc":{"Ber\u00e4knad l\u00e4stid":"3 minuter"},"schema":{"@context":"https:\/\/schema.org","@graph":[{"@type":"WebPage","@id":"https:\/\/rotary.fi\/nagu\/sv\/kom-med\/ar-du-intresserad-av-ett-medlemskap\/","url":"https:\/\/rotary.fi\/nagu\/sv\/kom-med\/ar-du-intresserad-av-ett-medlemskap\/","name":"\u00c4r Du intresserad av ett medlemskap? - Nagu Rotaryklubb","isPartOf":{"@id":"https:\/\/rotary.fi\/nagu\/#website"},"datePublished":"2020-08-21T07:48:35+00:00","dateModified":"2020-08-21T08:14:26+00:00","breadcrumb":{"@id":"https:\/\/rotary.fi\/nagu\/sv\/kom-med\/ar-du-intresserad-av-ett-medlemskap\/#breadcrumb"},"inLanguage":"sv-SE","potentialAction":[{"@type":"ReadAction","target":["https:\/\/rotary.fi\/nagu\/sv\/kom-med\/ar-du-intresserad-av-ett-medlemskap\/"]}]},{"@type":"BreadcrumbList","@id":"https:\/\/rotary.fi\/nagu\/sv\/kom-med\/ar-du-intresserad-av-ett-medlemskap\/#breadcrumb","itemListElement":[{"@type":"ListItem","position":1,"name":"Home","item":"https:\/\/rotary.fi\/nagu\/"},{"@type":"ListItem","position":2,"name":"Kom med","item":"https:\/\/rotary.fi\/nagu\/sv\/kom-med\/"},{"@type":"ListItem","position":3,"name":"\u00c4r Du intresserad av ett medlemskap?"}]},{"@type":"WebSite","@id":"https:\/\/rotary.fi\/nagu\/#website","url":"https:\/\/rotary.fi\/nagu\/","name":"Nagu Rotaryklubb","description":"Uusi Rotary klubisivusto","potentialAction":[{"@type":"SearchAction","target":{"@type":"EntryPoint","urlTemplate":"https:\/\/rotary.fi\/nagu\/?s={search_term_string}"},"query-input":{"@type":"PropertyValueSpecification","valueRequired":true,"valueName":"search_term_string"}}],"inLanguage":"sv-SE"}]}},"lang":"sv","translations":{"sv":2012,"fi":173},"pll_sync_post":[],"_links":{"self":[{"href":"https:\/\/rotary.fi\/nagu\/wp-json\/wp\/v2\/pages\/2012","targetHints":{"allow":["GET"]}}],"collection":[{"href":"https:\/\/rotary.fi\/nagu\/wp-json\/wp\/v2\/pages"}],"about":[{"href":"https:\/\/rotary.fi\/nagu\/wp-json\/wp\/v2\/types\/page"}],"author":[{"embeddable":true,"href":"https:\/\/rotary.fi\/nagu\/wp-json\/wp\/v2\/users\/1"}],"replies":[{"embeddable":true,"href":"https:\/\/rotary.fi\/nagu\/wp-json\/wp\/v2\/comments?post=2012"}],"version-history":[{"count":5,"href":"https:\/\/rotary.fi\/nagu\/wp-json\/wp\/v2\/pages\/2012\/revisions"}],"predecessor-version":[{"id":2068,"href":"https:\/\/rotary.fi\/nagu\/wp-json\/wp\/v2\/pages\/2012\/revisions\/2068"}],"up":[{"embeddable":true,"href":"https:\/\/rotary.fi\/nagu\/wp-json\/wp\/v2\/pages\/2064"}],"wp:attachment":[{"href":"https:\/\/rotary.fi\/nagu\/wp-json\/wp\/v2\/media?parent=2012"}],"curies":[{"name":"wp","href":"https:\/\/api.w.org\/{rel}","templated":true}]}}