{"id":1971,"date":"2020-08-21T10:21:38","date_gmt":"2020-08-21T07:21:38","guid":{"rendered":"https:\/\/rotary.fi\/nagu\/?page_id=1971"},"modified":"2020-08-21T10:23:35","modified_gmt":"2020-08-21T07:23:35","slug":"projekt","status":"publish","type":"page","link":"https:\/\/rotary.fi\/nagu\/sv\/vad-gor-vi\/projekt\/","title":{"rendered":"Projekt"},"content":{"rendered":"<p>[et_pb_section fb_built=&#8221;1&#8243; module_class=&#8221;jumbotron-page&#8221; _builder_version=&#8221;3.22&#8243; background_image=&#8221;https:\/\/rotary.fi\/nagu\/wp-content\/uploads\/sites\/117\/2018\/08\/rotary_klubit_alasivu_paakuva_5.jpg&#8221;][et_pb_row _builder_version=&#8221;3.25&#8243; background_size=&#8221;initial&#8221; background_position=&#8221;top_left&#8221; background_repeat=&#8221;repeat&#8221;][et_pb_column type=&#8221;4_4&#8243; _builder_version=&#8221;3.25&#8243; custom_padding=&#8221;|||&#8221; custom_padding__hover=&#8221;|||&#8221;][et_pb_text admin_label=&#8221;P\u00e4\u00e4otsikko: Projekt&#8221; _builder_version=&#8221;4.4.8&#8243; text_orientation=&#8221;center&#8221; background_layout=&#8221;dark&#8221; hover_enabled=&#8221;0&#8243;]<\/p>\n<h1>Projekt<\/h1>\n<p>[\/et_pb_text][\/et_pb_column][\/et_pb_row][\/et_pb_section][et_pb_section fb_built=&#8221;1&#8243; specialty=&#8221;on&#8221; module_class_2=&#8221;sivupalkki&#8221; _builder_version=&#8221;3.22&#8243; inner_max_width=&#8221;none&#8221;][et_pb_column type=&#8221;2_3&#8243; specialty_columns=&#8221;2&#8243; _builder_version=&#8221;3.25&#8243; custom_padding=&#8221;|||&#8221; custom_padding__hover=&#8221;|||&#8221;][et_pb_row_inner admin_label=&#8221;Rivi&#8221; _builder_version=&#8221;3.25&#8243;][et_pb_column_inner saved_specialty_column_type=&#8221;2_3&#8243; _builder_version=&#8221;3.25&#8243; custom_padding=&#8221;|||&#8221; custom_padding__hover=&#8221;|||&#8221;][et_pb_text admin_label=&#8221;Projektit &#8211; Otsikko&#8221; _builder_version=&#8221;3.27.4&#8243; text_orientation=&#8221;center&#8221;]<\/p>\n<h1>Projektit<\/h1>\n<p>[\/et_pb_text][et_pb_text _builder_version=&#8221;3.27.4&#8243; link_option_url=&#8221;https:\/\/rotary.fi\/nagu\/ajankohtaista\/tapahtumakalenteri\/&#8221; link_option_url_new_window=&#8221;on&#8221; z_index_tablet=&#8221;500&#8243;]<\/p>\n<p>Rotary on palveluj\u00e4rjest\u00f6. Toimimme tunnuslauseemme Palvelu itsekkyyden edelle (Service above self) mukaisesti paikallisesti ja maailmanlaajuisesti. Kansainv\u00e4linen humanit\u00e4\u00e4rinen palvelumme toteutuu Rotarys\u00e4\u00e4ti\u00f6mme koordinoimana ja hyv\u00e4ksyttyjen kumppaneiden kanssa.<\/p>\n<p><strong>Klubin 1. Projektin esittely<\/strong><br \/>&#8221;Puhtaamman Saaristomeren puolesta\u201d my\u00f6nt\u00e4m\u00e4ll\u00e4 apurahoja Seilin tutkimusty\u00f6lle <\/p>\n<p><strong>Klubin 2. Projektin esittely.<\/strong><br \/> Yhteiskuntapalvelu; Muinaistulet tapahtuma sis\u00e4lt\u00e4en Hiekkalinnakilpailun, Luonnonpolun yll\u00e4pito, Yl\u00e4asteen oppilaat vierailemaan Seiliin vuosittain, &#8230;<\/p>\n<p>Osallistumme my\u00f6s l\u00e4hiklubien kanssa yhteiseen projektiin. Esim. Shelterboxin hankinta yhdess\u00e4 Paraisten klubin kanssa &#8230;<\/p>\n<p><strong>Muut projektit l\u00f6ytyv\u00e4t tapahtumakalenterista<\/strong><br \/> Tulossa olevat projektit l\u00f6yd\u00e4t menylenkist\u00e4 \u201dNagu Rotaryklubb Tapahtumakalenteri\u201d (klikkaa t\u00e4m\u00e4n artikkelin otsikoita)<\/p>\n<p>[\/et_pb_text][\/et_pb_column_inner][\/et_pb_row_inner][\/et_pb_column][et_pb_column type=&#8221;1_3&#8243; _builder_version=&#8221;3.25&#8243; custom_padding=&#8221;|||&#8221; custom_padding__hover=&#8221;|||&#8221;][et_pb_sidebar area=&#8221;sidebar-1&#8243; module_class=&#8221;sivupalkki_sisalto&#8221; _builder_version=&#8221;3.4.1&#8243; locked=&#8221;on&#8221;][\/et_pb_sidebar][\/et_pb_column][\/et_pb_section]<\/p>\n","protected":false},"excerpt":{"rendered":"<p>ProjektProjektit Rotary on palveluj\u00e4rjest\u00f6. Toimimme tunnuslauseemme Palvelu itsekkyyden edelle (Service above self) mukaisesti paikallisesti ja maailmanlaajuisesti. Kansainv\u00e4linen humanit\u00e4\u00e4rinen palvelumme toteutuu Rotarys\u00e4\u00e4ti\u00f6mme koordinoimana ja hyv\u00e4ksyttyjen kumppaneiden kanssa. Klubin 1. Projektin esittely&#8221;Puhtaamman Saaristomeren puolesta\u201d my\u00f6nt\u00e4m\u00e4ll\u00e4 apurahoja Seilin tutkimusty\u00f6lle Klubin 2. Projektin esittely. Yhteiskuntapalvelu; Muinaistulet tapahtuma sis\u00e4lt\u00e4en Hiekkalinnakilpailun, Luonnonpolun yll\u00e4pito, Yl\u00e4asteen oppilaat vierailemaan Seiliin vuosittain, &#8230; Osallistumme my\u00f6s [&hellip;]<\/p>\n","protected":false},"author":1,"featured_media":0,"parent":1963,"menu_order":2,"comment_status":"closed","ping_status":"closed","template":"","meta":{"_acf_changed":false,"_et_pb_use_builder":"on","_et_pb_old_content":"","_et_gb_content_width":"","footnotes":""},"class_list":["post-1971","page","type-page","status-publish","hentry"],"acf":[],"yoast_head":"<!-- This site is optimized with the Yoast SEO plugin v27.4 - https:\/\/yoast.com\/product\/yoast-seo-wordpress\/ -->\n<title>Projekt - Nagu Rotaryklubb<\/title>\n<meta name=\"robots\" content=\"index, follow, max-snippet:-1, max-image-preview:large, max-video-preview:-1\" \/>\n<link rel=\"canonical\" href=\"https:\/\/rotary.fi\/nagu\/sv\/vad-gor-vi\/projekt\/\" \/>\n<meta property=\"og:locale\" content=\"sv_SE\" \/>\n<meta property=\"og:type\" content=\"article\" \/>\n<meta property=\"og:title\" content=\"Projekt - Nagu Rotaryklubb\" \/>\n<meta property=\"og:description\" content=\"ProjektProjektit Rotary on palveluj\u00e4rjest\u00f6. Toimimme tunnuslauseemme Palvelu itsekkyyden edelle (Service above self) mukaisesti paikallisesti ja maailmanlaajuisesti. Kansainv\u00e4linen humanit\u00e4\u00e4rinen palvelumme toteutuu Rotarys\u00e4\u00e4ti\u00f6mme koordinoimana ja hyv\u00e4ksyttyjen kumppaneiden kanssa. Klubin 1. Projektin esittely&quot;Puhtaamman Saaristomeren puolesta\u201d my\u00f6nt\u00e4m\u00e4ll\u00e4 apurahoja Seilin tutkimusty\u00f6lle Klubin 2. Projektin esittely. Yhteiskuntapalvelu; Muinaistulet tapahtuma sis\u00e4lt\u00e4en Hiekkalinnakilpailun, Luonnonpolun yll\u00e4pito, Yl\u00e4asteen oppilaat vierailemaan Seiliin vuosittain, ... Osallistumme my\u00f6s [&hellip;]\" \/>\n<meta property=\"og:url\" content=\"https:\/\/rotary.fi\/nagu\/sv\/vad-gor-vi\/projekt\/\" \/>\n<meta property=\"og:site_name\" content=\"Nagu Rotaryklubb\" \/>\n<meta property=\"article:modified_time\" content=\"2020-08-21T07:23:35+00:00\" \/>\n<meta name=\"twitter:card\" content=\"summary_large_image\" \/>\n<meta name=\"twitter:label1\" content=\"Ber\u00e4knad l\u00e4stid\" \/>\n\t<meta name=\"twitter:data1\" content=\"2 minuter\" \/>\n<script type=\"application\/ld+json\" class=\"yoast-schema-graph\">{\"@context\":\"https:\\\/\\\/schema.org\",\"@graph\":[{\"@type\":\"WebPage\",\"@id\":\"https:\\\/\\\/rotary.fi\\\/nagu\\\/sv\\\/vad-gor-vi\\\/projekt\\\/\",\"url\":\"https:\\\/\\\/rotary.fi\\\/nagu\\\/sv\\\/vad-gor-vi\\\/projekt\\\/\",\"name\":\"Projekt - Nagu Rotaryklubb\",\"isPartOf\":{\"@id\":\"https:\\\/\\\/rotary.fi\\\/nagu\\\/#website\"},\"datePublished\":\"2020-08-21T07:21:38+00:00\",\"dateModified\":\"2020-08-21T07:23:35+00:00\",\"breadcrumb\":{\"@id\":\"https:\\\/\\\/rotary.fi\\\/nagu\\\/sv\\\/vad-gor-vi\\\/projekt\\\/#breadcrumb\"},\"inLanguage\":\"sv-SE\",\"potentialAction\":[{\"@type\":\"ReadAction\",\"target\":[\"https:\\\/\\\/rotary.fi\\\/nagu\\\/sv\\\/vad-gor-vi\\\/projekt\\\/\"]}]},{\"@type\":\"BreadcrumbList\",\"@id\":\"https:\\\/\\\/rotary.fi\\\/nagu\\\/sv\\\/vad-gor-vi\\\/projekt\\\/#breadcrumb\",\"itemListElement\":[{\"@type\":\"ListItem\",\"position\":1,\"name\":\"Home\",\"item\":\"https:\\\/\\\/rotary.fi\\\/nagu\\\/\"},{\"@type\":\"ListItem\",\"position\":2,\"name\":\"Vad g\u00f6r vi\",\"item\":\"https:\\\/\\\/rotary.fi\\\/nagu\\\/sv\\\/vad-gor-vi\\\/\"},{\"@type\":\"ListItem\",\"position\":3,\"name\":\"Projekt\"}]},{\"@type\":\"WebSite\",\"@id\":\"https:\\\/\\\/rotary.fi\\\/nagu\\\/#website\",\"url\":\"https:\\\/\\\/rotary.fi\\\/nagu\\\/\",\"name\":\"Nagu Rotaryklubb\",\"description\":\"Uusi Rotary klubisivusto\",\"potentialAction\":[{\"@type\":\"SearchAction\",\"target\":{\"@type\":\"EntryPoint\",\"urlTemplate\":\"https:\\\/\\\/rotary.fi\\\/nagu\\\/?s={search_term_string}\"},\"query-input\":{\"@type\":\"PropertyValueSpecification\",\"valueRequired\":true,\"valueName\":\"search_term_string\"}}],\"inLanguage\":\"sv-SE\"}]}<\/script>\n<!-- \/ Yoast SEO plugin. -->","yoast_head_json":{"title":"Projekt - Nagu Rotaryklubb","robots":{"index":"index","follow":"follow","max-snippet":"max-snippet:-1","max-image-preview":"max-image-preview:large","max-video-preview":"max-video-preview:-1"},"canonical":"https:\/\/rotary.fi\/nagu\/sv\/vad-gor-vi\/projekt\/","og_locale":"sv_SE","og_type":"article","og_title":"Projekt - Nagu Rotaryklubb","og_description":"ProjektProjektit Rotary on palveluj\u00e4rjest\u00f6. Toimimme tunnuslauseemme Palvelu itsekkyyden edelle (Service above self) mukaisesti paikallisesti ja maailmanlaajuisesti. Kansainv\u00e4linen humanit\u00e4\u00e4rinen palvelumme toteutuu Rotarys\u00e4\u00e4ti\u00f6mme koordinoimana ja hyv\u00e4ksyttyjen kumppaneiden kanssa. Klubin 1. Projektin esittely\"Puhtaamman Saaristomeren puolesta\u201d my\u00f6nt\u00e4m\u00e4ll\u00e4 apurahoja Seilin tutkimusty\u00f6lle Klubin 2. Projektin esittely. Yhteiskuntapalvelu; Muinaistulet tapahtuma sis\u00e4lt\u00e4en Hiekkalinnakilpailun, Luonnonpolun yll\u00e4pito, Yl\u00e4asteen oppilaat vierailemaan Seiliin vuosittain, ... Osallistumme my\u00f6s [&hellip;]","og_url":"https:\/\/rotary.fi\/nagu\/sv\/vad-gor-vi\/projekt\/","og_site_name":"Nagu Rotaryklubb","article_modified_time":"2020-08-21T07:23:35+00:00","twitter_card":"summary_large_image","twitter_misc":{"Ber\u00e4knad l\u00e4stid":"2 minuter"},"schema":{"@context":"https:\/\/schema.org","@graph":[{"@type":"WebPage","@id":"https:\/\/rotary.fi\/nagu\/sv\/vad-gor-vi\/projekt\/","url":"https:\/\/rotary.fi\/nagu\/sv\/vad-gor-vi\/projekt\/","name":"Projekt - Nagu Rotaryklubb","isPartOf":{"@id":"https:\/\/rotary.fi\/nagu\/#website"},"datePublished":"2020-08-21T07:21:38+00:00","dateModified":"2020-08-21T07:23:35+00:00","breadcrumb":{"@id":"https:\/\/rotary.fi\/nagu\/sv\/vad-gor-vi\/projekt\/#breadcrumb"},"inLanguage":"sv-SE","potentialAction":[{"@type":"ReadAction","target":["https:\/\/rotary.fi\/nagu\/sv\/vad-gor-vi\/projekt\/"]}]},{"@type":"BreadcrumbList","@id":"https:\/\/rotary.fi\/nagu\/sv\/vad-gor-vi\/projekt\/#breadcrumb","itemListElement":[{"@type":"ListItem","position":1,"name":"Home","item":"https:\/\/rotary.fi\/nagu\/"},{"@type":"ListItem","position":2,"name":"Vad g\u00f6r vi","item":"https:\/\/rotary.fi\/nagu\/sv\/vad-gor-vi\/"},{"@type":"ListItem","position":3,"name":"Projekt"}]},{"@type":"WebSite","@id":"https:\/\/rotary.fi\/nagu\/#website","url":"https:\/\/rotary.fi\/nagu\/","name":"Nagu Rotaryklubb","description":"Uusi Rotary klubisivusto","potentialAction":[{"@type":"SearchAction","target":{"@type":"EntryPoint","urlTemplate":"https:\/\/rotary.fi\/nagu\/?s={search_term_string}"},"query-input":{"@type":"PropertyValueSpecification","valueRequired":true,"valueName":"search_term_string"}}],"inLanguage":"sv-SE"}]}},"lang":"sv","translations":{"sv":1971,"fi":156},"pll_sync_post":[],"_links":{"self":[{"href":"https:\/\/rotary.fi\/nagu\/wp-json\/wp\/v2\/pages\/1971","targetHints":{"allow":["GET"]}}],"collection":[{"href":"https:\/\/rotary.fi\/nagu\/wp-json\/wp\/v2\/pages"}],"about":[{"href":"https:\/\/rotary.fi\/nagu\/wp-json\/wp\/v2\/types\/page"}],"author":[{"embeddable":true,"href":"https:\/\/rotary.fi\/nagu\/wp-json\/wp\/v2\/users\/1"}],"replies":[{"embeddable":true,"href":"https:\/\/rotary.fi\/nagu\/wp-json\/wp\/v2\/comments?post=1971"}],"version-history":[{"count":5,"href":"https:\/\/rotary.fi\/nagu\/wp-json\/wp\/v2\/pages\/1971\/revisions"}],"predecessor-version":[{"id":1976,"href":"https:\/\/rotary.fi\/nagu\/wp-json\/wp\/v2\/pages\/1971\/revisions\/1976"}],"up":[{"embeddable":true,"href":"https:\/\/rotary.fi\/nagu\/wp-json\/wp\/v2\/pages\/1963"}],"wp:attachment":[{"href":"https:\/\/rotary.fi\/nagu\/wp-json\/wp\/v2\/media?parent=1971"}],"curies":[{"name":"wp","href":"https:\/\/api.w.org\/{rel}","templated":true}]}}