{"id":1963,"date":"2020-08-21T10:13:34","date_gmt":"2020-08-21T07:13:34","guid":{"rendered":"https:\/\/rotary.fi\/nagu\/?page_id=1963"},"modified":"2020-11-03T14:28:30","modified_gmt":"2020-11-03T12:28:30","slug":"vad-gor-vi","status":"publish","type":"page","link":"https:\/\/rotary.fi\/nagu\/sv\/vad-gor-vi\/","title":{"rendered":"Vad g\u00f6r vi"},"content":{"rendered":"<p>[et_pb_section fb_built=&#8221;1&#8243; module_class=&#8221;jumbotron-page&#8221; _builder_version=&#8221;3.22&#8243; background_image=&#8221;https:\/\/rotary.fi\/nagu\/wp-content\/uploads\/sites\/117\/2018\/08\/rotary_klubit_alasivu_paakuva_3.jpg&#8221;][et_pb_row _builder_version=&#8221;3.25&#8243; background_size=&#8221;initial&#8221; background_position=&#8221;top_left&#8221; background_repeat=&#8221;repeat&#8221;][et_pb_column type=&#8221;4_4&#8243; _builder_version=&#8221;3.25&#8243; custom_padding=&#8221;|||&#8221; custom_padding__hover=&#8221;|||&#8221;][et_pb_text admin_label=&#8221;P\u00e4\u00e4otsikko&#8221; _builder_version=&#8221;4.4.8&#8243; text_orientation=&#8221;center&#8221; background_layout=&#8221;dark&#8221; hover_enabled=&#8221;0&#8243;]<\/p>\n<h1>Vad g\u00f6r vi?<\/h1>\n<p>[\/et_pb_text][\/et_pb_column][\/et_pb_row][\/et_pb_section][et_pb_section fb_built=&#8221;1&#8243; specialty=&#8221;on&#8221; module_class_2=&#8221;sivupalkki&#8221; _builder_version=&#8221;3.22&#8243;][et_pb_column type=&#8221;2_3&#8243; specialty_columns=&#8221;2&#8243; _builder_version=&#8221;3.25&#8243; custom_padding=&#8221;|||&#8221; custom_padding__hover=&#8221;|||&#8221;][et_pb_row_inner admin_label=&#8221;Rivi&#8221; _builder_version=&#8221;3.25&#8243;][et_pb_column_inner saved_specialty_column_type=&#8221;2_3&#8243; _builder_version=&#8221;3.25&#8243; custom_padding=&#8221;|||&#8221; custom_padding__hover=&#8221;|||&#8221;][et_pb_text admin_label=&#8221;Otsikko&#8221; _builder_version=&#8221;3.27.4&#8243; text_orientation=&#8221;center&#8221;]<\/p>\n<h1>Vad g\u00f6r vi?<\/h1>\n<p>[\/et_pb_text][et_pb_text _builder_version=&#8221;4.4.8&#8243; hover_enabled=&#8221;0&#8243;]<\/p>\n<p>Som Rotarymedlem har du en m\u00f6jlighet att agera, p\u00e5verka och bidra till en positiv utveckling. Dessutom f\u00e5r du ett fantastiskt socialt n\u00e4tverk och v\u00e4nner f\u00f6r livet, b\u00e5de fr\u00e5n din hemort\u00a0 eller fr\u00e5n omv\u00e4rlden. Du kan \u00e4ven bygga upp n\u00e4tverk genom dina hobbyn med andra rotarianer\u00a0 via otaliga internationella hobbygrupper.<\/p>\n<p><a href=\"https:\/\/www.nagurotary.fi\/\">Nagu rotaryklubb<\/a>\u00a0sammantr\u00e4der varje vecka. Vi f\u00f6rverkligar serviceprojekt och st\u00f6der humanit\u00e4ra projekt som koordineras av Rotary foundation. I samband med veckom\u00f6ten f\u00e5r vi ta del av intressanta f\u00f6redrag. Vi utbildar v\u00e5ra medlemmar\u00a0 genom att ta del i olika uppdrag och utvecklar till ett etiskt ledarskap.\u00a0<\/p>\n<p>Vi vill som rotarianer ta oss an aktuella utmaningar.\u00a0 Vi str\u00e4var till h\u00e5llbara f\u00f6r\u00e4ndringar -globalt, i v\u00e5ra samh\u00e4llen och inom oss.\u00a0<\/p>\n<p>&nbsp;<\/p>\n<p>[\/et_pb_text][\/et_pb_column_inner][\/et_pb_row_inner][\/et_pb_column][et_pb_column type=&#8221;1_3&#8243; _builder_version=&#8221;3.25&#8243; custom_padding=&#8221;|||&#8221; custom_padding__hover=&#8221;|||&#8221;][et_pb_sidebar area=&#8221;sidebar-1&#8243; module_class=&#8221;sivupalkki_sisalto&#8221; _builder_version=&#8221;3.4.1&#8243; locked=&#8221;on&#8221;][\/et_pb_sidebar][\/et_pb_column][\/et_pb_section]<\/p>\n","protected":false},"excerpt":{"rendered":"<p>Vad g\u00f6r vi? Vad g\u00f6r vi?Som Rotarymedlem har du en m\u00f6jlighet att agera, p\u00e5verka och bidra till en positiv utveckling. Dessutom f\u00e5r du ett fantastiskt socialt n\u00e4tverk och v\u00e4nner f\u00f6r livet, b\u00e5de fr\u00e5n din hemort\u00a0 eller fr\u00e5n omv\u00e4rlden. Du kan \u00e4ven bygga upp n\u00e4tverk genom dina hobbyn med andra rotarianer\u00a0 via otaliga internationella hobbygrupper. Nagu [&hellip;]<\/p>\n","protected":false},"author":1,"featured_media":0,"parent":0,"menu_order":2,"comment_status":"closed","ping_status":"closed","template":"","meta":{"_acf_changed":false,"_et_pb_use_builder":"on","_et_pb_old_content":"","_et_gb_content_width":"","footnotes":""},"class_list":["post-1963","page","type-page","status-publish","hentry"],"acf":[],"yoast_head":"<!-- This site is optimized with the Yoast SEO plugin v27.4 - https:\/\/yoast.com\/product\/yoast-seo-wordpress\/ -->\n<title>Vad g\u00f6r vi - Nagu Rotaryklubb<\/title>\n<meta name=\"robots\" content=\"index, follow, max-snippet:-1, max-image-preview:large, max-video-preview:-1\" \/>\n<link rel=\"canonical\" href=\"https:\/\/rotary.fi\/nagu\/sv\/vad-gor-vi\/\" \/>\n<meta property=\"og:locale\" content=\"sv_SE\" \/>\n<meta property=\"og:type\" content=\"article\" \/>\n<meta property=\"og:title\" content=\"Vad g\u00f6r vi - Nagu Rotaryklubb\" \/>\n<meta property=\"og:description\" content=\"Vad g\u00f6r vi? Vad g\u00f6r vi?Som Rotarymedlem har du en m\u00f6jlighet att agera, p\u00e5verka och bidra till en positiv utveckling. Dessutom f\u00e5r du ett fantastiskt socialt n\u00e4tverk och v\u00e4nner f\u00f6r livet, b\u00e5de fr\u00e5n din hemort\u00a0 eller fr\u00e5n omv\u00e4rlden. Du kan \u00e4ven bygga upp n\u00e4tverk genom dina hobbyn med andra rotarianer\u00a0 via otaliga internationella hobbygrupper. Nagu [&hellip;]\" \/>\n<meta property=\"og:url\" content=\"https:\/\/rotary.fi\/nagu\/sv\/vad-gor-vi\/\" \/>\n<meta property=\"og:site_name\" content=\"Nagu Rotaryklubb\" \/>\n<meta property=\"article:modified_time\" content=\"2020-11-03T12:28:30+00:00\" \/>\n<meta name=\"twitter:card\" content=\"summary_large_image\" \/>\n<meta name=\"twitter:label1\" content=\"Ber\u00e4knad l\u00e4stid\" \/>\n\t<meta name=\"twitter:data1\" content=\"2 minuter\" \/>\n<script type=\"application\/ld+json\" class=\"yoast-schema-graph\">{\"@context\":\"https:\\\/\\\/schema.org\",\"@graph\":[{\"@type\":\"WebPage\",\"@id\":\"https:\\\/\\\/rotary.fi\\\/nagu\\\/sv\\\/vad-gor-vi\\\/\",\"url\":\"https:\\\/\\\/rotary.fi\\\/nagu\\\/sv\\\/vad-gor-vi\\\/\",\"name\":\"Vad g\u00f6r vi - Nagu Rotaryklubb\",\"isPartOf\":{\"@id\":\"https:\\\/\\\/rotary.fi\\\/nagu\\\/#website\"},\"datePublished\":\"2020-08-21T07:13:34+00:00\",\"dateModified\":\"2020-11-03T12:28:30+00:00\",\"breadcrumb\":{\"@id\":\"https:\\\/\\\/rotary.fi\\\/nagu\\\/sv\\\/vad-gor-vi\\\/#breadcrumb\"},\"inLanguage\":\"sv-SE\",\"potentialAction\":[{\"@type\":\"ReadAction\",\"target\":[\"https:\\\/\\\/rotary.fi\\\/nagu\\\/sv\\\/vad-gor-vi\\\/\"]}]},{\"@type\":\"BreadcrumbList\",\"@id\":\"https:\\\/\\\/rotary.fi\\\/nagu\\\/sv\\\/vad-gor-vi\\\/#breadcrumb\",\"itemListElement\":[{\"@type\":\"ListItem\",\"position\":1,\"name\":\"Home\",\"item\":\"https:\\\/\\\/rotary.fi\\\/nagu\\\/\"},{\"@type\":\"ListItem\",\"position\":2,\"name\":\"Vad g\u00f6r vi\"}]},{\"@type\":\"WebSite\",\"@id\":\"https:\\\/\\\/rotary.fi\\\/nagu\\\/#website\",\"url\":\"https:\\\/\\\/rotary.fi\\\/nagu\\\/\",\"name\":\"Nagu Rotaryklubb\",\"description\":\"Uusi Rotary klubisivusto\",\"potentialAction\":[{\"@type\":\"SearchAction\",\"target\":{\"@type\":\"EntryPoint\",\"urlTemplate\":\"https:\\\/\\\/rotary.fi\\\/nagu\\\/?s={search_term_string}\"},\"query-input\":{\"@type\":\"PropertyValueSpecification\",\"valueRequired\":true,\"valueName\":\"search_term_string\"}}],\"inLanguage\":\"sv-SE\"}]}<\/script>\n<!-- \/ Yoast SEO plugin. -->","yoast_head_json":{"title":"Vad g\u00f6r vi - Nagu Rotaryklubb","robots":{"index":"index","follow":"follow","max-snippet":"max-snippet:-1","max-image-preview":"max-image-preview:large","max-video-preview":"max-video-preview:-1"},"canonical":"https:\/\/rotary.fi\/nagu\/sv\/vad-gor-vi\/","og_locale":"sv_SE","og_type":"article","og_title":"Vad g\u00f6r vi - Nagu Rotaryklubb","og_description":"Vad g\u00f6r vi? Vad g\u00f6r vi?Som Rotarymedlem har du en m\u00f6jlighet att agera, p\u00e5verka och bidra till en positiv utveckling. Dessutom f\u00e5r du ett fantastiskt socialt n\u00e4tverk och v\u00e4nner f\u00f6r livet, b\u00e5de fr\u00e5n din hemort\u00a0 eller fr\u00e5n omv\u00e4rlden. Du kan \u00e4ven bygga upp n\u00e4tverk genom dina hobbyn med andra rotarianer\u00a0 via otaliga internationella hobbygrupper. Nagu [&hellip;]","og_url":"https:\/\/rotary.fi\/nagu\/sv\/vad-gor-vi\/","og_site_name":"Nagu Rotaryklubb","article_modified_time":"2020-11-03T12:28:30+00:00","twitter_card":"summary_large_image","twitter_misc":{"Ber\u00e4knad l\u00e4stid":"2 minuter"},"schema":{"@context":"https:\/\/schema.org","@graph":[{"@type":"WebPage","@id":"https:\/\/rotary.fi\/nagu\/sv\/vad-gor-vi\/","url":"https:\/\/rotary.fi\/nagu\/sv\/vad-gor-vi\/","name":"Vad g\u00f6r vi - Nagu Rotaryklubb","isPartOf":{"@id":"https:\/\/rotary.fi\/nagu\/#website"},"datePublished":"2020-08-21T07:13:34+00:00","dateModified":"2020-11-03T12:28:30+00:00","breadcrumb":{"@id":"https:\/\/rotary.fi\/nagu\/sv\/vad-gor-vi\/#breadcrumb"},"inLanguage":"sv-SE","potentialAction":[{"@type":"ReadAction","target":["https:\/\/rotary.fi\/nagu\/sv\/vad-gor-vi\/"]}]},{"@type":"BreadcrumbList","@id":"https:\/\/rotary.fi\/nagu\/sv\/vad-gor-vi\/#breadcrumb","itemListElement":[{"@type":"ListItem","position":1,"name":"Home","item":"https:\/\/rotary.fi\/nagu\/"},{"@type":"ListItem","position":2,"name":"Vad g\u00f6r vi"}]},{"@type":"WebSite","@id":"https:\/\/rotary.fi\/nagu\/#website","url":"https:\/\/rotary.fi\/nagu\/","name":"Nagu Rotaryklubb","description":"Uusi Rotary klubisivusto","potentialAction":[{"@type":"SearchAction","target":{"@type":"EntryPoint","urlTemplate":"https:\/\/rotary.fi\/nagu\/?s={search_term_string}"},"query-input":{"@type":"PropertyValueSpecification","valueRequired":true,"valueName":"search_term_string"}}],"inLanguage":"sv-SE"}]}},"lang":"sv","translations":{"sv":1963,"fi":77},"pll_sync_post":[],"_links":{"self":[{"href":"https:\/\/rotary.fi\/nagu\/wp-json\/wp\/v2\/pages\/1963","targetHints":{"allow":["GET"]}}],"collection":[{"href":"https:\/\/rotary.fi\/nagu\/wp-json\/wp\/v2\/pages"}],"about":[{"href":"https:\/\/rotary.fi\/nagu\/wp-json\/wp\/v2\/types\/page"}],"author":[{"embeddable":true,"href":"https:\/\/rotary.fi\/nagu\/wp-json\/wp\/v2\/users\/1"}],"replies":[{"embeddable":true,"href":"https:\/\/rotary.fi\/nagu\/wp-json\/wp\/v2\/comments?post=1963"}],"version-history":[{"count":4,"href":"https:\/\/rotary.fi\/nagu\/wp-json\/wp\/v2\/pages\/1963\/revisions"}],"predecessor-version":[{"id":2180,"href":"https:\/\/rotary.fi\/nagu\/wp-json\/wp\/v2\/pages\/1963\/revisions\/2180"}],"wp:attachment":[{"href":"https:\/\/rotary.fi\/nagu\/wp-json\/wp\/v2\/media?parent=1963"}],"curies":[{"name":"wp","href":"https:\/\/api.w.org\/{rel}","templated":true}]}}