{"id":1957,"date":"2020-08-21T10:05:06","date_gmt":"2020-08-21T07:05:06","guid":{"rendered":"https:\/\/rotary.fi\/nagu\/?page_id=1957"},"modified":"2020-11-03T14:01:39","modified_gmt":"2020-11-03T12:01:39","slug":"vi-ar-en-del-av-distrikt-1410","status":"publish","type":"page","link":"https:\/\/rotary.fi\/nagu\/sv\/vem-ar-vi\/vi-ar-en-del-av-distrikt-1410\/","title":{"rendered":"Vi \u00e4r en del av distrikt 1410"},"content":{"rendered":"<p>[et_pb_section fb_built=&#8221;1&#8243; module_class=&#8221;jumbotron-page&#8221; _builder_version=&#8221;3.22&#8243; background_image=&#8221;https:\/\/rotary.fi\/nagu\/wp-content\/uploads\/sites\/117\/2018\/08\/rotary_klubit_alasivu_paakuva_4.jpg&#8221;][et_pb_row _builder_version=&#8221;3.25&#8243; background_size=&#8221;initial&#8221; background_position=&#8221;top_left&#8221; background_repeat=&#8221;repeat&#8221;][et_pb_column type=&#8221;4_4&#8243; _builder_version=&#8221;3.25&#8243; custom_padding=&#8221;|||&#8221; custom_padding__hover=&#8221;|||&#8221;][et_pb_text admin_label=&#8221;P\u00e4\u00e4otsikko: Olemme osa piiri\u00e4 1410&#8243; _builder_version=&#8221;4.4.8&#8243; text_orientation=&#8221;center&#8221; background_layout=&#8221;dark&#8221; hover_enabled=&#8221;0&#8243;]<\/p>\n<h1>Vi \u00e4r en del av distrikt 1410<\/h1>\n<p>[\/et_pb_text][\/et_pb_column][\/et_pb_row][\/et_pb_section][et_pb_section fb_built=&#8221;1&#8243; specialty=&#8221;on&#8221; module_class_2=&#8221;sivupalkki&#8221; _builder_version=&#8221;3.22&#8243;][et_pb_column type=&#8221;2_3&#8243; specialty_columns=&#8221;2&#8243; _builder_version=&#8221;3.25&#8243; custom_padding=&#8221;|||&#8221; custom_padding__hover=&#8221;|||&#8221;][et_pb_row_inner admin_label=&#8221;Rivi&#8221; _builder_version=&#8221;3.25&#8243;][et_pb_column_inner saved_specialty_column_type=&#8221;2_3&#8243; _builder_version=&#8221;3.25&#8243; custom_padding=&#8221;|||&#8221; custom_padding__hover=&#8221;|||&#8221;][et_pb_text admin_label=&#8221;Rotarypiirit &#8211; Otsikko&#8221; _builder_version=&#8221;3.27.4&#8243; text_orientation=&#8221;center&#8221;]<\/p>\n<h1>Rotarydistrikten<\/h1>\n<p>[\/et_pb_text][et_pb_text _builder_version=&#8221;3.27.4&#8243;]<\/p>\n<p>&nbsp;<\/p>\n<p>Finland har sex rotarydistrikt varav \u00e4ven ing\u00e5r Estland. Varje distrikt administreras av en distriktsguvern\u00f6r.\u00a0<\/p>\n<p>V\u00e5r guvern\u00f6r f\u00f6r D1410 \u00e4r f\u00f6r verksamhets\u00e5ret 2020-2021 \u00e4r guvern\u00f6r\u00a0<strong>DG Anita H\u00e4ggblom fr\u00e5n \u00c5land<\/strong>.<\/p>\n<p>Bekanta dig med material f\u00f6r distriktet:<a href=\"https:\/\/www.rotary1410.fi\/?lang=sv\">https:\/\/www.rotary1410.fi\/?lang=sv<\/a><\/p>\n<p>&nbsp;<\/p>\n<p>Kuvern\u00f6\u00f6rin tukena toimivat piirineuvosto, komiteat ja toimikunnat sek\u00e4 piirin eri alueiden apulaiskuvern\u00f6\u00f6rit. Klubit tekev\u00e4t ehdotukset kuvern\u00f6\u00f6reist\u00e4, ja piirin nime\u00e4miskomitea valitsee ehdokkaista sopivimmaksi katsomansa kuvern\u00f6\u00f6rin. Tuleva kuvern\u00f6\u00f6ri nimitet\u00e4\u00e4n Rotary Internationalin maailmankonferenssissa.<\/p>\n<p>Piiri j\u00e4rjest\u00e4\u00e4 klubeille useita tapahtumia vuoden aikana. Niist\u00e4 t\u00e4rkein on tulevien klubipresidenttien ja klubivirkailijoiden koulutusseminaari (PETS).<\/p>\n<p>Piirikokous j\u00e4rjestet\u00e4\u00e4n yleens\u00e4 syksyisin ja juhlava piirikonferenssi kev\u00e4isin.<\/p>\n<p>Piirikuvern\u00f6\u00f6ri vierailee kaikissa piirins\u00e4 klubeissa toimivuotensa aikana. Apulaiskuvern\u00f6\u00f6rit vierailevat oman alueensa klubeissa.<\/p>\n<p>[\/et_pb_text][\/et_pb_column_inner][\/et_pb_row_inner][\/et_pb_column][et_pb_column type=&#8221;1_3&#8243; _builder_version=&#8221;3.25&#8243; custom_padding=&#8221;|||&#8221; custom_padding__hover=&#8221;|||&#8221;][et_pb_sidebar area=&#8221;sidebar-1&#8243; module_class=&#8221;sivupalkki_sisalto&#8221; _builder_version=&#8221;3.4.1&#8243; locked=&#8221;on&#8221;]<br \/>\n[\/et_pb_sidebar][\/et_pb_column][\/et_pb_section]<\/p>\n","protected":false},"excerpt":{"rendered":"<p>Vi \u00e4r en del av distrikt 1410 Rotarydistrikten&nbsp; Finland har sex rotarydistrikt varav \u00e4ven ing\u00e5r Estland. Varje distrikt administreras av en distriktsguvern\u00f6r.\u00a0 V\u00e5r guvern\u00f6r f\u00f6r D1410 \u00e4r f\u00f6r verksamhets\u00e5ret 2020-2021 \u00e4r guvern\u00f6r\u00a0DG Anita H\u00e4ggblom fr\u00e5n \u00c5land. Bekanta dig med material f\u00f6r distriktet:https:\/\/www.rotary1410.fi\/?lang=sv &nbsp; Kuvern\u00f6\u00f6rin tukena toimivat piirineuvosto, komiteat ja toimikunnat sek\u00e4 piirin eri alueiden apulaiskuvern\u00f6\u00f6rit. [&hellip;]<\/p>\n","protected":false},"author":1,"featured_media":0,"parent":1935,"menu_order":3,"comment_status":"closed","ping_status":"closed","template":"","meta":{"_acf_changed":false,"_et_pb_use_builder":"on","_et_pb_old_content":"","_et_gb_content_width":"","footnotes":""},"class_list":["post-1957","page","type-page","status-publish","hentry"],"acf":[],"yoast_head":"<!-- This site is optimized with the Yoast SEO plugin v27.4 - https:\/\/yoast.com\/product\/yoast-seo-wordpress\/ -->\n<title>Vi \u00e4r en del av distrikt 1410 - Nagu Rotaryklubb<\/title>\n<meta name=\"robots\" content=\"index, follow, max-snippet:-1, max-image-preview:large, max-video-preview:-1\" \/>\n<link rel=\"canonical\" href=\"https:\/\/rotary.fi\/nagu\/sv\/vem-ar-vi\/vi-ar-en-del-av-distrikt-1410\/\" \/>\n<meta property=\"og:locale\" content=\"sv_SE\" \/>\n<meta property=\"og:type\" content=\"article\" \/>\n<meta property=\"og:title\" content=\"Vi \u00e4r en del av distrikt 1410 - Nagu Rotaryklubb\" \/>\n<meta property=\"og:description\" content=\"Vi \u00e4r en del av distrikt 1410 Rotarydistrikten&nbsp; Finland har sex rotarydistrikt varav \u00e4ven ing\u00e5r Estland. Varje distrikt administreras av en distriktsguvern\u00f6r.\u00a0 V\u00e5r guvern\u00f6r f\u00f6r D1410 \u00e4r f\u00f6r verksamhets\u00e5ret 2020-2021 \u00e4r guvern\u00f6r\u00a0DG Anita H\u00e4ggblom fr\u00e5n \u00c5land. Bekanta dig med material f\u00f6r distriktet:https:\/\/www.rotary1410.fi\/?lang=sv &nbsp; Kuvern\u00f6\u00f6rin tukena toimivat piirineuvosto, komiteat ja toimikunnat sek\u00e4 piirin eri alueiden apulaiskuvern\u00f6\u00f6rit. [&hellip;]\" \/>\n<meta property=\"og:url\" content=\"https:\/\/rotary.fi\/nagu\/sv\/vem-ar-vi\/vi-ar-en-del-av-distrikt-1410\/\" \/>\n<meta property=\"og:site_name\" content=\"Nagu Rotaryklubb\" \/>\n<meta property=\"article:modified_time\" content=\"2020-11-03T12:01:39+00:00\" \/>\n<meta name=\"twitter:card\" content=\"summary_large_image\" \/>\n<meta name=\"twitter:label1\" content=\"Ber\u00e4knad l\u00e4stid\" \/>\n\t<meta name=\"twitter:data1\" content=\"2 minuter\" \/>\n<script type=\"application\/ld+json\" class=\"yoast-schema-graph\">{\"@context\":\"https:\\\/\\\/schema.org\",\"@graph\":[{\"@type\":\"WebPage\",\"@id\":\"https:\\\/\\\/rotary.fi\\\/nagu\\\/sv\\\/vem-ar-vi\\\/vi-ar-en-del-av-distrikt-1410\\\/\",\"url\":\"https:\\\/\\\/rotary.fi\\\/nagu\\\/sv\\\/vem-ar-vi\\\/vi-ar-en-del-av-distrikt-1410\\\/\",\"name\":\"Vi \u00e4r en del av distrikt 1410 - Nagu Rotaryklubb\",\"isPartOf\":{\"@id\":\"https:\\\/\\\/rotary.fi\\\/nagu\\\/#website\"},\"datePublished\":\"2020-08-21T07:05:06+00:00\",\"dateModified\":\"2020-11-03T12:01:39+00:00\",\"breadcrumb\":{\"@id\":\"https:\\\/\\\/rotary.fi\\\/nagu\\\/sv\\\/vem-ar-vi\\\/vi-ar-en-del-av-distrikt-1410\\\/#breadcrumb\"},\"inLanguage\":\"sv-SE\",\"potentialAction\":[{\"@type\":\"ReadAction\",\"target\":[\"https:\\\/\\\/rotary.fi\\\/nagu\\\/sv\\\/vem-ar-vi\\\/vi-ar-en-del-av-distrikt-1410\\\/\"]}]},{\"@type\":\"BreadcrumbList\",\"@id\":\"https:\\\/\\\/rotary.fi\\\/nagu\\\/sv\\\/vem-ar-vi\\\/vi-ar-en-del-av-distrikt-1410\\\/#breadcrumb\",\"itemListElement\":[{\"@type\":\"ListItem\",\"position\":1,\"name\":\"Home\",\"item\":\"https:\\\/\\\/rotary.fi\\\/nagu\\\/\"},{\"@type\":\"ListItem\",\"position\":2,\"name\":\"Vem \u00e4r vi\",\"item\":\"https:\\\/\\\/rotary.fi\\\/nagu\\\/sv\\\/vem-ar-vi\\\/\"},{\"@type\":\"ListItem\",\"position\":3,\"name\":\"Vi \u00e4r en del av distrikt 1410\"}]},{\"@type\":\"WebSite\",\"@id\":\"https:\\\/\\\/rotary.fi\\\/nagu\\\/#website\",\"url\":\"https:\\\/\\\/rotary.fi\\\/nagu\\\/\",\"name\":\"Nagu Rotaryklubb\",\"description\":\"Uusi Rotary klubisivusto\",\"potentialAction\":[{\"@type\":\"SearchAction\",\"target\":{\"@type\":\"EntryPoint\",\"urlTemplate\":\"https:\\\/\\\/rotary.fi\\\/nagu\\\/?s={search_term_string}\"},\"query-input\":{\"@type\":\"PropertyValueSpecification\",\"valueRequired\":true,\"valueName\":\"search_term_string\"}}],\"inLanguage\":\"sv-SE\"}]}<\/script>\n<!-- \/ Yoast SEO plugin. -->","yoast_head_json":{"title":"Vi \u00e4r en del av distrikt 1410 - Nagu Rotaryklubb","robots":{"index":"index","follow":"follow","max-snippet":"max-snippet:-1","max-image-preview":"max-image-preview:large","max-video-preview":"max-video-preview:-1"},"canonical":"https:\/\/rotary.fi\/nagu\/sv\/vem-ar-vi\/vi-ar-en-del-av-distrikt-1410\/","og_locale":"sv_SE","og_type":"article","og_title":"Vi \u00e4r en del av distrikt 1410 - Nagu Rotaryklubb","og_description":"Vi \u00e4r en del av distrikt 1410 Rotarydistrikten&nbsp; Finland har sex rotarydistrikt varav \u00e4ven ing\u00e5r Estland. Varje distrikt administreras av en distriktsguvern\u00f6r.\u00a0 V\u00e5r guvern\u00f6r f\u00f6r D1410 \u00e4r f\u00f6r verksamhets\u00e5ret 2020-2021 \u00e4r guvern\u00f6r\u00a0DG Anita H\u00e4ggblom fr\u00e5n \u00c5land. Bekanta dig med material f\u00f6r distriktet:https:\/\/www.rotary1410.fi\/?lang=sv &nbsp; Kuvern\u00f6\u00f6rin tukena toimivat piirineuvosto, komiteat ja toimikunnat sek\u00e4 piirin eri alueiden apulaiskuvern\u00f6\u00f6rit. [&hellip;]","og_url":"https:\/\/rotary.fi\/nagu\/sv\/vem-ar-vi\/vi-ar-en-del-av-distrikt-1410\/","og_site_name":"Nagu Rotaryklubb","article_modified_time":"2020-11-03T12:01:39+00:00","twitter_card":"summary_large_image","twitter_misc":{"Ber\u00e4knad l\u00e4stid":"2 minuter"},"schema":{"@context":"https:\/\/schema.org","@graph":[{"@type":"WebPage","@id":"https:\/\/rotary.fi\/nagu\/sv\/vem-ar-vi\/vi-ar-en-del-av-distrikt-1410\/","url":"https:\/\/rotary.fi\/nagu\/sv\/vem-ar-vi\/vi-ar-en-del-av-distrikt-1410\/","name":"Vi \u00e4r en del av distrikt 1410 - Nagu Rotaryklubb","isPartOf":{"@id":"https:\/\/rotary.fi\/nagu\/#website"},"datePublished":"2020-08-21T07:05:06+00:00","dateModified":"2020-11-03T12:01:39+00:00","breadcrumb":{"@id":"https:\/\/rotary.fi\/nagu\/sv\/vem-ar-vi\/vi-ar-en-del-av-distrikt-1410\/#breadcrumb"},"inLanguage":"sv-SE","potentialAction":[{"@type":"ReadAction","target":["https:\/\/rotary.fi\/nagu\/sv\/vem-ar-vi\/vi-ar-en-del-av-distrikt-1410\/"]}]},{"@type":"BreadcrumbList","@id":"https:\/\/rotary.fi\/nagu\/sv\/vem-ar-vi\/vi-ar-en-del-av-distrikt-1410\/#breadcrumb","itemListElement":[{"@type":"ListItem","position":1,"name":"Home","item":"https:\/\/rotary.fi\/nagu\/"},{"@type":"ListItem","position":2,"name":"Vem \u00e4r vi","item":"https:\/\/rotary.fi\/nagu\/sv\/vem-ar-vi\/"},{"@type":"ListItem","position":3,"name":"Vi \u00e4r en del av distrikt 1410"}]},{"@type":"WebSite","@id":"https:\/\/rotary.fi\/nagu\/#website","url":"https:\/\/rotary.fi\/nagu\/","name":"Nagu Rotaryklubb","description":"Uusi Rotary klubisivusto","potentialAction":[{"@type":"SearchAction","target":{"@type":"EntryPoint","urlTemplate":"https:\/\/rotary.fi\/nagu\/?s={search_term_string}"},"query-input":{"@type":"PropertyValueSpecification","valueRequired":true,"valueName":"search_term_string"}}],"inLanguage":"sv-SE"}]}},"lang":"sv","translations":{"sv":1957,"fi":273},"pll_sync_post":[],"_links":{"self":[{"href":"https:\/\/rotary.fi\/nagu\/wp-json\/wp\/v2\/pages\/1957","targetHints":{"allow":["GET"]}}],"collection":[{"href":"https:\/\/rotary.fi\/nagu\/wp-json\/wp\/v2\/pages"}],"about":[{"href":"https:\/\/rotary.fi\/nagu\/wp-json\/wp\/v2\/types\/page"}],"author":[{"embeddable":true,"href":"https:\/\/rotary.fi\/nagu\/wp-json\/wp\/v2\/users\/1"}],"replies":[{"embeddable":true,"href":"https:\/\/rotary.fi\/nagu\/wp-json\/wp\/v2\/comments?post=1957"}],"version-history":[{"count":7,"href":"https:\/\/rotary.fi\/nagu\/wp-json\/wp\/v2\/pages\/1957\/revisions"}],"predecessor-version":[{"id":2177,"href":"https:\/\/rotary.fi\/nagu\/wp-json\/wp\/v2\/pages\/1957\/revisions\/2177"}],"up":[{"embeddable":true,"href":"https:\/\/rotary.fi\/nagu\/wp-json\/wp\/v2\/pages\/1935"}],"wp:attachment":[{"href":"https:\/\/rotary.fi\/nagu\/wp-json\/wp\/v2\/media?parent=1957"}],"curies":[{"name":"wp","href":"https:\/\/api.w.org\/{rel}","templated":true}]}}