{"id":1943,"date":"2020-08-21T09:55:18","date_gmt":"2020-08-21T06:55:18","guid":{"rendered":"https:\/\/rotary.fi\/nagu\/?page_id=1943"},"modified":"2020-11-03T13:50:44","modified_gmt":"2020-11-03T11:50:44","slug":"arstema","status":"publish","type":"page","link":"https:\/\/rotary.fi\/nagu\/sv\/vem-ar-vi\/arstema\/","title":{"rendered":"\u00c5rstema"},"content":{"rendered":"<p>[et_pb_section fb_built=&#8221;1&#8243; module_class=&#8221;jumbotron-page&#8221; _builder_version=&#8221;3.22&#8243; background_image=&#8221;https:\/\/rotary.fi\/nagu\/wp-content\/uploads\/sites\/117\/2018\/08\/rotary_klubit_alasivu_paakuva_7.jpg&#8221;][et_pb_row _builder_version=&#8221;3.25&#8243; background_size=&#8221;initial&#8221; background_position=&#8221;top_left&#8221; background_repeat=&#8221;repeat&#8221;][et_pb_column type=&#8221;4_4&#8243; _builder_version=&#8221;3.25&#8243; custom_padding=&#8221;|||&#8221; custom_padding__hover=&#8221;|||&#8221;][et_pb_text admin_label=&#8221;P\u00e4\u00e4otsikko&#8221; _builder_version=&#8221;3.27.4&#8243; text_orientation=&#8221;center&#8221; background_layout=&#8221;dark&#8221;]<\/p>\n<h1>\u00c5rstema<\/h1>\n<p>&nbsp;<\/p>\n<p>[\/et_pb_text][\/et_pb_column][\/et_pb_row][\/et_pb_section][et_pb_section fb_built=&#8221;1&#8243; specialty=&#8221;on&#8221; module_class_2=&#8221;sivupalkki&#8221; _builder_version=&#8221;3.22&#8243;][et_pb_column type=&#8221;2_3&#8243; specialty_columns=&#8221;2&#8243; _builder_version=&#8221;3.25&#8243; custom_padding=&#8221;|||&#8221; custom_padding__hover=&#8221;|||&#8221;][et_pb_row_inner column_structure=&#8221;1_4,1_4,1_4,1_4&#8243; admin_label=&#8221;Rivi&#8221; _builder_version=&#8221;3.25&#8243;][et_pb_column_inner type=&#8221;1_4&#8243; saved_specialty_column_type=&#8221;2_3&#8243; _builder_version=&#8221;3.25&#8243; custom_padding=&#8221;|||&#8221; custom_css_main_element=&#8221;width:24%!important;&#8221; custom_padding__hover=&#8221;|||&#8221;][et_pb_image src=&#8221;https:\/\/rotary.fi\/nagu\/wp-content\/uploads\/sites\/117\/2018\/11\/t1819fin_pms-c-01-300&#215;300.jpg&#8221; align_tablet=&#8221;center&#8221; align_phone=&#8221;&#8221; align_last_edited=&#8221;on|desktop&#8221; _builder_version=&#8221;3.23&#8243;][\/et_pb_image][\/et_pb_column_inner][et_pb_column_inner type=&#8221;1_4&#8243; saved_specialty_column_type=&#8221;2_3&#8243; _builder_version=&#8221;3.25&#8243; custom_padding=&#8221;|||&#8221; custom_css_main_element=&#8221;width:24%!important;&#8221; custom_padding__hover=&#8221;|||&#8221;][et_pb_image src=&#8221;https:\/\/rotary.fi\/nagu\/wp-content\/uploads\/sites\/117\/2018\/11\/t1819sv_pms-c-01-300&#215;300.jpg&#8221; align_tablet=&#8221;center&#8221; align_phone=&#8221;&#8221; align_last_edited=&#8221;on|desktop&#8221; _builder_version=&#8221;3.23&#8243;][\/et_pb_image][\/et_pb_column_inner][et_pb_column_inner type=&#8221;1_4&#8243; saved_specialty_column_type=&#8221;2_3&#8243; _builder_version=&#8221;3.25&#8243; custom_padding=&#8221;|||&#8221; custom_css_main_element=&#8221;width:24%!important;&#8221; custom_padding__hover=&#8221;|||&#8221;][et_pb_image src=&#8221;https:\/\/rotary.fi\/nagu\/wp-content\/uploads\/sites\/117\/2018\/11\/t1819en_pms-c-01-300&#215;300.jpg&#8221; align_tablet=&#8221;center&#8221; align_phone=&#8221;&#8221; align_last_edited=&#8221;on|desktop&#8221; _builder_version=&#8221;3.23&#8243;][\/et_pb_image][\/et_pb_column_inner][et_pb_column_inner type=&#8221;1_4&#8243; saved_specialty_column_type=&#8221;2_3&#8243; _builder_version=&#8221;3.25&#8243; custom_padding=&#8221;|||&#8221; custom_css_main_element=&#8221;display:none;||width:0%!important;&#8221; custom_padding__hover=&#8221;|||&#8221;][\/et_pb_column_inner][\/et_pb_row_inner][et_pb_row_inner admin_label=&#8221;Rivi&#8221; _builder_version=&#8221;3.25&#8243; custom_margin=&#8221;|59px||||&#8221;][et_pb_column_inner saved_specialty_column_type=&#8221;2_3&#8243; _builder_version=&#8221;3.25&#8243; custom_padding=&#8221;|||&#8221; custom_padding__hover=&#8221;|||&#8221;][et_pb_text admin_label=&#8221;Rotary Internationalin vuositeema &#8211; Otsikko&#8221; _builder_version=&#8221;3.27.4&#8243; text_orientation=&#8221;center&#8221;]<\/p>\n<h1>Rotary International \u00e5rstema<\/h1>\n<p>[\/et_pb_text][et_pb_text _builder_version=&#8221;3.27.4&#8243; hover_enabled=&#8221;0&#8243; custom_padding=&#8221;||11px|||&#8221;]<\/p>\n<p>\u00a0<span>Holger Knaack,\u00a0<\/span><a href=\"https:\/\/my.rotary.org\/en\/news-media\/office-president\/ri-president\" target=\"_blank\" rel=\"noopener noreferrer\">president f\u00f6r Rotary International<\/a><span>, har valt sitt presidenttema 2020-2021 som tema: \u201cRotary \u00f6ppnar m\u00f6jligheter\u201d.<\/span><\/p>\n<p>&nbsp;<\/p>\n<p>Knaack uppmuntrar alla rotarianer att utnyttja de m\u00e5nga m\u00f6jligheter Rotary erbjuder f\u00f6r att berika sitt eget liv s\u00e5v\u00e4l som de samh\u00e4llen de betj\u00e4nar.<\/p>\n<p>L\u00e4s mer p\u00e5 engelska:<\/p>\n<p>&nbsp;<\/p>\n<blockquote>\n<p>&nbsp;<\/p>\n<\/blockquote>\n<p>[\/et_pb_text][\/et_pb_column_inner][\/et_pb_row_inner][et_pb_row_inner admin_label=&#8221;Rivi&#8221; _builder_version=&#8221;3.25&#8243;][et_pb_column_inner saved_specialty_column_type=&#8221;2_3&#8243; _builder_version=&#8221;3.25&#8243; custom_padding=&#8221;|||&#8221; custom_padding__hover=&#8221;|||&#8221;][et_pb_text admin_label=&#8221;Klubin vuositeema &#8211; Otsikko&#8221; _builder_version=&#8221;3.27.4&#8243; text_orientation=&#8221;center&#8221; hover_enabled=&#8221;0&#8243;]<\/p>\n<h4>Nagu Rotaryklubb och \u00e5rstema<\/h4>\n<p>[\/et_pb_text][et_pb_text _builder_version=&#8221;3.27.4&#8243;][\/et_pb_text][\/et_pb_column_inner][\/et_pb_row_inner][\/et_pb_column][et_pb_column type=&#8221;1_3&#8243; _builder_version=&#8221;3.25&#8243; custom_padding=&#8221;|||&#8221; custom_padding__hover=&#8221;|||&#8221;][et_pb_sidebar area=&#8221;sidebar-1&#8243; module_class=&#8221;sivupalkki_sisalto&#8221; _builder_version=&#8221;3.4.1&#8243; locked=&#8221;on&#8221;][\/et_pb_sidebar][\/et_pb_column][\/et_pb_section]<\/p>\n","protected":false},"excerpt":{"rendered":"<p>\u00c5rstema &nbsp;Rotary International \u00e5rstema\u00a0Holger Knaack,\u00a0president f\u00f6r Rotary International, har valt sitt presidenttema 2020-2021 som tema: \u201cRotary \u00f6ppnar m\u00f6jligheter\u201d. &nbsp; Knaack uppmuntrar alla rotarianer att utnyttja de m\u00e5nga m\u00f6jligheter Rotary erbjuder f\u00f6r att berika sitt eget liv s\u00e5v\u00e4l som de samh\u00e4llen de betj\u00e4nar. L\u00e4s mer p\u00e5 engelska: &nbsp; &nbsp; Nagu Rotaryklubb och \u00e5rstema<\/p>\n","protected":false},"author":1,"featured_media":0,"parent":1935,"menu_order":2,"comment_status":"closed","ping_status":"closed","template":"","meta":{"_acf_changed":false,"_et_pb_use_builder":"on","_et_pb_old_content":"","_et_gb_content_width":"","footnotes":""},"class_list":["post-1943","page","type-page","status-publish","hentry"],"acf":[],"yoast_head":"<!-- This site is optimized with the Yoast SEO plugin v27.4 - https:\/\/yoast.com\/product\/yoast-seo-wordpress\/ -->\n<title>\u00c5rstema - Nagu Rotaryklubb<\/title>\n<meta name=\"robots\" content=\"index, follow, max-snippet:-1, max-image-preview:large, max-video-preview:-1\" \/>\n<link rel=\"canonical\" href=\"https:\/\/rotary.fi\/nagu\/sv\/vem-ar-vi\/arstema\/\" \/>\n<meta property=\"og:locale\" content=\"sv_SE\" \/>\n<meta property=\"og:type\" content=\"article\" \/>\n<meta property=\"og:title\" content=\"\u00c5rstema - Nagu Rotaryklubb\" \/>\n<meta property=\"og:description\" content=\"\u00c5rstema &nbsp;Rotary International \u00e5rstema\u00a0Holger Knaack,\u00a0president f\u00f6r Rotary International, har valt sitt presidenttema 2020-2021 som tema: \u201cRotary \u00f6ppnar m\u00f6jligheter\u201d. &nbsp; Knaack uppmuntrar alla rotarianer att utnyttja de m\u00e5nga m\u00f6jligheter Rotary erbjuder f\u00f6r att berika sitt eget liv s\u00e5v\u00e4l som de samh\u00e4llen de betj\u00e4nar. L\u00e4s mer p\u00e5 engelska: &nbsp; &nbsp; Nagu Rotaryklubb och \u00e5rstema\" \/>\n<meta property=\"og:url\" content=\"https:\/\/rotary.fi\/nagu\/sv\/vem-ar-vi\/arstema\/\" \/>\n<meta property=\"og:site_name\" content=\"Nagu Rotaryklubb\" \/>\n<meta property=\"article:modified_time\" content=\"2020-11-03T11:50:44+00:00\" \/>\n<meta name=\"twitter:card\" content=\"summary_large_image\" \/>\n<meta name=\"twitter:label1\" content=\"Ber\u00e4knad l\u00e4stid\" \/>\n\t<meta name=\"twitter:data1\" content=\"3 minuter\" \/>\n<script type=\"application\/ld+json\" class=\"yoast-schema-graph\">{\"@context\":\"https:\\\/\\\/schema.org\",\"@graph\":[{\"@type\":\"WebPage\",\"@id\":\"https:\\\/\\\/rotary.fi\\\/nagu\\\/sv\\\/vem-ar-vi\\\/arstema\\\/\",\"url\":\"https:\\\/\\\/rotary.fi\\\/nagu\\\/sv\\\/vem-ar-vi\\\/arstema\\\/\",\"name\":\"\u00c5rstema - Nagu Rotaryklubb\",\"isPartOf\":{\"@id\":\"https:\\\/\\\/rotary.fi\\\/nagu\\\/#website\"},\"datePublished\":\"2020-08-21T06:55:18+00:00\",\"dateModified\":\"2020-11-03T11:50:44+00:00\",\"breadcrumb\":{\"@id\":\"https:\\\/\\\/rotary.fi\\\/nagu\\\/sv\\\/vem-ar-vi\\\/arstema\\\/#breadcrumb\"},\"inLanguage\":\"sv-SE\",\"potentialAction\":[{\"@type\":\"ReadAction\",\"target\":[\"https:\\\/\\\/rotary.fi\\\/nagu\\\/sv\\\/vem-ar-vi\\\/arstema\\\/\"]}]},{\"@type\":\"BreadcrumbList\",\"@id\":\"https:\\\/\\\/rotary.fi\\\/nagu\\\/sv\\\/vem-ar-vi\\\/arstema\\\/#breadcrumb\",\"itemListElement\":[{\"@type\":\"ListItem\",\"position\":1,\"name\":\"Home\",\"item\":\"https:\\\/\\\/rotary.fi\\\/nagu\\\/\"},{\"@type\":\"ListItem\",\"position\":2,\"name\":\"Vem \u00e4r vi\",\"item\":\"https:\\\/\\\/rotary.fi\\\/nagu\\\/sv\\\/vem-ar-vi\\\/\"},{\"@type\":\"ListItem\",\"position\":3,\"name\":\"\u00c5rstema\"}]},{\"@type\":\"WebSite\",\"@id\":\"https:\\\/\\\/rotary.fi\\\/nagu\\\/#website\",\"url\":\"https:\\\/\\\/rotary.fi\\\/nagu\\\/\",\"name\":\"Nagu Rotaryklubb\",\"description\":\"Uusi Rotary klubisivusto\",\"potentialAction\":[{\"@type\":\"SearchAction\",\"target\":{\"@type\":\"EntryPoint\",\"urlTemplate\":\"https:\\\/\\\/rotary.fi\\\/nagu\\\/?s={search_term_string}\"},\"query-input\":{\"@type\":\"PropertyValueSpecification\",\"valueRequired\":true,\"valueName\":\"search_term_string\"}}],\"inLanguage\":\"sv-SE\"}]}<\/script>\n<!-- \/ Yoast SEO plugin. -->","yoast_head_json":{"title":"\u00c5rstema - Nagu Rotaryklubb","robots":{"index":"index","follow":"follow","max-snippet":"max-snippet:-1","max-image-preview":"max-image-preview:large","max-video-preview":"max-video-preview:-1"},"canonical":"https:\/\/rotary.fi\/nagu\/sv\/vem-ar-vi\/arstema\/","og_locale":"sv_SE","og_type":"article","og_title":"\u00c5rstema - Nagu Rotaryklubb","og_description":"\u00c5rstema &nbsp;Rotary International \u00e5rstema\u00a0Holger Knaack,\u00a0president f\u00f6r Rotary International, har valt sitt presidenttema 2020-2021 som tema: \u201cRotary \u00f6ppnar m\u00f6jligheter\u201d. &nbsp; Knaack uppmuntrar alla rotarianer att utnyttja de m\u00e5nga m\u00f6jligheter Rotary erbjuder f\u00f6r att berika sitt eget liv s\u00e5v\u00e4l som de samh\u00e4llen de betj\u00e4nar. L\u00e4s mer p\u00e5 engelska: &nbsp; &nbsp; Nagu Rotaryklubb och \u00e5rstema","og_url":"https:\/\/rotary.fi\/nagu\/sv\/vem-ar-vi\/arstema\/","og_site_name":"Nagu Rotaryklubb","article_modified_time":"2020-11-03T11:50:44+00:00","twitter_card":"summary_large_image","twitter_misc":{"Ber\u00e4knad l\u00e4stid":"3 minuter"},"schema":{"@context":"https:\/\/schema.org","@graph":[{"@type":"WebPage","@id":"https:\/\/rotary.fi\/nagu\/sv\/vem-ar-vi\/arstema\/","url":"https:\/\/rotary.fi\/nagu\/sv\/vem-ar-vi\/arstema\/","name":"\u00c5rstema - Nagu Rotaryklubb","isPartOf":{"@id":"https:\/\/rotary.fi\/nagu\/#website"},"datePublished":"2020-08-21T06:55:18+00:00","dateModified":"2020-11-03T11:50:44+00:00","breadcrumb":{"@id":"https:\/\/rotary.fi\/nagu\/sv\/vem-ar-vi\/arstema\/#breadcrumb"},"inLanguage":"sv-SE","potentialAction":[{"@type":"ReadAction","target":["https:\/\/rotary.fi\/nagu\/sv\/vem-ar-vi\/arstema\/"]}]},{"@type":"BreadcrumbList","@id":"https:\/\/rotary.fi\/nagu\/sv\/vem-ar-vi\/arstema\/#breadcrumb","itemListElement":[{"@type":"ListItem","position":1,"name":"Home","item":"https:\/\/rotary.fi\/nagu\/"},{"@type":"ListItem","position":2,"name":"Vem \u00e4r vi","item":"https:\/\/rotary.fi\/nagu\/sv\/vem-ar-vi\/"},{"@type":"ListItem","position":3,"name":"\u00c5rstema"}]},{"@type":"WebSite","@id":"https:\/\/rotary.fi\/nagu\/#website","url":"https:\/\/rotary.fi\/nagu\/","name":"Nagu Rotaryklubb","description":"Uusi Rotary klubisivusto","potentialAction":[{"@type":"SearchAction","target":{"@type":"EntryPoint","urlTemplate":"https:\/\/rotary.fi\/nagu\/?s={search_term_string}"},"query-input":{"@type":"PropertyValueSpecification","valueRequired":true,"valueName":"search_term_string"}}],"inLanguage":"sv-SE"}]}},"lang":"sv","translations":{"sv":1943,"fi":138},"pll_sync_post":[],"_links":{"self":[{"href":"https:\/\/rotary.fi\/nagu\/wp-json\/wp\/v2\/pages\/1943","targetHints":{"allow":["GET"]}}],"collection":[{"href":"https:\/\/rotary.fi\/nagu\/wp-json\/wp\/v2\/pages"}],"about":[{"href":"https:\/\/rotary.fi\/nagu\/wp-json\/wp\/v2\/types\/page"}],"author":[{"embeddable":true,"href":"https:\/\/rotary.fi\/nagu\/wp-json\/wp\/v2\/users\/1"}],"replies":[{"embeddable":true,"href":"https:\/\/rotary.fi\/nagu\/wp-json\/wp\/v2\/comments?post=1943"}],"version-history":[{"count":6,"href":"https:\/\/rotary.fi\/nagu\/wp-json\/wp\/v2\/pages\/1943\/revisions"}],"predecessor-version":[{"id":2171,"href":"https:\/\/rotary.fi\/nagu\/wp-json\/wp\/v2\/pages\/1943\/revisions\/2171"}],"up":[{"embeddable":true,"href":"https:\/\/rotary.fi\/nagu\/wp-json\/wp\/v2\/pages\/1935"}],"wp:attachment":[{"href":"https:\/\/rotary.fi\/nagu\/wp-json\/wp\/v2\/media?parent=1943"}],"curies":[{"name":"wp","href":"https:\/\/api.w.org\/{rel}","templated":true}]}}