{"id":1935,"date":"2020-08-21T09:49:58","date_gmt":"2020-08-21T06:49:58","guid":{"rendered":"https:\/\/rotary.fi\/nagu\/?page_id=1935"},"modified":"2020-11-04T11:18:07","modified_gmt":"2020-11-04T09:18:07","slug":"vem-ar-vi","status":"publish","type":"page","link":"https:\/\/rotary.fi\/nagu\/sv\/vem-ar-vi\/","title":{"rendered":"Vem \u00e4r vi"},"content":{"rendered":"<p>[et_pb_section fb_built=&#8221;1&#8243; module_class=&#8221;jumbotron-page&#8221; _builder_version=&#8221;3.22&#8243; background_image=&#8221;https:\/\/rotary.fi\/nagu\/wp-content\/uploads\/sites\/117\/2018\/10\/rotary_klubit_alasivu_paakuva_12.jpg&#8221;][et_pb_row _builder_version=&#8221;3.25&#8243; background_size=&#8221;initial&#8221; background_position=&#8221;top_left&#8221; background_repeat=&#8221;repeat&#8221;][et_pb_column type=&#8221;4_4&#8243; _builder_version=&#8221;3.25&#8243; custom_padding=&#8221;|||&#8221; custom_padding__hover=&#8221;|||&#8221;][et_pb_text admin_label=&#8221;P\u00e4\u00e4otsikko&#8221; _builder_version=&#8221;4.4.8&#8243; text_orientation=&#8221;center&#8221; background_layout=&#8221;dark&#8221; hover_enabled=&#8221;0&#8243;]<\/p>\n<h1>Vem \u00e4r vi?<\/h1>\n<p>[\/et_pb_text][\/et_pb_column][\/et_pb_row][\/et_pb_section][et_pb_section fb_built=&#8221;1&#8243; specialty=&#8221;on&#8221; module_class_2=&#8221;sivupalkki&#8221; _builder_version=&#8221;3.22&#8243;][et_pb_column type=&#8221;2_3&#8243; specialty_columns=&#8221;2&#8243; _builder_version=&#8221;3.25&#8243; custom_padding=&#8221;|||&#8221; custom_padding__hover=&#8221;|||&#8221;][et_pb_row_inner admin_label=&#8221;Rivi&#8221; _builder_version=&#8221;3.25&#8243; custom_margin=&#8221;|||-5px||&#8221; width=&#8221;100%&#8221; custom_padding=&#8221;|||0px||&#8221;][et_pb_column_inner saved_specialty_column_type=&#8221;2_3&#8243; _builder_version=&#8221;3.25&#8243; custom_padding=&#8221;|||&#8221; custom_padding__hover=&#8221;|||&#8221;][et_pb_text admin_label=&#8221;Otsikko&#8221; _builder_version=&#8221;3.27.4&#8243; text_orientation=&#8221;center&#8221;]<\/p>\n<h1>Vem \u00e4r vi?<\/h1>\n<p>[\/et_pb_text][et_pb_text _builder_version=&#8221;3.27.4&#8243;]<\/p>\n<p><span style=\"color: #8300e9\"><b>&#8211; V\u00e4lkommen till Nagu Rotaryklubb!<\/b><\/span><\/p>\n<p><strong><span style=\"color: #8300e9\">V\u00e5rt motto \u00e4r: <i>F\u00d6R ETT RENARE SK\u00c4RG\u00c5RDSHAV<\/i><br \/><\/span><\/strong><span style=\"color: #8300e9\">Rotary \u00e4r en internationell\u00a0 idealistisk organisation som har 1,2 miljoner medlemmar i cirka 200 l\u00e4nder, b\u00e5de kvinnor och m\u00e4n. Medlemmarna agerar i lokala klubbar och skapar ett nationellt och globalt n\u00e4tverk. En rotarian \u00e4r en rotarian var som helst i v\u00e4rlden och \u00e4r v\u00e4lkommen att bes\u00f6ka alla klubbar runt om i v\u00e4rlden. D\u00e4rf\u00f6r \u00e4r Rotary verksamheten en d\u00f6rr\u00f6ppnare f\u00f6r nya verksamhetsmilj\u00f6er globalt.\u00a0<\/span><\/p>\n<p><b>Posititva effekter<\/b><\/p>\n<p>Rotaryorganisationen uppmanar medlemmar att agera enligt organisationens motto \u201d osj\u00e4lviskt tj\u00e4nande\u201d. Detta inneb\u00e4r en str\u00e4van f\u00f6r nyttiga projekt och befr\u00e4mjande av en positiv utveckling av det lokala samh\u00e4llet. Rotary Foundation,som kanaliserar de mer omfattande insatser ser som sin uppgift att \u201d g\u00f6ra gott i v\u00e4rlden\u201d.<\/p>\n<p>R<span style=\"font-size: 16px\">otarian \u2013 betydande representanter f\u00f6r sin yrkesbransch<\/span><\/p>\n<p>Medlemskapet sker genom att ansluta sig till den lokala klubben. Man blir tillfr\u00e5gad av klubben men man \u00e4r alltid v\u00e4lkommen att meddela sitt intresse. Smidigast genom en bekant rotarian eller till klubbens sekreterare.<\/p>\n<p>De som har ett gott rykte inom sitt yrke och som representerar en ledande position inom branschen. P\u00e5 s\u00e5 s\u00e4tt vill man s\u00e4kerst\u00e4lla att rotarianer kan agera som f\u00f6rebilder f\u00f6r ledare f\u00f6r framtida utveckling \u00e4ven i praktiken.\u00a0<\/p>\n<p><strong>M\u00e5ls\u00e4ttning:<\/strong><br \/>&#8211; F\u00f6r \u00d6stersj\u00f6n. Vi arbetar f\u00f6r att samla in medel f\u00f6r att f\u00f6rb\u00e4ttra \u00d6stersj\u00f6ns tillst\u00e5nd.<\/p>\n<p>&nbsp;<\/p>\n<h4>En meningsfull hobby<\/h4>\n<p>Vi har koncentrerat oss p\u00e5 ungdomsutbyte. Vi arrangerar tillsammans med T\u00f6rn\u00e4v\u00e4 Rotaryklubb internationell ungdomsutbyte\u00a0 turvis. Vi anser att ungdomsutbyte \u00e4r utm\u00e4rkt fostran f\u00f6r internationell\u00a0 och fredsfostran p\u00e5 gr\u00e4srotsniv\u00e5.<\/p>\n<p>&nbsp;<\/p>\n<h4>Imponerande internationellt n\u00e4tverk<\/h4>\n<p>Rotary\u00a0 grundes i Chicago den\u00a0 23.2.1905 och \u00e4r ett internationellt service- och v\u00e4lg\u00f6renhetsorganisation. Rotary International hemort \u00e4r i\u00a0 Evanston i delstaten Illinois i USA. V\u00e5rt motto \u00e4r &#8221;osj\u00e4lviskt tj\u00e4nande&#8221;\u00a0 (Service Above Self).<\/p>\n<p>Rotary har 1,2 miljoner medlemmar i 35 000 klubbar i fler \u00e4n 200 l\u00e4nder. Rotary \u00e4r en betydande internationell service-och v\u00e4lg\u00f6renhetsorganisation. Finland \u00e4r indelad i sex rotarydistrikt, varav ett har Estlands klubbar. I Finland och i Estland finns sammanlagt 300 klubbar med \u00f6ver 10 000 medlemmar.\u00a0<\/p>\n<p>[\/et_pb_text][et_pb_text _builder_version=&#8221;3.27.4&#8243; custom_padding=&#8221;||0px|||&#8221;][\/et_pb_text][\/et_pb_column_inner][\/et_pb_row_inner][\/et_pb_column][et_pb_column type=&#8221;1_3&#8243; _builder_version=&#8221;3.25&#8243; custom_padding=&#8221;|||&#8221; custom_padding__hover=&#8221;|||&#8221;][et_pb_sidebar area=&#8221;sidebar-1&#8243; module_class=&#8221;sivupalkki_sisalto&#8221; _builder_version=&#8221;3.4.1&#8243; locked=&#8221;on&#8221;]<br \/>\n[\/et_pb_sidebar][\/et_pb_column][\/et_pb_section]<\/p>\n","protected":false},"excerpt":{"rendered":"<p>Vem \u00e4r vi? Vem \u00e4r vi?- V\u00e4lkommen till Nagu Rotaryklubb! V\u00e5rt motto \u00e4r: F\u00d6R ETT RENARE SK\u00c4RG\u00c5RDSHAVRotary \u00e4r en internationell\u00a0 idealistisk organisation som har 1,2 miljoner medlemmar i cirka 200 l\u00e4nder, b\u00e5de kvinnor och m\u00e4n. Medlemmarna agerar i lokala klubbar och skapar ett nationellt och globalt n\u00e4tverk. En rotarian \u00e4r en rotarian var som helst [&hellip;]<\/p>\n","protected":false},"author":1,"featured_media":0,"parent":0,"menu_order":1,"comment_status":"closed","ping_status":"closed","template":"","meta":{"_acf_changed":false,"_et_pb_use_builder":"on","_et_pb_old_content":"","_et_gb_content_width":"","footnotes":""},"class_list":["post-1935","page","type-page","status-publish","hentry"],"acf":[],"yoast_head":"<!-- This site is optimized with the Yoast SEO plugin v27.4 - https:\/\/yoast.com\/product\/yoast-seo-wordpress\/ -->\n<title>Vem \u00e4r vi - Nagu Rotaryklubb<\/title>\n<meta name=\"robots\" content=\"index, follow, max-snippet:-1, max-image-preview:large, max-video-preview:-1\" \/>\n<link rel=\"canonical\" href=\"https:\/\/rotary.fi\/nagu\/sv\/vem-ar-vi\/\" \/>\n<meta property=\"og:locale\" content=\"sv_SE\" \/>\n<meta property=\"og:type\" content=\"article\" \/>\n<meta property=\"og:title\" content=\"Vem \u00e4r vi - Nagu Rotaryklubb\" \/>\n<meta property=\"og:description\" content=\"Vem \u00e4r vi? Vem \u00e4r vi?- V\u00e4lkommen till Nagu Rotaryklubb! V\u00e5rt motto \u00e4r: F\u00d6R ETT RENARE SK\u00c4RG\u00c5RDSHAVRotary \u00e4r en internationell\u00a0 idealistisk organisation som har 1,2 miljoner medlemmar i cirka 200 l\u00e4nder, b\u00e5de kvinnor och m\u00e4n. Medlemmarna agerar i lokala klubbar och skapar ett nationellt och globalt n\u00e4tverk. En rotarian \u00e4r en rotarian var som helst [&hellip;]\" \/>\n<meta property=\"og:url\" content=\"https:\/\/rotary.fi\/nagu\/sv\/vem-ar-vi\/\" \/>\n<meta property=\"og:site_name\" content=\"Nagu Rotaryklubb\" \/>\n<meta property=\"article:modified_time\" content=\"2020-11-04T09:18:07+00:00\" \/>\n<meta name=\"twitter:card\" content=\"summary_large_image\" \/>\n<meta name=\"twitter:label1\" content=\"Ber\u00e4knad l\u00e4stid\" \/>\n\t<meta name=\"twitter:data1\" content=\"3 minuter\" \/>\n<script type=\"application\/ld+json\" class=\"yoast-schema-graph\">{\"@context\":\"https:\\\/\\\/schema.org\",\"@graph\":[{\"@type\":\"WebPage\",\"@id\":\"https:\\\/\\\/rotary.fi\\\/nagu\\\/sv\\\/vem-ar-vi\\\/\",\"url\":\"https:\\\/\\\/rotary.fi\\\/nagu\\\/sv\\\/vem-ar-vi\\\/\",\"name\":\"Vem \u00e4r vi - Nagu Rotaryklubb\",\"isPartOf\":{\"@id\":\"https:\\\/\\\/rotary.fi\\\/nagu\\\/#website\"},\"datePublished\":\"2020-08-21T06:49:58+00:00\",\"dateModified\":\"2020-11-04T09:18:07+00:00\",\"breadcrumb\":{\"@id\":\"https:\\\/\\\/rotary.fi\\\/nagu\\\/sv\\\/vem-ar-vi\\\/#breadcrumb\"},\"inLanguage\":\"sv-SE\",\"potentialAction\":[{\"@type\":\"ReadAction\",\"target\":[\"https:\\\/\\\/rotary.fi\\\/nagu\\\/sv\\\/vem-ar-vi\\\/\"]}]},{\"@type\":\"BreadcrumbList\",\"@id\":\"https:\\\/\\\/rotary.fi\\\/nagu\\\/sv\\\/vem-ar-vi\\\/#breadcrumb\",\"itemListElement\":[{\"@type\":\"ListItem\",\"position\":1,\"name\":\"Home\",\"item\":\"https:\\\/\\\/rotary.fi\\\/nagu\\\/\"},{\"@type\":\"ListItem\",\"position\":2,\"name\":\"Vem \u00e4r vi\"}]},{\"@type\":\"WebSite\",\"@id\":\"https:\\\/\\\/rotary.fi\\\/nagu\\\/#website\",\"url\":\"https:\\\/\\\/rotary.fi\\\/nagu\\\/\",\"name\":\"Nagu Rotaryklubb\",\"description\":\"Uusi Rotary klubisivusto\",\"potentialAction\":[{\"@type\":\"SearchAction\",\"target\":{\"@type\":\"EntryPoint\",\"urlTemplate\":\"https:\\\/\\\/rotary.fi\\\/nagu\\\/?s={search_term_string}\"},\"query-input\":{\"@type\":\"PropertyValueSpecification\",\"valueRequired\":true,\"valueName\":\"search_term_string\"}}],\"inLanguage\":\"sv-SE\"}]}<\/script>\n<!-- \/ Yoast SEO plugin. -->","yoast_head_json":{"title":"Vem \u00e4r vi - Nagu Rotaryklubb","robots":{"index":"index","follow":"follow","max-snippet":"max-snippet:-1","max-image-preview":"max-image-preview:large","max-video-preview":"max-video-preview:-1"},"canonical":"https:\/\/rotary.fi\/nagu\/sv\/vem-ar-vi\/","og_locale":"sv_SE","og_type":"article","og_title":"Vem \u00e4r vi - Nagu Rotaryklubb","og_description":"Vem \u00e4r vi? Vem \u00e4r vi?- V\u00e4lkommen till Nagu Rotaryklubb! V\u00e5rt motto \u00e4r: F\u00d6R ETT RENARE SK\u00c4RG\u00c5RDSHAVRotary \u00e4r en internationell\u00a0 idealistisk organisation som har 1,2 miljoner medlemmar i cirka 200 l\u00e4nder, b\u00e5de kvinnor och m\u00e4n. Medlemmarna agerar i lokala klubbar och skapar ett nationellt och globalt n\u00e4tverk. En rotarian \u00e4r en rotarian var som helst [&hellip;]","og_url":"https:\/\/rotary.fi\/nagu\/sv\/vem-ar-vi\/","og_site_name":"Nagu Rotaryklubb","article_modified_time":"2020-11-04T09:18:07+00:00","twitter_card":"summary_large_image","twitter_misc":{"Ber\u00e4knad l\u00e4stid":"3 minuter"},"schema":{"@context":"https:\/\/schema.org","@graph":[{"@type":"WebPage","@id":"https:\/\/rotary.fi\/nagu\/sv\/vem-ar-vi\/","url":"https:\/\/rotary.fi\/nagu\/sv\/vem-ar-vi\/","name":"Vem \u00e4r vi - Nagu Rotaryklubb","isPartOf":{"@id":"https:\/\/rotary.fi\/nagu\/#website"},"datePublished":"2020-08-21T06:49:58+00:00","dateModified":"2020-11-04T09:18:07+00:00","breadcrumb":{"@id":"https:\/\/rotary.fi\/nagu\/sv\/vem-ar-vi\/#breadcrumb"},"inLanguage":"sv-SE","potentialAction":[{"@type":"ReadAction","target":["https:\/\/rotary.fi\/nagu\/sv\/vem-ar-vi\/"]}]},{"@type":"BreadcrumbList","@id":"https:\/\/rotary.fi\/nagu\/sv\/vem-ar-vi\/#breadcrumb","itemListElement":[{"@type":"ListItem","position":1,"name":"Home","item":"https:\/\/rotary.fi\/nagu\/"},{"@type":"ListItem","position":2,"name":"Vem \u00e4r vi"}]},{"@type":"WebSite","@id":"https:\/\/rotary.fi\/nagu\/#website","url":"https:\/\/rotary.fi\/nagu\/","name":"Nagu Rotaryklubb","description":"Uusi Rotary klubisivusto","potentialAction":[{"@type":"SearchAction","target":{"@type":"EntryPoint","urlTemplate":"https:\/\/rotary.fi\/nagu\/?s={search_term_string}"},"query-input":{"@type":"PropertyValueSpecification","valueRequired":true,"valueName":"search_term_string"}}],"inLanguage":"sv-SE"}]}},"lang":"sv","translations":{"sv":1935},"pll_sync_post":[],"_links":{"self":[{"href":"https:\/\/rotary.fi\/nagu\/wp-json\/wp\/v2\/pages\/1935","targetHints":{"allow":["GET"]}}],"collection":[{"href":"https:\/\/rotary.fi\/nagu\/wp-json\/wp\/v2\/pages"}],"about":[{"href":"https:\/\/rotary.fi\/nagu\/wp-json\/wp\/v2\/types\/page"}],"author":[{"embeddable":true,"href":"https:\/\/rotary.fi\/nagu\/wp-json\/wp\/v2\/users\/1"}],"replies":[{"embeddable":true,"href":"https:\/\/rotary.fi\/nagu\/wp-json\/wp\/v2\/comments?post=1935"}],"version-history":[{"count":10,"href":"https:\/\/rotary.fi\/nagu\/wp-json\/wp\/v2\/pages\/1935\/revisions"}],"predecessor-version":[{"id":2214,"href":"https:\/\/rotary.fi\/nagu\/wp-json\/wp\/v2\/pages\/1935\/revisions\/2214"}],"wp:attachment":[{"href":"https:\/\/rotary.fi\/nagu\/wp-json\/wp\/v2\/media?parent=1935"}],"curies":[{"name":"wp","href":"https:\/\/api.w.org\/{rel}","templated":true}]}}