{"id":129,"date":"2018-08-10T13:41:39","date_gmt":"2018-08-10T10:41:39","guid":{"rendered":"https:\/\/rotary.fi\/klubi2\/?page_id=129"},"modified":"2020-11-04T11:32:34","modified_gmt":"2020-11-04T09:32:34","slug":"keita-olemme","status":"publish","type":"page","link":"https:\/\/rotary.fi\/nagu\/keita-olemme\/","title":{"rendered":"Keit\u00e4 olemme"},"content":{"rendered":"<p>[et_pb_section fb_built=&#8221;1&#8243; module_class=&#8221;jumbotron-page&#8221; _builder_version=&#8221;3.22&#8243; background_image=&#8221;https:\/\/rotary.fi\/nagu\/wp-content\/uploads\/sites\/117\/2018\/10\/rotary_klubit_alasivu_paakuva_12.jpg&#8221;][et_pb_row _builder_version=&#8221;3.25&#8243; background_size=&#8221;initial&#8221; background_position=&#8221;top_left&#8221; background_repeat=&#8221;repeat&#8221;][et_pb_column type=&#8221;4_4&#8243; _builder_version=&#8221;3.25&#8243; custom_padding=&#8221;|||&#8221; custom_padding__hover=&#8221;|||&#8221;][et_pb_text admin_label=&#8221;P\u00e4\u00e4otsikko&#8221; _builder_version=&#8221;4.4.8&#8243; text_orientation=&#8221;center&#8221; background_layout=&#8221;dark&#8221; hover_enabled=&#8221;0&#8243;]<\/p>\n<h1>Keit\u00e4 olemme<\/h1>\n<p>[\/et_pb_text][\/et_pb_column][\/et_pb_row][\/et_pb_section][et_pb_section fb_built=&#8221;1&#8243; specialty=&#8221;on&#8221; module_class_2=&#8221;sivupalkki&#8221; _builder_version=&#8221;3.22&#8243;][et_pb_column type=&#8221;2_3&#8243; specialty_columns=&#8221;2&#8243; _builder_version=&#8221;3.25&#8243; custom_padding=&#8221;|||&#8221; custom_padding__hover=&#8221;|||&#8221;][et_pb_row_inner admin_label=&#8221;Rivi&#8221; _builder_version=&#8221;3.25&#8243; custom_margin=&#8221;|||2px||&#8221;][et_pb_column_inner saved_specialty_column_type=&#8221;2_3&#8243; _builder_version=&#8221;3.25&#8243; custom_padding=&#8221;|||&#8221; custom_padding__hover=&#8221;|||&#8221;][et_pb_text admin_label=&#8221;Otsikko&#8221; _builder_version=&#8221;4.4.8&#8243; text_orientation=&#8221;center&#8221; hover_enabled=&#8221;0&#8243;]<\/p>\n<h1>Keit\u00e4 olemme<\/h1>\n<p>[\/et_pb_text][et_pb_text _builder_version=&#8221;3.27.4&#8243;]<\/p>\n<p><span style=\"color: #8300e9\"><b>\u00a0joTervetuloa Nauvon Rotaryklubiin!<\/b><\/span><\/p>\n<p><strong><span style=\"color: #8300e9\">Mottomme: <i>PUHTAAMAN SAARISTOMEREN PUOLESTA<\/i><br \/><\/span><\/strong><span style=\"color: #8300e9\">Rotary on kansainv\u00e4linen idealistinen organisaatio jolla on 1, 2 miljoona j\u00e4sent\u00e4 yli 200 valtioissa, sek\u00e4 naisia ett\u00e4 miehi\u00e4. J\u00e4senet toimivat paikallisissa klubeissa ja muodostavat kansainv\u00e4lisen verkoston. Rotari on rotari miss\u00e4 tahansa ja ovat tervetulleita vierailemaan rotariklubin riippumatta klubin sijaintia. T\u00e4m\u00e4n takia Rotary on ovenavaaka uusille toimintaymp\u00e4rist\u00f6ille maailmanlaajuisesti.\u00a0<\/span><\/p>\n<p><b>My\u00f6nteinen vaikutus<\/b><br \/>Rotaryorganisaatio kehottaa j\u00e4seni\u00e4 toimimaan moton mukaan &#8221; <span>palvelu itsekkyyden edelle&#8221;. T\u00e4m\u00e4 tarkoittaa hy\u00f6dyllisten hankkeiden toteuttamista ja paikallisen yhteiskunnan my\u00f6nteist\u00e4 kehitt\u00e4misest\u00e4.\u00a0<\/span><\/p>\n<p>\u00a0Rotary Foundation,joka vastaa kattavammista hankkeista n\u00e4kee teht\u00e4v\u00e4ns\u00e4 &#8221;tehd\u00e4 hyv\u00e4\u00e4 maailmassa&#8221;.\u00a0<\/p>\n<p>Rotarit \u2013 toimialansa merkitt\u00e4vi\u00e4 edustajia<br \/>Rotariksi tullaan liittym\u00e4ll\u00e4 paikalliseen rotaryklubiin. Liittyminen tapahtuu kutsun kautta, mutta aina voi ilmoittaa kiinnostuksestaan, yksikertaisimmin tutun rotarin kautta tai paikallisen rotaryklubin sihteerille<\/p>\n<p>J\u00e4seniksi valitaan henkil\u00f6it\u00e4 joilla on hyv\u00e4 ammatillinen maine ja jotka ovat johtavia toimialansa edustajia. T\u00e4ll\u00e4 tavalla halutaan varmistaa ett\u00e4 rotarit voivat toimia esimerkkein\u00e4 ja johtajina tulevaisuuden kehityksess\u00e4 my\u00f6s k\u00e4yt\u00e4nn\u00f6ss\u00e4.<\/p>\n<p><strong>M\u00e5ls\u00e4ttning<\/strong><strong>:<\/strong><br \/>&#8211; F\u00f6r \u00d6stersj\u00f6n. Vi str\u00e4var till att samla in medel f\u00f6r att befr\u00e4mja tillst\u00e5ndet i \u00d6stersj\u00f6n.\u00a0<\/p>\n<p>&nbsp;<\/p>\n<h4>Harrastus, jolla on tarkoitus<\/h4>\n<p>Olemme keskittyneet nuorisovaihdon tukemiseen. J\u00e4rjest\u00e4mme nuoria Rotaryn kansainv\u00e4liseen nuorisovaihtoon vuorovuosin T\u00f6rn\u00e4v\u00e4n Rotaryklubin kanssa. Meid\u00e4n mielest\u00e4mme nuorisovaihto on mit\u00e4 parhainta ruohonjuuritason kansainv\u00e4listymis- ja rauhankasvatusta.<\/p>\n<p>Nostamme my\u00f6s esiin t\u00e4rkeit\u00e4 sosiaalisia kehitt\u00e4mistarpeita. Olemme korostaneet esteett\u00f6myyden t\u00e4rkeytt\u00e4 viittomakielisen teatteriprojektin avulla. J\u00e4rjest\u00e4mme vuosittain maakunnan lukiolaisille puhetaitokilpailun Opinlakeusmessut-suurtapahtumassa yhteisty\u00f6ss\u00e4 T\u00f6rn\u00e4v\u00e4n klubin ja ulkopuolisten puheviestinn\u00e4n asiantuntijoiden kanssa.<\/p>\n<p>Pid\u00e4mme arvossa kansainv\u00e4lisen Rotary Internationalin ponnisteluja ja j\u00e4rjest\u00f6n arvokasta ty\u00f6t\u00e4 muun muassa polion h\u00e4vitt\u00e4miseksi maapallolta. Pelk\u00e4st\u00e4\u00e4n t\u00e4h\u00e4n ty\u00f6h\u00f6n Rotary on suunnannut runsaasti vapaaehtoisvoimaa sek\u00e4 yli 1,2 miljardia US-dollaria.<\/p>\n<p>&nbsp;<\/p>\n<h4>Vaikuttava kansainv\u00e4linen verkosto<\/h4>\n<p>Rotary on Chicagossa 23.2.1905 perustettu kansainv\u00e4linen palvelu- ja hyv\u00e4ntekev\u00e4isyysorganisaatio. Rotary Internationalin kotipaikka on Evanston, USA:n osavaltiossa Illinoisissa. Tunnuslauseemme on Palvelu itsekkyyden edelle (Service Above Self).<\/p>\n<p>Rotaryyn kuuluu 1,2 miljoona j\u00e4sent\u00e4 35 000 klubissa yli 200 maassa. Rotary on merkitt\u00e4v\u00e4 kansainv\u00e4linen palvelu- ja hyv\u00e4ntekev\u00e4isyysj\u00e4rjest\u00f6. Suomi on jaettu kuuteen rotarypiiriin, joista yhteen kuuluvat my\u00f6s Viron klubit. Suomessa ja Virossa on yhteens\u00e4 300 klubia, joissa runsaat 10\u00a0000 rotaria.<\/p>\n<p>[\/et_pb_text][\/et_pb_column_inner][\/et_pb_row_inner][\/et_pb_column][et_pb_column type=&#8221;1_3&#8243; _builder_version=&#8221;3.25&#8243; custom_padding=&#8221;|||&#8221; custom_padding__hover=&#8221;|||&#8221;][et_pb_sidebar area=&#8221;sidebar-1&#8243; module_class=&#8221;sivupalkki_sisalto&#8221; _builder_version=&#8221;3.4.1&#8243; locked=&#8221;on&#8221;]<br \/>\n[\/et_pb_sidebar][\/et_pb_column][\/et_pb_section]<\/p>\n","protected":false},"excerpt":{"rendered":"<p>Keit\u00e4 olemme Keit\u00e4 olemme \u00a0joTervetuloa Nauvon Rotaryklubiin! Mottomme: PUHTAAMAN SAARISTOMEREN PUOLESTARotary on kansainv\u00e4linen idealistinen organisaatio jolla on 1, 2 miljoona j\u00e4sent\u00e4 yli 200 valtioissa, sek\u00e4 naisia ett\u00e4 miehi\u00e4. J\u00e4senet toimivat paikallisissa klubeissa ja muodostavat kansainv\u00e4lisen verkoston. Rotari on rotari miss\u00e4 tahansa ja ovat tervetulleita vierailemaan rotariklubin riippumatta klubin sijaintia. T\u00e4m\u00e4n takia Rotary on ovenavaaka uusille [&hellip;]<\/p>\n","protected":false},"author":1,"featured_media":0,"parent":0,"menu_order":1,"comment_status":"closed","ping_status":"closed","template":"","meta":{"_acf_changed":false,"_et_pb_use_builder":"on","_et_pb_old_content":"","_et_gb_content_width":"","footnotes":""},"class_list":["post-129","page","type-page","status-publish","hentry"],"acf":[],"yoast_head":"<!-- This site is optimized with the Yoast SEO plugin v27.4 - https:\/\/yoast.com\/product\/yoast-seo-wordpress\/ -->\n<title>Keit\u00e4 olemme - Nagu Rotaryklubb<\/title>\n<meta name=\"robots\" content=\"index, follow, max-snippet:-1, max-image-preview:large, max-video-preview:-1\" \/>\n<link rel=\"canonical\" href=\"https:\/\/rotary.fi\/nagu\/keita-olemme\/\" \/>\n<meta property=\"og:locale\" content=\"sv_SE\" \/>\n<meta property=\"og:type\" content=\"article\" \/>\n<meta property=\"og:title\" content=\"Keit\u00e4 olemme - Nagu Rotaryklubb\" \/>\n<meta property=\"og:description\" content=\"Keit\u00e4 olemme Keit\u00e4 olemme \u00a0joTervetuloa Nauvon Rotaryklubiin! Mottomme: PUHTAAMAN SAARISTOMEREN PUOLESTARotary on kansainv\u00e4linen idealistinen organisaatio jolla on 1, 2 miljoona j\u00e4sent\u00e4 yli 200 valtioissa, sek\u00e4 naisia ett\u00e4 miehi\u00e4. J\u00e4senet toimivat paikallisissa klubeissa ja muodostavat kansainv\u00e4lisen verkoston. Rotari on rotari miss\u00e4 tahansa ja ovat tervetulleita vierailemaan rotariklubin riippumatta klubin sijaintia. T\u00e4m\u00e4n takia Rotary on ovenavaaka uusille [&hellip;]\" \/>\n<meta property=\"og:url\" content=\"https:\/\/rotary.fi\/nagu\/keita-olemme\/\" \/>\n<meta property=\"og:site_name\" content=\"Nagu Rotaryklubb\" \/>\n<meta property=\"article:modified_time\" content=\"2020-11-04T09:32:34+00:00\" \/>\n<meta name=\"twitter:card\" content=\"summary_large_image\" \/>\n<meta name=\"twitter:label1\" content=\"Ber\u00e4knad l\u00e4stid\" \/>\n\t<meta name=\"twitter:data1\" content=\"3 minuter\" \/>\n<script type=\"application\/ld+json\" class=\"yoast-schema-graph\">{\"@context\":\"https:\\\/\\\/schema.org\",\"@graph\":[{\"@type\":\"WebPage\",\"@id\":\"https:\\\/\\\/rotary.fi\\\/nagu\\\/keita-olemme\\\/\",\"url\":\"https:\\\/\\\/rotary.fi\\\/nagu\\\/keita-olemme\\\/\",\"name\":\"Keit\u00e4 olemme - Nagu Rotaryklubb\",\"isPartOf\":{\"@id\":\"https:\\\/\\\/rotary.fi\\\/nagu\\\/#website\"},\"datePublished\":\"2018-08-10T10:41:39+00:00\",\"dateModified\":\"2020-11-04T09:32:34+00:00\",\"breadcrumb\":{\"@id\":\"https:\\\/\\\/rotary.fi\\\/nagu\\\/keita-olemme\\\/#breadcrumb\"},\"inLanguage\":\"sv-SE\",\"potentialAction\":[{\"@type\":\"ReadAction\",\"target\":[\"https:\\\/\\\/rotary.fi\\\/nagu\\\/keita-olemme\\\/\"]}]},{\"@type\":\"BreadcrumbList\",\"@id\":\"https:\\\/\\\/rotary.fi\\\/nagu\\\/keita-olemme\\\/#breadcrumb\",\"itemListElement\":[{\"@type\":\"ListItem\",\"position\":1,\"name\":\"Home\",\"item\":\"https:\\\/\\\/rotary.fi\\\/nagu\\\/\"},{\"@type\":\"ListItem\",\"position\":2,\"name\":\"Keit\u00e4 olemme\"}]},{\"@type\":\"WebSite\",\"@id\":\"https:\\\/\\\/rotary.fi\\\/nagu\\\/#website\",\"url\":\"https:\\\/\\\/rotary.fi\\\/nagu\\\/\",\"name\":\"Nagu Rotaryklubb\",\"description\":\"Uusi Rotary klubisivusto\",\"potentialAction\":[{\"@type\":\"SearchAction\",\"target\":{\"@type\":\"EntryPoint\",\"urlTemplate\":\"https:\\\/\\\/rotary.fi\\\/nagu\\\/?s={search_term_string}\"},\"query-input\":{\"@type\":\"PropertyValueSpecification\",\"valueRequired\":true,\"valueName\":\"search_term_string\"}}],\"inLanguage\":\"sv-SE\"}]}<\/script>\n<!-- \/ Yoast SEO plugin. -->","yoast_head_json":{"title":"Keit\u00e4 olemme - Nagu Rotaryklubb","robots":{"index":"index","follow":"follow","max-snippet":"max-snippet:-1","max-image-preview":"max-image-preview:large","max-video-preview":"max-video-preview:-1"},"canonical":"https:\/\/rotary.fi\/nagu\/keita-olemme\/","og_locale":"sv_SE","og_type":"article","og_title":"Keit\u00e4 olemme - Nagu Rotaryklubb","og_description":"Keit\u00e4 olemme Keit\u00e4 olemme \u00a0joTervetuloa Nauvon Rotaryklubiin! Mottomme: PUHTAAMAN SAARISTOMEREN PUOLESTARotary on kansainv\u00e4linen idealistinen organisaatio jolla on 1, 2 miljoona j\u00e4sent\u00e4 yli 200 valtioissa, sek\u00e4 naisia ett\u00e4 miehi\u00e4. J\u00e4senet toimivat paikallisissa klubeissa ja muodostavat kansainv\u00e4lisen verkoston. Rotari on rotari miss\u00e4 tahansa ja ovat tervetulleita vierailemaan rotariklubin riippumatta klubin sijaintia. T\u00e4m\u00e4n takia Rotary on ovenavaaka uusille [&hellip;]","og_url":"https:\/\/rotary.fi\/nagu\/keita-olemme\/","og_site_name":"Nagu Rotaryklubb","article_modified_time":"2020-11-04T09:32:34+00:00","twitter_card":"summary_large_image","twitter_misc":{"Ber\u00e4knad l\u00e4stid":"3 minuter"},"schema":{"@context":"https:\/\/schema.org","@graph":[{"@type":"WebPage","@id":"https:\/\/rotary.fi\/nagu\/keita-olemme\/","url":"https:\/\/rotary.fi\/nagu\/keita-olemme\/","name":"Keit\u00e4 olemme - Nagu Rotaryklubb","isPartOf":{"@id":"https:\/\/rotary.fi\/nagu\/#website"},"datePublished":"2018-08-10T10:41:39+00:00","dateModified":"2020-11-04T09:32:34+00:00","breadcrumb":{"@id":"https:\/\/rotary.fi\/nagu\/keita-olemme\/#breadcrumb"},"inLanguage":"sv-SE","potentialAction":[{"@type":"ReadAction","target":["https:\/\/rotary.fi\/nagu\/keita-olemme\/"]}]},{"@type":"BreadcrumbList","@id":"https:\/\/rotary.fi\/nagu\/keita-olemme\/#breadcrumb","itemListElement":[{"@type":"ListItem","position":1,"name":"Home","item":"https:\/\/rotary.fi\/nagu\/"},{"@type":"ListItem","position":2,"name":"Keit\u00e4 olemme"}]},{"@type":"WebSite","@id":"https:\/\/rotary.fi\/nagu\/#website","url":"https:\/\/rotary.fi\/nagu\/","name":"Nagu Rotaryklubb","description":"Uusi Rotary klubisivusto","potentialAction":[{"@type":"SearchAction","target":{"@type":"EntryPoint","urlTemplate":"https:\/\/rotary.fi\/nagu\/?s={search_term_string}"},"query-input":{"@type":"PropertyValueSpecification","valueRequired":true,"valueName":"search_term_string"}}],"inLanguage":"sv-SE"}]}},"lang":"fi","translations":{"fi":129,"sv":2776},"pll_sync_post":[],"_links":{"self":[{"href":"https:\/\/rotary.fi\/nagu\/wp-json\/wp\/v2\/pages\/129","targetHints":{"allow":["GET"]}}],"collection":[{"href":"https:\/\/rotary.fi\/nagu\/wp-json\/wp\/v2\/pages"}],"about":[{"href":"https:\/\/rotary.fi\/nagu\/wp-json\/wp\/v2\/types\/page"}],"author":[{"embeddable":true,"href":"https:\/\/rotary.fi\/nagu\/wp-json\/wp\/v2\/users\/1"}],"replies":[{"embeddable":true,"href":"https:\/\/rotary.fi\/nagu\/wp-json\/wp\/v2\/comments?post=129"}],"version-history":[{"count":29,"href":"https:\/\/rotary.fi\/nagu\/wp-json\/wp\/v2\/pages\/129\/revisions"}],"predecessor-version":[{"id":2218,"href":"https:\/\/rotary.fi\/nagu\/wp-json\/wp\/v2\/pages\/129\/revisions\/2218"}],"wp:attachment":[{"href":"https:\/\/rotary.fi\/nagu\/wp-json\/wp\/v2\/media?parent=129"}],"curies":[{"name":"wp","href":"https:\/\/api.w.org\/{rel}","templated":true}]}}