{"id":273,"date":"2018-10-24T11:32:22","date_gmt":"2018-10-24T08:32:22","guid":{"rendered":"https:\/\/rotary.fi\/munkkiniemi\/?page_id=273"},"modified":"2020-11-11T10:16:39","modified_gmt":"2020-11-11T08:16:39","slug":"olemme-osa-piiria-1420","status":"publish","type":"page","link":"https:\/\/rotary.fi\/munkkiniemi\/keita-olemme\/olemme-osa-piiria-1420\/","title":{"rendered":"Olemme osa piiri\u00e4 1420"},"content":{"rendered":"<p>[et_pb_section fb_built=&#8221;1&#8243; module_class=&#8221;jumbotron-page&#8221; _builder_version=&#8221;3.29.3&#8243; background_image=&#8221;https:\/\/rotary.fi\/munkkiniemi\/wp-content\/uploads\/sites\/131\/2018\/10\/rotary_klubit_alasivu_paakuva_14.jpg&#8221;][et_pb_row _builder_version=&#8221;3.25&#8243; background_size=&#8221;initial&#8221; background_position=&#8221;top_left&#8221; background_repeat=&#8221;repeat&#8221;][et_pb_column type=&#8221;4_4&#8243; _builder_version=&#8221;3.25&#8243; custom_padding=&#8221;|||&#8221; custom_padding__hover=&#8221;|||&#8221;][et_pb_text admin_label=&#8221;P\u00e4\u00e4otsikko: Olemme osa piiri\u00e4 1420&#8243; _builder_version=&#8221;3.27.4&#8243; text_orientation=&#8221;center&#8221; background_layout=&#8221;dark&#8221;]<\/p>\n<h1>Olemme osa piiri\u00e4 1420<\/h1>\n<p>[\/et_pb_text][\/et_pb_column][\/et_pb_row][\/et_pb_section][et_pb_section fb_built=&#8221;1&#8243; specialty=&#8221;on&#8221; module_class_2=&#8221;sivupalkki&#8221; _builder_version=&#8221;3.22&#8243;][et_pb_column type=&#8221;2_3&#8243; specialty_columns=&#8221;2&#8243; _builder_version=&#8221;3.25&#8243; custom_padding=&#8221;|||&#8221; custom_padding__hover=&#8221;|||&#8221;][et_pb_row_inner admin_label=&#8221;Rivi&#8221; _builder_version=&#8221;3.25&#8243;][et_pb_column_inner saved_specialty_column_type=&#8221;2_3&#8243; _builder_version=&#8221;3.25&#8243; custom_padding=&#8221;|||&#8221; custom_padding__hover=&#8221;|||&#8221;][et_pb_text admin_label=&#8221;Rotarypiirit &#8211; Otsikko&#8221; _builder_version=&#8221;3.27.4&#8243; text_orientation=&#8221;center&#8221;]<\/p>\n<h1>Rotarypiirit<\/h1>\n<p>[\/et_pb_text][et_pb_text _builder_version=&#8221;3.27.4&#8243;]<\/p>\n<p><span style=\"font-size: 16px\"><\/span><\/p>\n<p><span style=\"font-size: 16px\">Suomessa on kauden 2020-2021 alusta viisi (5) rotarypiiri\u00e4. Omaan Rotarypiiriimme 1420 kuuluu suomalaisten klubien lis\u00e4ksi kaikki Viron 20 rotaryklubia. Piirej\u00e4 johtavat piiri-kuvern\u00f6\u00f6rit District Governors.<\/span><\/p>\n<p>Oman piirimme D1420 kuvern\u00f6\u00f6ri toimintavuotena 2020\u20132021 on<strong> DG Sakari Karjalainen <\/strong>Helsingist\u00e4.<\/p>\n<p>Kuvern\u00f6\u00f6rin tukena toimivat piirineuvosto, joka koostuu p\u00e4\u00e4s\u00e4\u00e4nt\u00f6isesti edellisist\u00e4 kuvern\u00f6\u00f6reist\u00e4, ja komiteat sek\u00e4 piirin eri alueiden apulaiskuvern\u00f6\u00f6rit. Piiriss\u00e4 1420 on 13 apulaiskuvern\u00f6\u00f6ri\u00e4 (AG), joista yhdeks\u00e4n (9) toimii Suomessa ja nelj\u00e4 (4) Virossa. Piirin talouskomitean teht\u00e4v\u00e4n\u00e4 on antaa kerran vuodessa klubeille lausunto piirin toiminnasta.<\/p>\n<p>Klubit tekev\u00e4t ehdotukset kuvern\u00f6\u00f6reist\u00e4, ja Piirin nime\u00e4miskomitea eli Piirin 1420 piirineuvosto t\u00e4ydennettyn\u00e4 muutamalla Piirikokouksen hyv\u00e4ksym\u00e4ll\u00e4 lis\u00e4resurssilla valitsee ehdokkaista sopivimmaksi katsomansa piirikuvern\u00f6\u00f6rin teht\u00e4v\u00e4\u00e4n. Tuleva kuvern\u00f6\u00f6ri nimitet\u00e4\u00e4n Rotary Internationalin maailmankonferenssissa.<\/p>\n<p>Piiri j\u00e4rjest\u00e4\u00e4 klubeille useita tapahtumia vuoden aikana. Niist\u00e4 t\u00e4rkeimm\u00e4t ovat tulevien klubipresidenttien ja klubivirkailijoiden koulutusseminaarit (prePETS ja PETS), Piirin syys- ja kev\u00e4tkokoukset &#8211; Piirikokous ja Piirineuvottelu &#8211; sek\u00e4 yleens\u00e4 kev\u00e4\u00e4ll\u00e4 j\u00e4rjestett\u00e4v\u00e4 piirikonferenssi.<\/p>\n<p>Piirikuvern\u00f6\u00f6ri vierailee kaikissa piirins\u00e4 klubeissa joko jokaisessa erikseen tai j\u00e4rjest\u00e4\u00e4 muutaman klubin yhteistapaamisia toimivuotensa aikana.<\/p>\n<p>Apulaiskuvern\u00f6\u00f6rit pit\u00e4v\u00e4t yhteytt\u00e4 omiin erikseen m\u00e4\u00e4r\u00e4ttyihin klubeihin ja vierailevat useamman kerran kauden aikana oman alueensa klubeissa.<\/p>\n<p>&nbsp;<\/p>\n<p>[\/et_pb_text][et_pb_image src=&#8221;https:\/\/rotary.fi\/munkkiniemi\/wp-content\/uploads\/sites\/131\/2020\/11\/kuvernocc88occ88ri-205&#215;300.jpg&#8221; title_text=&#8221;Kuverno\u0308o\u0308ri&#8221; _builder_version=&#8221;4.4.8&#8243;][\/et_pb_image][\/et_pb_column_inner][\/et_pb_row_inner][\/et_pb_column][et_pb_column type=&#8221;1_3&#8243; _builder_version=&#8221;3.25&#8243; custom_padding=&#8221;|||&#8221; custom_padding__hover=&#8221;|||&#8221;][et_pb_sidebar area=&#8221;sidebar-1&#8243; module_class=&#8221;sivupalkki_sisalto&#8221; _builder_version=&#8221;3.4.1&#8243; locked=&#8221;on&#8221;]<br \/>\n[\/et_pb_sidebar][\/et_pb_column][\/et_pb_section]<\/p>\n","protected":false},"excerpt":{"rendered":"<p>Olemme osa piiri\u00e4 1420 Rotarypiirit Suomessa on kauden 2020-2021 alusta viisi (5) rotarypiiri\u00e4. Omaan Rotarypiiriimme 1420 kuuluu suomalaisten klubien lis\u00e4ksi kaikki Viron 20 rotaryklubia. Piirej\u00e4 johtavat piiri-kuvern\u00f6\u00f6rit District Governors. Oman piirimme D1420 kuvern\u00f6\u00f6ri toimintavuotena 2020\u20132021 on DG Sakari Karjalainen Helsingist\u00e4. Kuvern\u00f6\u00f6rin tukena toimivat piirineuvosto, joka koostuu p\u00e4\u00e4s\u00e4\u00e4nt\u00f6isesti edellisist\u00e4 kuvern\u00f6\u00f6reist\u00e4, ja komiteat sek\u00e4 piirin eri alueiden [&hellip;]<\/p>\n","protected":false},"author":1,"featured_media":0,"parent":129,"menu_order":0,"comment_status":"closed","ping_status":"closed","template":"","meta":{"_acf_changed":false,"_et_pb_use_builder":"on","_et_pb_old_content":"","_et_gb_content_width":"","footnotes":""},"class_list":["post-273","page","type-page","status-publish","hentry"],"acf":[],"yoast_head":"<!-- This site is optimized with the Yoast SEO plugin v27.4 - https:\/\/yoast.com\/product\/yoast-seo-wordpress\/ -->\n<title>Olemme osa piiri\u00e4 1420 - Munkkiniemen Rotaryklubi - Munksn\u00e4s Rotaryklubb<\/title>\n<meta name=\"robots\" content=\"index, follow, max-snippet:-1, max-image-preview:large, max-video-preview:-1\" \/>\n<link rel=\"canonical\" href=\"https:\/\/rotary.fi\/munkkiniemi\/keita-olemme\/olemme-osa-piiria-1420\/\" \/>\n<meta property=\"og:locale\" content=\"fi_FI\" \/>\n<meta property=\"og:type\" content=\"article\" \/>\n<meta property=\"og:title\" content=\"Olemme osa piiri\u00e4 1420 - Munkkiniemen Rotaryklubi - Munksn\u00e4s Rotaryklubb\" \/>\n<meta property=\"og:description\" content=\"Olemme osa piiri\u00e4 1420 Rotarypiirit Suomessa on kauden 2020-2021 alusta viisi (5) rotarypiiri\u00e4. Omaan Rotarypiiriimme 1420 kuuluu suomalaisten klubien lis\u00e4ksi kaikki Viron 20 rotaryklubia. Piirej\u00e4 johtavat piiri-kuvern\u00f6\u00f6rit District Governors. Oman piirimme D1420 kuvern\u00f6\u00f6ri toimintavuotena 2020\u20132021 on DG Sakari Karjalainen Helsingist\u00e4. Kuvern\u00f6\u00f6rin tukena toimivat piirineuvosto, joka koostuu p\u00e4\u00e4s\u00e4\u00e4nt\u00f6isesti edellisist\u00e4 kuvern\u00f6\u00f6reist\u00e4, ja komiteat sek\u00e4 piirin eri alueiden [&hellip;]\" \/>\n<meta property=\"og:url\" content=\"https:\/\/rotary.fi\/munkkiniemi\/keita-olemme\/olemme-osa-piiria-1420\/\" \/>\n<meta property=\"og:site_name\" content=\"Munkkiniemen Rotaryklubi - Munksn\u00e4s Rotaryklubb\" \/>\n<meta property=\"article:modified_time\" content=\"2020-11-11T08:16:39+00:00\" \/>\n<meta name=\"twitter:card\" content=\"summary_large_image\" \/>\n<meta name=\"twitter:label1\" content=\"Arvioitu lukuaika\" \/>\n\t<meta name=\"twitter:data1\" content=\"2 minuuttia\" \/>\n<script type=\"application\/ld+json\" class=\"yoast-schema-graph\">{\"@context\":\"https:\\\/\\\/schema.org\",\"@graph\":[{\"@type\":\"WebPage\",\"@id\":\"https:\\\/\\\/rotary.fi\\\/munkkiniemi\\\/keita-olemme\\\/olemme-osa-piiria-1420\\\/\",\"url\":\"https:\\\/\\\/rotary.fi\\\/munkkiniemi\\\/keita-olemme\\\/olemme-osa-piiria-1420\\\/\",\"name\":\"Olemme osa piiri\u00e4 1420 - Munkkiniemen Rotaryklubi - Munksn\u00e4s Rotaryklubb\",\"isPartOf\":{\"@id\":\"https:\\\/\\\/rotary.fi\\\/munkkiniemi\\\/#website\"},\"datePublished\":\"2018-10-24T08:32:22+00:00\",\"dateModified\":\"2020-11-11T08:16:39+00:00\",\"breadcrumb\":{\"@id\":\"https:\\\/\\\/rotary.fi\\\/munkkiniemi\\\/keita-olemme\\\/olemme-osa-piiria-1420\\\/#breadcrumb\"},\"inLanguage\":\"fi\",\"potentialAction\":[{\"@type\":\"ReadAction\",\"target\":[\"https:\\\/\\\/rotary.fi\\\/munkkiniemi\\\/keita-olemme\\\/olemme-osa-piiria-1420\\\/\"]}]},{\"@type\":\"BreadcrumbList\",\"@id\":\"https:\\\/\\\/rotary.fi\\\/munkkiniemi\\\/keita-olemme\\\/olemme-osa-piiria-1420\\\/#breadcrumb\",\"itemListElement\":[{\"@type\":\"ListItem\",\"position\":1,\"name\":\"Home\",\"item\":\"https:\\\/\\\/rotary.fi\\\/munkkiniemi\\\/\"},{\"@type\":\"ListItem\",\"position\":2,\"name\":\"Keit\u00e4 olemme\",\"item\":\"https:\\\/\\\/rotary.fi\\\/munkkiniemi\\\/keita-olemme\\\/\"},{\"@type\":\"ListItem\",\"position\":3,\"name\":\"Olemme osa piiri\u00e4 1420\"}]},{\"@type\":\"WebSite\",\"@id\":\"https:\\\/\\\/rotary.fi\\\/munkkiniemi\\\/#website\",\"url\":\"https:\\\/\\\/rotary.fi\\\/munkkiniemi\\\/\",\"name\":\"Munkkiniemen Rotaryklubi - Munksn\u00e4s Rotaryklubb\",\"description\":\"Uusi Rotary klubisivusto\",\"potentialAction\":[{\"@type\":\"SearchAction\",\"target\":{\"@type\":\"EntryPoint\",\"urlTemplate\":\"https:\\\/\\\/rotary.fi\\\/munkkiniemi\\\/?s={search_term_string}\"},\"query-input\":{\"@type\":\"PropertyValueSpecification\",\"valueRequired\":true,\"valueName\":\"search_term_string\"}}],\"inLanguage\":\"fi\"}]}<\/script>\n<!-- \/ Yoast SEO plugin. -->","yoast_head_json":{"title":"Olemme osa piiri\u00e4 1420 - Munkkiniemen Rotaryklubi - Munksn\u00e4s Rotaryklubb","robots":{"index":"index","follow":"follow","max-snippet":"max-snippet:-1","max-image-preview":"max-image-preview:large","max-video-preview":"max-video-preview:-1"},"canonical":"https:\/\/rotary.fi\/munkkiniemi\/keita-olemme\/olemme-osa-piiria-1420\/","og_locale":"fi_FI","og_type":"article","og_title":"Olemme osa piiri\u00e4 1420 - Munkkiniemen Rotaryklubi - Munksn\u00e4s Rotaryklubb","og_description":"Olemme osa piiri\u00e4 1420 Rotarypiirit Suomessa on kauden 2020-2021 alusta viisi (5) rotarypiiri\u00e4. Omaan Rotarypiiriimme 1420 kuuluu suomalaisten klubien lis\u00e4ksi kaikki Viron 20 rotaryklubia. Piirej\u00e4 johtavat piiri-kuvern\u00f6\u00f6rit District Governors. Oman piirimme D1420 kuvern\u00f6\u00f6ri toimintavuotena 2020\u20132021 on DG Sakari Karjalainen Helsingist\u00e4. Kuvern\u00f6\u00f6rin tukena toimivat piirineuvosto, joka koostuu p\u00e4\u00e4s\u00e4\u00e4nt\u00f6isesti edellisist\u00e4 kuvern\u00f6\u00f6reist\u00e4, ja komiteat sek\u00e4 piirin eri alueiden [&hellip;]","og_url":"https:\/\/rotary.fi\/munkkiniemi\/keita-olemme\/olemme-osa-piiria-1420\/","og_site_name":"Munkkiniemen Rotaryklubi - Munksn\u00e4s Rotaryklubb","article_modified_time":"2020-11-11T08:16:39+00:00","twitter_card":"summary_large_image","twitter_misc":{"Arvioitu lukuaika":"2 minuuttia"},"schema":{"@context":"https:\/\/schema.org","@graph":[{"@type":"WebPage","@id":"https:\/\/rotary.fi\/munkkiniemi\/keita-olemme\/olemme-osa-piiria-1420\/","url":"https:\/\/rotary.fi\/munkkiniemi\/keita-olemme\/olemme-osa-piiria-1420\/","name":"Olemme osa piiri\u00e4 1420 - Munkkiniemen Rotaryklubi - Munksn\u00e4s Rotaryklubb","isPartOf":{"@id":"https:\/\/rotary.fi\/munkkiniemi\/#website"},"datePublished":"2018-10-24T08:32:22+00:00","dateModified":"2020-11-11T08:16:39+00:00","breadcrumb":{"@id":"https:\/\/rotary.fi\/munkkiniemi\/keita-olemme\/olemme-osa-piiria-1420\/#breadcrumb"},"inLanguage":"fi","potentialAction":[{"@type":"ReadAction","target":["https:\/\/rotary.fi\/munkkiniemi\/keita-olemme\/olemme-osa-piiria-1420\/"]}]},{"@type":"BreadcrumbList","@id":"https:\/\/rotary.fi\/munkkiniemi\/keita-olemme\/olemme-osa-piiria-1420\/#breadcrumb","itemListElement":[{"@type":"ListItem","position":1,"name":"Home","item":"https:\/\/rotary.fi\/munkkiniemi\/"},{"@type":"ListItem","position":2,"name":"Keit\u00e4 olemme","item":"https:\/\/rotary.fi\/munkkiniemi\/keita-olemme\/"},{"@type":"ListItem","position":3,"name":"Olemme osa piiri\u00e4 1420"}]},{"@type":"WebSite","@id":"https:\/\/rotary.fi\/munkkiniemi\/#website","url":"https:\/\/rotary.fi\/munkkiniemi\/","name":"Munkkiniemen Rotaryklubi - Munksn\u00e4s Rotaryklubb","description":"Uusi Rotary klubisivusto","potentialAction":[{"@type":"SearchAction","target":{"@type":"EntryPoint","urlTemplate":"https:\/\/rotary.fi\/munkkiniemi\/?s={search_term_string}"},"query-input":{"@type":"PropertyValueSpecification","valueRequired":true,"valueName":"search_term_string"}}],"inLanguage":"fi"}]}},"lang":"fi","translations":{"fi":273},"pll_sync_post":[],"_links":{"self":[{"href":"https:\/\/rotary.fi\/munkkiniemi\/wp-json\/wp\/v2\/pages\/273","targetHints":{"allow":["GET"]}}],"collection":[{"href":"https:\/\/rotary.fi\/munkkiniemi\/wp-json\/wp\/v2\/pages"}],"about":[{"href":"https:\/\/rotary.fi\/munkkiniemi\/wp-json\/wp\/v2\/types\/page"}],"author":[{"embeddable":true,"href":"https:\/\/rotary.fi\/munkkiniemi\/wp-json\/wp\/v2\/users\/1"}],"replies":[{"embeddable":true,"href":"https:\/\/rotary.fi\/munkkiniemi\/wp-json\/wp\/v2\/comments?post=273"}],"version-history":[{"count":12,"href":"https:\/\/rotary.fi\/munkkiniemi\/wp-json\/wp\/v2\/pages\/273\/revisions"}],"predecessor-version":[{"id":1781,"href":"https:\/\/rotary.fi\/munkkiniemi\/wp-json\/wp\/v2\/pages\/273\/revisions\/1781"}],"up":[{"embeddable":true,"href":"https:\/\/rotary.fi\/munkkiniemi\/wp-json\/wp\/v2\/pages\/129"}],"wp:attachment":[{"href":"https:\/\/rotary.fi\/munkkiniemi\/wp-json\/wp\/v2\/media?parent=273"}],"curies":[{"name":"wp","href":"https:\/\/api.w.org\/{rel}","templated":true}]}}