{"id":160,"date":"2018-08-13T09:49:16","date_gmt":"2018-08-13T06:49:16","guid":{"rendered":"https:\/\/rotary.fi\/munkkiniemi\/?page_id=160"},"modified":"2020-11-11T11:24:33","modified_gmt":"2020-11-11T09:24:33","slug":"yhteiset-projektit","status":"publish","type":"page","link":"https:\/\/rotary.fi\/munkkiniemi\/mita-teemme\/yhteiset-projektit\/","title":{"rendered":"Yhteiset projektit"},"content":{"rendered":"<p>[et_pb_section fb_built=&#8221;1&#8243; module_class=&#8221;jumbotron-page&#8221; _builder_version=&#8221;4.4.8&#8243; background_image=&#8221;https:\/\/rotary.fi\/munkkiniemi\/wp-content\/uploads\/sites\/131\/2020\/11\/soutu-1.jpg&#8221;][et_pb_row _builder_version=&#8221;3.25&#8243; background_size=&#8221;initial&#8221; background_position=&#8221;top_left&#8221; background_repeat=&#8221;repeat&#8221;][et_pb_column type=&#8221;4_4&#8243; _builder_version=&#8221;3.25&#8243; custom_padding=&#8221;|||&#8221; custom_padding__hover=&#8221;|||&#8221;][et_pb_text admin_label=&#8221;P\u00e4\u00e4otsikko&#8221; _builder_version=&#8221;3.27.4&#8243; text_orientation=&#8221;center&#8221; background_layout=&#8221;dark&#8221;]<\/p>\n<h1>Yhteiset projektit<\/h1>\n<p>[\/et_pb_text][\/et_pb_column][\/et_pb_row][\/et_pb_section][et_pb_section fb_built=&#8221;1&#8243; specialty=&#8221;on&#8221; module_class_2=&#8221;sivupalkki&#8221; _builder_version=&#8221;3.22&#8243;][et_pb_column type=&#8221;2_3&#8243; specialty_columns=&#8221;2&#8243; _builder_version=&#8221;3.25&#8243; custom_padding=&#8221;|||&#8221; custom_padding__hover=&#8221;|||&#8221;][et_pb_row_inner admin_label=&#8221;Rivi&#8221; _builder_version=&#8221;3.25&#8243;][et_pb_column_inner saved_specialty_column_type=&#8221;2_3&#8243; _builder_version=&#8221;3.25&#8243; custom_padding=&#8221;|||&#8221; custom_padding__hover=&#8221;|||&#8221;][et_pb_text admin_label=&#8221;Otsikko&#8221; _builder_version=&#8221;3.27.4&#8243; text_orientation=&#8221;center&#8221;]<\/p>\n<h1>Yhteiset projektit<\/h1>\n<p>[\/et_pb_text][et_pb_text _builder_version=&#8221;3.27.4&#8243;]<\/p>\n<p>Rotaryvuoden syyskauden suurellekin yleis\u00f6lle n\u00e4kyv\u00e4 tapahtuma on Silakkasoutu Helsingin silakkamarkkinoiden yhteydess\u00e4 lokakuun ensimm\u00e4isen\u00e4 sunnuntaina. T\u00e4h\u00e4n tapahtumaan klubilaiset voivat osallistua joko yksin tai ker\u00e4t\u00e4 kokonaisen <em>kirkkoveneellisen<\/em> soutajia kaikkiaan 14 soutajaa ja per\u00e4mies. Silakkasoutu liittyy kiinte\u00e4sti piirimme Save the Baltic Sea -hankkeeseen. Kokemisen arvoinen tapahtuma!<\/p>\n<p>Osallistumme piirimme yhteiseen <em>END POLIO NOW<\/em>\u00a0 (EPN) -p\u00e4iv\u00e4\u00e4n, josta on tulossa jokavuotinen tapahtuma. Tapahtuma sijoittuu YK:n p\u00e4iv\u00e4\u00e4n 24.10. tai l\u00e4himp\u00e4\u00e4n viikonloppuun. Tavoitteena on kertoa piirin EPN-kampanjasta ja rotaryst\u00e4, jalkautumalla kent\u00e4lle ker\u00e4yslippaiden kera ja ker\u00e4\u00e4m\u00e4ll\u00e4 rahaa EPN-gaalaillallisella.<\/p>\n<p><em>Seuraa toimintaamme!<\/em> Tiedotamme tulevan vuoden tapahtumista ja osallistumisestamme n\u00e4ihin yhteisiin tapahtumiin n\u00e4ill\u00e4 sivuilla.<\/p>\n<p>Lue lis\u00e4\u00e4 tapahtumista my\u00f6s <a href=\"https:\/\/rotary.fi\/d1420\/rotarypiiri-1420\/\">Piirimme<\/a>\u00a0 sivuilta.<\/p>\n<p>[\/et_pb_text][\/et_pb_column_inner][\/et_pb_row_inner][\/et_pb_column][et_pb_column type=&#8221;1_3&#8243; _builder_version=&#8221;3.25&#8243; custom_padding=&#8221;|||&#8221; custom_padding__hover=&#8221;|||&#8221;][et_pb_sidebar area=&#8221;sidebar-1&#8243; module_class=&#8221;sivupalkki_sisalto&#8221; _builder_version=&#8221;3.4.1&#8243; locked=&#8221;on&#8221;]<br \/>\n[\/et_pb_sidebar][\/et_pb_column][\/et_pb_section]<\/p>\n","protected":false},"excerpt":{"rendered":"<p>Yhteiset projektit Yhteiset projektit Rotaryvuoden syyskauden suurellekin yleis\u00f6lle n\u00e4kyv\u00e4 tapahtuma on Silakkasoutu Helsingin silakkamarkkinoiden yhteydess\u00e4 lokakuun ensimm\u00e4isen\u00e4 sunnuntaina. T\u00e4h\u00e4n tapahtumaan klubilaiset voivat osallistua joko yksin tai ker\u00e4t\u00e4 kokonaisen kirkkoveneellisen soutajia kaikkiaan 14 soutajaa ja per\u00e4mies. Silakkasoutu liittyy kiinte\u00e4sti piirimme Save the Baltic Sea -hankkeeseen. Kokemisen arvoinen tapahtuma! Osallistumme piirimme yhteiseen END POLIO NOW\u00a0 (EPN) -p\u00e4iv\u00e4\u00e4n, [&hellip;]<\/p>\n","protected":false},"author":1,"featured_media":0,"parent":77,"menu_order":0,"comment_status":"closed","ping_status":"closed","template":"","meta":{"_acf_changed":false,"_et_pb_use_builder":"on","_et_pb_old_content":"","_et_gb_content_width":"","footnotes":""},"class_list":["post-160","page","type-page","status-publish","hentry"],"acf":[],"yoast_head":"<!-- This site is optimized with the Yoast SEO plugin v27.0 - https:\/\/yoast.com\/product\/yoast-seo-wordpress\/ -->\n<title>Yhteiset projektit - Munkkiniemen Rotaryklubi - Munksn\u00e4s Rotaryklubb<\/title>\n<meta name=\"robots\" content=\"index, follow, max-snippet:-1, max-image-preview:large, max-video-preview:-1\" \/>\n<link rel=\"canonical\" href=\"https:\/\/rotary.fi\/munkkiniemi\/mita-teemme\/yhteiset-projektit\/\" \/>\n<meta property=\"og:locale\" content=\"fi_FI\" \/>\n<meta property=\"og:type\" content=\"article\" \/>\n<meta property=\"og:title\" content=\"Yhteiset projektit - Munkkiniemen Rotaryklubi - Munksn\u00e4s Rotaryklubb\" \/>\n<meta property=\"og:description\" content=\"Yhteiset projektit Yhteiset projektit Rotaryvuoden syyskauden suurellekin yleis\u00f6lle n\u00e4kyv\u00e4 tapahtuma on Silakkasoutu Helsingin silakkamarkkinoiden yhteydess\u00e4 lokakuun ensimm\u00e4isen\u00e4 sunnuntaina. T\u00e4h\u00e4n tapahtumaan klubilaiset voivat osallistua joko yksin tai ker\u00e4t\u00e4 kokonaisen kirkkoveneellisen soutajia kaikkiaan 14 soutajaa ja per\u00e4mies. Silakkasoutu liittyy kiinte\u00e4sti piirimme Save the Baltic Sea -hankkeeseen. Kokemisen arvoinen tapahtuma! Osallistumme piirimme yhteiseen END POLIO NOW\u00a0 (EPN) -p\u00e4iv\u00e4\u00e4n, [&hellip;]\" \/>\n<meta property=\"og:url\" content=\"https:\/\/rotary.fi\/munkkiniemi\/mita-teemme\/yhteiset-projektit\/\" \/>\n<meta property=\"og:site_name\" content=\"Munkkiniemen Rotaryklubi - Munksn\u00e4s Rotaryklubb\" \/>\n<meta property=\"article:modified_time\" content=\"2020-11-11T09:24:33+00:00\" \/>\n<meta name=\"twitter:card\" content=\"summary_large_image\" \/>\n<meta name=\"twitter:label1\" content=\"Arvioitu lukuaika\" \/>\n\t<meta name=\"twitter:data1\" content=\"2 minuuttia\" \/>\n<script type=\"application\/ld+json\" class=\"yoast-schema-graph\">{\"@context\":\"https:\/\/schema.org\",\"@graph\":[{\"@type\":\"WebPage\",\"@id\":\"https:\/\/rotary.fi\/munkkiniemi\/mita-teemme\/yhteiset-projektit\/\",\"url\":\"https:\/\/rotary.fi\/munkkiniemi\/mita-teemme\/yhteiset-projektit\/\",\"name\":\"Yhteiset projektit - Munkkiniemen Rotaryklubi - Munksn\u00e4s Rotaryklubb\",\"isPartOf\":{\"@id\":\"https:\/\/rotary.fi\/munkkiniemi\/#website\"},\"datePublished\":\"2018-08-13T06:49:16+00:00\",\"dateModified\":\"2020-11-11T09:24:33+00:00\",\"breadcrumb\":{\"@id\":\"https:\/\/rotary.fi\/munkkiniemi\/mita-teemme\/yhteiset-projektit\/#breadcrumb\"},\"inLanguage\":\"fi\",\"potentialAction\":[{\"@type\":\"ReadAction\",\"target\":[\"https:\/\/rotary.fi\/munkkiniemi\/mita-teemme\/yhteiset-projektit\/\"]}]},{\"@type\":\"BreadcrumbList\",\"@id\":\"https:\/\/rotary.fi\/munkkiniemi\/mita-teemme\/yhteiset-projektit\/#breadcrumb\",\"itemListElement\":[{\"@type\":\"ListItem\",\"position\":1,\"name\":\"Home\",\"item\":\"https:\/\/rotary.fi\/munkkiniemi\/\"},{\"@type\":\"ListItem\",\"position\":2,\"name\":\"Mit\u00e4 teemme\",\"item\":\"https:\/\/rotary.fi\/munkkiniemi\/mita-teemme\/\"},{\"@type\":\"ListItem\",\"position\":3,\"name\":\"Yhteiset projektit\"}]},{\"@type\":\"WebSite\",\"@id\":\"https:\/\/rotary.fi\/munkkiniemi\/#website\",\"url\":\"https:\/\/rotary.fi\/munkkiniemi\/\",\"name\":\"Munkkiniemen Rotaryklubi - Munksn\u00e4s Rotaryklubb\",\"description\":\"Uusi Rotary klubisivusto\",\"potentialAction\":[{\"@type\":\"SearchAction\",\"target\":{\"@type\":\"EntryPoint\",\"urlTemplate\":\"https:\/\/rotary.fi\/munkkiniemi\/?s={search_term_string}\"},\"query-input\":{\"@type\":\"PropertyValueSpecification\",\"valueRequired\":true,\"valueName\":\"search_term_string\"}}],\"inLanguage\":\"fi\"}]}<\/script>\n<!-- \/ Yoast SEO plugin. -->","yoast_head_json":{"title":"Yhteiset projektit - Munkkiniemen Rotaryklubi - Munksn\u00e4s Rotaryklubb","robots":{"index":"index","follow":"follow","max-snippet":"max-snippet:-1","max-image-preview":"max-image-preview:large","max-video-preview":"max-video-preview:-1"},"canonical":"https:\/\/rotary.fi\/munkkiniemi\/mita-teemme\/yhteiset-projektit\/","og_locale":"fi_FI","og_type":"article","og_title":"Yhteiset projektit - Munkkiniemen Rotaryklubi - Munksn\u00e4s Rotaryklubb","og_description":"Yhteiset projektit Yhteiset projektit Rotaryvuoden syyskauden suurellekin yleis\u00f6lle n\u00e4kyv\u00e4 tapahtuma on Silakkasoutu Helsingin silakkamarkkinoiden yhteydess\u00e4 lokakuun ensimm\u00e4isen\u00e4 sunnuntaina. T\u00e4h\u00e4n tapahtumaan klubilaiset voivat osallistua joko yksin tai ker\u00e4t\u00e4 kokonaisen kirkkoveneellisen soutajia kaikkiaan 14 soutajaa ja per\u00e4mies. Silakkasoutu liittyy kiinte\u00e4sti piirimme Save the Baltic Sea -hankkeeseen. Kokemisen arvoinen tapahtuma! Osallistumme piirimme yhteiseen END POLIO NOW\u00a0 (EPN) -p\u00e4iv\u00e4\u00e4n, [&hellip;]","og_url":"https:\/\/rotary.fi\/munkkiniemi\/mita-teemme\/yhteiset-projektit\/","og_site_name":"Munkkiniemen Rotaryklubi - Munksn\u00e4s Rotaryklubb","article_modified_time":"2020-11-11T09:24:33+00:00","twitter_card":"summary_large_image","twitter_misc":{"Arvioitu lukuaika":"2 minuuttia"},"schema":{"@context":"https:\/\/schema.org","@graph":[{"@type":"WebPage","@id":"https:\/\/rotary.fi\/munkkiniemi\/mita-teemme\/yhteiset-projektit\/","url":"https:\/\/rotary.fi\/munkkiniemi\/mita-teemme\/yhteiset-projektit\/","name":"Yhteiset projektit - Munkkiniemen Rotaryklubi - Munksn\u00e4s Rotaryklubb","isPartOf":{"@id":"https:\/\/rotary.fi\/munkkiniemi\/#website"},"datePublished":"2018-08-13T06:49:16+00:00","dateModified":"2020-11-11T09:24:33+00:00","breadcrumb":{"@id":"https:\/\/rotary.fi\/munkkiniemi\/mita-teemme\/yhteiset-projektit\/#breadcrumb"},"inLanguage":"fi","potentialAction":[{"@type":"ReadAction","target":["https:\/\/rotary.fi\/munkkiniemi\/mita-teemme\/yhteiset-projektit\/"]}]},{"@type":"BreadcrumbList","@id":"https:\/\/rotary.fi\/munkkiniemi\/mita-teemme\/yhteiset-projektit\/#breadcrumb","itemListElement":[{"@type":"ListItem","position":1,"name":"Home","item":"https:\/\/rotary.fi\/munkkiniemi\/"},{"@type":"ListItem","position":2,"name":"Mit\u00e4 teemme","item":"https:\/\/rotary.fi\/munkkiniemi\/mita-teemme\/"},{"@type":"ListItem","position":3,"name":"Yhteiset projektit"}]},{"@type":"WebSite","@id":"https:\/\/rotary.fi\/munkkiniemi\/#website","url":"https:\/\/rotary.fi\/munkkiniemi\/","name":"Munkkiniemen Rotaryklubi - Munksn\u00e4s Rotaryklubb","description":"Uusi Rotary klubisivusto","potentialAction":[{"@type":"SearchAction","target":{"@type":"EntryPoint","urlTemplate":"https:\/\/rotary.fi\/munkkiniemi\/?s={search_term_string}"},"query-input":{"@type":"PropertyValueSpecification","valueRequired":true,"valueName":"search_term_string"}}],"inLanguage":"fi"}]}},"lang":"fi","translations":{"fi":160},"pll_sync_post":[],"_links":{"self":[{"href":"https:\/\/rotary.fi\/munkkiniemi\/wp-json\/wp\/v2\/pages\/160","targetHints":{"allow":["GET"]}}],"collection":[{"href":"https:\/\/rotary.fi\/munkkiniemi\/wp-json\/wp\/v2\/pages"}],"about":[{"href":"https:\/\/rotary.fi\/munkkiniemi\/wp-json\/wp\/v2\/types\/page"}],"author":[{"embeddable":true,"href":"https:\/\/rotary.fi\/munkkiniemi\/wp-json\/wp\/v2\/users\/1"}],"replies":[{"embeddable":true,"href":"https:\/\/rotary.fi\/munkkiniemi\/wp-json\/wp\/v2\/comments?post=160"}],"version-history":[{"count":11,"href":"https:\/\/rotary.fi\/munkkiniemi\/wp-json\/wp\/v2\/pages\/160\/revisions"}],"predecessor-version":[{"id":1799,"href":"https:\/\/rotary.fi\/munkkiniemi\/wp-json\/wp\/v2\/pages\/160\/revisions\/1799"}],"up":[{"embeddable":true,"href":"https:\/\/rotary.fi\/munkkiniemi\/wp-json\/wp\/v2\/pages\/77"}],"wp:attachment":[{"href":"https:\/\/rotary.fi\/munkkiniemi\/wp-json\/wp\/v2\/media?parent=160"}],"curies":[{"name":"wp","href":"https:\/\/api.w.org\/{rel}","templated":true}]}}