{"id":276,"date":"2018-10-24T11:36:06","date_gmt":"2018-10-24T08:36:06","guid":{"rendered":"https:\/\/rotary.fi\/mikkelinaisvuori\/?page_id=276"},"modified":"2026-02-07T16:23:25","modified_gmt":"2026-02-07T14:23:25","slug":"olemme-osa-kansainvalista-rotarya","status":"publish","type":"page","link":"https:\/\/rotary.fi\/mikkelinaisvuori\/keita-olemme-2\/olemme-osa-kansainvalista-rotarya\/","title":{"rendered":"Olemme osa kansainv\u00e4list\u00e4 Rotarya"},"content":{"rendered":"<p>[et_pb_section fb_built=&#8221;1&#8243; _builder_version=&#8221;4.16&#8243; global_colors_info=&#8221;{}&#8221;][et_pb_row _builder_version=&#8221;4.16&#8243; global_colors_info=&#8221;{}&#8221;][et_pb_column type=&#8221;4_4&#8243; _builder_version=&#8221;4.16&#8243; global_colors_info=&#8221;{}&#8221;][et_pb_image src=&#8221;https:\/\/rotary.fi\/mikkelinaisvuori\/wp-content\/uploads\/sites\/184\/2026\/02\/img-9200.jpg&#8221; title_text=&#8221;IMG_9200&#8243; align=&#8221;center&#8221; _builder_version=&#8221;4.27.4&#8243; hover_enabled=&#8221;0&#8243; global_colors_info=&#8221;{}&#8221; sticky_enabled=&#8221;0&#8243;][\/et_pb_image][et_pb_text _builder_version=&#8221;4.16&#8243; global_colors_info=&#8221;{}&#8221;]<\/p>\n<p><b>Rotary International<\/b> (puhekieless\u00e4 Suomessa \u201drotarit\u201d) on kansainv\u00e4linen aatteellinen j\u00e4rjest\u00f6, johon kuuluu 1,2 miljoonaa j\u00e4sent\u00e4, miehi\u00e4 ja naisia, noin 34 000 klubissa yli 220 maassa ja itsehallintoalueella. J\u00e4senet toimivat paikallisissa rotaryklubeissa ja muodostavat maan kattavan ja my\u00f6s kansainv\u00e4lisen verkoston. J\u00e4rjest\u00f6 on perustettu <span style=\"color: #21031d\"><a href=\"https:\/\/fi.wikipedia.org\/wiki\/Chicago\" title=\"Chicago\" style=\"color: #21031d\">Chicagossa<\/a><\/span> 23. helmikuuta 1905 ja sen p\u00e4\u00e4maja sijaitsee Chicagon pohjoisessa esikaupungissa <span style=\"color: #030f19\"><a href=\"https:\/\/fi.wikipedia.org\/wiki\/Evanston\" title=\"Evanston\" style=\"color: #030f19\">Evanstonissa<\/a><\/span>.<sup id=\"cite_ref-YDINTIETO_1-0\" class=\"reference\"><\/sup><\/p>\n<p>Rotaryj\u00e4rjest\u00f6 kasvattaa j\u00e4senens\u00e4 toimimaan j\u00e4rjest\u00f6n tunnuslauseen <i>Palvelu itsekkyyden edelle<\/i> (\u201dService Above Self\u201d) hengess\u00e4. T\u00e4m\u00e4 tarkoittaa pyrkimist\u00e4 hyviin asioihin ja ymp\u00e4r\u00f6iv\u00e4n <span style=\"color: #000000\"><a href=\"https:\/\/fi.wikipedia.org\/wiki\/Yhteiskunta\" title=\"Yhteiskunta\" style=\"color: #000000\">yhteiskunnan<\/a><\/span> my\u00f6nteiseen kehitt\u00e4miseen. Rotarys\u00e4\u00e4ti\u00f6, jonka kautta suurimmat rotarypanostukset kanavoituvat, muotoilee teht\u00e4v\u00e4kseen \u201dDoing Good in the World\u201d, tehd\u00e4 maailmassa hyv\u00e4\u00e4.<\/p>\n<p>Rotariksi tullaan liittym\u00e4ll\u00e4 paikalliseen rotaryklubiin. Liittyminen tapahtuu kutsusta, mutta kiinnostuksestaan voi ilmoittaa my\u00f6s itse. J\u00e4seniksi otetaan \u201dhyv\u00e4maineisia kansalaisia, joilla on johtava asema omassa ammattikunnassaan\u201d.<\/p>\n<p>Rotaryj\u00e4rjest\u00f6 ilmaisee tavoitteekseen \u201dvaalia palvelemisen ihannetta kaiken arvossapidetyn yritteli\u00e4isyyden perustana\u201d. T\u00e4h\u00e4n sanotaan pyritt\u00e4v\u00e4n seuraavin tavoin:<\/p>\n<ol>\n<li>edist\u00e4m\u00e4ll\u00e4 tuttavuussuhteiden syntymist\u00e4 ja siten luomalla tilaisuuksia palvelemiseen<\/li>\n<li>vaalimalla liike- ja <span style=\"color: #000000\">ammatti<a href=\"https:\/\/fi.wikipedia.org\/wiki\/Moraali\" title=\"Moraali\" style=\"color: #000000\">moraalia<\/a><\/span> ja arvostamalla kaikkea hy\u00f6dyllist\u00e4 ty\u00f6t\u00e4 sek\u00e4 opastamalla jokaista rotaria n\u00e4kem\u00e4\u00e4n oma ammattinsa tilaisuutena palvella yhteiskuntaa<\/li>\n<li>innostamalla jokaista rotaria toteuttamaan palvelemisen ihannetta yksityisel\u00e4m\u00e4ss\u00e4\u00e4n, ammatissaan ja yhteiskunnan j\u00e4senen\u00e4<\/li>\n<li>edist\u00e4m\u00e4ll\u00e4 kansojen v\u00e4list\u00e4 yhteisymm\u00e4rryst\u00e4, hyv\u00e4\u00e4 tahtoa ja rauhaa palvelemisen ihanteen yhdist\u00e4mien ty\u00f6n ja toiminnan ihmisten v\u00e4lisen yst\u00e4vyyden avulla.<\/li>\n<\/ol>\n<p>[\/et_pb_text][\/et_pb_column][\/et_pb_row][\/et_pb_section][et_pb_section fb_built=&#8221;1&#8243; _builder_version=&#8221;4.16&#8243; global_colors_info=&#8221;{}&#8221;][\/et_pb_section]<\/p>\n","protected":false},"excerpt":{"rendered":"<p>Rotary International (puhekieless\u00e4 Suomessa \u201drotarit\u201d) on kansainv\u00e4linen aatteellinen j\u00e4rjest\u00f6, johon kuuluu 1,2 miljoonaa j\u00e4sent\u00e4, miehi\u00e4 ja naisia, noin 34 000 klubissa yli 220 maassa ja itsehallintoalueella. J\u00e4senet toimivat paikallisissa rotaryklubeissa ja muodostavat maan kattavan ja my\u00f6s kansainv\u00e4lisen verkoston. J\u00e4rjest\u00f6 on perustettu Chicagossa 23. helmikuuta 1905 ja sen p\u00e4\u00e4maja sijaitsee Chicagon pohjoisessa esikaupungissa Evanstonissa. Rotaryj\u00e4rjest\u00f6 kasvattaa [&hellip;]<\/p>\n","protected":false},"author":1,"featured_media":0,"parent":2730,"menu_order":0,"comment_status":"closed","ping_status":"closed","template":"","meta":{"_acf_changed":false,"_et_pb_use_builder":"on","_et_pb_old_content":"","_et_gb_content_width":"","footnotes":""},"class_list":["post-276","page","type-page","status-publish","hentry"],"acf":[],"yoast_head":"<!-- This site is optimized with the Yoast SEO plugin v27.0 - https:\/\/yoast.com\/product\/yoast-seo-wordpress\/ -->\n<title>Olemme osa kansainv\u00e4list\u00e4 Rotarya - Mikkeli-Naisvuori<\/title>\n<meta name=\"robots\" content=\"index, follow, max-snippet:-1, max-image-preview:large, max-video-preview:-1\" \/>\n<link rel=\"canonical\" href=\"https:\/\/rotary.fi\/mikkelinaisvuori\/keita-olemme-2\/olemme-osa-kansainvalista-rotarya\/\" \/>\n<meta property=\"og:locale\" content=\"fi_FI\" \/>\n<meta property=\"og:type\" content=\"article\" \/>\n<meta property=\"og:title\" content=\"Olemme osa kansainv\u00e4list\u00e4 Rotarya - Mikkeli-Naisvuori\" \/>\n<meta property=\"og:description\" content=\"Rotary International (puhekieless\u00e4 Suomessa \u201drotarit\u201d) on kansainv\u00e4linen aatteellinen j\u00e4rjest\u00f6, johon kuuluu 1,2 miljoonaa j\u00e4sent\u00e4, miehi\u00e4 ja naisia, noin 34 000 klubissa yli 220 maassa ja itsehallintoalueella. J\u00e4senet toimivat paikallisissa rotaryklubeissa ja muodostavat maan kattavan ja my\u00f6s kansainv\u00e4lisen verkoston. J\u00e4rjest\u00f6 on perustettu Chicagossa 23. helmikuuta 1905 ja sen p\u00e4\u00e4maja sijaitsee Chicagon pohjoisessa esikaupungissa Evanstonissa. Rotaryj\u00e4rjest\u00f6 kasvattaa [&hellip;]\" \/>\n<meta property=\"og:url\" content=\"https:\/\/rotary.fi\/mikkelinaisvuori\/keita-olemme-2\/olemme-osa-kansainvalista-rotarya\/\" \/>\n<meta property=\"og:site_name\" content=\"Mikkeli-Naisvuori\" \/>\n<meta property=\"article:modified_time\" content=\"2026-02-07T14:23:25+00:00\" \/>\n<meta name=\"twitter:card\" content=\"summary_large_image\" \/>\n<meta name=\"twitter:label1\" content=\"Arvioitu lukuaika\" \/>\n\t<meta name=\"twitter:data1\" content=\"2 minuuttia\" \/>\n<script type=\"application\/ld+json\" class=\"yoast-schema-graph\">{\"@context\":\"https:\/\/schema.org\",\"@graph\":[{\"@type\":\"WebPage\",\"@id\":\"https:\/\/rotary.fi\/mikkelinaisvuori\/keita-olemme-2\/olemme-osa-kansainvalista-rotarya\/\",\"url\":\"https:\/\/rotary.fi\/mikkelinaisvuori\/keita-olemme-2\/olemme-osa-kansainvalista-rotarya\/\",\"name\":\"Olemme osa kansainv\u00e4list\u00e4 Rotarya - Mikkeli-Naisvuori\",\"isPartOf\":{\"@id\":\"https:\/\/rotary.fi\/mikkelinaisvuori\/#website\"},\"datePublished\":\"2018-10-24T08:36:06+00:00\",\"dateModified\":\"2026-02-07T14:23:25+00:00\",\"breadcrumb\":{\"@id\":\"https:\/\/rotary.fi\/mikkelinaisvuori\/keita-olemme-2\/olemme-osa-kansainvalista-rotarya\/#breadcrumb\"},\"inLanguage\":\"fi\",\"potentialAction\":[{\"@type\":\"ReadAction\",\"target\":[\"https:\/\/rotary.fi\/mikkelinaisvuori\/keita-olemme-2\/olemme-osa-kansainvalista-rotarya\/\"]}]},{\"@type\":\"BreadcrumbList\",\"@id\":\"https:\/\/rotary.fi\/mikkelinaisvuori\/keita-olemme-2\/olemme-osa-kansainvalista-rotarya\/#breadcrumb\",\"itemListElement\":[{\"@type\":\"ListItem\",\"position\":1,\"name\":\"Home\",\"item\":\"https:\/\/rotary.fi\/mikkelinaisvuori\/\"},{\"@type\":\"ListItem\",\"position\":2,\"name\":\"Keit\u00e4 olemme\",\"item\":\"https:\/\/rotary.fi\/mikkelinaisvuori\/?page_id=2730\"},{\"@type\":\"ListItem\",\"position\":3,\"name\":\"Olemme osa kansainv\u00e4list\u00e4 Rotarya\"}]},{\"@type\":\"WebSite\",\"@id\":\"https:\/\/rotary.fi\/mikkelinaisvuori\/#website\",\"url\":\"https:\/\/rotary.fi\/mikkelinaisvuori\/\",\"name\":\"Mikkeli-Naisvuori\",\"description\":\"Uusi Rotary klubisivusto\",\"potentialAction\":[{\"@type\":\"SearchAction\",\"target\":{\"@type\":\"EntryPoint\",\"urlTemplate\":\"https:\/\/rotary.fi\/mikkelinaisvuori\/?s={search_term_string}\"},\"query-input\":{\"@type\":\"PropertyValueSpecification\",\"valueRequired\":true,\"valueName\":\"search_term_string\"}}],\"inLanguage\":\"fi\"}]}<\/script>\n<!-- \/ Yoast SEO plugin. -->","yoast_head_json":{"title":"Olemme osa kansainv\u00e4list\u00e4 Rotarya - Mikkeli-Naisvuori","robots":{"index":"index","follow":"follow","max-snippet":"max-snippet:-1","max-image-preview":"max-image-preview:large","max-video-preview":"max-video-preview:-1"},"canonical":"https:\/\/rotary.fi\/mikkelinaisvuori\/keita-olemme-2\/olemme-osa-kansainvalista-rotarya\/","og_locale":"fi_FI","og_type":"article","og_title":"Olemme osa kansainv\u00e4list\u00e4 Rotarya - Mikkeli-Naisvuori","og_description":"Rotary International (puhekieless\u00e4 Suomessa \u201drotarit\u201d) on kansainv\u00e4linen aatteellinen j\u00e4rjest\u00f6, johon kuuluu 1,2 miljoonaa j\u00e4sent\u00e4, miehi\u00e4 ja naisia, noin 34 000 klubissa yli 220 maassa ja itsehallintoalueella. J\u00e4senet toimivat paikallisissa rotaryklubeissa ja muodostavat maan kattavan ja my\u00f6s kansainv\u00e4lisen verkoston. J\u00e4rjest\u00f6 on perustettu Chicagossa 23. helmikuuta 1905 ja sen p\u00e4\u00e4maja sijaitsee Chicagon pohjoisessa esikaupungissa Evanstonissa. Rotaryj\u00e4rjest\u00f6 kasvattaa [&hellip;]","og_url":"https:\/\/rotary.fi\/mikkelinaisvuori\/keita-olemme-2\/olemme-osa-kansainvalista-rotarya\/","og_site_name":"Mikkeli-Naisvuori","article_modified_time":"2026-02-07T14:23:25+00:00","twitter_card":"summary_large_image","twitter_misc":{"Arvioitu lukuaika":"2 minuuttia"},"schema":{"@context":"https:\/\/schema.org","@graph":[{"@type":"WebPage","@id":"https:\/\/rotary.fi\/mikkelinaisvuori\/keita-olemme-2\/olemme-osa-kansainvalista-rotarya\/","url":"https:\/\/rotary.fi\/mikkelinaisvuori\/keita-olemme-2\/olemme-osa-kansainvalista-rotarya\/","name":"Olemme osa kansainv\u00e4list\u00e4 Rotarya - Mikkeli-Naisvuori","isPartOf":{"@id":"https:\/\/rotary.fi\/mikkelinaisvuori\/#website"},"datePublished":"2018-10-24T08:36:06+00:00","dateModified":"2026-02-07T14:23:25+00:00","breadcrumb":{"@id":"https:\/\/rotary.fi\/mikkelinaisvuori\/keita-olemme-2\/olemme-osa-kansainvalista-rotarya\/#breadcrumb"},"inLanguage":"fi","potentialAction":[{"@type":"ReadAction","target":["https:\/\/rotary.fi\/mikkelinaisvuori\/keita-olemme-2\/olemme-osa-kansainvalista-rotarya\/"]}]},{"@type":"BreadcrumbList","@id":"https:\/\/rotary.fi\/mikkelinaisvuori\/keita-olemme-2\/olemme-osa-kansainvalista-rotarya\/#breadcrumb","itemListElement":[{"@type":"ListItem","position":1,"name":"Home","item":"https:\/\/rotary.fi\/mikkelinaisvuori\/"},{"@type":"ListItem","position":2,"name":"Keit\u00e4 olemme","item":"https:\/\/rotary.fi\/mikkelinaisvuori\/?page_id=2730"},{"@type":"ListItem","position":3,"name":"Olemme osa kansainv\u00e4list\u00e4 Rotarya"}]},{"@type":"WebSite","@id":"https:\/\/rotary.fi\/mikkelinaisvuori\/#website","url":"https:\/\/rotary.fi\/mikkelinaisvuori\/","name":"Mikkeli-Naisvuori","description":"Uusi Rotary klubisivusto","potentialAction":[{"@type":"SearchAction","target":{"@type":"EntryPoint","urlTemplate":"https:\/\/rotary.fi\/mikkelinaisvuori\/?s={search_term_string}"},"query-input":{"@type":"PropertyValueSpecification","valueRequired":true,"valueName":"search_term_string"}}],"inLanguage":"fi"}]}},"lang":"fi","translations":{"fi":276,"en":1436},"pll_sync_post":[],"_links":{"self":[{"href":"https:\/\/rotary.fi\/mikkelinaisvuori\/wp-json\/wp\/v2\/pages\/276","targetHints":{"allow":["GET"]}}],"collection":[{"href":"https:\/\/rotary.fi\/mikkelinaisvuori\/wp-json\/wp\/v2\/pages"}],"about":[{"href":"https:\/\/rotary.fi\/mikkelinaisvuori\/wp-json\/wp\/v2\/types\/page"}],"author":[{"embeddable":true,"href":"https:\/\/rotary.fi\/mikkelinaisvuori\/wp-json\/wp\/v2\/users\/1"}],"replies":[{"embeddable":true,"href":"https:\/\/rotary.fi\/mikkelinaisvuori\/wp-json\/wp\/v2\/comments?post=276"}],"version-history":[{"count":9,"href":"https:\/\/rotary.fi\/mikkelinaisvuori\/wp-json\/wp\/v2\/pages\/276\/revisions"}],"predecessor-version":[{"id":2823,"href":"https:\/\/rotary.fi\/mikkelinaisvuori\/wp-json\/wp\/v2\/pages\/276\/revisions\/2823"}],"up":[{"embeddable":true,"href":"https:\/\/rotary.fi\/mikkelinaisvuori\/wp-json\/wp\/v2\/pages\/2730"}],"wp:attachment":[{"href":"https:\/\/rotary.fi\/mikkelinaisvuori\/wp-json\/wp\/v2\/media?parent=276"}],"curies":[{"name":"wp","href":"https:\/\/api.w.org\/{rel}","templated":true}]}}