{"id":186,"date":"2018-08-13T11:06:59","date_gmt":"2018-08-13T08:06:59","guid":{"rendered":"https:\/\/rotary.fi\/mikkelinaisvuori\/?page_id=186"},"modified":"2026-02-02T19:31:03","modified_gmt":"2026-02-02T17:31:03","slug":"tapahtumakalenteri","status":"publish","type":"page","link":"https:\/\/rotary.fi\/mikkelinaisvuori\/ajankohtaista\/tapahtumakalenteri\/","title":{"rendered":"Tapahtumakalenteri"},"content":{"rendered":"<p>[et_pb_section admin_label=&#8221;section&#8221;]<br \/>\n\t\t\t[et_pb_row admin_label=&#8221;row&#8221;]<br \/>\n\t\t\t\t[et_pb_column type=&#8221;4_4&#8243;][et_pb_text admin_label=&#8221;Text&#8221;]<\/p>\n<table style=\"width: 842px\" width=\"941\">\n<tbody>\n<tr>\n<td style=\"width: 69.4531px\"><\/td>\n<td style=\"width: 348.766px\">KEV\u00c4TKAUSI (19 kokousta)<\/td>\n<td style=\"width: 215.297px\"><\/td>\n<td style=\"width: 103.625px\" rowspan=\"2\">Huomautus (esim teams esitys, kokouspaikka)<\/td>\n<td style=\"width: 70.8594px\">Paikka<\/td>\n<\/tr>\n<tr>\n<td style=\"width: 69.4531px\">PVM<\/td>\n<td style=\"width: 348.766px\">Aihe<\/td>\n<td style=\"width: 215.297px\">Esitelm\u00e4n pit\u00e4j\u00e4 , mik\u00e4li ulkopuolinen<\/td>\n<td style=\"width: 70.8594px\"><\/td>\n<\/tr>\n<tr>\n<td style=\"width: 69.4531px\">Tammikuu<\/td>\n<td style=\"width: 348.766px\"><\/td>\n<td style=\"width: 215.297px\"><\/td>\n<td style=\"width: 103.625px\"><\/td>\n<td style=\"width: 70.8594px\"><\/td>\n<\/tr>\n<tr>\n<td style=\"width: 69.4531px\">16.1.<\/td>\n<td style=\"width: 348.766px\">Kev\u00e4tkauden avaus,Lounaskokous\u00a0 Klubineuvottelu,Klubin s\u00e4\u00e4nt\u00f6jen p\u00e4ivitystarve,\u00a0 J\u00e4senist\u00f6n aktiivisuus<\/td>\n<td style=\"width: 215.297px\"><\/td>\n<td style=\"width: 103.625px\"><\/td>\n<td style=\"width: 70.8594px\">Rauha<\/td>\n<\/tr>\n<tr>\n<td style=\"width: 69.4531px\">23.1.<\/td>\n<td style=\"width: 348.766px\">Luokite-esitelm\u00e4 Teija Skytt\u00e4<\/td>\n<td style=\"width: 215.297px\"><\/td>\n<td style=\"width: 103.625px\"><\/td>\n<td style=\"width: 70.8594px\">Rauha<\/td>\n<\/tr>\n<tr>\n<td style=\"width: 69.4531px\">28.1.<\/td>\n<td style=\"width: 348.766px\">Suur-Savon s\u00e4hk\u00f6 esitt\u00e4ytyy<\/td>\n<td style=\"width: 215.297px\">IC- kokous Mikkelin Rotaryklubin kanssa<\/td>\n<td style=\"width: 103.625px\"><\/td>\n<td style=\"width: 70.8594px\"><\/td>\n<\/tr>\n<tr>\n<td style=\"width: 69.4531px\">31.1.<\/td>\n<td style=\"width: 348.766px\">PrePELS 1 (kauden 2026-2027 toimihenkil\u00f6koulutus) ZOOM-linkki<\/td>\n<td style=\"width: 215.297px\">DGE Arja Tiainen Kiteen RC<\/td>\n<td style=\"width: 103.625px\">lauantai<\/td>\n<td style=\"width: 70.8594px\">verkko<\/td>\n<\/tr>\n<tr>\n<td style=\"width: 69.4531px\">Helmikuu<\/td>\n<td style=\"width: 348.766px\"><\/td>\n<td style=\"width: 215.297px\"><\/td>\n<td style=\"width: 103.625px\"><\/td>\n<td style=\"width: 70.8594px\"><\/td>\n<\/tr>\n<tr>\n<td style=\"width: 69.4531px\">13.02.<\/td>\n<td style=\"width: 348.766px\">Droonit taivaalla- Saimaan Drone\u00a0 Oy<\/td>\n<td style=\"width: 215.297px\">Jussi Saarinen<\/td>\n<td style=\"width: 103.625px\"><\/td>\n<td style=\"width: 70.8594px\">Rauha<\/td>\n<\/tr>\n<tr>\n<td style=\"width: 69.4531px\">15.02.<\/td>\n<td style=\"width: 348.766px\">Yst\u00e4v\u00e4np\u00e4iv\u00e4konsertti Juvalla<\/td>\n<td style=\"width: 215.297px\">Juvan Rotaryklubi<\/td>\n<td style=\"width: 103.625px\">IC- kokous<\/td>\n<td style=\"width: 70.8594px\">Juvan kirkko<\/td>\n<\/tr>\n<tr>\n<td style=\"width: 69.4531px\">20.2.<\/td>\n<td style=\"width: 348.766px\">Lennonjohtajien koulutus t\u00e4n\u00e4 p\u00e4iv\u00e4n\u00e4<\/td>\n<td style=\"width: 215.297px\">Jouni Laukkanen<\/td>\n<td style=\"width: 103.625px\"><\/td>\n<td style=\"width: 70.8594px\">Rauha<\/td>\n<\/tr>\n<tr>\n<td style=\"width: 69.4531px\">21.02.<\/td>\n<td style=\"width: 348.766px\">PrePELS 2 (kauden 2026-2027 presidentit) ZOOM-linkki<\/td>\n<td style=\"width: 215.297px\">DGE Arja Tiainen Kiteen RC<\/td>\n<td style=\"width: 103.625px\">lauantai<\/td>\n<td style=\"width: 70.8594px\">verkko<\/td>\n<\/tr>\n<tr>\n<td style=\"width: 69.4531px\">23.2.<\/td>\n<td style=\"width: 348.766px\">ROTARY vuosip\u00e4iv\u00e4 lounas<\/td>\n<td style=\"width: 215.297px\">Lounas tapaaminen klo 13.00<\/td>\n<td style=\"width: 103.625px\">maanantai<\/td>\n<td style=\"width: 70.8594px\">Rauha<\/td>\n<\/tr>\n<tr>\n<td style=\"width: 69.4531px\">28.2.<\/td>\n<td style=\"width: 348.766px\">Lapsiperheiden talvitapahtuma, RotaKIds<\/td>\n<td style=\"width: 215.297px\">Yhteisty\u00f6 Lions-Klubien kanssa<\/td>\n<td style=\"width: 103.625px\">lauantai<\/td>\n<td style=\"width: 70.8594px\">Satama<\/td>\n<\/tr>\n<tr>\n<td style=\"width: 69.4531px\">Maaliskuu<\/td>\n<td style=\"width: 348.766px\"><\/td>\n<td style=\"width: 215.297px\"><\/td>\n<td style=\"width: 103.625px\"><\/td>\n<td style=\"width: 70.8594px\"><\/td>\n<\/tr>\n<tr>\n<td style=\"width: 69.4531px\">6.3.<\/td>\n<td style=\"width: 348.766px\">Luokite-esitelm\u00e4 Anna-Maija Kiesil\u00e4inen<\/td>\n<td style=\"width: 215.297px\"><\/td>\n<td style=\"width: 103.625px\"><\/td>\n<td style=\"width: 70.8594px\">Rauha<\/td>\n<\/tr>\n<tr>\n<td style=\"width: 69.4531px\">21.-22.3.<\/td>\n<td style=\"width: 348.766px\">PELS ja piirin kev\u00e4tkokous, Punkaharju<\/td>\n<td style=\"width: 215.297px\">DG Atte Von Wight Kuopio RC<\/td>\n<td style=\"width: 103.625px\">la-su<\/td>\n<td style=\"width: 70.8594px\">Punkaharju<\/td>\n<\/tr>\n<tr>\n<td style=\"width: 69.4531px\">27.3.<\/td>\n<td style=\"width: 348.766px\">Luonnosta terveytt\u00e4 -mehil\u00e4ishoitajista hunajantuotantoon<\/td>\n<td style=\"width: 215.297px\">Martti ja Elina H\u00e4iki\u00f6<\/td>\n<td style=\"width: 103.625px\"><\/td>\n<td style=\"width: 70.8594px\">Rauha<\/td>\n<\/tr>\n<tr>\n<td style=\"width: 69.4531px\"><\/td>\n<td style=\"width: 348.766px\"><\/td>\n<td style=\"width: 215.297px\"><\/td>\n<td style=\"width: 103.625px\"><\/td>\n<td style=\"width: 70.8594px\"><\/td>\n<\/tr>\n<tr>\n<td style=\"width: 69.4531px\">Huhtikuu<\/td>\n<td style=\"width: 348.766px\"><\/td>\n<td style=\"width: 215.297px\"><\/td>\n<td style=\"width: 103.625px\"><\/td>\n<td style=\"width: 70.8594px\"><\/td>\n<\/tr>\n<tr>\n<td style=\"width: 69.4531px\">10.4.<\/td>\n<td style=\"width: 348.766px\">Klubin kev\u00e4tkokous, kausi 2026-2027<\/td>\n<td style=\"width: 215.297px\">kauden 2026-2027 presidentti<\/td>\n<td style=\"width: 103.625px\"><\/td>\n<td style=\"width: 70.8594px\">Rauha<\/td>\n<\/tr>\n<tr>\n<td style=\"width: 69.4531px\">16.4.<\/td>\n<td style=\"width: 348.766px\">Klubin vuosip\u00e4iv\u00e4 lounas, paikka tarkentuu<\/td>\n<td style=\"width: 215.297px\">Lounas tapaaminen klo 12.00<\/td>\n<td style=\"width: 103.625px\">torstai<\/td>\n<td style=\"width: 70.8594px\"><\/td>\n<\/tr>\n<tr>\n<td style=\"width: 69.4531px\">24.4.<\/td>\n<td style=\"width: 348.766px\">Ty\u00f6paikkana Euroopan Unioni<\/td>\n<td style=\"width: 215.297px\"><span style=\"font-family: inherit;font-size: inherit\">Sofia Karttunen esitelm\u00e4 TEAMS -yhteydell\u00e4<\/span><\/td>\n<td style=\"width: 103.625px\">Teams-yhteydell\u00e4<\/td>\n<td style=\"width: 70.8594px\"><\/td>\n<\/tr>\n<tr>\n<td style=\"width: 69.4531px\">20.- 26.4.<\/td>\n<td style=\"width: 348.766px\">Veteraaniviikon tapahtumia Mikkeliss\u00e4<\/td>\n<td style=\"width: 215.297px\">Tapahtumista tiedotetaan erikseen<\/td>\n<td style=\"width: 103.625px\"><\/td>\n<td style=\"width: 70.8594px\"><\/td>\n<\/tr>\n<tr>\n<td style=\"width: 69.4531px\">Toukokuu<\/td>\n<td style=\"width: 348.766px\"><\/td>\n<td style=\"width: 215.297px\"><\/td>\n<td style=\"width: 103.625px\"><\/td>\n<td style=\"width: 70.8594px\"><\/td>\n<\/tr>\n<tr>\n<td style=\"width: 69.4531px\">8.5.<\/td>\n<td style=\"width: 348.766px\">Klubineuvottelu, kauden 2026-2027 syyskauden suunnittelu<\/td>\n<td style=\"width: 215.297px\">ohjelman valmistelu<\/td>\n<td style=\"width: 103.625px\"><\/td>\n<td style=\"width: 70.8594px\">Rauha<\/td>\n<\/tr>\n<tr>\n<td style=\"width: 69.4531px\">15.5.<\/td>\n<td style=\"width: 348.766px\">Vaihto-oppilaiden vierailu ja esitt\u00e4ytyminen IC_ tapahtuma<\/td>\n<td style=\"width: 215.297px\"><\/td>\n<td style=\"width: 103.625px\"><\/td>\n<td style=\"width: 70.8594px\">Rauha<\/td>\n<\/tr>\n<tr>\n<td style=\"width: 69.4531px\">16.5.<\/td>\n<td style=\"width: 348.766px\">Piirikonferenssi Kuopio,Hotelli\u00a0 Iso Valkeinen<\/td>\n<td style=\"width: 215.297px\">DG Atte von Wright Kuopio RC<\/td>\n<td style=\"width: 103.625px\">lauantai<\/td>\n<td style=\"width: 70.8594px\">Kuopio<\/td>\n<\/tr>\n<tr>\n<td style=\"width: 69.4531px\">22.5.<\/td>\n<td style=\"width: 348.766px\">Roskat pois luonnosta, ulkoilutapahtumana roskien ker\u00e4ys<\/td>\n<td style=\"width: 215.297px\"><\/td>\n<td style=\"width: 180.484px\" colspan=\"2\">Paikka ilmoitetaan my\u00f6hemmin<\/td>\n<\/tr>\n<tr>\n<td style=\"width: 69.4531px\">Kes\u00e4kuu<\/td>\n<td style=\"width: 348.766px\"><\/td>\n<td style=\"width: 215.297px\"><\/td>\n<td style=\"width: 103.625px\"><\/td>\n<td style=\"width: 70.8594px\"><\/td>\n<\/tr>\n<tr>\n<td style=\"width: 69.4531px\">4.6.<\/td>\n<td style=\"width: 348.766px\">PV:n lippujuhlap\u00e4iv\u00e4, seppeleen lasku, tutustuminen Mannerheimin vaunuun<\/td>\n<td style=\"width: 215.297px\"><\/td>\n<td style=\"width: 103.625px\">torstai<\/td>\n<td style=\"width: 70.8594px\"><\/td>\n<\/tr>\n<tr>\n<td style=\"width: 69.4531px\">12.6..<\/td>\n<td style=\"width: 348.766px\">Kauden p\u00e4\u00e4t\u00f6s, K\u00e4\u00e4tyjen vaihto, Naisvuoren kahvila<\/td>\n<td style=\"width: 215.297px\">IC tapahtuma<\/td>\n<td style=\"width: 103.625px\"><\/td>\n<td style=\"width: 70.8594px\">Naisvuori<\/td>\n<\/tr>\n<\/tbody>\n<\/table>\n<p>[\/et_pb_text][\/et_pb_column]<br \/>\n\t\t\t[\/et_pb_row]<br \/>\n\t\t[\/et_pb_section]<\/p>\n","protected":false},"excerpt":{"rendered":"<p>KEV\u00c4TKAUSI (19 kokousta) Huomautus (esim teams esitys, kokouspaikka) Paikka PVM Aihe Esitelm\u00e4n pit\u00e4j\u00e4 , mik\u00e4li ulkopuolinen Tammikuu 16.1. Kev\u00e4tkauden avaus,Lounaskokous\u00a0 Klubineuvottelu,Klubin s\u00e4\u00e4nt\u00f6jen p\u00e4ivitystarve,\u00a0 J\u00e4senist\u00f6n aktiivisuus Rauha 23.1. Luokite-esitelm\u00e4 Teija Skytt\u00e4 Rauha 28.1. Suur-Savon s\u00e4hk\u00f6 esitt\u00e4ytyy IC- kokous Mikkelin Rotaryklubin kanssa 31.1. PrePELS 1 (kauden 2026-2027 toimihenkil\u00f6koulutus) ZOOM-linkki DGE Arja Tiainen Kiteen RC lauantai verkko Helmikuu [&hellip;]<\/p>\n","protected":false},"author":1,"featured_media":0,"parent":94,"menu_order":0,"comment_status":"closed","ping_status":"closed","template":"","meta":{"_acf_changed":false,"_et_pb_use_builder":"on","_et_pb_old_content":"<table style=\"width: 842px\" width=\"941\">\r\n<tbody>\r\n<tr>\r\n<td style=\"width: 69.4531px\"><\/td>\r\n<td style=\"width: 348.766px\">KEV\u00c4TKAUSI (19 kokousta)<\/td>\r\n<td style=\"width: 215.297px\"><\/td>\r\n<td style=\"width: 103.625px\" rowspan=\"2\">Huomautus (esim teams esitys, kokouspaikka)<\/td>\r\n<td style=\"width: 70.8594px\">Paikka<\/td>\r\n<\/tr>\r\n<tr>\r\n<td style=\"width: 69.4531px\">PVM<\/td>\r\n<td style=\"width: 348.766px\">Aihe<\/td>\r\n<td style=\"width: 215.297px\">Esitelm\u00e4n pit\u00e4j\u00e4 , mik\u00e4li ulkopuolinen<\/td>\r\n<td style=\"width: 70.8594px\"><\/td>\r\n<\/tr>\r\n<tr>\r\n<td style=\"width: 69.4531px\">Tammikuu<\/td>\r\n<td style=\"width: 348.766px\"><\/td>\r\n<td style=\"width: 215.297px\"><\/td>\r\n<td style=\"width: 103.625px\"><\/td>\r\n<td style=\"width: 70.8594px\"><\/td>\r\n<\/tr>\r\n<tr>\r\n<td style=\"width: 69.4531px\">16.1.<\/td>\r\n<td style=\"width: 348.766px\">Kev\u00e4tkauden avaus,Lounaskokous\u00a0 Klubineuvottelu,Klubin s\u00e4\u00e4nt\u00f6jen p\u00e4ivitystarve,\u00a0 J\u00e4senist\u00f6n aktiivisuus<\/td>\r\n<td style=\"width: 215.297px\"><\/td>\r\n<td style=\"width: 103.625px\"><\/td>\r\n<td style=\"width: 70.8594px\">Rauha<\/td>\r\n<\/tr>\r\n<tr>\r\n<td style=\"width: 69.4531px\">23.1.<\/td>\r\n<td style=\"width: 348.766px\">Luokite-esitelm\u00e4 Teija Skytt\u00e4<\/td>\r\n<td style=\"width: 215.297px\"><\/td>\r\n<td style=\"width: 103.625px\"><\/td>\r\n<td style=\"width: 70.8594px\">Rauha<\/td>\r\n<\/tr>\r\n<tr>\r\n<td style=\"width: 69.4531px\">28.1.<\/td>\r\n<td style=\"width: 348.766px\">Suur-Savon s\u00e4hk\u00f6 esitt\u00e4ytyy<\/td>\r\n<td style=\"width: 215.297px\">IC- kokous Mikkelin Rotaryklubin kanssa<\/td>\r\n<td style=\"width: 103.625px\"><\/td>\r\n<td style=\"width: 70.8594px\"><\/td>\r\n<\/tr>\r\n<tr>\r\n<td style=\"width: 69.4531px\">31.1.<\/td>\r\n<td style=\"width: 348.766px\">PrePELS 1 (kauden 2026-2027 toimihenkil\u00f6koulutus) ZOOM-linkki<\/td>\r\n<td style=\"width: 215.297px\">DGE Arja Tiainen Kiteen RC<\/td>\r\n<td style=\"width: 103.625px\">lauantai<\/td>\r\n<td style=\"width: 70.8594px\">verkko<\/td>\r\n<\/tr>\r\n<tr>\r\n<td style=\"width: 69.4531px\">Helmikuu<\/td>\r\n<td style=\"width: 348.766px\"><\/td>\r\n<td style=\"width: 215.297px\"><\/td>\r\n<td style=\"width: 103.625px\"><\/td>\r\n<td style=\"width: 70.8594px\"><\/td>\r\n<\/tr>\r\n<tr>\r\n<td style=\"width: 69.4531px\">13.02.<\/td>\r\n<td style=\"width: 348.766px\">Droonit taivaalla- Saimaan Drone\u00a0 Oy<\/td>\r\n<td style=\"width: 215.297px\">Jussi Saarinen<\/td>\r\n<td style=\"width: 103.625px\"><\/td>\r\n<td style=\"width: 70.8594px\">Rauha<\/td>\r\n<\/tr>\r\n<tr>\r\n<td style=\"width: 69.4531px\">15.02.<\/td>\r\n<td style=\"width: 348.766px\">Yst\u00e4v\u00e4np\u00e4iv\u00e4konsertti Juvalla<\/td>\r\n<td style=\"width: 215.297px\">Juvan Rotaryklubi<\/td>\r\n<td style=\"width: 103.625px\">IC- kokous<\/td>\r\n<td style=\"width: 70.8594px\">Juvan kirkko<\/td>\r\n<\/tr>\r\n<tr>\r\n<td style=\"width: 69.4531px\">20.2.<\/td>\r\n<td style=\"width: 348.766px\">Lennonjohtajien koulutus t\u00e4n\u00e4 p\u00e4iv\u00e4n\u00e4<\/td>\r\n<td style=\"width: 215.297px\">Jouni Laukkanen<\/td>\r\n<td style=\"width: 103.625px\"><\/td>\r\n<td style=\"width: 70.8594px\">Rauha<\/td>\r\n<\/tr>\r\n<tr>\r\n<td style=\"width: 69.4531px\">21.02.<\/td>\r\n<td style=\"width: 348.766px\">PrePELS 2 (kauden 2026-2027 presidentit) ZOOM-linkki<\/td>\r\n<td style=\"width: 215.297px\">DGE Arja Tiainen Kiteen RC<\/td>\r\n<td style=\"width: 103.625px\">lauantai<\/td>\r\n<td style=\"width: 70.8594px\">verkko<\/td>\r\n<\/tr>\r\n<tr>\r\n<td style=\"width: 69.4531px\">23.2.<\/td>\r\n<td style=\"width: 348.766px\">ROTARY vuosip\u00e4iv\u00e4 lounas<\/td>\r\n<td style=\"width: 215.297px\">Lounas tapaaminen klo 13.00<\/td>\r\n<td style=\"width: 103.625px\">maanantai<\/td>\r\n<td style=\"width: 70.8594px\">Rauha<\/td>\r\n<\/tr>\r\n<tr>\r\n<td style=\"width: 69.4531px\">28.2.<\/td>\r\n<td style=\"width: 348.766px\">Lapsiperheiden talvitapahtuma, RotaKIds<\/td>\r\n<td style=\"width: 215.297px\">Yhteisty\u00f6 Lions-Klubien kanssa<\/td>\r\n<td style=\"width: 103.625px\">lauantai<\/td>\r\n<td style=\"width: 70.8594px\">Satama<\/td>\r\n<\/tr>\r\n<tr>\r\n<td style=\"width: 69.4531px\">Maaliskuu<\/td>\r\n<td style=\"width: 348.766px\"><\/td>\r\n<td style=\"width: 215.297px\"><\/td>\r\n<td style=\"width: 103.625px\"><\/td>\r\n<td style=\"width: 70.8594px\"><\/td>\r\n<\/tr>\r\n<tr>\r\n<td style=\"width: 69.4531px\">6.3.<\/td>\r\n<td style=\"width: 348.766px\">Luokite-esitelm\u00e4 Anna-Maija Kiesil\u00e4inen<\/td>\r\n<td style=\"width: 215.297px\"><\/td>\r\n<td style=\"width: 103.625px\"><\/td>\r\n<td style=\"width: 70.8594px\">Rauha<\/td>\r\n<\/tr>\r\n<tr>\r\n<td style=\"width: 69.4531px\">21.-22.3.<\/td>\r\n<td style=\"width: 348.766px\">PELS ja piirin kev\u00e4tkokous, Punkaharju<\/td>\r\n<td style=\"width: 215.297px\">DG Atte Von Wight Kuopio RC<\/td>\r\n<td style=\"width: 103.625px\">la-su<\/td>\r\n<td style=\"width: 70.8594px\">Punkaharju<\/td>\r\n<\/tr>\r\n<tr>\r\n<td style=\"width: 69.4531px\">27.3.<\/td>\r\n<td style=\"width: 348.766px\">Luonnosta terveytt\u00e4 -mehil\u00e4ishoitajista hunajantuotantoon<\/td>\r\n<td style=\"width: 215.297px\">Martti ja Elina H\u00e4iki\u00f6<\/td>\r\n<td style=\"width: 103.625px\"><\/td>\r\n<td style=\"width: 70.8594px\">Rauha<\/td>\r\n<\/tr>\r\n<tr>\r\n<td style=\"width: 69.4531px\"><\/td>\r\n<td style=\"width: 348.766px\"><\/td>\r\n<td style=\"width: 215.297px\"><\/td>\r\n<td style=\"width: 103.625px\"><\/td>\r\n<td style=\"width: 70.8594px\"><\/td>\r\n<\/tr>\r\n<tr>\r\n<td style=\"width: 69.4531px\">Huhtikuu<\/td>\r\n<td style=\"width: 348.766px\"><\/td>\r\n<td style=\"width: 215.297px\"><\/td>\r\n<td style=\"width: 103.625px\"><\/td>\r\n<td style=\"width: 70.8594px\"><\/td>\r\n<\/tr>\r\n<tr>\r\n<td style=\"width: 69.4531px\">10.4.<\/td>\r\n<td style=\"width: 348.766px\">Klubin kev\u00e4tkokous, kausi 2026-2027<\/td>\r\n<td style=\"width: 215.297px\">kauden 2026-2027 presidentti<\/td>\r\n<td style=\"width: 103.625px\"><\/td>\r\n<td style=\"width: 70.8594px\">Rauha<\/td>\r\n<\/tr>\r\n<tr>\r\n<td style=\"width: 69.4531px\">16.4.<\/td>\r\n<td style=\"width: 348.766px\">Klubin vuosip\u00e4iv\u00e4 lounas, paikka tarkentuu<\/td>\r\n<td style=\"width: 215.297px\">Lounas tapaaminen klo 12.00<\/td>\r\n<td style=\"width: 103.625px\">torstai<\/td>\r\n<td style=\"width: 70.8594px\"><\/td>\r\n<\/tr>\r\n<tr>\r\n<td style=\"width: 69.4531px\">24.4.<\/td>\r\n<td style=\"width: 348.766px\">Ty\u00f6paikkana Euroopan Unioni<\/td>\r\n<td style=\"width: 215.297px\"><span style=\"font-family: inherit;font-size: inherit\">Sofia Karttunen esitelm\u00e4 TEAMS -yhteydell\u00e4<\/span><\/td>\r\n<td style=\"width: 103.625px\">Teams-yhteydell\u00e4<\/td>\r\n<td style=\"width: 70.8594px\"><\/td>\r\n<\/tr>\r\n<tr>\r\n<td style=\"width: 69.4531px\">20.- 26.4.<\/td>\r\n<td style=\"width: 348.766px\">Veteraaniviikon tapahtumia Mikkeliss\u00e4<\/td>\r\n<td style=\"width: 215.297px\">Tapahtumista tiedotetaan erikseen<\/td>\r\n<td style=\"width: 103.625px\"><\/td>\r\n<td style=\"width: 70.8594px\"><\/td>\r\n<\/tr>\r\n<tr>\r\n<td style=\"width: 69.4531px\">Toukokuu<\/td>\r\n<td style=\"width: 348.766px\"><\/td>\r\n<td style=\"width: 215.297px\"><\/td>\r\n<td style=\"width: 103.625px\"><\/td>\r\n<td style=\"width: 70.8594px\"><\/td>\r\n<\/tr>\r\n<tr>\r\n<td style=\"width: 69.4531px\">8.5.<\/td>\r\n<td style=\"width: 348.766px\">Klubineuvottelu, kauden 2026-2027 syyskauden suunnittelu<\/td>\r\n<td style=\"width: 215.297px\">ohjelman valmistelu<\/td>\r\n<td style=\"width: 103.625px\"><\/td>\r\n<td style=\"width: 70.8594px\">Rauha<\/td>\r\n<\/tr>\r\n<tr>\r\n<td style=\"width: 69.4531px\">15.5.<\/td>\r\n<td style=\"width: 348.766px\">Vaihto-oppilaiden vierailu ja esitt\u00e4ytyminen IC_ tapahtuma<\/td>\r\n<td style=\"width: 215.297px\"><\/td>\r\n<td style=\"width: 103.625px\"><\/td>\r\n<td style=\"width: 70.8594px\">Rauha<\/td>\r\n<\/tr>\r\n<tr>\r\n<td style=\"width: 69.4531px\">16.5.<\/td>\r\n<td style=\"width: 348.766px\">Piirikonferenssi Kuopio,Hotelli\u00a0 Iso Valkeinen<\/td>\r\n<td style=\"width: 215.297px\">DG Atte von Wright Kuopio RC<\/td>\r\n<td style=\"width: 103.625px\">lauantai<\/td>\r\n<td style=\"width: 70.8594px\">Kuopio<\/td>\r\n<\/tr>\r\n<tr>\r\n<td style=\"width: 69.4531px\">22.5.<\/td>\r\n<td style=\"width: 348.766px\">Roskat pois luonnosta, ulkoilutapahtumana roskien ker\u00e4ys<\/td>\r\n<td style=\"width: 215.297px\"><\/td>\r\n<td style=\"width: 180.484px\" colspan=\"2\">Paikka ilmoitetaan my\u00f6hemmin<\/td>\r\n<\/tr>\r\n<tr>\r\n<td style=\"width: 69.4531px\">Kes\u00e4kuu<\/td>\r\n<td style=\"width: 348.766px\"><\/td>\r\n<td style=\"width: 215.297px\"><\/td>\r\n<td style=\"width: 103.625px\"><\/td>\r\n<td style=\"width: 70.8594px\"><\/td>\r\n<\/tr>\r\n<tr>\r\n<td style=\"width: 69.4531px\">4.6.<\/td>\r\n<td style=\"width: 348.766px\">PV:n lippujuhlap\u00e4iv\u00e4, seppeleen lasku, tutustuminen Mannerheimin vaunuun<\/td>\r\n<td style=\"width: 215.297px\"><\/td>\r\n<td style=\"width: 103.625px\">torstai<\/td>\r\n<td style=\"width: 70.8594px\"><\/td>\r\n<\/tr>\r\n<tr>\r\n<td style=\"width: 69.4531px\">12.6..<\/td>\r\n<td style=\"width: 348.766px\">Kauden p\u00e4\u00e4t\u00f6s, K\u00e4\u00e4tyjen vaihto, Naisvuoren kahvila<\/td>\r\n<td style=\"width: 215.297px\">IC tapahtuma<\/td>\r\n<td style=\"width: 103.625px\"><\/td>\r\n<td style=\"width: 70.8594px\">Naisvuori<\/td>\r\n<\/tr>\r\n<\/tbody>\r\n<\/table>","_et_gb_content_width":"","footnotes":""},"class_list":["post-186","page","type-page","status-publish","hentry"],"acf":[],"yoast_head":"<!-- This site is optimized with the Yoast SEO plugin v27.0 - https:\/\/yoast.com\/product\/yoast-seo-wordpress\/ -->\n<title>Tapahtumakalenteri - Mikkeli-Naisvuori<\/title>\n<meta name=\"robots\" content=\"index, follow, max-snippet:-1, max-image-preview:large, max-video-preview:-1\" \/>\n<link rel=\"canonical\" href=\"https:\/\/rotary.fi\/mikkelinaisvuori\/ajankohtaista\/tapahtumakalenteri\/\" \/>\n<meta property=\"og:locale\" content=\"fi_FI\" \/>\n<meta property=\"og:type\" content=\"article\" \/>\n<meta property=\"og:title\" content=\"Tapahtumakalenteri - Mikkeli-Naisvuori\" \/>\n<meta property=\"og:description\" content=\"KEV\u00c4TKAUSI (19 kokousta) Huomautus (esim teams esitys, kokouspaikka) Paikka PVM Aihe Esitelm\u00e4n pit\u00e4j\u00e4 , mik\u00e4li ulkopuolinen Tammikuu 16.1. Kev\u00e4tkauden avaus,Lounaskokous\u00a0 Klubineuvottelu,Klubin s\u00e4\u00e4nt\u00f6jen p\u00e4ivitystarve,\u00a0 J\u00e4senist\u00f6n aktiivisuus Rauha 23.1. Luokite-esitelm\u00e4 Teija Skytt\u00e4 Rauha 28.1. Suur-Savon s\u00e4hk\u00f6 esitt\u00e4ytyy IC- kokous Mikkelin Rotaryklubin kanssa 31.1. PrePELS 1 (kauden 2026-2027 toimihenkil\u00f6koulutus) ZOOM-linkki DGE Arja Tiainen Kiteen RC lauantai verkko Helmikuu [&hellip;]\" \/>\n<meta property=\"og:url\" content=\"https:\/\/rotary.fi\/mikkelinaisvuori\/ajankohtaista\/tapahtumakalenteri\/\" \/>\n<meta property=\"og:site_name\" content=\"Mikkeli-Naisvuori\" \/>\n<meta property=\"article:modified_time\" content=\"2026-02-02T17:31:03+00:00\" \/>\n<meta name=\"twitter:card\" content=\"summary_large_image\" \/>\n<meta name=\"twitter:label1\" content=\"Arvioitu lukuaika\" \/>\n\t<meta name=\"twitter:data1\" content=\"2 minuuttia\" \/>\n<script type=\"application\/ld+json\" class=\"yoast-schema-graph\">{\"@context\":\"https:\/\/schema.org\",\"@graph\":[{\"@type\":\"WebPage\",\"@id\":\"https:\/\/rotary.fi\/mikkelinaisvuori\/ajankohtaista\/tapahtumakalenteri\/\",\"url\":\"https:\/\/rotary.fi\/mikkelinaisvuori\/ajankohtaista\/tapahtumakalenteri\/\",\"name\":\"Tapahtumakalenteri - Mikkeli-Naisvuori\",\"isPartOf\":{\"@id\":\"https:\/\/rotary.fi\/mikkelinaisvuori\/#website\"},\"datePublished\":\"2018-08-13T08:06:59+00:00\",\"dateModified\":\"2026-02-02T17:31:03+00:00\",\"breadcrumb\":{\"@id\":\"https:\/\/rotary.fi\/mikkelinaisvuori\/ajankohtaista\/tapahtumakalenteri\/#breadcrumb\"},\"inLanguage\":\"fi\",\"potentialAction\":[{\"@type\":\"ReadAction\",\"target\":[\"https:\/\/rotary.fi\/mikkelinaisvuori\/ajankohtaista\/tapahtumakalenteri\/\"]}]},{\"@type\":\"BreadcrumbList\",\"@id\":\"https:\/\/rotary.fi\/mikkelinaisvuori\/ajankohtaista\/tapahtumakalenteri\/#breadcrumb\",\"itemListElement\":[{\"@type\":\"ListItem\",\"position\":1,\"name\":\"Home\",\"item\":\"https:\/\/rotary.fi\/mikkelinaisvuori\/\"},{\"@type\":\"ListItem\",\"position\":2,\"name\":\"Ajankohtaista\",\"item\":\"https:\/\/rotary.fi\/mikkelinaisvuori\/ajankohtaista\/\"},{\"@type\":\"ListItem\",\"position\":3,\"name\":\"Tapahtumakalenteri\"}]},{\"@type\":\"WebSite\",\"@id\":\"https:\/\/rotary.fi\/mikkelinaisvuori\/#website\",\"url\":\"https:\/\/rotary.fi\/mikkelinaisvuori\/\",\"name\":\"Mikkeli-Naisvuori\",\"description\":\"Uusi Rotary klubisivusto\",\"potentialAction\":[{\"@type\":\"SearchAction\",\"target\":{\"@type\":\"EntryPoint\",\"urlTemplate\":\"https:\/\/rotary.fi\/mikkelinaisvuori\/?s={search_term_string}\"},\"query-input\":{\"@type\":\"PropertyValueSpecification\",\"valueRequired\":true,\"valueName\":\"search_term_string\"}}],\"inLanguage\":\"fi\"}]}<\/script>\n<!-- \/ Yoast SEO plugin. -->","yoast_head_json":{"title":"Tapahtumakalenteri - Mikkeli-Naisvuori","robots":{"index":"index","follow":"follow","max-snippet":"max-snippet:-1","max-image-preview":"max-image-preview:large","max-video-preview":"max-video-preview:-1"},"canonical":"https:\/\/rotary.fi\/mikkelinaisvuori\/ajankohtaista\/tapahtumakalenteri\/","og_locale":"fi_FI","og_type":"article","og_title":"Tapahtumakalenteri - Mikkeli-Naisvuori","og_description":"KEV\u00c4TKAUSI (19 kokousta) Huomautus (esim teams esitys, kokouspaikka) Paikka PVM Aihe Esitelm\u00e4n pit\u00e4j\u00e4 , mik\u00e4li ulkopuolinen Tammikuu 16.1. Kev\u00e4tkauden avaus,Lounaskokous\u00a0 Klubineuvottelu,Klubin s\u00e4\u00e4nt\u00f6jen p\u00e4ivitystarve,\u00a0 J\u00e4senist\u00f6n aktiivisuus Rauha 23.1. Luokite-esitelm\u00e4 Teija Skytt\u00e4 Rauha 28.1. Suur-Savon s\u00e4hk\u00f6 esitt\u00e4ytyy IC- kokous Mikkelin Rotaryklubin kanssa 31.1. PrePELS 1 (kauden 2026-2027 toimihenkil\u00f6koulutus) ZOOM-linkki DGE Arja Tiainen Kiteen RC lauantai verkko Helmikuu [&hellip;]","og_url":"https:\/\/rotary.fi\/mikkelinaisvuori\/ajankohtaista\/tapahtumakalenteri\/","og_site_name":"Mikkeli-Naisvuori","article_modified_time":"2026-02-02T17:31:03+00:00","twitter_card":"summary_large_image","twitter_misc":{"Arvioitu lukuaika":"2 minuuttia"},"schema":{"@context":"https:\/\/schema.org","@graph":[{"@type":"WebPage","@id":"https:\/\/rotary.fi\/mikkelinaisvuori\/ajankohtaista\/tapahtumakalenteri\/","url":"https:\/\/rotary.fi\/mikkelinaisvuori\/ajankohtaista\/tapahtumakalenteri\/","name":"Tapahtumakalenteri - Mikkeli-Naisvuori","isPartOf":{"@id":"https:\/\/rotary.fi\/mikkelinaisvuori\/#website"},"datePublished":"2018-08-13T08:06:59+00:00","dateModified":"2026-02-02T17:31:03+00:00","breadcrumb":{"@id":"https:\/\/rotary.fi\/mikkelinaisvuori\/ajankohtaista\/tapahtumakalenteri\/#breadcrumb"},"inLanguage":"fi","potentialAction":[{"@type":"ReadAction","target":["https:\/\/rotary.fi\/mikkelinaisvuori\/ajankohtaista\/tapahtumakalenteri\/"]}]},{"@type":"BreadcrumbList","@id":"https:\/\/rotary.fi\/mikkelinaisvuori\/ajankohtaista\/tapahtumakalenteri\/#breadcrumb","itemListElement":[{"@type":"ListItem","position":1,"name":"Home","item":"https:\/\/rotary.fi\/mikkelinaisvuori\/"},{"@type":"ListItem","position":2,"name":"Ajankohtaista","item":"https:\/\/rotary.fi\/mikkelinaisvuori\/ajankohtaista\/"},{"@type":"ListItem","position":3,"name":"Tapahtumakalenteri"}]},{"@type":"WebSite","@id":"https:\/\/rotary.fi\/mikkelinaisvuori\/#website","url":"https:\/\/rotary.fi\/mikkelinaisvuori\/","name":"Mikkeli-Naisvuori","description":"Uusi Rotary klubisivusto","potentialAction":[{"@type":"SearchAction","target":{"@type":"EntryPoint","urlTemplate":"https:\/\/rotary.fi\/mikkelinaisvuori\/?s={search_term_string}"},"query-input":{"@type":"PropertyValueSpecification","valueRequired":true,"valueName":"search_term_string"}}],"inLanguage":"fi"}]}},"lang":"fi","translations":{"fi":186,"en":1496},"pll_sync_post":[],"_links":{"self":[{"href":"https:\/\/rotary.fi\/mikkelinaisvuori\/wp-json\/wp\/v2\/pages\/186","targetHints":{"allow":["GET"]}}],"collection":[{"href":"https:\/\/rotary.fi\/mikkelinaisvuori\/wp-json\/wp\/v2\/pages"}],"about":[{"href":"https:\/\/rotary.fi\/mikkelinaisvuori\/wp-json\/wp\/v2\/types\/page"}],"author":[{"embeddable":true,"href":"https:\/\/rotary.fi\/mikkelinaisvuori\/wp-json\/wp\/v2\/users\/1"}],"replies":[{"embeddable":true,"href":"https:\/\/rotary.fi\/mikkelinaisvuori\/wp-json\/wp\/v2\/comments?post=186"}],"version-history":[{"count":12,"href":"https:\/\/rotary.fi\/mikkelinaisvuori\/wp-json\/wp\/v2\/pages\/186\/revisions"}],"predecessor-version":[{"id":3137,"href":"https:\/\/rotary.fi\/mikkelinaisvuori\/wp-json\/wp\/v2\/pages\/186\/revisions\/3137"}],"up":[{"embeddable":true,"href":"https:\/\/rotary.fi\/mikkelinaisvuori\/wp-json\/wp\/v2\/pages\/94"}],"wp:attachment":[{"href":"https:\/\/rotary.fi\/mikkelinaisvuori\/wp-json\/wp\/v2\/media?parent=186"}],"curies":[{"name":"wp","href":"https:\/\/api.w.org\/{rel}","templated":true}]}}