{"id":156,"date":"2018-08-13T09:46:59","date_gmt":"2018-08-13T06:46:59","guid":{"rendered":"https:\/\/rotary.fi\/mikkelinaisvuori\/?page_id=156"},"modified":"2026-02-10T17:07:20","modified_gmt":"2026-02-10T15:07:20","slug":"projektit","status":"publish","type":"page","link":"https:\/\/rotary.fi\/mikkelinaisvuori\/mita-teemme\/projektit\/","title":{"rendered":"Projektit"},"content":{"rendered":"<p>[et_pb_section fb_built=&#8221;1&#8243; module_class=&#8221;jumbotron-page&#8221; _builder_version=&#8221;4.16&#8243; background_image=&#8221;https:\/\/rotary.fi\/mikkelinaisvuori\/wp-content\/uploads\/sites\/184\/2021\/03\/rb-rotary-end-polio-now.jpg&#8221; global_colors_info=&#8221;{}&#8221;][et_pb_row _builder_version=&#8221;4.16&#8243; background_size=&#8221;initial&#8221; background_position=&#8221;top_left&#8221; background_repeat=&#8221;repeat&#8221; global_colors_info=&#8221;{}&#8221;][et_pb_column type=&#8221;4_4&#8243; _builder_version=&#8221;4.16&#8243; custom_padding=&#8221;|||&#8221; global_colors_info=&#8221;{}&#8221; custom_padding__hover=&#8221;|||&#8221;][et_pb_text admin_label=&#8221;P\u00e4\u00e4otsikko&#8221; _builder_version=&#8221;4.16&#8243; text_orientation=&#8221;center&#8221; background_layout=&#8221;dark&#8221; global_colors_info=&#8221;{}&#8221;]<\/p>\n<h1>Projektit<\/h1>\n<p>[\/et_pb_text][\/et_pb_column][\/et_pb_row][\/et_pb_section][et_pb_section fb_built=&#8221;1&#8243; specialty=&#8221;on&#8221; module_class_2=&#8221;sivupalkki&#8221; _builder_version=&#8221;4.16&#8243; global_colors_info=&#8221;{}&#8221;][et_pb_column type=&#8221;2_3&#8243; specialty_columns=&#8221;2&#8243; _builder_version=&#8221;4.16&#8243; custom_padding=&#8221;|||&#8221; global_colors_info=&#8221;{}&#8221; parallax__hover=&#8221;off&#8221; parallax_method__hover=&#8221;on&#8221; custom_padding__hover=&#8221;|||&#8221;][et_pb_row_inner admin_label=&#8221;Rivi&#8221; _builder_version=&#8221;4.16&#8243; custom_margin=&#8221;|||20px||&#8221; global_colors_info=&#8221;{}&#8221;][et_pb_column_inner saved_specialty_column_type=&#8221;2_3&#8243; _builder_version=&#8221;4.16&#8243; custom_padding=&#8221;|||&#8221; global_colors_info=&#8221;{}&#8221; parallax__hover=&#8221;off&#8221; parallax_method__hover=&#8221;on&#8221; custom_padding__hover=&#8221;|||&#8221;][et_pb_text admin_label=&#8221;Projektit &#8211; Otsikko&#8221; _builder_version=&#8221;4.16&#8243; text_orientation=&#8221;center&#8221; global_colors_info=&#8221;{}&#8221;]<\/p>\n<h1>Projektit<\/h1>\n<p>[\/et_pb_text][et_pb_image src=&#8221;https:\/\/rotary.fi\/mikkelinaisvuori\/wp-content\/uploads\/sites\/184\/2026\/02\/img-7019.jpg&#8221; title_text=&#8221;IMG_7019&#8243; align=&#8221;center&#8221; _builder_version=&#8221;4.27.4&#8243; global_colors_info=&#8221;{}&#8221;][\/et_pb_image][et_pb_text _builder_version=&#8221;4.22.1&#8243; global_colors_info=&#8221;{}&#8221;]<\/p>\n<p>&nbsp;<\/p>\n<p>Rotary on palveluj\u00e4rjest\u00f6. Toimimme tunnuslauseemme Palvelu itsekkyyden edelle (Service above self) mukaisesti paikallisesti ja maailmanlaajuisesti. Kansainv\u00e4linen humanit\u00e4\u00e4rinen palvelumme toteutuu Rotarys\u00e4\u00e4ti\u00f6mme koordinoimana ja hyv\u00e4ksyttyjen kumppaneiden kanssa.<br \/>Yksi yli 30 vuotta kest\u00e4nyt projekti on Polion poistaminen maailmasta. Vuoteen 2017 menness\u00e4 oli rokotettu 39 eri maassa 430 miljoonaa lasta. Rahaa t\u00e4h\u00e4n on k\u00e4ytetty 100 miljoonaa dollaria. Ty\u00f6 jatkuu edelleen sill\u00e4 sairastuneita lapsia l\u00f6ytyy viel\u00e4 joitakin Afganistanista ja Pakistanista. My\u00f6s muualla on tullut joitakin tietoja sairastumisista.<\/p>\n<ul><\/ul>\n<p>&nbsp;<\/p>\n<p><b>J\u00e4rven Joulu<\/b><\/p>\n<p>Toimintakausina 2022-2023 ja 2023-2024 olimme yhdess\u00e4 Mikkelin Rotaryklubin kanssa \u00a0sek\u00e4 j\u00e4lkimm\u00e4isell\u00e4 kaudella my\u00f6s Ristiinan Rotaryklubin kanssa tehneet projektia nimelt\u00e4\u00e4n J\u00e4rven Joulu. Uusin jakso 2025-2028 on meneill\u00e4\u00e4n. Siin\u00e4 Mikkelin seudun koulujen kanssa olemme upottaneet kuusia j\u00e4rviin turoiksi jotka toimivat biologisina vedenpuhdistaja siten, ett\u00e4 kuusiin muodostuu bakteerikanta jota pieneli\u00f6t sy\u00f6v\u00e4t ja n\u00e4it\u00e4 sitten sy\u00f6v\u00e4t kalat ja sudenkorentojen toukat yms. N\u00e4in saadaan vedest\u00e4 poistettua ep\u00e4huhtautta ja veden laatu paranee.<\/p>\n<p>Koululaiset saivat ensin teorian opetusta asiasta. Sitten vierailtiin Mikkelin vedenpuhdistuslaitoksessa tutkimassa kuinka vett\u00e4 puhdistetaan kaupungin j\u00e4tevedest\u00e4. \u00a0Kuusien upotusten yhteydess\u00e4 tehtiin vedenlaadun mittauksia ns. vesirepuissa olevilla testeill\u00e4.<\/p>\n<p>Projetia oli auttamassa palokunta joka tarjosi venekalustoaan avuksi.<\/p>\n<p>&nbsp;<\/p>\n<p><b>Vesiprojekti 2025-2028<\/b><\/p>\n<p>Toimintakausina 2025-2028 olemme yhdess\u00e4 Mikkelin Rotaryklubin sek\u00e4 Ristiinan Rotaryklubin kanssa tekem\u00e4ss\u00e4 projektia yhdess\u00e4 Mikkelin koulutoimen kanssa.<\/p>\n<p>Projektilla tuetaan koulun monialaista ja kokemusper\u00e4ist\u00e4 opetusty\u00f6t\u00e4 ja oppilaiden oppimista ymp\u00e4rist\u00f6asioissa. Mukana projektissa ovat Mikkelin kaupunki, XAMK:n ymp\u00e4rist\u00f6teknologian opiskelijat, ymp\u00e4rist\u00f6turvallisuuden ja vesiteknologian tutkimusryhm\u00e4, Suomen Ymp\u00e4rist\u00f6keskus (Kari-Matti Vuori) ja Mikkelin eri yhten\u00e4iskoulut.<\/p>\n<p>&nbsp;<\/p>\n<p><strong>Mikkeli-Naisvuori rotaryklubin lahjoitus Mikkelin Tytt\u00f6teatterille<\/strong><\/p>\n<p>Mikkeli-Naisvuori rotaryklubi\u00a0 antoi apurahaa Mikkelin Tytt\u00f6teatterin tukemiseen 1450 euroa.<\/p>\n<p><strong>Mikkelin Tytt\u00f6teatteri<\/strong><\/p>\n<ul>\n<li>Perustettu vuonna 2008 osana Myrsky-hanketta.<\/li>\n<li>Ryhm\u00e4n tarkoitus on mahdollistaa ilmainen teatteriharrastus osallistujilleen.<\/li>\n<li>Toiminnan l\u00e4ht\u00f6kohtana on tehd\u00e4 korkealaatuisia ja oma\u00e4\u00e4nisi\u00e4 esityksi\u00e4.<\/li>\n<li>Esitykset valmistetaan ryhm\u00e4l\u00e4ht\u00f6isesti ja ryhm\u00e4 itse vastaa k\u00e4sikirjoituksesta, esiintymisest\u00e4 ja muista ty\u00f6ryhm\u00e4n rooleista.<\/li>\n<\/ul>\n<p>&nbsp;<\/p>\n<p>&nbsp;<\/p>\n<p>&nbsp;<\/p>\n<p>&nbsp;<\/p>\n<p>&nbsp;<\/p>\n<p>&nbsp;<\/p>\n<p>&nbsp;<\/p>\n<p>&nbsp;<\/p>\n<p>[\/et_pb_text][\/et_pb_column_inner][\/et_pb_row_inner][\/et_pb_column][et_pb_column type=&#8221;1_3&#8243; module_class=&#8221;sivupalkki&#8221; _builder_version=&#8221;4.16&#8243; custom_padding=&#8221;|||&#8221; global_colors_info=&#8221;{}&#8221; parallax__hover=&#8221;off&#8221; parallax_method__hover=&#8221;on&#8221; module_class__hover=&#8221;sivupalkki&#8221; custom_padding__hover=&#8221;|||&#8221;][et_pb_sidebar area=&#8221;sidebar-1&#8243; module_class=&#8221;sivupalkki_sisalto&#8221; _builder_version=&#8221;4.16&#8243; locked=&#8221;on&#8221; global_colors_info=&#8221;{}&#8221;][\/et_pb_sidebar][\/et_pb_column][\/et_pb_section]<\/p>\n","protected":false},"excerpt":{"rendered":"<p>Projektit Projektit &nbsp; Rotary on palveluj\u00e4rjest\u00f6. Toimimme tunnuslauseemme Palvelu itsekkyyden edelle (Service above self) mukaisesti paikallisesti ja maailmanlaajuisesti. Kansainv\u00e4linen humanit\u00e4\u00e4rinen palvelumme toteutuu Rotarys\u00e4\u00e4ti\u00f6mme koordinoimana ja hyv\u00e4ksyttyjen kumppaneiden kanssa.Yksi yli 30 vuotta kest\u00e4nyt projekti on Polion poistaminen maailmasta. Vuoteen 2017 menness\u00e4 oli rokotettu 39 eri maassa 430 miljoonaa lasta. Rahaa t\u00e4h\u00e4n on k\u00e4ytetty 100 miljoonaa dollaria. [&hellip;]<\/p>\n","protected":false},"author":1,"featured_media":0,"parent":77,"menu_order":0,"comment_status":"closed","ping_status":"closed","template":"","meta":{"_acf_changed":false,"_et_pb_use_builder":"on","_et_pb_old_content":"","_et_gb_content_width":"","footnotes":""},"class_list":["post-156","page","type-page","status-publish","hentry"],"acf":[],"yoast_head":"<!-- This site is optimized with the Yoast SEO plugin v27.0 - https:\/\/yoast.com\/product\/yoast-seo-wordpress\/ -->\n<title>Projektit - Mikkeli-Naisvuori<\/title>\n<meta name=\"robots\" content=\"index, follow, max-snippet:-1, max-image-preview:large, max-video-preview:-1\" \/>\n<link rel=\"canonical\" href=\"https:\/\/rotary.fi\/mikkelinaisvuori\/mita-teemme\/projektit\/\" \/>\n<meta property=\"og:locale\" content=\"fi_FI\" \/>\n<meta property=\"og:type\" content=\"article\" \/>\n<meta property=\"og:title\" content=\"Projektit - Mikkeli-Naisvuori\" \/>\n<meta property=\"og:description\" content=\"Projektit Projektit &nbsp; Rotary on palveluj\u00e4rjest\u00f6. Toimimme tunnuslauseemme Palvelu itsekkyyden edelle (Service above self) mukaisesti paikallisesti ja maailmanlaajuisesti. Kansainv\u00e4linen humanit\u00e4\u00e4rinen palvelumme toteutuu Rotarys\u00e4\u00e4ti\u00f6mme koordinoimana ja hyv\u00e4ksyttyjen kumppaneiden kanssa.Yksi yli 30 vuotta kest\u00e4nyt projekti on Polion poistaminen maailmasta. Vuoteen 2017 menness\u00e4 oli rokotettu 39 eri maassa 430 miljoonaa lasta. Rahaa t\u00e4h\u00e4n on k\u00e4ytetty 100 miljoonaa dollaria. [&hellip;]\" \/>\n<meta property=\"og:url\" content=\"https:\/\/rotary.fi\/mikkelinaisvuori\/mita-teemme\/projektit\/\" \/>\n<meta property=\"og:site_name\" content=\"Mikkeli-Naisvuori\" \/>\n<meta property=\"article:modified_time\" content=\"2026-02-10T15:07:20+00:00\" \/>\n<meta name=\"twitter:card\" content=\"summary_large_image\" \/>\n<meta name=\"twitter:label1\" content=\"Arvioitu lukuaika\" \/>\n\t<meta name=\"twitter:data1\" content=\"2 minuuttia\" \/>\n<script type=\"application\/ld+json\" class=\"yoast-schema-graph\">{\"@context\":\"https:\/\/schema.org\",\"@graph\":[{\"@type\":\"WebPage\",\"@id\":\"https:\/\/rotary.fi\/mikkelinaisvuori\/mita-teemme\/projektit\/\",\"url\":\"https:\/\/rotary.fi\/mikkelinaisvuori\/mita-teemme\/projektit\/\",\"name\":\"Projektit - Mikkeli-Naisvuori\",\"isPartOf\":{\"@id\":\"https:\/\/rotary.fi\/mikkelinaisvuori\/#website\"},\"datePublished\":\"2018-08-13T06:46:59+00:00\",\"dateModified\":\"2026-02-10T15:07:20+00:00\",\"breadcrumb\":{\"@id\":\"https:\/\/rotary.fi\/mikkelinaisvuori\/mita-teemme\/projektit\/#breadcrumb\"},\"inLanguage\":\"fi\",\"potentialAction\":[{\"@type\":\"ReadAction\",\"target\":[\"https:\/\/rotary.fi\/mikkelinaisvuori\/mita-teemme\/projektit\/\"]}]},{\"@type\":\"BreadcrumbList\",\"@id\":\"https:\/\/rotary.fi\/mikkelinaisvuori\/mita-teemme\/projektit\/#breadcrumb\",\"itemListElement\":[{\"@type\":\"ListItem\",\"position\":1,\"name\":\"Home\",\"item\":\"https:\/\/rotary.fi\/mikkelinaisvuori\/\"},{\"@type\":\"ListItem\",\"position\":2,\"name\":\"Mit\u00e4 teemme\",\"item\":\"https:\/\/rotary.fi\/mikkelinaisvuori\/mita-teemme\/\"},{\"@type\":\"ListItem\",\"position\":3,\"name\":\"Projektit\"}]},{\"@type\":\"WebSite\",\"@id\":\"https:\/\/rotary.fi\/mikkelinaisvuori\/#website\",\"url\":\"https:\/\/rotary.fi\/mikkelinaisvuori\/\",\"name\":\"Mikkeli-Naisvuori\",\"description\":\"Uusi Rotary klubisivusto\",\"potentialAction\":[{\"@type\":\"SearchAction\",\"target\":{\"@type\":\"EntryPoint\",\"urlTemplate\":\"https:\/\/rotary.fi\/mikkelinaisvuori\/?s={search_term_string}\"},\"query-input\":{\"@type\":\"PropertyValueSpecification\",\"valueRequired\":true,\"valueName\":\"search_term_string\"}}],\"inLanguage\":\"fi\"}]}<\/script>\n<!-- \/ Yoast SEO plugin. -->","yoast_head_json":{"title":"Projektit - Mikkeli-Naisvuori","robots":{"index":"index","follow":"follow","max-snippet":"max-snippet:-1","max-image-preview":"max-image-preview:large","max-video-preview":"max-video-preview:-1"},"canonical":"https:\/\/rotary.fi\/mikkelinaisvuori\/mita-teemme\/projektit\/","og_locale":"fi_FI","og_type":"article","og_title":"Projektit - Mikkeli-Naisvuori","og_description":"Projektit Projektit &nbsp; Rotary on palveluj\u00e4rjest\u00f6. Toimimme tunnuslauseemme Palvelu itsekkyyden edelle (Service above self) mukaisesti paikallisesti ja maailmanlaajuisesti. Kansainv\u00e4linen humanit\u00e4\u00e4rinen palvelumme toteutuu Rotarys\u00e4\u00e4ti\u00f6mme koordinoimana ja hyv\u00e4ksyttyjen kumppaneiden kanssa.Yksi yli 30 vuotta kest\u00e4nyt projekti on Polion poistaminen maailmasta. Vuoteen 2017 menness\u00e4 oli rokotettu 39 eri maassa 430 miljoonaa lasta. Rahaa t\u00e4h\u00e4n on k\u00e4ytetty 100 miljoonaa dollaria. [&hellip;]","og_url":"https:\/\/rotary.fi\/mikkelinaisvuori\/mita-teemme\/projektit\/","og_site_name":"Mikkeli-Naisvuori","article_modified_time":"2026-02-10T15:07:20+00:00","twitter_card":"summary_large_image","twitter_misc":{"Arvioitu lukuaika":"2 minuuttia"},"schema":{"@context":"https:\/\/schema.org","@graph":[{"@type":"WebPage","@id":"https:\/\/rotary.fi\/mikkelinaisvuori\/mita-teemme\/projektit\/","url":"https:\/\/rotary.fi\/mikkelinaisvuori\/mita-teemme\/projektit\/","name":"Projektit - Mikkeli-Naisvuori","isPartOf":{"@id":"https:\/\/rotary.fi\/mikkelinaisvuori\/#website"},"datePublished":"2018-08-13T06:46:59+00:00","dateModified":"2026-02-10T15:07:20+00:00","breadcrumb":{"@id":"https:\/\/rotary.fi\/mikkelinaisvuori\/mita-teemme\/projektit\/#breadcrumb"},"inLanguage":"fi","potentialAction":[{"@type":"ReadAction","target":["https:\/\/rotary.fi\/mikkelinaisvuori\/mita-teemme\/projektit\/"]}]},{"@type":"BreadcrumbList","@id":"https:\/\/rotary.fi\/mikkelinaisvuori\/mita-teemme\/projektit\/#breadcrumb","itemListElement":[{"@type":"ListItem","position":1,"name":"Home","item":"https:\/\/rotary.fi\/mikkelinaisvuori\/"},{"@type":"ListItem","position":2,"name":"Mit\u00e4 teemme","item":"https:\/\/rotary.fi\/mikkelinaisvuori\/mita-teemme\/"},{"@type":"ListItem","position":3,"name":"Projektit"}]},{"@type":"WebSite","@id":"https:\/\/rotary.fi\/mikkelinaisvuori\/#website","url":"https:\/\/rotary.fi\/mikkelinaisvuori\/","name":"Mikkeli-Naisvuori","description":"Uusi Rotary klubisivusto","potentialAction":[{"@type":"SearchAction","target":{"@type":"EntryPoint","urlTemplate":"https:\/\/rotary.fi\/mikkelinaisvuori\/?s={search_term_string}"},"query-input":{"@type":"PropertyValueSpecification","valueRequired":true,"valueName":"search_term_string"}}],"inLanguage":"fi"}]}},"lang":"fi","translations":{"fi":156,"en":1451},"pll_sync_post":[],"_links":{"self":[{"href":"https:\/\/rotary.fi\/mikkelinaisvuori\/wp-json\/wp\/v2\/pages\/156","targetHints":{"allow":["GET"]}}],"collection":[{"href":"https:\/\/rotary.fi\/mikkelinaisvuori\/wp-json\/wp\/v2\/pages"}],"about":[{"href":"https:\/\/rotary.fi\/mikkelinaisvuori\/wp-json\/wp\/v2\/types\/page"}],"author":[{"embeddable":true,"href":"https:\/\/rotary.fi\/mikkelinaisvuori\/wp-json\/wp\/v2\/users\/1"}],"replies":[{"embeddable":true,"href":"https:\/\/rotary.fi\/mikkelinaisvuori\/wp-json\/wp\/v2\/comments?post=156"}],"version-history":[{"count":10,"href":"https:\/\/rotary.fi\/mikkelinaisvuori\/wp-json\/wp\/v2\/pages\/156\/revisions"}],"predecessor-version":[{"id":2972,"href":"https:\/\/rotary.fi\/mikkelinaisvuori\/wp-json\/wp\/v2\/pages\/156\/revisions\/2972"}],"up":[{"embeddable":true,"href":"https:\/\/rotary.fi\/mikkelinaisvuori\/wp-json\/wp\/v2\/pages\/77"}],"wp:attachment":[{"href":"https:\/\/rotary.fi\/mikkelinaisvuori\/wp-json\/wp\/v2\/media?parent=156"}],"curies":[{"name":"wp","href":"https:\/\/api.w.org\/{rel}","templated":true}]}}