{"id":1496,"date":"2019-02-21T13:37:06","date_gmt":"2019-02-21T11:37:06","guid":{"rendered":"https:\/\/rotary.fi\/mikkelinaisvuori\/?page_id=1496"},"modified":"2026-02-07T19:50:07","modified_gmt":"2026-02-07T17:50:07","slug":"upcoming-events","status":"publish","type":"page","link":"https:\/\/rotary.fi\/mikkelinaisvuori\/en\/upcoming-events\/","title":{"rendered":"Upcoming Events"},"content":{"rendered":"<p>[et_pb_section fb_built=&#8221;1&#8243; module_class=&#8221;jumbotron-page&#8221; _builder_version=&#8221;4.16&#8243; background_image=&#8221;https:\/\/rotary.fi\/mikkelinaisvuori\/wp-content\/uploads\/sites\/184\/2018\/10\/rotary_klubit_alasivu_paakuva_12.jpg&#8221; global_colors_info=&#8221;{}&#8221;][et_pb_row _builder_version=&#8221;4.16&#8243; background_size=&#8221;initial&#8221; background_position=&#8221;top_left&#8221; background_repeat=&#8221;repeat&#8221; global_colors_info=&#8221;{}&#8221;][et_pb_column type=&#8221;4_4&#8243; _builder_version=&#8221;4.16&#8243; custom_padding=&#8221;|||&#8221; global_colors_info=&#8221;{}&#8221; custom_padding__hover=&#8221;|||&#8221;][et_pb_text admin_label=&#8221;P\u00e4\u00e4otsikko: Upcoming Events&#8221; _builder_version=&#8221;4.16&#8243; text_orientation=&#8221;center&#8221; background_layout=&#8221;dark&#8221; global_colors_info=&#8221;{}&#8221;]<\/p>\n<h1>Upcoming Events<\/h1>\n<p>[\/et_pb_text][et_pb_text _builder_version=&#8221;4.27.4&#8243; _module_preset=&#8221;default&#8221; hover_enabled=&#8221;0&#8243; global_colors_info=&#8221;{}&#8221; background_color=&#8221;#019FCB&#8221; sticky_enabled=&#8221;0&#8243;]<\/p>\n<p style=\"font-weight: 400\"><strong>Our next meeting:<\/strong><\/p>\n<p style=\"font-weight: 400\"><strong>\u00a0February 12, 2026 \u2013 7 pm\u00a0<\/strong><strong><a href=\"https:\/\/rotary-org.zoom.us\/j\/95070847899?pwd=gb8a1ahUCg4Be5i9rPxquRB2C7eq0J.1\" data-saferedirecturl=\"https:\/\/www.google.com\/url?q=https:\/\/rotary-org.zoom.us\/j\/95070847899?pwd%3Dgb8a1ahUCg4Be5i9rPxquRB2C7eq0J.1&amp;source=gmail&amp;ust=1770539108669000&amp;usg=AOvVaw0lvb3cprKELvERbC4Ro4yS\">Join here<\/a><\/strong><br \/>&#8211;\u00a0<strong>Ismo Marttinen<\/strong>\u00a0(Protection Coordinator, WWF):\u00a0<strong>Protection of Saimaa Ringed Seal<br \/><\/strong>&#8211; <strong>Claire Beastall and Markku Ranin<\/strong>\u00a0(District Governor Nominee D1430, Rotary International):\u00a0<strong>Creating snowdrifts for Saimaa Ringed Seal &#8211; Volunteer Story<\/strong><\/p>\n<p>[\/et_pb_text][et_pb_image src=&#8221;https:\/\/rotary.fi\/mikkelinaisvuori\/wp-content\/uploads\/sites\/184\/2026\/02\/img-6607.jpg&#8221; title_text=&#8221;IMG_6607&#8243; _builder_version=&#8221;4.27.4&#8243; _module_preset=&#8221;default&#8221; width=&#8221;42%&#8221; max_width=&#8221;44%&#8221; global_colors_info=&#8221;{}&#8221;][\/et_pb_image][\/et_pb_column][\/et_pb_row][\/et_pb_section][et_pb_section fb_built=&#8221;1&#8243; specialty=&#8221;on&#8221; module_class_2=&#8221;sivupalkki&#8221; _builder_version=&#8221;4.16&#8243; locked=&#8221;on&#8221; global_colors_info=&#8221;{}&#8221;][et_pb_column type=&#8221;2_3&#8243; specialty_columns=&#8221;2&#8243; _builder_version=&#8221;4.16&#8243; custom_padding=&#8221;|||&#8221; global_colors_info=&#8221;{}&#8221; custom_padding__hover=&#8221;|||&#8221;][et_pb_row_inner admin_label=&#8221;Rivi&#8221; _builder_version=&#8221;4.16&#8243; locked=&#8221;off&#8221; global_colors_info=&#8221;{}&#8221;][et_pb_column_inner saved_specialty_column_type=&#8221;2_3&#8243; _builder_version=&#8221;4.16&#8243; custom_padding=&#8221;|||&#8221; global_colors_info=&#8221;{}&#8221; custom_padding__hover=&#8221;|||&#8221;][et_pb_text admin_label=&#8221;Otsikko: Upcoming Events&#8221; _builder_version=&#8221;4.16&#8243; text_orientation=&#8221;center&#8221; global_colors_info=&#8221;{}&#8221;]<\/p>\n<h1>Upcoming Events<\/h1>\n<p>[\/et_pb_text][et_pb_code admin_label=&#8221;Tulevien tapahtumien listaus&#8221; module_class=&#8221;kaikki_ajankohtaiset&#8221; _builder_version=&#8221;4.16&#8243; locked=&#8221;off&#8221; global_colors_info=&#8221;{}&#8221;]<div class=\"em em-view-container\" id=\"em-view-383563381\" data-view=\"list\">\r\n\t<div class=\"em pixelbones em-list em-events-list\" id=\"em-events-list-383563381\" data-view-id=\"383563381\">\r\n\t<div class=\"no_events\">Ei tapahtumia.<\/div>\t<\/div>\r\n<\/div>[\/et_pb_code][\/et_pb_column_inner][\/et_pb_row_inner][et_pb_row_inner admin_label=&#8221;Rivi&#8221; _builder_version=&#8221;4.16&#8243; locked=&#8221;off&#8221; global_colors_info=&#8221;{}&#8221;][et_pb_column_inner saved_specialty_column_type=&#8221;2_3&#8243; _builder_version=&#8221;4.16&#8243; custom_padding=&#8221;|||&#8221; global_colors_info=&#8221;{}&#8221; custom_padding__hover=&#8221;|||&#8221;][et_pb_text admin_label=&#8221;Otsikko: Past Events&#8221; _builder_version=&#8221;4.16&#8243; text_orientation=&#8221;center&#8221; global_colors_info=&#8221;{}&#8221;]<\/p>\n<h1>Past Events<\/h1>\n<p>[\/et_pb_text][et_pb_code admin_label=&#8221;Menneiden tapahtumien listaus&#8221; module_class=&#8221;kaikki_ajankohtaiset&#8221; _builder_version=&#8221;4.16&#8243; locked=&#8221;off&#8221; global_colors_info=&#8221;{}&#8221;]<div class=\"em em-view-container\" id=\"em-view-1337566526\" data-view=\"list\">\r\n\t<div class=\"em pixelbones em-list em-events-list\" id=\"em-events-list-1337566526\" data-view-id=\"1337566526\">\r\n\t<!-- [et_pb_line_break_holder] --><\/p>\n<div class=\"et_pb_module tapahtumalistaus\"><!-- [et_pb_line_break_holder] --><\/p>\n<div class=\"tapahtumanpvm\">15.1.2021 <\/div>\n<p><!-- [et_pb_line_break_holder] --><\/p>\n<div class=\"tapahtumannimi\">\n<h2 class=\"entry-title\"><a href=\"https:\/\/rotary.fi\/mikkelinaisvuori\/events\/pe-15-01-kevatkauden-aloitus-teams-etana-klo-1215-1300\/\">Pe 15.01 Kev\u00e4tkauden aloitus (Teams\/et\u00e4n\u00e4) klo 12:15-13:00<\/a><!-- [et_pb_line_break_holder] --><\/h2>\n<\/div>\n<p><!-- [et_pb_line_break_holder] --><\/p>\n<div class=\"tapahtumapaikka\"><\/div>\n<p><!-- [et_pb_line_break_holder] --><\/div>\n<p><!-- [et_pb_line_break_holder] --><!-- [et_pb_line_break_holder] --><\/p>\n<div class=\"et_pb_module tapahtumalistaus\"><!-- [et_pb_line_break_holder] --><\/p>\n<div class=\"tapahtumanpvm\">14.10.2020 <\/div>\n<p><!-- [et_pb_line_break_holder] --><\/p>\n<div class=\"tapahtumannimi\">\n<h2 class=\"entry-title\"><a href=\"https:\/\/rotary.fi\/mikkelinaisvuori\/events\/14-10-klo-1215-1300-vierailu-mikkelin-valokuvakeskuksessa\/\">14.10 klo 12:15-13:00 Vierailu Mikkelin Valokuvakeskuksessa<\/a><!-- [et_pb_line_break_holder] --><\/h2>\n<\/div>\n<p><!-- [et_pb_line_break_holder] --><\/p>\n<div class=\"tapahtumapaikka\">Srk leirikeskus, S\u00e4\u00e4ksi<\/div>\n<p><!-- [et_pb_line_break_holder] --><\/div>\n<p><!-- [et_pb_line_break_holder] --><!-- [et_pb_line_break_holder] --><\/p>\n<div class=\"et_pb_module tapahtumalistaus\"><!-- [et_pb_line_break_holder] --><\/p>\n<div class=\"tapahtumanpvm\">2.10.2020 <\/div>\n<p><!-- [et_pb_line_break_holder] --><\/p>\n<div class=\"tapahtumannimi\">\n<h2 class=\"entry-title\"><a href=\"https:\/\/rotary.fi\/mikkelinaisvuori\/events\/2-10-2020-klubin-viikkokokous-vaakunassa-ja-teamsissa-tarina-mikkelilaisesta-hienopuusepasta-ari-maastovaara-maastovaara-tmi\/\">2.10.2020 klubin viikkokokous Vaakunassa (ja Teamsissa): Tarina mikkelil\u00e4isest\u00e4 hienopuusep\u00e4st\u00e4 (Ari Maastovaara, Maastovaara Tmi)<\/a><!-- [et_pb_line_break_holder] --><\/h2>\n<\/div>\n<p><!-- [et_pb_line_break_holder] --><\/p>\n<div class=\"tapahtumapaikka\"><\/div>\n<p><!-- [et_pb_line_break_holder] --><\/div>\n<p><!-- [et_pb_line_break_holder] --><!-- [et_pb_line_break_holder] --><\/p>\n<div class=\"et_pb_module tapahtumalistaus\"><!-- [et_pb_line_break_holder] --><\/p>\n<div class=\"tapahtumanpvm\">18.9.2020 <\/div>\n<p><!-- [et_pb_line_break_holder] --><\/p>\n<div class=\"tapahtumannimi\">\n<h2 class=\"entry-title\"><a href=\"https:\/\/rotary.fi\/mikkelinaisvuori\/events\/18-9-2020-vuosikokous-etana-pekka-on-lahettanyt-linkin-emaililla\/\">18.9.2020 Vuosikokous - et\u00e4n\u00e4 (Pekka on l\u00e4hett\u00e4nyt linkin emaililla)<\/a><!-- [et_pb_line_break_holder] --><\/h2>\n<\/div>\n<p><!-- [et_pb_line_break_holder] --><\/p>\n<div class=\"tapahtumapaikka\"><\/div>\n<p><!-- [et_pb_line_break_holder] --><\/div>\n<p><!-- [et_pb_line_break_holder] --><!-- [et_pb_line_break_holder] --><\/p>\n<div class=\"et_pb_module tapahtumalistaus\"><!-- [et_pb_line_break_holder] --><\/p>\n<div class=\"tapahtumanpvm\">11.9.2020 <\/div>\n<p><!-- [et_pb_line_break_holder] --><\/p>\n<div class=\"tapahtumannimi\">\n<h2 class=\"entry-title\"><a href=\"https:\/\/rotary.fi\/mikkelinaisvuori\/events\/11-9-20-ohjelmasta-poiketen-vain-teams-etayhteydella-pekka-hytinkoski-pekka-hytinkoski-heinolan-seminaari-kouluhallituksen-kurssikeskus\/\">11.9.20 Ohjelmasta poiketen vain Teams-et\u00e4yhteydell\u00e4\/ Pekka Hytinkoski: Pekka Hytinkoski: Heinolan Seminaari\/Kouluhallituksen kurssikeskus<\/a><!-- [et_pb_line_break_holder] --><\/h2>\n<\/div>\n<p><!-- [et_pb_line_break_holder] --><\/p>\n<div class=\"tapahtumapaikka\"><\/div>\n<p><!-- [et_pb_line_break_holder] --><\/div>\n<p><!-- [et_pb_line_break_holder] --><!-- [et_pb_line_break_holder] --><\/p>\n<div class=\"et_pb_module tapahtumalistaus\"><!-- [et_pb_line_break_holder] --><\/p>\n<div class=\"tapahtumanpvm\">4.9.2020 <\/div>\n<p><!-- [et_pb_line_break_holder] --><\/p>\n<div class=\"tapahtumannimi\">\n<h2 class=\"entry-title\"><a href=\"https:\/\/rotary.fi\/mikkelinaisvuori\/events\/4-9-2020-kuvernoorin-vierailu-klubillamme\/\">4.9.2020: Kuvern\u00f6\u00f6rin vierailu klubillamme et\u00e4n\u00e4<\/a><!-- [et_pb_line_break_holder] --><\/h2>\n<\/div>\n<p><!-- [et_pb_line_break_holder] --><\/p>\n<div class=\"tapahtumapaikka\"><\/div>\n<p><!-- [et_pb_line_break_holder] --><\/div>\n<p><!-- [et_pb_line_break_holder] --><!-- [et_pb_line_break_holder] --><\/p>\n<div class=\"et_pb_module tapahtumalistaus\"><!-- [et_pb_line_break_holder] --><\/p>\n<div class=\"tapahtumanpvm\">28.8.2020 <\/div>\n<p><!-- [et_pb_line_break_holder] --><\/p>\n<div class=\"tapahtumannimi\">\n<h2 class=\"entry-title\"><a href=\"https:\/\/rotary.fi\/mikkelinaisvuori\/events\/28-8-2020-klubikokous-kauden-avaus\/\">28.8.2020 Klubikokous: Kauden avaus<\/a><!-- [et_pb_line_break_holder] --><\/h2>\n<\/div>\n<p><!-- [et_pb_line_break_holder] --><\/p>\n<div class=\"tapahtumapaikka\"><\/div>\n<p><!-- [et_pb_line_break_holder] --><\/div>\n<p><!-- [et_pb_line_break_holder] --><!-- [et_pb_line_break_holder] --><\/p>\n<div class=\"et_pb_module tapahtumalistaus\"><!-- [et_pb_line_break_holder] --><\/p>\n<div class=\"tapahtumanpvm\">6.3.2020 <\/div>\n<p><!-- [et_pb_line_break_holder] --><\/p>\n<div class=\"tapahtumannimi\">\n<h2 class=\"entry-title\"><a href=\"https:\/\/rotary.fi\/mikkelinaisvuori\/events\/6-3-20-klubikokous-eero-puranen\/\">6.3.20 klubikokous, Eero Puranen<\/a><!-- [et_pb_line_break_holder] --><\/h2>\n<\/div>\n<p><!-- [et_pb_line_break_holder] --><\/p>\n<div class=\"tapahtumapaikka\"><\/div>\n<p><!-- [et_pb_line_break_holder] --><\/div>\n<p><!-- [et_pb_line_break_holder] --><!-- [et_pb_line_break_holder] --><\/p>\n<div class=\"et_pb_module tapahtumalistaus\"><!-- [et_pb_line_break_holder] --><\/p>\n<div class=\"tapahtumanpvm\">21.2.2020 <\/div>\n<p><!-- [et_pb_line_break_holder] --><\/p>\n<div class=\"tapahtumannimi\">\n<h2 class=\"entry-title\"><a href=\"https:\/\/rotary.fi\/mikkelinaisvuori\/events\/21-2-20-klubikokous-fm-mirka-viitala\/\">21.2.20 klubikokous, FM Mirka Viitala<\/a><!-- [et_pb_line_break_holder] --><\/h2>\n<\/div>\n<p><!-- [et_pb_line_break_holder] --><\/p>\n<div class=\"tapahtumapaikka\"><\/div>\n<p><!-- [et_pb_line_break_holder] --><\/div>\n<p><!-- [et_pb_line_break_holder] --><!-- [et_pb_line_break_holder] --><\/p>\n<div class=\"et_pb_module tapahtumalistaus\"><!-- [et_pb_line_break_holder] --><\/p>\n<div class=\"tapahtumanpvm\">14.2.2020 <\/div>\n<p><!-- [et_pb_line_break_holder] --><\/p>\n<div class=\"tapahtumannimi\">\n<h2 class=\"entry-title\"><a href=\"https:\/\/rotary.fi\/mikkelinaisvuori\/events\/14-2-20-klubikokous-kirjailija-liisa-seppanen\/\">14.2.20 Klubikokous, kirjailija Liisa Sepp\u00e4nen<\/a><!-- [et_pb_line_break_holder] --><\/h2>\n<\/div>\n<p><!-- [et_pb_line_break_holder] --><\/p>\n<div class=\"tapahtumapaikka\"><\/div>\n<p><!-- [et_pb_line_break_holder] --><\/div>\n<p><!-- [et_pb_line_break_holder] --><!-- [et_pb_line_break_holder] --><\/p>\n<div class=\"et_pb_module tapahtumalistaus\"><!-- [et_pb_line_break_holder] --><\/p>\n<div class=\"tapahtumanpvm\">7.2.2020 <\/div>\n<p><!-- [et_pb_line_break_holder] --><\/p>\n<div class=\"tapahtumannimi\">\n<h2 class=\"entry-title\"><a href=\"https:\/\/rotary.fi\/mikkelinaisvuori\/events\/7-2-20-klubikokous-kirsti-karttunen-kuka-luki-mita\/\">7.2.20 klubikokous, Kirsti Karttunen: Kuka luki mit\u00e4?<\/a><!-- [et_pb_line_break_holder] --><\/h2>\n<\/div>\n<p><!-- [et_pb_line_break_holder] --><\/p>\n<div class=\"tapahtumapaikka\"><\/div>\n<p><!-- [et_pb_line_break_holder] --><\/div>\n<p><!-- [et_pb_line_break_holder] --><!-- [et_pb_line_break_holder] --><\/p>\n<div class=\"et_pb_module tapahtumalistaus\"><!-- [et_pb_line_break_holder] --><\/p>\n<div class=\"tapahtumanpvm\">24.1.2020 <\/div>\n<p><!-- [et_pb_line_break_holder] --><\/p>\n<div class=\"tapahtumannimi\">\n<h2 class=\"entry-title\"><a href=\"https:\/\/rotary.fi\/mikkelinaisvuori\/events\/24-1-20-klubikokous\/\">24.1.20 -klubikokous<\/a><!-- [et_pb_line_break_holder] --><\/h2>\n<\/div>\n<p><!-- [et_pb_line_break_holder] --><\/p>\n<div class=\"tapahtumapaikka\"><\/div>\n<p><!-- [et_pb_line_break_holder] --><\/div>\n<p><!-- [et_pb_line_break_holder] -->\t<\/div>\r\n<\/div>[\/et_pb_code][\/et_pb_column_inner][\/et_pb_row_inner][\/et_pb_column][et_pb_column type=&#8221;1_3&#8243; _builder_version=&#8221;4.16&#8243; custom_padding=&#8221;|||&#8221; global_colors_info=&#8221;{}&#8221; custom_padding__hover=&#8221;|||&#8221;][et_pb_sidebar area=&#8221;sidebar-1&#8243; module_class=&#8221;sivupalkki_sisalto&#8221; _builder_version=&#8221;4.16&#8243; locked=&#8221;on&#8221; global_colors_info=&#8221;{}&#8221;][\/et_pb_sidebar][\/et_pb_column][\/et_pb_section]<\/p>\n","protected":false},"excerpt":{"rendered":"<p>Upcoming Events Our next meeting: \u00a0February 12, 2026 \u2013 7 pm\u00a0Join here-\u00a0Ismo Marttinen\u00a0(Protection Coordinator, WWF):\u00a0Protection of Saimaa Ringed Seal- Claire Beastall and Markku Ranin\u00a0(District Governor Nominee D1430, Rotary International):\u00a0Creating snowdrifts for Saimaa Ringed Seal &#8211; Volunteer StoryUpcoming Events <div class=\"em em-view-container\" id=\"em-view-815837075\" data-view=\"list\">\r\n\t<div class=\"em pixelbones em-list em-events-list\" id=\"em-events-list-815837075\" data-view-id=\"815837075\">\r\n\t<div class=\"no_events\">Ei tapahtumia.<\/div>\t<\/div>\r\n<\/div>Past Events <div class=\"em em-view-container\" id=\"em-view-48771340\" data-view=\"list\">\r\n\t<div class=\"em pixelbones em-list em-events-list\" id=\"em-events-list-48771340\" data-view-id=\"48771340\">\r\n\t15.1.2021 <a href=\"https:\/\/rotary.fi\/mikkelinaisvuori\/events\/pe-15-01-kevatkauden-aloitus-teams-etana-klo-1215-1300\/\">Pe 15.01 Kev\u00e4tkauden aloitus (Teams\/et\u00e4n\u00e4) klo 12:15-13:00<\/a>14.10.2020 <a href=\"https:\/\/rotary.fi\/mikkelinaisvuori\/events\/14-10-klo-1215-1300-vierailu-mikkelin-valokuvakeskuksessa\/\">14.10 klo 12:15-13:00 Vierailu Mikkelin Valokuvakeskuksessa<\/a>Srk leirikeskus, S\u00e4\u00e4ksi2.10.2020 <a href=\"https:\/\/rotary.fi\/mikkelinaisvuori\/events\/2-10-2020-klubin-viikkokokous-vaakunassa-ja-teamsissa-tarina-mikkelilaisesta-hienopuusepasta-ari-maastovaara-maastovaara-tmi\/\">2.10.2020 klubin viikkokokous Vaakunassa (ja Teamsissa): Tarina mikkelil\u00e4isest\u00e4 hienopuusep\u00e4st\u00e4 (Ari Maastovaara, Maastovaara Tmi)<\/a>18.9.2020 <a href=\"https:\/\/rotary.fi\/mikkelinaisvuori\/events\/18-9-2020-vuosikokous-etana-pekka-on-lahettanyt-linkin-emaililla\/\">18.9.2020 Vuosikokous - et\u00e4n\u00e4 (Pekka on l\u00e4hett\u00e4nyt linkin emaililla)<\/a>11.9.2020 <a href=\"https:\/\/rotary.fi\/mikkelinaisvuori\/events\/11-9-20-ohjelmasta-poiketen-vain-teams-etayhteydella-pekka-hytinkoski-pekka-hytinkoski-heinolan-seminaari-kouluhallituksen-kurssikeskus\/\">11.9.20 Ohjelmasta poiketen vain Teams-et\u00e4yhteydell\u00e4\/ Pekka Hytinkoski: Pekka Hytinkoski: Heinolan Seminaari\/Kouluhallituksen kurssikeskus<\/a>4.9.2020 <a href=\"https:\/\/rotary.fi\/mikkelinaisvuori\/events\/4-9-2020-kuvernoorin-vierailu-klubillamme\/\">4.9.2020: Kuvern\u00f6\u00f6rin vierailu klubillamme et\u00e4n\u00e4<\/a>28.8.2020 <a href=\"https:\/\/rotary.fi\/mikkelinaisvuori\/events\/28-8-2020-klubikokous-kauden-avaus\/\">28.8.2020 Klubikokous: Kauden avaus<\/a>6.3.2020 <a href=\"https:\/\/rotary.fi\/mikkelinaisvuori\/events\/6-3-20-klubikokous-eero-puranen\/\">6.3.20 klubikokous, Eero Puranen<\/a>21.2.2020 <a href=\"https:\/\/rotary.fi\/mikkelinaisvuori\/events\/21-2-20-klubikokous-fm-mirka-viitala\/\">21.2.20 klubikokous, FM Mirka Viitala<\/a>14.2.2020 <a href=\"https:\/\/rotary.fi\/mikkelinaisvuori\/events\/14-2-20-klubikokous-kirjailija-liisa-seppanen\/\">14.2.20 Klubikokous, kirjailija Liisa Sepp\u00e4nen<\/a>7.2.2020 <a href=\"https:\/\/rotary.fi\/mikkelinaisvuori\/events\/7-2-20-klubikokous-kirsti-karttunen-kuka-luki-mita\/\">7.2.20 klubikokous, Kirsti Karttunen: Kuka luki mit\u00e4?<\/a>24.1.2020 <a href=\"https:\/\/rotary.fi\/mikkelinaisvuori\/events\/24-1-20-klubikokous\/\">24.1.20 -klubikokous<\/a>\t<\/div>\r\n<\/div><\/p>\n","protected":false},"author":1,"featured_media":0,"parent":0,"menu_order":0,"comment_status":"closed","ping_status":"closed","template":"","meta":{"_acf_changed":false,"_et_pb_use_builder":"on","_et_pb_old_content":"","_et_gb_content_width":"","footnotes":""},"class_list":["post-1496","page","type-page","status-publish","hentry"],"acf":[],"yoast_head":"<!-- This site is optimized with the Yoast SEO plugin v27.0 - https:\/\/yoast.com\/product\/yoast-seo-wordpress\/ -->\n<title>Upcoming Events - Mikkeli-Naisvuori<\/title>\n<meta name=\"robots\" content=\"index, follow, max-snippet:-1, max-image-preview:large, max-video-preview:-1\" \/>\n<link rel=\"canonical\" href=\"https:\/\/rotary.fi\/mikkelinaisvuori\/en\/upcoming-events\/\" \/>\n<meta property=\"og:locale\" content=\"fi_FI\" \/>\n<meta property=\"og:type\" content=\"article\" \/>\n<meta property=\"og:title\" content=\"Upcoming Events - Mikkeli-Naisvuori\" \/>\n<meta property=\"og:description\" content=\"Upcoming Events Our next meeting: \u00a0February 12, 2026 \u2013 7 pm\u00a0Join here-\u00a0Ismo Marttinen\u00a0(Protection Coordinator, WWF):\u00a0Protection of Saimaa Ringed Seal- Claire Beastall and Markku Ranin\u00a0(District Governor Nominee D1430, Rotary International):\u00a0Creating snowdrifts for Saimaa Ringed Seal - Volunteer StoryUpcoming Events Past Events\" \/>\n<meta property=\"og:url\" content=\"https:\/\/rotary.fi\/mikkelinaisvuori\/en\/upcoming-events\/\" \/>\n<meta property=\"og:site_name\" content=\"Mikkeli-Naisvuori\" \/>\n<meta property=\"article:modified_time\" content=\"2026-02-07T17:50:07+00:00\" \/>\n<meta name=\"twitter:card\" content=\"summary_large_image\" \/>\n<meta name=\"twitter:label1\" content=\"Arvioitu lukuaika\" \/>\n\t<meta name=\"twitter:data1\" content=\"2 minuuttia\" \/>\n<script type=\"application\/ld+json\" class=\"yoast-schema-graph\">{\"@context\":\"https:\/\/schema.org\",\"@graph\":[{\"@type\":\"WebPage\",\"@id\":\"https:\/\/rotary.fi\/mikkelinaisvuori\/en\/upcoming-events\/\",\"url\":\"https:\/\/rotary.fi\/mikkelinaisvuori\/en\/upcoming-events\/\",\"name\":\"Upcoming Events - Mikkeli-Naisvuori\",\"isPartOf\":{\"@id\":\"https:\/\/rotary.fi\/mikkelinaisvuori\/#website\"},\"datePublished\":\"2019-02-21T11:37:06+00:00\",\"dateModified\":\"2026-02-07T17:50:07+00:00\",\"breadcrumb\":{\"@id\":\"https:\/\/rotary.fi\/mikkelinaisvuori\/en\/upcoming-events\/#breadcrumb\"},\"inLanguage\":\"fi\",\"potentialAction\":[{\"@type\":\"ReadAction\",\"target\":[\"https:\/\/rotary.fi\/mikkelinaisvuori\/en\/upcoming-events\/\"]}]},{\"@type\":\"BreadcrumbList\",\"@id\":\"https:\/\/rotary.fi\/mikkelinaisvuori\/en\/upcoming-events\/#breadcrumb\",\"itemListElement\":[{\"@type\":\"ListItem\",\"position\":1,\"name\":\"Home\",\"item\":\"https:\/\/rotary.fi\/mikkelinaisvuori\/\"},{\"@type\":\"ListItem\",\"position\":2,\"name\":\"Upcoming Events\"}]},{\"@type\":\"WebSite\",\"@id\":\"https:\/\/rotary.fi\/mikkelinaisvuori\/#website\",\"url\":\"https:\/\/rotary.fi\/mikkelinaisvuori\/\",\"name\":\"Mikkeli-Naisvuori\",\"description\":\"Uusi Rotary klubisivusto\",\"potentialAction\":[{\"@type\":\"SearchAction\",\"target\":{\"@type\":\"EntryPoint\",\"urlTemplate\":\"https:\/\/rotary.fi\/mikkelinaisvuori\/?s={search_term_string}\"},\"query-input\":{\"@type\":\"PropertyValueSpecification\",\"valueRequired\":true,\"valueName\":\"search_term_string\"}}],\"inLanguage\":\"fi\"}]}<\/script>\n<!-- \/ Yoast SEO plugin. -->","yoast_head_json":{"title":"Upcoming Events - Mikkeli-Naisvuori","robots":{"index":"index","follow":"follow","max-snippet":"max-snippet:-1","max-image-preview":"max-image-preview:large","max-video-preview":"max-video-preview:-1"},"canonical":"https:\/\/rotary.fi\/mikkelinaisvuori\/en\/upcoming-events\/","og_locale":"fi_FI","og_type":"article","og_title":"Upcoming Events - Mikkeli-Naisvuori","og_description":"Upcoming Events Our next meeting: \u00a0February 12, 2026 \u2013 7 pm\u00a0Join here-\u00a0Ismo Marttinen\u00a0(Protection Coordinator, WWF):\u00a0Protection of Saimaa Ringed Seal- Claire Beastall and Markku Ranin\u00a0(District Governor Nominee D1430, Rotary International):\u00a0Creating snowdrifts for Saimaa Ringed Seal - Volunteer StoryUpcoming Events Past Events","og_url":"https:\/\/rotary.fi\/mikkelinaisvuori\/en\/upcoming-events\/","og_site_name":"Mikkeli-Naisvuori","article_modified_time":"2026-02-07T17:50:07+00:00","twitter_card":"summary_large_image","twitter_misc":{"Arvioitu lukuaika":"2 minuuttia"},"schema":{"@context":"https:\/\/schema.org","@graph":[{"@type":"WebPage","@id":"https:\/\/rotary.fi\/mikkelinaisvuori\/en\/upcoming-events\/","url":"https:\/\/rotary.fi\/mikkelinaisvuori\/en\/upcoming-events\/","name":"Upcoming Events - Mikkeli-Naisvuori","isPartOf":{"@id":"https:\/\/rotary.fi\/mikkelinaisvuori\/#website"},"datePublished":"2019-02-21T11:37:06+00:00","dateModified":"2026-02-07T17:50:07+00:00","breadcrumb":{"@id":"https:\/\/rotary.fi\/mikkelinaisvuori\/en\/upcoming-events\/#breadcrumb"},"inLanguage":"fi","potentialAction":[{"@type":"ReadAction","target":["https:\/\/rotary.fi\/mikkelinaisvuori\/en\/upcoming-events\/"]}]},{"@type":"BreadcrumbList","@id":"https:\/\/rotary.fi\/mikkelinaisvuori\/en\/upcoming-events\/#breadcrumb","itemListElement":[{"@type":"ListItem","position":1,"name":"Home","item":"https:\/\/rotary.fi\/mikkelinaisvuori\/"},{"@type":"ListItem","position":2,"name":"Upcoming Events"}]},{"@type":"WebSite","@id":"https:\/\/rotary.fi\/mikkelinaisvuori\/#website","url":"https:\/\/rotary.fi\/mikkelinaisvuori\/","name":"Mikkeli-Naisvuori","description":"Uusi Rotary klubisivusto","potentialAction":[{"@type":"SearchAction","target":{"@type":"EntryPoint","urlTemplate":"https:\/\/rotary.fi\/mikkelinaisvuori\/?s={search_term_string}"},"query-input":{"@type":"PropertyValueSpecification","valueRequired":true,"valueName":"search_term_string"}}],"inLanguage":"fi"}]}},"lang":"en","translations":{"en":1496,"fi":186},"pll_sync_post":[],"_links":{"self":[{"href":"https:\/\/rotary.fi\/mikkelinaisvuori\/wp-json\/wp\/v2\/pages\/1496","targetHints":{"allow":["GET"]}}],"collection":[{"href":"https:\/\/rotary.fi\/mikkelinaisvuori\/wp-json\/wp\/v2\/pages"}],"about":[{"href":"https:\/\/rotary.fi\/mikkelinaisvuori\/wp-json\/wp\/v2\/types\/page"}],"author":[{"embeddable":true,"href":"https:\/\/rotary.fi\/mikkelinaisvuori\/wp-json\/wp\/v2\/users\/1"}],"replies":[{"embeddable":true,"href":"https:\/\/rotary.fi\/mikkelinaisvuori\/wp-json\/wp\/v2\/comments?post=1496"}],"version-history":[{"count":9,"href":"https:\/\/rotary.fi\/mikkelinaisvuori\/wp-json\/wp\/v2\/pages\/1496\/revisions"}],"predecessor-version":[{"id":2928,"href":"https:\/\/rotary.fi\/mikkelinaisvuori\/wp-json\/wp\/v2\/pages\/1496\/revisions\/2928"}],"wp:attachment":[{"href":"https:\/\/rotary.fi\/mikkelinaisvuori\/wp-json\/wp\/v2\/media?parent=1496"}],"curies":[{"name":"wp","href":"https:\/\/api.w.org\/{rel}","templated":true}]}}