{"id":142,"date":"2018-08-10T14:04:45","date_gmt":"2018-08-10T11:04:45","guid":{"rendered":"https:\/\/rotary.fi\/klubi2\/?page_id=142"},"modified":"2026-02-07T16:45:12","modified_gmt":"2026-02-07T14:45:12","slug":"ilo-esitella","status":"publish","type":"page","link":"https:\/\/rotary.fi\/mikkelinaisvuori\/keita-olemme-2\/ilo-esitella\/","title":{"rendered":"Ilo esitell\u00e4"},"content":{"rendered":"<p>[et_pb_section fb_built=&#8221;1&#8243; module_class=&#8221;jumbotron-page&#8221; _builder_version=&#8221;4.16&#8243; background_image=&#8221;https:\/\/rotary.fi\/mikkelinaisvuori\/wp-content\/uploads\/sites\/184\/2021\/02\/panoraama_pilvettorni_vari_-e1614444517906.jpg&#8221; background_size=&#8221;contain&#8221; background_position=&#8221;bottom_center&#8221; transform_scale=&#8221;104%|104%&#8221; module_alignment=&#8221;center&#8221; height=&#8221;229px&#8221; hover_enabled=&#8221;0&#8243; global_colors_info=&#8221;{}&#8221; sticky_enabled=&#8221;0&#8243;][et_pb_row _builder_version=&#8221;4.16&#8243; background_size=&#8221;initial&#8221; background_position=&#8221;top_left&#8221; background_repeat=&#8221;repeat&#8221; custom_padding=&#8221;27px|||||&#8221; hover_enabled=&#8221;0&#8243; global_colors_info=&#8221;{}&#8221; sticky_enabled=&#8221;0&#8243;][et_pb_column type=&#8221;4_4&#8243; _builder_version=&#8221;4.16&#8243; custom_padding=&#8221;|||&#8221; global_colors_info=&#8221;{}&#8221; custom_padding__hover=&#8221;|||&#8221;][et_pb_text admin_label=&#8221;P\u00e4\u00e4otsikko&#8221; _builder_version=&#8221;4.16&#8243; background_position=&#8221;bottom_center&#8221; transform_scale=&#8221;90%|90%&#8221; text_orientation=&#8221;center&#8221; background_layout=&#8221;dark&#8221; min_height=&#8221;14px&#8221; custom_padding=&#8221;||0px|||&#8221; hover_enabled=&#8221;0&#8243; global_colors_info=&#8221;{}&#8221; sticky_enabled=&#8221;0&#8243;]<\/p>\n<h1>Ilo esitell\u00e4<\/h1>\n<p>[\/et_pb_text][\/et_pb_column][\/et_pb_row][\/et_pb_section][et_pb_section fb_built=&#8221;1&#8243; specialty=&#8221;on&#8221; module_class_2=&#8221;sivupalkki&#8221; _builder_version=&#8221;4.16&#8243; hover_enabled=&#8221;0&#8243; global_colors_info=&#8221;{}&#8221; sticky_enabled=&#8221;0&#8243;][et_pb_column type=&#8221;2_3&#8243; specialty_columns=&#8221;2&#8243; _builder_version=&#8221;4.16&#8243; custom_padding=&#8221;|||&#8221; global_colors_info=&#8221;{}&#8221; parallax__hover=&#8221;off&#8221; parallax_method__hover=&#8221;on&#8221; custom_padding__hover=&#8221;|||&#8221;][et_pb_row_inner admin_label=&#8221;Rivi&#8221; _builder_version=&#8221;4.16&#8243; hover_enabled=&#8221;0&#8243; global_colors_info=&#8221;{}&#8221; sticky_enabled=&#8221;0&#8243;][et_pb_column_inner saved_specialty_column_type=&#8221;2_3&#8243; _builder_version=&#8221;4.16&#8243; custom_padding=&#8221;|||&#8221; global_colors_info=&#8221;{}&#8221; parallax__hover=&#8221;off&#8221; parallax_method__hover=&#8221;on&#8221; custom_padding__hover=&#8221;|||&#8221;][et_pb_text admin_label=&#8221;Varainhankinta ja lahjoitukset &#8211; Otsikko&#8221; _builder_version=&#8221;4.16&#8243; text_orientation=&#8221;center&#8221; hover_enabled=&#8221;0&#8243; global_colors_info=&#8221;{}&#8221; sticky_enabled=&#8221;0&#8243;][\/et_pb_text][et_pb_text admin_label=&#8221;Teksti&#8221; _builder_version=&#8221;4.27.4&#8243; hover_enabled=&#8221;0&#8243; global_colors_info=&#8221;{}&#8221; sticky_enabled=&#8221;0&#8243;]<\/p>\n<p><img loading=\"lazy\" decoding=\"async\" class=\"wp-image-2322 alignnone size-medium\" src=\"https:\/\/rotary.fi\/mikkelinaisvuori\/wp-content\/uploads\/sites\/184\/2021\/11\/pekka-intke-kuvernoori-214x300.png\" alt=\"\" width=\"214\" height=\"300\" srcset=\"https:\/\/rotary.fi\/mikkelinaisvuori\/wp-content\/uploads\/sites\/184\/2021\/11\/pekka-intke-kuvernoori-214x300.png 214w, https:\/\/rotary.fi\/mikkelinaisvuori\/wp-content\/uploads\/sites\/184\/2021\/11\/pekka-intke-kuvernoori.png 376w\" sizes=\"(max-width: 214px) 100vw, 214px\" \/>1430 DG Pekka Intke 2021-2022<\/p>\n<p>&nbsp;<\/p>\n<p>Rotaryn ydinsanoma, \u201dPalvelu itsekkyyden edelle\u201d, on keskeinen l\u00e4ht\u00f6kohta minulle ja omalle toiminnalleni. Klubit ovat Rotarytoiminnan syd\u00e4n ja ilman niiden aktiivista toimintaa, yhteis\u00f6llisyytt\u00e4 ja j\u00e4senist\u00e4 huolehtimista syd\u00e4n lakkaa pumppaamasta elinvoimaa toiminnan yll\u00e4pit\u00e4miselle.<\/p>\n<p>&nbsp;<\/p>\n<p>Keskeist\u00e4 on j\u00e4senist\u00e4 huolehtiminen sek\u00e4 uusien j\u00e4senten hankinta kaikkiin klubeihin. Kannustan siis klubeja rakentamaan tulevan kauden toimintaa siten, ett\u00e4 nykyisten ja uusien j\u00e4senten aktiivisuus osallistua klubikokouksiin, paikallisiin projekteihin, nuorisovaihtoon sek\u00e4 piirin toimintaan s\u00e4ilyy ja edelleen kasvaa nykyisest\u00e4.<\/p>\n<p>&nbsp;<\/p>\n<p>Uusien j\u00e4senten hankinta on klubien elinehto. Tekem\u00e4ll\u00e4 hyv\u00e4\u00e4 paikallisesti sek\u00e4 n\u00e4kym\u00e4ll\u00e4 ihmisten keskuudessa lis\u00e4t\u00e4\u00e4n ihmisten kiinnostusta osallistua j\u00e4rjest\u00f6n toimintaan. Paikallinen n\u00e4kyvyys ja kansainv\u00e4lisen rotarytoiminnan aikaansaannoksista kertominen tuo uusia j\u00e4seni\u00e4. Olkaamme kaikki siis ylpeit\u00e4 kuulumisest\u00e4 hyv\u00e4ntekev\u00e4isyysj\u00e4rjest\u00f6\u00f6n ja samalla hy\u00f6dynt\u00e4k\u00e4\u00e4mme j\u00e4senist\u00f6mme luokitteiden mukaista asiantuntemusta eri aloilla.<\/p>\n<p>&nbsp;<\/p>\n<p>[\/et_pb_text][\/et_pb_column_inner][\/et_pb_row_inner][\/et_pb_column][et_pb_column type=&#8221;1_3&#8243; module_class=&#8221;sivupalkki&#8221; _builder_version=&#8221;4.16&#8243; custom_padding=&#8221;|||&#8221; global_colors_info=&#8221;{}&#8221; parallax__hover=&#8221;off&#8221; parallax_method__hover=&#8221;on&#8221; module_class__hover=&#8221;sivupalkki&#8221; custom_padding__hover=&#8221;|||&#8221;][et_pb_sidebar area=&#8221;sidebar-1&#8243; module_class=&#8221;sivupalkki_sisalto&#8221; _builder_version=&#8221;4.16&#8243; locked=&#8221;on&#8221; global_colors_info=&#8221;{}&#8221;]<br \/>\n[\/et_pb_sidebar][\/et_pb_column][\/et_pb_section]<\/p>\n","protected":false},"excerpt":{"rendered":"<p>Ilo esitell\u00e41430 DG Pekka Intke 2021-2022 &nbsp; Rotaryn ydinsanoma, \u201dPalvelu itsekkyyden edelle\u201d, on keskeinen l\u00e4ht\u00f6kohta minulle ja omalle toiminnalleni. Klubit ovat Rotarytoiminnan syd\u00e4n ja ilman niiden aktiivista toimintaa, yhteis\u00f6llisyytt\u00e4 ja j\u00e4senist\u00e4 huolehtimista syd\u00e4n lakkaa pumppaamasta elinvoimaa toiminnan yll\u00e4pit\u00e4miselle. &nbsp; Keskeist\u00e4 on j\u00e4senist\u00e4 huolehtiminen sek\u00e4 uusien j\u00e4senten hankinta kaikkiin klubeihin. Kannustan siis klubeja rakentamaan tulevan kauden [&hellip;]<\/p>\n","protected":false},"author":1,"featured_media":0,"parent":2730,"menu_order":0,"comment_status":"closed","ping_status":"closed","template":"","meta":{"_acf_changed":false,"_et_pb_use_builder":"on","_et_pb_old_content":"","_et_gb_content_width":"","footnotes":""},"class_list":["post-142","page","type-page","status-publish","hentry"],"acf":[],"yoast_head":"<!-- This site is optimized with the Yoast SEO plugin v27.0 - https:\/\/yoast.com\/product\/yoast-seo-wordpress\/ -->\n<title>Ilo esitell\u00e4 - Mikkeli-Naisvuori<\/title>\n<meta name=\"robots\" content=\"index, follow, max-snippet:-1, max-image-preview:large, max-video-preview:-1\" \/>\n<link rel=\"canonical\" href=\"https:\/\/rotary.fi\/mikkelinaisvuori\/keita-olemme-2\/ilo-esitella\/\" \/>\n<meta property=\"og:locale\" content=\"fi_FI\" \/>\n<meta property=\"og:type\" content=\"article\" \/>\n<meta property=\"og:title\" content=\"Ilo esitell\u00e4 - Mikkeli-Naisvuori\" \/>\n<meta property=\"og:description\" content=\"Ilo esitell\u00e41430 DG Pekka Intke 2021-2022 &nbsp; Rotaryn ydinsanoma, \u201dPalvelu itsekkyyden edelle\u201d, on keskeinen l\u00e4ht\u00f6kohta minulle ja omalle toiminnalleni. Klubit ovat Rotarytoiminnan syd\u00e4n ja ilman niiden aktiivista toimintaa, yhteis\u00f6llisyytt\u00e4 ja j\u00e4senist\u00e4 huolehtimista syd\u00e4n lakkaa pumppaamasta elinvoimaa toiminnan yll\u00e4pit\u00e4miselle. &nbsp; Keskeist\u00e4 on j\u00e4senist\u00e4 huolehtiminen sek\u00e4 uusien j\u00e4senten hankinta kaikkiin klubeihin. Kannustan siis klubeja rakentamaan tulevan kauden [&hellip;]\" \/>\n<meta property=\"og:url\" content=\"https:\/\/rotary.fi\/mikkelinaisvuori\/keita-olemme-2\/ilo-esitella\/\" \/>\n<meta property=\"og:site_name\" content=\"Mikkeli-Naisvuori\" \/>\n<meta property=\"article:modified_time\" content=\"2026-02-07T14:45:12+00:00\" \/>\n<meta property=\"og:image\" content=\"https:\/\/rotary.fi\/mikkelinaisvuori\/wp-content\/uploads\/sites\/184\/2021\/11\/pekka-intke-kuvernoori.png\" \/>\n\t<meta property=\"og:image:width\" content=\"376\" \/>\n\t<meta property=\"og:image:height\" content=\"528\" \/>\n\t<meta property=\"og:image:type\" content=\"image\/png\" \/>\n<meta name=\"twitter:card\" content=\"summary_large_image\" \/>\n<meta name=\"twitter:label1\" content=\"Arvioitu lukuaika\" \/>\n\t<meta name=\"twitter:data1\" content=\"2 minuuttia\" \/>\n<script type=\"application\/ld+json\" class=\"yoast-schema-graph\">{\"@context\":\"https:\/\/schema.org\",\"@graph\":[{\"@type\":\"WebPage\",\"@id\":\"https:\/\/rotary.fi\/mikkelinaisvuori\/keita-olemme-2\/ilo-esitella\/\",\"url\":\"https:\/\/rotary.fi\/mikkelinaisvuori\/keita-olemme-2\/ilo-esitella\/\",\"name\":\"Ilo esitell\u00e4 - Mikkeli-Naisvuori\",\"isPartOf\":{\"@id\":\"https:\/\/rotary.fi\/mikkelinaisvuori\/#website\"},\"primaryImageOfPage\":{\"@id\":\"https:\/\/rotary.fi\/mikkelinaisvuori\/keita-olemme-2\/ilo-esitella\/#primaryimage\"},\"image\":{\"@id\":\"https:\/\/rotary.fi\/mikkelinaisvuori\/keita-olemme-2\/ilo-esitella\/#primaryimage\"},\"thumbnailUrl\":\"https:\/\/rotary.fi\/mikkelinaisvuori\/wp-content\/uploads\/sites\/184\/2021\/11\/pekka-intke-kuvernoori-214x300.png\",\"datePublished\":\"2018-08-10T11:04:45+00:00\",\"dateModified\":\"2026-02-07T14:45:12+00:00\",\"breadcrumb\":{\"@id\":\"https:\/\/rotary.fi\/mikkelinaisvuori\/keita-olemme-2\/ilo-esitella\/#breadcrumb\"},\"inLanguage\":\"fi\",\"potentialAction\":[{\"@type\":\"ReadAction\",\"target\":[\"https:\/\/rotary.fi\/mikkelinaisvuori\/keita-olemme-2\/ilo-esitella\/\"]}]},{\"@type\":\"ImageObject\",\"inLanguage\":\"fi\",\"@id\":\"https:\/\/rotary.fi\/mikkelinaisvuori\/keita-olemme-2\/ilo-esitella\/#primaryimage\",\"url\":\"https:\/\/rotary.fi\/mikkelinaisvuori\/wp-content\/uploads\/sites\/184\/2021\/11\/pekka-intke-kuvernoori.png\",\"contentUrl\":\"https:\/\/rotary.fi\/mikkelinaisvuori\/wp-content\/uploads\/sites\/184\/2021\/11\/pekka-intke-kuvernoori.png\",\"width\":376,\"height\":528},{\"@type\":\"BreadcrumbList\",\"@id\":\"https:\/\/rotary.fi\/mikkelinaisvuori\/keita-olemme-2\/ilo-esitella\/#breadcrumb\",\"itemListElement\":[{\"@type\":\"ListItem\",\"position\":1,\"name\":\"Home\",\"item\":\"https:\/\/rotary.fi\/mikkelinaisvuori\/\"},{\"@type\":\"ListItem\",\"position\":2,\"name\":\"Keit\u00e4 olemme\",\"item\":\"https:\/\/rotary.fi\/mikkelinaisvuori\/?page_id=2730\"},{\"@type\":\"ListItem\",\"position\":3,\"name\":\"Ilo esitell\u00e4\"}]},{\"@type\":\"WebSite\",\"@id\":\"https:\/\/rotary.fi\/mikkelinaisvuori\/#website\",\"url\":\"https:\/\/rotary.fi\/mikkelinaisvuori\/\",\"name\":\"Mikkeli-Naisvuori\",\"description\":\"Uusi Rotary klubisivusto\",\"potentialAction\":[{\"@type\":\"SearchAction\",\"target\":{\"@type\":\"EntryPoint\",\"urlTemplate\":\"https:\/\/rotary.fi\/mikkelinaisvuori\/?s={search_term_string}\"},\"query-input\":{\"@type\":\"PropertyValueSpecification\",\"valueRequired\":true,\"valueName\":\"search_term_string\"}}],\"inLanguage\":\"fi\"}]}<\/script>\n<!-- \/ Yoast SEO plugin. -->","yoast_head_json":{"title":"Ilo esitell\u00e4 - Mikkeli-Naisvuori","robots":{"index":"index","follow":"follow","max-snippet":"max-snippet:-1","max-image-preview":"max-image-preview:large","max-video-preview":"max-video-preview:-1"},"canonical":"https:\/\/rotary.fi\/mikkelinaisvuori\/keita-olemme-2\/ilo-esitella\/","og_locale":"fi_FI","og_type":"article","og_title":"Ilo esitell\u00e4 - Mikkeli-Naisvuori","og_description":"Ilo esitell\u00e41430 DG Pekka Intke 2021-2022 &nbsp; Rotaryn ydinsanoma, \u201dPalvelu itsekkyyden edelle\u201d, on keskeinen l\u00e4ht\u00f6kohta minulle ja omalle toiminnalleni. Klubit ovat Rotarytoiminnan syd\u00e4n ja ilman niiden aktiivista toimintaa, yhteis\u00f6llisyytt\u00e4 ja j\u00e4senist\u00e4 huolehtimista syd\u00e4n lakkaa pumppaamasta elinvoimaa toiminnan yll\u00e4pit\u00e4miselle. &nbsp; Keskeist\u00e4 on j\u00e4senist\u00e4 huolehtiminen sek\u00e4 uusien j\u00e4senten hankinta kaikkiin klubeihin. Kannustan siis klubeja rakentamaan tulevan kauden [&hellip;]","og_url":"https:\/\/rotary.fi\/mikkelinaisvuori\/keita-olemme-2\/ilo-esitella\/","og_site_name":"Mikkeli-Naisvuori","article_modified_time":"2026-02-07T14:45:12+00:00","og_image":[{"width":376,"height":528,"url":"https:\/\/rotary.fi\/mikkelinaisvuori\/wp-content\/uploads\/sites\/184\/2021\/11\/pekka-intke-kuvernoori.png","type":"image\/png"}],"twitter_card":"summary_large_image","twitter_misc":{"Arvioitu lukuaika":"2 minuuttia"},"schema":{"@context":"https:\/\/schema.org","@graph":[{"@type":"WebPage","@id":"https:\/\/rotary.fi\/mikkelinaisvuori\/keita-olemme-2\/ilo-esitella\/","url":"https:\/\/rotary.fi\/mikkelinaisvuori\/keita-olemme-2\/ilo-esitella\/","name":"Ilo esitell\u00e4 - Mikkeli-Naisvuori","isPartOf":{"@id":"https:\/\/rotary.fi\/mikkelinaisvuori\/#website"},"primaryImageOfPage":{"@id":"https:\/\/rotary.fi\/mikkelinaisvuori\/keita-olemme-2\/ilo-esitella\/#primaryimage"},"image":{"@id":"https:\/\/rotary.fi\/mikkelinaisvuori\/keita-olemme-2\/ilo-esitella\/#primaryimage"},"thumbnailUrl":"https:\/\/rotary.fi\/mikkelinaisvuori\/wp-content\/uploads\/sites\/184\/2021\/11\/pekka-intke-kuvernoori-214x300.png","datePublished":"2018-08-10T11:04:45+00:00","dateModified":"2026-02-07T14:45:12+00:00","breadcrumb":{"@id":"https:\/\/rotary.fi\/mikkelinaisvuori\/keita-olemme-2\/ilo-esitella\/#breadcrumb"},"inLanguage":"fi","potentialAction":[{"@type":"ReadAction","target":["https:\/\/rotary.fi\/mikkelinaisvuori\/keita-olemme-2\/ilo-esitella\/"]}]},{"@type":"ImageObject","inLanguage":"fi","@id":"https:\/\/rotary.fi\/mikkelinaisvuori\/keita-olemme-2\/ilo-esitella\/#primaryimage","url":"https:\/\/rotary.fi\/mikkelinaisvuori\/wp-content\/uploads\/sites\/184\/2021\/11\/pekka-intke-kuvernoori.png","contentUrl":"https:\/\/rotary.fi\/mikkelinaisvuori\/wp-content\/uploads\/sites\/184\/2021\/11\/pekka-intke-kuvernoori.png","width":376,"height":528},{"@type":"BreadcrumbList","@id":"https:\/\/rotary.fi\/mikkelinaisvuori\/keita-olemme-2\/ilo-esitella\/#breadcrumb","itemListElement":[{"@type":"ListItem","position":1,"name":"Home","item":"https:\/\/rotary.fi\/mikkelinaisvuori\/"},{"@type":"ListItem","position":2,"name":"Keit\u00e4 olemme","item":"https:\/\/rotary.fi\/mikkelinaisvuori\/?page_id=2730"},{"@type":"ListItem","position":3,"name":"Ilo esitell\u00e4"}]},{"@type":"WebSite","@id":"https:\/\/rotary.fi\/mikkelinaisvuori\/#website","url":"https:\/\/rotary.fi\/mikkelinaisvuori\/","name":"Mikkeli-Naisvuori","description":"Uusi Rotary klubisivusto","potentialAction":[{"@type":"SearchAction","target":{"@type":"EntryPoint","urlTemplate":"https:\/\/rotary.fi\/mikkelinaisvuori\/?s={search_term_string}"},"query-input":{"@type":"PropertyValueSpecification","valueRequired":true,"valueName":"search_term_string"}}],"inLanguage":"fi"}]}},"lang":"fi","translations":{"fi":142,"en":1438},"pll_sync_post":[],"_links":{"self":[{"href":"https:\/\/rotary.fi\/mikkelinaisvuori\/wp-json\/wp\/v2\/pages\/142","targetHints":{"allow":["GET"]}}],"collection":[{"href":"https:\/\/rotary.fi\/mikkelinaisvuori\/wp-json\/wp\/v2\/pages"}],"about":[{"href":"https:\/\/rotary.fi\/mikkelinaisvuori\/wp-json\/wp\/v2\/types\/page"}],"author":[{"embeddable":true,"href":"https:\/\/rotary.fi\/mikkelinaisvuori\/wp-json\/wp\/v2\/users\/1"}],"replies":[{"embeddable":true,"href":"https:\/\/rotary.fi\/mikkelinaisvuori\/wp-json\/wp\/v2\/comments?post=142"}],"version-history":[{"count":9,"href":"https:\/\/rotary.fi\/mikkelinaisvuori\/wp-json\/wp\/v2\/pages\/142\/revisions"}],"predecessor-version":[{"id":2826,"href":"https:\/\/rotary.fi\/mikkelinaisvuori\/wp-json\/wp\/v2\/pages\/142\/revisions\/2826"}],"up":[{"embeddable":true,"href":"https:\/\/rotary.fi\/mikkelinaisvuori\/wp-json\/wp\/v2\/pages\/2730"}],"wp:attachment":[{"href":"https:\/\/rotary.fi\/mikkelinaisvuori\/wp-json\/wp\/v2\/media?parent=142"}],"curies":[{"name":"wp","href":"https:\/\/api.w.org\/{rel}","templated":true}]}}