{"id":132,"date":"2018-08-10T13:59:56","date_gmt":"2018-08-10T10:59:56","guid":{"rendered":"https:\/\/rotary.fi\/klubi2\/?page_id=132"},"modified":"2026-02-14T15:08:03","modified_gmt":"2026-02-14T13:08:03","slug":"hallitus-ja-toimihenkilot","status":"publish","type":"page","link":"https:\/\/rotary.fi\/mikkelinaisvuori\/hallitus-ja-toimihenkilot\/","title":{"rendered":"Hallitus ja toimihenkil\u00f6t"},"content":{"rendered":"<p>[et_pb_section fb_built=&#8221;1&#8243; admin_label=&#8221;section&#8221; _builder_version=&#8221;4.16&#8243; global_colors_info=&#8221;{}&#8221;][et_pb_row admin_label=&#8221;row&#8221; _builder_version=&#8221;4.27.4&#8243; background_size=&#8221;initial&#8221; background_position=&#8221;top_left&#8221; background_repeat=&#8221;repeat&#8221; global_colors_info=&#8221;{}&#8221;][et_pb_column type=&#8221;4_4&#8243; _builder_version=&#8221;4.16&#8243; custom_padding=&#8221;|||&#8221; global_colors_info=&#8221;{}&#8221; custom_padding__hover=&#8221;|||&#8221;][et_pb_image src=&#8221;https:\/\/rotary.fi\/mikkelinaisvuori\/wp-content\/uploads\/sites\/184\/2026\/02\/naisvuori-logo-1.jpg&#8221; title_text=&#8221;Naisvuori logo&#8221; _builder_version=&#8221;4.27.4&#8243; _module_preset=&#8221;default&#8221; width=&#8221;40%&#8221; max_width=&#8221;42%&#8221; hover_enabled=&#8221;0&#8243; global_colors_info=&#8221;{}&#8221; sticky_enabled=&#8221;0&#8243;][\/et_pb_image][et_pb_text admin_label=&#8221;Text&#8221; _builder_version=&#8221;4.27.4&#8243; background_size=&#8221;initial&#8221; background_position=&#8221;top_left&#8221; background_repeat=&#8221;repeat&#8221; module_alignment=&#8221;left&#8221; global_colors_info=&#8221;{}&#8221;]<\/p>\n<div class=\"et_pb_row_inner et_pb_row_inner_0\">\n<div class=\"et_pb_column et_pb_column_4_4 et_pb_column_inner et_pb_column_inner_0 et-last-child\">\n<div class=\"et_pb_module et_pb_text et_pb_text_1 et_pb_text_align_center et_pb_bg_layout_light\">\n<div class=\"et_pb_text_inner\">\n<h1 style=\"text-align: left\"><span style=\"color: #666666;font-size: 14px\">email: <\/span><a style=\"font-size: 14px\" href=\"https:\/\/rotary.fi\/mikkelinaisvuori\/en\/who-we-are\/club-board-of-directors-and-officers\/rotary.mikkeli.naisvuori@gmail.com\">rotary.mikkeli.naisvuori@gmail.com<\/a><\/h1>\n<h1 style=\"text-align: left\"><span style=\"font-size: 23px;text-align: center\">Klubin hallitus<\/span><\/h1>\n<p style=\"text-align: left\"><strong style=\"font-size: 16px;text-align: left\">Presidentti 2025-2026<\/strong><span style=\"font-size: 16px;text-align: left\">\u00a0Pekka Intke<\/span><\/p>\n<\/div>\n<\/div>\n<\/div>\n<\/div>\n<div class=\"et_pb_row_inner et_pb_row_inner_1\">\n<div class=\"et_pb_column et_pb_column_1_3 et_pb_column_inner et_pb_column_inner_2 et-last-child\">\n<div class=\"et_pb_module et_pb_text et_pb_text_2 et_pb_text_align_left et_pb_bg_layout_light\">\n<div class=\"et_pb_text_inner\">\n<p><strong>Presidentti 2026-2027<\/strong>\u00a0Ari Vainio<br \/><strong>Presidentti 2023-2025<\/strong> Markku Ranin<br \/><strong>Klubisihteeri<\/strong>\u00a0Kristiina Leso<br \/><strong>Klubimestari<\/strong>\u00a0Pekka Hytinkoski<br \/><strong>Rahastonhoitaja<\/strong>\u00a0Markku Ranin<br \/><strong>Rotarys\u00e4\u00e4ti\u00f6n asiamies<\/strong>\u00a0Kari Kotisalo<br \/><strong>Nuorisovastaava<\/strong>\u00a0Claire Beastall<\/p>\n<p>&nbsp;<\/p>\n<\/div>\n<\/div>\n<\/div>\n<\/div>\n<p>[\/et_pb_text][\/et_pb_column][\/et_pb_row][\/et_pb_section]<\/p>\n","protected":false},"excerpt":{"rendered":"<p>email: rotary.mikkeli.naisvuori@gmail.com Klubin hallitus Presidentti 2025-2026\u00a0Pekka Intke Presidentti 2026-2027\u00a0Ari VainioPresidentti 2023-2025 Markku RaninKlubisihteeri\u00a0Kristiina LesoKlubimestari\u00a0Pekka HytinkoskiRahastonhoitaja\u00a0Markku RaninRotarys\u00e4\u00e4ti\u00f6n asiamies\u00a0Kari KotisaloNuorisovastaava\u00a0Claire Beastall &nbsp;<\/p>\n","protected":false},"author":1,"featured_media":0,"parent":0,"menu_order":0,"comment_status":"closed","ping_status":"closed","template":"","meta":{"_acf_changed":false,"_et_pb_use_builder":"on","_et_pb_old_content":"<div class=\"et_pb_row_inner et_pb_row_inner_0\">\r\n<div class=\"et_pb_column et_pb_column_4_4 et_pb_column_inner et_pb_column_inner_0 et-last-child\">\r\n<div class=\"et_pb_module et_pb_text et_pb_text_1 et_pb_text_align_center et_pb_bg_layout_light\">\r\n<div class=\"et_pb_text_inner\">\r\n<h1><span style=\"color: #666666;font-size: 14px\">email\u00a0 Mikkeli Naisvuori: <\/span><a style=\"font-size: 14px\" href=\"https:\/\/rotary.fi\/mikkelinaisvuori\/en\/who-we-are\/club-board-of-directors-and-officers\/rotary.mikkeli.naisvuori@gmail.com\">rotary.mikkeli.naisvuori@gmail.com<\/a><\/h1>\r\n<\/div>\r\n<\/div>\r\n<\/div>\r\n<\/div>\r\n<div class=\"et_pb_row_inner et_pb_row_inner_1\">\r\n<div class=\"et_pb_column et_pb_column_1_3 et_pb_column_inner et_pb_column_inner_1\">\r\n<div class=\"et_pb_module et_pb_team_member et_pb_team_member_0 clearfix et_pb_bg_layout_light et_pb_team_member_no_image\">\r\n<div class=\"et_pb_team_member_description\">\r\n\r\n\u00a0\r\n\r\n\u00a0\r\n\r\n<\/div>\r\n<\/div>\r\n<\/div>\r\n<div class=\"et_pb_column et_pb_column_1_3 et_pb_column_inner et_pb_column_inner_2 et-last-child\">\r\n<div class=\"et_pb_module et_pb_text et_pb_text_2 et_pb_text_align_left et_pb_bg_layout_light\">\r\n<div class=\"et_pb_text_inner\">\r\n<h2>Klubin hallitus<\/h2>\r\n<strong>Presidentti 2025-2026<\/strong>\u00a0Pekka Intke\r\n<strong>Presidentti 2026-2027<\/strong>\u00a0Ari Vainio\r\n<strong>Presidentti 2023-2025<\/strong> Markku Ranin\r\n<strong>Klubisihteeri<\/strong>\u00a0Kristiina Leso\r\n<strong>Klubimestari<\/strong>\u00a0Pekka Hytinkoski\r\n<strong>Rahastonhoitaja<\/strong>\u00a0Markku Ranin\r\n<strong>Rotarys\u00e4\u00e4ti\u00f6n asiamies<\/strong>\u00a0Kari Kotisalo\r\n<strong>Nuorisovastaava<\/strong>\u00a0Claire Beastall\r\n\r\n\u00a0\r\n\r\n<\/div>\r\n<\/div>\r\n<\/div>\r\n<\/div>","_et_gb_content_width":"","footnotes":""},"class_list":["post-132","page","type-page","status-publish","hentry"],"acf":[],"yoast_head":"<!-- This site is optimized with the Yoast SEO plugin v27.4 - https:\/\/yoast.com\/product\/yoast-seo-wordpress\/ -->\n<title>Hallitus ja toimihenkil\u00f6t - Mikkeli-Naisvuori<\/title>\n<meta name=\"robots\" content=\"index, follow, max-snippet:-1, max-image-preview:large, max-video-preview:-1\" \/>\n<link rel=\"canonical\" href=\"https:\/\/rotary.fi\/mikkelinaisvuori\/hallitus-ja-toimihenkilot\/\" \/>\n<meta property=\"og:locale\" content=\"fi_FI\" \/>\n<meta property=\"og:type\" content=\"article\" \/>\n<meta property=\"og:title\" content=\"Hallitus ja toimihenkil\u00f6t - Mikkeli-Naisvuori\" \/>\n<meta property=\"og:description\" content=\"email: rotary.mikkeli.naisvuori@gmail.com Klubin hallitus Presidentti 2025-2026\u00a0Pekka Intke Presidentti 2026-2027\u00a0Ari VainioPresidentti 2023-2025 Markku RaninKlubisihteeri\u00a0Kristiina LesoKlubimestari\u00a0Pekka HytinkoskiRahastonhoitaja\u00a0Markku RaninRotarys\u00e4\u00e4ti\u00f6n asiamies\u00a0Kari KotisaloNuorisovastaava\u00a0Claire Beastall &nbsp;\" \/>\n<meta property=\"og:url\" content=\"https:\/\/rotary.fi\/mikkelinaisvuori\/hallitus-ja-toimihenkilot\/\" \/>\n<meta property=\"og:site_name\" content=\"Mikkeli-Naisvuori\" \/>\n<meta property=\"article:modified_time\" content=\"2026-02-14T13:08:03+00:00\" \/>\n<meta name=\"twitter:card\" content=\"summary_large_image\" \/>\n<meta name=\"twitter:label1\" content=\"Arvioitu lukuaika\" \/>\n\t<meta name=\"twitter:data1\" content=\"1 minuutti\" \/>\n<script type=\"application\/ld+json\" class=\"yoast-schema-graph\">{\"@context\":\"https:\\\/\\\/schema.org\",\"@graph\":[{\"@type\":\"WebPage\",\"@id\":\"https:\\\/\\\/rotary.fi\\\/mikkelinaisvuori\\\/hallitus-ja-toimihenkilot\\\/\",\"url\":\"https:\\\/\\\/rotary.fi\\\/mikkelinaisvuori\\\/hallitus-ja-toimihenkilot\\\/\",\"name\":\"Hallitus ja toimihenkil\u00f6t - Mikkeli-Naisvuori\",\"isPartOf\":{\"@id\":\"https:\\\/\\\/rotary.fi\\\/mikkelinaisvuori\\\/#website\"},\"datePublished\":\"2018-08-10T10:59:56+00:00\",\"dateModified\":\"2026-02-14T13:08:03+00:00\",\"breadcrumb\":{\"@id\":\"https:\\\/\\\/rotary.fi\\\/mikkelinaisvuori\\\/hallitus-ja-toimihenkilot\\\/#breadcrumb\"},\"inLanguage\":\"fi\",\"potentialAction\":[{\"@type\":\"ReadAction\",\"target\":[\"https:\\\/\\\/rotary.fi\\\/mikkelinaisvuori\\\/hallitus-ja-toimihenkilot\\\/\"]}]},{\"@type\":\"BreadcrumbList\",\"@id\":\"https:\\\/\\\/rotary.fi\\\/mikkelinaisvuori\\\/hallitus-ja-toimihenkilot\\\/#breadcrumb\",\"itemListElement\":[{\"@type\":\"ListItem\",\"position\":1,\"name\":\"Home\",\"item\":\"https:\\\/\\\/rotary.fi\\\/mikkelinaisvuori\\\/\"},{\"@type\":\"ListItem\",\"position\":2,\"name\":\"Hallitus ja toimihenkil\u00f6t\"}]},{\"@type\":\"WebSite\",\"@id\":\"https:\\\/\\\/rotary.fi\\\/mikkelinaisvuori\\\/#website\",\"url\":\"https:\\\/\\\/rotary.fi\\\/mikkelinaisvuori\\\/\",\"name\":\"Mikkeli-Naisvuori\",\"description\":\"Uusi Rotary klubisivusto\",\"potentialAction\":[{\"@type\":\"SearchAction\",\"target\":{\"@type\":\"EntryPoint\",\"urlTemplate\":\"https:\\\/\\\/rotary.fi\\\/mikkelinaisvuori\\\/?s={search_term_string}\"},\"query-input\":{\"@type\":\"PropertyValueSpecification\",\"valueRequired\":true,\"valueName\":\"search_term_string\"}}],\"inLanguage\":\"fi\"}]}<\/script>\n<!-- \/ Yoast SEO plugin. -->","yoast_head_json":{"title":"Hallitus ja toimihenkil\u00f6t - Mikkeli-Naisvuori","robots":{"index":"index","follow":"follow","max-snippet":"max-snippet:-1","max-image-preview":"max-image-preview:large","max-video-preview":"max-video-preview:-1"},"canonical":"https:\/\/rotary.fi\/mikkelinaisvuori\/hallitus-ja-toimihenkilot\/","og_locale":"fi_FI","og_type":"article","og_title":"Hallitus ja toimihenkil\u00f6t - Mikkeli-Naisvuori","og_description":"email: rotary.mikkeli.naisvuori@gmail.com Klubin hallitus Presidentti 2025-2026\u00a0Pekka Intke Presidentti 2026-2027\u00a0Ari VainioPresidentti 2023-2025 Markku RaninKlubisihteeri\u00a0Kristiina LesoKlubimestari\u00a0Pekka HytinkoskiRahastonhoitaja\u00a0Markku RaninRotarys\u00e4\u00e4ti\u00f6n asiamies\u00a0Kari KotisaloNuorisovastaava\u00a0Claire Beastall &nbsp;","og_url":"https:\/\/rotary.fi\/mikkelinaisvuori\/hallitus-ja-toimihenkilot\/","og_site_name":"Mikkeli-Naisvuori","article_modified_time":"2026-02-14T13:08:03+00:00","twitter_card":"summary_large_image","twitter_misc":{"Arvioitu lukuaika":"1 minuutti"},"schema":{"@context":"https:\/\/schema.org","@graph":[{"@type":"WebPage","@id":"https:\/\/rotary.fi\/mikkelinaisvuori\/hallitus-ja-toimihenkilot\/","url":"https:\/\/rotary.fi\/mikkelinaisvuori\/hallitus-ja-toimihenkilot\/","name":"Hallitus ja toimihenkil\u00f6t - Mikkeli-Naisvuori","isPartOf":{"@id":"https:\/\/rotary.fi\/mikkelinaisvuori\/#website"},"datePublished":"2018-08-10T10:59:56+00:00","dateModified":"2026-02-14T13:08:03+00:00","breadcrumb":{"@id":"https:\/\/rotary.fi\/mikkelinaisvuori\/hallitus-ja-toimihenkilot\/#breadcrumb"},"inLanguage":"fi","potentialAction":[{"@type":"ReadAction","target":["https:\/\/rotary.fi\/mikkelinaisvuori\/hallitus-ja-toimihenkilot\/"]}]},{"@type":"BreadcrumbList","@id":"https:\/\/rotary.fi\/mikkelinaisvuori\/hallitus-ja-toimihenkilot\/#breadcrumb","itemListElement":[{"@type":"ListItem","position":1,"name":"Home","item":"https:\/\/rotary.fi\/mikkelinaisvuori\/"},{"@type":"ListItem","position":2,"name":"Hallitus ja toimihenkil\u00f6t"}]},{"@type":"WebSite","@id":"https:\/\/rotary.fi\/mikkelinaisvuori\/#website","url":"https:\/\/rotary.fi\/mikkelinaisvuori\/","name":"Mikkeli-Naisvuori","description":"Uusi Rotary klubisivusto","potentialAction":[{"@type":"SearchAction","target":{"@type":"EntryPoint","urlTemplate":"https:\/\/rotary.fi\/mikkelinaisvuori\/?s={search_term_string}"},"query-input":{"@type":"PropertyValueSpecification","valueRequired":true,"valueName":"search_term_string"}}],"inLanguage":"fi"}]}},"lang":"fi","translations":{"fi":132,"en":1428},"pll_sync_post":[],"_links":{"self":[{"href":"https:\/\/rotary.fi\/mikkelinaisvuori\/wp-json\/wp\/v2\/pages\/132","targetHints":{"allow":["GET"]}}],"collection":[{"href":"https:\/\/rotary.fi\/mikkelinaisvuori\/wp-json\/wp\/v2\/pages"}],"about":[{"href":"https:\/\/rotary.fi\/mikkelinaisvuori\/wp-json\/wp\/v2\/types\/page"}],"author":[{"embeddable":true,"href":"https:\/\/rotary.fi\/mikkelinaisvuori\/wp-json\/wp\/v2\/users\/1"}],"replies":[{"embeddable":true,"href":"https:\/\/rotary.fi\/mikkelinaisvuori\/wp-json\/wp\/v2\/comments?post=132"}],"version-history":[{"count":12,"href":"https:\/\/rotary.fi\/mikkelinaisvuori\/wp-json\/wp\/v2\/pages\/132\/revisions"}],"predecessor-version":[{"id":3008,"href":"https:\/\/rotary.fi\/mikkelinaisvuori\/wp-json\/wp\/v2\/pages\/132\/revisions\/3008"}],"wp:attachment":[{"href":"https:\/\/rotary.fi\/mikkelinaisvuori\/wp-json\/wp\/v2\/media?parent=132"}],"curies":[{"name":"wp","href":"https:\/\/api.w.org\/{rel}","templated":true}]}}