{"id":129,"date":"2018-08-10T13:41:39","date_gmt":"2018-08-10T10:41:39","guid":{"rendered":"https:\/\/rotary.fi\/klubi2\/?page_id=129"},"modified":"2025-10-12T11:25:34","modified_gmt":"2025-10-12T08:25:34","slug":"keita-olemme","status":"publish","type":"page","link":"https:\/\/rotary.fi\/mikkeli\/keita-olemme\/","title":{"rendered":"Klubimme"},"content":{"rendered":"<p>[et_pb_section fb_built=&#8221;1&#8243; module_class=&#8221;jumbotron-page&#8221; _builder_version=&#8221;4.17.4&#8243; background_image=&#8221;https:\/\/rotary.fi\/mikkeli\/wp-content\/uploads\/sites\/217\/2022\/05\/img-1349-rotated.jpg&#8221; global_colors_info=&#8221;{}&#8221;][et_pb_row _builder_version=&#8221;4.16&#8243; background_size=&#8221;initial&#8221; background_position=&#8221;top_left&#8221; background_repeat=&#8221;repeat&#8221; global_colors_info=&#8221;{}&#8221;][et_pb_column type=&#8221;4_4&#8243; _builder_version=&#8221;4.16&#8243; custom_padding=&#8221;|||&#8221; global_colors_info=&#8221;{}&#8221; custom_padding__hover=&#8221;|||&#8221;][et_pb_text admin_label=&#8221;P\u00e4\u00e4otsikko&#8221; _builder_version=&#8221;4.16&#8243; text_orientation=&#8221;center&#8221; background_layout=&#8221;dark&#8221; global_colors_info=&#8221;{}&#8221;]<\/p>\n<h1>Klubimme<\/h1>\n<p>[\/et_pb_text][\/et_pb_column][\/et_pb_row][\/et_pb_section][et_pb_section fb_built=&#8221;1&#8243; specialty=&#8221;on&#8221; module_class_2=&#8221;sivupalkki&#8221; _builder_version=&#8221;4.16&#8243; collapsed=&#8221;off&#8221; global_colors_info=&#8221;{}&#8221;][et_pb_column type=&#8221;2_3&#8243; specialty_columns=&#8221;2&#8243; _builder_version=&#8221;4.16&#8243; custom_padding=&#8221;|||&#8221; global_colors_info=&#8221;{}&#8221; custom_padding__hover=&#8221;|||&#8221;][et_pb_row_inner admin_label=&#8221;Rivi&#8221; _builder_version=&#8221;4.16&#8243; global_colors_info=&#8221;{}&#8221;][et_pb_column_inner saved_specialty_column_type=&#8221;2_3&#8243; _builder_version=&#8221;4.16&#8243; custom_padding=&#8221;|||&#8221; global_colors_info=&#8221;{}&#8221; custom_padding__hover=&#8221;|||&#8221;][et_pb_text admin_label=&#8221;Otsikko&#8221; _builder_version=&#8221;4.16&#8243; text_orientation=&#8221;center&#8221; global_colors_info=&#8221;{}&#8221;]<\/p>\n<h1>Mikkelin Rotaryklubi<\/h1>\n<p>[\/et_pb_text][et_pb_text admin_label=&#8221;Teksti&#8221; _builder_version=&#8221;4.17.4&#8243; global_colors_info=&#8221;{}&#8221;]<\/p>\n<p>Mikkelin Rotaryklubi perustettiin Suomen yhdenten\u00e4toista Rotaryklubina 3.4.1945.\u00a0 Klubimme on It\u00e4-Suomen vanhin klubi.<\/p>\n<p>Vaikka olemme perinteik\u00e4s klubi, emme kuitenkaan ole j\u00e4\u00e4neet kiinni menneisyyteen.\u00a0 Uudistamme toimintaamme; uudistumme ja pysymme ajassa mukana.<\/p>\n<p>Olemme l\u00e4mminhenkinen mikkelil\u00e4inen klubi, joka kokoontuu Sodan ja rauhan keskus Muistin kahvila Rauhan kabinetissa keskiviikkoisin lounaan merkeiss\u00e4\u00a0 12.45 -14.00 tapaamaan toisiamme ja kuulemaan kiinnostavia esitelmi\u00e4 ajankohtaisista asioista.<\/p>\n<p>Klubin tarkoituksena on vaalia l\u00e4himm\u00e4isen palvelemisen ihannetta ja innostaa j\u00e4seni\u00e4\u00e4n toteuttamaan sit\u00e4 yksityisel\u00e4m\u00e4ss\u00e4\u00e4n, ammatissaan, yhteiskunnallisessa toiminnassaan ja kansainv\u00e4lisiss\u00e4\u00a0suhteissa.<\/p>\n<p>Tuemme kansainv\u00e4lisen Rotaryn humanitaarista toimintaa, teemme yhteisty\u00f6t\u00e4 Mikkeli Naisvuorenklubin kanssa l\u00e4hett\u00e4m\u00e4ll\u00e4 vaihto-oppilaita maailmalle ja ottamalla heit\u00e4 vastaan Mikkeliin sek\u00e4\u00a0 toteutamme hyv\u00e4ntekemisen- ja\u00a0\u00a0palveluprojekteja\u00a0alueellamme.<\/p>\n<p>Mottomme on: &#8221;<strong>Palvelu itsekkyyden edelle<\/strong>&#8221;<\/p>\n<p>[\/et_pb_text][\/et_pb_column_inner][\/et_pb_row_inner][et_pb_row_inner _builder_version=&#8221;4.16&#8243; _module_preset=&#8221;default&#8221; global_colors_info=&#8221;{}&#8221;][et_pb_column_inner saved_specialty_column_type=&#8221;2_3&#8243; _builder_version=&#8221;4.16&#8243; _module_preset=&#8221;default&#8221; global_colors_info=&#8221;{}&#8221;][et_pb_text _builder_version=&#8221;4.16&#8243; _module_preset=&#8221;default&#8221; global_colors_info=&#8221;{}&#8221;]<\/p>\n<p><strong><a href=\"https:\/\/rotary.fi\/d1430\/rotarypiiri-1430\" target=\"_blank\" rel=\"noopener\">Olemme osa Rotarypiiri\u00e4 1430<\/a><\/strong>.<\/p>\n<p>[\/et_pb_text][et_pb_text _builder_version=&#8221;4.16&#8243; _module_preset=&#8221;default&#8221; global_colors_info=&#8221;{}&#8221;]<\/p>\n<p><strong><a href=\"http:\/\/www.rotary.org\" target=\"_blank\" rel=\"noopener\">Olemme osa Kansainv\u00e4lista Rotary Internationalia.<\/a><\/strong><\/p>\n<p>[\/et_pb_text][\/et_pb_column_inner][\/et_pb_row_inner][et_pb_row_inner _builder_version=&#8221;4.17.4&#8243; _module_preset=&#8221;default&#8221; global_colors_info=&#8221;{}&#8221;][et_pb_column_inner saved_specialty_column_type=&#8221;2_3&#8243; _builder_version=&#8221;4.16&#8243; _module_preset=&#8221;default&#8221; global_colors_info=&#8221;{}&#8221;][et_pb_text admin_label=&#8221;Pressa ja sihteeri &#8221; _builder_version=&#8221;4.17.4&#8243; _module_preset=&#8221;default&#8221; max_width=&#8221;100%&#8221; global_colors_info=&#8221;{}&#8221;]<\/p>\n<div class=\"et_pb_row_inner et_pb_row_inner_2\">\n<div class=\"et_pb_column_inner et_pb_column_1_3 et_pb_column_inner et_pb_column_inner_3\">\n<div class=\"et_pb_module et_pb_text et_pb_text_3  et_pb_text_align_left et_pb_bg_layout_light\">\n<div class=\"et_pb_text_inner\">\n<p><strong>Presidentti<\/strong> <br \/>Kari Manninen<br \/>p. +358443021300<br \/><span class=\"gI\"><span data-hovercard-id=\"armi.salo-oksa@stupa.fi\" data-hovercard-owner-id=\"111\">kari.manninen56@gmail.com<\/span><\/span><\/p>\n<\/div>\n<\/div>\n<\/div>\n<div class=\"et_pb_column_inner et_pb_column_1_3 et_pb_column_inner et_pb_column_inner_4 et-last-child\">\n<div class=\"et_pb_module et_pb_text et_pb_text_4  et_pb_text_align_left et_pb_bg_layout_light\">\n<div class=\"et_pb_text_inner\">\n<p>&nbsp;<\/p>\n<\/div>\n<\/div>\n<\/div>\n<\/div>\n<p>[\/et_pb_text][\/et_pb_column_inner][\/et_pb_row_inner][\/et_pb_column][et_pb_column type=&#8221;1_3&#8243; _builder_version=&#8221;4.16&#8243; custom_padding=&#8221;|||&#8221; global_colors_info=&#8221;{}&#8221; custom_padding__hover=&#8221;|||&#8221;][et_pb_sidebar area=&#8221;sidebar-1&#8243; module_class=&#8221;sivupalkki_sisalto&#8221; _builder_version=&#8221;4.16&#8243; locked=&#8221;on&#8221; global_colors_info=&#8221;{}&#8221;]<\/p>\n<p>[\/et_pb_sidebar][\/et_pb_column][\/et_pb_section]<\/p>\n","protected":false},"excerpt":{"rendered":"<p>KlubimmeMikkelin RotaryklubiMikkelin Rotaryklubi perustettiin Suomen yhdenten\u00e4toista Rotaryklubina 3.4.1945.\u00a0 Klubimme on It\u00e4-Suomen vanhin klubi. Vaikka olemme perinteik\u00e4s klubi, emme kuitenkaan ole j\u00e4\u00e4neet kiinni menneisyyteen.\u00a0 Uudistamme toimintaamme; uudistumme ja pysymme ajassa mukana. Olemme l\u00e4mminhenkinen mikkelil\u00e4inen klubi, joka kokoontuu Sodan ja rauhan keskus Muistin kahvila Rauhan kabinetissa keskiviikkoisin lounaan merkeiss\u00e4\u00a0 12.45 -14.00 tapaamaan toisiamme ja kuulemaan kiinnostavia esitelmi\u00e4 [&hellip;]<\/p>\n","protected":false},"author":1,"featured_media":0,"parent":0,"menu_order":0,"comment_status":"closed","ping_status":"closed","template":"","meta":{"_acf_changed":false,"_et_pb_use_builder":"on","_et_pb_old_content":"","_et_gb_content_width":"","footnotes":""},"class_list":["post-129","page","type-page","status-publish","hentry"],"acf":[],"yoast_head":"<!-- This site is optimized with the Yoast SEO plugin v27.0 - https:\/\/yoast.com\/product\/yoast-seo-wordpress\/ -->\n<title>Klubimme - Mikkelin Rotaryklubi<\/title>\n<meta name=\"robots\" content=\"index, follow, max-snippet:-1, max-image-preview:large, max-video-preview:-1\" \/>\n<link rel=\"canonical\" href=\"https:\/\/rotary.fi\/mikkeli\/keita-olemme\/\" \/>\n<meta property=\"og:locale\" content=\"fi_FI\" \/>\n<meta property=\"og:type\" content=\"article\" \/>\n<meta property=\"og:title\" content=\"Klubimme - Mikkelin Rotaryklubi\" \/>\n<meta property=\"og:description\" content=\"KlubimmeMikkelin RotaryklubiMikkelin Rotaryklubi perustettiin Suomen yhdenten\u00e4toista Rotaryklubina 3.4.1945.\u00a0 Klubimme on It\u00e4-Suomen vanhin klubi. Vaikka olemme perinteik\u00e4s klubi, emme kuitenkaan ole j\u00e4\u00e4neet kiinni menneisyyteen.\u00a0 Uudistamme toimintaamme; uudistumme ja pysymme ajassa mukana. Olemme l\u00e4mminhenkinen mikkelil\u00e4inen klubi, joka kokoontuu Sodan ja rauhan keskus Muistin kahvila Rauhan kabinetissa keskiviikkoisin lounaan merkeiss\u00e4\u00a0 12.45 -14.00 tapaamaan toisiamme ja kuulemaan kiinnostavia esitelmi\u00e4 [&hellip;]\" \/>\n<meta property=\"og:url\" content=\"https:\/\/rotary.fi\/mikkeli\/keita-olemme\/\" \/>\n<meta property=\"og:site_name\" content=\"Mikkelin Rotaryklubi\" \/>\n<meta property=\"article:modified_time\" content=\"2025-10-12T08:25:34+00:00\" \/>\n<meta name=\"twitter:card\" content=\"summary_large_image\" \/>\n<meta name=\"twitter:label1\" content=\"Arvioitu lukuaika\" \/>\n\t<meta name=\"twitter:data1\" content=\"2 minuuttia\" \/>\n<script type=\"application\/ld+json\" class=\"yoast-schema-graph\">{\"@context\":\"https:\/\/schema.org\",\"@graph\":[{\"@type\":\"WebPage\",\"@id\":\"https:\/\/rotary.fi\/mikkeli\/keita-olemme\/\",\"url\":\"https:\/\/rotary.fi\/mikkeli\/keita-olemme\/\",\"name\":\"Klubimme - Mikkelin Rotaryklubi\",\"isPartOf\":{\"@id\":\"https:\/\/rotary.fi\/mikkeli\/#website\"},\"datePublished\":\"2018-08-10T10:41:39+00:00\",\"dateModified\":\"2025-10-12T08:25:34+00:00\",\"breadcrumb\":{\"@id\":\"https:\/\/rotary.fi\/mikkeli\/keita-olemme\/#breadcrumb\"},\"inLanguage\":\"fi\",\"potentialAction\":[{\"@type\":\"ReadAction\",\"target\":[\"https:\/\/rotary.fi\/mikkeli\/keita-olemme\/\"]}]},{\"@type\":\"BreadcrumbList\",\"@id\":\"https:\/\/rotary.fi\/mikkeli\/keita-olemme\/#breadcrumb\",\"itemListElement\":[{\"@type\":\"ListItem\",\"position\":1,\"name\":\"Home\",\"item\":\"https:\/\/rotary.fi\/mikkeli\/\"},{\"@type\":\"ListItem\",\"position\":2,\"name\":\"Klubimme\"}]},{\"@type\":\"WebSite\",\"@id\":\"https:\/\/rotary.fi\/mikkeli\/#website\",\"url\":\"https:\/\/rotary.fi\/mikkeli\/\",\"name\":\"Mikkelin Rotaryklubi\",\"description\":\"Uusi Rotary klubisivusto\",\"potentialAction\":[{\"@type\":\"SearchAction\",\"target\":{\"@type\":\"EntryPoint\",\"urlTemplate\":\"https:\/\/rotary.fi\/mikkeli\/?s={search_term_string}\"},\"query-input\":{\"@type\":\"PropertyValueSpecification\",\"valueRequired\":true,\"valueName\":\"search_term_string\"}}],\"inLanguage\":\"fi\"}]}<\/script>\n<!-- \/ Yoast SEO plugin. -->","yoast_head_json":{"title":"Klubimme - Mikkelin Rotaryklubi","robots":{"index":"index","follow":"follow","max-snippet":"max-snippet:-1","max-image-preview":"max-image-preview:large","max-video-preview":"max-video-preview:-1"},"canonical":"https:\/\/rotary.fi\/mikkeli\/keita-olemme\/","og_locale":"fi_FI","og_type":"article","og_title":"Klubimme - Mikkelin Rotaryklubi","og_description":"KlubimmeMikkelin RotaryklubiMikkelin Rotaryklubi perustettiin Suomen yhdenten\u00e4toista Rotaryklubina 3.4.1945.\u00a0 Klubimme on It\u00e4-Suomen vanhin klubi. Vaikka olemme perinteik\u00e4s klubi, emme kuitenkaan ole j\u00e4\u00e4neet kiinni menneisyyteen.\u00a0 Uudistamme toimintaamme; uudistumme ja pysymme ajassa mukana. Olemme l\u00e4mminhenkinen mikkelil\u00e4inen klubi, joka kokoontuu Sodan ja rauhan keskus Muistin kahvila Rauhan kabinetissa keskiviikkoisin lounaan merkeiss\u00e4\u00a0 12.45 -14.00 tapaamaan toisiamme ja kuulemaan kiinnostavia esitelmi\u00e4 [&hellip;]","og_url":"https:\/\/rotary.fi\/mikkeli\/keita-olemme\/","og_site_name":"Mikkelin Rotaryklubi","article_modified_time":"2025-10-12T08:25:34+00:00","twitter_card":"summary_large_image","twitter_misc":{"Arvioitu lukuaika":"2 minuuttia"},"schema":{"@context":"https:\/\/schema.org","@graph":[{"@type":"WebPage","@id":"https:\/\/rotary.fi\/mikkeli\/keita-olemme\/","url":"https:\/\/rotary.fi\/mikkeli\/keita-olemme\/","name":"Klubimme - Mikkelin Rotaryklubi","isPartOf":{"@id":"https:\/\/rotary.fi\/mikkeli\/#website"},"datePublished":"2018-08-10T10:41:39+00:00","dateModified":"2025-10-12T08:25:34+00:00","breadcrumb":{"@id":"https:\/\/rotary.fi\/mikkeli\/keita-olemme\/#breadcrumb"},"inLanguage":"fi","potentialAction":[{"@type":"ReadAction","target":["https:\/\/rotary.fi\/mikkeli\/keita-olemme\/"]}]},{"@type":"BreadcrumbList","@id":"https:\/\/rotary.fi\/mikkeli\/keita-olemme\/#breadcrumb","itemListElement":[{"@type":"ListItem","position":1,"name":"Home","item":"https:\/\/rotary.fi\/mikkeli\/"},{"@type":"ListItem","position":2,"name":"Klubimme"}]},{"@type":"WebSite","@id":"https:\/\/rotary.fi\/mikkeli\/#website","url":"https:\/\/rotary.fi\/mikkeli\/","name":"Mikkelin Rotaryklubi","description":"Uusi Rotary klubisivusto","potentialAction":[{"@type":"SearchAction","target":{"@type":"EntryPoint","urlTemplate":"https:\/\/rotary.fi\/mikkeli\/?s={search_term_string}"},"query-input":{"@type":"PropertyValueSpecification","valueRequired":true,"valueName":"search_term_string"}}],"inLanguage":"fi"}]}},"lang":"fi","translations":{"fi":129},"pll_sync_post":[],"_links":{"self":[{"href":"https:\/\/rotary.fi\/mikkeli\/wp-json\/wp\/v2\/pages\/129","targetHints":{"allow":["GET"]}}],"collection":[{"href":"https:\/\/rotary.fi\/mikkeli\/wp-json\/wp\/v2\/pages"}],"about":[{"href":"https:\/\/rotary.fi\/mikkeli\/wp-json\/wp\/v2\/types\/page"}],"author":[{"embeddable":true,"href":"https:\/\/rotary.fi\/mikkeli\/wp-json\/wp\/v2\/users\/1"}],"replies":[{"embeddable":true,"href":"https:\/\/rotary.fi\/mikkeli\/wp-json\/wp\/v2\/comments?post=129"}],"version-history":[{"count":10,"href":"https:\/\/rotary.fi\/mikkeli\/wp-json\/wp\/v2\/pages\/129\/revisions"}],"predecessor-version":[{"id":2084,"href":"https:\/\/rotary.fi\/mikkeli\/wp-json\/wp\/v2\/pages\/129\/revisions\/2084"}],"wp:attachment":[{"href":"https:\/\/rotary.fi\/mikkeli\/wp-json\/wp\/v2\/media?parent=129"}],"curies":[{"name":"wp","href":"https:\/\/api.w.org\/{rel}","templated":true}]}}