{"id":138,"date":"2018-08-10T14:01:44","date_gmt":"2018-08-10T11:01:44","guid":{"rendered":"https:\/\/rotary.fi\/klubi2\/?page_id=138"},"modified":"2020-12-03T17:44:59","modified_gmt":"2020-12-03T15:44:59","slug":"vuositeema","status":"publish","type":"page","link":"https:\/\/rotary.fi\/meripori\/keita-olemme\/vuositeema\/","title":{"rendered":"Vuositeema"},"content":{"rendered":"<div class=\"et_pb_column et_pb_column_2_3 et_pb_column_1 et_pb_specialty_column et_pb_css_mix_blend_mode_passthrough\">\n<div class=\"et_pb_row_inner et_pb_row_inner_1\">\n<div class=\"et_pb_column et_pb_column_4_4 et_pb_column_inner et_pb_column_inner_3 et-last-child\">\n<div class=\"et_pb_module et_pb_text et_pb_text_1 et_pb_text_align_center et_pb_bg_layout_light\">\n<div class=\"et_pb_text_inner\">\n<div class=\"et_pb_module et_pb_text et_pb_text_1 et_pb_text_align_center et_pb_bg_layout_light\">\n<div class=\"et_pb_text_inner\">\n<h1>Rotary Internationalin vuositeema<\/h1>\n<\/div>\n<\/div>\n<div class=\"et_pb_module et_pb_text et_pb_text_2 et_pb_text_align_left et_pb_bg_layout_light\">\n<div class=\"et_pb_text_inner\">\n<p class=\"p1\">RI presidentti Holger Knaackin vuositeema 2020-21<\/p>\n<div class=\"et_post_meta_wrapper\">\n<p class=\"post-meta\"><span class=\"published\">16.7.2020<\/span><\/p>\n<\/div>\n<div class=\"entry-content\">\n<p>Rotary Internationalin presidentti Holger Knaackin\u00a0<a href=\"https:\/\/rotary.fi\/wp-content\/uploads\/2020\/07\/Teema-2020-2021_RI-President-Holger-Knaack.pdf\">vuositeema 2020-21<\/a>, Rotary avaa mahdollisuuksia, kehottaa rotareja hy\u00f6dynt\u00e4m\u00e4\u00e4n mahdollisuuksia kehitt\u00e4\u00e4 omaa johtajuuttaan, ja auttaa toteuttamaan Rotaryn palveluideoita ja parantamaan apua tarvitsevien el\u00e4m\u00e4\u00e4.<\/p>\n<p>Rotary avaa mahdollisuuksia<\/p>\n<\/div>\n<\/div>\n<\/div>\n<h1><img loading=\"lazy\" decoding=\"async\" class=\"size-medium wp-image-1955 alignleft\" src=\"https:\/\/rotary.fi\/meripori\/wp-content\/uploads\/sites\/198\/2020\/12\/teema-2020-2021-fi-300x240.jpg\" alt=\"Rotary teema ovat\" width=\"300\" height=\"240\" srcset=\"https:\/\/rotary.fi\/meripori\/wp-content\/uploads\/sites\/198\/2020\/12\/teema-2020-2021-fi-300x240.jpg 300w, https:\/\/rotary.fi\/meripori\/wp-content\/uploads\/sites\/198\/2020\/12\/teema-2020-2021-fi.jpg 354w\" sizes=\"(max-width: 300px) 100vw, 300px\" \/><\/h1>\n<\/div>\n<\/div>\n<div class=\"et_pb_module et_pb_text et_pb_text_2 et_pb_text_align_left et_pb_bg_layout_light\">\n<div class=\"et_pb_text_inner\">\n<div class=\"entry-content\">\n<p>Rotary ei ole vain klubi, mihin ihmiset liittyv\u00e4t, vaan kutsu loputtomiin mahdollisuuksiin. Rotary luo j\u00e4senille kanavia, joiden kautta j\u00e4senet voivat parantaa omaan el\u00e4m\u00e4\u00e4ns\u00e4 ja niiden el\u00e4m\u00e4\u00e4, joita he auttavat palveluprojektien kautta.<\/p>\n<p>Uskomme, ett\u00e4 suuret ja pienet palvelutekomme antavat mahdollisuuksia ihmisille, jotka tarvitsevat apuamme. Rotary tarjoaa mahdollisuuksia johtajuuteen, avaa j\u00e4senille tien toteuttaa palveluideoitaan maailmanlaajuisesti ja luoda elinik\u00e4isi\u00e4 yst\u00e4vyyssuhteita. Kaikki mit\u00e4 teemme avaa uuden mahdollisuuden my\u00f6s jollekin toiselle, jossakin muualla.<\/p>\n<p>Covid-19 kriisi on pakottanut meid\u00e4t kaikki sopeutumaan. T\u00e4ss\u00e4 on hyv\u00e4\u00e4kin, ja uusi toimintasuunnitelmamme\u00a0 kehottaa meit\u00e4 erityisesti kehitt\u00e4m\u00e4\u00e4n sopeutumiskyky\u00e4mme. Mutta sopeutuminen ei riit\u00e4. Meid\u00e4n on itse muututtava, dramaattisesti, jotta voimme kohdata uuden ajan meille asettamat haasteet ja toimia sellaisena Rotaryn\u00e4, jota maailma niin kovasti tarvitsee.<\/p>\n<p>T\u00e4m\u00e4 on suuri haasteemme. Ei vain alkavalle vuodelle, vaan koko n\u00e4k\u00f6piiriss\u00e4mme olevalle tulevaisuudelle. Meid\u00e4n on uudistettava Rotary uuden ajan edellytt\u00e4m\u00e4ll\u00e4 tavalla. Nuorilla on ideoita, energiaa ja tahto sitoutua t\u00e4rke\u00e4ksi kokemaansa toimintaan. Meid\u00e4n on t\u00e4ydest\u00e4 syd\u00e4mest\u00e4mme tartuttava t\u00e4h\u00e4n mahdollisuuteen ja tarjottavaa heille toteutumiskanavaa heid\u00e4n idealismilleen. Meid\u00e4n on my\u00f6s muututtava organisaatioksi, joka on t\u00e4ysin nivoutunut digiaikaan, ei vain sellainen, joka etsii s\u00e4hk\u00f6isi\u00e4 tapoja toimia niin kuin aina on ollut tapana toimia.<\/p>\n<p>Maailma muuttuu nopeasti \u2013 muuttui jo ennen t\u00e4t\u00e4 kriisi\u00e4. Ihmiset alkoivat luopua perinteisist\u00e4 lounaskokouksista ja siirty\u00e4 verkkotapaamisiin. Yst\u00e4vyyssuhteita solmittiin ja syvennettiin sosiaalisessa mediassa jo ennen kuin kokouksemme siirtyiv\u00e4t Zoomiin tai Skypeen. Meit\u00e4 nuoremmilla sukupolvilla on voimakas halu tehd\u00e4 palveluty\u00f6t\u00e4. He ovat kyseenalaistaneet voivatko he toimia vaikuttavasti Rotaryn kaltaisessa organisaatiossa, vai saavatko he aikaan enemm\u00e4n luomalla muunlaisia yhteyksi\u00e4. Nyt on aika aloittaa puhtaalta p\u00f6yd\u00e4lt\u00e4, kokeilla uusia l\u00e4hestymistapoja ja valmistella Rotary tulevaisuutta varten.<\/p>\n<p>Samalla kun rohkaisemme Rotaryn j\u00e4seni\u00e4 ottamaan omakseen muutoksen, on hyv\u00e4 huomata, ett\u00e4 aika ei pys\u00e4hdy Rotaryn ymp\u00e4rill\u00e4. Emme anna nopeiden muutosten lannistaa meit\u00e4. Tartumme t\u00e4m\u00e4n hetken tuomaan tilaisuuteen kasvattaa Rotary\u00e4, tehd\u00e4 siit\u00e4 vahvemman, sopeutuvamman ja entist\u00e4 linjakkaammin perusarvojemme mukaan toimivan.<\/p>\n<p>Maailma tarvitsee Rotary\u00e4 nyt enemm\u00e4n kuin koskaan. Meid\u00e4n on varmistettava, ett\u00e4 Rotary avaa mahdollisuuksia tuleville sukupolville.<\/p>\n<p>Holger Knaack<br \/>\nRotary Internationalin presidentti 2020-2021<br \/>\nRC Herzogtum Lauenburg-M\u00f6lln, Germany<\/p>\n<p><a href=\"https:\/\/www.rotary.org\/en\/holger-knaack-sees-opportunities-rotary-change-thrive\">https:\/\/www.rotary.org\/en\/holger-knaack-sees-opportunities-rotary-change-thrive<\/a><\/p>\n<p><a href=\"https:\/\/www.facebook.com\/rotary\/videos\/194418204942847\">https:\/\/www.facebook.com\/rotary\/videos\/194418204942847<\/a><\/p>\n<\/div>\n<p>&nbsp;<\/p>\n<\/div>\n<\/div>\n<\/div>\n<\/div>\n<div class=\"et_pb_row_inner et_pb_row_inner_2\">\n<div class=\"et_pb_column et_pb_column_4_4 et_pb_column_inner et_pb_column_inner_4 et-last-child\">\n<div class=\"et_pb_module et_pb_text et_pb_text_3 et_pb_text_align_center et_pb_bg_layout_light\">\n<div class=\"et_pb_text_inner\"><\/div>\n<\/div>\n<\/div>\n<\/div>\n<\/div>\n<div class=\"et_pb_column et_pb_column_1_3 et_pb_column_2 sivupalkki et_pb_css_mix_blend_mode_passthrough et_pb_column_single\">\n<div class=\"et_pb_module et_pb_sidebar_0 sivupalkki_sisalto et_pb_widget_area clearfix et_pb_widget_area_left et_pb_bg_layout_light\">\n<div id=\"custom_html-5\" class=\"widget_text et_pb_widget widget_custom_html\">\n<div class=\"textwidget custom-html-widget\">\n<div class=\"kokoontumistiedot_container\"><\/div>\n<\/div>\n<\/div>\n<\/div>\n<\/div>\n","protected":false},"excerpt":{"rendered":"<p>Rotary Internationalin vuositeema RI presidentti Holger Knaackin vuositeema 2020-21 16.7.2020 Rotary Internationalin presidentti Holger Knaackin\u00a0vuositeema 2020-21, Rotary avaa mahdollisuuksia, kehottaa rotareja hy\u00f6dynt\u00e4m\u00e4\u00e4n mahdollisuuksia kehitt\u00e4\u00e4 omaa johtajuuttaan, ja auttaa toteuttamaan Rotaryn palveluideoita ja parantamaan apua tarvitsevien el\u00e4m\u00e4\u00e4. Rotary avaa mahdollisuuksia Rotary ei ole vain klubi, mihin ihmiset liittyv\u00e4t, vaan kutsu loputtomiin mahdollisuuksiin. Rotary luo j\u00e4senille kanavia, [&hellip;]<\/p>\n","protected":false},"author":1,"featured_media":0,"parent":129,"menu_order":2,"comment_status":"closed","ping_status":"closed","template":"","meta":{"_acf_changed":false,"_et_pb_use_builder":"off","_et_pb_old_content":"","_et_gb_content_width":"","footnotes":""},"class_list":["post-138","page","type-page","status-publish","hentry"],"acf":[],"yoast_head":"<!-- This site is optimized with the Yoast SEO plugin v27.4 - https:\/\/yoast.com\/product\/yoast-seo-wordpress\/ -->\n<title>Vuositeema - Meri-Porin Rotaryklubi<\/title>\n<meta name=\"robots\" content=\"index, follow, max-snippet:-1, max-image-preview:large, max-video-preview:-1\" \/>\n<link rel=\"canonical\" href=\"https:\/\/rotary.fi\/meripori\/keita-olemme\/vuositeema\/\" \/>\n<meta property=\"og:locale\" content=\"fi_FI\" \/>\n<meta property=\"og:type\" content=\"article\" \/>\n<meta property=\"og:title\" content=\"Vuositeema - Meri-Porin Rotaryklubi\" \/>\n<meta property=\"og:description\" content=\"Rotary Internationalin vuositeema RI presidentti Holger Knaackin vuositeema 2020-21 16.7.2020 Rotary Internationalin presidentti Holger Knaackin\u00a0vuositeema 2020-21, Rotary avaa mahdollisuuksia, kehottaa rotareja hy\u00f6dynt\u00e4m\u00e4\u00e4n mahdollisuuksia kehitt\u00e4\u00e4 omaa johtajuuttaan, ja auttaa toteuttamaan Rotaryn palveluideoita ja parantamaan apua tarvitsevien el\u00e4m\u00e4\u00e4. Rotary avaa mahdollisuuksia Rotary ei ole vain klubi, mihin ihmiset liittyv\u00e4t, vaan kutsu loputtomiin mahdollisuuksiin. Rotary luo j\u00e4senille kanavia, [&hellip;]\" \/>\n<meta property=\"og:url\" content=\"https:\/\/rotary.fi\/meripori\/keita-olemme\/vuositeema\/\" \/>\n<meta property=\"og:site_name\" content=\"Meri-Porin Rotaryklubi\" \/>\n<meta property=\"article:modified_time\" content=\"2020-12-03T15:44:59+00:00\" \/>\n<meta property=\"og:image\" content=\"https:\/\/rotary.fi\/meripori\/wp-content\/uploads\/sites\/198\/2020\/12\/teema-2020-2021-fi-300x240.jpg\" \/>\n<meta name=\"twitter:card\" content=\"summary_large_image\" \/>\n<meta name=\"twitter:label1\" content=\"Arvioitu lukuaika\" \/>\n\t<meta name=\"twitter:data1\" content=\"2 minuuttia\" \/>\n<script type=\"application\/ld+json\" class=\"yoast-schema-graph\">{\"@context\":\"https:\\\/\\\/schema.org\",\"@graph\":[{\"@type\":\"WebPage\",\"@id\":\"https:\\\/\\\/rotary.fi\\\/meripori\\\/keita-olemme\\\/vuositeema\\\/\",\"url\":\"https:\\\/\\\/rotary.fi\\\/meripori\\\/keita-olemme\\\/vuositeema\\\/\",\"name\":\"Vuositeema - Meri-Porin Rotaryklubi\",\"isPartOf\":{\"@id\":\"https:\\\/\\\/rotary.fi\\\/meripori\\\/#website\"},\"primaryImageOfPage\":{\"@id\":\"https:\\\/\\\/rotary.fi\\\/meripori\\\/keita-olemme\\\/vuositeema\\\/#primaryimage\"},\"image\":{\"@id\":\"https:\\\/\\\/rotary.fi\\\/meripori\\\/keita-olemme\\\/vuositeema\\\/#primaryimage\"},\"thumbnailUrl\":\"https:\\\/\\\/rotary.fi\\\/meripori\\\/wp-content\\\/uploads\\\/sites\\\/198\\\/2020\\\/12\\\/teema-2020-2021-fi-300x240.jpg\",\"datePublished\":\"2018-08-10T11:01:44+00:00\",\"dateModified\":\"2020-12-03T15:44:59+00:00\",\"breadcrumb\":{\"@id\":\"https:\\\/\\\/rotary.fi\\\/meripori\\\/keita-olemme\\\/vuositeema\\\/#breadcrumb\"},\"inLanguage\":\"fi\",\"potentialAction\":[{\"@type\":\"ReadAction\",\"target\":[\"https:\\\/\\\/rotary.fi\\\/meripori\\\/keita-olemme\\\/vuositeema\\\/\"]}]},{\"@type\":\"ImageObject\",\"inLanguage\":\"fi\",\"@id\":\"https:\\\/\\\/rotary.fi\\\/meripori\\\/keita-olemme\\\/vuositeema\\\/#primaryimage\",\"url\":\"https:\\\/\\\/rotary.fi\\\/meripori\\\/wp-content\\\/uploads\\\/sites\\\/198\\\/2020\\\/12\\\/teema-2020-2021-fi.jpg\",\"contentUrl\":\"https:\\\/\\\/rotary.fi\\\/meripori\\\/wp-content\\\/uploads\\\/sites\\\/198\\\/2020\\\/12\\\/teema-2020-2021-fi.jpg\",\"width\":354,\"height\":283,\"caption\":\"Rotary teema ovat\"},{\"@type\":\"BreadcrumbList\",\"@id\":\"https:\\\/\\\/rotary.fi\\\/meripori\\\/keita-olemme\\\/vuositeema\\\/#breadcrumb\",\"itemListElement\":[{\"@type\":\"ListItem\",\"position\":1,\"name\":\"Home\",\"item\":\"https:\\\/\\\/rotary.fi\\\/meripori\\\/\"},{\"@type\":\"ListItem\",\"position\":2,\"name\":\"Keit\u00e4 olemme\",\"item\":\"https:\\\/\\\/rotary.fi\\\/meripori\\\/keita-olemme\\\/\"},{\"@type\":\"ListItem\",\"position\":3,\"name\":\"Vuositeema\"}]},{\"@type\":\"WebSite\",\"@id\":\"https:\\\/\\\/rotary.fi\\\/meripori\\\/#website\",\"url\":\"https:\\\/\\\/rotary.fi\\\/meripori\\\/\",\"name\":\"Meri-Porin Rotaryklubi\",\"description\":\"Uusi Rotary klubisivusto\",\"potentialAction\":[{\"@type\":\"SearchAction\",\"target\":{\"@type\":\"EntryPoint\",\"urlTemplate\":\"https:\\\/\\\/rotary.fi\\\/meripori\\\/?s={search_term_string}\"},\"query-input\":{\"@type\":\"PropertyValueSpecification\",\"valueRequired\":true,\"valueName\":\"search_term_string\"}}],\"inLanguage\":\"fi\"}]}<\/script>\n<!-- \/ Yoast SEO plugin. -->","yoast_head_json":{"title":"Vuositeema - Meri-Porin Rotaryklubi","robots":{"index":"index","follow":"follow","max-snippet":"max-snippet:-1","max-image-preview":"max-image-preview:large","max-video-preview":"max-video-preview:-1"},"canonical":"https:\/\/rotary.fi\/meripori\/keita-olemme\/vuositeema\/","og_locale":"fi_FI","og_type":"article","og_title":"Vuositeema - Meri-Porin Rotaryklubi","og_description":"Rotary Internationalin vuositeema RI presidentti Holger Knaackin vuositeema 2020-21 16.7.2020 Rotary Internationalin presidentti Holger Knaackin\u00a0vuositeema 2020-21, Rotary avaa mahdollisuuksia, kehottaa rotareja hy\u00f6dynt\u00e4m\u00e4\u00e4n mahdollisuuksia kehitt\u00e4\u00e4 omaa johtajuuttaan, ja auttaa toteuttamaan Rotaryn palveluideoita ja parantamaan apua tarvitsevien el\u00e4m\u00e4\u00e4. Rotary avaa mahdollisuuksia Rotary ei ole vain klubi, mihin ihmiset liittyv\u00e4t, vaan kutsu loputtomiin mahdollisuuksiin. Rotary luo j\u00e4senille kanavia, [&hellip;]","og_url":"https:\/\/rotary.fi\/meripori\/keita-olemme\/vuositeema\/","og_site_name":"Meri-Porin Rotaryklubi","article_modified_time":"2020-12-03T15:44:59+00:00","og_image":[{"url":"https:\/\/rotary.fi\/meripori\/wp-content\/uploads\/sites\/198\/2020\/12\/teema-2020-2021-fi-300x240.jpg","type":"","width":"","height":""}],"twitter_card":"summary_large_image","twitter_misc":{"Arvioitu lukuaika":"2 minuuttia"},"schema":{"@context":"https:\/\/schema.org","@graph":[{"@type":"WebPage","@id":"https:\/\/rotary.fi\/meripori\/keita-olemme\/vuositeema\/","url":"https:\/\/rotary.fi\/meripori\/keita-olemme\/vuositeema\/","name":"Vuositeema - Meri-Porin Rotaryklubi","isPartOf":{"@id":"https:\/\/rotary.fi\/meripori\/#website"},"primaryImageOfPage":{"@id":"https:\/\/rotary.fi\/meripori\/keita-olemme\/vuositeema\/#primaryimage"},"image":{"@id":"https:\/\/rotary.fi\/meripori\/keita-olemme\/vuositeema\/#primaryimage"},"thumbnailUrl":"https:\/\/rotary.fi\/meripori\/wp-content\/uploads\/sites\/198\/2020\/12\/teema-2020-2021-fi-300x240.jpg","datePublished":"2018-08-10T11:01:44+00:00","dateModified":"2020-12-03T15:44:59+00:00","breadcrumb":{"@id":"https:\/\/rotary.fi\/meripori\/keita-olemme\/vuositeema\/#breadcrumb"},"inLanguage":"fi","potentialAction":[{"@type":"ReadAction","target":["https:\/\/rotary.fi\/meripori\/keita-olemme\/vuositeema\/"]}]},{"@type":"ImageObject","inLanguage":"fi","@id":"https:\/\/rotary.fi\/meripori\/keita-olemme\/vuositeema\/#primaryimage","url":"https:\/\/rotary.fi\/meripori\/wp-content\/uploads\/sites\/198\/2020\/12\/teema-2020-2021-fi.jpg","contentUrl":"https:\/\/rotary.fi\/meripori\/wp-content\/uploads\/sites\/198\/2020\/12\/teema-2020-2021-fi.jpg","width":354,"height":283,"caption":"Rotary teema ovat"},{"@type":"BreadcrumbList","@id":"https:\/\/rotary.fi\/meripori\/keita-olemme\/vuositeema\/#breadcrumb","itemListElement":[{"@type":"ListItem","position":1,"name":"Home","item":"https:\/\/rotary.fi\/meripori\/"},{"@type":"ListItem","position":2,"name":"Keit\u00e4 olemme","item":"https:\/\/rotary.fi\/meripori\/keita-olemme\/"},{"@type":"ListItem","position":3,"name":"Vuositeema"}]},{"@type":"WebSite","@id":"https:\/\/rotary.fi\/meripori\/#website","url":"https:\/\/rotary.fi\/meripori\/","name":"Meri-Porin Rotaryklubi","description":"Uusi Rotary klubisivusto","potentialAction":[{"@type":"SearchAction","target":{"@type":"EntryPoint","urlTemplate":"https:\/\/rotary.fi\/meripori\/?s={search_term_string}"},"query-input":{"@type":"PropertyValueSpecification","valueRequired":true,"valueName":"search_term_string"}}],"inLanguage":"fi"}]}},"lang":"fi","translations":{"fi":138,"sv":1573},"pll_sync_post":[],"_links":{"self":[{"href":"https:\/\/rotary.fi\/meripori\/wp-json\/wp\/v2\/pages\/138","targetHints":{"allow":["GET"]}}],"collection":[{"href":"https:\/\/rotary.fi\/meripori\/wp-json\/wp\/v2\/pages"}],"about":[{"href":"https:\/\/rotary.fi\/meripori\/wp-json\/wp\/v2\/types\/page"}],"author":[{"embeddable":true,"href":"https:\/\/rotary.fi\/meripori\/wp-json\/wp\/v2\/users\/1"}],"replies":[{"embeddable":true,"href":"https:\/\/rotary.fi\/meripori\/wp-json\/wp\/v2\/comments?post=138"}],"version-history":[{"count":9,"href":"https:\/\/rotary.fi\/meripori\/wp-json\/wp\/v2\/pages\/138\/revisions"}],"predecessor-version":[{"id":1957,"href":"https:\/\/rotary.fi\/meripori\/wp-json\/wp\/v2\/pages\/138\/revisions\/1957"}],"up":[{"embeddable":true,"href":"https:\/\/rotary.fi\/meripori\/wp-json\/wp\/v2\/pages\/129"}],"wp:attachment":[{"href":"https:\/\/rotary.fi\/meripori\/wp-json\/wp\/v2\/media?parent=138"}],"curies":[{"name":"wp","href":"https:\/\/api.w.org\/{rel}","templated":true}]}}