{"id":132,"date":"2018-08-10T13:59:56","date_gmt":"2018-08-10T10:59:56","guid":{"rendered":"https:\/\/rotary.fi\/klubi2\/?page_id=132"},"modified":"2025-08-13T20:19:56","modified_gmt":"2025-08-13T17:19:56","slug":"hallitus-ja-toimihenkilot","status":"publish","type":"page","link":"https:\/\/rotary.fi\/meripori\/keita-olemme\/hallitus-ja-toimihenkilot\/","title":{"rendered":"Hallitus ja toimihenkil\u00f6t"},"content":{"rendered":"<p><strong>Hallitus 2025-2026:<\/strong><\/p>\n<table style=\"height: 240px\" width=\"621\">\n<tbody>\n<tr>\n<td style=\"width: 332.312px\">\u00a0<strong>Presidentti<\/strong><\/td>\n<td style=\"width: 275.087px\">Orvo Luoma<\/td>\n<\/tr>\n<tr>\n<td style=\"width: 332.312px\"><strong>\u00a0Edellinen presidentti<\/strong><\/td>\n<td style=\"width: 275.087px\">Timo Johansson<\/td>\n<\/tr>\n<tr>\n<td style=\"width: 332.312px\">\u00a01.\u00a0<strong>sihteeri<\/strong><\/td>\n<td style=\"width: 275.087px\">P\u00e4ivi Sj\u00f6holm<\/td>\n<\/tr>\n<tr>\n<td style=\"width: 332.312px\"><strong>\u00a0<\/strong>2.\u00a0<strong>sihteeri\u00a0\u00a0<\/strong><\/td>\n<td style=\"width: 275.087px\"><\/td>\n<\/tr>\n<tr>\n<td style=\"width: 332.312px\">\u00a0<strong>Nuorisovaihtoasiamies<\/strong><\/td>\n<td style=\"width: 275.087px\">Timo Johansson<\/td>\n<\/tr>\n<tr>\n<td style=\"width: 332.312px\">\u00a01.\u00a0<strong>klubimestari\u00a0<\/strong><\/td>\n<td style=\"width: 275.087px\">Erik Koskinen<\/td>\n<\/tr>\n<tr>\n<td style=\"width: 332.312px\">\u00a02. <strong>klubimestari<\/strong><\/td>\n<td style=\"width: 275.087px\">Martti Wallin<\/td>\n<\/tr>\n<tr>\n<td style=\"width: 332.312px\">\u00a0<strong>Rahastonhoitaja\u00a0<\/strong><\/td>\n<td style=\"width: 275.087px\">Leila Nurminen<\/td>\n<\/tr>\n<tr>\n<td style=\"width: 332.312px\"><strong>\u00a0IT<\/strong>&#8211;<strong>vastaava\u00a0\u00a0\u00a0\u00a0\u00a0\u00a0\u00a0\u00a0\u00a0\u00a0\u00a0<\/strong><\/td>\n<td style=\"width: 275.087px\">Timo Johansson<\/td>\n<\/tr>\n<tr>\n<td style=\"width: 332.312px\">\u00a0<strong>Rotarys\u00e4\u00e4ti\u00f6asiamies\u00a0<\/strong><\/td>\n<td style=\"width: 275.087px\">Orvo Luoma<\/td>\n<\/tr>\n<\/tbody>\n<\/table>\n<p style=\"font-weight: 400\">\n","protected":false},"excerpt":{"rendered":"<p>Hallitus 2025-2026: \u00a0Presidentti Orvo Luoma \u00a0Edellinen presidentti Timo Johansson \u00a01.\u00a0sihteeri P\u00e4ivi Sj\u00f6holm \u00a02.\u00a0sihteeri\u00a0\u00a0 \u00a0Nuorisovaihtoasiamies Timo Johansson \u00a01.\u00a0klubimestari\u00a0 Erik Koskinen \u00a02. klubimestari Martti Wallin \u00a0Rahastonhoitaja\u00a0 Leila Nurminen \u00a0IT&#8211;vastaava\u00a0\u00a0\u00a0\u00a0\u00a0\u00a0\u00a0\u00a0\u00a0\u00a0\u00a0 Timo Johansson \u00a0Rotarys\u00e4\u00e4ti\u00f6asiamies\u00a0 Orvo Luoma<\/p>\n","protected":false},"author":1,"featured_media":0,"parent":129,"menu_order":1,"comment_status":"closed","ping_status":"closed","template":"","meta":{"_acf_changed":false,"_et_pb_use_builder":"off","_et_pb_old_content":"","_et_gb_content_width":"","footnotes":""},"class_list":["post-132","page","type-page","status-publish","hentry"],"acf":[],"yoast_head":"<!-- This site is optimized with the Yoast SEO plugin v27.0 - https:\/\/yoast.com\/product\/yoast-seo-wordpress\/ -->\n<title>Hallitus ja toimihenkil\u00f6t - Meri-Porin Rotaryklubi<\/title>\n<meta name=\"robots\" content=\"index, follow, max-snippet:-1, max-image-preview:large, max-video-preview:-1\" \/>\n<link rel=\"canonical\" href=\"https:\/\/rotary.fi\/meripori\/keita-olemme\/hallitus-ja-toimihenkilot\/\" \/>\n<meta property=\"og:locale\" content=\"fi_FI\" \/>\n<meta property=\"og:type\" content=\"article\" \/>\n<meta property=\"og:title\" content=\"Hallitus ja toimihenkil\u00f6t - Meri-Porin Rotaryklubi\" \/>\n<meta property=\"og:description\" content=\"Hallitus 2025-2026: \u00a0Presidentti Orvo Luoma \u00a0Edellinen presidentti Timo Johansson \u00a01.\u00a0sihteeri P\u00e4ivi Sj\u00f6holm \u00a02.\u00a0sihteeri\u00a0\u00a0 \u00a0Nuorisovaihtoasiamies Timo Johansson \u00a01.\u00a0klubimestari\u00a0 Erik Koskinen \u00a02. klubimestari Martti Wallin \u00a0Rahastonhoitaja\u00a0 Leila Nurminen \u00a0IT&#8211;vastaava\u00a0\u00a0\u00a0\u00a0\u00a0\u00a0\u00a0\u00a0\u00a0\u00a0\u00a0 Timo Johansson \u00a0Rotarys\u00e4\u00e4ti\u00f6asiamies\u00a0 Orvo Luoma\" \/>\n<meta property=\"og:url\" content=\"https:\/\/rotary.fi\/meripori\/keita-olemme\/hallitus-ja-toimihenkilot\/\" \/>\n<meta property=\"og:site_name\" content=\"Meri-Porin Rotaryklubi\" \/>\n<meta property=\"article:modified_time\" content=\"2025-08-13T17:19:56+00:00\" \/>\n<meta name=\"twitter:card\" content=\"summary_large_image\" \/>\n<meta name=\"twitter:label1\" content=\"Arvioitu lukuaika\" \/>\n\t<meta name=\"twitter:data1\" content=\"1 minuutti\" \/>\n<script type=\"application\/ld+json\" class=\"yoast-schema-graph\">{\"@context\":\"https:\/\/schema.org\",\"@graph\":[{\"@type\":\"WebPage\",\"@id\":\"https:\/\/rotary.fi\/meripori\/keita-olemme\/hallitus-ja-toimihenkilot\/\",\"url\":\"https:\/\/rotary.fi\/meripori\/keita-olemme\/hallitus-ja-toimihenkilot\/\",\"name\":\"Hallitus ja toimihenkil\u00f6t - Meri-Porin Rotaryklubi\",\"isPartOf\":{\"@id\":\"https:\/\/rotary.fi\/meripori\/#website\"},\"datePublished\":\"2018-08-10T10:59:56+00:00\",\"dateModified\":\"2025-08-13T17:19:56+00:00\",\"breadcrumb\":{\"@id\":\"https:\/\/rotary.fi\/meripori\/keita-olemme\/hallitus-ja-toimihenkilot\/#breadcrumb\"},\"inLanguage\":\"fi\",\"potentialAction\":[{\"@type\":\"ReadAction\",\"target\":[\"https:\/\/rotary.fi\/meripori\/keita-olemme\/hallitus-ja-toimihenkilot\/\"]}]},{\"@type\":\"BreadcrumbList\",\"@id\":\"https:\/\/rotary.fi\/meripori\/keita-olemme\/hallitus-ja-toimihenkilot\/#breadcrumb\",\"itemListElement\":[{\"@type\":\"ListItem\",\"position\":1,\"name\":\"Home\",\"item\":\"https:\/\/rotary.fi\/meripori\/\"},{\"@type\":\"ListItem\",\"position\":2,\"name\":\"Keit\u00e4 olemme\",\"item\":\"https:\/\/rotary.fi\/meripori\/keita-olemme\/\"},{\"@type\":\"ListItem\",\"position\":3,\"name\":\"Hallitus ja toimihenkil\u00f6t\"}]},{\"@type\":\"WebSite\",\"@id\":\"https:\/\/rotary.fi\/meripori\/#website\",\"url\":\"https:\/\/rotary.fi\/meripori\/\",\"name\":\"Meri-Porin Rotaryklubi\",\"description\":\"Uusi Rotary klubisivusto\",\"potentialAction\":[{\"@type\":\"SearchAction\",\"target\":{\"@type\":\"EntryPoint\",\"urlTemplate\":\"https:\/\/rotary.fi\/meripori\/?s={search_term_string}\"},\"query-input\":{\"@type\":\"PropertyValueSpecification\",\"valueRequired\":true,\"valueName\":\"search_term_string\"}}],\"inLanguage\":\"fi\"}]}<\/script>\n<!-- \/ Yoast SEO plugin. -->","yoast_head_json":{"title":"Hallitus ja toimihenkil\u00f6t - Meri-Porin Rotaryklubi","robots":{"index":"index","follow":"follow","max-snippet":"max-snippet:-1","max-image-preview":"max-image-preview:large","max-video-preview":"max-video-preview:-1"},"canonical":"https:\/\/rotary.fi\/meripori\/keita-olemme\/hallitus-ja-toimihenkilot\/","og_locale":"fi_FI","og_type":"article","og_title":"Hallitus ja toimihenkil\u00f6t - Meri-Porin Rotaryklubi","og_description":"Hallitus 2025-2026: \u00a0Presidentti Orvo Luoma \u00a0Edellinen presidentti Timo Johansson \u00a01.\u00a0sihteeri P\u00e4ivi Sj\u00f6holm \u00a02.\u00a0sihteeri\u00a0\u00a0 \u00a0Nuorisovaihtoasiamies Timo Johansson \u00a01.\u00a0klubimestari\u00a0 Erik Koskinen \u00a02. klubimestari Martti Wallin \u00a0Rahastonhoitaja\u00a0 Leila Nurminen \u00a0IT&#8211;vastaava\u00a0\u00a0\u00a0\u00a0\u00a0\u00a0\u00a0\u00a0\u00a0\u00a0\u00a0 Timo Johansson \u00a0Rotarys\u00e4\u00e4ti\u00f6asiamies\u00a0 Orvo Luoma","og_url":"https:\/\/rotary.fi\/meripori\/keita-olemme\/hallitus-ja-toimihenkilot\/","og_site_name":"Meri-Porin Rotaryklubi","article_modified_time":"2025-08-13T17:19:56+00:00","twitter_card":"summary_large_image","twitter_misc":{"Arvioitu lukuaika":"1 minuutti"},"schema":{"@context":"https:\/\/schema.org","@graph":[{"@type":"WebPage","@id":"https:\/\/rotary.fi\/meripori\/keita-olemme\/hallitus-ja-toimihenkilot\/","url":"https:\/\/rotary.fi\/meripori\/keita-olemme\/hallitus-ja-toimihenkilot\/","name":"Hallitus ja toimihenkil\u00f6t - Meri-Porin Rotaryklubi","isPartOf":{"@id":"https:\/\/rotary.fi\/meripori\/#website"},"datePublished":"2018-08-10T10:59:56+00:00","dateModified":"2025-08-13T17:19:56+00:00","breadcrumb":{"@id":"https:\/\/rotary.fi\/meripori\/keita-olemme\/hallitus-ja-toimihenkilot\/#breadcrumb"},"inLanguage":"fi","potentialAction":[{"@type":"ReadAction","target":["https:\/\/rotary.fi\/meripori\/keita-olemme\/hallitus-ja-toimihenkilot\/"]}]},{"@type":"BreadcrumbList","@id":"https:\/\/rotary.fi\/meripori\/keita-olemme\/hallitus-ja-toimihenkilot\/#breadcrumb","itemListElement":[{"@type":"ListItem","position":1,"name":"Home","item":"https:\/\/rotary.fi\/meripori\/"},{"@type":"ListItem","position":2,"name":"Keit\u00e4 olemme","item":"https:\/\/rotary.fi\/meripori\/keita-olemme\/"},{"@type":"ListItem","position":3,"name":"Hallitus ja toimihenkil\u00f6t"}]},{"@type":"WebSite","@id":"https:\/\/rotary.fi\/meripori\/#website","url":"https:\/\/rotary.fi\/meripori\/","name":"Meri-Porin Rotaryklubi","description":"Uusi Rotary klubisivusto","potentialAction":[{"@type":"SearchAction","target":{"@type":"EntryPoint","urlTemplate":"https:\/\/rotary.fi\/meripori\/?s={search_term_string}"},"query-input":{"@type":"PropertyValueSpecification","valueRequired":true,"valueName":"search_term_string"}}],"inLanguage":"fi"}]}},"lang":"fi","translations":{"fi":132,"sv":1569},"pll_sync_post":[],"_links":{"self":[{"href":"https:\/\/rotary.fi\/meripori\/wp-json\/wp\/v2\/pages\/132","targetHints":{"allow":["GET"]}}],"collection":[{"href":"https:\/\/rotary.fi\/meripori\/wp-json\/wp\/v2\/pages"}],"about":[{"href":"https:\/\/rotary.fi\/meripori\/wp-json\/wp\/v2\/types\/page"}],"author":[{"embeddable":true,"href":"https:\/\/rotary.fi\/meripori\/wp-json\/wp\/v2\/users\/1"}],"replies":[{"embeddable":true,"href":"https:\/\/rotary.fi\/meripori\/wp-json\/wp\/v2\/comments?post=132"}],"version-history":[{"count":11,"href":"https:\/\/rotary.fi\/meripori\/wp-json\/wp\/v2\/pages\/132\/revisions"}],"predecessor-version":[{"id":2215,"href":"https:\/\/rotary.fi\/meripori\/wp-json\/wp\/v2\/pages\/132\/revisions\/2215"}],"up":[{"embeddable":true,"href":"https:\/\/rotary.fi\/meripori\/wp-json\/wp\/v2\/pages\/129"}],"wp:attachment":[{"href":"https:\/\/rotary.fi\/meripori\/wp-json\/wp\/v2\/media?parent=132"}],"curies":[{"name":"wp","href":"https:\/\/api.w.org\/{rel}","templated":true}]}}