{"id":129,"date":"2018-08-10T13:41:39","date_gmt":"2018-08-10T10:41:39","guid":{"rendered":"https:\/\/rotary.fi\/klubi2\/?page_id=129"},"modified":"2023-12-04T19:21:40","modified_gmt":"2023-12-04T17:21:40","slug":"keita-olemme","status":"publish","type":"page","link":"https:\/\/rotary.fi\/meripori\/keita-olemme\/","title":{"rendered":"Keit\u00e4 olemme"},"content":{"rendered":"<div class=\"et_pb_column et_pb_column_2_3 et_pb_column_1 et_pb_specialty_column et_pb_css_mix_blend_mode_passthrough\">\n<div class=\"et_pb_row_inner et_pb_row_inner_0\">\n<div class=\"et_pb_column et_pb_column_4_4 et_pb_column_inner et_pb_column_inner_0 et-last-child\">\n<div class=\"et_pb_module et_pb_text et_pb_text_2 et_pb_text_align_left et_pb_bg_layout_light\">\n<div class=\"et_pb_text_inner\">\n<p>Meri-Porin Rotaryklubi on aktiivinen porilainen rotaryklubi. Pyrimme kokoontumaan joka toinen viikko p\u00e4iv\u00e4lliskokoukseen klo 17.00-19.00 Virk\u00edstyshotelli Yyteriin tapaamaan toisiamme, kuulemaan kiinnostavia esitelmi\u00e4 ja edist\u00e4m\u00e4\u00e4n hyv\u00e4\u00e4 omalla paikkakunnallamme. Teemme my\u00f6s yritysvierailuja mahdollisuuksien mukaan erilaisissa kohteissa l\u00e4hiseudulla ja v\u00e4h\u00e4n kauempanakin. Tuemme kansainv\u00e4lisen Rotaryn humanitaarisia projekteja, osallistumme nuorisovaihtoon ja edist\u00e4mme l\u00e4hiseudun hyvinvointia.<\/p>\n<p>Klubissamme on 24 j\u00e4sent\u00e4, joista 18 miehi\u00e4 ja 6 naisia. Olemme osa piiri\u00e4 1410. (<a href=\"http:\/\/www.rotary1410.fi\/\">http:\/\/www.rotary1410.fi\/<\/a>).<\/p>\n<h4>Harrastus, jolla on tarkoitus<\/h4>\n<p>Olemme keskittyneet nuorisovaihdon tukemiseen. J\u00e4rjest\u00e4mme nuoria Rotaryn kansainv\u00e4liseen nuorisovaihtoon\u00a0yhteisty\u00f6ss\u00e4 porilaisten Rotaryklubien\u00a0kanssa. Meid\u00e4n mielest\u00e4mme nuorisovaihto on mit\u00e4 parhainta ruohonjuuritason kansainv\u00e4listymis- ja rauhankasvatusta.<\/p>\n<p>Nostamme my\u00f6s esiin t\u00e4rkeit\u00e4 sosiaalisia kehitt\u00e4mistarpeita.<\/p>\n<p>Pid\u00e4mme arvossa kansainv\u00e4lisen Rotary Internationalin ponnisteluja ja j\u00e4rjest\u00f6n arvokasta ty\u00f6t\u00e4 muun muassa polion h\u00e4vitt\u00e4miseksi maapallolta. Pelk\u00e4st\u00e4\u00e4n t\u00e4h\u00e4n ty\u00f6h\u00f6n Rotary on suunnannut runsaasti vapaaehtoisvoimaa sek\u00e4 yli 1,2 miljardia US-dollaria.<\/p>\n<p>&nbsp;<\/p>\n<h4>Vaikuttava kansainv\u00e4linen verkosto<\/h4>\n<p>Rotary on Chicagossa 23.2.1905 perustettu kansainv\u00e4linen palvelu- ja hyv\u00e4ntekev\u00e4isyysorganisaatio. Rotary Internationalin kotipaikka on Evanston, USA:n osavaltiossa Illinoisissa. Tunnuslauseemme on Palvelu itsekkyyden edelle (Service Above Self).<\/p>\n<p>Rotaryyn kuuluu 1,2 miljoona j\u00e4sent\u00e4 35 000 klubissa yli 200 maassa. Rotary on merkitt\u00e4v\u00e4 kansainv\u00e4linen palvelu- ja hyv\u00e4ntekev\u00e4isyysj\u00e4rjest\u00f6. Suomi on jaettu kuuteen rotarypiiriin, joista yhteen kuuluvat my\u00f6s Viron klubit. Suomessa ja Virossa on yhteens\u00e4 300 klubia, joissa runsaat 10\u00a0000 rotaria.<\/p>\n<\/div>\n<\/div>\n<\/div>\n<\/div>\n<\/div>\n<div class=\"et_pb_column et_pb_column_1_3 et_pb_column_2 sivupalkki et_pb_css_mix_blend_mode_passthrough et_pb_column_single\">\n<div class=\"et_pb_module et_pb_sidebar_0 sivupalkki_sisalto et_pb_widget_area clearfix et_pb_widget_area_left et_pb_bg_layout_light\">\n<div id=\"custom_html-5\" class=\"widget_text et_pb_widget widget_custom_html\">\n<h4 class=\"widgettitle\">Kokoontumistiedot<\/h4>\n<div class=\"textwidget custom-html-widget\">\n<div class=\"kokoontumistiedot_container\">\n<p><b>Paikka:<\/b><br \/>\n<strong>Virkistyshotelli Yyteri<\/strong><br \/>\nSipintie 1, 28840 Pori<br \/>\ninfo@virkistyshotelli.fi<br \/>\np. (02) 628 5300<br \/>\nf. (02) 638 3776<\/p>\n<\/div>\n<\/div>\n<\/div>\n<\/div>\n<\/div>\n","protected":false},"excerpt":{"rendered":"<p>Meri-Porin Rotaryklubi on aktiivinen porilainen rotaryklubi. Pyrimme kokoontumaan joka toinen viikko p\u00e4iv\u00e4lliskokoukseen klo 17.00-19.00 Virk\u00edstyshotelli Yyteriin tapaamaan toisiamme, kuulemaan kiinnostavia esitelmi\u00e4 ja edist\u00e4m\u00e4\u00e4n hyv\u00e4\u00e4 omalla paikkakunnallamme. Teemme my\u00f6s yritysvierailuja mahdollisuuksien mukaan erilaisissa kohteissa l\u00e4hiseudulla ja v\u00e4h\u00e4n kauempanakin. Tuemme kansainv\u00e4lisen Rotaryn humanitaarisia projekteja, osallistumme nuorisovaihtoon ja edist\u00e4mme l\u00e4hiseudun hyvinvointia. Klubissamme on 24 j\u00e4sent\u00e4, joista 18 miehi\u00e4 [&hellip;]<\/p>\n","protected":false},"author":1,"featured_media":0,"parent":0,"menu_order":1,"comment_status":"closed","ping_status":"closed","template":"","meta":{"_acf_changed":false,"_et_pb_use_builder":"off","_et_pb_old_content":"","_et_gb_content_width":"","footnotes":""},"class_list":["post-129","page","type-page","status-publish","hentry"],"acf":[],"yoast_head":"<!-- This site is optimized with the Yoast SEO plugin v27.4 - https:\/\/yoast.com\/product\/yoast-seo-wordpress\/ -->\n<title>Keit\u00e4 olemme - Meri-Porin Rotaryklubi<\/title>\n<meta name=\"robots\" content=\"index, follow, max-snippet:-1, max-image-preview:large, max-video-preview:-1\" \/>\n<link rel=\"canonical\" href=\"https:\/\/rotary.fi\/meripori\/keita-olemme\/\" \/>\n<meta property=\"og:locale\" content=\"fi_FI\" \/>\n<meta property=\"og:type\" content=\"article\" \/>\n<meta property=\"og:title\" content=\"Keit\u00e4 olemme - Meri-Porin Rotaryklubi\" \/>\n<meta property=\"og:description\" content=\"Meri-Porin Rotaryklubi on aktiivinen porilainen rotaryklubi. Pyrimme kokoontumaan joka toinen viikko p\u00e4iv\u00e4lliskokoukseen klo 17.00-19.00 Virk\u00edstyshotelli Yyteriin tapaamaan toisiamme, kuulemaan kiinnostavia esitelmi\u00e4 ja edist\u00e4m\u00e4\u00e4n hyv\u00e4\u00e4 omalla paikkakunnallamme. Teemme my\u00f6s yritysvierailuja mahdollisuuksien mukaan erilaisissa kohteissa l\u00e4hiseudulla ja v\u00e4h\u00e4n kauempanakin. Tuemme kansainv\u00e4lisen Rotaryn humanitaarisia projekteja, osallistumme nuorisovaihtoon ja edist\u00e4mme l\u00e4hiseudun hyvinvointia. Klubissamme on 24 j\u00e4sent\u00e4, joista 18 miehi\u00e4 [&hellip;]\" \/>\n<meta property=\"og:url\" content=\"https:\/\/rotary.fi\/meripori\/keita-olemme\/\" \/>\n<meta property=\"og:site_name\" content=\"Meri-Porin Rotaryklubi\" \/>\n<meta property=\"article:modified_time\" content=\"2023-12-04T17:21:40+00:00\" \/>\n<meta name=\"twitter:card\" content=\"summary_large_image\" \/>\n<meta name=\"twitter:label1\" content=\"Arvioitu lukuaika\" \/>\n\t<meta name=\"twitter:data1\" content=\"2 minuuttia\" \/>\n<script type=\"application\/ld+json\" class=\"yoast-schema-graph\">{\"@context\":\"https:\\\/\\\/schema.org\",\"@graph\":[{\"@type\":\"WebPage\",\"@id\":\"https:\\\/\\\/rotary.fi\\\/meripori\\\/keita-olemme\\\/\",\"url\":\"https:\\\/\\\/rotary.fi\\\/meripori\\\/keita-olemme\\\/\",\"name\":\"Keit\u00e4 olemme - Meri-Porin Rotaryklubi\",\"isPartOf\":{\"@id\":\"https:\\\/\\\/rotary.fi\\\/meripori\\\/#website\"},\"datePublished\":\"2018-08-10T10:41:39+00:00\",\"dateModified\":\"2023-12-04T17:21:40+00:00\",\"breadcrumb\":{\"@id\":\"https:\\\/\\\/rotary.fi\\\/meripori\\\/keita-olemme\\\/#breadcrumb\"},\"inLanguage\":\"fi\",\"potentialAction\":[{\"@type\":\"ReadAction\",\"target\":[\"https:\\\/\\\/rotary.fi\\\/meripori\\\/keita-olemme\\\/\"]}]},{\"@type\":\"BreadcrumbList\",\"@id\":\"https:\\\/\\\/rotary.fi\\\/meripori\\\/keita-olemme\\\/#breadcrumb\",\"itemListElement\":[{\"@type\":\"ListItem\",\"position\":1,\"name\":\"Home\",\"item\":\"https:\\\/\\\/rotary.fi\\\/meripori\\\/\"},{\"@type\":\"ListItem\",\"position\":2,\"name\":\"Keit\u00e4 olemme\"}]},{\"@type\":\"WebSite\",\"@id\":\"https:\\\/\\\/rotary.fi\\\/meripori\\\/#website\",\"url\":\"https:\\\/\\\/rotary.fi\\\/meripori\\\/\",\"name\":\"Meri-Porin Rotaryklubi\",\"description\":\"Uusi Rotary klubisivusto\",\"potentialAction\":[{\"@type\":\"SearchAction\",\"target\":{\"@type\":\"EntryPoint\",\"urlTemplate\":\"https:\\\/\\\/rotary.fi\\\/meripori\\\/?s={search_term_string}\"},\"query-input\":{\"@type\":\"PropertyValueSpecification\",\"valueRequired\":true,\"valueName\":\"search_term_string\"}}],\"inLanguage\":\"fi\"}]}<\/script>\n<!-- \/ Yoast SEO plugin. -->","yoast_head_json":{"title":"Keit\u00e4 olemme - Meri-Porin Rotaryklubi","robots":{"index":"index","follow":"follow","max-snippet":"max-snippet:-1","max-image-preview":"max-image-preview:large","max-video-preview":"max-video-preview:-1"},"canonical":"https:\/\/rotary.fi\/meripori\/keita-olemme\/","og_locale":"fi_FI","og_type":"article","og_title":"Keit\u00e4 olemme - Meri-Porin Rotaryklubi","og_description":"Meri-Porin Rotaryklubi on aktiivinen porilainen rotaryklubi. Pyrimme kokoontumaan joka toinen viikko p\u00e4iv\u00e4lliskokoukseen klo 17.00-19.00 Virk\u00edstyshotelli Yyteriin tapaamaan toisiamme, kuulemaan kiinnostavia esitelmi\u00e4 ja edist\u00e4m\u00e4\u00e4n hyv\u00e4\u00e4 omalla paikkakunnallamme. Teemme my\u00f6s yritysvierailuja mahdollisuuksien mukaan erilaisissa kohteissa l\u00e4hiseudulla ja v\u00e4h\u00e4n kauempanakin. Tuemme kansainv\u00e4lisen Rotaryn humanitaarisia projekteja, osallistumme nuorisovaihtoon ja edist\u00e4mme l\u00e4hiseudun hyvinvointia. Klubissamme on 24 j\u00e4sent\u00e4, joista 18 miehi\u00e4 [&hellip;]","og_url":"https:\/\/rotary.fi\/meripori\/keita-olemme\/","og_site_name":"Meri-Porin Rotaryklubi","article_modified_time":"2023-12-04T17:21:40+00:00","twitter_card":"summary_large_image","twitter_misc":{"Arvioitu lukuaika":"2 minuuttia"},"schema":{"@context":"https:\/\/schema.org","@graph":[{"@type":"WebPage","@id":"https:\/\/rotary.fi\/meripori\/keita-olemme\/","url":"https:\/\/rotary.fi\/meripori\/keita-olemme\/","name":"Keit\u00e4 olemme - Meri-Porin Rotaryklubi","isPartOf":{"@id":"https:\/\/rotary.fi\/meripori\/#website"},"datePublished":"2018-08-10T10:41:39+00:00","dateModified":"2023-12-04T17:21:40+00:00","breadcrumb":{"@id":"https:\/\/rotary.fi\/meripori\/keita-olemme\/#breadcrumb"},"inLanguage":"fi","potentialAction":[{"@type":"ReadAction","target":["https:\/\/rotary.fi\/meripori\/keita-olemme\/"]}]},{"@type":"BreadcrumbList","@id":"https:\/\/rotary.fi\/meripori\/keita-olemme\/#breadcrumb","itemListElement":[{"@type":"ListItem","position":1,"name":"Home","item":"https:\/\/rotary.fi\/meripori\/"},{"@type":"ListItem","position":2,"name":"Keit\u00e4 olemme"}]},{"@type":"WebSite","@id":"https:\/\/rotary.fi\/meripori\/#website","url":"https:\/\/rotary.fi\/meripori\/","name":"Meri-Porin Rotaryklubi","description":"Uusi Rotary klubisivusto","potentialAction":[{"@type":"SearchAction","target":{"@type":"EntryPoint","urlTemplate":"https:\/\/rotary.fi\/meripori\/?s={search_term_string}"},"query-input":{"@type":"PropertyValueSpecification","valueRequired":true,"valueName":"search_term_string"}}],"inLanguage":"fi"}]}},"lang":"fi","translations":{"fi":129,"sv":1565},"pll_sync_post":[],"_links":{"self":[{"href":"https:\/\/rotary.fi\/meripori\/wp-json\/wp\/v2\/pages\/129","targetHints":{"allow":["GET"]}}],"collection":[{"href":"https:\/\/rotary.fi\/meripori\/wp-json\/wp\/v2\/pages"}],"about":[{"href":"https:\/\/rotary.fi\/meripori\/wp-json\/wp\/v2\/types\/page"}],"author":[{"embeddable":true,"href":"https:\/\/rotary.fi\/meripori\/wp-json\/wp\/v2\/users\/1"}],"replies":[{"embeddable":true,"href":"https:\/\/rotary.fi\/meripori\/wp-json\/wp\/v2\/comments?post=129"}],"version-history":[{"count":10,"href":"https:\/\/rotary.fi\/meripori\/wp-json\/wp\/v2\/pages\/129\/revisions"}],"predecessor-version":[{"id":2198,"href":"https:\/\/rotary.fi\/meripori\/wp-json\/wp\/v2\/pages\/129\/revisions\/2198"}],"wp:attachment":[{"href":"https:\/\/rotary.fi\/meripori\/wp-json\/wp\/v2\/media?parent=129"}],"curies":[{"name":"wp","href":"https:\/\/api.w.org\/{rel}","templated":true}]}}