{"id":89,"date":"2018-08-09T15:10:00","date_gmt":"2018-08-09T12:10:00","guid":{"rendered":"https:\/\/rotary.fi\/klubi2\/?page_id=89"},"modified":"2022-11-09T20:27:26","modified_gmt":"2022-11-09T18:27:26","slug":"tule-mukaan","status":"publish","type":"page","link":"https:\/\/rotary.fi\/merioulu\/tule-mukaan\/","title":{"rendered":"Tule mukaan"},"content":{"rendered":"<p>[et_pb_section fb_built=&#8221;1&#8243; module_class=&#8221;jumbotron-page&#8221; _builder_version=&#8221;4.16&#8243; background_image=&#8221;https:\/\/rotary.fi\/wp-content\/uploads\/2018\/04\/paakuva_liity_mukaan.jpg&#8221; global_colors_info=&#8221;{}&#8221;][et_pb_row _builder_version=&#8221;4.16&#8243; background_size=&#8221;initial&#8221; background_position=&#8221;top_left&#8221; background_repeat=&#8221;repeat&#8221; global_colors_info=&#8221;{}&#8221;][et_pb_column type=&#8221;4_4&#8243; _builder_version=&#8221;4.16&#8243; custom_padding=&#8221;|||&#8221; global_colors_info=&#8221;{}&#8221; custom_padding__hover=&#8221;|||&#8221;][et_pb_text admin_label=&#8221;P\u00e4\u00e4otsikko&#8221; _builder_version=&#8221;4.16&#8243; text_orientation=&#8221;center&#8221; background_layout=&#8221;dark&#8221; global_colors_info=&#8221;{}&#8221;]<\/p>\n<h1>Tule mukaan<\/h1>\n<p>[\/et_pb_text][\/et_pb_column][\/et_pb_row][\/et_pb_section][et_pb_section fb_built=&#8221;1&#8243; specialty=&#8221;on&#8221; module_class_2=&#8221;sivupalkki&#8221; _builder_version=&#8221;4.16&#8243; global_colors_info=&#8221;{}&#8221;][et_pb_column type=&#8221;2_3&#8243; specialty_columns=&#8221;2&#8243; _builder_version=&#8221;4.16&#8243; custom_padding=&#8221;|||&#8221; global_colors_info=&#8221;{}&#8221; custom_padding__hover=&#8221;|||&#8221;][et_pb_row_inner admin_label=&#8221;Rivi&#8221; _builder_version=&#8221;4.16&#8243; global_colors_info=&#8221;{}&#8221;][et_pb_column_inner saved_specialty_column_type=&#8221;2_3&#8243; _builder_version=&#8221;4.16&#8243; custom_padding=&#8221;|||&#8221; global_colors_info=&#8221;{}&#8221; custom_padding__hover=&#8221;|||&#8221;][et_pb_text admin_label=&#8221;Otsikko ennen teksti\u00e4 &#8211; Tule mukaan&#8221; _builder_version=&#8221;4.16&#8243; text_orientation=&#8221;center&#8221; global_colors_info=&#8221;{}&#8221;]<\/p>\n<h1>Tule mukaan<\/h1>\n<p>[\/et_pb_text][et_pb_text _builder_version=&#8221;4.19.0&#8243; hover_enabled=&#8221;0&#8243; global_colors_info=&#8221;{}&#8221; sticky_enabled=&#8221;0&#8243;]<\/p>\n<p><span style=\"font-weight: 400\">Kokoonnumme viikkokokoukseen maanantaisin klo 16.30 \u2013 18.00 Kahvila Leipomokaupassa, Myllytie 2, Oulu. Useimpiin kokouksiimme voi osallistua my\u00f6s et\u00e4yhteydell\u00e4. Lokakuussa j\u00e4rjest\u00e4mme End Polio Now \u2013ker\u00e4ystapahtuman kaupungilla. Klubimme perinteisiin kuuluvat mukavat illanistujaiset, joihin my\u00f6s yst\u00e4v\u00e4t ja avecit ovat tervetulleita, esim. kev\u00e4ttalven Kaamoksen kaatajaiset.<\/span><\/p>\n<p><span style=\"font-weight: 400\">Etsimme aktiivisesti mahdollisuuksia olla hy\u00f6dyksi apua tarvitseville omalla paikkakunnallamme. Klubimme j\u00e4senet ottavat aktiivisesti osaa my\u00f6s rotarypiirimme sek\u00e4 maailmanlaajuisen rotaryj\u00e4rjest\u00f6n hankkeisiin ja tapahtumiin.<\/span><\/p>\n<p><span style=\"font-weight: 400\">Tervetuloa mukaan kokouksiimme ja muuhun toimintaamme. Ota yhteytt\u00e4 klubin presidenttiin sopivan ajankohdan l\u00f6yt\u00e4miseksi. Odotamme tapaavamme sinut pian!<\/span><\/p>\n<p>[\/et_pb_text][\/et_pb_column_inner][\/et_pb_row_inner][et_pb_row_inner admin_label=&#8221;Rivi&#8221; _builder_version=&#8221;4.16&#8243; locked=&#8221;on&#8221; global_colors_info=&#8221;{}&#8221;][et_pb_column_inner saved_specialty_column_type=&#8221;2_3&#8243; _builder_version=&#8221;4.16&#8243; custom_padding=&#8221;|||&#8221; global_colors_info=&#8221;{}&#8221; custom_padding__hover=&#8221;|||&#8221;][et_pb_text admin_label=&#8221;Otsikko ennen teksti\u00e4 &#8211; Ota yhteytt\u00e4&#8221; _builder_version=&#8221;4.16&#8243; text_orientation=&#8221;center&#8221; global_colors_info=&#8221;{}&#8221;]<\/p>\n<h1>Ota yhteytt\u00e4<\/h1>\n<p>[\/et_pb_text][et_pb_text _builder_version=&#8221;4.16&#8243; global_colors_info=&#8221;{}&#8221;]<\/p>\n<p>\nHaluatko mukaan rotarytoimintaan? Yhteydenottolomakkeella voit olla suoraan yhteydess\u00e4 klubiin.<\/p>\n<p>[\/et_pb_text][et_pb_contact_form email=&#8221;teuvo.karppinen@gmail.com&#8221; custom_message=&#8221;Viesti:||et_pb_line_break_holder||%%message%%||et_pb_line_break_holder||||et_pb_line_break_holder||Kenelt\u00e4:||et_pb_line_break_holder||%%name%%||et_pb_line_break_holder||%%email%%&#8221; success_message=&#8221;Viestisi on l\u00e4hetetty. Kiitos yhteydenotostasi!&#8221; _builder_version=&#8221;4.16&#8243; _unique_id=&#8221;1f55b240-2b9d-41be-8393-e23faa90d97b&#8221; global_colors_info=&#8221;{}&#8221;][et_pb_contact_field field_id=&#8221;Name&#8221; field_title=&#8221;Nimi&#8221; _builder_version=&#8221;4.16&#8243; global_colors_info=&#8221;{}&#8221; button_text_size__hover_enabled=&#8221;off&#8221; button_one_text_size__hover_enabled=&#8221;off&#8221; button_two_text_size__hover_enabled=&#8221;off&#8221; button_text_color__hover_enabled=&#8221;off&#8221; button_one_text_color__hover_enabled=&#8221;off&#8221; button_two_text_color__hover_enabled=&#8221;off&#8221; button_border_width__hover_enabled=&#8221;off&#8221; button_one_border_width__hover_enabled=&#8221;off&#8221; button_two_border_width__hover_enabled=&#8221;off&#8221; button_border_color__hover_enabled=&#8221;off&#8221; button_one_border_color__hover_enabled=&#8221;off&#8221; button_two_border_color__hover_enabled=&#8221;off&#8221; button_border_radius__hover_enabled=&#8221;off&#8221; button_one_border_radius__hover_enabled=&#8221;off&#8221; button_two_border_radius__hover_enabled=&#8221;off&#8221; button_letter_spacing__hover_enabled=&#8221;off&#8221; button_one_letter_spacing__hover_enabled=&#8221;off&#8221; button_two_letter_spacing__hover_enabled=&#8221;off&#8221; button_bg_color__hover_enabled=&#8221;off&#8221; button_one_bg_color__hover_enabled=&#8221;off&#8221; button_two_bg_color__hover_enabled=&#8221;off&#8221;][\/et_pb_contact_field][et_pb_contact_field field_id=&#8221;Email&#8221; field_title=&#8221;S\u00e4hk\u00f6postiosoite&#8221; field_type=&#8221;email&#8221; _builder_version=&#8221;4.16&#8243; global_colors_info=&#8221;{}&#8221; button_text_size__hover_enabled=&#8221;off&#8221; button_one_text_size__hover_enabled=&#8221;off&#8221; button_two_text_size__hover_enabled=&#8221;off&#8221; button_text_color__hover_enabled=&#8221;off&#8221; button_one_text_color__hover_enabled=&#8221;off&#8221; button_two_text_color__hover_enabled=&#8221;off&#8221; button_border_width__hover_enabled=&#8221;off&#8221; button_one_border_width__hover_enabled=&#8221;off&#8221; button_two_border_width__hover_enabled=&#8221;off&#8221; button_border_color__hover_enabled=&#8221;off&#8221; button_one_border_color__hover_enabled=&#8221;off&#8221; button_two_border_color__hover_enabled=&#8221;off&#8221; button_border_radius__hover_enabled=&#8221;off&#8221; button_one_border_radius__hover_enabled=&#8221;off&#8221; button_two_border_radius__hover_enabled=&#8221;off&#8221; button_letter_spacing__hover_enabled=&#8221;off&#8221; button_one_letter_spacing__hover_enabled=&#8221;off&#8221; button_two_letter_spacing__hover_enabled=&#8221;off&#8221; button_bg_color__hover_enabled=&#8221;off&#8221; button_one_bg_color__hover_enabled=&#8221;off&#8221; button_two_bg_color__hover_enabled=&#8221;off&#8221;][\/et_pb_contact_field][et_pb_contact_field field_id=&#8221;Message&#8221; field_title=&#8221;S\u00e4hk\u00f6postiviesti&#8221; field_type=&#8221;text&#8221; fullwidth_field=&#8221;on&#8221; _builder_version=&#8221;4.16&#8243; global_colors_info=&#8221;{}&#8221; button_text_size__hover_enabled=&#8221;off&#8221; button_one_text_size__hover_enabled=&#8221;off&#8221; button_two_text_size__hover_enabled=&#8221;off&#8221; button_text_color__hover_enabled=&#8221;off&#8221; button_one_text_color__hover_enabled=&#8221;off&#8221; button_two_text_color__hover_enabled=&#8221;off&#8221; button_border_width__hover_enabled=&#8221;off&#8221; button_one_border_width__hover_enabled=&#8221;off&#8221; button_two_border_width__hover_enabled=&#8221;off&#8221; button_border_color__hover_enabled=&#8221;off&#8221; button_one_border_color__hover_enabled=&#8221;off&#8221; button_two_border_color__hover_enabled=&#8221;off&#8221; button_border_radius__hover_enabled=&#8221;off&#8221; button_one_border_radius__hover_enabled=&#8221;off&#8221; button_two_border_radius__hover_enabled=&#8221;off&#8221; button_letter_spacing__hover_enabled=&#8221;off&#8221; button_one_letter_spacing__hover_enabled=&#8221;off&#8221; button_two_letter_spacing__hover_enabled=&#8221;off&#8221; button_bg_color__hover_enabled=&#8221;off&#8221; button_one_bg_color__hover_enabled=&#8221;off&#8221; button_two_bg_color__hover_enabled=&#8221;off&#8221;][\/et_pb_contact_field][\/et_pb_contact_form][\/et_pb_column_inner][\/et_pb_row_inner][\/et_pb_column][et_pb_column type=&#8221;1_3&#8243; _builder_version=&#8221;4.16&#8243; custom_padding=&#8221;|||&#8221; global_colors_info=&#8221;{}&#8221; custom_padding__hover=&#8221;|||&#8221;][et_pb_sidebar area=&#8221;sidebar-1&#8243; module_class=&#8221;sivupalkki_sisalto&#8221; _builder_version=&#8221;4.16&#8243; locked=&#8221;on&#8221; global_colors_info=&#8221;{}&#8221;][\/et_pb_sidebar][\/et_pb_column][\/et_pb_section]<\/p>\n","protected":false},"excerpt":{"rendered":"<p>Tule mukaan Tule mukaan Kokoonnumme viikkokokoukseen maanantaisin klo 16.30 \u2013 18.00 Kahvila Leipomokaupassa, Myllytie 2, Oulu. Useimpiin kokouksiimme voi osallistua my\u00f6s et\u00e4yhteydell\u00e4. Lokakuussa j\u00e4rjest\u00e4mme End Polio Now \u2013ker\u00e4ystapahtuman kaupungilla. Klubimme perinteisiin kuuluvat mukavat illanistujaiset, joihin my\u00f6s yst\u00e4v\u00e4t ja avecit ovat tervetulleita, esim. kev\u00e4ttalven Kaamoksen kaatajaiset. Etsimme aktiivisesti mahdollisuuksia olla hy\u00f6dyksi apua tarvitseville omalla paikkakunnallamme. Klubimme [&hellip;]<\/p>\n","protected":false},"author":1,"featured_media":0,"parent":0,"menu_order":0,"comment_status":"closed","ping_status":"closed","template":"","meta":{"_acf_changed":false,"_et_pb_use_builder":"on","_et_pb_old_content":"","_et_gb_content_width":"","footnotes":""},"class_list":["post-89","page","type-page","status-publish","hentry"],"acf":[],"yoast_head":"<!-- This site is optimized with the Yoast SEO plugin v27.0 - https:\/\/yoast.com\/product\/yoast-seo-wordpress\/ -->\n<title>Tule mukaan - Meri-Oulun Rotaryklubi<\/title>\n<meta name=\"robots\" content=\"index, follow, max-snippet:-1, max-image-preview:large, max-video-preview:-1\" \/>\n<link rel=\"canonical\" href=\"https:\/\/rotary.fi\/merioulu\/tule-mukaan\/\" \/>\n<meta property=\"og:locale\" content=\"fi_FI\" \/>\n<meta property=\"og:type\" content=\"article\" \/>\n<meta property=\"og:title\" content=\"Tule mukaan - Meri-Oulun Rotaryklubi\" \/>\n<meta property=\"og:description\" content=\"Tule mukaan Tule mukaan Kokoonnumme viikkokokoukseen maanantaisin klo 16.30 \u2013 18.00 Kahvila Leipomokaupassa, Myllytie 2, Oulu. Useimpiin kokouksiimme voi osallistua my\u00f6s et\u00e4yhteydell\u00e4. Lokakuussa j\u00e4rjest\u00e4mme End Polio Now \u2013ker\u00e4ystapahtuman kaupungilla. Klubimme perinteisiin kuuluvat mukavat illanistujaiset, joihin my\u00f6s yst\u00e4v\u00e4t ja avecit ovat tervetulleita, esim. kev\u00e4ttalven Kaamoksen kaatajaiset. Etsimme aktiivisesti mahdollisuuksia olla hy\u00f6dyksi apua tarvitseville omalla paikkakunnallamme. Klubimme [&hellip;]\" \/>\n<meta property=\"og:url\" content=\"https:\/\/rotary.fi\/merioulu\/tule-mukaan\/\" \/>\n<meta property=\"og:site_name\" content=\"Meri-Oulun Rotaryklubi\" \/>\n<meta property=\"article:modified_time\" content=\"2022-11-09T18:27:26+00:00\" \/>\n<meta name=\"twitter:card\" content=\"summary_large_image\" \/>\n<meta name=\"twitter:label1\" content=\"Arvioitu lukuaika\" \/>\n\t<meta name=\"twitter:data1\" content=\"5 minuuttia\" \/>\n<script type=\"application\/ld+json\" class=\"yoast-schema-graph\">{\"@context\":\"https:\/\/schema.org\",\"@graph\":[{\"@type\":\"WebPage\",\"@id\":\"https:\/\/rotary.fi\/merioulu\/tule-mukaan\/\",\"url\":\"https:\/\/rotary.fi\/merioulu\/tule-mukaan\/\",\"name\":\"Tule mukaan - Meri-Oulun Rotaryklubi\",\"isPartOf\":{\"@id\":\"https:\/\/rotary.fi\/merioulu\/#website\"},\"datePublished\":\"2018-08-09T12:10:00+00:00\",\"dateModified\":\"2022-11-09T18:27:26+00:00\",\"breadcrumb\":{\"@id\":\"https:\/\/rotary.fi\/merioulu\/tule-mukaan\/#breadcrumb\"},\"inLanguage\":\"fi\",\"potentialAction\":[{\"@type\":\"ReadAction\",\"target\":[\"https:\/\/rotary.fi\/merioulu\/tule-mukaan\/\"]}]},{\"@type\":\"BreadcrumbList\",\"@id\":\"https:\/\/rotary.fi\/merioulu\/tule-mukaan\/#breadcrumb\",\"itemListElement\":[{\"@type\":\"ListItem\",\"position\":1,\"name\":\"Home\",\"item\":\"https:\/\/rotary.fi\/merioulu\/\"},{\"@type\":\"ListItem\",\"position\":2,\"name\":\"Tule mukaan\"}]},{\"@type\":\"WebSite\",\"@id\":\"https:\/\/rotary.fi\/merioulu\/#website\",\"url\":\"https:\/\/rotary.fi\/merioulu\/\",\"name\":\"Meri-Oulun Rotaryklubi\",\"description\":\"Uusi Rotary klubisivusto\",\"potentialAction\":[{\"@type\":\"SearchAction\",\"target\":{\"@type\":\"EntryPoint\",\"urlTemplate\":\"https:\/\/rotary.fi\/merioulu\/?s={search_term_string}\"},\"query-input\":{\"@type\":\"PropertyValueSpecification\",\"valueRequired\":true,\"valueName\":\"search_term_string\"}}],\"inLanguage\":\"fi\"}]}<\/script>\n<!-- \/ Yoast SEO plugin. -->","yoast_head_json":{"title":"Tule mukaan - Meri-Oulun Rotaryklubi","robots":{"index":"index","follow":"follow","max-snippet":"max-snippet:-1","max-image-preview":"max-image-preview:large","max-video-preview":"max-video-preview:-1"},"canonical":"https:\/\/rotary.fi\/merioulu\/tule-mukaan\/","og_locale":"fi_FI","og_type":"article","og_title":"Tule mukaan - Meri-Oulun Rotaryklubi","og_description":"Tule mukaan Tule mukaan Kokoonnumme viikkokokoukseen maanantaisin klo 16.30 \u2013 18.00 Kahvila Leipomokaupassa, Myllytie 2, Oulu. Useimpiin kokouksiimme voi osallistua my\u00f6s et\u00e4yhteydell\u00e4. Lokakuussa j\u00e4rjest\u00e4mme End Polio Now \u2013ker\u00e4ystapahtuman kaupungilla. Klubimme perinteisiin kuuluvat mukavat illanistujaiset, joihin my\u00f6s yst\u00e4v\u00e4t ja avecit ovat tervetulleita, esim. kev\u00e4ttalven Kaamoksen kaatajaiset. Etsimme aktiivisesti mahdollisuuksia olla hy\u00f6dyksi apua tarvitseville omalla paikkakunnallamme. Klubimme [&hellip;]","og_url":"https:\/\/rotary.fi\/merioulu\/tule-mukaan\/","og_site_name":"Meri-Oulun Rotaryklubi","article_modified_time":"2022-11-09T18:27:26+00:00","twitter_card":"summary_large_image","twitter_misc":{"Arvioitu lukuaika":"5 minuuttia"},"schema":{"@context":"https:\/\/schema.org","@graph":[{"@type":"WebPage","@id":"https:\/\/rotary.fi\/merioulu\/tule-mukaan\/","url":"https:\/\/rotary.fi\/merioulu\/tule-mukaan\/","name":"Tule mukaan - Meri-Oulun Rotaryklubi","isPartOf":{"@id":"https:\/\/rotary.fi\/merioulu\/#website"},"datePublished":"2018-08-09T12:10:00+00:00","dateModified":"2022-11-09T18:27:26+00:00","breadcrumb":{"@id":"https:\/\/rotary.fi\/merioulu\/tule-mukaan\/#breadcrumb"},"inLanguage":"fi","potentialAction":[{"@type":"ReadAction","target":["https:\/\/rotary.fi\/merioulu\/tule-mukaan\/"]}]},{"@type":"BreadcrumbList","@id":"https:\/\/rotary.fi\/merioulu\/tule-mukaan\/#breadcrumb","itemListElement":[{"@type":"ListItem","position":1,"name":"Home","item":"https:\/\/rotary.fi\/merioulu\/"},{"@type":"ListItem","position":2,"name":"Tule mukaan"}]},{"@type":"WebSite","@id":"https:\/\/rotary.fi\/merioulu\/#website","url":"https:\/\/rotary.fi\/merioulu\/","name":"Meri-Oulun Rotaryklubi","description":"Uusi Rotary klubisivusto","potentialAction":[{"@type":"SearchAction","target":{"@type":"EntryPoint","urlTemplate":"https:\/\/rotary.fi\/merioulu\/?s={search_term_string}"},"query-input":{"@type":"PropertyValueSpecification","valueRequired":true,"valueName":"search_term_string"}}],"inLanguage":"fi"}]}},"lang":"fi","translations":{"fi":89,"en":1473},"pll_sync_post":[],"_links":{"self":[{"href":"https:\/\/rotary.fi\/merioulu\/wp-json\/wp\/v2\/pages\/89","targetHints":{"allow":["GET"]}}],"collection":[{"href":"https:\/\/rotary.fi\/merioulu\/wp-json\/wp\/v2\/pages"}],"about":[{"href":"https:\/\/rotary.fi\/merioulu\/wp-json\/wp\/v2\/types\/page"}],"author":[{"embeddable":true,"href":"https:\/\/rotary.fi\/merioulu\/wp-json\/wp\/v2\/users\/1"}],"replies":[{"embeddable":true,"href":"https:\/\/rotary.fi\/merioulu\/wp-json\/wp\/v2\/comments?post=89"}],"version-history":[{"count":10,"href":"https:\/\/rotary.fi\/merioulu\/wp-json\/wp\/v2\/pages\/89\/revisions"}],"predecessor-version":[{"id":1967,"href":"https:\/\/rotary.fi\/merioulu\/wp-json\/wp\/v2\/pages\/89\/revisions\/1967"}],"wp:attachment":[{"href":"https:\/\/rotary.fi\/merioulu\/wp-json\/wp\/v2\/media?parent=89"}],"curies":[{"name":"wp","href":"https:\/\/api.w.org\/{rel}","templated":true}]}}