{"id":2092,"date":"2023-11-29T12:26:04","date_gmt":"2023-11-29T10:26:04","guid":{"rendered":"https:\/\/rotary.fi\/merioulu\/?page_id=2092"},"modified":"2023-11-29T12:26:08","modified_gmt":"2023-11-29T10:26:08","slug":"viininmaisteluiltamme","status":"publish","type":"page","link":"https:\/\/rotary.fi\/merioulu\/viininmaisteluiltamme\/","title":{"rendered":"Viininmaisteluiltamme"},"content":{"rendered":"<p>[et_pb_section fb_built=&#8221;1&#8243; theme_builder_area=&#8221;post_content&#8221; _builder_version=&#8221;4.22.1&#8243; _module_preset=&#8221;default&#8221;][et_pb_row _builder_version=&#8221;4.22.1&#8243; _module_preset=&#8221;default&#8221; theme_builder_area=&#8221;post_content&#8221;][et_pb_column _builder_version=&#8221;4.22.1&#8243; _module_preset=&#8221;default&#8221; type=&#8221;4_4&#8243; theme_builder_area=&#8221;post_content&#8221;][et_pb_heading _builder_version=&#8221;4.22.1&#8243; _module_preset=&#8221;default&#8221; theme_builder_area=&#8221;post_content&#8221; title=&#8221;Viininmaisteluiltamme&#8221; hover_enabled=&#8221;0&#8243; sticky_enabled=&#8221;0&#8243;][\/et_pb_heading][\/et_pb_column][\/et_pb_row][et_pb_row _builder_version=&#8221;4.22.1&#8243; _module_preset=&#8221;default&#8221; theme_builder_area=&#8221;post_content&#8221;][et_pb_column _builder_version=&#8221;4.22.1&#8243; _module_preset=&#8221;default&#8221; type=&#8221;4_4&#8243; theme_builder_area=&#8221;post_content&#8221;][et_pb_text _builder_version=&#8221;4.22.1&#8243; _module_preset=&#8221;default&#8221; theme_builder_area=&#8221;post_content&#8221; hover_enabled=&#8221;0&#8243; sticky_enabled=&#8221;0&#8243;]<\/p>\n<p>Viimeisin\u00e4 vuosina olemme pit\u00e4neet viininmaisteluiltoja tyypillisesti yst\u00e4v\u00e4np\u00e4iv\u00e4n tienoilla helmikuussa. Illan teemana voi olla tietyn tyyppiset viinit, joita maistelemme yhdess\u00e4 erilaisten pienten purtavien kanssa l\u00f6yt\u00e4\u00e4ksemme maistuvia makupareja.<\/p>\n<p>N\u00e4m\u00e4 illat ovat olleet hieno tapa tutustua toisiimme astetta paremmin ja samalla olemme voineet ker\u00e4t\u00e4 varoja omiin palveluprojekteihimme tai avustaa jotain ajankohtaista muuta hanketta.<\/p>\n<p>&nbsp;<\/p>\n<p>[\/et_pb_text][\/et_pb_column][\/et_pb_row][et_pb_row _builder_version=&#8221;4.22.1&#8243; _module_preset=&#8221;default&#8221; column_structure=&#8221;1_4,1_4,1_4,1_4&#8243; theme_builder_area=&#8221;post_content&#8221;][et_pb_column _builder_version=&#8221;4.22.1&#8243; _module_preset=&#8221;default&#8221; type=&#8221;1_4&#8243; theme_builder_area=&#8221;post_content&#8221;][et_pb_image _builder_version=&#8221;4.22.1&#8243; _module_preset=&#8221;default&#8221; theme_builder_area=&#8221;post_content&#8221; title_text=&#8221;IMG_20230224_183724&#8243; src=&#8221;https:\/\/rotary.fi\/merioulu\/wp-content\/uploads\/sites\/218\/2023\/11\/img-20230224-183724.jpg&#8221; hover_enabled=&#8221;0&#8243; sticky_enabled=&#8221;0&#8243;][\/et_pb_image][\/et_pb_column][et_pb_column _builder_version=&#8221;4.22.1&#8243; _module_preset=&#8221;default&#8221; type=&#8221;1_4&#8243; theme_builder_area=&#8221;post_content&#8221;][et_pb_image _builder_version=&#8221;4.22.1&#8243; _module_preset=&#8221;default&#8221; theme_builder_area=&#8221;post_content&#8221; title_text=&#8221;Pruuvi 2023&#8243; src=&#8221;https:\/\/rotary.fi\/merioulu\/wp-content\/uploads\/sites\/218\/2023\/11\/pruuvi-2023.jpg&#8221; hover_enabled=&#8221;0&#8243; sticky_enabled=&#8221;0&#8243;][\/et_pb_image][\/et_pb_column][et_pb_column _builder_version=&#8221;4.22.1&#8243; _module_preset=&#8221;default&#8221; type=&#8221;1_4&#8243; theme_builder_area=&#8221;post_content&#8221;][et_pb_image _builder_version=&#8221;4.22.1&#8243; _module_preset=&#8221;default&#8221; theme_builder_area=&#8221;post_content&#8221; title_text=&#8221;IMG_20230224_181645&#8243; src=&#8221;https:\/\/rotary.fi\/merioulu\/wp-content\/uploads\/sites\/218\/2023\/11\/img-20230224-181645.jpg&#8221; hover_enabled=&#8221;0&#8243; sticky_enabled=&#8221;0&#8243;][\/et_pb_image][\/et_pb_column][et_pb_column _builder_version=&#8221;4.22.1&#8243; _module_preset=&#8221;default&#8221; type=&#8221;1_4&#8243; theme_builder_area=&#8221;post_content&#8221;][et_pb_image _builder_version=&#8221;4.22.1&#8243; _module_preset=&#8221;default&#8221; theme_builder_area=&#8221;post_content&#8221; title_text=&#8221;IMG_20230224_200453&#8243; src=&#8221;https:\/\/rotary.fi\/merioulu\/wp-content\/uploads\/sites\/218\/2023\/11\/img-20230224-200453.jpg&#8221; hover_enabled=&#8221;0&#8243; sticky_enabled=&#8221;0&#8243;][\/et_pb_image][\/et_pb_column][\/et_pb_row][\/et_pb_section]<\/p>\n","protected":false},"excerpt":{"rendered":"<p>Viimeisin\u00e4 vuosina olemme pit\u00e4neet viininmaisteluiltoja tyypillisesti yst\u00e4v\u00e4np\u00e4iv\u00e4n tienoilla helmikuussa. Illan teemana voi olla tietyn tyyppiset viinit, joita maistelemme yhdess\u00e4 erilaisten pienten purtavien kanssa l\u00f6yt\u00e4\u00e4ksemme maistuvia makupareja. N\u00e4m\u00e4 illat ovat olleet hieno tapa tutustua toisiimme astetta paremmin ja samalla olemme voineet ker\u00e4t\u00e4 varoja omiin palveluprojekteihimme tai avustaa jotain ajankohtaista muuta hanketta. &nbsp;<\/p>\n","protected":false},"author":605,"featured_media":0,"parent":0,"menu_order":0,"comment_status":"closed","ping_status":"closed","template":"","meta":{"_acf_changed":false,"_et_pb_use_builder":"on","_et_pb_old_content":"","_et_gb_content_width":"","footnotes":""},"class_list":["post-2092","page","type-page","status-publish","hentry"],"acf":[],"yoast_head":"<!-- This site is optimized with the Yoast SEO plugin v27.0 - https:\/\/yoast.com\/product\/yoast-seo-wordpress\/ -->\n<title>Viininmaisteluiltamme - Meri-Oulun Rotaryklubi<\/title>\n<meta name=\"description\" content=\"viininmaisteluiltamme ovat olleet hyv\u00e4 tapa tutustua toisiimme ja ker\u00e4t\u00e4 samalla varoja hyv\u00e4ntekev\u00e4isyyteen\" \/>\n<meta name=\"robots\" content=\"index, follow, max-snippet:-1, max-image-preview:large, max-video-preview:-1\" \/>\n<link rel=\"canonical\" href=\"https:\/\/rotary.fi\/merioulu\/viininmaisteluiltamme\/\" \/>\n<meta property=\"og:locale\" content=\"fi_FI\" \/>\n<meta property=\"og:type\" content=\"article\" \/>\n<meta property=\"og:title\" content=\"Viininmaisteluiltamme - Meri-Oulun Rotaryklubi\" \/>\n<meta property=\"og:description\" content=\"viininmaisteluiltamme ovat olleet hyv\u00e4 tapa tutustua toisiimme ja ker\u00e4t\u00e4 samalla varoja hyv\u00e4ntekev\u00e4isyyteen\" \/>\n<meta property=\"og:url\" content=\"https:\/\/rotary.fi\/merioulu\/viininmaisteluiltamme\/\" \/>\n<meta property=\"og:site_name\" content=\"Meri-Oulun Rotaryklubi\" \/>\n<meta property=\"article:modified_time\" content=\"2023-11-29T10:26:08+00:00\" \/>\n<meta name=\"twitter:card\" content=\"summary_large_image\" \/>\n<script type=\"application\/ld+json\" class=\"yoast-schema-graph\">{\"@context\":\"https:\/\/schema.org\",\"@graph\":[{\"@type\":\"WebPage\",\"@id\":\"https:\/\/rotary.fi\/merioulu\/viininmaisteluiltamme\/\",\"url\":\"https:\/\/rotary.fi\/merioulu\/viininmaisteluiltamme\/\",\"name\":\"Viininmaisteluiltamme - Meri-Oulun Rotaryklubi\",\"isPartOf\":{\"@id\":\"https:\/\/rotary.fi\/merioulu\/#website\"},\"datePublished\":\"2023-11-29T10:26:04+00:00\",\"dateModified\":\"2023-11-29T10:26:08+00:00\",\"description\":\"viininmaisteluiltamme ovat olleet hyv\u00e4 tapa tutustua toisiimme ja ker\u00e4t\u00e4 samalla varoja hyv\u00e4ntekev\u00e4isyyteen\",\"breadcrumb\":{\"@id\":\"https:\/\/rotary.fi\/merioulu\/viininmaisteluiltamme\/#breadcrumb\"},\"inLanguage\":\"fi\",\"potentialAction\":[{\"@type\":\"ReadAction\",\"target\":[\"https:\/\/rotary.fi\/merioulu\/viininmaisteluiltamme\/\"]}]},{\"@type\":\"BreadcrumbList\",\"@id\":\"https:\/\/rotary.fi\/merioulu\/viininmaisteluiltamme\/#breadcrumb\",\"itemListElement\":[{\"@type\":\"ListItem\",\"position\":1,\"name\":\"Home\",\"item\":\"https:\/\/rotary.fi\/merioulu\/\"},{\"@type\":\"ListItem\",\"position\":2,\"name\":\"Viininmaisteluiltamme\"}]},{\"@type\":\"WebSite\",\"@id\":\"https:\/\/rotary.fi\/merioulu\/#website\",\"url\":\"https:\/\/rotary.fi\/merioulu\/\",\"name\":\"Meri-Oulun Rotaryklubi\",\"description\":\"Uusi Rotary klubisivusto\",\"potentialAction\":[{\"@type\":\"SearchAction\",\"target\":{\"@type\":\"EntryPoint\",\"urlTemplate\":\"https:\/\/rotary.fi\/merioulu\/?s={search_term_string}\"},\"query-input\":{\"@type\":\"PropertyValueSpecification\",\"valueRequired\":true,\"valueName\":\"search_term_string\"}}],\"inLanguage\":\"fi\"}]}<\/script>\n<!-- \/ Yoast SEO plugin. -->","yoast_head_json":{"title":"Viininmaisteluiltamme - Meri-Oulun Rotaryklubi","description":"viininmaisteluiltamme ovat olleet hyv\u00e4 tapa tutustua toisiimme ja ker\u00e4t\u00e4 samalla varoja hyv\u00e4ntekev\u00e4isyyteen","robots":{"index":"index","follow":"follow","max-snippet":"max-snippet:-1","max-image-preview":"max-image-preview:large","max-video-preview":"max-video-preview:-1"},"canonical":"https:\/\/rotary.fi\/merioulu\/viininmaisteluiltamme\/","og_locale":"fi_FI","og_type":"article","og_title":"Viininmaisteluiltamme - Meri-Oulun Rotaryklubi","og_description":"viininmaisteluiltamme ovat olleet hyv\u00e4 tapa tutustua toisiimme ja ker\u00e4t\u00e4 samalla varoja hyv\u00e4ntekev\u00e4isyyteen","og_url":"https:\/\/rotary.fi\/merioulu\/viininmaisteluiltamme\/","og_site_name":"Meri-Oulun Rotaryklubi","article_modified_time":"2023-11-29T10:26:08+00:00","twitter_card":"summary_large_image","schema":{"@context":"https:\/\/schema.org","@graph":[{"@type":"WebPage","@id":"https:\/\/rotary.fi\/merioulu\/viininmaisteluiltamme\/","url":"https:\/\/rotary.fi\/merioulu\/viininmaisteluiltamme\/","name":"Viininmaisteluiltamme - Meri-Oulun Rotaryklubi","isPartOf":{"@id":"https:\/\/rotary.fi\/merioulu\/#website"},"datePublished":"2023-11-29T10:26:04+00:00","dateModified":"2023-11-29T10:26:08+00:00","description":"viininmaisteluiltamme ovat olleet hyv\u00e4 tapa tutustua toisiimme ja ker\u00e4t\u00e4 samalla varoja hyv\u00e4ntekev\u00e4isyyteen","breadcrumb":{"@id":"https:\/\/rotary.fi\/merioulu\/viininmaisteluiltamme\/#breadcrumb"},"inLanguage":"fi","potentialAction":[{"@type":"ReadAction","target":["https:\/\/rotary.fi\/merioulu\/viininmaisteluiltamme\/"]}]},{"@type":"BreadcrumbList","@id":"https:\/\/rotary.fi\/merioulu\/viininmaisteluiltamme\/#breadcrumb","itemListElement":[{"@type":"ListItem","position":1,"name":"Home","item":"https:\/\/rotary.fi\/merioulu\/"},{"@type":"ListItem","position":2,"name":"Viininmaisteluiltamme"}]},{"@type":"WebSite","@id":"https:\/\/rotary.fi\/merioulu\/#website","url":"https:\/\/rotary.fi\/merioulu\/","name":"Meri-Oulun Rotaryklubi","description":"Uusi Rotary klubisivusto","potentialAction":[{"@type":"SearchAction","target":{"@type":"EntryPoint","urlTemplate":"https:\/\/rotary.fi\/merioulu\/?s={search_term_string}"},"query-input":{"@type":"PropertyValueSpecification","valueRequired":true,"valueName":"search_term_string"}}],"inLanguage":"fi"}]}},"lang":"fi","translations":{"fi":2092},"pll_sync_post":[],"_links":{"self":[{"href":"https:\/\/rotary.fi\/merioulu\/wp-json\/wp\/v2\/pages\/2092","targetHints":{"allow":["GET"]}}],"collection":[{"href":"https:\/\/rotary.fi\/merioulu\/wp-json\/wp\/v2\/pages"}],"about":[{"href":"https:\/\/rotary.fi\/merioulu\/wp-json\/wp\/v2\/types\/page"}],"author":[{"embeddable":true,"href":"https:\/\/rotary.fi\/merioulu\/wp-json\/wp\/v2\/users\/605"}],"replies":[{"embeddable":true,"href":"https:\/\/rotary.fi\/merioulu\/wp-json\/wp\/v2\/comments?post=2092"}],"version-history":[{"count":2,"href":"https:\/\/rotary.fi\/merioulu\/wp-json\/wp\/v2\/pages\/2092\/revisions"}],"predecessor-version":[{"id":2095,"href":"https:\/\/rotary.fi\/merioulu\/wp-json\/wp\/v2\/pages\/2092\/revisions\/2095"}],"wp:attachment":[{"href":"https:\/\/rotary.fi\/merioulu\/wp-json\/wp\/v2\/media?parent=2092"}],"curies":[{"name":"wp","href":"https:\/\/api.w.org\/{rel}","templated":true}]}}