{"id":1890,"date":"2021-11-06T12:28:40","date_gmt":"2021-11-06T10:28:40","guid":{"rendered":"https:\/\/rotary.fi\/merioulu\/?page_id=1890"},"modified":"2023-11-29T12:20:02","modified_gmt":"2023-11-29T10:20:02","slug":"palveluprojektimme","status":"publish","type":"page","link":"https:\/\/rotary.fi\/merioulu\/palveluprojektimme\/","title":{"rendered":"Palveluprojektimme"},"content":{"rendered":"<p>[et_pb_section fb_built=&#8221;1&#8243; admin_label=&#8221;section&#8221; _builder_version=&#8221;4.16&#8243; global_colors_info=&#8221;{}&#8221;][et_pb_row _builder_version=&#8221;4.22.1&#8243; _module_preset=&#8221;default&#8221; global_colors_info=&#8221;{}&#8221;][et_pb_column type=&#8221;4_4&#8243; _builder_version=&#8221;4.22.1&#8243; _module_preset=&#8221;default&#8221; global_colors_info=&#8221;{}&#8221;][et_pb_heading title=&#8221;Palveluprojektimme&#8221; _builder_version=&#8221;4.22.1&#8243; _module_preset=&#8221;default&#8221; global_colors_info=&#8221;{}&#8221;][\/et_pb_heading][\/et_pb_column][\/et_pb_row][et_pb_row _builder_version=&#8221;4.22.1&#8243; _module_preset=&#8221;default&#8221; global_colors_info=&#8221;{}&#8221;][et_pb_column type=&#8221;4_4&#8243; _builder_version=&#8221;4.22.1&#8243; _module_preset=&#8221;default&#8221; global_colors_info=&#8221;{}&#8221;][et_pb_text _builder_version=&#8221;4.22.1&#8243; _module_preset=&#8221;default&#8221; global_colors_info=&#8221;{}&#8221;]<\/p>\n<p>Omat palveluprojektimme oman klubin toimesta tai yhteisty\u00f6ss\u00e4 muiden klubien tai hyv\u00e4ntekev\u00e4isyysj\u00e4rjest\u00f6jen kanssa ovat tapa tehd\u00e4 hyv\u00e4\u00e4 paikallisesti, valtakunnallisesti tai jopa kansainv\u00e4lisesti.<\/p>\n<p>Joitakin esimerkkej\u00e4 viime vuosien projekteista ovat:<\/p>\n<p>&#8211; varainkeruu pienten koululaisten kenkien hankintaan yhteisty\u00f6ss\u00e4 kongolaisen pastori Samuel Muderhwan kanssa orpokodin lapsille, kun he aloittavat koulun<\/p>\n<p>&#8211; jalkapallovalmennuksen mahdollistaminen ei-kilpailulliseen nuorisotoimintaan matalalla kynnyksell\u00e4 paikallisen seuran kanssa<\/p>\n<p>&#8211; tietokoneiden ja oheislaitteiden hankinta Nuorten Yst\u00e4vien klubitalolle tukemaan mielenterveys- ja kuntoutussty\u00f6t\u00e4 sek\u00e4 antamaan mahdollisuuksia omien julkaisujen tekoon ja ty\u00f6ntekotaitojen kehitt\u00e4miseen. Projekti oli yhteisty\u00f6 paikallisten Lionsklubien ja toisten rotariklubien kanssa.<\/p>\n<p>Ideat palveluprojekteihin syntyv\u00e4t omista j\u00e4senist\u00e4mme eli jokainen voi tuoda omaa osaamistaan ja kiinnostustaan toimintaamme.<\/p>\n<p>&nbsp;<\/p>\n<p>[\/et_pb_text][\/et_pb_column][\/et_pb_row][\/et_pb_section][et_pb_section fb_built=&#8221;1&#8243; _builder_version=&#8221;4.22.1&#8243; _module_preset=&#8221;default&#8221; global_colors_info=&#8221;{}&#8221;][et_pb_row column_structure=&#8221;1_4,1_4,1_4,1_4&#8243; _builder_version=&#8221;4.22.1&#8243; _module_preset=&#8221;default&#8221; global_colors_info=&#8221;{}&#8221;][et_pb_column type=&#8221;1_4&#8243; _builder_version=&#8221;4.22.1&#8243; _module_preset=&#8221;default&#8221; global_colors_info=&#8221;{}&#8221;][et_pb_image src=&#8221;https:\/\/rotary.fi\/merioulu\/wp-content\/uploads\/sites\/218\/2023\/11\/ystavyys.jpg&#8221; title_text=&#8221;Ystavyys&#8221; _builder_version=&#8221;4.22.1&#8243; _module_preset=&#8221;default&#8221; global_colors_info=&#8221;{}&#8221;][\/et_pb_image][\/et_pb_column][et_pb_column type=&#8221;1_4&#8243; _builder_version=&#8221;4.22.1&#8243; _module_preset=&#8221;default&#8221; global_colors_info=&#8221;{}&#8221;][et_pb_image src=&#8221;https:\/\/rotary.fi\/merioulu\/wp-content\/uploads\/sites\/218\/2023\/11\/klubitalo-ponkka-yhteiskuva.jpg&#8221; title_text=&#8221;Klubitalo Ponkka yhteiskuva&#8221; _builder_version=&#8221;4.22.1&#8243; _module_preset=&#8221;default&#8221; global_colors_info=&#8221;{}&#8221;][\/et_pb_image][\/et_pb_column][et_pb_column type=&#8221;1_4&#8243; _builder_version=&#8221;4.22.1&#8243; _module_preset=&#8221;default&#8221; global_colors_info=&#8221;{}&#8221;][et_pb_image src=&#8221;https:\/\/rotary.fi\/merioulu\/wp-content\/uploads\/sites\/218\/2023\/11\/mudarhwa-kenkaprojekti.jpg&#8221; title_text=&#8221;Mudarhwa kenkaprojekti&#8221; _builder_version=&#8221;4.22.1&#8243; _module_preset=&#8221;default&#8221; global_colors_info=&#8221;{}&#8221;][\/et_pb_image][\/et_pb_column][et_pb_column type=&#8221;1_4&#8243; _builder_version=&#8221;4.22.1&#8243; _module_preset=&#8221;default&#8221; global_colors_info=&#8221;{}&#8221;][et_pb_image src=&#8221;https:\/\/rotary.fi\/merioulu\/wp-content\/uploads\/sites\/218\/2023\/11\/kuvernoorin-vierailu-04-2023.jpg&#8221; title_text=&#8221;Kuvernoorin vierailu 04 2023&#8243; _builder_version=&#8221;4.22.1&#8243; _module_preset=&#8221;default&#8221; global_colors_info=&#8221;{}&#8221;][\/et_pb_image][\/et_pb_column][\/et_pb_row][\/et_pb_section]<\/p>\n","protected":false},"excerpt":{"rendered":"<p>Omat palveluprojektimme oman klubin toimesta tai yhteisty\u00f6ss\u00e4 muiden klubien tai hyv\u00e4ntekev\u00e4isyysj\u00e4rjest\u00f6jen kanssa ovat tapa tehd\u00e4 hyv\u00e4\u00e4 paikallisesti, valtakunnallisesti tai jopa kansainv\u00e4lisesti. Joitakin esimerkkej\u00e4 viime vuosien projekteista ovat: &#8211; varainkeruu pienten koululaisten kenkien hankintaan yhteisty\u00f6ss\u00e4 kongolaisen pastori Samuel Muderhwan kanssa orpokodin lapsille, kun he aloittavat koulun &#8211; jalkapallovalmennuksen mahdollistaminen ei-kilpailulliseen nuorisotoimintaan matalalla kynnyksell\u00e4 paikallisen seuran kanssa [&hellip;]<\/p>\n","protected":false},"author":526,"featured_media":0,"parent":0,"menu_order":0,"comment_status":"closed","ping_status":"closed","template":"","meta":{"_acf_changed":false,"_et_pb_use_builder":"on","_et_pb_old_content":"<img class=\"alignnone size-medium wp-image-1891\" src=\"https:\/\/rotary.fi\/merioulu\/wp-content\/uploads\/sites\/218\/2021\/11\/viinitasting-300x225.jpg\" alt=\"\" width=\"300\" height=\"225\" \/>\u00a0<img class=\"alignnone size-medium wp-image-1892\" src=\"https:\/\/rotary.fi\/merioulu\/wp-content\/uploads\/sites\/218\/2021\/11\/viinit-ja-juustot-263x300.jpg\" alt=\"\" width=\"263\" height=\"300\" \/>\r\n\r\n\u00a0\r\n\r\n<img class=\"alignnone size-medium wp-image-1893\" src=\"https:\/\/rotary.fi\/merioulu\/wp-content\/uploads\/sites\/218\/2021\/11\/img-4001-225x300.jpg\" alt=\"\" width=\"225\" height=\"300\" \/><img class=\"alignnone size-medium wp-image-1894\" src=\"https:\/\/rotary.fi\/merioulu\/wp-content\/uploads\/sites\/218\/2021\/11\/img-4002-225x300.jpg\" alt=\"\" width=\"225\" height=\"300\" \/><img class=\"alignnone size-medium wp-image-1895\" src=\"https:\/\/rotary.fi\/merioulu\/wp-content\/uploads\/sites\/218\/2021\/11\/img-4004-225x300.jpg\" alt=\"\" width=\"225\" height=\"300\" \/>","_et_gb_content_width":"","footnotes":""},"class_list":["post-1890","page","type-page","status-publish","hentry"],"acf":[],"yoast_head":"<!-- This site is optimized with the Yoast SEO plugin v27.0 - https:\/\/yoast.com\/product\/yoast-seo-wordpress\/ -->\n<title>Palveluprojektimme - Meri-Oulun Rotaryklubi<\/title>\n<meta name=\"description\" content=\"esimerkkej\u00e4 palveluprojeteistamme\" \/>\n<meta name=\"robots\" content=\"index, follow, max-snippet:-1, max-image-preview:large, max-video-preview:-1\" \/>\n<link rel=\"canonical\" href=\"https:\/\/rotary.fi\/merioulu\/palveluprojektimme\/\" \/>\n<meta property=\"og:locale\" content=\"fi_FI\" \/>\n<meta property=\"og:type\" content=\"article\" \/>\n<meta property=\"og:title\" content=\"Palveluprojektimme - Meri-Oulun Rotaryklubi\" \/>\n<meta property=\"og:description\" content=\"esimerkkej\u00e4 palveluprojeteistamme\" \/>\n<meta property=\"og:url\" content=\"https:\/\/rotary.fi\/merioulu\/palveluprojektimme\/\" \/>\n<meta property=\"og:site_name\" content=\"Meri-Oulun Rotaryklubi\" \/>\n<meta property=\"article:modified_time\" content=\"2023-11-29T10:20:02+00:00\" \/>\n<meta name=\"twitter:card\" content=\"summary_large_image\" \/>\n<meta name=\"twitter:label1\" content=\"Arvioitu lukuaika\" \/>\n\t<meta name=\"twitter:data1\" content=\"2 minuuttia\" \/>\n<script type=\"application\/ld+json\" class=\"yoast-schema-graph\">{\"@context\":\"https:\/\/schema.org\",\"@graph\":[{\"@type\":\"WebPage\",\"@id\":\"https:\/\/rotary.fi\/merioulu\/palveluprojektimme\/\",\"url\":\"https:\/\/rotary.fi\/merioulu\/palveluprojektimme\/\",\"name\":\"Palveluprojektimme - Meri-Oulun Rotaryklubi\",\"isPartOf\":{\"@id\":\"https:\/\/rotary.fi\/merioulu\/#website\"},\"datePublished\":\"2021-11-06T10:28:40+00:00\",\"dateModified\":\"2023-11-29T10:20:02+00:00\",\"description\":\"esimerkkej\u00e4 palveluprojeteistamme\",\"breadcrumb\":{\"@id\":\"https:\/\/rotary.fi\/merioulu\/palveluprojektimme\/#breadcrumb\"},\"inLanguage\":\"fi\",\"potentialAction\":[{\"@type\":\"ReadAction\",\"target\":[\"https:\/\/rotary.fi\/merioulu\/palveluprojektimme\/\"]}]},{\"@type\":\"BreadcrumbList\",\"@id\":\"https:\/\/rotary.fi\/merioulu\/palveluprojektimme\/#breadcrumb\",\"itemListElement\":[{\"@type\":\"ListItem\",\"position\":1,\"name\":\"Home\",\"item\":\"https:\/\/rotary.fi\/merioulu\/\"},{\"@type\":\"ListItem\",\"position\":2,\"name\":\"Palveluprojektimme\"}]},{\"@type\":\"WebSite\",\"@id\":\"https:\/\/rotary.fi\/merioulu\/#website\",\"url\":\"https:\/\/rotary.fi\/merioulu\/\",\"name\":\"Meri-Oulun Rotaryklubi\",\"description\":\"Uusi Rotary klubisivusto\",\"potentialAction\":[{\"@type\":\"SearchAction\",\"target\":{\"@type\":\"EntryPoint\",\"urlTemplate\":\"https:\/\/rotary.fi\/merioulu\/?s={search_term_string}\"},\"query-input\":{\"@type\":\"PropertyValueSpecification\",\"valueRequired\":true,\"valueName\":\"search_term_string\"}}],\"inLanguage\":\"fi\"}]}<\/script>\n<!-- \/ Yoast SEO plugin. -->","yoast_head_json":{"title":"Palveluprojektimme - Meri-Oulun Rotaryklubi","description":"esimerkkej\u00e4 palveluprojeteistamme","robots":{"index":"index","follow":"follow","max-snippet":"max-snippet:-1","max-image-preview":"max-image-preview:large","max-video-preview":"max-video-preview:-1"},"canonical":"https:\/\/rotary.fi\/merioulu\/palveluprojektimme\/","og_locale":"fi_FI","og_type":"article","og_title":"Palveluprojektimme - Meri-Oulun Rotaryklubi","og_description":"esimerkkej\u00e4 palveluprojeteistamme","og_url":"https:\/\/rotary.fi\/merioulu\/palveluprojektimme\/","og_site_name":"Meri-Oulun Rotaryklubi","article_modified_time":"2023-11-29T10:20:02+00:00","twitter_card":"summary_large_image","twitter_misc":{"Arvioitu lukuaika":"2 minuuttia"},"schema":{"@context":"https:\/\/schema.org","@graph":[{"@type":"WebPage","@id":"https:\/\/rotary.fi\/merioulu\/palveluprojektimme\/","url":"https:\/\/rotary.fi\/merioulu\/palveluprojektimme\/","name":"Palveluprojektimme - Meri-Oulun Rotaryklubi","isPartOf":{"@id":"https:\/\/rotary.fi\/merioulu\/#website"},"datePublished":"2021-11-06T10:28:40+00:00","dateModified":"2023-11-29T10:20:02+00:00","description":"esimerkkej\u00e4 palveluprojeteistamme","breadcrumb":{"@id":"https:\/\/rotary.fi\/merioulu\/palveluprojektimme\/#breadcrumb"},"inLanguage":"fi","potentialAction":[{"@type":"ReadAction","target":["https:\/\/rotary.fi\/merioulu\/palveluprojektimme\/"]}]},{"@type":"BreadcrumbList","@id":"https:\/\/rotary.fi\/merioulu\/palveluprojektimme\/#breadcrumb","itemListElement":[{"@type":"ListItem","position":1,"name":"Home","item":"https:\/\/rotary.fi\/merioulu\/"},{"@type":"ListItem","position":2,"name":"Palveluprojektimme"}]},{"@type":"WebSite","@id":"https:\/\/rotary.fi\/merioulu\/#website","url":"https:\/\/rotary.fi\/merioulu\/","name":"Meri-Oulun Rotaryklubi","description":"Uusi Rotary klubisivusto","potentialAction":[{"@type":"SearchAction","target":{"@type":"EntryPoint","urlTemplate":"https:\/\/rotary.fi\/merioulu\/?s={search_term_string}"},"query-input":{"@type":"PropertyValueSpecification","valueRequired":true,"valueName":"search_term_string"}}],"inLanguage":"fi"}]}},"lang":"fi","translations":{"fi":1890},"pll_sync_post":[],"_links":{"self":[{"href":"https:\/\/rotary.fi\/merioulu\/wp-json\/wp\/v2\/pages\/1890","targetHints":{"allow":["GET"]}}],"collection":[{"href":"https:\/\/rotary.fi\/merioulu\/wp-json\/wp\/v2\/pages"}],"about":[{"href":"https:\/\/rotary.fi\/merioulu\/wp-json\/wp\/v2\/types\/page"}],"author":[{"embeddable":true,"href":"https:\/\/rotary.fi\/merioulu\/wp-json\/wp\/v2\/users\/526"}],"replies":[{"embeddable":true,"href":"https:\/\/rotary.fi\/merioulu\/wp-json\/wp\/v2\/comments?post=1890"}],"version-history":[{"count":9,"href":"https:\/\/rotary.fi\/merioulu\/wp-json\/wp\/v2\/pages\/1890\/revisions"}],"predecessor-version":[{"id":2091,"href":"https:\/\/rotary.fi\/merioulu\/wp-json\/wp\/v2\/pages\/1890\/revisions\/2091"}],"wp:attachment":[{"href":"https:\/\/rotary.fi\/merioulu\/wp-json\/wp\/v2\/media?parent=1890"}],"curies":[{"name":"wp","href":"https:\/\/api.w.org\/{rel}","templated":true}]}}