{"id":1834,"date":"2021-11-05T16:05:08","date_gmt":"2021-11-05T14:05:08","guid":{"rendered":"https:\/\/rotary.fi\/merioulu\/?page_id=1834"},"modified":"2021-11-05T16:45:54","modified_gmt":"2021-11-05T14:45:54","slug":"pietarin-matkamme","status":"publish","type":"page","link":"https:\/\/rotary.fi\/merioulu\/pietarin-matkamme\/","title":{"rendered":"Pietarin matkamme"},"content":{"rendered":"<p>[et_pb_section fb_built=&#8221;1&#8243; admin_label=&#8221;section&#8221; _builder_version=&#8221;3.22&#8243;][et_pb_row admin_label=&#8221;row&#8221; _builder_version=&#8221;4.9.10&#8243; background_size=&#8221;initial&#8221; background_position=&#8221;top_left&#8221; background_repeat=&#8221;repeat&#8221;][et_pb_column type=&#8221;4_4&#8243; _builder_version=&#8221;3.25&#8243; custom_padding=&#8221;|||&#8221; custom_padding__hover=&#8221;|||&#8221;][et_pb_text _builder_version=&#8221;4.9.10&#8243; _module_preset=&#8221;default&#8221;]<\/p>\n<p>K\u00e4vimme retkell\u00e4 Pietarissa kev\u00e4\u00e4ll\u00e4 2018.<\/p>\n<p>Osallistuimme St. Petersburg Neva -rotaryklubin kokoukseen, tutustuimme mm. Eremitaasiin, Talvipalatsin puiston rotarypenkkeihin ja Kronstadtiin sek\u00e4 Pietarihoviin. Iltaohjelmassa oli Verdin Naamiohuvit Mariinski-teatterin uudella puolella. Paikallisia rotareita oli oppainamme, erityisesti apulaiskuvern\u00f6\u00f6ri Natasha.<\/p>\n<p>[\/et_pb_text][\/et_pb_column][\/et_pb_row][\/et_pb_section][et_pb_section fb_built=&#8221;1&#8243; _builder_version=&#8221;4.9.10&#8243; _module_preset=&#8221;default&#8221;][et_pb_row column_structure=&#8221;1_3,1_3,1_3&#8243; _builder_version=&#8221;4.9.10&#8243; _module_preset=&#8221;default&#8221;][et_pb_column type=&#8221;1_3&#8243; _builder_version=&#8221;4.9.10&#8243; _module_preset=&#8221;default&#8221;][et_pb_image src=&#8221;https:\/\/rotary.fi\/merioulu\/wp-content\/uploads\/sites\/218\/2021\/11\/pietari-1.jpg&#8221; title_text=&#8221;Pietari 1&#8243; _builder_version=&#8221;4.9.10&#8243; _module_preset=&#8221;default&#8221; min_height=&#8221;171.5px&#8221; custom_padding=&#8221;|7px||||&#8221;][\/et_pb_image][\/et_pb_column][et_pb_column type=&#8221;1_3&#8243; _builder_version=&#8221;4.9.10&#8243; _module_preset=&#8221;default&#8221;][et_pb_image src=&#8221;https:\/\/rotary.fi\/merioulu\/wp-content\/uploads\/sites\/218\/2021\/11\/pietari-neva-rk.jpg&#8221; title_text=&#8221;Pietari Neva Rk&#8221; _builder_version=&#8221;4.9.10&#8243; _module_preset=&#8221;default&#8221; min_height=&#8221;216px&#8221; custom_padding=&#8221;|0px|88px|||&#8221;][\/et_pb_image][\/et_pb_column][et_pb_column type=&#8221;1_3&#8243; _builder_version=&#8221;4.9.10&#8243; _module_preset=&#8221;default&#8221;][et_pb_image src=&#8221;https:\/\/rotary.fi\/merioulu\/wp-content\/uploads\/sites\/218\/2021\/11\/rotarypenkilla.jpg&#8221; title_text=&#8221;Rotarypenkill\u00e4&#8221; _builder_version=&#8221;4.9.10&#8243; _module_preset=&#8221;default&#8221;][\/et_pb_image][\/et_pb_column][\/et_pb_row][\/et_pb_section][et_pb_section fb_built=&#8221;1&#8243; _builder_version=&#8221;4.9.10&#8243; _module_preset=&#8221;default&#8221;][et_pb_row column_structure=&#8221;1_2,1_2&#8243; _builder_version=&#8221;4.9.10&#8243; _module_preset=&#8221;default&#8221;][et_pb_column type=&#8221;1_2&#8243; _builder_version=&#8221;4.9.10&#8243; _module_preset=&#8221;default&#8221;][et_pb_image src=&#8221;https:\/\/rotary.fi\/merioulu\/wp-content\/uploads\/sites\/218\/2021\/11\/mariinskissa.jpg&#8221; title_text=&#8221;Mariinskissa&#8221; _builder_version=&#8221;4.9.10&#8243; _module_preset=&#8221;default&#8221; min_height=&#8221;265.3px&#8221; custom_margin=&#8221;||-16px|||&#8221; custom_padding=&#8221;||0px|||&#8221;][\/et_pb_image][\/et_pb_column][et_pb_column type=&#8221;1_2&#8243; _builder_version=&#8221;4.9.10&#8243; _module_preset=&#8221;default&#8221;][et_pb_image src=&#8221;https:\/\/rotary.fi\/merioulu\/wp-content\/uploads\/sites\/218\/2021\/11\/oopperan-valiajalla.jpg&#8221; title_text=&#8221;Oopperan v\u00e4liajalla&#8221; _builder_version=&#8221;4.9.10&#8243; _module_preset=&#8221;default&#8221; custom_padding=&#8221;||91px|0px||&#8221;][\/et_pb_image][\/et_pb_column][\/et_pb_row][\/et_pb_section]<\/p>\n","protected":false},"excerpt":{"rendered":"<p>K\u00e4vimme retkell\u00e4 Pietarissa kev\u00e4\u00e4ll\u00e4 2018. Osallistuimme St. Petersburg Neva -rotaryklubin kokoukseen, tutustuimme mm. Eremitaasiin, Talvipalatsin puiston rotarypenkkeihin ja Kronstadtiin sek\u00e4 Pietarihoviin. Iltaohjelmassa oli Verdin Naamiohuvit Mariinski-teatterin uudella puolella. Paikallisia rotareita oli oppainamme, erityisesti apulaiskuvern\u00f6\u00f6ri Natasha.<\/p>\n","protected":false},"author":526,"featured_media":0,"parent":0,"menu_order":0,"comment_status":"closed","ping_status":"closed","template":"","meta":{"_acf_changed":false,"_et_pb_use_builder":"on","_et_pb_old_content":"","_et_gb_content_width":"","footnotes":""},"class_list":["post-1834","page","type-page","status-publish","hentry"],"acf":[],"yoast_head":"<!-- This site is optimized with the Yoast SEO plugin v27.0 - https:\/\/yoast.com\/product\/yoast-seo-wordpress\/ -->\n<title>Pietarin matkamme - Meri-Oulun Rotaryklubi<\/title>\n<meta name=\"robots\" content=\"index, follow, max-snippet:-1, max-image-preview:large, max-video-preview:-1\" \/>\n<link rel=\"canonical\" href=\"https:\/\/rotary.fi\/merioulu\/pietarin-matkamme\/\" \/>\n<meta property=\"og:locale\" content=\"fi_FI\" \/>\n<meta property=\"og:type\" content=\"article\" \/>\n<meta property=\"og:title\" content=\"Pietarin matkamme - Meri-Oulun Rotaryklubi\" \/>\n<meta property=\"og:description\" content=\"K\u00e4vimme retkell\u00e4 Pietarissa kev\u00e4\u00e4ll\u00e4 2018. Osallistuimme St. Petersburg Neva -rotaryklubin kokoukseen, tutustuimme mm. Eremitaasiin, Talvipalatsin puiston rotarypenkkeihin ja Kronstadtiin sek\u00e4 Pietarihoviin. Iltaohjelmassa oli Verdin Naamiohuvit Mariinski-teatterin uudella puolella. Paikallisia rotareita oli oppainamme, erityisesti apulaiskuvern\u00f6\u00f6ri Natasha.\" \/>\n<meta property=\"og:url\" content=\"https:\/\/rotary.fi\/merioulu\/pietarin-matkamme\/\" \/>\n<meta property=\"og:site_name\" content=\"Meri-Oulun Rotaryklubi\" \/>\n<meta property=\"article:modified_time\" content=\"2021-11-05T14:45:54+00:00\" \/>\n<meta name=\"twitter:card\" content=\"summary_large_image\" \/>\n<meta name=\"twitter:label1\" content=\"Arvioitu lukuaika\" \/>\n\t<meta name=\"twitter:data1\" content=\"2 minuuttia\" \/>\n<script type=\"application\/ld+json\" class=\"yoast-schema-graph\">{\"@context\":\"https:\/\/schema.org\",\"@graph\":[{\"@type\":\"WebPage\",\"@id\":\"https:\/\/rotary.fi\/merioulu\/pietarin-matkamme\/\",\"url\":\"https:\/\/rotary.fi\/merioulu\/pietarin-matkamme\/\",\"name\":\"Pietarin matkamme - Meri-Oulun Rotaryklubi\",\"isPartOf\":{\"@id\":\"https:\/\/rotary.fi\/merioulu\/#website\"},\"datePublished\":\"2021-11-05T14:05:08+00:00\",\"dateModified\":\"2021-11-05T14:45:54+00:00\",\"breadcrumb\":{\"@id\":\"https:\/\/rotary.fi\/merioulu\/pietarin-matkamme\/#breadcrumb\"},\"inLanguage\":\"fi\",\"potentialAction\":[{\"@type\":\"ReadAction\",\"target\":[\"https:\/\/rotary.fi\/merioulu\/pietarin-matkamme\/\"]}]},{\"@type\":\"BreadcrumbList\",\"@id\":\"https:\/\/rotary.fi\/merioulu\/pietarin-matkamme\/#breadcrumb\",\"itemListElement\":[{\"@type\":\"ListItem\",\"position\":1,\"name\":\"Home\",\"item\":\"https:\/\/rotary.fi\/merioulu\/\"},{\"@type\":\"ListItem\",\"position\":2,\"name\":\"Pietarin matkamme\"}]},{\"@type\":\"WebSite\",\"@id\":\"https:\/\/rotary.fi\/merioulu\/#website\",\"url\":\"https:\/\/rotary.fi\/merioulu\/\",\"name\":\"Meri-Oulun Rotaryklubi\",\"description\":\"Uusi Rotary klubisivusto\",\"potentialAction\":[{\"@type\":\"SearchAction\",\"target\":{\"@type\":\"EntryPoint\",\"urlTemplate\":\"https:\/\/rotary.fi\/merioulu\/?s={search_term_string}\"},\"query-input\":{\"@type\":\"PropertyValueSpecification\",\"valueRequired\":true,\"valueName\":\"search_term_string\"}}],\"inLanguage\":\"fi\"}]}<\/script>\n<!-- \/ Yoast SEO plugin. -->","yoast_head_json":{"title":"Pietarin matkamme - Meri-Oulun Rotaryklubi","robots":{"index":"index","follow":"follow","max-snippet":"max-snippet:-1","max-image-preview":"max-image-preview:large","max-video-preview":"max-video-preview:-1"},"canonical":"https:\/\/rotary.fi\/merioulu\/pietarin-matkamme\/","og_locale":"fi_FI","og_type":"article","og_title":"Pietarin matkamme - Meri-Oulun Rotaryklubi","og_description":"K\u00e4vimme retkell\u00e4 Pietarissa kev\u00e4\u00e4ll\u00e4 2018. Osallistuimme St. Petersburg Neva -rotaryklubin kokoukseen, tutustuimme mm. Eremitaasiin, Talvipalatsin puiston rotarypenkkeihin ja Kronstadtiin sek\u00e4 Pietarihoviin. Iltaohjelmassa oli Verdin Naamiohuvit Mariinski-teatterin uudella puolella. Paikallisia rotareita oli oppainamme, erityisesti apulaiskuvern\u00f6\u00f6ri Natasha.","og_url":"https:\/\/rotary.fi\/merioulu\/pietarin-matkamme\/","og_site_name":"Meri-Oulun Rotaryklubi","article_modified_time":"2021-11-05T14:45:54+00:00","twitter_card":"summary_large_image","twitter_misc":{"Arvioitu lukuaika":"2 minuuttia"},"schema":{"@context":"https:\/\/schema.org","@graph":[{"@type":"WebPage","@id":"https:\/\/rotary.fi\/merioulu\/pietarin-matkamme\/","url":"https:\/\/rotary.fi\/merioulu\/pietarin-matkamme\/","name":"Pietarin matkamme - Meri-Oulun Rotaryklubi","isPartOf":{"@id":"https:\/\/rotary.fi\/merioulu\/#website"},"datePublished":"2021-11-05T14:05:08+00:00","dateModified":"2021-11-05T14:45:54+00:00","breadcrumb":{"@id":"https:\/\/rotary.fi\/merioulu\/pietarin-matkamme\/#breadcrumb"},"inLanguage":"fi","potentialAction":[{"@type":"ReadAction","target":["https:\/\/rotary.fi\/merioulu\/pietarin-matkamme\/"]}]},{"@type":"BreadcrumbList","@id":"https:\/\/rotary.fi\/merioulu\/pietarin-matkamme\/#breadcrumb","itemListElement":[{"@type":"ListItem","position":1,"name":"Home","item":"https:\/\/rotary.fi\/merioulu\/"},{"@type":"ListItem","position":2,"name":"Pietarin matkamme"}]},{"@type":"WebSite","@id":"https:\/\/rotary.fi\/merioulu\/#website","url":"https:\/\/rotary.fi\/merioulu\/","name":"Meri-Oulun Rotaryklubi","description":"Uusi Rotary klubisivusto","potentialAction":[{"@type":"SearchAction","target":{"@type":"EntryPoint","urlTemplate":"https:\/\/rotary.fi\/merioulu\/?s={search_term_string}"},"query-input":{"@type":"PropertyValueSpecification","valueRequired":true,"valueName":"search_term_string"}}],"inLanguage":"fi"}]}},"lang":"fi","translations":{"fi":1834},"pll_sync_post":[],"_links":{"self":[{"href":"https:\/\/rotary.fi\/merioulu\/wp-json\/wp\/v2\/pages\/1834","targetHints":{"allow":["GET"]}}],"collection":[{"href":"https:\/\/rotary.fi\/merioulu\/wp-json\/wp\/v2\/pages"}],"about":[{"href":"https:\/\/rotary.fi\/merioulu\/wp-json\/wp\/v2\/types\/page"}],"author":[{"embeddable":true,"href":"https:\/\/rotary.fi\/merioulu\/wp-json\/wp\/v2\/users\/526"}],"replies":[{"embeddable":true,"href":"https:\/\/rotary.fi\/merioulu\/wp-json\/wp\/v2\/comments?post=1834"}],"version-history":[{"count":8,"href":"https:\/\/rotary.fi\/merioulu\/wp-json\/wp\/v2\/pages\/1834\/revisions"}],"predecessor-version":[{"id":1859,"href":"https:\/\/rotary.fi\/merioulu\/wp-json\/wp\/v2\/pages\/1834\/revisions\/1859"}],"wp:attachment":[{"href":"https:\/\/rotary.fi\/merioulu\/wp-json\/wp\/v2\/media?parent=1834"}],"curies":[{"name":"wp","href":"https:\/\/api.w.org\/{rel}","templated":true}]}}