{"id":1832,"date":"2021-11-05T16:04:04","date_gmt":"2021-11-05T14:04:04","guid":{"rendered":"https:\/\/rotary.fi\/merioulu\/?page_id=1832"},"modified":"2023-11-29T12:32:46","modified_gmt":"2023-11-29T10:32:46","slug":"kesakisat","status":"publish","type":"page","link":"https:\/\/rotary.fi\/merioulu\/kesakisat\/","title":{"rendered":"Kes\u00e4kisat"},"content":{"rendered":"<p>[et_pb_section fb_built=&#8221;1&#8243; admin_label=&#8221;section&#8221; _builder_version=&#8221;4.16&#8243; global_colors_info=&#8221;{}&#8221;][et_pb_row _builder_version=&#8221;4.22.1&#8243; _module_preset=&#8221;default&#8221; global_colors_info=&#8221;{}&#8221;][et_pb_column type=&#8221;4_4&#8243; _builder_version=&#8221;4.22.1&#8243; _module_preset=&#8221;default&#8221; global_colors_info=&#8221;{}&#8221;][et_pb_heading title=&#8221;Kes\u00e4kisat&#8221; _builder_version=&#8221;4.22.1&#8243; _module_preset=&#8221;default&#8221; global_colors_info=&#8221;{}&#8221;][\/et_pb_heading][\/et_pb_column][\/et_pb_row][et_pb_row _builder_version=&#8221;4.22.1&#8243; _module_preset=&#8221;default&#8221;][et_pb_column _builder_version=&#8221;4.22.1&#8243; _module_preset=&#8221;default&#8221; type=&#8221;4_4&#8243;][et_pb_text _builder_version=&#8221;4.22.1&#8243; _module_preset=&#8221;default&#8221; hover_enabled=&#8221;0&#8243; sticky_enabled=&#8221;0&#8243;]<\/p>\n<p>Rotaryvuoden alussa &#8211; yleens\u00e4 elokuussa &#8211; pidett\u00e4v\u00e4 kes\u00e4kisa on pitk\u00e4aikainen perinteemme. Etsimme uudenlaisia mahdollisuuksia pit\u00e4\u00e4 hauskaa sis\u00e4ll\u00e4 tai ulkona rotary-yst\u00e4vien kanssa.<\/p>\n<p>[\/et_pb_text][\/et_pb_column][\/et_pb_row][\/et_pb_section][et_pb_section fb_built=&#8221;1&#8243; _builder_version=&#8221;4.16&#8243; _module_preset=&#8221;default&#8221; global_colors_info=&#8221;{}&#8221;][et_pb_row column_structure=&#8221;1_3,1_3,1_3&#8243; _builder_version=&#8221;4.16&#8243; _module_preset=&#8221;default&#8221; global_colors_info=&#8221;{}&#8221;][et_pb_column type=&#8221;1_3&#8243; _builder_version=&#8221;4.16&#8243; _module_preset=&#8221;default&#8221; global_colors_info=&#8221;{}&#8221;][et_pb_image src=&#8221;https:\/\/rotary.fi\/merioulu\/wp-content\/uploads\/sites\/218\/2021\/11\/biljardia.jpg&#8221; title_text=&#8221;Biljardia&#8221; _builder_version=&#8221;4.16&#8243; _module_preset=&#8221;default&#8221; global_colors_info=&#8221;{}&#8221;][\/et_pb_image][\/et_pb_column][et_pb_column type=&#8221;1_3&#8243; _builder_version=&#8221;4.16&#8243; _module_preset=&#8221;default&#8221; global_colors_info=&#8221;{}&#8221;][et_pb_image src=&#8221;https:\/\/rotary.fi\/merioulu\/wp-content\/uploads\/sites\/218\/2021\/11\/lisaa-kesakisaa-2020.jpg&#8221; title_text=&#8221;Lis\u00e4\u00e4 kes\u00e4kisaa 2020&#8243; _builder_version=&#8221;4.16&#8243; _module_preset=&#8221;default&#8221; global_colors_info=&#8221;{}&#8221;][\/et_pb_image][et_pb_image src=&#8221;https:\/\/rotary.fi\/merioulu\/wp-content\/uploads\/sites\/218\/2021\/11\/kesakisa-2020-a.jpg&#8221; title_text=&#8221;Kes\u00e4kisa 2020 A&#8221; _builder_version=&#8221;4.16&#8243; _module_preset=&#8221;default&#8221; global_colors_info=&#8221;{}&#8221;][\/et_pb_image][\/et_pb_column][et_pb_column type=&#8221;1_3&#8243; _builder_version=&#8221;4.16&#8243; _module_preset=&#8221;default&#8221; global_colors_info=&#8221;{}&#8221;][et_pb_image src=&#8221;https:\/\/rotary.fi\/merioulu\/wp-content\/uploads\/sites\/218\/2021\/11\/kesakisa-2020.jpg&#8221; title_text=&#8221;Kes\u00e4kisa 2020&#8243; _builder_version=&#8221;4.16&#8243; _module_preset=&#8221;default&#8221; global_colors_info=&#8221;{}&#8221;][\/et_pb_image][\/et_pb_column][\/et_pb_row][et_pb_row _builder_version=&#8221;4.16&#8243; _module_preset=&#8221;default&#8221; global_colors_info=&#8221;{}&#8221;][et_pb_column type=&#8221;4_4&#8243; _builder_version=&#8221;4.16&#8243; _module_preset=&#8221;default&#8221; global_colors_info=&#8221;{}&#8221;][\/et_pb_column][\/et_pb_row][\/et_pb_section]<\/p>\n","protected":false},"excerpt":{"rendered":"<p>Rotaryvuoden alussa &#8211; yleens\u00e4 elokuussa &#8211; pidett\u00e4v\u00e4 kes\u00e4kisa on pitk\u00e4aikainen perinteemme. Etsimme uudenlaisia mahdollisuuksia pit\u00e4\u00e4 hauskaa sis\u00e4ll\u00e4 tai ulkona rotary-yst\u00e4vien kanssa.<\/p>\n","protected":false},"author":526,"featured_media":0,"parent":0,"menu_order":0,"comment_status":"closed","ping_status":"closed","template":"","meta":{"_acf_changed":false,"_et_pb_use_builder":"on","_et_pb_old_content":"","_et_gb_content_width":"","footnotes":""},"class_list":["post-1832","page","type-page","status-publish","hentry"],"acf":[],"yoast_head":"<!-- This site is optimized with the Yoast SEO plugin v27.0 - https:\/\/yoast.com\/product\/yoast-seo-wordpress\/ -->\n<title>Kes\u00e4kisat - Meri-Oulun Rotaryklubi<\/title>\n<meta name=\"robots\" content=\"index, follow, max-snippet:-1, max-image-preview:large, max-video-preview:-1\" \/>\n<link rel=\"canonical\" href=\"https:\/\/rotary.fi\/merioulu\/kesakisat\/\" \/>\n<meta property=\"og:locale\" content=\"fi_FI\" \/>\n<meta property=\"og:type\" content=\"article\" \/>\n<meta property=\"og:title\" content=\"Kes\u00e4kisat - Meri-Oulun Rotaryklubi\" \/>\n<meta property=\"og:description\" content=\"Rotaryvuoden alussa - yleens\u00e4 elokuussa - pidett\u00e4v\u00e4 kes\u00e4kisa on pitk\u00e4aikainen perinteemme. Etsimme uudenlaisia mahdollisuuksia pit\u00e4\u00e4 hauskaa sis\u00e4ll\u00e4 tai ulkona rotary-yst\u00e4vien kanssa.\" \/>\n<meta property=\"og:url\" content=\"https:\/\/rotary.fi\/merioulu\/kesakisat\/\" \/>\n<meta property=\"og:site_name\" content=\"Meri-Oulun Rotaryklubi\" \/>\n<meta property=\"article:modified_time\" content=\"2023-11-29T10:32:46+00:00\" \/>\n<meta name=\"twitter:card\" content=\"summary_large_image\" \/>\n<meta name=\"twitter:label1\" content=\"Arvioitu lukuaika\" \/>\n\t<meta name=\"twitter:data1\" content=\"1 minuutti\" \/>\n<script type=\"application\/ld+json\" class=\"yoast-schema-graph\">{\"@context\":\"https:\/\/schema.org\",\"@graph\":[{\"@type\":\"WebPage\",\"@id\":\"https:\/\/rotary.fi\/merioulu\/kesakisat\/\",\"url\":\"https:\/\/rotary.fi\/merioulu\/kesakisat\/\",\"name\":\"Kes\u00e4kisat - Meri-Oulun Rotaryklubi\",\"isPartOf\":{\"@id\":\"https:\/\/rotary.fi\/merioulu\/#website\"},\"datePublished\":\"2021-11-05T14:04:04+00:00\",\"dateModified\":\"2023-11-29T10:32:46+00:00\",\"breadcrumb\":{\"@id\":\"https:\/\/rotary.fi\/merioulu\/kesakisat\/#breadcrumb\"},\"inLanguage\":\"fi\",\"potentialAction\":[{\"@type\":\"ReadAction\",\"target\":[\"https:\/\/rotary.fi\/merioulu\/kesakisat\/\"]}]},{\"@type\":\"BreadcrumbList\",\"@id\":\"https:\/\/rotary.fi\/merioulu\/kesakisat\/#breadcrumb\",\"itemListElement\":[{\"@type\":\"ListItem\",\"position\":1,\"name\":\"Home\",\"item\":\"https:\/\/rotary.fi\/merioulu\/\"},{\"@type\":\"ListItem\",\"position\":2,\"name\":\"Kes\u00e4kisat\"}]},{\"@type\":\"WebSite\",\"@id\":\"https:\/\/rotary.fi\/merioulu\/#website\",\"url\":\"https:\/\/rotary.fi\/merioulu\/\",\"name\":\"Meri-Oulun Rotaryklubi\",\"description\":\"Uusi Rotary klubisivusto\",\"potentialAction\":[{\"@type\":\"SearchAction\",\"target\":{\"@type\":\"EntryPoint\",\"urlTemplate\":\"https:\/\/rotary.fi\/merioulu\/?s={search_term_string}\"},\"query-input\":{\"@type\":\"PropertyValueSpecification\",\"valueRequired\":true,\"valueName\":\"search_term_string\"}}],\"inLanguage\":\"fi\"}]}<\/script>\n<!-- \/ Yoast SEO plugin. -->","yoast_head_json":{"title":"Kes\u00e4kisat - Meri-Oulun Rotaryklubi","robots":{"index":"index","follow":"follow","max-snippet":"max-snippet:-1","max-image-preview":"max-image-preview:large","max-video-preview":"max-video-preview:-1"},"canonical":"https:\/\/rotary.fi\/merioulu\/kesakisat\/","og_locale":"fi_FI","og_type":"article","og_title":"Kes\u00e4kisat - Meri-Oulun Rotaryklubi","og_description":"Rotaryvuoden alussa - yleens\u00e4 elokuussa - pidett\u00e4v\u00e4 kes\u00e4kisa on pitk\u00e4aikainen perinteemme. Etsimme uudenlaisia mahdollisuuksia pit\u00e4\u00e4 hauskaa sis\u00e4ll\u00e4 tai ulkona rotary-yst\u00e4vien kanssa.","og_url":"https:\/\/rotary.fi\/merioulu\/kesakisat\/","og_site_name":"Meri-Oulun Rotaryklubi","article_modified_time":"2023-11-29T10:32:46+00:00","twitter_card":"summary_large_image","twitter_misc":{"Arvioitu lukuaika":"1 minuutti"},"schema":{"@context":"https:\/\/schema.org","@graph":[{"@type":"WebPage","@id":"https:\/\/rotary.fi\/merioulu\/kesakisat\/","url":"https:\/\/rotary.fi\/merioulu\/kesakisat\/","name":"Kes\u00e4kisat - Meri-Oulun Rotaryklubi","isPartOf":{"@id":"https:\/\/rotary.fi\/merioulu\/#website"},"datePublished":"2021-11-05T14:04:04+00:00","dateModified":"2023-11-29T10:32:46+00:00","breadcrumb":{"@id":"https:\/\/rotary.fi\/merioulu\/kesakisat\/#breadcrumb"},"inLanguage":"fi","potentialAction":[{"@type":"ReadAction","target":["https:\/\/rotary.fi\/merioulu\/kesakisat\/"]}]},{"@type":"BreadcrumbList","@id":"https:\/\/rotary.fi\/merioulu\/kesakisat\/#breadcrumb","itemListElement":[{"@type":"ListItem","position":1,"name":"Home","item":"https:\/\/rotary.fi\/merioulu\/"},{"@type":"ListItem","position":2,"name":"Kes\u00e4kisat"}]},{"@type":"WebSite","@id":"https:\/\/rotary.fi\/merioulu\/#website","url":"https:\/\/rotary.fi\/merioulu\/","name":"Meri-Oulun Rotaryklubi","description":"Uusi Rotary klubisivusto","potentialAction":[{"@type":"SearchAction","target":{"@type":"EntryPoint","urlTemplate":"https:\/\/rotary.fi\/merioulu\/?s={search_term_string}"},"query-input":{"@type":"PropertyValueSpecification","valueRequired":true,"valueName":"search_term_string"}}],"inLanguage":"fi"}]}},"lang":"fi","translations":{"fi":1832},"pll_sync_post":[],"_links":{"self":[{"href":"https:\/\/rotary.fi\/merioulu\/wp-json\/wp\/v2\/pages\/1832","targetHints":{"allow":["GET"]}}],"collection":[{"href":"https:\/\/rotary.fi\/merioulu\/wp-json\/wp\/v2\/pages"}],"about":[{"href":"https:\/\/rotary.fi\/merioulu\/wp-json\/wp\/v2\/types\/page"}],"author":[{"embeddable":true,"href":"https:\/\/rotary.fi\/merioulu\/wp-json\/wp\/v2\/users\/526"}],"replies":[{"embeddable":true,"href":"https:\/\/rotary.fi\/merioulu\/wp-json\/wp\/v2\/comments?post=1832"}],"version-history":[{"count":9,"href":"https:\/\/rotary.fi\/merioulu\/wp-json\/wp\/v2\/pages\/1832\/revisions"}],"predecessor-version":[{"id":2099,"href":"https:\/\/rotary.fi\/merioulu\/wp-json\/wp\/v2\/pages\/1832\/revisions\/2099"}],"wp:attachment":[{"href":"https:\/\/rotary.fi\/merioulu\/wp-json\/wp\/v2\/media?parent=1832"}],"curies":[{"name":"wp","href":"https:\/\/api.w.org\/{rel}","templated":true}]}}