{"id":1830,"date":"2021-11-05T16:03:21","date_gmt":"2021-11-05T14:03:21","guid":{"rendered":"https:\/\/rotary.fi\/merioulu\/?page_id=1830"},"modified":"2023-11-29T11:27:27","modified_gmt":"2023-11-29T09:27:27","slug":"mukavat-viikkokokoukset","status":"publish","type":"page","link":"https:\/\/rotary.fi\/merioulu\/mita-teemme\/hauskat-tapahtumamme\/mukavat-viikkokokoukset\/","title":{"rendered":"Viikkokokoukset"},"content":{"rendered":"<p>[et_pb_section fb_built=&#8221;1&#8243; admin_label=&#8221;section&#8221; _builder_version=&#8221;4.22.1&#8243; global_colors_info=&#8221;{}&#8221;][et_pb_row admin_label=&#8221;row&#8221; _builder_version=&#8221;4.22.1&#8243; background_size=&#8221;initial&#8221; background_position=&#8221;top_left&#8221; background_repeat=&#8221;repeat&#8221; global_colors_info=&#8221;{}&#8221;][et_pb_column type=&#8221;4_4&#8243; _builder_version=&#8221;4.16&#8243; custom_padding=&#8221;|||&#8221; global_colors_info=&#8221;{}&#8221; custom_padding__hover=&#8221;|||&#8221;][et_pb_heading title=&#8221;Viikkokokoukset&#8221; _builder_version=&#8221;4.22.1&#8243; _module_preset=&#8221;default&#8221; global_colors_info=&#8221;{}&#8221;][\/et_pb_heading][et_pb_text _builder_version=&#8221;4.16&#8243; _module_preset=&#8221;default&#8221; global_colors_info=&#8221;{}&#8221;]<\/p>\n<p>Rotary-toiminta perustuu pitk\u00e4lti s\u00e4\u00e4nn\u00f6llisiin yhteisiin kokoontumisiin. Me Meri-Oulun Rotaryklubin j\u00e4senet kokoonnumme keskim\u00e4\u00e4rin 40 kertaa vuodessa viikottaisissa kokouksissamme.<\/p>\n<p>Viikkokokouksissa tyypillisesti keskustelemme ajankohtaisista Rotary-teemoista ja kuulumisista. Ohjelmassa on usein joku alustus tai esitys meille mielenkiintoisista aiheista joko oman j\u00e4senen esitt\u00e4m\u00e4n\u00e4 tai meill\u00e4 on vieras, joka kertoo tietyst\u00e4 teemasta.<\/p>\n<p>Haluamme verkostoitua eri alojen ihmisten kanssa ja meille on t\u00e4rke\u00e4\u00e4 my\u00f6s tunnistaa, millaisia hyv\u00e4ntekev\u00e4isyyden tarpeita voisi l\u00f6yty\u00e4 my\u00f6s paikallisesti. N\u00e4in ollen olemme saaneet kuulla monenlaisia mielenkiintoisia esitelmi\u00e4 sosiaaliselta alalta, kulttuurista ja yritysel\u00e4m\u00e4st\u00e4. Esimerkkej\u00e4 voi poimia viime vuosilta:<\/p>\n<ul>\n<li>orpolastenkodin entinen johtaja Moses Lingam Intiasta k\u00e4vi kertomassa Global Grant \u2013 hankkeesta tytt\u00f6jen koulun saniteettitilojen saneeraamiseksi<\/li>\n<li>perheterapeutti Tuomo Kinnunen kertoi seurakunnan kriisity\u00f6st\u00e4<\/li>\n<li>Tuomo Rounioja kertoi Oulun Oopperasta ja tulevasta Taikahuilu-esityksest\u00e4<\/li>\n<li>olemme kuulleet yritysten varhaisen EU-tuen mahdollisuuksista<\/li>\n<li>olemme saaneet monipuolisia esityksi\u00e4 erilaisista terveyteen liittyvist\u00e4 kysymyksist\u00e4, kuten selk\u00e4sairauksista ja uusista s\u00e4hk\u00f6isist\u00e4 terveydenhuollon oma- ja et\u00e4palveluista ja hoitotestamentista.<\/li>\n<\/ul>\n<p>Kokouksemme voivat olla l\u00e4hikokouksia kokouspaikassamme, hybridikokouksia et\u00e4yhteyden kanssa tai t\u00e4ysin et\u00e4kokouksia. Pyrimme tarjoamaan mahdollisuuksia osallistua eri el\u00e4m\u00e4ntilanteissa oleville j\u00e4senillemme tarjoamalla monipuolisen paletin osallistumismahdollisuuksia.<\/p>\n<p>[\/et_pb_text][\/et_pb_column][\/et_pb_row][\/et_pb_section][et_pb_section fb_built=&#8221;1&#8243; _builder_version=&#8221;4.16&#8243; _module_preset=&#8221;default&#8221; global_colors_info=&#8221;{}&#8221;][et_pb_row column_structure=&#8221;1_3,1_3,1_3&#8243; _builder_version=&#8221;4.16&#8243; _module_preset=&#8221;default&#8221; global_colors_info=&#8221;{}&#8221;][et_pb_column type=&#8221;1_3&#8243; _builder_version=&#8221;4.16&#8243; _module_preset=&#8221;default&#8221; global_colors_info=&#8221;{}&#8221;][et_pb_image src=&#8221;https:\/\/rotary.fi\/merioulu\/wp-content\/uploads\/sites\/218\/2023\/11\/suvi-ja-moses.png&#8221; title_text=&#8221;Suvi ja Moses&#8221; _builder_version=&#8221;4.22.1&#8243; _module_preset=&#8221;default&#8221; global_colors_info=&#8221;{}&#8221;][\/et_pb_image][\/et_pb_column][et_pb_column type=&#8221;1_3&#8243; _builder_version=&#8221;4.16&#8243; _module_preset=&#8221;default&#8221; global_colors_info=&#8221;{}&#8221;][et_pb_image src=&#8221;https:\/\/rotary.fi\/merioulu\/wp-content\/uploads\/sites\/218\/2023\/11\/img-20230116-180146.jpg&#8221; title_text=&#8221;IMG_20230116_180146&#8243; _builder_version=&#8221;4.22.1&#8243; _module_preset=&#8221;default&#8221; global_colors_info=&#8221;{}&#8221;][\/et_pb_image][\/et_pb_column][et_pb_column type=&#8221;1_3&#8243; _builder_version=&#8221;4.16&#8243; _module_preset=&#8221;default&#8221; global_colors_info=&#8221;{}&#8221;][et_pb_image src=&#8221;https:\/\/rotary.fi\/merioulu\/wp-content\/uploads\/sites\/218\/2023\/11\/img-20221212-171101.jpg&#8221; title_text=&#8221;IMG_20221212_171101&#8243; _builder_version=&#8221;4.22.1&#8243; _module_preset=&#8221;default&#8221; global_colors_info=&#8221;{}&#8221;][\/et_pb_image][\/et_pb_column][\/et_pb_row][\/et_pb_section]<\/p>\n","protected":false},"excerpt":{"rendered":"<p>Rotary-toiminta perustuu pitk\u00e4lti s\u00e4\u00e4nn\u00f6llisiin yhteisiin kokoontumisiin. Me Meri-Oulun Rotaryklubin j\u00e4senet kokoonnumme keskim\u00e4\u00e4rin 40 kertaa vuodessa viikottaisissa kokouksissamme. Viikkokokouksissa tyypillisesti keskustelemme ajankohtaisista Rotary-teemoista ja kuulumisista. Ohjelmassa on usein joku alustus tai esitys meille mielenkiintoisista aiheista joko oman j\u00e4senen esitt\u00e4m\u00e4n\u00e4 tai meill\u00e4 on vieras, joka kertoo tietyst\u00e4 teemasta. Haluamme verkostoitua eri alojen ihmisten kanssa ja meille on [&hellip;]<\/p>\n","protected":false},"author":526,"featured_media":0,"parent":160,"menu_order":0,"comment_status":"closed","ping_status":"closed","template":"","meta":{"_acf_changed":false,"_et_pb_use_builder":"on","_et_pb_old_content":"","_et_gb_content_width":"","footnotes":""},"class_list":["post-1830","page","type-page","status-publish","hentry"],"acf":[],"yoast_head":"<!-- This site is optimized with the Yoast SEO plugin v27.0 - https:\/\/yoast.com\/product\/yoast-seo-wordpress\/ -->\n<title>Viikkokokoukset - Meri-Oulun Rotaryklubi<\/title>\n<meta name=\"description\" content=\"Meri-Oulun Rotaryklubi mukavat viikkokokoukset\" \/>\n<meta name=\"robots\" content=\"index, follow, max-snippet:-1, max-image-preview:large, max-video-preview:-1\" \/>\n<link rel=\"canonical\" href=\"https:\/\/rotary.fi\/merioulu\/mita-teemme\/hauskat-tapahtumamme\/mukavat-viikkokokoukset\/\" \/>\n<meta property=\"og:locale\" content=\"fi_FI\" \/>\n<meta property=\"og:type\" content=\"article\" \/>\n<meta property=\"og:title\" content=\"Viikkokokoukset - Meri-Oulun Rotaryklubi\" \/>\n<meta property=\"og:description\" content=\"Meri-Oulun Rotaryklubi mukavat viikkokokoukset\" \/>\n<meta property=\"og:url\" content=\"https:\/\/rotary.fi\/merioulu\/mita-teemme\/hauskat-tapahtumamme\/mukavat-viikkokokoukset\/\" \/>\n<meta property=\"og:site_name\" content=\"Meri-Oulun Rotaryklubi\" \/>\n<meta property=\"article:modified_time\" content=\"2023-11-29T09:27:27+00:00\" \/>\n<meta name=\"twitter:card\" content=\"summary_large_image\" \/>\n<meta name=\"twitter:label1\" content=\"Arvioitu lukuaika\" \/>\n\t<meta name=\"twitter:data1\" content=\"2 minuuttia\" \/>\n<script type=\"application\/ld+json\" class=\"yoast-schema-graph\">{\"@context\":\"https:\/\/schema.org\",\"@graph\":[{\"@type\":\"WebPage\",\"@id\":\"https:\/\/rotary.fi\/merioulu\/mita-teemme\/hauskat-tapahtumamme\/mukavat-viikkokokoukset\/\",\"url\":\"https:\/\/rotary.fi\/merioulu\/mita-teemme\/hauskat-tapahtumamme\/mukavat-viikkokokoukset\/\",\"name\":\"Viikkokokoukset - Meri-Oulun Rotaryklubi\",\"isPartOf\":{\"@id\":\"https:\/\/rotary.fi\/merioulu\/#website\"},\"datePublished\":\"2021-11-05T14:03:21+00:00\",\"dateModified\":\"2023-11-29T09:27:27+00:00\",\"description\":\"Meri-Oulun Rotaryklubi mukavat viikkokokoukset\",\"breadcrumb\":{\"@id\":\"https:\/\/rotary.fi\/merioulu\/mita-teemme\/hauskat-tapahtumamme\/mukavat-viikkokokoukset\/#breadcrumb\"},\"inLanguage\":\"fi\",\"potentialAction\":[{\"@type\":\"ReadAction\",\"target\":[\"https:\/\/rotary.fi\/merioulu\/mita-teemme\/hauskat-tapahtumamme\/mukavat-viikkokokoukset\/\"]}]},{\"@type\":\"BreadcrumbList\",\"@id\":\"https:\/\/rotary.fi\/merioulu\/mita-teemme\/hauskat-tapahtumamme\/mukavat-viikkokokoukset\/#breadcrumb\",\"itemListElement\":[{\"@type\":\"ListItem\",\"position\":1,\"name\":\"Home\",\"item\":\"https:\/\/rotary.fi\/merioulu\/\"},{\"@type\":\"ListItem\",\"position\":2,\"name\":\"Mit\u00e4 teemme\",\"item\":\"https:\/\/rotary.fi\/merioulu\/mita-teemme\/\"},{\"@type\":\"ListItem\",\"position\":3,\"name\":\"Hauskat tapahtumamme\",\"item\":\"https:\/\/rotary.fi\/merioulu\/mita-teemme\/hauskat-tapahtumamme\/\"},{\"@type\":\"ListItem\",\"position\":4,\"name\":\"Viikkokokoukset\"}]},{\"@type\":\"WebSite\",\"@id\":\"https:\/\/rotary.fi\/merioulu\/#website\",\"url\":\"https:\/\/rotary.fi\/merioulu\/\",\"name\":\"Meri-Oulun Rotaryklubi\",\"description\":\"Uusi Rotary klubisivusto\",\"potentialAction\":[{\"@type\":\"SearchAction\",\"target\":{\"@type\":\"EntryPoint\",\"urlTemplate\":\"https:\/\/rotary.fi\/merioulu\/?s={search_term_string}\"},\"query-input\":{\"@type\":\"PropertyValueSpecification\",\"valueRequired\":true,\"valueName\":\"search_term_string\"}}],\"inLanguage\":\"fi\"}]}<\/script>\n<!-- \/ Yoast SEO plugin. -->","yoast_head_json":{"title":"Viikkokokoukset - Meri-Oulun Rotaryklubi","description":"Meri-Oulun Rotaryklubi mukavat viikkokokoukset","robots":{"index":"index","follow":"follow","max-snippet":"max-snippet:-1","max-image-preview":"max-image-preview:large","max-video-preview":"max-video-preview:-1"},"canonical":"https:\/\/rotary.fi\/merioulu\/mita-teemme\/hauskat-tapahtumamme\/mukavat-viikkokokoukset\/","og_locale":"fi_FI","og_type":"article","og_title":"Viikkokokoukset - Meri-Oulun Rotaryklubi","og_description":"Meri-Oulun Rotaryklubi mukavat viikkokokoukset","og_url":"https:\/\/rotary.fi\/merioulu\/mita-teemme\/hauskat-tapahtumamme\/mukavat-viikkokokoukset\/","og_site_name":"Meri-Oulun Rotaryklubi","article_modified_time":"2023-11-29T09:27:27+00:00","twitter_card":"summary_large_image","twitter_misc":{"Arvioitu lukuaika":"2 minuuttia"},"schema":{"@context":"https:\/\/schema.org","@graph":[{"@type":"WebPage","@id":"https:\/\/rotary.fi\/merioulu\/mita-teemme\/hauskat-tapahtumamme\/mukavat-viikkokokoukset\/","url":"https:\/\/rotary.fi\/merioulu\/mita-teemme\/hauskat-tapahtumamme\/mukavat-viikkokokoukset\/","name":"Viikkokokoukset - Meri-Oulun Rotaryklubi","isPartOf":{"@id":"https:\/\/rotary.fi\/merioulu\/#website"},"datePublished":"2021-11-05T14:03:21+00:00","dateModified":"2023-11-29T09:27:27+00:00","description":"Meri-Oulun Rotaryklubi mukavat viikkokokoukset","breadcrumb":{"@id":"https:\/\/rotary.fi\/merioulu\/mita-teemme\/hauskat-tapahtumamme\/mukavat-viikkokokoukset\/#breadcrumb"},"inLanguage":"fi","potentialAction":[{"@type":"ReadAction","target":["https:\/\/rotary.fi\/merioulu\/mita-teemme\/hauskat-tapahtumamme\/mukavat-viikkokokoukset\/"]}]},{"@type":"BreadcrumbList","@id":"https:\/\/rotary.fi\/merioulu\/mita-teemme\/hauskat-tapahtumamme\/mukavat-viikkokokoukset\/#breadcrumb","itemListElement":[{"@type":"ListItem","position":1,"name":"Home","item":"https:\/\/rotary.fi\/merioulu\/"},{"@type":"ListItem","position":2,"name":"Mit\u00e4 teemme","item":"https:\/\/rotary.fi\/merioulu\/mita-teemme\/"},{"@type":"ListItem","position":3,"name":"Hauskat tapahtumamme","item":"https:\/\/rotary.fi\/merioulu\/mita-teemme\/hauskat-tapahtumamme\/"},{"@type":"ListItem","position":4,"name":"Viikkokokoukset"}]},{"@type":"WebSite","@id":"https:\/\/rotary.fi\/merioulu\/#website","url":"https:\/\/rotary.fi\/merioulu\/","name":"Meri-Oulun Rotaryklubi","description":"Uusi Rotary klubisivusto","potentialAction":[{"@type":"SearchAction","target":{"@type":"EntryPoint","urlTemplate":"https:\/\/rotary.fi\/merioulu\/?s={search_term_string}"},"query-input":{"@type":"PropertyValueSpecification","valueRequired":true,"valueName":"search_term_string"}}],"inLanguage":"fi"}]}},"lang":"fi","translations":{"fi":1830},"pll_sync_post":[],"_links":{"self":[{"href":"https:\/\/rotary.fi\/merioulu\/wp-json\/wp\/v2\/pages\/1830","targetHints":{"allow":["GET"]}}],"collection":[{"href":"https:\/\/rotary.fi\/merioulu\/wp-json\/wp\/v2\/pages"}],"about":[{"href":"https:\/\/rotary.fi\/merioulu\/wp-json\/wp\/v2\/types\/page"}],"author":[{"embeddable":true,"href":"https:\/\/rotary.fi\/merioulu\/wp-json\/wp\/v2\/users\/526"}],"replies":[{"embeddable":true,"href":"https:\/\/rotary.fi\/merioulu\/wp-json\/wp\/v2\/comments?post=1830"}],"version-history":[{"count":7,"href":"https:\/\/rotary.fi\/merioulu\/wp-json\/wp\/v2\/pages\/1830\/revisions"}],"predecessor-version":[{"id":2066,"href":"https:\/\/rotary.fi\/merioulu\/wp-json\/wp\/v2\/pages\/1830\/revisions\/2066"}],"up":[{"embeddable":true,"href":"https:\/\/rotary.fi\/merioulu\/wp-json\/wp\/v2\/pages\/160"}],"wp:attachment":[{"href":"https:\/\/rotary.fi\/merioulu\/wp-json\/wp\/v2\/media?parent=1830"}],"curies":[{"name":"wp","href":"https:\/\/api.w.org\/{rel}","templated":true}]}}